{"id":72741,"date":"2021-06-14T13:45:38","date_gmt":"2021-06-14T11:45:38","guid":{"rendered":"https:\/\/zenkit.com\/forms\/"},"modified":"2025-09-24T04:29:34","modified_gmt":"2025-09-24T02:29:34","slug":"forms","status":"publish","type":"page","link":"https:\/\/zenkit.com\/fr\/forms\/","title":{"rendered":"Zenforms"},"content":{"rendered":"\n<div class=\"wp-block-group has-global-padding is-layout-constrained wp-block-group-is-layout-constrained\">\n<div class=\"wp-block-group width--950 has-global-padding is-layout-constrained wp-block-group-is-layout-constrained\">\n<div style=\"height:45px;--tablet-height:45px;--mobile-height:16px\" class=\"wp-block-lookeen-blocks-responsive-spacer\"><\/div>\n\n\n\n<div class=\"wp-block-group has-global-padding is-layout-constrained wp-block-group-is-layout-constrained\">\n<h1 class=\"wp-block-heading has-text-align-center\" style=\"margin-bottom:8px\">Des formulaires simples et puissants<\/h1>\n<\/div>\n\n\n\n<div class=\"wp-block-group has-global-padding is-layout-constrained wp-block-group-is-layout-constrained\">\n<p class=\"has-text-align-center subheading\">Des formulaires dynamiques qui suscitent un r\u00e9el changement<\/p>\n<\/div>\n\n\n\n<div style=\"height:48px;--tablet-height:36px;--mobile-height:24px\" class=\"wp-block-lookeen-blocks-responsive-spacer\"><\/div>\n\n\n\n\n\n\t\t            <div class=\"bannerSlideshow\">\n\t            <div class=\"bannerImage ipadFront\" id=\"bannerImage\">\n                    <div class=\"ipad box\">\n                        <div class=\"buttons\">\n                            <span class=\"onOff\"><\/span>\n                            <span class=\"volume loud\"><\/span>\n                            <span class=\"volume soft\"><\/span>\n                        <\/div>\n                        <div class=\"inner\">\n                            <video autoplay muted loop playsinline>\n                                <source src=\"https:\/\/zenkit.com\/wp-content\/uploads\/2025\/05\/ipad-forms-min.mp4\" type=\"video\/mp4\">\n                            <\/video>\n                        <\/div>\n                        <div class=\"shadow\"><\/div>\n                    <\/div>\n\n                    <div class=\"iphone box\">\n                        <div class=\"buttons\">\n                            <span class=\"onOff\"><\/span>\n                            <span class=\"volume loud\"><\/span>\n                            <span class=\"volume soft\"><\/span>\n                        <\/div>\n                        <div class=\"inner\">\n                            <video autoplay muted loop playsinline>\n                                <source src=\"https:\/\/zenkit.com\/wp-content\/uploads\/2022\/03\/iphone-forms-min.mp4\" type=\"video\/mp4\">\n                            <\/video>\n                        <\/div>\n                        <div class=\"shadow\"><\/div>\n                    <\/div>\n                <\/div>\n                                     <img decoding=\"async\" src=\"https:\/\/zenkit.com\/wp-content\/uploads\/2022\/03\/mobile-forms.png\" alt=\"Mobile Display\" class=\"mobile\" \/>\n                            <\/div>\n\t\t\n\t\t\n\n\n       \n\n\n\n\n<div style=\"height:88px;--tablet-height:72px;--mobile-height:36px\" class=\"wp-block-lookeen-blocks-responsive-spacer\"><\/div>\n<\/div>\n<\/div>\n\n\n\n<div class=\"wp-block-group hide__desktop play__store-cta has-global-padding is-layout-constrained wp-block-group-is-layout-constrained\">\n<div class=\"wp-block-group is-content-justification-center is-nowrap is-layout-flex wp-container-core-group-is-layout-3be9d861 wp-block-group-is-layout-flex\">\n<figure class=\"wp-block-image size-full is-resized\"><a href=\"https:\/\/apps.apple.com\/app\/zenforms\/id1608879940\" target=\"_blank\" rel=\" noreferrer noopener\"><img decoding=\"async\" src=\"https:\/\/zenkit.com\/wp-content\/uploads\/2020\/10\/apple-store-badge.svg\" alt=\"\" class=\"wp-image-51606\" style=\"width:300px\"\/><\/a><\/figure>\n\n\n\n<figure class=\"wp-block-image size-full is-resized\"><a href=\"https:\/\/play.google.com\/store\/apps\/details?id=com.zenkit.forms\" target=\"_blank\" rel=\" noreferrer noopener\"><img decoding=\"async\" src=\"https:\/\/zenkit.com\/wp-content\/uploads\/2020\/10\/google-play-badge.svg\" alt=\"\" class=\"wp-image-51616\" style=\"width:300px\"\/><\/a><\/figure>\n<\/div>\n<\/div>\n\n\n\n<div class=\"wp-block-group has-global-padding is-layout-constrained wp-container-core-group-is-layout-bea02a06 wp-block-group-is-layout-constrained\">\n<div style=\"height:88px;--tablet-height:72px;--mobile-height:36px\" class=\"wp-block-lookeen-blocks-responsive-spacer\"><\/div>\n\n\n\n<div class=\"wp-block-columns is-style-da-column-order-reverse is-layout-flex wp-container-core-columns-is-layout-30613988 wp-block-columns-is-layout-flex\" style=\"margin-top:0px;margin-bottom:0px\">\n<div class=\"wp-block-column is-vertically-aligned-center is-layout-flow wp-block-column-is-layout-flow\">\n<h2 class=\"wp-block-heading has-text-align-center\">Donnez une voix \u00e0 vos utilisateurs<\/h2>\n\n\n\n<p class=\"has-text-align-center\">Zenforms est un g\u00e9n\u00e9rateur de formulaires simple mais puissant qui permet d\u2019obtenir toutes les informations que vous souhaitez : engagez le dialogue avec votre communaut\u00e9, recueillez des donn\u00e9es pertinentes pour le prochain lancement de produit, obtenez des commentaires pr\u00e9cieux de vos clients ou collectez des adresses mail pour la newsletter de l\u2019entreprise.<\/p>\n<\/div>\n\n\n\n<div class=\"wp-block-column is-vertically-aligned-center is-layout-flow wp-block-column-is-layout-flow\" style=\"padding-top:0px;padding-right:20px;padding-bottom:0px;padding-left:20px\">\n<figure class=\"wp-block-image size-large\"><img loading=\"lazy\" decoding=\"async\" width=\"1024\" height=\"809\" src=\"https:\/\/zenkit.com\/wp-content\/uploads\/2025\/06\/Give-Users-a-Voice-1024x809.webp\" alt=\"Formulare, die \u00fcberzeugen\" class=\"wp-image-115545\" srcset=\"https:\/\/zenkit.com\/wp-content\/uploads\/2025\/06\/Give-Users-a-Voice-1024x809.webp 1024w, https:\/\/zenkit.com\/wp-content\/uploads\/2025\/06\/Give-Users-a-Voice-300x237.webp 300w, https:\/\/zenkit.com\/wp-content\/uploads\/2025\/06\/Give-Users-a-Voice-768x606.webp 768w, https:\/\/zenkit.com\/wp-content\/uploads\/2025\/06\/Give-Users-a-Voice.webp 1184w\" sizes=\"auto, (max-width: 1024px) 100vw, 1024px\" \/><\/figure>\n<\/div>\n<\/div>\n\n\n\n<div style=\"height:48px;--tablet-height:36px;--mobile-height:24px\" class=\"wp-block-lookeen-blocks-responsive-spacer\"><\/div>\n\n\n\n<div class=\"wp-block-columns is-style-default is-layout-flex wp-container-core-columns-is-layout-30613988 wp-block-columns-is-layout-flex\" style=\"margin-top:0px;margin-bottom:0px\">\n<div class=\"wp-block-column is-vertically-aligned-center is-layout-flow wp-block-column-is-layout-flow\" style=\"padding-top:0px;padding-right:20px;padding-bottom:0px;padding-left:20px\">\n<figure class=\"wp-block-image size-large\"><img loading=\"lazy\" decoding=\"async\" width=\"1024\" height=\"947\" src=\"https:\/\/zenkit.com\/wp-content\/uploads\/2025\/06\/Better-Data.-Better-Decisions-1024x947.webp\" alt=\"Bessere Daten. Bessere Entscheidungen.\" class=\"wp-image-115555\" srcset=\"https:\/\/zenkit.com\/wp-content\/uploads\/2025\/06\/Better-Data.-Better-Decisions-1024x947.webp 1024w, https:\/\/zenkit.com\/wp-content\/uploads\/2025\/06\/Better-Data.-Better-Decisions-300x277.webp 300w, https:\/\/zenkit.com\/wp-content\/uploads\/2025\/06\/Better-Data.-Better-Decisions-768x710.webp 768w, https:\/\/zenkit.com\/wp-content\/uploads\/2025\/06\/Better-Data.-Better-Decisions.webp 1074w\" sizes=\"auto, (max-width: 1024px) 100vw, 1024px\" \/><\/figure>\n<\/div>\n\n\n\n<div class=\"wp-block-column is-vertically-aligned-center is-layout-flow wp-block-column-is-layout-flow\">\n<h2 class=\"wp-block-heading has-text-align-center\">Meilleures donn\u00e9es. Meilleures d\u00e9cisions.<\/h2>\n\n\n\n<p class=\"has-text-align-center\">Obtenez un meilleur aper\u00e7u de vos projets en cours et des opinions de toutes les personnes impliqu\u00e9es.<\/p>\n\n\n\n<p class=\"has-text-align-center\">Am\u00e9liorez la qualit\u00e9 de votre service gr\u00e2ce \u00e0 des commentaires pr\u00e9cieux sur les fonctionnalit\u00e9s, les versions et d\u2019autres suggestions utiles!<\/p>\n<\/div>\n<\/div>\n\n\n\n<div style=\"height:48px;--tablet-height:36px;--mobile-height:24px\" class=\"wp-block-lookeen-blocks-responsive-spacer\"><\/div>\n\n\n\n<div class=\"wp-block-columns is-style-da-column-order-reverse is-layout-flex wp-container-core-columns-is-layout-30613988 wp-block-columns-is-layout-flex\" style=\"margin-top:0px;margin-bottom:0px\">\n<div class=\"wp-block-column is-vertically-aligned-center is-layout-flow wp-block-column-is-layout-flow\">\n<h2 class=\"wp-block-heading has-text-align-center\">Formulaires multi-niveaux<\/h2>\n\n\n\n<p class=\"has-text-align-center\">Collectez encore plus d\u2019informations gr\u00e2ce aux sous-formulaires. Les sous-formulaires vous permettent de poser des questions plus approfondies sur un sc\u00e9nario complexe et d\u2019am\u00e9liorer la collecte de donn\u00e9es, comme une r\u00e9servation avec une liste de personnes, ou une facture avec une liste de produits.<\/p>\n<\/div>\n\n\n\n<div class=\"wp-block-column is-vertically-aligned-center is-layout-flow wp-block-column-is-layout-flow\" style=\"padding-top:0px;padding-right:20px;padding-bottom:0px;padding-left:20px\">\n<figure class=\"wp-block-image size-large\"><img loading=\"lazy\" decoding=\"async\" width=\"1024\" height=\"809\" src=\"https:\/\/zenkit.com\/wp-content\/uploads\/2025\/06\/Multi-level-Forms-1024x809.webp\" alt=\"Mehrstufige Formulare\n\" class=\"wp-image-115565\" srcset=\"https:\/\/zenkit.com\/wp-content\/uploads\/2025\/06\/Multi-level-Forms-1024x809.webp 1024w, https:\/\/zenkit.com\/wp-content\/uploads\/2025\/06\/Multi-level-Forms-300x237.webp 300w, https:\/\/zenkit.com\/wp-content\/uploads\/2025\/06\/Multi-level-Forms-768x606.webp 768w, https:\/\/zenkit.com\/wp-content\/uploads\/2025\/06\/Multi-level-Forms.webp 1184w\" sizes=\"auto, (max-width: 1024px) 100vw, 1024px\" \/><\/figure>\n<\/div>\n<\/div>\n\n\n\n<div style=\"height:48px;--tablet-height:36px;--mobile-height:24px\" class=\"wp-block-lookeen-blocks-responsive-spacer\"><\/div>\n\n\n\n<div class=\"wp-block-columns is-style-default is-layout-flex wp-container-core-columns-is-layout-30613988 wp-block-columns-is-layout-flex\" style=\"margin-top:0px;margin-bottom:0px\">\n<div class=\"wp-block-column is-vertically-aligned-center is-layout-flow wp-block-column-is-layout-flow\" style=\"padding-top:0px;padding-right:20px;padding-bottom:0px;padding-left:20px\">\n<figure class=\"wp-block-image size-large\"><img loading=\"lazy\" decoding=\"async\" width=\"1024\" height=\"809\" src=\"https:\/\/zenkit.com\/wp-content\/uploads\/2025\/06\/Full-Page-or-Embedded-Forms-1024x809.webp\" alt=\"Ganzseitig oder Eingebettet.\n\" class=\"wp-image-115575\" srcset=\"https:\/\/zenkit.com\/wp-content\/uploads\/2025\/06\/Full-Page-or-Embedded-Forms-1024x809.webp 1024w, https:\/\/zenkit.com\/wp-content\/uploads\/2025\/06\/Full-Page-or-Embedded-Forms-300x237.webp 300w, https:\/\/zenkit.com\/wp-content\/uploads\/2025\/06\/Full-Page-or-Embedded-Forms-768x606.webp 768w, https:\/\/zenkit.com\/wp-content\/uploads\/2025\/06\/Full-Page-or-Embedded-Forms.webp 1184w\" sizes=\"auto, (max-width: 1024px) 100vw, 1024px\" \/><\/figure>\n<\/div>\n\n\n\n<div class=\"wp-block-column is-vertically-aligned-center is-layout-flow wp-block-column-is-layout-flow\">\n<h2 class=\"wp-block-heading has-text-align-center\">Pleine page ou int\u00e9gr\u00e9e<\/h2>\n\n\n\n<p class=\"has-text-align-center\">Vous pouvez cr\u00e9er des formulaires autonomes en un clic sans avoir besoin de votre propre site web.<br>Mais vous pouvez \u00e9galement utiliser un \u00ab&nbsp;iframe&nbsp;\u00bb pour int\u00e9grer un formulaire sur votre site web existant.<\/p>\n<\/div>\n<\/div>\n\n\n\n<div style=\"height:48px;--tablet-height:36px;--mobile-height:24px\" class=\"wp-block-lookeen-blocks-responsive-spacer\"><\/div>\n\n\n\n<div class=\"wp-block-columns is-style-da-column-order-reverse is-layout-flex wp-container-core-columns-is-layout-30613988 wp-block-columns-is-layout-flex\" style=\"margin-top:0px;margin-bottom:0px\">\n<div class=\"wp-block-column is-vertically-aligned-center is-layout-flow wp-block-column-is-layout-flow\">\n<h2 class=\"wp-block-heading has-text-align-center\">Pour mobile<\/h2>\n\n\n\n<p class=\"has-text-align-center\">Que vous soyez en d\u00e9placement ou sur votre bureau, Zenforms vous permet de cr\u00e9er, de modifier et de publier des formulaires, quel que soit votre localisation et la taille de votre \u00e9cran.<br>Zenforms offre \u00e9galement un acc\u00e8s pour les applications hors ligne et les applications natives.<\/p>\n<\/div>\n\n\n\n<div class=\"wp-block-column is-vertically-aligned-center is-layout-flow wp-block-column-is-layout-flow\" style=\"padding-top:0px;padding-right:20px;padding-bottom:0px;padding-left:20px\">\n<figure class=\"wp-block-image size-large\"><img loading=\"lazy\" decoding=\"async\" width=\"1024\" height=\"809\" src=\"https:\/\/zenkit.com\/wp-content\/uploads\/2025\/06\/Mobile-Ready-1024x809.webp\" alt=\"Mobile-Ready\n\" class=\"wp-image-115585\" srcset=\"https:\/\/zenkit.com\/wp-content\/uploads\/2025\/06\/Mobile-Ready-1024x809.webp 1024w, https:\/\/zenkit.com\/wp-content\/uploads\/2025\/06\/Mobile-Ready-300x237.webp 300w, https:\/\/zenkit.com\/wp-content\/uploads\/2025\/06\/Mobile-Ready-768x606.webp 768w, https:\/\/zenkit.com\/wp-content\/uploads\/2025\/06\/Mobile-Ready.webp 1184w\" sizes=\"auto, (max-width: 1024px) 100vw, 1024px\" \/><\/figure>\n<\/div>\n<\/div>\n\n\n\n<div style=\"height:48px;--tablet-height:36px;--mobile-height:24px\" class=\"wp-block-lookeen-blocks-responsive-spacer\"><\/div>\n\n\n\n<div class=\"wp-block-columns is-style-default is-layout-flex wp-container-core-columns-is-layout-30613988 wp-block-columns-is-layout-flex\" style=\"margin-top:0px;margin-bottom:0px\">\n<div class=\"wp-block-column is-vertically-aligned-center is-layout-flow wp-block-column-is-layout-flow\" style=\"padding-top:0px;padding-right:20px;padding-bottom:0px;padding-left:20px\">\n<figure class=\"wp-block-image size-large\"><img loading=\"lazy\" decoding=\"async\" width=\"1024\" height=\"809\" src=\"https:\/\/zenkit.com\/wp-content\/uploads\/2025\/06\/Connect-to-the-Suite-1024x809.webp\" alt=\"Die Zenkit Suite\" class=\"wp-image-115595\" srcset=\"https:\/\/zenkit.com\/wp-content\/uploads\/2025\/06\/Connect-to-the-Suite-1024x809.webp 1024w, https:\/\/zenkit.com\/wp-content\/uploads\/2025\/06\/Connect-to-the-Suite-300x237.webp 300w, https:\/\/zenkit.com\/wp-content\/uploads\/2025\/06\/Connect-to-the-Suite-768x606.webp 768w, https:\/\/zenkit.com\/wp-content\/uploads\/2025\/06\/Connect-to-the-Suite.webp 1184w\" sizes=\"auto, (max-width: 1024px) 100vw, 1024px\" \/><\/figure>\n<\/div>\n\n\n\n<div class=\"wp-block-column is-vertically-aligned-center is-layout-flow wp-block-column-is-layout-flow\">\n<h2 class=\"wp-block-heading has-text-align-center\">Connect\u00e9 \u00e0 la Zenkit Suite<\/h2>\n\n\n\n<p class=\"has-text-align-center\">Zenforms fait partie de la gamme de produits Zenkit. Cela signifie que vous pouvez utiliser les r\u00e9sultats de votre formulaire dans d\u2019autres produits tels que Zenkit Base.<br>Des formulaires peuvent \u00e9galement \u00eatre cr\u00e9\u00e9s pour toute collection existante dans l\u2019univers Zenkit.<\/p>\n<\/div>\n<\/div>\n\n\n\n<div style=\"height:48px;--tablet-height:36px;--mobile-height:24px\" class=\"wp-block-lookeen-blocks-responsive-spacer\"><\/div>\n\n\n\n<div class=\"wp-block-columns is-style-da-column-order-reverse is-layout-flex wp-container-core-columns-is-layout-30613988 wp-block-columns-is-layout-flex\" style=\"margin-top:0px;margin-bottom:0px\">\n<div class=\"wp-block-column is-vertically-aligned-center is-layout-flow wp-block-column-is-layout-flow\">\n<h2 class=\"wp-block-heading has-text-align-center\">Pr\u00eat pour les entreprises<\/h2>\n\n\n\n<p class=\"has-text-align-center\">La plateforme Zenkit est une infrastructure \u00e0 l\u2019\u00e9chelle de l\u2019entreprise comprenant la gestion des acc\u00e8s (r\u00f4les, groupes), le provisionnement (SCIM), la gestion des identit\u00e9s (SAML, 2FA), les audits, etc.<\/p>\n<\/div>\n\n\n\n<div class=\"wp-block-column is-vertically-aligned-center is-layout-flow wp-block-column-is-layout-flow\" style=\"padding-top:0px;padding-right:20px;padding-bottom:0px;padding-left:20px\">\n<figure class=\"wp-block-image size-large\"><img loading=\"lazy\" decoding=\"async\" width=\"1024\" height=\"809\" src=\"https:\/\/zenkit.com\/wp-content\/uploads\/2025\/06\/Enterprise-Ready-1024x809.webp\" alt=\"Enterprise-Ready\n\" class=\"wp-image-115605\" srcset=\"https:\/\/zenkit.com\/wp-content\/uploads\/2025\/06\/Enterprise-Ready-1024x809.webp 1024w, https:\/\/zenkit.com\/wp-content\/uploads\/2025\/06\/Enterprise-Ready-300x237.webp 300w, https:\/\/zenkit.com\/wp-content\/uploads\/2025\/06\/Enterprise-Ready-768x606.webp 768w, https:\/\/zenkit.com\/wp-content\/uploads\/2025\/06\/Enterprise-Ready.webp 1184w\" sizes=\"auto, (max-width: 1024px) 100vw, 1024px\" \/><\/figure>\n<\/div>\n<\/div>\n\n\n\n<div style=\"height:48px;--tablet-height:36px;--mobile-height:24px\" class=\"wp-block-lookeen-blocks-responsive-spacer\"><\/div>\n\n\n\n<div class=\"wp-block-columns is-style-default is-layout-flex wp-container-core-columns-is-layout-30613988 wp-block-columns-is-layout-flex\" style=\"margin-top:0px;margin-bottom:0px\">\n<div class=\"wp-block-column is-vertically-aligned-center is-layout-flow wp-block-column-is-layout-flow\" style=\"padding-top:0px;padding-right:20px;padding-bottom:0px;padding-left:20px\">\n<figure class=\"wp-block-image size-large\"><img loading=\"lazy\" decoding=\"async\" width=\"1024\" height=\"809\" src=\"https:\/\/zenkit.com\/wp-content\/uploads\/2025\/06\/GDPR-Compliant-1024x809.webp\" alt=\"Vollst\u00e4ndig DSGVO konform\n\" class=\"wp-image-115615\" srcset=\"https:\/\/zenkit.com\/wp-content\/uploads\/2025\/06\/GDPR-Compliant-1024x809.webp 1024w, https:\/\/zenkit.com\/wp-content\/uploads\/2025\/06\/GDPR-Compliant-300x237.webp 300w, https:\/\/zenkit.com\/wp-content\/uploads\/2025\/06\/GDPR-Compliant-768x606.webp 768w, https:\/\/zenkit.com\/wp-content\/uploads\/2025\/06\/GDPR-Compliant.webp 1184w\" sizes=\"auto, (max-width: 1024px) 100vw, 1024px\" \/><\/figure>\n<\/div>\n\n\n\n<div class=\"wp-block-column is-vertically-aligned-center is-layout-flow wp-block-column-is-layout-flow\">\n<h2 class=\"wp-block-heading has-text-align-center\">Conforme au RGPD<\/h2>\n\n\n\n<p class=\"has-text-align-center\">Zenforms s\u2019engage \u00e0 respecter la r\u00e9glementation inh\u00e9rente au RGPD.<br>Toutes les donn\u00e9es sont trait\u00e9es conform\u00e9ment aux principes de l\u2019article 5.1-2, assurant la transparence de toute utilisation des donn\u00e9es.<\/p>\n<\/div>\n<\/div>\n<\/div>\n\n\n\n<div style=\"height:110px;--tablet-height:60px;--mobile-height:48px\" class=\"wp-block-lookeen-blocks-responsive-spacer\"><\/div>\n","protected":false},"excerpt":{"rendered":"<p>Des formulaires simples et puissants Des formulaires dynamiques qui suscitent un r\u00e9el changement Donnez une voix \u00e0 vos utilisateurs Zenforms est un g\u00e9n\u00e9rateur de formulaires simple mais puissant qui permet d\u2019obtenir toutes les informations que vous souhaitez : engagez le dialogue avec votre communaut\u00e9, recueillez des donn\u00e9es pertinentes pour le prochain lancement de produit, obtenez [&hellip;]<\/p>\n","protected":false},"author":30,"featured_media":0,"parent":0,"menu_order":29,"comment_status":"closed","ping_status":"closed","template":"wp-custom-template-fr-page-zenforms","meta":{"yasr_overall_rating":0,"yasr_post_is_review":"","yasr_auto_insert_disabled":"","yasr_review_type":"","footnotes":""},"class_list":["post-72741","page","type-page","status-publish","hentry"],"yoast_head":"<!-- This site is optimized with the Yoast SEO plugin v27.4 - https:\/\/yoast.com\/product\/yoast-seo-wordpress\/ -->\n<title>Zenforms | Zenkit<\/title>\n<meta name=\"description\" content=\"Create easy and powerful forms in minutes\" \/>\n<meta name=\"robots\" content=\"index, follow, max-snippet:-1, max-image-preview:large, max-video-preview:-1\" \/>\n<link rel=\"canonical\" href=\"https:\/\/zenkit.com\/fr\/forms\/\" \/>\n<meta property=\"og:locale\" content=\"fr_FR\" \/>\n<meta property=\"og:type\" content=\"article\" \/>\n<meta property=\"og:title\" content=\"Zenforms | Zenkit\" \/>\n<meta property=\"og:description\" content=\"Create easy and powerful forms in minutes\" \/>\n<meta property=\"og:url\" content=\"https:\/\/zenkit.com\/fr\/forms\/\" \/>\n<meta property=\"og:site_name\" content=\"Zenkit\" \/>\n<meta property=\"article:publisher\" content=\"https:\/\/www.facebook.com\/ZenkitHQ\" \/>\n<meta property=\"article:modified_time\" content=\"2025-09-24T02:29:34+00:00\" \/>\n<meta property=\"og:image\" content=\"https:\/\/zenkit.com\/wp-content\/uploads\/2022\/03\/social.jpg\" \/>\n\t<meta property=\"og:image:width\" content=\"1200\" \/>\n\t<meta property=\"og:image:height\" content=\"630\" \/>\n\t<meta property=\"og:image:type\" content=\"image\/jpeg\" \/>\n<meta name=\"twitter:card\" content=\"summary_large_image\" \/>\n<meta name=\"twitter:description\" content=\"Create easy and powerful forms in minutes\" \/>\n<meta name=\"twitter:image\" content=\"https:\/\/zenkit.com\/wp-content\/uploads\/2022\/03\/social.jpg\" \/>\n<meta name=\"twitter:site\" content=\"@ZenkitHQ\" \/>\n<meta name=\"twitter:label1\" content=\"Dur\u00e9e de lecture estim\u00e9e\" \/>\n\t<meta name=\"twitter:data1\" content=\"38 minutes\" \/>\n<script type=\"application\/ld+json\" class=\"yoast-schema-graph\">{\"@context\":\"https:\\\/\\\/schema.org\",\"@graph\":[{\"@type\":\"WebPage\",\"@id\":\"https:\\\/\\\/zenkit.com\\\/fr\\\/forms\\\/\",\"url\":\"https:\\\/\\\/zenkit.com\\\/fr\\\/forms\\\/\",\"name\":\"Zenforms | Zenkit\",\"isPartOf\":{\"@id\":\"https:\\\/\\\/zenkit.com\\\/fr\\\/#website\"},\"primaryImageOfPage\":{\"@id\":\"https:\\\/\\\/zenkit.com\\\/fr\\\/forms\\\/#primaryimage\"},\"image\":{\"@id\":\"https:\\\/\\\/zenkit.com\\\/fr\\\/forms\\\/#primaryimage\"},\"thumbnailUrl\":\"https:\\\/\\\/zenkit.com\\\/wp-content\\\/uploads\\\/2020\\\/10\\\/apple-store-badge.svg\",\"datePublished\":\"2021-06-14T11:45:38+00:00\",\"dateModified\":\"2025-09-24T02:29:34+00:00\",\"description\":\"Create easy and powerful forms in minutes\",\"breadcrumb\":{\"@id\":\"https:\\\/\\\/zenkit.com\\\/fr\\\/forms\\\/#breadcrumb\"},\"inLanguage\":\"fr-FR\",\"potentialAction\":[{\"@type\":\"ReadAction\",\"target\":[\"https:\\\/\\\/zenkit.com\\\/fr\\\/forms\\\/\"]}]},{\"@type\":\"ImageObject\",\"inLanguage\":\"fr-FR\",\"@id\":\"https:\\\/\\\/zenkit.com\\\/fr\\\/forms\\\/#primaryimage\",\"url\":\"https:\\\/\\\/zenkit.com\\\/wp-content\\\/uploads\\\/2020\\\/10\\\/apple-store-badge.svg\",\"contentUrl\":\"https:\\\/\\\/zenkit.com\\\/wp-content\\\/uploads\\\/2020\\\/10\\\/apple-store-badge.svg\"},{\"@type\":\"BreadcrumbList\",\"@id\":\"https:\\\/\\\/zenkit.com\\\/fr\\\/forms\\\/#breadcrumb\",\"itemListElement\":[{\"@type\":\"ListItem\",\"position\":1,\"name\":\"Home\",\"item\":\"https:\\\/\\\/zenkit.com\\\/fr\\\/\"},{\"@type\":\"ListItem\",\"position\":2,\"name\":\"Zenforms\"}]},{\"@type\":\"WebSite\",\"@id\":\"https:\\\/\\\/zenkit.com\\\/fr\\\/#website\",\"url\":\"https:\\\/\\\/zenkit.com\\\/fr\\\/\",\"name\":\"Zenkit\",\"description\":\"Zenkit Tagline\",\"potentialAction\":[{\"@type\":\"SearchAction\",\"target\":{\"@type\":\"EntryPoint\",\"urlTemplate\":\"https:\\\/\\\/zenkit.com\\\/fr\\\/?s={search_term_string}\"},\"query-input\":{\"@type\":\"PropertyValueSpecification\",\"valueRequired\":true,\"valueName\":\"search_term_string\"}}],\"inLanguage\":\"fr-FR\"},false]}<\/script>\n<!-- \/ Yoast SEO plugin. -->","yoast_head_json":{"title":"Zenforms | Zenkit","description":"Create easy and powerful forms in minutes","robots":{"index":"index","follow":"follow","max-snippet":"max-snippet:-1","max-image-preview":"max-image-preview:large","max-video-preview":"max-video-preview:-1"},"canonical":"https:\/\/zenkit.com\/fr\/forms\/","og_locale":"fr_FR","og_type":"article","og_title":"Zenforms | Zenkit","og_description":"Create easy and powerful forms in minutes","og_url":"https:\/\/zenkit.com\/fr\/forms\/","og_site_name":"Zenkit","article_publisher":"https:\/\/www.facebook.com\/ZenkitHQ","article_modified_time":"2025-09-24T02:29:34+00:00","og_image":[{"width":1200,"height":630,"url":"https:\/\/zenkit.com\/wp-content\/uploads\/2022\/03\/social.jpg","type":"image\/jpeg"}],"twitter_card":"summary_large_image","twitter_description":"Create easy and powerful forms in minutes","twitter_image":"https:\/\/zenkit.com\/wp-content\/uploads\/2022\/03\/social.jpg","twitter_site":"@ZenkitHQ","twitter_misc":{"Dur\u00e9e de lecture estim\u00e9e":"38 minutes"},"schema":{"@context":"https:\/\/schema.org","@graph":[{"@type":"WebPage","@id":"https:\/\/zenkit.com\/fr\/forms\/","url":"https:\/\/zenkit.com\/fr\/forms\/","name":"Zenforms | Zenkit","isPartOf":{"@id":"https:\/\/zenkit.com\/fr\/#website"},"primaryImageOfPage":{"@id":"https:\/\/zenkit.com\/fr\/forms\/#primaryimage"},"image":{"@id":"https:\/\/zenkit.com\/fr\/forms\/#primaryimage"},"thumbnailUrl":"https:\/\/zenkit.com\/wp-content\/uploads\/2020\/10\/apple-store-badge.svg","datePublished":"2021-06-14T11:45:38+00:00","dateModified":"2025-09-24T02:29:34+00:00","description":"Create easy and powerful forms in minutes","breadcrumb":{"@id":"https:\/\/zenkit.com\/fr\/forms\/#breadcrumb"},"inLanguage":"fr-FR","potentialAction":[{"@type":"ReadAction","target":["https:\/\/zenkit.com\/fr\/forms\/"]}]},{"@type":"ImageObject","inLanguage":"fr-FR","@id":"https:\/\/zenkit.com\/fr\/forms\/#primaryimage","url":"https:\/\/zenkit.com\/wp-content\/uploads\/2020\/10\/apple-store-badge.svg","contentUrl":"https:\/\/zenkit.com\/wp-content\/uploads\/2020\/10\/apple-store-badge.svg"},{"@type":"BreadcrumbList","@id":"https:\/\/zenkit.com\/fr\/forms\/#breadcrumb","itemListElement":[{"@type":"ListItem","position":1,"name":"Home","item":"https:\/\/zenkit.com\/fr\/"},{"@type":"ListItem","position":2,"name":"Zenforms"}]},{"@type":"WebSite","@id":"https:\/\/zenkit.com\/fr\/#website","url":"https:\/\/zenkit.com\/fr\/","name":"Zenkit","description":"Zenkit Tagline","potentialAction":[{"@type":"SearchAction","target":{"@type":"EntryPoint","urlTemplate":"https:\/\/zenkit.com\/fr\/?s={search_term_string}"},"query-input":{"@type":"PropertyValueSpecification","valueRequired":true,"valueName":"search_term_string"}}],"inLanguage":"fr-FR"},false]}},"yasr_visitor_votes":{"stars_attributes":{"read_only":false,"span_bottom":false},"number_of_votes":0,"sum_votes":0},"_links":{"self":[{"href":"https:\/\/zenkit.com\/fr\/wp-json\/wp\/v2\/pages\/72741","targetHints":{"allow":["GET"]}}],"collection":[{"href":"https:\/\/zenkit.com\/fr\/wp-json\/wp\/v2\/pages"}],"about":[{"href":"https:\/\/zenkit.com\/fr\/wp-json\/wp\/v2\/types\/page"}],"author":[{"embeddable":true,"href":"https:\/\/zenkit.com\/fr\/wp-json\/wp\/v2\/users\/30"}],"replies":[{"embeddable":true,"href":"https:\/\/zenkit.com\/fr\/wp-json\/wp\/v2\/comments?post=72741"}],"version-history":[{"count":4,"href":"https:\/\/zenkit.com\/fr\/wp-json\/wp\/v2\/pages\/72741\/revisions"}],"predecessor-version":[{"id":167149,"href":"https:\/\/zenkit.com\/fr\/wp-json\/wp\/v2\/pages\/72741\/revisions\/167149"}],"wp:attachment":[{"href":"https:\/\/zenkit.com\/fr\/wp-json\/wp\/v2\/media?parent=72741"}],"curies":[{"name":"wp","href":"https:\/\/api.w.org\/{rel}","templated":true}]}}