{"id":73044,"date":"2021-08-19T16:13:57","date_gmt":"2021-08-19T14:13:57","guid":{"rendered":"https:\/\/zenkit.com\/press-kit\/hypernotes-press-release\/"},"modified":"2025-12-19T16:38:49","modified_gmt":"2025-12-19T15:38:49","slug":"hypernotes-press-release","status":"publish","type":"page","link":"https:\/\/zenkit.com\/fr\/press-kit\/hypernotes-press-release\/","title":{"rendered":"Hypernotes Press Release"},"content":{"rendered":"\n<div class=\"wp-block-group has-global-padding is-layout-constrained wp-block-group-is-layout-constrained\">\n<div class=\"wp-block-group width--950 has-global-padding is-layout-constrained wp-block-group-is-layout-constrained\">\n<div style=\"height:45px;--tablet-height:45px;--mobile-height:16px\" class=\"wp-block-lookeen-blocks-responsive-spacer\"><\/div>\n\n\n\n<div class=\"wp-block-group has-global-padding is-layout-constrained wp-block-group-is-layout-constrained\">\n<h1 class=\"wp-block-heading has-text-align-center\" style=\"margin-bottom:8px\">Hypernotes r\u00e9pond au besoin de gestion intuitive des connaissances dans les \u00e9quipes distribu\u00e9es<\/h1>\n<\/div>\n\n\n\n<div class=\"wp-block-group has-global-padding is-layout-constrained wp-block-group-is-layout-constrained\">\n<p class=\"has-text-align-center subheading\">La gamme de produits de productivit\u00e9 Zenkit accueille Hypernotes, con\u00e7u pour am\u00e9liorer la gestion collaborative des connaissances et le partage des id\u00e9es.<\/p>\n<\/div>\n\n\n\n<div style=\"height:48px;--tablet-height:36px;--mobile-height:24px\" class=\"wp-block-lookeen-blocks-responsive-spacer\"><\/div>\n\n\n\n<div class=\"wp-block-group has-global-padding is-layout-constrained wp-block-group-is-layout-constrained\">\n<p class=\"has-text-align-center press__headline has-text-color has-link-color wp-elements-e5f5849d40af3c377e2891a2a09d1fd1\" style=\"color:#939393;font-size:24px;font-style:normal;font-weight:700;line-height:1.5\">11 Mars 2021 \u2013 Karlsruhe, Allemagne<\/p>\n<\/div>\n<\/div>\n\n\n\n<div style=\"height:88px;--tablet-height:72px;--mobile-height:40px\" class=\"wp-block-lookeen-blocks-responsive-spacer\"><\/div>\n<\/div>\n\n\n\n<div class=\"wp-block-group has-global-padding is-layout-constrained wp-block-group-is-layout-constrained\">\n<div class=\"wp-block-columns is-layout-flex wp-container-core-columns-is-layout-b8d659ec wp-block-columns-is-layout-flex\">\n<div class=\"wp-block-column is-layout-flow wp-block-column-is-layout-flow\">\n<p class=\"has-da-grey-2-color has-text-color has-link-color wp-elements-b64f8b7808b52c93bbdd2cea5a0e9831\">L\u2019\u00e9quipe Zenkit est fi\u00e8re d\u2019annoncer la sortie de Hypernotes, la quatri\u00e8me application \u00e0 rejoindre Zenkit Suite. Hypernotes est une application de gestion des connaissances en \u00e9quipe qui permet la prise de notes collaborative, la r\u00e9daction de grandes lignes et la mise en relation intuitive des id\u00e9es. Hypernotes sera disponible sur tous les app stores, sur le web et en tant qu\u2019application de bureau.&nbsp;<\/p>\n\n\n\n<p>La n\u00e9cessit\u00e9 d\u2019un partage efficace et durable des connaissances a toujours \u00e9t\u00e9 \u00e9vidente et des \u00e9tudes r\u00e9centes ont chiffr\u00e9 son impact sur les r\u00e9sultats de l\u2019entreprise. Selon le rapport 2018 de&nbsp;<a href=\"https:\/\/www.panopto.com\/resource\/valuing-workplace-knowledge\/\">Panopto Workplace Knowledge and Productivity Report<\/a>&nbsp;sur les connaissances et la productivit\u00e9 au travail, \u00ab&nbsp;la grande entreprise am\u00e9ricaine moyenne perd 47 millions de dollars de productivit\u00e9 chaque ann\u00e9e en cons\u00e9quence directe d\u2019un mauvais partage des connaissances.&nbsp;\u00bb \u00ab&nbsp;42 % des connaissances institutionnelles sont uniques \u00e0 l\u2019individu\u201d, ce qui signifie que le d\u00e9part d\u2019un employ\u00e9 ou son indisponibilit\u00e9 temporaire entra\u00eene une perte directe de 42 % de la capacit\u00e9 \u00e0 effectuer son travail.<\/p>\n<\/div>\n\n\n\n<div class=\"wp-block-column is-layout-flow wp-block-column-is-layout-flow\">\n<p class=\"has-da-grey-2-color has-text-color has-link-color wp-elements-544c3bec7783e17670d82e6f9d424298\">Comme de plus en plus d\u2019\u00e9quipes \u00e9voluent vers un mod\u00e8le de travail distribu\u00e9, il est devenu encore plus important de rassembler toutes les connaissances de l\u2019entreprise au m\u00eame endroit. Martin Welker, PDG de Zenkit, d\u00e9clare : \u00ab&nbsp;L\u2019ajout d\u2019Hypernotes \u00e0 Zenkit Suite a pour but de r\u00e9pondre au besoin de pouvoir regrouper efficacement les connaissances de tous les membres de l\u2019entreprise en une pr\u00e9cieuse ressource partag\u00e9e.&nbsp;\u00bb Hypernotes aide les gens \u00e0 documenter et \u00e0 organiser intuitivement leurs id\u00e9es, recherches et connaissances, \u00e0 \u00e9tablir des liens avec des concepts connexes et, enfin, \u00e0 permettre aux \u00e9quipes d\u2019atteindre leurs objectifs plus rapidement et de mani\u00e8re plus coh\u00e9rente.<\/p>\n\n\n\n<p class=\"has-da-grey-2-color has-text-color has-link-color wp-elements-872d83866a3d51bb4f8f3c0e5bdaeaf1\">\u00ab&nbsp;Notre objectif est que Hypernotes augmente le ratio \u00ab&nbsp;lire\/\u00e9crire&nbsp;\u00bb dans la documentation organisationnelle \u2013 pour s\u2019assurer que les gens lisent r\u00e9ellement ce qui a \u00e9t\u00e9 \u00e9crit. Cet objectif est atteint gr\u00e2ce \u00e0 une description et \u00e0 un r\u00e9f\u00e9rencement efficaces qui permettent aux utilisateurs de naviguer rapidement vers les informations importantes. Nous voulons que Hypernotes aide \u00e0 pr\u00e9parer l\u2019avenir de votre organisation&nbsp;\u00bb<\/p>\n<\/div>\n<\/div>\n\n\n\n<div style=\"height:88px;--tablet-height:72px;--mobile-height:40px\" class=\"wp-block-lookeen-blocks-responsive-spacer\"><\/div>\n<\/div>\n\n\n\n<div class=\"wp-block-group has-global-padding is-layout-constrained wp-block-group-is-layout-constrained\">\n<div style=\"height:45px;--tablet-height:45px;--mobile-height:16px\" class=\"wp-block-lookeen-blocks-responsive-spacer\"><\/div>\n\n\n\n<h2 class=\"wp-block-heading has-text-align-center\" style=\"margin-bottom:0px\">Hypernotes atteint cet objectif ambitieux gr\u00e2ce \u00e0 un certain nombre de fonctionnalit\u00e9s qui sont devenues la norme en mati\u00e8re de gestion des connaissances personnelles et organisationnelles ces derni\u00e8res ann\u00e9es:<\/h2>\n\n\n\n<div style=\"height:48px;--tablet-height:36px;--mobile-height:24px\" class=\"wp-block-lookeen-blocks-responsive-spacer\"><\/div>\n\n\n\n<div class=\"wp-block-group has-global-padding is-layout-constrained wp-block-group-is-layout-constrained\">\n<div class=\"wp-block-columns is-layout-flex wp-container-core-columns-is-layout-28f84493 wp-block-columns-is-layout-flex\">\n<div class=\"wp-block-column is-layout-flow wp-block-column-is-layout-flow\">\n<ul class=\"wp-block-list list__with-checkmark-blue-and-underline\">\n<li>Liaison bidirectionnelle entre des notes connexes,<\/li>\n\n\n\n<li>Le d\u00e9coupage de grands sujets en sous-th\u00e8mes plus petits,<\/li>\n\n\n\n<li>Des suggestions automatiques pour relier des notes connexes mais pas encore connect\u00e9es,<\/li>\n\n\n\n<li>Incorporation de blocs de texte pour r\u00e9duire le contenu dupliqu\u00e9,<\/li>\n<\/ul>\n<\/div>\n\n\n\n<div class=\"wp-block-column is-layout-flow wp-block-column-is-layout-flow\">\n<ul class=\"wp-block-list list__with-checkmark-blue-and-underline\">\n<li>Graphiques de connaissances pour une meilleure d\u00e9couverte,<\/li>\n\n\n\n<li>Applications mobiles sur toutes les plateformes et acc\u00e8s hors ligne,<\/li>\n\n\n\n<li>Une collaboration \u00e9tendue au niveau des t\u00e2ches, des notes et des carnets de notes.<\/li>\n<\/ul>\n<\/div>\n<\/div>\n<\/div>\n\n\n\n<div style=\"height:88px;--tablet-height:72px;--mobile-height:40px\" class=\"wp-block-lookeen-blocks-responsive-spacer\"><\/div>\n<\/div>\n\n\n\n<div class=\"wp-block-group has-global-padding is-layout-constrained wp-block-group-is-layout-constrained\">\n<h2 class=\"wp-block-heading has-text-align-center\" style=\"margin-bottom:0px\">En outre, Hypernotes offre de mani\u00e8re unique:<\/h2>\n\n\n\n<div style=\"height:48px;--tablet-height:36px;--mobile-height:24px\" class=\"wp-block-lookeen-blocks-responsive-spacer\"><\/div>\n\n\n\n<div class=\"wp-block-group has-global-padding is-layout-constrained wp-block-group-is-layout-constrained\">\n<div class=\"wp-block-columns is-layout-flex wp-container-core-columns-is-layout-28f84493 wp-block-columns-is-layout-flex\">\n<div class=\"wp-block-column is-layout-flow wp-block-column-is-layout-flow\">\n<ul class=\"wp-block-list list__with-checkmark-blue-and-underline\">\n<li>Outils de productivit\u00e9 d\u00e9di\u00e9s int\u00e9gr\u00e9s gr\u00e2ce \u00e0 Zenkit Suite,<\/li>\n\n\n\n<li>Gestion des administrateurs et des utilisateurs de niveau entreprise,<\/li>\n<\/ul>\n<\/div>\n\n\n\n<div class=\"wp-block-column is-layout-flow wp-block-column-is-layout-flow\">\n<ul class=\"wp-block-list list__with-checkmark-blue-and-underline\">\n<li>Conformit\u00e9 au RGPD et serveurs bas\u00e9s dans l\u2019UE,<\/li>\n\n\n\n<li>Suivi des activit\u00e9s au niveau des t\u00e2ches, des notes et des carnets de notes.<\/li>\n<\/ul>\n<\/div>\n<\/div>\n<\/div>\n<\/div>\n\n\n\n<div style=\"height:88px;--tablet-height:72px;--mobile-height:40px\" class=\"wp-block-lookeen-blocks-responsive-spacer\"><\/div>\n\n\n\n<div class=\"wp-block-group has-global-padding is-layout-constrained wp-container-core-group-is-layout-7cc94c3e wp-block-group-is-layout-constrained\">\n<div class=\"wp-block-group has-global-padding is-layout-constrained wp-block-group-is-layout-constrained\">\n<p class=\"has-text-align-center has-da-grey-2-color has-text-color has-link-color wp-elements-8ac9161e0d4b0ba86733d2ad8f607250\">Bien que la gestion des connaissances de l\u2019entreprise soit le cas principal d\u2019utilisation, il existe de nombreux autres domaines dans lesquels un tel outil serait utile, comme les projets de recherche individuels ou en \u00e9quipe, la r\u00e9daction de livres ou d\u2019un journal intime, la prise de notes Zettelkasten, la documentation sur les produits, etc.<\/p>\n\n\n\n<p class=\"has-text-align-center has-da-grey-2-color has-text-color has-link-color wp-elements-96e9f663632616f1e40d80ecd3e271ab\">Pour en savoir plus sur Hypernotes, rendez-vous sur&nbsp;<a href=\"https:\/\/zenkit.com\/fr\/hypernotes\/\">https:\/\/zenkit.com\/hypernotes<\/a>. Pour utiliser l\u2019application Hypernotes rendez-vous sur:&nbsp;<a href=\"https:\/\/hypernotes.zenkit.com\/\">web<\/a>,ou t\u00e9l\u00e9chargez-la sur iOS, Android, Mac, Windows, ou Linux apr\u00e8s sa sortie.<\/p>\n<\/div>\n\n\n\n<div style=\"height:88px;--tablet-height:72px;--mobile-height:40px\" class=\"wp-block-lookeen-blocks-responsive-spacer\"><\/div>\n\n\n\n<h3 class=\"wp-block-heading has-text-align-center\" style=\"margin-bottom:8px;font-style:normal;font-weight:700\">\u00c0 propos de Zenkit<\/h3>\n\n\n\n<p class=\"has-text-align-center has-da-grey-2-color has-text-color has-link-color wp-elements-c68f9fcf802efe0be5c743a6442874d3\">Zenkit est une startup form\u00e9e sous Axonic GmbH, une soci\u00e9t\u00e9 allemande fond\u00e9e en 2003. La plateforme SaaS de gestion de projet et de collaboration a \u00e9t\u00e9 lanc\u00e9e en octobre 2016. Hypernotes est le quatri\u00e8me produit de Zenkit Suite, d\u00e9velopp\u00e9 et publi\u00e9 par Zenkit.<\/p>\n<\/div>\n\n\n\n<div style=\"height:110px;--tablet-height:60px;--mobile-height:48px\" class=\"wp-block-lookeen-blocks-responsive-spacer\"><\/div>\n","protected":false},"excerpt":{"rendered":"<p>Hypernotes r\u00e9pond au besoin de gestion intuitive des connaissances dans les \u00e9quipes distribu\u00e9es La gamme de produits de productivit\u00e9 Zenkit accueille Hypernotes, con\u00e7u pour am\u00e9liorer la gestion collaborative des connaissances et le partage des id\u00e9es. 11 Mars 2021 \u2013 Karlsruhe, Allemagne L\u2019\u00e9quipe Zenkit est fi\u00e8re d\u2019annoncer la sortie de Hypernotes, la quatri\u00e8me application \u00e0 rejoindre [&hellip;]<\/p>\n","protected":false},"author":30,"featured_media":0,"parent":61669,"menu_order":4,"comment_status":"closed","ping_status":"closed","template":"","meta":{"yasr_overall_rating":0,"yasr_post_is_review":"","yasr_auto_insert_disabled":"","yasr_review_type":"","footnotes":""},"class_list":["post-73044","page","type-page","status-publish","hentry"],"yoast_head":"<!-- This site is optimized with the Yoast SEO plugin v27.4 - https:\/\/yoast.com\/product\/yoast-seo-wordpress\/ -->\n<title>Hypernotes Press Release | Zenkit<\/title>\n<meta name=\"description\" content=\"Hypernotes, the team knowledge management app that enables collaborative note-taking, outlining, and the intuitive linking of ideas was released on March 11th, 2021.\" \/>\n<meta name=\"robots\" content=\"index, follow, max-snippet:-1, max-image-preview:large, max-video-preview:-1\" \/>\n<link rel=\"canonical\" href=\"https:\/\/zenkit.com\/fr\/press-kit\/hypernotes-press-release\/\" \/>\n<meta property=\"og:locale\" content=\"fr_FR\" \/>\n<meta property=\"og:type\" content=\"article\" \/>\n<meta property=\"og:title\" content=\"Hypernotes Press Release | Zenkit\" \/>\n<meta property=\"og:description\" content=\"Hypernotes, the team knowledge management app that enables collaborative note-taking, outlining, and the intuitive linking of ideas was released on March 11th, 2021.\" \/>\n<meta property=\"og:url\" content=\"https:\/\/zenkit.com\/fr\/press-kit\/hypernotes-press-release\/\" \/>\n<meta property=\"og:site_name\" content=\"Zenkit\" \/>\n<meta property=\"article:publisher\" content=\"https:\/\/www.facebook.com\/ZenkitHQ\" \/>\n<meta property=\"article:modified_time\" content=\"2025-12-19T15:38:49+00:00\" \/>\n<meta name=\"twitter:card\" content=\"summary_large_image\" \/>\n<meta name=\"twitter:site\" content=\"@ZenkitHQ\" \/>\n<meta name=\"twitter:label1\" content=\"Dur\u00e9e de lecture estim\u00e9e\" \/>\n\t<meta name=\"twitter:data1\" content=\"36 minutes\" \/>\n<script type=\"application\/ld+json\" class=\"yoast-schema-graph\">{\"@context\":\"https:\\\/\\\/schema.org\",\"@graph\":[{\"@type\":\"WebPage\",\"@id\":\"https:\\\/\\\/zenkit.com\\\/fr\\\/press-kit\\\/hypernotes-press-release\\\/\",\"url\":\"https:\\\/\\\/zenkit.com\\\/fr\\\/press-kit\\\/hypernotes-press-release\\\/\",\"name\":\"Hypernotes Press Release | Zenkit\",\"isPartOf\":{\"@id\":\"https:\\\/\\\/zenkit.com\\\/fr\\\/#website\"},\"datePublished\":\"2021-08-19T14:13:57+00:00\",\"dateModified\":\"2025-12-19T15:38:49+00:00\",\"description\":\"Hypernotes, the team knowledge management app that enables collaborative note-taking, outlining, and the intuitive linking of ideas was released on March 11th, 2021.\",\"breadcrumb\":{\"@id\":\"https:\\\/\\\/zenkit.com\\\/fr\\\/press-kit\\\/hypernotes-press-release\\\/#breadcrumb\"},\"inLanguage\":\"fr-FR\",\"potentialAction\":[{\"@type\":\"ReadAction\",\"target\":[\"https:\\\/\\\/zenkit.com\\\/fr\\\/press-kit\\\/hypernotes-press-release\\\/\"]}]},{\"@type\":\"BreadcrumbList\",\"@id\":\"https:\\\/\\\/zenkit.com\\\/fr\\\/press-kit\\\/hypernotes-press-release\\\/#breadcrumb\",\"itemListElement\":[{\"@type\":\"ListItem\",\"position\":1,\"name\":\"Home\",\"item\":\"https:\\\/\\\/zenkit.com\\\/fr\\\/\"},{\"@type\":\"ListItem\",\"position\":2,\"name\":\"Dossier de presse\",\"item\":\"https:\\\/\\\/zenkit.com\\\/fr\\\/press-kit\\\/\"},{\"@type\":\"ListItem\",\"position\":3,\"name\":\"Hypernotes Press Release\"}]},{\"@type\":\"WebSite\",\"@id\":\"https:\\\/\\\/zenkit.com\\\/fr\\\/#website\",\"url\":\"https:\\\/\\\/zenkit.com\\\/fr\\\/\",\"name\":\"Zenkit\",\"description\":\"Zenkit Tagline\",\"potentialAction\":[{\"@type\":\"SearchAction\",\"target\":{\"@type\":\"EntryPoint\",\"urlTemplate\":\"https:\\\/\\\/zenkit.com\\\/fr\\\/?s={search_term_string}\"},\"query-input\":{\"@type\":\"PropertyValueSpecification\",\"valueRequired\":true,\"valueName\":\"search_term_string\"}}],\"inLanguage\":\"fr-FR\"},false]}<\/script>\n<!-- \/ Yoast SEO plugin. -->","yoast_head_json":{"title":"Hypernotes Press Release | Zenkit","description":"Hypernotes, the team knowledge management app that enables collaborative note-taking, outlining, and the intuitive linking of ideas was released on March 11th, 2021.","robots":{"index":"index","follow":"follow","max-snippet":"max-snippet:-1","max-image-preview":"max-image-preview:large","max-video-preview":"max-video-preview:-1"},"canonical":"https:\/\/zenkit.com\/fr\/press-kit\/hypernotes-press-release\/","og_locale":"fr_FR","og_type":"article","og_title":"Hypernotes Press Release | Zenkit","og_description":"Hypernotes, the team knowledge management app that enables collaborative note-taking, outlining, and the intuitive linking of ideas was released on March 11th, 2021.","og_url":"https:\/\/zenkit.com\/fr\/press-kit\/hypernotes-press-release\/","og_site_name":"Zenkit","article_publisher":"https:\/\/www.facebook.com\/ZenkitHQ","article_modified_time":"2025-12-19T15:38:49+00:00","twitter_card":"summary_large_image","twitter_site":"@ZenkitHQ","twitter_misc":{"Dur\u00e9e de lecture estim\u00e9e":"36 minutes"},"schema":{"@context":"https:\/\/schema.org","@graph":[{"@type":"WebPage","@id":"https:\/\/zenkit.com\/fr\/press-kit\/hypernotes-press-release\/","url":"https:\/\/zenkit.com\/fr\/press-kit\/hypernotes-press-release\/","name":"Hypernotes Press Release | Zenkit","isPartOf":{"@id":"https:\/\/zenkit.com\/fr\/#website"},"datePublished":"2021-08-19T14:13:57+00:00","dateModified":"2025-12-19T15:38:49+00:00","description":"Hypernotes, the team knowledge management app that enables collaborative note-taking, outlining, and the intuitive linking of ideas was released on March 11th, 2021.","breadcrumb":{"@id":"https:\/\/zenkit.com\/fr\/press-kit\/hypernotes-press-release\/#breadcrumb"},"inLanguage":"fr-FR","potentialAction":[{"@type":"ReadAction","target":["https:\/\/zenkit.com\/fr\/press-kit\/hypernotes-press-release\/"]}]},{"@type":"BreadcrumbList","@id":"https:\/\/zenkit.com\/fr\/press-kit\/hypernotes-press-release\/#breadcrumb","itemListElement":[{"@type":"ListItem","position":1,"name":"Home","item":"https:\/\/zenkit.com\/fr\/"},{"@type":"ListItem","position":2,"name":"Dossier de presse","item":"https:\/\/zenkit.com\/fr\/press-kit\/"},{"@type":"ListItem","position":3,"name":"Hypernotes Press Release"}]},{"@type":"WebSite","@id":"https:\/\/zenkit.com\/fr\/#website","url":"https:\/\/zenkit.com\/fr\/","name":"Zenkit","description":"Zenkit Tagline","potentialAction":[{"@type":"SearchAction","target":{"@type":"EntryPoint","urlTemplate":"https:\/\/zenkit.com\/fr\/?s={search_term_string}"},"query-input":{"@type":"PropertyValueSpecification","valueRequired":true,"valueName":"search_term_string"}}],"inLanguage":"fr-FR"},false]}},"yasr_visitor_votes":{"stars_attributes":{"read_only":false,"span_bottom":false},"number_of_votes":0,"sum_votes":0},"_links":{"self":[{"href":"https:\/\/zenkit.com\/fr\/wp-json\/wp\/v2\/pages\/73044","targetHints":{"allow":["GET"]}}],"collection":[{"href":"https:\/\/zenkit.com\/fr\/wp-json\/wp\/v2\/pages"}],"about":[{"href":"https:\/\/zenkit.com\/fr\/wp-json\/wp\/v2\/types\/page"}],"author":[{"embeddable":true,"href":"https:\/\/zenkit.com\/fr\/wp-json\/wp\/v2\/users\/30"}],"replies":[{"embeddable":true,"href":"https:\/\/zenkit.com\/fr\/wp-json\/wp\/v2\/comments?post=73044"}],"version-history":[{"count":4,"href":"https:\/\/zenkit.com\/fr\/wp-json\/wp\/v2\/pages\/73044\/revisions"}],"predecessor-version":[{"id":175291,"href":"https:\/\/zenkit.com\/fr\/wp-json\/wp\/v2\/pages\/73044\/revisions\/175291"}],"up":[{"embeddable":true,"href":"https:\/\/zenkit.com\/fr\/wp-json\/wp\/v2\/pages\/61669"}],"wp:attachment":[{"href":"https:\/\/zenkit.com\/fr\/wp-json\/wp\/v2\/media?parent=73044"}],"curies":[{"name":"wp","href":"https:\/\/api.w.org\/{rel}","templated":true}]}}