{"id":73046,"date":"2021-04-30T10:10:23","date_gmt":"2021-04-30T08:10:23","guid":{"rendered":"https:\/\/zenkit.com\/press-kit\/zenchat-press-release\/"},"modified":"2025-12-19T16:42:33","modified_gmt":"2025-12-19T15:42:33","slug":"zenchat-press-release","status":"publish","type":"page","link":"https:\/\/zenkit.com\/fr\/press-kit\/zenchat-press-release\/","title":{"rendered":"Zenchat Press Release"},"content":{"rendered":"\n<div class=\"wp-block-group has-global-padding is-layout-constrained wp-block-group-is-layout-constrained\">\n<div class=\"wp-block-group width--950 has-global-padding is-layout-constrained wp-block-group-is-layout-constrained\">\n<div style=\"height:45px;--tablet-height:45px;--mobile-height:16px\" class=\"wp-block-lookeen-blocks-responsive-spacer\"><\/div>\n\n\n\n<div class=\"wp-block-group has-global-padding is-layout-constrained wp-block-group-is-layout-constrained\">\n<h1 class=\"wp-block-heading has-text-align-center\" style=\"margin-bottom:8px\">Zenchat combine les discussions de groupes et la gestion de t\u00e2ches en continu<\/h1>\n<\/div>\n\n\n\n<div class=\"wp-block-group has-global-padding is-layout-constrained wp-block-group-is-layout-constrained\">\n<p class=\"has-text-align-center subheading\">L&rsquo;\u00e9quipe de Zenkit lance une application de chat avec des fonctionnalit\u00e9s int\u00e9gr\u00e9es de gestion des t\u00e2ches pour permettre une collaboration holistique au sein des \u00e9quipes<\/p>\n<\/div>\n\n\n\n<div style=\"height:48px;--tablet-height:36px;--mobile-height:24px\" class=\"wp-block-lookeen-blocks-responsive-spacer\"><\/div>\n\n\n\n<div class=\"wp-block-group has-global-padding is-layout-constrained wp-block-group-is-layout-constrained\">\n<p class=\"has-text-align-center press__headline has-text-color has-link-color wp-elements-56714661b4d30ab698ab661f75d5658d\" style=\"color:#939393;font-size:24px;font-style:normal;font-weight:700;line-height:1.5\">5 Novembre 2020 \u2013 Karlsruhe, Allemagne<\/p>\n<\/div>\n<\/div>\n\n\n\n<div style=\"height:88px;--tablet-height:72px;--mobile-height:40px\" class=\"wp-block-lookeen-blocks-responsive-spacer\"><\/div>\n<\/div>\n\n\n\n<div class=\"wp-block-group has-global-padding is-layout-constrained wp-block-group-is-layout-constrained\">\n<div class=\"wp-block-columns is-layout-flex wp-container-core-columns-is-layout-b8d659ec wp-block-columns-is-layout-flex\">\n<div class=\"wp-block-column is-layout-flow wp-block-column-is-layout-flow\">\n<p class=\"has-da-grey-2-color has-text-color has-link-color wp-elements-07e5f6d67dd24af8d302d48bf0406f78\">L\u2019\u00e9quipe qui est \u00e0 l\u2019origine de la solution de gestion de projet prim\u00e9e Zenkit lance Zenchat, une application de collaboration qui combine de mani\u00e8re uniforme le chat et la gestion des t\u00e2ches pour une exp\u00e9rience de communication plus compl\u00e8te. Zenchat sera disponible sur tous les app stores et en version bureau.<\/p>\n\n\n\n<p class=\"has-da-grey-2-color has-text-color has-link-color wp-elements-c0d85eb1e4dda3e37abaf6b81ace6dd7\">L\u2019utilisation des applications de chat en tant qu\u2019\u00e9l\u00e9ment normal ou m\u00eame n\u00e9cessaire du travail a augment\u00e9 ces derni\u00e8res ann\u00e9es, et le nombre croissant de personnes en t\u00e9l\u00e9travail \u00e0 cause du COVID n\u2019a fait que faire exploser son utilisation en 2020.<\/p>\n<\/div>\n\n\n\n<div class=\"wp-block-column is-layout-flow wp-block-column-is-layout-flow\">\n<p class=\"has-da-grey-1-color has-text-color has-link-color wp-elements-4ab87d946299f0fc781bc1790adf6843\">D\u2019apr\u00e8s un&nbsp;<a href=\"https:\/\/www.statista.com\/statistics\/1170480\/percentage-increase-in-enterprise-devices-with-collaboration-apps\/\" target=\"_blank\" rel=\"noreferrer noopener\">rapport&nbsp;<\/a>Statista de septembre 2020, \u00ab&nbsp;Par rapport aux chiffres d\u2019avant COVID, il y a eu une augmentation de plus de 100 % du nombre d\u2019entreprises qui ont install\u00e9 des applications de collaboration \u00e0 la fin du mois de mars 2020 et une augmentation de 176 % \u00e0 la mi-mai 2020.&nbsp;\u00bb<\/p>\n\n\n\n<p class=\"has-da-grey-1-color has-text-color has-link-color wp-elements-93e9851d86d0fdc2ddb2cc3e63d42ef2\">En outre, le march\u00e9 mondial de la collaboration en ligne devrait atteindre 59,86 milliards de dollars d\u2019ici 2023, sur la base d\u2019un TCAC pr\u00e9vu de 11,6 % de 2018 \u00e0 2023 \u00ab&nbsp;, selon&nbsp;<a href=\"https:\/\/www.marketsandmarkets.com\/PressReleases\/enterprise-collaboration.asp\" target=\"_blank\" rel=\"noreferrer noopener\">Markets &amp; Markets<\/a>.<\/p>\n\n\n\n<div class=\"wp-block-group has-background has-global-padding is-layout-constrained wp-container-core-group-is-layout-8412c99a wp-block-group-is-layout-constrained\" style=\"border-radius:20px;background-color:#efefef;margin-bottom:24px;padding-top:20px;padding-right:20px;padding-bottom:20px;padding-left:20px\">\n<p class=\"has-da-grey-1-color has-text-color has-link-color wp-elements-54318459ede17ca23f4bf4e346479ec8\" style=\"font-size:14px\">\u00ab&nbsp;Les gens aiment discuter. C\u2019est dans la nature humaine. Mais les applications de chat ne fournissent pas la structure n\u00e9cessaire \u00e0 une productivit\u00e9 durable, comme le font les listes et les tableaux Kanban&nbsp;\u00bb, explique Martin Welker, PDG de Zenkit.<\/p>\n<\/div>\n<\/div>\n<\/div>\n<\/div>\n\n\n\n<div style=\"height:45px;--tablet-height:45px;--mobile-height:16px\" class=\"wp-block-lookeen-blocks-responsive-spacer\"><\/div>\n\n\n\n<figure class=\"wp-block-image aligncenter size-large is-resized border-radius--20 overflow__hidden  box__shadow\"><img loading=\"lazy\" decoding=\"async\" width=\"1024\" height=\"538\" src=\"https:\/\/zenkit.com\/wp-content\/uploads\/2021\/01\/zenchat-social-1024x538.jpg\" alt=\"zenchat social\" class=\"wp-image-55187\" style=\"width:491px;height:auto\" srcset=\"https:\/\/zenkit.com\/wp-content\/uploads\/2021\/01\/zenchat-social-1024x538.jpg 1024w, https:\/\/zenkit.com\/wp-content\/uploads\/2021\/01\/zenchat-social-300x158.jpg 300w, https:\/\/zenkit.com\/wp-content\/uploads\/2021\/01\/zenchat-social-768x403.jpg 768w, https:\/\/zenkit.com\/wp-content\/uploads\/2021\/01\/zenchat-social.jpg 1200w\" sizes=\"auto, (max-width: 1024px) 100vw, 1024px\" \/><\/figure>\n\n\n\n<div style=\"height:88px;--tablet-height:72px;--mobile-height:40px\" class=\"wp-block-lookeen-blocks-responsive-spacer\"><\/div>\n\n\n\n<div class=\"wp-block-group has-global-padding is-layout-constrained wp-block-group-is-layout-constrained\">\n<h2 class=\"wp-block-heading has-text-align-center\" style=\"margin-bottom:0px\">\u00ab&nbsp;Avec Zenchat, nous voulons r\u00e9soudre ce probl\u00e8me en r\u00e9pondant aux besoins r\u00e9els des utilisateurs.&nbsp;\u00bb<\/h2>\n\n\n\n<div style=\"height:48px;--tablet-height:36px;--mobile-height:24px\" class=\"wp-block-lookeen-blocks-responsive-spacer\"><\/div>\n\n\n\n<div class=\"wp-block-group has-global-padding is-layout-constrained wp-block-group-is-layout-constrained\">\n<div class=\"wp-block-columns is-layout-flex wp-container-core-columns-is-layout-28f84493 wp-block-columns-is-layout-flex\">\n<div class=\"wp-block-column is-layout-flow wp-block-column-is-layout-flow\">\n<ul class=\"wp-block-list list__with-checkmark-blue-and-underline has-da-grey-2-color has-text-color has-link-color wp-elements-2c68853e802632a952ce0b7495b1e395\">\n<li>Zenchat est la premi\u00e8re application de chat qui int\u00e8gre de mani\u00e8re uniforme la gestion de t\u00e2ches dans vos messages.<\/li>\n\n\n\n<li>Transformez rapidement n\u2019importe quel message en t\u00e2che et assignez ou \u00e9ditez l\u00e0, \u00e0 l\u2019int\u00e9rieur de votre chat. Ne changez plus d\u2019application pour la gestion des t\u00e2ches courantes.<\/li>\n\n\n\n<li>Prenez l\u2019habitude de discuter directement de vos t\u00e2ches afin que les informations pr\u00e9cieuses restent \u00e0 leur place.<\/li>\n\n\n\n<li>Vous pouvez choisir de voir les discussions relatives \u00e0 toutes les t\u00e2ches d\u2019un projet ou vous concentrer uniquement sur vos t\u00e2ches.<\/li>\n<\/ul>\n<\/div>\n\n\n\n<div class=\"wp-block-column is-layout-flow wp-block-column-is-layout-flow\">\n<ul class=\"wp-block-list list__with-checkmark-blue-and-underline has-da-grey-2-color has-text-color has-link-color wp-elements-5b2c83204d8a16da77eb58657cb96af6\">\n<li>En option, connectez-vous \u00e0 l\u2019univers Zenkit pour voir vos t\u00e2ches dans des affichages avanc\u00e9s comme un tableau Kanban, diagramme de Gantt, liste de t\u00e2ches, et vice versa!<\/li>\n\n\n\n<li>Comme tous les autres produits Zenkit, Zenchat est pr\u00eat pour l\u2019entreprise : SSO, provisionnement SCIM, outils d\u2019administration, gestion d\u2019identit\u00e9 et plus encore.<\/li>\n\n\n\n<li>Zenchat est une application gratuite avec un plan payant optionnel.<\/li>\n<\/ul>\n<\/div>\n<\/div>\n<\/div>\n\n\n\n<div style=\"height:88px;--tablet-height:72px;--mobile-height:40px\" class=\"wp-block-lookeen-blocks-responsive-spacer\"><\/div>\n\n\n\n<div class=\"wp-block-group has-global-padding is-layout-constrained wp-container-core-group-is-layout-7cc94c3e wp-block-group-is-layout-constrained\">\n<div class=\"wp-block-group has-global-padding is-layout-constrained wp-block-group-is-layout-constrained\">\n<p class=\"has-text-align-center has-da-grey-2-color has-text-color has-link-color wp-elements-363193135fd5f7d45a6b120ee4ae5633\">\u00ab Nous sommes donc dans une impasse : les gens ne veulent pas quitter leur chat, mais ils doivent le faire pour poursuivre leur travail. Lorsque vous utilisez une application externe pour g\u00e9rer les t\u00e2ches, vous perdez tous les pr\u00e9cieux commentaires et retours d\u2019information li\u00e9s \u00e0 cette t\u00e2che parce que \u2013 soyons honn\u00eate \u2013 vous pr\u00e9f\u00e9rez avoir une discussion rapide sur quelque chose plut\u00f4t que d\u2019utiliser la fonction de commentaire dans une application de t\u00e2ches. \u00bb<\/p>\n\n\n\n<p class=\"has-text-align-center has-da-grey-2-color has-text-color has-link-color wp-elements-81045af6108543901fe1d90cdcc00486\">Pour en savoir plus sur Zenchat, veuillez visiter<a href=\"https:\/\/zenkit.com\/fr\/hypernotes\/\"> <\/a><a href=\"https:\/\/zenkit.com\/fr\/chat\/\">https:\/\/zenkit.com\/chat\/<\/a>. Pour utiliser l&rsquo;application Zenchat, visitez la version <a href=\"https:\/\/zenkit.com\/fr\/chat\/plateformes\/\">web<\/a>, ou t\u00e9l\u00e9chargez-la sur iOS, Android, Mac, Windows ou Linux apr\u00e8s sa sortie.<\/p>\n<\/div>\n\n\n\n<div style=\"height:88px;--tablet-height:72px;--mobile-height:40px\" class=\"wp-block-lookeen-blocks-responsive-spacer\"><\/div>\n\n\n\n<h3 class=\"wp-block-heading has-text-align-center\" style=\"margin-bottom:8px;font-style:normal;font-weight:700\">\u00c0 propos de Zenkit<\/h3>\n\n\n\n<p class=\"has-text-align-center has-da-grey-2-color has-text-color has-link-color wp-elements-92ae90232fc4a6110c037496aac95c49\">Zenkit est une startup form\u00e9e sous Axonic GmbH, une soci\u00e9t\u00e9 allemande fond\u00e9e en 2003. La plateforme SaaS de gestion de projet et de collaboration a \u00e9t\u00e9 lanc\u00e9e en octobre 2016. Zenchat est le troisi\u00e8me produit de Zenkit Suite, d\u00e9velopp\u00e9 et publi\u00e9 par Zenkit.<\/p>\n<\/div>\n<\/div>\n\n\n\n<div style=\"height:110px;--tablet-height:60px;--mobile-height:48px\" class=\"wp-block-lookeen-blocks-responsive-spacer\"><\/div>\n\n\n\n<p><\/p>\n","protected":false},"excerpt":{"rendered":"<p>Zenchat combine les discussions de groupes et la gestion de t\u00e2ches en continu L&rsquo;\u00e9quipe de Zenkit lance une application de chat avec des fonctionnalit\u00e9s int\u00e9gr\u00e9es de gestion des t\u00e2ches pour permettre une collaboration holistique au sein des \u00e9quipes 5 Novembre 2020 \u2013 Karlsruhe, Allemagne L\u2019\u00e9quipe qui est \u00e0 l\u2019origine de la solution de gestion de [&hellip;]<\/p>\n","protected":false},"author":30,"featured_media":0,"parent":61669,"menu_order":5,"comment_status":"closed","ping_status":"closed","template":"","meta":{"yasr_overall_rating":0,"yasr_post_is_review":"","yasr_auto_insert_disabled":"","yasr_review_type":"","footnotes":""},"class_list":["post-73046","page","type-page","status-publish","hentry"],"yoast_head":"<!-- This site is optimized with the Yoast SEO plugin v27.4 - https:\/\/yoast.com\/product\/yoast-seo-wordpress\/ -->\n<title>Zenchat Press Release | Zenkit<\/title>\n<meta name=\"robots\" content=\"index, follow, max-snippet:-1, max-image-preview:large, max-video-preview:-1\" \/>\n<link rel=\"canonical\" href=\"https:\/\/zenkit.com\/fr\/press-kit\/zenchat-press-release\/\" \/>\n<meta property=\"og:locale\" content=\"fr_FR\" \/>\n<meta property=\"og:type\" content=\"article\" \/>\n<meta property=\"og:title\" content=\"Zenchat Press Release | Zenkit\" \/>\n<meta property=\"og:description\" content=\"Zenchat combine les discussions de groupes et la gestion de t\u00e2ches en continu L&rsquo;\u00e9quipe de Zenkit lance une application de chat avec des fonctionnalit\u00e9s int\u00e9gr\u00e9es de gestion des t\u00e2ches pour permettre une collaboration holistique au sein des \u00e9quipes 5 Novembre 2020 \u2013 Karlsruhe, Allemagne L\u2019\u00e9quipe qui est \u00e0 l\u2019origine de la solution de gestion de [&hellip;]\" \/>\n<meta property=\"og:url\" content=\"https:\/\/zenkit.com\/fr\/press-kit\/zenchat-press-release\/\" \/>\n<meta property=\"og:site_name\" content=\"Zenkit\" \/>\n<meta property=\"article:publisher\" content=\"https:\/\/www.facebook.com\/ZenkitHQ\" \/>\n<meta property=\"article:modified_time\" content=\"2025-12-19T15:42:33+00:00\" \/>\n<meta property=\"og:image\" content=\"https:\/\/zenkit.com\/wp-content\/uploads\/2021\/01\/zenchat-social.jpg\" \/>\n\t<meta property=\"og:image:width\" content=\"1200\" \/>\n\t<meta property=\"og:image:height\" content=\"630\" \/>\n\t<meta property=\"og:image:type\" content=\"image\/jpeg\" \/>\n<meta name=\"twitter:card\" content=\"summary_large_image\" \/>\n<meta name=\"twitter:site\" content=\"@ZenkitHQ\" \/>\n<meta name=\"twitter:label1\" content=\"Dur\u00e9e de lecture estim\u00e9e\" \/>\n\t<meta name=\"twitter:data1\" content=\"8 minutes\" \/>\n<script type=\"application\/ld+json\" class=\"yoast-schema-graph\">{\"@context\":\"https:\\\/\\\/schema.org\",\"@graph\":[{\"@type\":\"WebPage\",\"@id\":\"https:\\\/\\\/zenkit.com\\\/fr\\\/press-kit\\\/zenchat-press-release\\\/\",\"url\":\"https:\\\/\\\/zenkit.com\\\/fr\\\/press-kit\\\/zenchat-press-release\\\/\",\"name\":\"Zenchat Press Release | Zenkit\",\"isPartOf\":{\"@id\":\"https:\\\/\\\/zenkit.com\\\/fr\\\/#website\"},\"primaryImageOfPage\":{\"@id\":\"https:\\\/\\\/zenkit.com\\\/fr\\\/press-kit\\\/zenchat-press-release\\\/#primaryimage\"},\"image\":{\"@id\":\"https:\\\/\\\/zenkit.com\\\/fr\\\/press-kit\\\/zenchat-press-release\\\/#primaryimage\"},\"thumbnailUrl\":\"https:\\\/\\\/zenkit.com\\\/wp-content\\\/uploads\\\/2021\\\/01\\\/zenchat-social-1024x538.jpg\",\"datePublished\":\"2021-04-30T08:10:23+00:00\",\"dateModified\":\"2025-12-19T15:42:33+00:00\",\"breadcrumb\":{\"@id\":\"https:\\\/\\\/zenkit.com\\\/fr\\\/press-kit\\\/zenchat-press-release\\\/#breadcrumb\"},\"inLanguage\":\"fr-FR\",\"potentialAction\":[{\"@type\":\"ReadAction\",\"target\":[\"https:\\\/\\\/zenkit.com\\\/fr\\\/press-kit\\\/zenchat-press-release\\\/\"]}]},{\"@type\":\"ImageObject\",\"inLanguage\":\"fr-FR\",\"@id\":\"https:\\\/\\\/zenkit.com\\\/fr\\\/press-kit\\\/zenchat-press-release\\\/#primaryimage\",\"url\":\"https:\\\/\\\/zenkit.com\\\/wp-content\\\/uploads\\\/2021\\\/01\\\/zenchat-social-1024x538.jpg\",\"contentUrl\":\"https:\\\/\\\/zenkit.com\\\/wp-content\\\/uploads\\\/2021\\\/01\\\/zenchat-social-1024x538.jpg\"},{\"@type\":\"BreadcrumbList\",\"@id\":\"https:\\\/\\\/zenkit.com\\\/fr\\\/press-kit\\\/zenchat-press-release\\\/#breadcrumb\",\"itemListElement\":[{\"@type\":\"ListItem\",\"position\":1,\"name\":\"Home\",\"item\":\"https:\\\/\\\/zenkit.com\\\/fr\\\/\"},{\"@type\":\"ListItem\",\"position\":2,\"name\":\"Dossier de presse\",\"item\":\"https:\\\/\\\/zenkit.com\\\/fr\\\/press-kit\\\/\"},{\"@type\":\"ListItem\",\"position\":3,\"name\":\"Zenchat Press Release\"}]},{\"@type\":\"WebSite\",\"@id\":\"https:\\\/\\\/zenkit.com\\\/fr\\\/#website\",\"url\":\"https:\\\/\\\/zenkit.com\\\/fr\\\/\",\"name\":\"Zenkit\",\"description\":\"Zenkit Tagline\",\"potentialAction\":[{\"@type\":\"SearchAction\",\"target\":{\"@type\":\"EntryPoint\",\"urlTemplate\":\"https:\\\/\\\/zenkit.com\\\/fr\\\/?s={search_term_string}\"},\"query-input\":{\"@type\":\"PropertyValueSpecification\",\"valueRequired\":true,\"valueName\":\"search_term_string\"}}],\"inLanguage\":\"fr-FR\"},false]}<\/script>\n<!-- \/ Yoast SEO plugin. -->","yoast_head_json":{"title":"Zenchat Press Release | Zenkit","robots":{"index":"index","follow":"follow","max-snippet":"max-snippet:-1","max-image-preview":"max-image-preview:large","max-video-preview":"max-video-preview:-1"},"canonical":"https:\/\/zenkit.com\/fr\/press-kit\/zenchat-press-release\/","og_locale":"fr_FR","og_type":"article","og_title":"Zenchat Press Release | Zenkit","og_description":"Zenchat combine les discussions de groupes et la gestion de t\u00e2ches en continu L&rsquo;\u00e9quipe de Zenkit lance une application de chat avec des fonctionnalit\u00e9s int\u00e9gr\u00e9es de gestion des t\u00e2ches pour permettre une collaboration holistique au sein des \u00e9quipes 5 Novembre 2020 \u2013 Karlsruhe, Allemagne L\u2019\u00e9quipe qui est \u00e0 l\u2019origine de la solution de gestion de [&hellip;]","og_url":"https:\/\/zenkit.com\/fr\/press-kit\/zenchat-press-release\/","og_site_name":"Zenkit","article_publisher":"https:\/\/www.facebook.com\/ZenkitHQ","article_modified_time":"2025-12-19T15:42:33+00:00","og_image":[{"width":1200,"height":630,"url":"https:\/\/zenkit.com\/wp-content\/uploads\/2021\/01\/zenchat-social.jpg","type":"image\/jpeg"}],"twitter_card":"summary_large_image","twitter_site":"@ZenkitHQ","twitter_misc":{"Dur\u00e9e de lecture estim\u00e9e":"8 minutes"},"schema":{"@context":"https:\/\/schema.org","@graph":[{"@type":"WebPage","@id":"https:\/\/zenkit.com\/fr\/press-kit\/zenchat-press-release\/","url":"https:\/\/zenkit.com\/fr\/press-kit\/zenchat-press-release\/","name":"Zenchat Press Release | Zenkit","isPartOf":{"@id":"https:\/\/zenkit.com\/fr\/#website"},"primaryImageOfPage":{"@id":"https:\/\/zenkit.com\/fr\/press-kit\/zenchat-press-release\/#primaryimage"},"image":{"@id":"https:\/\/zenkit.com\/fr\/press-kit\/zenchat-press-release\/#primaryimage"},"thumbnailUrl":"https:\/\/zenkit.com\/wp-content\/uploads\/2021\/01\/zenchat-social-1024x538.jpg","datePublished":"2021-04-30T08:10:23+00:00","dateModified":"2025-12-19T15:42:33+00:00","breadcrumb":{"@id":"https:\/\/zenkit.com\/fr\/press-kit\/zenchat-press-release\/#breadcrumb"},"inLanguage":"fr-FR","potentialAction":[{"@type":"ReadAction","target":["https:\/\/zenkit.com\/fr\/press-kit\/zenchat-press-release\/"]}]},{"@type":"ImageObject","inLanguage":"fr-FR","@id":"https:\/\/zenkit.com\/fr\/press-kit\/zenchat-press-release\/#primaryimage","url":"https:\/\/zenkit.com\/wp-content\/uploads\/2021\/01\/zenchat-social-1024x538.jpg","contentUrl":"https:\/\/zenkit.com\/wp-content\/uploads\/2021\/01\/zenchat-social-1024x538.jpg"},{"@type":"BreadcrumbList","@id":"https:\/\/zenkit.com\/fr\/press-kit\/zenchat-press-release\/#breadcrumb","itemListElement":[{"@type":"ListItem","position":1,"name":"Home","item":"https:\/\/zenkit.com\/fr\/"},{"@type":"ListItem","position":2,"name":"Dossier de presse","item":"https:\/\/zenkit.com\/fr\/press-kit\/"},{"@type":"ListItem","position":3,"name":"Zenchat Press Release"}]},{"@type":"WebSite","@id":"https:\/\/zenkit.com\/fr\/#website","url":"https:\/\/zenkit.com\/fr\/","name":"Zenkit","description":"Zenkit Tagline","potentialAction":[{"@type":"SearchAction","target":{"@type":"EntryPoint","urlTemplate":"https:\/\/zenkit.com\/fr\/?s={search_term_string}"},"query-input":{"@type":"PropertyValueSpecification","valueRequired":true,"valueName":"search_term_string"}}],"inLanguage":"fr-FR"},false]}},"yasr_visitor_votes":{"stars_attributes":{"read_only":false,"span_bottom":false},"number_of_votes":0,"sum_votes":0},"_links":{"self":[{"href":"https:\/\/zenkit.com\/fr\/wp-json\/wp\/v2\/pages\/73046","targetHints":{"allow":["GET"]}}],"collection":[{"href":"https:\/\/zenkit.com\/fr\/wp-json\/wp\/v2\/pages"}],"about":[{"href":"https:\/\/zenkit.com\/fr\/wp-json\/wp\/v2\/types\/page"}],"author":[{"embeddable":true,"href":"https:\/\/zenkit.com\/fr\/wp-json\/wp\/v2\/users\/30"}],"replies":[{"embeddable":true,"href":"https:\/\/zenkit.com\/fr\/wp-json\/wp\/v2\/comments?post=73046"}],"version-history":[{"count":7,"href":"https:\/\/zenkit.com\/fr\/wp-json\/wp\/v2\/pages\/73046\/revisions"}],"predecessor-version":[{"id":175294,"href":"https:\/\/zenkit.com\/fr\/wp-json\/wp\/v2\/pages\/73046\/revisions\/175294"}],"up":[{"embeddable":true,"href":"https:\/\/zenkit.com\/fr\/wp-json\/wp\/v2\/pages\/61669"}],"wp:attachment":[{"href":"https:\/\/zenkit.com\/fr\/wp-json\/wp\/v2\/media?parent=73046"}],"curies":[{"name":"wp","href":"https:\/\/api.w.org\/{rel}","templated":true}]}}