{"id":73048,"date":"2020-05-06T14:00:27","date_gmt":"2020-05-06T12:00:27","guid":{"rendered":"https:\/\/zenkit.com\/press-kit\/zenkit-to-do-press-release\/"},"modified":"2025-09-15T22:50:44","modified_gmt":"2025-09-15T20:50:44","slug":"zenkit-to-do-press-release","status":"publish","type":"page","link":"https:\/\/zenkit.com\/fr\/press-kit\/zenkit-to-do-press-release\/","title":{"rendered":"Zenkit To Do Press Release"},"content":{"rendered":"\n<div class=\"wp-block-group has-global-padding is-layout-constrained wp-block-group-is-layout-constrained\">\n<div class=\"wp-block-group width--950 has-global-padding is-layout-constrained wp-block-group-is-layout-constrained\">\n<div style=\"height:45px;--tablet-height:45px;--mobile-height:16px\" class=\"wp-block-lookeen-blocks-responsive-spacer\"><\/div>\n\n\n\n<div class=\"wp-block-group has-global-padding is-layout-constrained wp-block-group-is-layout-constrained\">\n<h1 class=\"wp-block-heading has-text-align-center\" style=\"margin-bottom:8px\">La fermeture de Wunderlist a inspir\u00e9 une autre \u00e9quipe allemande \u00e0 concevoir une alternative viable<\/h1>\n<\/div>\n\n\n\n<div class=\"wp-block-group has-global-padding is-layout-constrained wp-block-group-is-layout-constrained\">\n<p class=\"has-text-align-center subheading\">Zenkit To Do comble le vide laiss\u00e9 par Wunderlist, qui ferme ses portes le 6 mai prochain<\/p>\n<\/div>\n\n\n\n<div style=\"height:48px;--tablet-height:36px;--mobile-height:24px\" class=\"wp-block-lookeen-blocks-responsive-spacer\"><\/div>\n\n\n\n<div class=\"wp-block-group has-global-padding is-layout-constrained wp-block-group-is-layout-constrained\">\n<p class=\"has-text-align-center press__headline has-text-color has-link-color wp-elements-c190d753c879a4a5e2390bd5444a65c6\" style=\"color:#939393;font-size:24px;font-style:normal;font-weight:700;line-height:1.5\">6 Avril 2020 \u2013 Karlsruhe, Allemagne <\/p>\n<\/div>\n<\/div>\n\n\n\n<div style=\"height:88px;--tablet-height:72px;--mobile-height:40px\" class=\"wp-block-lookeen-blocks-responsive-spacer\"><\/div>\n<\/div>\n\n\n\n<div class=\"wp-block-group has-global-padding is-layout-constrained wp-block-group-is-layout-constrained\">\n<div class=\"wp-block-columns is-layout-flex wp-container-core-columns-is-layout-b8d659ec wp-block-columns-is-layout-flex\">\n<div class=\"wp-block-column is-layout-flow wp-block-column-is-layout-flow\">\n<p class=\"has-da-grey-2-color has-text-color has-link-color wp-elements-25348cf43ff9697e767ad5bcf8a0fa6c\">La fermeture imminente de Wunderlist a laiss\u00e9 de nombreux utilisateurs inquiets de ce qu\u2019ils allaient faire de leurs donn\u00e9es, et insatisfaits de la plupart des alternatives. Zenkit To Do a \u00e9t\u00e9 cr\u00e9\u00e9 avec l\u2019intention de donner aux utilisateurs de Wunderlist un nouveau foyer.<\/p>\n\n\n\n<p class=\"has-da-grey-2-color has-text-color has-link-color wp-elements-b29b707842ab999b6c35479d9074810b\">Zenkit To Do a \u00e9t\u00e9 d\u00e9velopp\u00e9 par l\u2019\u00e9quipe derri\u00e8re Zenkit, une solution tout-en-un pour la collaboration et la gestion de projets. Bien que Zenkit soit surtout connu pour sa flexibilit\u00e9 et sa capacit\u00e9 \u00e0 s\u2019adapter \u00e0 n\u2019importe quel flux de travail, ce niveau de complexit\u00e9 est redondant pour de nombreux utilisateurs qui recherchent un simple outil de gestion des t\u00e2ches. C\u2019est pourquoi Zenkit To Do a \u00e9t\u00e9 cr\u00e9\u00e9.<\/p>\n\n\n\n<div class=\"wp-block-group has-background has-global-padding is-layout-constrained wp-container-core-group-is-layout-8412c99a wp-block-group-is-layout-constrained\" style=\"border-radius:20px;background-color:#efefef;margin-bottom:24px;padding-top:20px;padding-right:20px;padding-bottom:20px;padding-left:20px\">\n<p class=\"has-da-grey-1-color has-text-color has-link-color wp-elements-ac4bfefca4bc7b24ff5f45d1e11ecd71\" style=\"font-size:14px\">\u00ab&nbsp;Nous avons d\u00e9lib\u00e9r\u00e9ment con\u00e7u Zenkit To Do pour qu\u2019il ressemble \u00e0 Wunderlist&nbsp;\u00bb, explique Martin Welker, PDG de Zenkit.<\/p>\n<\/div>\n<\/div>\n\n\n\n<div class=\"wp-block-column is-layout-flow wp-block-column-is-layout-flow\">\n<p class=\"has-da-grey-1-color has-text-color has-link-color wp-elements-fbf8de7aebbd6cce64890f3b9e1f73e0\">\u00ab&nbsp;Le d\u00e9part de Wunderlist est une perte \u00e9norme pour des millions d\u2019utilisateurs qui ont construit leur vie autour de cette application. Nombreux sont ceux qui ont exprim\u00e9 leur d\u00e9ception face aux alternatives actuelles, dont aucune n\u2019est tout \u00e0 fait semblable \u00e0 Wunderlist. Nous voulons combler ce vide. Nous savions que nous avions l\u2019infrastructure n\u00e9cessaire pour g\u00e9rer un tel changement rapidement, et nous l\u2019avions d\u00e9j\u00e0 planifi\u00e9 pour 2020, alors nous nous sommes dit\u2026 Pourquoi pas maintenant ?&nbsp;\u00bb<\/p>\n\n\n\n<p class=\"has-da-grey-1-color has-text-color has-link-color wp-elements-9f32d0df5c05078fa7f16cec5f2dd865\">Zenkit To Do poss\u00e8de toutes les caract\u00e9ristiques qui ont fait de Wunderlist une application tant appr\u00e9ci\u00e9e. Gr\u00e2ce \u00e0 une fonction d\u2019importation en un clic, les utilisateurs pourront transf\u00e9rer leurs listes, avec leurs dates d\u2019\u00e9ch\u00e9ance et leurs t\u00e2ches favorites, directement dans Zenkit To Do.<\/p>\n<\/div>\n<\/div>\n<\/div>\n\n\n\n<div style=\"height:45px;--tablet-height:45px;--mobile-height:16px\" class=\"wp-block-lookeen-blocks-responsive-spacer\"><\/div>\n\n\n\n<figure class=\"wp-block-image aligncenter size-large is-resized border-radius--20 overflow__hidden  box__shadow\"><img loading=\"lazy\" decoding=\"async\" width=\"1024\" height=\"538\" src=\"https:\/\/zenkit.com\/wp-content\/uploads\/2021\/01\/todo-social-1024x538.jpg\" alt=\"\" class=\"wp-image-55208\" style=\"width:491px;height:auto\" srcset=\"https:\/\/zenkit.com\/wp-content\/uploads\/2021\/01\/todo-social-1024x538.jpg 1024w, https:\/\/zenkit.com\/wp-content\/uploads\/2021\/01\/todo-social-300x158.jpg 300w, https:\/\/zenkit.com\/wp-content\/uploads\/2021\/01\/todo-social-768x403.jpg 768w, https:\/\/zenkit.com\/wp-content\/uploads\/2021\/01\/todo-social.jpg 1200w\" sizes=\"auto, (max-width: 1024px) 100vw, 1024px\" \/><\/figure>\n\n\n\n<div style=\"height:88px;--tablet-height:72px;--mobile-height:40px\" class=\"wp-block-lookeen-blocks-responsive-spacer\"><\/div>\n\n\n\n<div class=\"wp-block-group has-global-padding is-layout-constrained wp-block-group-is-layout-constrained\">\n<h2 class=\"wp-block-heading has-text-align-center\" style=\"margin-bottom:0px\">La nouvelle application offre<\/h2>\n\n\n\n<div style=\"height:48px;--tablet-height:36px;--mobile-height:24px\" class=\"wp-block-lookeen-blocks-responsive-spacer\"><\/div>\n\n\n\n<div class=\"wp-block-group has-global-padding is-layout-constrained wp-block-group-is-layout-constrained\">\n<div class=\"wp-block-columns is-layout-flex wp-container-core-columns-is-layout-28f84493 wp-block-columns-is-layout-flex\">\n<div class=\"wp-block-column is-layout-flow wp-block-column-is-layout-flow\">\n<ul class=\"wp-block-list list__with-checkmark-blue-and-underline has-da-grey-2-color has-text-color has-link-color wp-elements-aff90d517533693b92e30006df87ba79\">\n<li>Bo\u00eete de r\u00e9ception<\/li>\n\n\n\n<li>Listes intelligentes : Favoris, Aujourd\u2019hui, Cette semaine, Assign\u00e9 \u00e0 moi<\/li>\n\n\n\n<li>Partage de listes<\/li>\n\n\n\n<li>Pi\u00e8ces jointes<\/li>\n\n\n\n<li>Commentaires<\/li>\n\n\n\n<li>Rappels<\/li>\n\n\n\n<li>Dossiers<\/li>\n<\/ul>\n<\/div>\n\n\n\n<div class=\"wp-block-column is-layout-flow wp-block-column-is-layout-flow\">\n<ul class=\"wp-block-list list__with-checkmark-blue-and-underline has-da-grey-2-color has-text-color has-link-color wp-elements-1b0f3d06d443adb01a52a4525ab02508\">\n<li>Sous-t\u00e2ches<\/li>\n\n\n\n<li>Support hors ligne<\/li>\n\n\n\n<li>Mode sombre<\/li>\n\n\n\n<li>@mentions des utilisateurs<\/li>\n\n\n\n<li>Pr\u00eat pour enterprise : groupes, r\u00f4les, SAML, SCIM, audit<\/li>\n\n\n\n<li>Int\u00e9gration uniforme avec Zenkit, tableau Kanban et diagramme de Gantt<\/li>\n<\/ul>\n<\/div>\n<\/div>\n<\/div>\n\n\n\n<div style=\"height:88px;--tablet-height:72px;--mobile-height:40px\" class=\"wp-block-lookeen-blocks-responsive-spacer\"><\/div>\n\n\n\n<div class=\"wp-block-group has-global-padding is-layout-constrained wp-container-core-group-is-layout-7cc94c3e wp-block-group-is-layout-constrained\">\n<div class=\"wp-block-group has-global-padding is-layout-constrained wp-block-group-is-layout-constrained\">\n<p class=\"has-text-align-center has-da-grey-2-color has-text-color has-link-color wp-elements-16876be6de864bbb6a8e67e7bf0ce08b\">Le march\u00e9 des logiciels de productivit\u00e9 devrait cro\u00eetre \u00e0 un taux de croissance annuel moyen de 16,5 % pour atteindre 96,36 milliards de dollars en 2025. Cela met en \u00e9vidence la demande croissante de solutions qui aident \u00e0 g\u00e9rer et \u00e0 surveiller les processus de travail. Dans un march\u00e9 inond\u00e9 de solutions, il y a encore une marge de croissance et beaucoup d\u2019opportunit\u00e9s pour de nouveaux outils, surtout \u00e0 une \u00e9poque o\u00f9 de plus en plus de personnes travaillent \u00e0 domicile.<\/p>\n<\/div>\n\n\n\n<div style=\"height:88px;--tablet-height:72px;--mobile-height:40px\" class=\"wp-block-lookeen-blocks-responsive-spacer\"><\/div>\n\n\n\n<h3 class=\"wp-block-heading has-text-align-center\" style=\"margin-bottom:8px;font-style:normal;font-weight:700\">\u00c0 propos de Zenkit&nbsp;<\/h3>\n\n\n\n<p class=\"has-text-align-center has-da-grey-2-color has-text-color has-link-color wp-elements-50c4112a0de44bc5fc628206f833bb6e\">Zenkit est une startup form\u00e9e sous Axonic GmbH, une soci\u00e9t\u00e9 allemande fond\u00e9e en 2003. La plateforme SaaS de gestion de projet et de collaboration a \u00e9t\u00e9 lanc\u00e9e en octobre 2016. Zenkit To Do, une alternative \u00e0 Wunderlist, a \u00e9t\u00e9 d\u00e9velopp\u00e9e et publi\u00e9e par Zenkit.<\/p>\n<\/div>\n<\/div>\n\n\n\n<div style=\"height:110px;--tablet-height:60px;--mobile-height:48px\" class=\"wp-block-lookeen-blocks-responsive-spacer\"><\/div>\n\n\n\n<p><\/p>\n","protected":false},"excerpt":{"rendered":"<p>La fermeture de Wunderlist a inspir\u00e9 une autre \u00e9quipe allemande \u00e0 concevoir une alternative viable Zenkit To Do comble le vide laiss\u00e9 par Wunderlist, qui ferme ses portes le 6 mai prochain 6 Avril 2020 \u2013 Karlsruhe, Allemagne La fermeture imminente de Wunderlist a laiss\u00e9 de nombreux utilisateurs inquiets de ce qu\u2019ils allaient faire de [&hellip;]<\/p>\n","protected":false},"author":30,"featured_media":0,"parent":61669,"menu_order":6,"comment_status":"closed","ping_status":"closed","template":"","meta":{"yasr_overall_rating":0,"yasr_post_is_review":"","yasr_auto_insert_disabled":"","yasr_review_type":"","footnotes":""},"class_list":["post-73048","page","type-page","status-publish","hentry"],"yoast_head":"<!-- This site is optimized with the Yoast SEO plugin v27.4 - https:\/\/yoast.com\/product\/yoast-seo-wordpress\/ -->\n<title>Zenkit To Do Press Release | Zenkit<\/title>\n<meta name=\"description\" content=\"Wunderlist shutdown inspires another German team to build viable alternative. Zenkit To Do fills the gap left by Wunderlist as it closes on May 6th 2020.\" \/>\n<meta name=\"robots\" content=\"index, follow, max-snippet:-1, max-image-preview:large, max-video-preview:-1\" \/>\n<link rel=\"canonical\" href=\"https:\/\/zenkit.com\/fr\/press-kit\/zenkit-to-do-press-release\/\" \/>\n<meta property=\"og:locale\" content=\"fr_FR\" \/>\n<meta property=\"og:type\" content=\"article\" \/>\n<meta property=\"og:title\" content=\"Zenkit To Do Press Release | Zenkit\" \/>\n<meta property=\"og:description\" content=\"Wunderlist shutdown inspires another German team to build viable alternative. Zenkit To Do fills the gap left by Wunderlist as it closes on May 6th 2020.\" \/>\n<meta property=\"og:url\" content=\"https:\/\/zenkit.com\/fr\/press-kit\/zenkit-to-do-press-release\/\" \/>\n<meta property=\"og:site_name\" content=\"Zenkit\" \/>\n<meta property=\"article:publisher\" content=\"https:\/\/www.facebook.com\/ZenkitHQ\" \/>\n<meta property=\"article:modified_time\" content=\"2025-09-15T20:50:44+00:00\" \/>\n<meta property=\"og:image\" content=\"https:\/\/zenkit.com\/wp-content\/uploads\/2021\/01\/todo-social-1024x538.jpg\" \/>\n<meta name=\"twitter:card\" content=\"summary_large_image\" \/>\n<meta name=\"twitter:site\" content=\"@ZenkitHQ\" \/>\n<meta name=\"twitter:label1\" content=\"Dur\u00e9e de lecture estim\u00e9e\" \/>\n\t<meta name=\"twitter:data1\" content=\"2 minutes\" \/>\n<script type=\"application\/ld+json\" class=\"yoast-schema-graph\">{\"@context\":\"https:\\\/\\\/schema.org\",\"@graph\":[{\"@type\":\"WebPage\",\"@id\":\"https:\\\/\\\/zenkit.com\\\/fr\\\/press-kit\\\/zenkit-to-do-press-release\\\/\",\"url\":\"https:\\\/\\\/zenkit.com\\\/fr\\\/press-kit\\\/zenkit-to-do-press-release\\\/\",\"name\":\"Zenkit To Do Press Release | Zenkit\",\"isPartOf\":{\"@id\":\"https:\\\/\\\/zenkit.com\\\/fr\\\/#website\"},\"primaryImageOfPage\":{\"@id\":\"https:\\\/\\\/zenkit.com\\\/fr\\\/press-kit\\\/zenkit-to-do-press-release\\\/#primaryimage\"},\"image\":{\"@id\":\"https:\\\/\\\/zenkit.com\\\/fr\\\/press-kit\\\/zenkit-to-do-press-release\\\/#primaryimage\"},\"thumbnailUrl\":\"https:\\\/\\\/zenkit.com\\\/wp-content\\\/uploads\\\/2021\\\/01\\\/todo-social-1024x538.jpg\",\"datePublished\":\"2020-05-06T12:00:27+00:00\",\"dateModified\":\"2025-09-15T20:50:44+00:00\",\"description\":\"Wunderlist shutdown inspires another German team to build viable alternative. Zenkit To Do fills the gap left by Wunderlist as it closes on May 6th 2020.\",\"breadcrumb\":{\"@id\":\"https:\\\/\\\/zenkit.com\\\/fr\\\/press-kit\\\/zenkit-to-do-press-release\\\/#breadcrumb\"},\"inLanguage\":\"fr-FR\",\"potentialAction\":[{\"@type\":\"ReadAction\",\"target\":[\"https:\\\/\\\/zenkit.com\\\/fr\\\/press-kit\\\/zenkit-to-do-press-release\\\/\"]}]},{\"@type\":\"ImageObject\",\"inLanguage\":\"fr-FR\",\"@id\":\"https:\\\/\\\/zenkit.com\\\/fr\\\/press-kit\\\/zenkit-to-do-press-release\\\/#primaryimage\",\"url\":\"https:\\\/\\\/zenkit.com\\\/wp-content\\\/uploads\\\/2021\\\/01\\\/todo-social-1024x538.jpg\",\"contentUrl\":\"https:\\\/\\\/zenkit.com\\\/wp-content\\\/uploads\\\/2021\\\/01\\\/todo-social-1024x538.jpg\"},{\"@type\":\"BreadcrumbList\",\"@id\":\"https:\\\/\\\/zenkit.com\\\/fr\\\/press-kit\\\/zenkit-to-do-press-release\\\/#breadcrumb\",\"itemListElement\":[{\"@type\":\"ListItem\",\"position\":1,\"name\":\"Home\",\"item\":\"https:\\\/\\\/zenkit.com\\\/fr\\\/\"},{\"@type\":\"ListItem\",\"position\":2,\"name\":\"Dossier de presse\",\"item\":\"https:\\\/\\\/zenkit.com\\\/fr\\\/press-kit\\\/\"},{\"@type\":\"ListItem\",\"position\":3,\"name\":\"Zenkit To Do Press Release\"}]},{\"@type\":\"WebSite\",\"@id\":\"https:\\\/\\\/zenkit.com\\\/fr\\\/#website\",\"url\":\"https:\\\/\\\/zenkit.com\\\/fr\\\/\",\"name\":\"Zenkit\",\"description\":\"Zenkit Tagline\",\"potentialAction\":[{\"@type\":\"SearchAction\",\"target\":{\"@type\":\"EntryPoint\",\"urlTemplate\":\"https:\\\/\\\/zenkit.com\\\/fr\\\/?s={search_term_string}\"},\"query-input\":{\"@type\":\"PropertyValueSpecification\",\"valueRequired\":true,\"valueName\":\"search_term_string\"}}],\"inLanguage\":\"fr-FR\"},false]}<\/script>\n<!-- \/ Yoast SEO plugin. -->","yoast_head_json":{"title":"Zenkit To Do Press Release | Zenkit","description":"Wunderlist shutdown inspires another German team to build viable alternative. Zenkit To Do fills the gap left by Wunderlist as it closes on May 6th 2020.","robots":{"index":"index","follow":"follow","max-snippet":"max-snippet:-1","max-image-preview":"max-image-preview:large","max-video-preview":"max-video-preview:-1"},"canonical":"https:\/\/zenkit.com\/fr\/press-kit\/zenkit-to-do-press-release\/","og_locale":"fr_FR","og_type":"article","og_title":"Zenkit To Do Press Release | Zenkit","og_description":"Wunderlist shutdown inspires another German team to build viable alternative. Zenkit To Do fills the gap left by Wunderlist as it closes on May 6th 2020.","og_url":"https:\/\/zenkit.com\/fr\/press-kit\/zenkit-to-do-press-release\/","og_site_name":"Zenkit","article_publisher":"https:\/\/www.facebook.com\/ZenkitHQ","article_modified_time":"2025-09-15T20:50:44+00:00","og_image":[{"url":"https:\/\/zenkit.com\/wp-content\/uploads\/2021\/01\/todo-social-1024x538.jpg","type":"","width":"","height":""}],"twitter_card":"summary_large_image","twitter_site":"@ZenkitHQ","twitter_misc":{"Dur\u00e9e de lecture estim\u00e9e":"2 minutes"},"schema":{"@context":"https:\/\/schema.org","@graph":[{"@type":"WebPage","@id":"https:\/\/zenkit.com\/fr\/press-kit\/zenkit-to-do-press-release\/","url":"https:\/\/zenkit.com\/fr\/press-kit\/zenkit-to-do-press-release\/","name":"Zenkit To Do Press Release | Zenkit","isPartOf":{"@id":"https:\/\/zenkit.com\/fr\/#website"},"primaryImageOfPage":{"@id":"https:\/\/zenkit.com\/fr\/press-kit\/zenkit-to-do-press-release\/#primaryimage"},"image":{"@id":"https:\/\/zenkit.com\/fr\/press-kit\/zenkit-to-do-press-release\/#primaryimage"},"thumbnailUrl":"https:\/\/zenkit.com\/wp-content\/uploads\/2021\/01\/todo-social-1024x538.jpg","datePublished":"2020-05-06T12:00:27+00:00","dateModified":"2025-09-15T20:50:44+00:00","description":"Wunderlist shutdown inspires another German team to build viable alternative. Zenkit To Do fills the gap left by Wunderlist as it closes on May 6th 2020.","breadcrumb":{"@id":"https:\/\/zenkit.com\/fr\/press-kit\/zenkit-to-do-press-release\/#breadcrumb"},"inLanguage":"fr-FR","potentialAction":[{"@type":"ReadAction","target":["https:\/\/zenkit.com\/fr\/press-kit\/zenkit-to-do-press-release\/"]}]},{"@type":"ImageObject","inLanguage":"fr-FR","@id":"https:\/\/zenkit.com\/fr\/press-kit\/zenkit-to-do-press-release\/#primaryimage","url":"https:\/\/zenkit.com\/wp-content\/uploads\/2021\/01\/todo-social-1024x538.jpg","contentUrl":"https:\/\/zenkit.com\/wp-content\/uploads\/2021\/01\/todo-social-1024x538.jpg"},{"@type":"BreadcrumbList","@id":"https:\/\/zenkit.com\/fr\/press-kit\/zenkit-to-do-press-release\/#breadcrumb","itemListElement":[{"@type":"ListItem","position":1,"name":"Home","item":"https:\/\/zenkit.com\/fr\/"},{"@type":"ListItem","position":2,"name":"Dossier de presse","item":"https:\/\/zenkit.com\/fr\/press-kit\/"},{"@type":"ListItem","position":3,"name":"Zenkit To Do Press Release"}]},{"@type":"WebSite","@id":"https:\/\/zenkit.com\/fr\/#website","url":"https:\/\/zenkit.com\/fr\/","name":"Zenkit","description":"Zenkit Tagline","potentialAction":[{"@type":"SearchAction","target":{"@type":"EntryPoint","urlTemplate":"https:\/\/zenkit.com\/fr\/?s={search_term_string}"},"query-input":{"@type":"PropertyValueSpecification","valueRequired":true,"valueName":"search_term_string"}}],"inLanguage":"fr-FR"},false]}},"yasr_visitor_votes":{"stars_attributes":{"read_only":false,"span_bottom":false},"number_of_votes":0,"sum_votes":0},"_links":{"self":[{"href":"https:\/\/zenkit.com\/fr\/wp-json\/wp\/v2\/pages\/73048","targetHints":{"allow":["GET"]}}],"collection":[{"href":"https:\/\/zenkit.com\/fr\/wp-json\/wp\/v2\/pages"}],"about":[{"href":"https:\/\/zenkit.com\/fr\/wp-json\/wp\/v2\/types\/page"}],"author":[{"embeddable":true,"href":"https:\/\/zenkit.com\/fr\/wp-json\/wp\/v2\/users\/30"}],"replies":[{"embeddable":true,"href":"https:\/\/zenkit.com\/fr\/wp-json\/wp\/v2\/comments?post=73048"}],"version-history":[{"count":2,"href":"https:\/\/zenkit.com\/fr\/wp-json\/wp\/v2\/pages\/73048\/revisions"}],"predecessor-version":[{"id":152847,"href":"https:\/\/zenkit.com\/fr\/wp-json\/wp\/v2\/pages\/73048\/revisions\/152847"}],"up":[{"embeddable":true,"href":"https:\/\/zenkit.com\/fr\/wp-json\/wp\/v2\/pages\/61669"}],"wp:attachment":[{"href":"https:\/\/zenkit.com\/fr\/wp-json\/wp\/v2\/media?parent=73048"}],"curies":[{"name":"wp","href":"https:\/\/api.w.org\/{rel}","templated":true}]}}