{"id":73050,"date":"2019-12-18T09:42:39","date_gmt":"2019-12-18T08:42:39","guid":{"rendered":"https:\/\/zenkit.com\/press-kit\/zenkit-launches-new-wiki-view\/"},"modified":"2025-10-15T23:29:00","modified_gmt":"2025-10-15T21:29:00","slug":"zenkit-launches-new-wiki-view","status":"publish","type":"page","link":"https:\/\/zenkit.com\/fr\/press-kit\/zenkit-launches-new-wiki-view\/","title":{"rendered":"Zenkit Launches New Wiki View"},"content":{"rendered":"\n<div class=\"wp-block-group has-global-padding is-layout-constrained wp-block-group-is-layout-constrained\">\n<div class=\"wp-block-group width--950 has-global-padding is-layout-constrained wp-block-group-is-layout-constrained\">\n<div style=\"height:45px;--tablet-height:45px;--mobile-height:16px\" class=\"wp-block-lookeen-blocks-responsive-spacer\"><\/div>\n\n\n\n<div class=\"wp-block-group has-global-padding is-layout-constrained wp-block-group-is-layout-constrained\">\n<h1 class=\"wp-block-heading has-text-align-center\" style=\"margin-bottom:8px\">Zenkit lance un nouvel affichage Wiki et renforce sa position en tant que solution tout-en-un pour tous vos besoins en mati\u00e8re de travail.<\/h1>\n<\/div>\n\n\n\n<div class=\"wp-block-group has-global-padding is-layout-constrained wp-block-group-is-layout-constrained\">\n<p class=\"has-text-align-center subheading\">Pr\u00e9sentation du nouvel affichage wiki, une plateforme de partage de connaissances et de gestion de contenu qui peut am\u00e9liorer la collaboration et connecter les individus \u00e0 une multitude de donn\u00e9es pr\u00e9cieuses.<\/p>\n<\/div>\n\n\n\n<div style=\"height:48px;--tablet-height:36px;--mobile-height:24px\" class=\"wp-block-lookeen-blocks-responsive-spacer\"><\/div>\n\n\n\n<div class=\"wp-block-group has-global-padding is-layout-constrained wp-block-group-is-layout-constrained\">\n<p class=\"has-text-align-center press__headline has-text-color has-link-color wp-elements-08ec0ac97aa690f1e533f434c9a9b60d\" style=\"color:#939393;font-size:24px;font-style:normal;font-weight:700;line-height:1.5\">Mardi 17 D\u00e9cembre 2019 \u2013 Karlsruhe, Allemagne<\/p>\n<\/div>\n<\/div>\n\n\n\n<div style=\"height:88px;--tablet-height:72px;--mobile-height:40px\" class=\"wp-block-lookeen-blocks-responsive-spacer\"><\/div>\n<\/div>\n\n\n\n<div class=\"wp-block-group has-global-padding is-layout-constrained wp-block-group-is-layout-constrained\">\n<div class=\"wp-block-columns is-layout-flex wp-container-core-columns-is-layout-b8d659ec wp-block-columns-is-layout-flex\">\n<div class=\"wp-block-column is-layout-flow wp-block-column-is-layout-flow\">\n<p class=\"has-da-grey-2-color has-text-color has-link-color wp-elements-3dd63ab721872b79e576f71ba53a3079\">Aujourd\u2019hui, l\u2019\u00e9quipe de Zenkit annonce le lancement de son affichage wiki. Cette nouvelle fonctionnalit\u00e9 offre aux utilisateurs un espace de partage et de gestion des connaissances, ainsi qu\u2019une nouvelle fa\u00e7on d\u2019organiser et de visualiser leurs donn\u00e9es.<\/p>\n\n\n\n<p class=\"has-da-grey-2-color has-text-color has-link-color wp-elements-1e7fd0cebeca98c6decec48488d1a2ed\">Les donn\u00e9es d\u2019entreprise sont de plus en plus difficiles \u00e0 g\u00e9rer. L\u2019International Data Corporation (IDC)&nbsp;<a href=\"https:\/\/www.thoughtfarmer.com\/blog\/knowledge-management-what-it-is-and-why-it-matters\/\">pr\u00e9voit&nbsp;<\/a>que d\u2019ici 2020, environ 80 \u00e0 90 % des donn\u00e9es des entreprises seront non structur\u00e9es en raison de la circulation constante des donn\u00e9es entre les r\u00e9seaux sociaux et les courriels. En tant que plateforme de base de connaissances, l\u2019affichage wiki invite plusieurs utilisateurs \u00e0 cr\u00e9er et co-\u00e9diter du contenu en collaboration.<\/p>\n\n\n\n<p class=\"has-da-grey-2-color has-text-color has-link-color wp-elements-e3d96d1315eca1c299a6e432bafbcfa6\">En utilisant l\u2019affichage wiki, les \u00e9quipes et les groupes de personnes partageant les m\u00eames id\u00e9es peuvent se transmettre des informations, qu\u2019il s\u2019agisse d\u2019annoncer des nouvelles ou d\u2019\u00e9changer des connaissances. Cela peut contribuer \u00e0 stimuler la croissance et l\u2019innovation, et permet aussi une meilleure prise de d\u00e9cision.<\/p>\n<\/div>\n\n\n\n<div class=\"wp-block-column is-layout-flow wp-block-column-is-layout-flow\">\n<p class=\"has-da-grey-2-color has-text-color has-link-color wp-elements-0aa61e1fe7a1c047ba3076a9aca17d0f\">Trois ans apr\u00e8s son lancement, l\u2019\u00e9quipe de Karlsruhe, en Allemagne, poursuit sa mission consistant \u00e0 positionner Zenkit comme une puissante solution tout-en-un pour la gestion de projets et les besoins de productivit\u00e9.<\/p>\n\n\n\n<div class=\"wp-block-group has-background has-global-padding is-layout-constrained wp-container-core-group-is-layout-8412c99a wp-block-group-is-layout-constrained\" style=\"border-radius:20px;background-color:#efefef;margin-bottom:24px;padding-top:20px;padding-right:20px;padding-bottom:20px;padding-left:20px\">\n<p class=\"has-da-grey-1-color has-text-color has-link-color wp-elements-0b33432479b40f306abde988649cca25\" style=\"font-size:14px\">\u00ab&nbsp;Nous souhaitons vraiment permettre \u00e0 nos utilisateurs de publier leur contenu de plusieurs fa\u00e7ons&nbsp;\u00bb, explique Martin Welker, PDG de Zenkit. \u00ab&nbsp;Avec le lancement de l\u2019affichage wiki, nous permettons \u00e0 tous d\u2019utiliser Zenkit comme un syst\u00e8me de gestion de contenu pour un wiki complet et riche en fonctionnalit\u00e9s. Cette fonctionnalit\u00e9 \u00e9tait attendue depuis longtemps. Notre propre base de connaissances, par exemple, est une version alpha de ce syst\u00e8me depuis deux ans !&nbsp;\u00bb<\/p>\n<\/div>\n<\/div>\n<\/div>\n<\/div>\n\n\n\n<div style=\"height:45px;--tablet-height:45px;--mobile-height:16px\" class=\"wp-block-lookeen-blocks-responsive-spacer\"><\/div>\n\n\n\n<figure class=\"wp-block-image aligncenter size-full is-resized border-radius--20 overflow__hidden  box__shadow\"><img loading=\"lazy\" decoding=\"async\" width=\"1024\" height=\"538\" src=\"https:\/\/zenkit.com\/wp-content\/uploads\/2025\/05\/base-1024x538-1.webp\" alt=\"\" class=\"wp-image-115467\" style=\"width:491px;height:auto\" srcset=\"https:\/\/zenkit.com\/wp-content\/uploads\/2025\/05\/base-1024x538-1.webp 1024w, https:\/\/zenkit.com\/wp-content\/uploads\/2025\/05\/base-1024x538-1-300x158.webp 300w, https:\/\/zenkit.com\/wp-content\/uploads\/2025\/05\/base-1024x538-1-768x404.webp 768w\" sizes=\"auto, (max-width: 1024px) 100vw, 1024px\" \/><\/figure>\n\n\n\n<div style=\"height:88px;--tablet-height:72px;--mobile-height:40px\" class=\"wp-block-lookeen-blocks-responsive-spacer\"><\/div>\n\n\n\n<div class=\"wp-block-group has-global-padding is-layout-constrained wp-block-group-is-layout-constrained\">\n<h2 class=\"wp-block-heading has-text-align-center\" style=\"margin-bottom:0px\">\u00c0 quoi s\u2019attendre:<\/h2>\n\n\n\n<div style=\"height:48px;--tablet-height:36px;--mobile-height:24px\" class=\"wp-block-lookeen-blocks-responsive-spacer\"><\/div>\n\n\n\n<div class=\"wp-block-group has-global-padding is-layout-constrained wp-block-group-is-layout-constrained\">\n<div class=\"wp-block-columns is-layout-flex wp-container-core-columns-is-layout-28f84493 wp-block-columns-is-layout-flex\">\n<div class=\"wp-block-column is-layout-flow wp-block-column-is-layout-flow\">\n<ul class=\"wp-block-list list__with-checkmark-blue-and-underline has-da-grey-2-color has-text-color has-link-color wp-elements-530e09636a3610b26292026570c0a454\">\n<li><strong>Simplicit\u00e9&nbsp;<\/strong>:&nbsp;Cr\u00e9ez facilement un wiki \u00e0 partir de vos donn\u00e9es Zenkit existantes, ou cr\u00e9ez-en un de toutes pi\u00e8ces. Collaborez sur toutes les pages du wiki avec votre \u00e9quipe Zenkit.<\/li>\n\n\n\n<li><strong>Flexibilit\u00e9&nbsp;<\/strong>: Regroupez l\u2019affichage wiki en diff\u00e9rents types de champs pour cr\u00e9er un style de navigation qui vous convient. Vous pouvez choisir entre un regroupement alphab\u00e9tique par champ de texte, par sous-items ou par \u00e9tiquettes.<\/li>\n\n\n\n<li><strong>Connectivit\u00e9&nbsp;<\/strong>: Ajoutez des liens riches \u00e0 n\u2019importe quels items, fichiers ou collections auxquels vous avez acc\u00e8s. Zenkit affichera un bel aper\u00e7u personnalis\u00e9 de ces liens.<\/li>\n<\/ul>\n<\/div>\n\n\n\n<div class=\"wp-block-column is-layout-flow wp-block-column-is-layout-flow\">\n<ul class=\"wp-block-list list__with-checkmark-blue-and-underline has-da-grey-2-color has-text-color has-link-color wp-elements-8caa9f98356f07d7ab67301158626ed4\">\n<li><strong>Adaptabilit\u00e9<\/strong>: Choisissez entre du texte brut, markdown et HTML.<\/li>\n\n\n\n<li><strong>Personnalisation&nbsp;<\/strong>: Modifiez la page d\u2019accueil pour r\u00e9pondre \u00e0 vos besoins. Ajoutez des images ou des fichiers et int\u00e9grez des vid\u00e9os, r\u00e9seaux sociaux et plus encore.<\/li>\n\n\n\n<li><strong>Puissance&nbsp;<\/strong>: Utilisez les puissantes fonctions de filtrage de Zenkit pour cibler rapidement les articles dont vous avez besoin et trouver exactement ce que vous cherchez.<\/li>\n<\/ul>\n<\/div>\n<\/div>\n<\/div>\n\n\n\n<div class=\"wp-block-group has-global-padding is-layout-constrained wp-container-core-group-is-layout-7cc94c3e wp-block-group-is-layout-constrained\">\n<div style=\"height:88px;--tablet-height:72px;--mobile-height:40px\" class=\"wp-block-lookeen-blocks-responsive-spacer\"><\/div>\n\n\n\n<h3 class=\"wp-block-heading has-text-align-center\" style=\"margin-bottom:8px;font-style:normal;font-weight:700\">\u00c0 propos de Zenkit<\/h3>\n\n\n\n<p class=\"has-text-align-center has-da-grey-2-color has-text-color has-link-color wp-elements-b6632f363bd11681884e61d7b0a5f035\">Zenkit est une plateforme de gestion de projets et de construction de bases de donn\u00e9es cr\u00e9\u00e9e par Axonic GmbH en Allemagne. Elle a \u00e9t\u00e9 lanc\u00e9e en Octobre 2016.<\/p>\n<\/div>\n<\/div>\n\n\n\n<div style=\"height:110px;--tablet-height:60px;--mobile-height:48px\" class=\"wp-block-lookeen-blocks-responsive-spacer\"><\/div>\n","protected":false},"excerpt":{"rendered":"<p>Zenkit lance un nouvel affichage Wiki et renforce sa position en tant que solution tout-en-un pour tous vos besoins en mati\u00e8re de travail. Pr\u00e9sentation du nouvel affichage wiki, une plateforme de partage de connaissances et de gestion de contenu qui peut am\u00e9liorer la collaboration et connecter les individus \u00e0 une multitude de donn\u00e9es pr\u00e9cieuses. Mardi [&hellip;]<\/p>\n","protected":false},"author":30,"featured_media":0,"parent":61669,"menu_order":7,"comment_status":"closed","ping_status":"closed","template":"","meta":{"yasr_overall_rating":0,"yasr_post_is_review":"","yasr_auto_insert_disabled":"","yasr_review_type":"","footnotes":""},"class_list":["post-73050","page","type-page","status-publish","hentry"],"yoast_head":"<!-- This site is optimized with the Yoast SEO plugin v27.5 - https:\/\/yoast.com\/product\/yoast-seo-wordpress\/ -->\n<title>Zenkit Launches New Wiki View | Zenkit<\/title>\n<meta name=\"description\" content=\"Zenkit releases new wiki view! A knowledge sharing and content management platform that can enhance collaboration and connect individuals to a wealth of valuable data.\" \/>\n<meta name=\"robots\" content=\"index, follow, max-snippet:-1, max-image-preview:large, max-video-preview:-1\" \/>\n<link rel=\"canonical\" href=\"https:\/\/zenkit.com\/fr\/press-kit\/zenkit-launches-new-wiki-view\/\" \/>\n<meta property=\"og:locale\" content=\"fr_FR\" \/>\n<meta property=\"og:type\" content=\"article\" \/>\n<meta property=\"og:title\" content=\"Zenkit Launches New Wiki View | Zenkit\" \/>\n<meta property=\"og:description\" content=\"Zenkit releases new wiki view! A knowledge sharing and content management platform that can enhance collaboration and connect individuals to a wealth of valuable data.\" \/>\n<meta property=\"og:url\" content=\"https:\/\/zenkit.com\/fr\/press-kit\/zenkit-launches-new-wiki-view\/\" \/>\n<meta property=\"og:site_name\" content=\"Zenkit\" \/>\n<meta property=\"article:publisher\" content=\"https:\/\/www.facebook.com\/ZenkitHQ\" \/>\n<meta property=\"article:modified_time\" content=\"2025-10-15T21:29:00+00:00\" \/>\n<meta property=\"og:image\" content=\"https:\/\/zenkit.com\/wp-content\/uploads\/2025\/05\/base-1024x538-1.webp\" \/>\n\t<meta property=\"og:image:width\" content=\"1024\" \/>\n\t<meta property=\"og:image:height\" content=\"538\" \/>\n\t<meta property=\"og:image:type\" content=\"image\/webp\" \/>\n<meta name=\"twitter:card\" content=\"summary_large_image\" \/>\n<meta name=\"twitter:site\" content=\"@ZenkitHQ\" \/>\n<meta name=\"twitter:label1\" content=\"Dur\u00e9e de lecture estim\u00e9e\" \/>\n\t<meta name=\"twitter:data1\" content=\"8 minutes\" \/>\n<script type=\"application\/ld+json\" class=\"yoast-schema-graph\">{\"@context\":\"https:\\\/\\\/schema.org\",\"@graph\":[{\"@type\":\"WebPage\",\"@id\":\"https:\\\/\\\/zenkit.com\\\/fr\\\/press-kit\\\/zenkit-launches-new-wiki-view\\\/\",\"url\":\"https:\\\/\\\/zenkit.com\\\/fr\\\/press-kit\\\/zenkit-launches-new-wiki-view\\\/\",\"name\":\"Zenkit Launches New Wiki View | Zenkit\",\"isPartOf\":{\"@id\":\"https:\\\/\\\/zenkit.com\\\/fr\\\/#website\"},\"primaryImageOfPage\":{\"@id\":\"https:\\\/\\\/zenkit.com\\\/fr\\\/press-kit\\\/zenkit-launches-new-wiki-view\\\/#primaryimage\"},\"image\":{\"@id\":\"https:\\\/\\\/zenkit.com\\\/fr\\\/press-kit\\\/zenkit-launches-new-wiki-view\\\/#primaryimage\"},\"thumbnailUrl\":\"https:\\\/\\\/zenkit.com\\\/wp-content\\\/uploads\\\/2025\\\/05\\\/base-1024x538-1.webp\",\"datePublished\":\"2019-12-18T08:42:39+00:00\",\"dateModified\":\"2025-10-15T21:29:00+00:00\",\"description\":\"Zenkit releases new wiki view! A knowledge sharing and content management platform that can enhance collaboration and connect individuals to a wealth of valuable data.\",\"breadcrumb\":{\"@id\":\"https:\\\/\\\/zenkit.com\\\/fr\\\/press-kit\\\/zenkit-launches-new-wiki-view\\\/#breadcrumb\"},\"inLanguage\":\"fr-FR\",\"potentialAction\":[{\"@type\":\"ReadAction\",\"target\":[\"https:\\\/\\\/zenkit.com\\\/fr\\\/press-kit\\\/zenkit-launches-new-wiki-view\\\/\"]}]},{\"@type\":\"ImageObject\",\"inLanguage\":\"fr-FR\",\"@id\":\"https:\\\/\\\/zenkit.com\\\/fr\\\/press-kit\\\/zenkit-launches-new-wiki-view\\\/#primaryimage\",\"url\":\"https:\\\/\\\/zenkit.com\\\/wp-content\\\/uploads\\\/2025\\\/05\\\/base-1024x538-1.webp\",\"contentUrl\":\"https:\\\/\\\/zenkit.com\\\/wp-content\\\/uploads\\\/2025\\\/05\\\/base-1024x538-1.webp\"},{\"@type\":\"BreadcrumbList\",\"@id\":\"https:\\\/\\\/zenkit.com\\\/fr\\\/press-kit\\\/zenkit-launches-new-wiki-view\\\/#breadcrumb\",\"itemListElement\":[{\"@type\":\"ListItem\",\"position\":1,\"name\":\"Home\",\"item\":\"https:\\\/\\\/zenkit.com\\\/fr\\\/\"},{\"@type\":\"ListItem\",\"position\":2,\"name\":\"Dossier de presse\",\"item\":\"https:\\\/\\\/zenkit.com\\\/fr\\\/press-kit\\\/\"},{\"@type\":\"ListItem\",\"position\":3,\"name\":\"Zenkit Launches New Wiki View\"}]},{\"@type\":\"WebSite\",\"@id\":\"https:\\\/\\\/zenkit.com\\\/fr\\\/#website\",\"url\":\"https:\\\/\\\/zenkit.com\\\/fr\\\/\",\"name\":\"Zenkit\",\"description\":\"Zenkit Tagline\",\"potentialAction\":[{\"@type\":\"SearchAction\",\"target\":{\"@type\":\"EntryPoint\",\"urlTemplate\":\"https:\\\/\\\/zenkit.com\\\/fr\\\/?s={search_term_string}\"},\"query-input\":{\"@type\":\"PropertyValueSpecification\",\"valueRequired\":true,\"valueName\":\"search_term_string\"}}],\"inLanguage\":\"fr-FR\"},false]}<\/script>\n<!-- \/ Yoast SEO plugin. -->","yoast_head_json":{"title":"Zenkit Launches New Wiki View | Zenkit","description":"Zenkit releases new wiki view! A knowledge sharing and content management platform that can enhance collaboration and connect individuals to a wealth of valuable data.","robots":{"index":"index","follow":"follow","max-snippet":"max-snippet:-1","max-image-preview":"max-image-preview:large","max-video-preview":"max-video-preview:-1"},"canonical":"https:\/\/zenkit.com\/fr\/press-kit\/zenkit-launches-new-wiki-view\/","og_locale":"fr_FR","og_type":"article","og_title":"Zenkit Launches New Wiki View | Zenkit","og_description":"Zenkit releases new wiki view! A knowledge sharing and content management platform that can enhance collaboration and connect individuals to a wealth of valuable data.","og_url":"https:\/\/zenkit.com\/fr\/press-kit\/zenkit-launches-new-wiki-view\/","og_site_name":"Zenkit","article_publisher":"https:\/\/www.facebook.com\/ZenkitHQ","article_modified_time":"2025-10-15T21:29:00+00:00","og_image":[{"width":1024,"height":538,"url":"https:\/\/zenkit.com\/wp-content\/uploads\/2025\/05\/base-1024x538-1.webp","type":"image\/webp"}],"twitter_card":"summary_large_image","twitter_site":"@ZenkitHQ","twitter_misc":{"Dur\u00e9e de lecture estim\u00e9e":"8 minutes"},"schema":{"@context":"https:\/\/schema.org","@graph":[{"@type":"WebPage","@id":"https:\/\/zenkit.com\/fr\/press-kit\/zenkit-launches-new-wiki-view\/","url":"https:\/\/zenkit.com\/fr\/press-kit\/zenkit-launches-new-wiki-view\/","name":"Zenkit Launches New Wiki View | Zenkit","isPartOf":{"@id":"https:\/\/zenkit.com\/fr\/#website"},"primaryImageOfPage":{"@id":"https:\/\/zenkit.com\/fr\/press-kit\/zenkit-launches-new-wiki-view\/#primaryimage"},"image":{"@id":"https:\/\/zenkit.com\/fr\/press-kit\/zenkit-launches-new-wiki-view\/#primaryimage"},"thumbnailUrl":"https:\/\/zenkit.com\/wp-content\/uploads\/2025\/05\/base-1024x538-1.webp","datePublished":"2019-12-18T08:42:39+00:00","dateModified":"2025-10-15T21:29:00+00:00","description":"Zenkit releases new wiki view! A knowledge sharing and content management platform that can enhance collaboration and connect individuals to a wealth of valuable data.","breadcrumb":{"@id":"https:\/\/zenkit.com\/fr\/press-kit\/zenkit-launches-new-wiki-view\/#breadcrumb"},"inLanguage":"fr-FR","potentialAction":[{"@type":"ReadAction","target":["https:\/\/zenkit.com\/fr\/press-kit\/zenkit-launches-new-wiki-view\/"]}]},{"@type":"ImageObject","inLanguage":"fr-FR","@id":"https:\/\/zenkit.com\/fr\/press-kit\/zenkit-launches-new-wiki-view\/#primaryimage","url":"https:\/\/zenkit.com\/wp-content\/uploads\/2025\/05\/base-1024x538-1.webp","contentUrl":"https:\/\/zenkit.com\/wp-content\/uploads\/2025\/05\/base-1024x538-1.webp"},{"@type":"BreadcrumbList","@id":"https:\/\/zenkit.com\/fr\/press-kit\/zenkit-launches-new-wiki-view\/#breadcrumb","itemListElement":[{"@type":"ListItem","position":1,"name":"Home","item":"https:\/\/zenkit.com\/fr\/"},{"@type":"ListItem","position":2,"name":"Dossier de presse","item":"https:\/\/zenkit.com\/fr\/press-kit\/"},{"@type":"ListItem","position":3,"name":"Zenkit Launches New Wiki View"}]},{"@type":"WebSite","@id":"https:\/\/zenkit.com\/fr\/#website","url":"https:\/\/zenkit.com\/fr\/","name":"Zenkit","description":"Zenkit Tagline","potentialAction":[{"@type":"SearchAction","target":{"@type":"EntryPoint","urlTemplate":"https:\/\/zenkit.com\/fr\/?s={search_term_string}"},"query-input":{"@type":"PropertyValueSpecification","valueRequired":true,"valueName":"search_term_string"}}],"inLanguage":"fr-FR"},false]}},"yasr_visitor_votes":{"stars_attributes":{"read_only":false,"span_bottom":false},"number_of_votes":0,"sum_votes":0},"_links":{"self":[{"href":"https:\/\/zenkit.com\/fr\/wp-json\/wp\/v2\/pages\/73050","targetHints":{"allow":["GET"]}}],"collection":[{"href":"https:\/\/zenkit.com\/fr\/wp-json\/wp\/v2\/pages"}],"about":[{"href":"https:\/\/zenkit.com\/fr\/wp-json\/wp\/v2\/types\/page"}],"author":[{"embeddable":true,"href":"https:\/\/zenkit.com\/fr\/wp-json\/wp\/v2\/users\/30"}],"replies":[{"embeddable":true,"href":"https:\/\/zenkit.com\/fr\/wp-json\/wp\/v2\/comments?post=73050"}],"version-history":[{"count":4,"href":"https:\/\/zenkit.com\/fr\/wp-json\/wp\/v2\/pages\/73050\/revisions"}],"predecessor-version":[{"id":168033,"href":"https:\/\/zenkit.com\/fr\/wp-json\/wp\/v2\/pages\/73050\/revisions\/168033"}],"up":[{"embeddable":true,"href":"https:\/\/zenkit.com\/fr\/wp-json\/wp\/v2\/pages\/61669"}],"wp:attachment":[{"href":"https:\/\/zenkit.com\/fr\/wp-json\/wp\/v2\/media?parent=73050"}],"curies":[{"name":"wp","href":"https:\/\/api.w.org\/{rel}","templated":true}]}}