{"id":73052,"date":"2019-11-18T10:21:30","date_gmt":"2019-11-18T09:21:30","guid":{"rendered":"https:\/\/zenkit.com\/press-kit\/reinventing-the-kanban-board\/"},"modified":"2025-10-15T23:31:15","modified_gmt":"2025-10-15T21:31:15","slug":"reinventing-the-kanban-board","status":"publish","type":"page","link":"https:\/\/zenkit.com\/fr\/press-kit\/reinventing-the-kanban-board\/","title":{"rendered":"Reinventing the Kanban board"},"content":{"rendered":"\n<div class=\"wp-block-group has-global-padding is-layout-constrained wp-block-group-is-layout-constrained\">\n<div class=\"wp-block-group width--950 has-global-padding is-layout-constrained wp-block-group-is-layout-constrained\">\n<div style=\"height:45px;--tablet-height:45px;--mobile-height:16px\" class=\"wp-block-lookeen-blocks-responsive-spacer\"><\/div>\n\n\n\n<div class=\"wp-block-group has-global-padding is-layout-constrained wp-block-group-is-layout-constrained\">\n<h1 class=\"wp-block-heading has-text-align-center\" style=\"margin-bottom:8px\">R\u00e9inventez le tableau Kanban<\/h1>\n<\/div>\n\n\n\n<div class=\"wp-block-group has-global-padding is-layout-constrained wp-block-group-is-layout-constrained\">\n<p class=\"has-text-align-center subheading\">Zenkit introduit les sous-t\u00e2ches, l\u2019affichage hi\u00e9rarchique, et des filtres plus puissants pour mettre les tableaux Kanban encombr\u00e9s et charg\u00e9s au point et leur redonner de la clart\u00e9.<\/p>\n<\/div>\n\n\n\n<div style=\"height:48px;--tablet-height:36px;--mobile-height:24px\" class=\"wp-block-lookeen-blocks-responsive-spacer\"><\/div>\n\n\n\n<div class=\"wp-block-group has-global-padding is-layout-constrained wp-block-group-is-layout-constrained\">\n<p class=\"has-text-align-center press__headline has-text-color has-link-color wp-elements-7699779167e854d4c87fe2f882839213\" style=\"color:#939393;font-size:24px;font-style:normal;font-weight:700;line-height:1.5\">Vendredi 4 Octobre 2019 \u2013 Karlsruhe, Allemagne<\/p>\n<\/div>\n<\/div>\n\n\n\n<div style=\"height:88px;--tablet-height:72px;--mobile-height:40px\" class=\"wp-block-lookeen-blocks-responsive-spacer\"><\/div>\n<\/div>\n\n\n\n<div class=\"wp-block-group has-global-padding is-layout-constrained wp-block-group-is-layout-constrained\">\n<div class=\"wp-block-columns is-layout-flex wp-container-core-columns-is-layout-b8d659ec wp-block-columns-is-layout-flex\">\n<div class=\"wp-block-column is-layout-flow wp-block-column-is-layout-flow\">\n<p class=\"has-da-grey-2-color has-text-color has-link-color wp-elements-3d3f6d9e1d8c5347dee9e205962c4b12\">Aujourd\u2019hui, l\u2019\u00e9quipe de Zenkit annonce la sortie de sa nouvelle fonctionnalit\u00e9 de sous-t\u00e2che, ainsi qu\u2019un affichage hi\u00e9rarchique et des filtres puissants. Ces nouvelles fonctionnalit\u00e9s introduisent une structure hi\u00e9rarchique qui vous permet de clarifier un tableau Kanban charg\u00e9.<\/p>\n\n\n\n<p>Les tableaux Kanban sont appr\u00e9ci\u00e9s par les \u00e9quipes du monde entier pour leur visualisation intuitive et efficace des projets. Cependant, l\u2019\u00e9quipe de Zenkit s\u2019interroge depuis longtemps sur la fa\u00e7on dont ils sont utilis\u00e9s. En particulier, lorsqu\u2019ils sont utilis\u00e9s sur de longues p\u00e9riodes et pour de grands projets avec de grandes \u00e9quipes, les tableaux Kanban peuvent devenir surcharg\u00e9s et envahissants. L\u2019absence de structure, l\u2019ajout de listes ambigu\u00ebs et la difficult\u00e9 \u00e0 d\u00e9couper les t\u00e2ches en sous-t\u00e2ches peuvent aboutir \u00e0 des projets manquant de clart\u00e9.<\/p>\n\n\n\n<p class=\"has-da-grey-2-color has-text-color has-link-color wp-elements-39f6fa22a5636b3b0ad045c5403d3a50\">L\u2019ajout d\u2019une structure \u00e0 travers la mise en place de sous-t\u00e2ches et d\u2019affichage hi\u00e9rarchique offre la solution.<\/p>\n<\/div>\n\n\n\n<div class=\"wp-block-column is-layout-flow wp-block-column-is-layout-flow\">\n<p class=\"has-da-grey-2-color has-text-color has-link-color wp-elements-d9c022bbae0993d37dd3147b8262dc21\">La structure hi\u00e9rarchique peut aider \u00e0 r\u00e9partir clairement des t\u00e2ches sur votre tableau Kanban. Elle vous permettra aussi de d\u00e9terminer intuitivement la place de chacune des t\u00e2ches et vous donnera une vue d\u2019ensemble plus claire et plus pr\u00e9cise de votre flux de travail.<\/p>\n\n\n\n<div class=\"wp-block-group has-background has-global-padding is-layout-constrained wp-container-core-group-is-layout-8412c99a wp-block-group-is-layout-constrained\" style=\"border-radius:20px;background-color:#efefef;margin-bottom:24px;padding-top:20px;padding-right:20px;padding-bottom:20px;padding-left:20px\">\n<p class=\"has-da-grey-1-color has-text-color has-link-color wp-elements-0b75de7fe5f383f66b66fabfba4e09ce\" style=\"font-size:14px\"><em>\u00ab&nbsp;Nous avons toujours \u00e9t\u00e9 de grands fans des tableaux Kanban, mais nous avons r\u00e9alis\u00e9 que leur manque de structure pouvait entra\u00eener encombrement et confusion&nbsp;\u00bb,<\/em>&nbsp;a exprim\u00e9 Martin Welker, PDG de Zenkit.<em>&nbsp;\u00ab&nbsp;Par hasard, en travaillant sur nos nouvelles fonctionnalit\u00e9s de sous-t\u00e2ches, nous avons trouv\u00e9 la solution \u00e0 ce probl\u00e8me : les filtres hi\u00e9rarchiques. Ils constituent un moyen intuitif de trouver rapidement des t\u00e2ches li\u00e9es ou d\u2019obtenir une vue d\u2019ensemble des t\u00e2ches cl\u00e9s. Nous sommes convaincus que ces nouvelles fonctionnalit\u00e9s vont changer \u00e0 jamais la fa\u00e7on dont vous utilisez les tableaux Kanban.&nbsp;\u00bb &nbsp;<\/em><\/p>\n<\/div>\n<\/div>\n<\/div>\n<\/div>\n\n\n\n<div style=\"height:45px;--tablet-height:45px;--mobile-height:16px\" class=\"wp-block-lookeen-blocks-responsive-spacer\"><\/div>\n\n\n\n<figure class=\"wp-block-image aligncenter size-full is-resized border-radius--20 overflow__hidden  box__shadow\"><img loading=\"lazy\" decoding=\"async\" width=\"1024\" height=\"538\" src=\"https:\/\/zenkit.com\/wp-content\/uploads\/2025\/05\/base-1024x538-1.webp\" alt=\"\" class=\"wp-image-115467\" style=\"width:491px;height:auto\" srcset=\"https:\/\/zenkit.com\/wp-content\/uploads\/2025\/05\/base-1024x538-1.webp 1024w, https:\/\/zenkit.com\/wp-content\/uploads\/2025\/05\/base-1024x538-1-300x158.webp 300w, https:\/\/zenkit.com\/wp-content\/uploads\/2025\/05\/base-1024x538-1-768x404.webp 768w\" sizes=\"auto, (max-width: 1024px) 100vw, 1024px\" \/><\/figure>\n\n\n\n<div style=\"height:88px;--tablet-height:72px;--mobile-height:40px\" class=\"wp-block-lookeen-blocks-responsive-spacer\"><\/div>\n\n\n\n<div class=\"wp-block-group has-global-padding is-layout-constrained wp-block-group-is-layout-constrained\">\n<h2 class=\"wp-block-heading has-text-align-center\" style=\"margin-bottom:0px\">\u00c0 quoi s\u2019attendre:<\/h2>\n\n\n\n<div style=\"height:48px;--tablet-height:36px;--mobile-height:24px\" class=\"wp-block-lookeen-blocks-responsive-spacer\"><\/div>\n\n\n\n<div class=\"wp-block-group has-global-padding is-layout-constrained wp-block-group-is-layout-constrained\">\n<div class=\"wp-block-columns is-layout-flex wp-container-core-columns-is-layout-28f84493 wp-block-columns-is-layout-flex\">\n<div class=\"wp-block-column is-layout-flow wp-block-column-is-layout-flow\">\n<ul class=\"wp-block-list list__with-checkmark-blue-and-underline has-da-grey-2-color has-text-color has-link-color wp-elements-7502ca358fea55ae7765bf1549b862d7\">\n<li>Filtre hi\u00e9rarchique qui vous permet de ne voir que les t\u00e2ches de premier niveau. Vous n\u2019avez donc pas besoin de cr\u00e9er une collection ou un affichage s\u00e9par\u00e9 pour avoir une vue d\u2019ensemble.<\/li>\n\n\n\n<li>Filtre sous-t\u00e2ches qui vous permet d\u2019afficher tous les sous-items d\u2019un item pr\u00e9cis en un seul clic. Les t\u00e2ches non li\u00e9es, appartenant aux autres items, disparaissent de votre tableau et vous pouvez voir un aper\u00e7u complet d\u2019un sous-projet comme s\u2019il s\u2019agissait d\u2019un tableau Kanban \u00e0 part. Cela vous permet de voir imm\u00e9diatement o\u00f9 se trouvent les goulots d\u2019\u00e9tranglement.<\/li>\n\n\n\n<li>Nouvelle carte mentale qui se connecte directement \u00e0 l\u2019affichage hi\u00e9rarchique, offrant une mani\u00e8re plus expressive de travailler avec les m\u00eames donn\u00e9es.<\/li>\n<\/ul>\n<\/div>\n\n\n\n<div class=\"wp-block-column is-layout-flow wp-block-column-is-layout-flow\">\n<ul class=\"wp-block-list list__with-checkmark-blue-and-underline has-da-grey-2-color has-text-color has-link-color wp-elements-11f80ecc84976f77f428c179c0854bc7\">\n<li>Des formules r\u00e9cursives qui vous permettent d\u2019agr\u00e9ger la valeur des sous-t\u00e2ches.<\/li>\n\n\n\n<li>La possibilit\u00e9 de marquer automatiquement toutes les sous-t\u00e2ches comme \u00e9tant r\u00e9alis\u00e9es en marquant la t\u00e2che parent comme telle.<\/li>\n<\/ul>\n<\/div>\n<\/div>\n<\/div>\n\n\n\n<div style=\"height:88px;--tablet-height:72px;--mobile-height:40px\" class=\"wp-block-lookeen-blocks-responsive-spacer\"><\/div>\n\n\n\n<div class=\"wp-block-group has-global-padding is-layout-constrained wp-container-core-group-is-layout-7cc94c3e wp-block-group-is-layout-constrained\">\n<div class=\"wp-block-group has-global-padding is-layout-constrained wp-block-group-is-layout-constrained\">\n<p class=\"has-text-align-center has-da-grey-2-color has-text-color has-link-color wp-elements-6629b70bd18b506fdc8894e3eb48b005\">En plus de ces nouvelles fonctionnalit\u00e9s, Zenkit est maintenant pr\u00eat pour les entreprises avec l\u2019introduction de la fonctionnalit\u00e9 Organisations, qui permet aux grandes organisations de g\u00e9rer les utilisateurs par le biais de leurs fournisseurs d\u2019identit\u00e9 existants avec le support du SSO bas\u00e9 sur SAML et le provisionnement via SCIM.&nbsp;<\/p>\n<\/div>\n\n\n\n<div style=\"height:88px;--tablet-height:72px;--mobile-height:40px\" class=\"wp-block-lookeen-blocks-responsive-spacer\"><\/div>\n\n\n\n<h3 class=\"wp-block-heading has-text-align-center\" style=\"margin-bottom:8px;font-style:normal;font-weight:700\">\u00c0 propos de Zenkit<\/h3>\n\n\n\n<p class=\"has-text-align-center has-da-grey-2-color has-text-color has-link-color wp-elements-b6632f363bd11681884e61d7b0a5f035\">Zenkit est une plateforme de gestion de projets et de construction de bases de donn\u00e9es cr\u00e9\u00e9e par Axonic GmbH en Allemagne. Elle a \u00e9t\u00e9 lanc\u00e9e en Octobre 2016.<\/p>\n<\/div>\n<\/div>\n\n\n\n<div style=\"height:110px;--tablet-height:60px;--mobile-height:48px\" class=\"wp-block-lookeen-blocks-responsive-spacer\"><\/div>\n","protected":false},"excerpt":{"rendered":"<p>R\u00e9inventez le tableau Kanban Zenkit introduit les sous-t\u00e2ches, l\u2019affichage hi\u00e9rarchique, et des filtres plus puissants pour mettre les tableaux Kanban encombr\u00e9s et charg\u00e9s au point et leur redonner de la clart\u00e9. Vendredi 4 Octobre 2019 \u2013 Karlsruhe, Allemagne Aujourd\u2019hui, l\u2019\u00e9quipe de Zenkit annonce la sortie de sa nouvelle fonctionnalit\u00e9 de sous-t\u00e2che, ainsi qu\u2019un affichage hi\u00e9rarchique [&hellip;]<\/p>\n","protected":false},"author":30,"featured_media":0,"parent":61669,"menu_order":8,"comment_status":"closed","ping_status":"closed","template":"","meta":{"yasr_overall_rating":0,"yasr_post_is_review":"","yasr_auto_insert_disabled":"","yasr_review_type":"","footnotes":""},"class_list":["post-73052","page","type-page","status-publish","hentry"],"yoast_head":"<!-- This site is optimized with the Yoast SEO plugin v27.3 - https:\/\/yoast.com\/product\/yoast-seo-wordpress\/ -->\n<title>Reinventing the Kanban board | Zenkit<\/title>\n<meta name=\"description\" content=\"Zenkit introduces subtasks, hierarchy view, and more powerful filters to bring clarity and focus back to crowded and busy Kanban boards.\" \/>\n<meta name=\"robots\" content=\"index, follow, max-snippet:-1, max-image-preview:large, max-video-preview:-1\" \/>\n<link rel=\"canonical\" href=\"https:\/\/zenkit.com\/fr\/press-kit\/reinventing-the-kanban-board\/\" \/>\n<meta property=\"og:locale\" content=\"fr_FR\" \/>\n<meta property=\"og:type\" content=\"article\" \/>\n<meta property=\"og:title\" content=\"Reinventing the Kanban board | Zenkit\" \/>\n<meta property=\"og:description\" content=\"Zenkit introduces subtasks, hierarchy view, and more powerful filters to bring clarity and focus back to crowded and busy Kanban boards.\" \/>\n<meta property=\"og:url\" content=\"https:\/\/zenkit.com\/fr\/press-kit\/reinventing-the-kanban-board\/\" \/>\n<meta property=\"og:site_name\" content=\"Zenkit\" \/>\n<meta property=\"article:publisher\" content=\"https:\/\/www.facebook.com\/ZenkitHQ\" \/>\n<meta property=\"article:modified_time\" content=\"2025-10-15T21:31:15+00:00\" \/>\n<meta property=\"og:image\" content=\"https:\/\/zenkit.com\/wp-content\/uploads\/2025\/05\/base-1024x538-1.webp\" \/>\n\t<meta property=\"og:image:width\" content=\"1024\" \/>\n\t<meta property=\"og:image:height\" content=\"538\" \/>\n\t<meta property=\"og:image:type\" content=\"image\/webp\" \/>\n<meta name=\"twitter:card\" content=\"summary_large_image\" \/>\n<meta name=\"twitter:site\" content=\"@ZenkitHQ\" \/>\n<meta name=\"twitter:label1\" content=\"Dur\u00e9e de lecture estim\u00e9e\" \/>\n\t<meta name=\"twitter:data1\" content=\"8 minutes\" \/>\n<script type=\"application\/ld+json\" class=\"yoast-schema-graph\">{\"@context\":\"https:\\\/\\\/schema.org\",\"@graph\":[{\"@type\":\"WebPage\",\"@id\":\"https:\\\/\\\/zenkit.com\\\/fr\\\/press-kit\\\/reinventing-the-kanban-board\\\/\",\"url\":\"https:\\\/\\\/zenkit.com\\\/fr\\\/press-kit\\\/reinventing-the-kanban-board\\\/\",\"name\":\"Reinventing the Kanban board | Zenkit\",\"isPartOf\":{\"@id\":\"https:\\\/\\\/zenkit.com\\\/fr\\\/#website\"},\"primaryImageOfPage\":{\"@id\":\"https:\\\/\\\/zenkit.com\\\/fr\\\/press-kit\\\/reinventing-the-kanban-board\\\/#primaryimage\"},\"image\":{\"@id\":\"https:\\\/\\\/zenkit.com\\\/fr\\\/press-kit\\\/reinventing-the-kanban-board\\\/#primaryimage\"},\"thumbnailUrl\":\"https:\\\/\\\/zenkit.com\\\/wp-content\\\/uploads\\\/2025\\\/05\\\/base-1024x538-1.webp\",\"datePublished\":\"2019-11-18T09:21:30+00:00\",\"dateModified\":\"2025-10-15T21:31:15+00:00\",\"description\":\"Zenkit introduces subtasks, hierarchy view, and more powerful filters to bring clarity and focus back to crowded and busy Kanban boards.\",\"breadcrumb\":{\"@id\":\"https:\\\/\\\/zenkit.com\\\/fr\\\/press-kit\\\/reinventing-the-kanban-board\\\/#breadcrumb\"},\"inLanguage\":\"fr-FR\",\"potentialAction\":[{\"@type\":\"ReadAction\",\"target\":[\"https:\\\/\\\/zenkit.com\\\/fr\\\/press-kit\\\/reinventing-the-kanban-board\\\/\"]}]},{\"@type\":\"ImageObject\",\"inLanguage\":\"fr-FR\",\"@id\":\"https:\\\/\\\/zenkit.com\\\/fr\\\/press-kit\\\/reinventing-the-kanban-board\\\/#primaryimage\",\"url\":\"https:\\\/\\\/zenkit.com\\\/wp-content\\\/uploads\\\/2025\\\/05\\\/base-1024x538-1.webp\",\"contentUrl\":\"https:\\\/\\\/zenkit.com\\\/wp-content\\\/uploads\\\/2025\\\/05\\\/base-1024x538-1.webp\"},{\"@type\":\"BreadcrumbList\",\"@id\":\"https:\\\/\\\/zenkit.com\\\/fr\\\/press-kit\\\/reinventing-the-kanban-board\\\/#breadcrumb\",\"itemListElement\":[{\"@type\":\"ListItem\",\"position\":1,\"name\":\"Home\",\"item\":\"https:\\\/\\\/zenkit.com\\\/fr\\\/\"},{\"@type\":\"ListItem\",\"position\":2,\"name\":\"Dossier de presse\",\"item\":\"https:\\\/\\\/zenkit.com\\\/fr\\\/press-kit\\\/\"},{\"@type\":\"ListItem\",\"position\":3,\"name\":\"Reinventing the Kanban board\"}]},{\"@type\":\"WebSite\",\"@id\":\"https:\\\/\\\/zenkit.com\\\/fr\\\/#website\",\"url\":\"https:\\\/\\\/zenkit.com\\\/fr\\\/\",\"name\":\"Zenkit\",\"description\":\"Zenkit Tagline\",\"potentialAction\":[{\"@type\":\"SearchAction\",\"target\":{\"@type\":\"EntryPoint\",\"urlTemplate\":\"https:\\\/\\\/zenkit.com\\\/fr\\\/?s={search_term_string}\"},\"query-input\":{\"@type\":\"PropertyValueSpecification\",\"valueRequired\":true,\"valueName\":\"search_term_string\"}}],\"inLanguage\":\"fr-FR\"},false]}<\/script>\n<!-- \/ Yoast SEO plugin. -->","yoast_head_json":{"title":"Reinventing the Kanban board | Zenkit","description":"Zenkit introduces subtasks, hierarchy view, and more powerful filters to bring clarity and focus back to crowded and busy Kanban boards.","robots":{"index":"index","follow":"follow","max-snippet":"max-snippet:-1","max-image-preview":"max-image-preview:large","max-video-preview":"max-video-preview:-1"},"canonical":"https:\/\/zenkit.com\/fr\/press-kit\/reinventing-the-kanban-board\/","og_locale":"fr_FR","og_type":"article","og_title":"Reinventing the Kanban board | Zenkit","og_description":"Zenkit introduces subtasks, hierarchy view, and more powerful filters to bring clarity and focus back to crowded and busy Kanban boards.","og_url":"https:\/\/zenkit.com\/fr\/press-kit\/reinventing-the-kanban-board\/","og_site_name":"Zenkit","article_publisher":"https:\/\/www.facebook.com\/ZenkitHQ","article_modified_time":"2025-10-15T21:31:15+00:00","og_image":[{"width":1024,"height":538,"url":"https:\/\/zenkit.com\/wp-content\/uploads\/2025\/05\/base-1024x538-1.webp","type":"image\/webp"}],"twitter_card":"summary_large_image","twitter_site":"@ZenkitHQ","twitter_misc":{"Dur\u00e9e de lecture estim\u00e9e":"8 minutes"},"schema":{"@context":"https:\/\/schema.org","@graph":[{"@type":"WebPage","@id":"https:\/\/zenkit.com\/fr\/press-kit\/reinventing-the-kanban-board\/","url":"https:\/\/zenkit.com\/fr\/press-kit\/reinventing-the-kanban-board\/","name":"Reinventing the Kanban board | Zenkit","isPartOf":{"@id":"https:\/\/zenkit.com\/fr\/#website"},"primaryImageOfPage":{"@id":"https:\/\/zenkit.com\/fr\/press-kit\/reinventing-the-kanban-board\/#primaryimage"},"image":{"@id":"https:\/\/zenkit.com\/fr\/press-kit\/reinventing-the-kanban-board\/#primaryimage"},"thumbnailUrl":"https:\/\/zenkit.com\/wp-content\/uploads\/2025\/05\/base-1024x538-1.webp","datePublished":"2019-11-18T09:21:30+00:00","dateModified":"2025-10-15T21:31:15+00:00","description":"Zenkit introduces subtasks, hierarchy view, and more powerful filters to bring clarity and focus back to crowded and busy Kanban boards.","breadcrumb":{"@id":"https:\/\/zenkit.com\/fr\/press-kit\/reinventing-the-kanban-board\/#breadcrumb"},"inLanguage":"fr-FR","potentialAction":[{"@type":"ReadAction","target":["https:\/\/zenkit.com\/fr\/press-kit\/reinventing-the-kanban-board\/"]}]},{"@type":"ImageObject","inLanguage":"fr-FR","@id":"https:\/\/zenkit.com\/fr\/press-kit\/reinventing-the-kanban-board\/#primaryimage","url":"https:\/\/zenkit.com\/wp-content\/uploads\/2025\/05\/base-1024x538-1.webp","contentUrl":"https:\/\/zenkit.com\/wp-content\/uploads\/2025\/05\/base-1024x538-1.webp"},{"@type":"BreadcrumbList","@id":"https:\/\/zenkit.com\/fr\/press-kit\/reinventing-the-kanban-board\/#breadcrumb","itemListElement":[{"@type":"ListItem","position":1,"name":"Home","item":"https:\/\/zenkit.com\/fr\/"},{"@type":"ListItem","position":2,"name":"Dossier de presse","item":"https:\/\/zenkit.com\/fr\/press-kit\/"},{"@type":"ListItem","position":3,"name":"Reinventing the Kanban board"}]},{"@type":"WebSite","@id":"https:\/\/zenkit.com\/fr\/#website","url":"https:\/\/zenkit.com\/fr\/","name":"Zenkit","description":"Zenkit Tagline","potentialAction":[{"@type":"SearchAction","target":{"@type":"EntryPoint","urlTemplate":"https:\/\/zenkit.com\/fr\/?s={search_term_string}"},"query-input":{"@type":"PropertyValueSpecification","valueRequired":true,"valueName":"search_term_string"}}],"inLanguage":"fr-FR"},false]}},"yasr_visitor_votes":{"stars_attributes":{"read_only":false,"span_bottom":false},"number_of_votes":0,"sum_votes":0},"_links":{"self":[{"href":"https:\/\/zenkit.com\/fr\/wp-json\/wp\/v2\/pages\/73052","targetHints":{"allow":["GET"]}}],"collection":[{"href":"https:\/\/zenkit.com\/fr\/wp-json\/wp\/v2\/pages"}],"about":[{"href":"https:\/\/zenkit.com\/fr\/wp-json\/wp\/v2\/types\/page"}],"author":[{"embeddable":true,"href":"https:\/\/zenkit.com\/fr\/wp-json\/wp\/v2\/users\/30"}],"replies":[{"embeddable":true,"href":"https:\/\/zenkit.com\/fr\/wp-json\/wp\/v2\/comments?post=73052"}],"version-history":[{"count":2,"href":"https:\/\/zenkit.com\/fr\/wp-json\/wp\/v2\/pages\/73052\/revisions"}],"predecessor-version":[{"id":168035,"href":"https:\/\/zenkit.com\/fr\/wp-json\/wp\/v2\/pages\/73052\/revisions\/168035"}],"up":[{"embeddable":true,"href":"https:\/\/zenkit.com\/fr\/wp-json\/wp\/v2\/pages\/61669"}],"wp:attachment":[{"href":"https:\/\/zenkit.com\/fr\/wp-json\/wp\/v2\/media?parent=73052"}],"curies":[{"name":"wp","href":"https:\/\/api.w.org\/{rel}","templated":true}]}}