{"id":73054,"date":"2019-11-18T10:04:14","date_gmt":"2019-11-18T09:04:14","guid":{"rendered":"https:\/\/zenkit.com\/press-kit\/zenkit-3-0-press-release\/"},"modified":"2025-09-09T15:41:46","modified_gmt":"2025-09-09T13:41:46","slug":"zenkit-3-0-press-release","status":"publish","type":"page","link":"https:\/\/zenkit.com\/fr\/press-kit\/zenkit-3-0-press-release\/","title":{"rendered":"Zenkit 3.0 Press Release"},"content":{"rendered":"\n<div class=\"wp-block-group has-global-padding is-layout-constrained wp-block-group-is-layout-constrained\">\n<div class=\"wp-block-group width--950 has-global-padding is-layout-constrained wp-block-group-is-layout-constrained\">\n<div style=\"height:45px;--tablet-height:45px;--mobile-height:16px\" class=\"wp-block-lookeen-blocks-responsive-spacer\"><\/div>\n\n\n\n<div class=\"wp-block-group has-global-padding is-layout-constrained wp-block-group-is-layout-constrained\">\n<h1 class=\"wp-block-heading has-text-align-center\" style=\"margin-bottom:8px\">Zenkit lance sa version 3.0 avec une refonte compl\u00e8te, une API publique, et les nouvelles applications web progressives<\/h1>\n<\/div>\n\n\n\n<div class=\"wp-block-group has-global-padding is-layout-constrained wp-block-group-is-layout-constrained\">\n<p class=\"has-text-align-center subheading\">Parmi les nouvelles fonctionnalit\u00e9s, les utilisateurs peuvent publier leur projet Zenkit et l&rsquo;int\u00e9grer \u00e0 davantage d&rsquo;applications, ce qui leur permet de partager plus facilement leur travail avec le monde entier.<\/p>\n<\/div>\n\n\n\n<div style=\"height:48px;--tablet-height:36px;--mobile-height:24px\" class=\"wp-block-lookeen-blocks-responsive-spacer\"><\/div>\n\n\n\n<div class=\"wp-block-group has-global-padding is-layout-constrained wp-block-group-is-layout-constrained\">\n<p class=\"has-text-align-center press__headline has-text-color has-link-color wp-elements-d14dd003ae018b00e6d97f94894f5cd6\" style=\"color:#939393;font-size:24px;font-style:normal;font-weight:700;line-height:1.5\">Jeudi 23 Mai 2019 \u2013 Karlsruhe, Allemagne<\/p>\n<\/div>\n<\/div>\n\n\n\n<div style=\"height:88px;--tablet-height:72px;--mobile-height:40px\" class=\"wp-block-lookeen-blocks-responsive-spacer\"><\/div>\n<\/div>\n\n\n\n<div class=\"wp-block-group has-global-padding is-layout-constrained wp-block-group-is-layout-constrained\">\n<div class=\"wp-block-columns is-layout-flex wp-container-core-columns-is-layout-b8d659ec wp-block-columns-is-layout-flex\">\n<div class=\"wp-block-column is-layout-flow wp-block-column-is-layout-flow\">\n<p class=\"has-da-grey-2-color has-text-color has-link-color wp-elements-81fb00d31dd4a5fecbfd84e16cb219af\">Aujourd\u2019hui, l\u2019\u00e9quipe de Zenkit annonce l\u2019ach\u00e8vement de Zenkit 3.0. Le lancement pr\u00e9sente de toutes nouvelles applications mobiles progressives, un design \u00e9pur\u00e9, et encore plus de moyens pour les utilisateurs de se connecter \u00e0 d\u2019autres outils et de partager leur travail avec le monde<\/p>\n<\/div>\n\n\n\n<div class=\"wp-block-column is-layout-flow wp-block-column-is-layout-flow\">\n<p class=\"has-da-grey-1-color has-text-color has-link-color wp-elements-d5f41ba16cc09397eeec370a59fc872a\">Zenkit 3.0 comprend de nouveaux moyens pour les utilisateurs de partager leur travail en ligne sous la forme de collections publi\u00e9es et optimis\u00e9es pour les moteurs de recherche. Gr\u00e2ce \u00e0 cette nouvelle fonctionnalit\u00e9, les utilisateurs peuvent, par exemple, partager facilement les mises \u00e0 jour de leurs projets avec leurs clients par le biais d\u2019un lien, publier leur feuille de route en ligne ou int\u00e9grer des calendriers pour faire conna\u00eetre des \u00e9v\u00e9nements. Les collections publi\u00e9es sont optimis\u00e9es de mani\u00e8re \u00e0 ce que tout le monde puisse les trouver \u00e0 l\u2019aide d\u2019une simple recherche sur le web, et les utilisateurs peuvent en outre r\u00e9diger leurs propres m\u00e9ta-descriptions.<\/p>\n\n\n\n<p class=\"has-da-grey-1-color has-text-color has-link-color wp-elements-1e33227932b100c5e6e9717cdae8ff59\">Les applications mobiles Zenkit s\u2019appuient sur la conviction de l\u2019\u00e9quipe que les applications Web progressives (PWA) sont l\u2019avenir du mobile. Comme il n\u2019existait pas encore de cadre ou de biblioth\u00e8que capable de r\u00e9pondre \u00e0 ces besoins, l\u2019\u00e9quipe de Zenkit l\u2019a cr\u00e9\u00e9e de toutes pi\u00e8ces.<\/p>\n<\/div>\n<\/div>\n<\/div>\n\n\n\n<div style=\"height:45px;--tablet-height:45px;--mobile-height:16px\" class=\"wp-block-lookeen-blocks-responsive-spacer\"><\/div>\n\n\n\n<div class=\"wp-block-group has-global-padding is-layout-constrained wp-block-group-is-layout-constrained\">\n<figure class=\"wp-block-image aligncenter size-full is-resized border-radius--20 overflow__hidden  box__shadow\"><img loading=\"lazy\" decoding=\"async\" width=\"1024\" height=\"538\" src=\"https:\/\/zenkit.com\/wp-content\/uploads\/2025\/05\/base-1024x538-1.webp\" alt=\"\" class=\"wp-image-115467\" style=\"width:491px;height:auto\" srcset=\"https:\/\/zenkit.com\/wp-content\/uploads\/2025\/05\/base-1024x538-1.webp 1024w, https:\/\/zenkit.com\/wp-content\/uploads\/2025\/05\/base-1024x538-1-300x158.webp 300w, https:\/\/zenkit.com\/wp-content\/uploads\/2025\/05\/base-1024x538-1-768x404.webp 768w\" sizes=\"auto, (max-width: 1024px) 100vw, 1024px\" \/><\/figure>\n<\/div>\n\n\n\n<div style=\"height:88px;--tablet-height:72px;--mobile-height:40px\" class=\"wp-block-lookeen-blocks-responsive-spacer\"><\/div>\n\n\n\n<div class=\"wp-block-group has-global-padding is-layout-constrained wp-block-group-is-layout-constrained\">\n<h2 class=\"wp-block-heading has-text-align-center\" style=\"margin-bottom:0px\">Les principales caract\u00e9ristiques de cette mise \u00e0 jour sont les suivantes:<\/h2>\n\n\n\n<div style=\"height:48px;--tablet-height:36px;--mobile-height:24px\" class=\"wp-block-lookeen-blocks-responsive-spacer\"><\/div>\n\n\n\n<div class=\"wp-block-columns is-layout-flex wp-container-core-columns-is-layout-28f84493 wp-block-columns-is-layout-flex\">\n<div class=\"wp-block-column is-layout-flow wp-block-column-is-layout-flow\">\n<ul class=\"wp-block-list list__with-checkmark-blue-and-underline\">\n<li>Collections publi\u00e9es : rendez n\u2019importe quelle collection Zenkit publique sur sa propre page web,<\/li>\n\n\n\n<li>Collections int\u00e9grables : les visiteurs peuvent interagir avec les collections sur n\u2019importe quel site web,<\/li>\n\n\n\n<li>Un nouveau design bas\u00e9 sur le nouveau cadre de conception Zenkit,<\/li>\n\n\n\n<li>De toutes nouvelles applications web progressives pour les t\u00e9l\u00e9phones portables et les tablettes,<\/li>\n<\/ul>\n<\/div>\n\n\n\n<div class=\"wp-block-column is-layout-flow wp-block-column-is-layout-flow\">\n<ul class=\"wp-block-list list__with-checkmark-blue-and-underline\">\n<li>Prise en charge de l\u2019\u00e9cran partag\u00e9 pour l\u2019iPad,<\/li>\n\n\n\n<li>Une API document\u00e9e publiquement,<\/li>\n\n\n\n<li>Int\u00e9gration de MS Teams et connexion au compte Microsoft,<\/li>\n\n\n\n<li>Abonnements \u00e0 iCalendar pour une synchronisation avec n\u2019importe quelle application de calendrier.<\/li>\n<\/ul>\n<\/div>\n<\/div>\n<\/div>\n\n\n\n<div style=\"height:88px;--tablet-height:72px;--mobile-height:40px\" class=\"wp-block-lookeen-blocks-responsive-spacer\"><\/div>\n\n\n\n<div class=\"wp-block-group has-global-padding is-layout-constrained wp-block-group-is-layout-constrained\">\n<div class=\"wp-block-group has-background has-global-padding is-layout-constrained wp-container-core-group-is-layout-8412c99a wp-block-group-is-layout-constrained\" style=\"border-radius:20px;background-color:#efefef;margin-bottom:24px;padding-top:20px;padding-right:20px;padding-bottom:20px;padding-left:20px\">\n<p class=\"has-da-grey-1-color has-text-color has-link-color wp-elements-f7dbdd53244fcdf6039927909dc7bf4c\" style=\"font-size:14px\">Le PDG Martin Welker a d\u00e9clar\u00e9 :\u00a0<em>\u00ab\u00a0Notre refonte a \u00e9t\u00e9 d\u00e9clench\u00e9e par la n\u00e9cessit\u00e9 d\u2019am\u00e9liorer l\u2019exp\u00e9rience mobile de Zenkit, en particulier sur les tablettes. Nous savons que les tablettes et les t\u00e9l\u00e9phones portables sont utilis\u00e9s diff\u00e9remment, \u00e0 des fins diff\u00e9rentes, de sorte que la mise \u00e0 jour PWA donne l\u2019impression que Zenkit a \u00e9t\u00e9 con\u00e7u comme une application native pour chaque appareil, tout en nous permettant de pousser imm\u00e9diatement les mises \u00e0 jour et les corrections \u00e0 partir d\u2019une source de code centrale.\u00a0\u00bb \u00a0<\/em><\/p>\n<\/div>\n<\/div>\n\n\n\n<div class=\"wp-block-group has-global-padding is-layout-constrained wp-block-group-is-layout-constrained\">\n<div class=\"wp-block-group has-global-padding is-layout-constrained wp-container-core-group-is-layout-7cc94c3e wp-block-group-is-layout-constrained\">\n<div style=\"height:48px;--tablet-height:20px;--mobile-height:20px\" class=\"wp-block-lookeen-blocks-responsive-spacer\"><\/div>\n\n\n\n<div class=\"wp-block-group has-global-padding is-layout-constrained wp-block-group-is-layout-constrained\">\n<p class=\"has-text-align-center has-da-grey-2-color has-text-color has-link-color wp-elements-73e0cb8e5bdecc8fba250d0c4ced66ff\">Enfin, l\u2019API de Zenkit offre aux utilisateurs encore plus de flexibilit\u00e9 dans la gestion de leurs donn\u00e9es. Les utilisateurs dou\u00e9s avec la technologie peuvent cr\u00e9er leurs propres scripts ou connecter Zenkit directement \u00e0 leurs donn\u00e9es priv\u00e9es. Toutefois, gr\u00e2ce \u00e0 des partenariats \u00e9tablis avec des soci\u00e9t\u00e9s telles que Zapier, une int\u00e9gration directe avec MS Teams, la synchronisation iCalendar et des int\u00e9grations \u00e0 venir avec des outils tels que Clockify et ActiveCampaign, l\u2019API permettra \u00e0 tous les utilisateurs de se connecter \u00e0 des milliers d\u2019autres applications.\u00a0<\/p>\n<\/div>\n\n\n\n<div style=\"height:88px;--tablet-height:72px;--mobile-height:40px\" class=\"wp-block-lookeen-blocks-responsive-spacer\"><\/div>\n\n\n\n<h3 class=\"wp-block-heading has-text-align-center\" style=\"margin-bottom:8px;font-style:normal;font-weight:700\">\u00c0 propos de Zenkit<\/h3>\n\n\n\n<p class=\"has-text-align-center has-da-grey-2-color has-text-color has-link-color wp-elements-b6632f363bd11681884e61d7b0a5f035\">Zenkit est une plateforme de gestion de projets et de construction de bases de donn\u00e9es cr\u00e9\u00e9e par Axonic GmbH en Allemagne. Elle a \u00e9t\u00e9 lanc\u00e9e en Octobre 2016.<\/p>\n<\/div>\n<\/div>\n\n\n\n<div style=\"height:110px;--tablet-height:60px;--mobile-height:48px\" class=\"wp-block-lookeen-blocks-responsive-spacer\"><\/div>\n","protected":false},"excerpt":{"rendered":"<p>Zenkit lance sa version 3.0 avec une refonte compl\u00e8te, une API publique, et les nouvelles applications web progressives Parmi les nouvelles fonctionnalit\u00e9s, les utilisateurs peuvent publier leur projet Zenkit et l&rsquo;int\u00e9grer \u00e0 davantage d&rsquo;applications, ce qui leur permet de partager plus facilement leur travail avec le monde entier. Jeudi 23 Mai 2019 \u2013 Karlsruhe, Allemagne [&hellip;]<\/p>\n","protected":false},"author":30,"featured_media":0,"parent":61669,"menu_order":9,"comment_status":"closed","ping_status":"closed","template":"","meta":{"yasr_overall_rating":0,"yasr_post_is_review":"","yasr_auto_insert_disabled":"","yasr_review_type":"","footnotes":""},"class_list":["post-73054","page","type-page","status-publish","hentry"],"yoast_head":"<!-- This site is optimized with the Yoast SEO plugin v27.4 - https:\/\/yoast.com\/product\/yoast-seo-wordpress\/ -->\n<title>Zenkit 3.0 Press Release | Zenkit<\/title>\n<meta name=\"description\" content=\"Zenkit launches version 3.0 with a complete redesign, public API, and new progressive web apps. Users can publish projects and integrate with more apps.\" \/>\n<meta name=\"robots\" content=\"index, follow, max-snippet:-1, max-image-preview:large, max-video-preview:-1\" \/>\n<link rel=\"canonical\" href=\"https:\/\/zenkit.com\/fr\/press-kit\/zenkit-3-0-press-release\/\" \/>\n<meta property=\"og:locale\" content=\"fr_FR\" \/>\n<meta property=\"og:type\" content=\"article\" \/>\n<meta property=\"og:title\" content=\"Zenkit 3.0 Press Release | Zenkit\" \/>\n<meta property=\"og:description\" content=\"Zenkit launches version 3.0 with a complete redesign, public API, and new progressive web apps. Users can publish projects and integrate with more apps.\" \/>\n<meta property=\"og:url\" content=\"https:\/\/zenkit.com\/fr\/press-kit\/zenkit-3-0-press-release\/\" \/>\n<meta property=\"og:site_name\" content=\"Zenkit\" \/>\n<meta property=\"article:publisher\" content=\"https:\/\/www.facebook.com\/ZenkitHQ\" \/>\n<meta property=\"article:modified_time\" content=\"2025-09-09T13:41:46+00:00\" \/>\n<meta property=\"og:image\" content=\"https:\/\/zenkit.com\/wp-content\/uploads\/2025\/05\/base-1024x538-1.webp\" \/>\n<meta name=\"twitter:card\" content=\"summary_large_image\" \/>\n<meta name=\"twitter:site\" content=\"@ZenkitHQ\" \/>\n<meta name=\"twitter:label1\" content=\"Dur\u00e9e de lecture estim\u00e9e\" \/>\n\t<meta name=\"twitter:data1\" content=\"3 minutes\" \/>\n<script type=\"application\/ld+json\" class=\"yoast-schema-graph\">{\"@context\":\"https:\\\/\\\/schema.org\",\"@graph\":[{\"@type\":\"WebPage\",\"@id\":\"https:\\\/\\\/zenkit.com\\\/fr\\\/press-kit\\\/zenkit-3-0-press-release\\\/\",\"url\":\"https:\\\/\\\/zenkit.com\\\/fr\\\/press-kit\\\/zenkit-3-0-press-release\\\/\",\"name\":\"Zenkit 3.0 Press Release | Zenkit\",\"isPartOf\":{\"@id\":\"https:\\\/\\\/zenkit.com\\\/fr\\\/#website\"},\"primaryImageOfPage\":{\"@id\":\"https:\\\/\\\/zenkit.com\\\/fr\\\/press-kit\\\/zenkit-3-0-press-release\\\/#primaryimage\"},\"image\":{\"@id\":\"https:\\\/\\\/zenkit.com\\\/fr\\\/press-kit\\\/zenkit-3-0-press-release\\\/#primaryimage\"},\"thumbnailUrl\":\"https:\\\/\\\/zenkit.com\\\/wp-content\\\/uploads\\\/2025\\\/05\\\/base-1024x538-1.webp\",\"datePublished\":\"2019-11-18T09:04:14+00:00\",\"dateModified\":\"2025-09-09T13:41:46+00:00\",\"description\":\"Zenkit launches version 3.0 with a complete redesign, public API, and new progressive web apps. Users can publish projects and integrate with more apps.\",\"breadcrumb\":{\"@id\":\"https:\\\/\\\/zenkit.com\\\/fr\\\/press-kit\\\/zenkit-3-0-press-release\\\/#breadcrumb\"},\"inLanguage\":\"fr-FR\",\"potentialAction\":[{\"@type\":\"ReadAction\",\"target\":[\"https:\\\/\\\/zenkit.com\\\/fr\\\/press-kit\\\/zenkit-3-0-press-release\\\/\"]}]},{\"@type\":\"ImageObject\",\"inLanguage\":\"fr-FR\",\"@id\":\"https:\\\/\\\/zenkit.com\\\/fr\\\/press-kit\\\/zenkit-3-0-press-release\\\/#primaryimage\",\"url\":\"https:\\\/\\\/zenkit.com\\\/wp-content\\\/uploads\\\/2025\\\/05\\\/base-1024x538-1.webp\",\"contentUrl\":\"https:\\\/\\\/zenkit.com\\\/wp-content\\\/uploads\\\/2025\\\/05\\\/base-1024x538-1.webp\"},{\"@type\":\"BreadcrumbList\",\"@id\":\"https:\\\/\\\/zenkit.com\\\/fr\\\/press-kit\\\/zenkit-3-0-press-release\\\/#breadcrumb\",\"itemListElement\":[{\"@type\":\"ListItem\",\"position\":1,\"name\":\"Home\",\"item\":\"https:\\\/\\\/zenkit.com\\\/fr\\\/\"},{\"@type\":\"ListItem\",\"position\":2,\"name\":\"Dossier de presse\",\"item\":\"https:\\\/\\\/zenkit.com\\\/fr\\\/press-kit\\\/\"},{\"@type\":\"ListItem\",\"position\":3,\"name\":\"Zenkit 3.0 Press Release\"}]},{\"@type\":\"WebSite\",\"@id\":\"https:\\\/\\\/zenkit.com\\\/fr\\\/#website\",\"url\":\"https:\\\/\\\/zenkit.com\\\/fr\\\/\",\"name\":\"Zenkit\",\"description\":\"Zenkit Tagline\",\"potentialAction\":[{\"@type\":\"SearchAction\",\"target\":{\"@type\":\"EntryPoint\",\"urlTemplate\":\"https:\\\/\\\/zenkit.com\\\/fr\\\/?s={search_term_string}\"},\"query-input\":{\"@type\":\"PropertyValueSpecification\",\"valueRequired\":true,\"valueName\":\"search_term_string\"}}],\"inLanguage\":\"fr-FR\"},false]}<\/script>\n<!-- \/ Yoast SEO plugin. -->","yoast_head_json":{"title":"Zenkit 3.0 Press Release | Zenkit","description":"Zenkit launches version 3.0 with a complete redesign, public API, and new progressive web apps. Users can publish projects and integrate with more apps.","robots":{"index":"index","follow":"follow","max-snippet":"max-snippet:-1","max-image-preview":"max-image-preview:large","max-video-preview":"max-video-preview:-1"},"canonical":"https:\/\/zenkit.com\/fr\/press-kit\/zenkit-3-0-press-release\/","og_locale":"fr_FR","og_type":"article","og_title":"Zenkit 3.0 Press Release | Zenkit","og_description":"Zenkit launches version 3.0 with a complete redesign, public API, and new progressive web apps. Users can publish projects and integrate with more apps.","og_url":"https:\/\/zenkit.com\/fr\/press-kit\/zenkit-3-0-press-release\/","og_site_name":"Zenkit","article_publisher":"https:\/\/www.facebook.com\/ZenkitHQ","article_modified_time":"2025-09-09T13:41:46+00:00","og_image":[{"url":"https:\/\/zenkit.com\/wp-content\/uploads\/2025\/05\/base-1024x538-1.webp","type":"","width":"","height":""}],"twitter_card":"summary_large_image","twitter_site":"@ZenkitHQ","twitter_misc":{"Dur\u00e9e de lecture estim\u00e9e":"3 minutes"},"schema":{"@context":"https:\/\/schema.org","@graph":[{"@type":"WebPage","@id":"https:\/\/zenkit.com\/fr\/press-kit\/zenkit-3-0-press-release\/","url":"https:\/\/zenkit.com\/fr\/press-kit\/zenkit-3-0-press-release\/","name":"Zenkit 3.0 Press Release | Zenkit","isPartOf":{"@id":"https:\/\/zenkit.com\/fr\/#website"},"primaryImageOfPage":{"@id":"https:\/\/zenkit.com\/fr\/press-kit\/zenkit-3-0-press-release\/#primaryimage"},"image":{"@id":"https:\/\/zenkit.com\/fr\/press-kit\/zenkit-3-0-press-release\/#primaryimage"},"thumbnailUrl":"https:\/\/zenkit.com\/wp-content\/uploads\/2025\/05\/base-1024x538-1.webp","datePublished":"2019-11-18T09:04:14+00:00","dateModified":"2025-09-09T13:41:46+00:00","description":"Zenkit launches version 3.0 with a complete redesign, public API, and new progressive web apps. Users can publish projects and integrate with more apps.","breadcrumb":{"@id":"https:\/\/zenkit.com\/fr\/press-kit\/zenkit-3-0-press-release\/#breadcrumb"},"inLanguage":"fr-FR","potentialAction":[{"@type":"ReadAction","target":["https:\/\/zenkit.com\/fr\/press-kit\/zenkit-3-0-press-release\/"]}]},{"@type":"ImageObject","inLanguage":"fr-FR","@id":"https:\/\/zenkit.com\/fr\/press-kit\/zenkit-3-0-press-release\/#primaryimage","url":"https:\/\/zenkit.com\/wp-content\/uploads\/2025\/05\/base-1024x538-1.webp","contentUrl":"https:\/\/zenkit.com\/wp-content\/uploads\/2025\/05\/base-1024x538-1.webp"},{"@type":"BreadcrumbList","@id":"https:\/\/zenkit.com\/fr\/press-kit\/zenkit-3-0-press-release\/#breadcrumb","itemListElement":[{"@type":"ListItem","position":1,"name":"Home","item":"https:\/\/zenkit.com\/fr\/"},{"@type":"ListItem","position":2,"name":"Dossier de presse","item":"https:\/\/zenkit.com\/fr\/press-kit\/"},{"@type":"ListItem","position":3,"name":"Zenkit 3.0 Press Release"}]},{"@type":"WebSite","@id":"https:\/\/zenkit.com\/fr\/#website","url":"https:\/\/zenkit.com\/fr\/","name":"Zenkit","description":"Zenkit Tagline","potentialAction":[{"@type":"SearchAction","target":{"@type":"EntryPoint","urlTemplate":"https:\/\/zenkit.com\/fr\/?s={search_term_string}"},"query-input":{"@type":"PropertyValueSpecification","valueRequired":true,"valueName":"search_term_string"}}],"inLanguage":"fr-FR"},false]}},"yasr_visitor_votes":{"stars_attributes":{"read_only":false,"span_bottom":false},"number_of_votes":0,"sum_votes":0},"_links":{"self":[{"href":"https:\/\/zenkit.com\/fr\/wp-json\/wp\/v2\/pages\/73054","targetHints":{"allow":["GET"]}}],"collection":[{"href":"https:\/\/zenkit.com\/fr\/wp-json\/wp\/v2\/pages"}],"about":[{"href":"https:\/\/zenkit.com\/fr\/wp-json\/wp\/v2\/types\/page"}],"author":[{"embeddable":true,"href":"https:\/\/zenkit.com\/fr\/wp-json\/wp\/v2\/users\/30"}],"replies":[{"embeddable":true,"href":"https:\/\/zenkit.com\/fr\/wp-json\/wp\/v2\/comments?post=73054"}],"version-history":[{"count":1,"href":"https:\/\/zenkit.com\/fr\/wp-json\/wp\/v2\/pages\/73054\/revisions"}],"predecessor-version":[{"id":139643,"href":"https:\/\/zenkit.com\/fr\/wp-json\/wp\/v2\/pages\/73054\/revisions\/139643"}],"up":[{"embeddable":true,"href":"https:\/\/zenkit.com\/fr\/wp-json\/wp\/v2\/pages\/61669"}],"wp:attachment":[{"href":"https:\/\/zenkit.com\/fr\/wp-json\/wp\/v2\/media?parent=73054"}],"curies":[{"name":"wp","href":"https:\/\/api.w.org\/{rel}","templated":true}]}}