{"id":73056,"date":"2018-07-07T01:32:00","date_gmt":"2018-07-06T23:32:00","guid":{"rendered":"https:\/\/zenkit.com\/press-kit\/zenkit-now-available-as-a-snap-for-linux-users\/"},"modified":"2025-12-14T23:58:50","modified_gmt":"2025-12-14T22:58:50","slug":"zenkit-now-available-as-a-snap-for-linux-users","status":"publish","type":"page","link":"https:\/\/zenkit.com\/fr\/press-kit\/zenkit-now-available-as-a-snap-for-linux-users\/","title":{"rendered":"Zenkit now available as a snap for Linux users"},"content":{"rendered":"\n<div class=\"wp-block-group page__header has-global-padding is-layout-constrained wp-block-group-is-layout-constrained\">\n<div class=\"wp-block-group width--950 has-global-padding is-layout-constrained wp-block-group-is-layout-constrained\">\n<div style=\"height:45px;--tablet-height:45px;--mobile-height:16px\" class=\"wp-block-lookeen-blocks-responsive-spacer\"><\/div>\n\n\n\n<div class=\"wp-block-group has-global-padding is-layout-constrained wp-block-group-is-layout-constrained\">\n<h1 class=\"wp-block-heading has-text-align-center\" style=\"margin-bottom:8px\">Zenkit est maintenant disponible en snap aux utilisateurs de Linux<\/h1>\n<\/div>\n\n\n\n<div class=\"wp-block-group has-global-padding is-layout-constrained wp-block-group-is-layout-constrained\">\n<p class=\"has-text-align-center subheading\">Le format universel d&#8217;empaquetage des applications Linux de Canonical permet aux utilisateurs de Linux d&rsquo;installer le c\u00e9l\u00e8bre logiciel de gestion de projet d&rsquo;un simple clic.<\/p>\n<\/div>\n\n\n\n<div style=\"height:48px;--tablet-height:36px;--mobile-height:24px\" class=\"wp-block-lookeen-blocks-responsive-spacer\"><\/div>\n<\/div>\n<\/div>\n\n\n\n<div class=\"wp-block-group has-global-padding is-layout-constrained wp-block-group-is-layout-constrained\">\n<div class=\"wp-block-columns is-layout-flex wp-container-core-columns-is-layout-28f84493 wp-block-columns-is-layout-flex\">\n<div class=\"wp-block-column is-layout-flow wp-block-column-is-layout-flow\">\n<p><strong>8 Mai 2018 \u2013 Karlsruhe, Allemagne:<\/strong><br>Aujourd\u2019hui,&nbsp;<a href=\"https:\/\/zenkit.com\/\">Zenkit<\/a>, l\u2019une des solutions de gestion de projet en ligne les plus innovantes, est d\u00e9sormais disponible en snap, le format universel de conditionnement des applications Linux cr\u00e9\u00e9 par&nbsp;<a href=\"https:\/\/www.canonical.com\/\">Canonical<\/a>, la soci\u00e9t\u00e9 \u00e0 l\u2019origine d\u2019<a href=\"https:\/\/www.ubuntu.com\/\">Ubuntu<\/a>.<\/p>\n\n\n\n<p>Zenkit est un logiciel de gestion de projet tout-en-un qui permet aux utilisateurs d\u2019avoir diff\u00e9rents modes d\u2019affichage de leurs informations. Qu\u2019ils veuillent simplement utiliser une liste de t\u00e2ches pour accomplir leurs t\u00e2ches quotidiennes ou g\u00e9rer un grand projet avec leur \u00e9quipe, Zenkit fournit les fonctionnalit\u00e9s n\u00e9cessaires pour leur permettre de travailler de mani\u00e8re productive. Gr\u00e2ce \u00e0 son interface flexible, Zenkit s\u2019adapte \u00e9galement \u00e0 tous les projets.<\/p>\n\n\n\n<p>Cette version signifie que Zenkit peut offrir son service de gestion de projet \u00e0 un plus grand nombre d\u2019utilisateurs de Linux, notamment ceux qui utilisent Linux Mint, Manjaro, Debian, OpenSUSE et Solus, ainsi que les millions d\u2019utilisateurs d\u2019Ubuntu. Depuis son lancement en fin 2016, Zenkit a pour objectif de s\u2019adapter \u00e0 tout type de plateformes et d\u2019appareils. Snap est une nouvelle \u00e9tape vers cet objectif.<\/p>\n<\/div>\n\n\n\n<div class=\"wp-block-column is-layout-flow wp-block-column-is-layout-flow\">\n<p>\u00ab&nbsp;Nous sommes ravis de voir Zenkit apporter sa solution de gestion de projet \u00e0 l\u2019\u00e9cosyst\u00e8me snap et accorder la m\u00eame importance aux utilisateurs de Linux qu\u2019\u00e0 ceux des autres syst\u00e8mes d\u2019exploitation. Nous voyons une quantit\u00e9 de plus en plus vari\u00e9e de snaps dans le store, Zenkit \u00e9tant le dernier exemple de productivit\u00e9, et \u00e9largissant ainsi le choix d\u2019applications disponibles pour les utilisateurs de Linux&nbsp;\u00bb, d\u00e9clare Jamie Bennett, vice-pr\u00e9sident de l\u2019ing\u00e9nierie, IoT et appareils chez Canonical.<\/p>\n\n\n\n<p><a href=\"https:\/\/snapcraft.io\/\">Les Snaps<\/a>&nbsp;sont des progiciels conteneuris\u00e9s con\u00e7us pour fonctionner parfaitement et en toute s\u00e9curit\u00e9 dans tout environnement Linux. En plus de prendre en charge tous les principaux syst\u00e8mes Linux \u00e0 partir d\u2019une seule build, les snaps peuvent \u00e9galement \u00eatre mis \u00e0 jour ou roll\u00e9s automatiquement afin que les utilisateurs b\u00e9n\u00e9ficient toujours de la derni\u00e8re version de l\u2019application. Depuis leur lancement en 2016, des milliers de snaps ont \u00e9t\u00e9 publi\u00e9s par des d\u00e9veloppeurs qui adoptent ce format pour sa fiabilit\u00e9 et sa s\u00e9curit\u00e9.<\/p>\n\n\n\n<p>T\u00e9l\u00e9chargez le snap Zenkit en cliquant&nbsp;<a href=\"https:\/\/snapcraft.io\/store\">ici<\/a>.<\/p>\n<\/div>\n<\/div>\n<\/div>\n\n\n\n<div class=\"wp-block-group has-global-padding is-layout-constrained wp-block-group-is-layout-constrained\">\n<div style=\"height:88px;--tablet-height:72px;--mobile-height:40px\" class=\"wp-block-lookeen-blocks-responsive-spacer\"><\/div>\n\n\n\n<div class=\"wp-block-group has-global-padding is-layout-constrained wp-container-core-group-is-layout-41c06ba8 wp-block-group-is-layout-constrained\">\n<figure class=\"wp-block-image aligncenter size-full box__shadow border-radius--20 overflow__hidden\"><img loading=\"lazy\" decoding=\"async\" width=\"1024\" height=\"538\" src=\"https:\/\/zenkit.com\/wp-content\/uploads\/2025\/05\/base-1024x538-1.webp\" alt=\"Zenkit jetzt als Snap f\u00fcr Linux Nutzer verf\u00fcgbar\" class=\"wp-image-115465\" srcset=\"https:\/\/zenkit.com\/wp-content\/uploads\/2025\/05\/base-1024x538-1.webp 1024w, https:\/\/zenkit.com\/wp-content\/uploads\/2025\/05\/base-1024x538-1-300x158.webp 300w, https:\/\/zenkit.com\/wp-content\/uploads\/2025\/05\/base-1024x538-1-768x404.webp 768w\" sizes=\"auto, (max-width: 1024px) 100vw, 1024px\" \/><\/figure>\n<\/div>\n<\/div>\n\n\n\n<div style=\"height:88px;--tablet-height:72px;--mobile-height:40px\" class=\"wp-block-lookeen-blocks-responsive-spacer\"><\/div>\n\n\n\n<div class=\"wp-block-group has-global-padding is-layout-constrained wp-block-group-is-layout-constrained\">\n<div class=\"wp-block-group has-background has-global-padding is-layout-constrained wp-container-core-group-is-layout-8412c99a wp-block-group-is-layout-constrained\" style=\"border-radius:20px;background-color:#efefef;margin-bottom:24px;padding-top:20px;padding-right:20px;padding-bottom:20px;padding-left:20px\">\n<p class=\"has-da-grey-1-color has-text-color has-link-color wp-elements-93f443a7ff86b5ec7cc36f7fcbd72dc0\" style=\"font-size:14px\"><strong>Peter Oehler, DOP de Zenkit, d\u00e9clare<\/strong> : \u00ab Les utilisateurs de Linux sont des passionn\u00e9s de Zenkit et nous voulions les soutenir autant que possible. Ils font partie int\u00e9grante de la communaut\u00e9 Zenkit. Rationaliser les flux de travail est ce que Zenkit fait de mieux, et ce snap aidera les utilisateurs \u00e0 disposer de la derni\u00e8re version de notre logiciel, sans leur rajouter du travail suppl\u00e9mentaire. \u00bb<\/p>\n<\/div>\n<\/div>\n\n\n\n<div style=\"height:88px;--tablet-height:72px;--mobile-height:40px\" class=\"wp-block-lookeen-blocks-responsive-spacer\"><\/div>\n\n\n\n<div class=\"wp-block-group has-global-padding is-layout-constrained wp-block-group-is-layout-constrained\">\n<div class=\"wp-block-group has-global-padding is-layout-constrained wp-container-core-group-is-layout-7cc94c3e wp-block-group-is-layout-constrained\">\n<h3 class=\"wp-block-heading has-text-align-center\" style=\"margin-bottom:8px;font-style:normal;font-weight:700\">\u00c0 propos de Zenkit<\/h3>\n\n\n\n<p class=\"has-text-align-center has-da-grey-2-color has-text-color has-link-color wp-elements-b6632f363bd11681884e61d7b0a5f035\">Zenkit est une plateforme de gestion de projets et de construction de bases de donn\u00e9es cr\u00e9\u00e9e par Axonic GmbH en Allemagne. Elle a \u00e9t\u00e9 lanc\u00e9e en Octobre 2016.<\/p>\n\n\n\n<div style=\"height:88px;--tablet-height:72px;--mobile-height:40px\" class=\"wp-block-lookeen-blocks-responsive-spacer\"><\/div>\n\n\n\n<h3 class=\"wp-block-heading has-text-align-center\" style=\"margin-bottom:8px;font-style:normal;font-weight:700\">\u00c0 propos de Axonic<\/h3>\n\n\n\n<p class=\"has-text-align-center has-da-grey-2-color has-text-color has-link-color wp-elements-ca1c02a4222dad6a46ebcdf14c7cf05c\">Axonic GmbH est un \u00e9diteur de logiciels priv\u00e9 qui se concentre sur la technologie concernant l\u2019information, la communication et la reconnaissance. L\u2019entreprise est situ\u00e9e \u00e0 Karlsruhe, en Allemagne, et a \u00e9t\u00e9 fond\u00e9e par Martin Welker en 2003. Depuis plus de dix ans, Axonic d\u00e9veloppe avec succ\u00e8s des logiciels dans les domaines de l\u2019intelligence artificielle et de l\u2019extraction de connaissances et d\u2019informations. Depuis 2002, ses recherches sont principalement ax\u00e9es sur le domaine de \u00ab l\u2019intelligence de la communication \u00bb \u2013 l\u2019analyse et la pr\u00e9sentation de la communication. Axonic a publi\u00e9 6 produits majeurs utilis\u00e9s par plus de 5 millions de personnes dans le monde.<\/p>\n<\/div>\n<\/div>\n\n\n\n<div style=\"height:110px;--tablet-height:60px;--mobile-height:48px\" class=\"wp-block-lookeen-blocks-responsive-spacer\"><\/div>\n","protected":false},"excerpt":{"rendered":"<p>Zenkit est maintenant disponible en snap aux utilisateurs de Linux Le format universel d&#8217;empaquetage des applications Linux de Canonical permet aux utilisateurs de Linux d&rsquo;installer le c\u00e9l\u00e8bre logiciel de gestion de projet d&rsquo;un simple clic. 8 Mai 2018 \u2013 Karlsruhe, Allemagne:Aujourd\u2019hui,&nbsp;Zenkit, l\u2019une des solutions de gestion de projet en ligne les plus innovantes, est d\u00e9sormais [&hellip;]<\/p>\n","protected":false},"author":30,"featured_media":0,"parent":61669,"menu_order":10,"comment_status":"closed","ping_status":"closed","template":"","meta":{"yasr_overall_rating":0,"yasr_post_is_review":"","yasr_auto_insert_disabled":"","yasr_review_type":"","footnotes":""},"class_list":["post-73056","page","type-page","status-publish","hentry"],"yoast_head":"<!-- This site is optimized with the Yoast SEO plugin v27.3 - https:\/\/yoast.com\/product\/yoast-seo-wordpress\/ -->\n<title>Zenkit now available as a snap for Linux users | Zenkit<\/title>\n<meta name=\"description\" content=\"Zenkit is now available as a snap, the universal Linux app packaging format created by Canonical, the company behind Ubuntu.\" \/>\n<meta name=\"robots\" content=\"index, follow, max-snippet:-1, max-image-preview:large, max-video-preview:-1\" \/>\n<link rel=\"canonical\" href=\"https:\/\/zenkit.com\/fr\/press-kit\/zenkit-now-available-as-a-snap-for-linux-users\/\" \/>\n<meta property=\"og:locale\" content=\"fr_FR\" \/>\n<meta property=\"og:type\" content=\"article\" \/>\n<meta property=\"og:title\" content=\"Zenkit now available as a snap for Linux users | Zenkit\" \/>\n<meta property=\"og:description\" content=\"Zenkit is now available as a snap, the universal Linux app packaging format created by Canonical, the company behind Ubuntu.\" \/>\n<meta property=\"og:url\" content=\"https:\/\/zenkit.com\/fr\/press-kit\/zenkit-now-available-as-a-snap-for-linux-users\/\" \/>\n<meta property=\"og:site_name\" content=\"Zenkit\" \/>\n<meta property=\"article:publisher\" content=\"https:\/\/www.facebook.com\/ZenkitHQ\" \/>\n<meta property=\"article:modified_time\" content=\"2025-12-14T22:58:50+00:00\" \/>\n<meta property=\"og:image\" content=\"https:\/\/zenkit.com\/wp-content\/uploads\/2025\/05\/base-1024x538-1.webp\" \/>\n\t<meta property=\"og:image:width\" content=\"1024\" \/>\n\t<meta property=\"og:image:height\" content=\"538\" \/>\n\t<meta property=\"og:image:type\" content=\"image\/webp\" \/>\n<meta name=\"twitter:card\" content=\"summary_large_image\" \/>\n<meta name=\"twitter:site\" content=\"@ZenkitHQ\" \/>\n<meta name=\"twitter:label1\" content=\"Dur\u00e9e de lecture estim\u00e9e\" \/>\n\t<meta name=\"twitter:data1\" content=\"8 minutes\" \/>\n<script type=\"application\/ld+json\" class=\"yoast-schema-graph\">{\"@context\":\"https:\\\/\\\/schema.org\",\"@graph\":[{\"@type\":\"WebPage\",\"@id\":\"https:\\\/\\\/zenkit.com\\\/fr\\\/press-kit\\\/zenkit-now-available-as-a-snap-for-linux-users\\\/\",\"url\":\"https:\\\/\\\/zenkit.com\\\/fr\\\/press-kit\\\/zenkit-now-available-as-a-snap-for-linux-users\\\/\",\"name\":\"Zenkit now available as a snap for Linux users | Zenkit\",\"isPartOf\":{\"@id\":\"https:\\\/\\\/zenkit.com\\\/fr\\\/#website\"},\"primaryImageOfPage\":{\"@id\":\"https:\\\/\\\/zenkit.com\\\/fr\\\/press-kit\\\/zenkit-now-available-as-a-snap-for-linux-users\\\/#primaryimage\"},\"image\":{\"@id\":\"https:\\\/\\\/zenkit.com\\\/fr\\\/press-kit\\\/zenkit-now-available-as-a-snap-for-linux-users\\\/#primaryimage\"},\"thumbnailUrl\":\"https:\\\/\\\/zenkit.com\\\/wp-content\\\/uploads\\\/2025\\\/05\\\/base-1024x538-1.webp\",\"datePublished\":\"2018-07-06T23:32:00+00:00\",\"dateModified\":\"2025-12-14T22:58:50+00:00\",\"description\":\"Zenkit is now available as a snap, the universal Linux app packaging format created by Canonical, the company behind Ubuntu.\",\"breadcrumb\":{\"@id\":\"https:\\\/\\\/zenkit.com\\\/fr\\\/press-kit\\\/zenkit-now-available-as-a-snap-for-linux-users\\\/#breadcrumb\"},\"inLanguage\":\"fr-FR\",\"potentialAction\":[{\"@type\":\"ReadAction\",\"target\":[\"https:\\\/\\\/zenkit.com\\\/fr\\\/press-kit\\\/zenkit-now-available-as-a-snap-for-linux-users\\\/\"]}]},{\"@type\":\"ImageObject\",\"inLanguage\":\"fr-FR\",\"@id\":\"https:\\\/\\\/zenkit.com\\\/fr\\\/press-kit\\\/zenkit-now-available-as-a-snap-for-linux-users\\\/#primaryimage\",\"url\":\"https:\\\/\\\/zenkit.com\\\/wp-content\\\/uploads\\\/2025\\\/05\\\/base-1024x538-1.webp\",\"contentUrl\":\"https:\\\/\\\/zenkit.com\\\/wp-content\\\/uploads\\\/2025\\\/05\\\/base-1024x538-1.webp\"},{\"@type\":\"BreadcrumbList\",\"@id\":\"https:\\\/\\\/zenkit.com\\\/fr\\\/press-kit\\\/zenkit-now-available-as-a-snap-for-linux-users\\\/#breadcrumb\",\"itemListElement\":[{\"@type\":\"ListItem\",\"position\":1,\"name\":\"Home\",\"item\":\"https:\\\/\\\/zenkit.com\\\/fr\\\/\"},{\"@type\":\"ListItem\",\"position\":2,\"name\":\"Dossier de presse\",\"item\":\"https:\\\/\\\/zenkit.com\\\/fr\\\/press-kit\\\/\"},{\"@type\":\"ListItem\",\"position\":3,\"name\":\"Zenkit now available as a snap for Linux users\"}]},{\"@type\":\"WebSite\",\"@id\":\"https:\\\/\\\/zenkit.com\\\/fr\\\/#website\",\"url\":\"https:\\\/\\\/zenkit.com\\\/fr\\\/\",\"name\":\"Zenkit\",\"description\":\"Zenkit Tagline\",\"potentialAction\":[{\"@type\":\"SearchAction\",\"target\":{\"@type\":\"EntryPoint\",\"urlTemplate\":\"https:\\\/\\\/zenkit.com\\\/fr\\\/?s={search_term_string}\"},\"query-input\":{\"@type\":\"PropertyValueSpecification\",\"valueRequired\":true,\"valueName\":\"search_term_string\"}}],\"inLanguage\":\"fr-FR\"},false]}<\/script>\n<!-- \/ Yoast SEO plugin. -->","yoast_head_json":{"title":"Zenkit now available as a snap for Linux users | Zenkit","description":"Zenkit is now available as a snap, the universal Linux app packaging format created by Canonical, the company behind Ubuntu.","robots":{"index":"index","follow":"follow","max-snippet":"max-snippet:-1","max-image-preview":"max-image-preview:large","max-video-preview":"max-video-preview:-1"},"canonical":"https:\/\/zenkit.com\/fr\/press-kit\/zenkit-now-available-as-a-snap-for-linux-users\/","og_locale":"fr_FR","og_type":"article","og_title":"Zenkit now available as a snap for Linux users | Zenkit","og_description":"Zenkit is now available as a snap, the universal Linux app packaging format created by Canonical, the company behind Ubuntu.","og_url":"https:\/\/zenkit.com\/fr\/press-kit\/zenkit-now-available-as-a-snap-for-linux-users\/","og_site_name":"Zenkit","article_publisher":"https:\/\/www.facebook.com\/ZenkitHQ","article_modified_time":"2025-12-14T22:58:50+00:00","og_image":[{"width":1024,"height":538,"url":"https:\/\/zenkit.com\/wp-content\/uploads\/2025\/05\/base-1024x538-1.webp","type":"image\/webp"}],"twitter_card":"summary_large_image","twitter_site":"@ZenkitHQ","twitter_misc":{"Dur\u00e9e de lecture estim\u00e9e":"8 minutes"},"schema":{"@context":"https:\/\/schema.org","@graph":[{"@type":"WebPage","@id":"https:\/\/zenkit.com\/fr\/press-kit\/zenkit-now-available-as-a-snap-for-linux-users\/","url":"https:\/\/zenkit.com\/fr\/press-kit\/zenkit-now-available-as-a-snap-for-linux-users\/","name":"Zenkit now available as a snap for Linux users | Zenkit","isPartOf":{"@id":"https:\/\/zenkit.com\/fr\/#website"},"primaryImageOfPage":{"@id":"https:\/\/zenkit.com\/fr\/press-kit\/zenkit-now-available-as-a-snap-for-linux-users\/#primaryimage"},"image":{"@id":"https:\/\/zenkit.com\/fr\/press-kit\/zenkit-now-available-as-a-snap-for-linux-users\/#primaryimage"},"thumbnailUrl":"https:\/\/zenkit.com\/wp-content\/uploads\/2025\/05\/base-1024x538-1.webp","datePublished":"2018-07-06T23:32:00+00:00","dateModified":"2025-12-14T22:58:50+00:00","description":"Zenkit is now available as a snap, the universal Linux app packaging format created by Canonical, the company behind Ubuntu.","breadcrumb":{"@id":"https:\/\/zenkit.com\/fr\/press-kit\/zenkit-now-available-as-a-snap-for-linux-users\/#breadcrumb"},"inLanguage":"fr-FR","potentialAction":[{"@type":"ReadAction","target":["https:\/\/zenkit.com\/fr\/press-kit\/zenkit-now-available-as-a-snap-for-linux-users\/"]}]},{"@type":"ImageObject","inLanguage":"fr-FR","@id":"https:\/\/zenkit.com\/fr\/press-kit\/zenkit-now-available-as-a-snap-for-linux-users\/#primaryimage","url":"https:\/\/zenkit.com\/wp-content\/uploads\/2025\/05\/base-1024x538-1.webp","contentUrl":"https:\/\/zenkit.com\/wp-content\/uploads\/2025\/05\/base-1024x538-1.webp"},{"@type":"BreadcrumbList","@id":"https:\/\/zenkit.com\/fr\/press-kit\/zenkit-now-available-as-a-snap-for-linux-users\/#breadcrumb","itemListElement":[{"@type":"ListItem","position":1,"name":"Home","item":"https:\/\/zenkit.com\/fr\/"},{"@type":"ListItem","position":2,"name":"Dossier de presse","item":"https:\/\/zenkit.com\/fr\/press-kit\/"},{"@type":"ListItem","position":3,"name":"Zenkit now available as a snap for Linux users"}]},{"@type":"WebSite","@id":"https:\/\/zenkit.com\/fr\/#website","url":"https:\/\/zenkit.com\/fr\/","name":"Zenkit","description":"Zenkit Tagline","potentialAction":[{"@type":"SearchAction","target":{"@type":"EntryPoint","urlTemplate":"https:\/\/zenkit.com\/fr\/?s={search_term_string}"},"query-input":{"@type":"PropertyValueSpecification","valueRequired":true,"valueName":"search_term_string"}}],"inLanguage":"fr-FR"},false]}},"yasr_visitor_votes":{"stars_attributes":{"read_only":false,"span_bottom":false},"number_of_votes":0,"sum_votes":0},"_links":{"self":[{"href":"https:\/\/zenkit.com\/fr\/wp-json\/wp\/v2\/pages\/73056","targetHints":{"allow":["GET"]}}],"collection":[{"href":"https:\/\/zenkit.com\/fr\/wp-json\/wp\/v2\/pages"}],"about":[{"href":"https:\/\/zenkit.com\/fr\/wp-json\/wp\/v2\/types\/page"}],"author":[{"embeddable":true,"href":"https:\/\/zenkit.com\/fr\/wp-json\/wp\/v2\/users\/30"}],"replies":[{"embeddable":true,"href":"https:\/\/zenkit.com\/fr\/wp-json\/wp\/v2\/comments?post=73056"}],"version-history":[{"count":4,"href":"https:\/\/zenkit.com\/fr\/wp-json\/wp\/v2\/pages\/73056\/revisions"}],"predecessor-version":[{"id":175141,"href":"https:\/\/zenkit.com\/fr\/wp-json\/wp\/v2\/pages\/73056\/revisions\/175141"}],"up":[{"embeddable":true,"href":"https:\/\/zenkit.com\/fr\/wp-json\/wp\/v2\/pages\/61669"}],"wp:attachment":[{"href":"https:\/\/zenkit.com\/fr\/wp-json\/wp\/v2\/media?parent=73056"}],"curies":[{"name":"wp","href":"https:\/\/api.w.org\/{rel}","templated":true}]}}