{"id":73058,"date":"2018-07-07T01:04:47","date_gmt":"2018-07-06T23:04:47","guid":{"rendered":"https:\/\/zenkit.com\/press-kit\/zenkit-releases-desktop-apps-for-macos-windows-and-linux\/"},"modified":"2025-10-15T23:54:22","modified_gmt":"2025-10-15T21:54:22","slug":"zenkit-releases-desktop-apps-for-macos-windows-and-linux","status":"publish","type":"page","link":"https:\/\/zenkit.com\/fr\/press-kit\/zenkit-releases-desktop-apps-for-macos-windows-and-linux\/","title":{"rendered":"Zenkit releases Desktop Apps for macOS, Windows and Linux"},"content":{"rendered":"\n<div class=\"wp-block-group has-global-padding is-layout-constrained wp-block-group-is-layout-constrained\">\n<div class=\"wp-block-group width--950 has-global-padding is-layout-constrained wp-block-group-is-layout-constrained\">\n<div style=\"height:45px;--tablet-height:45px;--mobile-height:16px\" class=\"wp-block-lookeen-blocks-responsive-spacer\"><\/div>\n\n\n\n<div class=\"wp-block-group has-global-padding is-layout-constrained wp-block-group-is-layout-constrained\">\n<h1 class=\"wp-block-heading has-text-align-center\" style=\"margin-bottom:8px\">Zenkit sort une application de bureau<\/h1>\n<\/div>\n\n\n\n<div class=\"wp-block-group has-global-padding is-layout-constrained wp-block-group-is-layout-constrained\">\n<p class=\"has-text-align-center subheading\">pour macOS, Windows et Linux<\/p>\n<\/div>\n\n\n\n<div style=\"height:48px;--tablet-height:36px;--mobile-height:24px\" class=\"wp-block-lookeen-blocks-responsive-spacer\"><\/div>\n\n\n\n<div class=\"wp-block-group has-global-padding is-layout-constrained wp-block-group-is-layout-constrained\">\n<p class=\"has-text-align-center press__headline has-text-color has-link-color wp-elements-adb08de148a80b0c81426c0c176a95b8\" style=\"color:#939393;font-size:24px;font-style:normal;font-weight:700;line-height:1.5\">26 F\u00e9vrier 2018 \u2013 Karlsruhe, Allemagne<\/p>\n<\/div>\n<\/div>\n\n\n\n<div style=\"height:88px;--tablet-height:72px;--mobile-height:40px\" class=\"wp-block-lookeen-blocks-responsive-spacer\"><\/div>\n<\/div>\n\n\n\n<div class=\"wp-block-group has-global-padding is-layout-constrained wp-block-group-is-layout-constrained\">\n<div class=\"wp-block-columns is-layout-flex wp-container-core-columns-is-layout-b8d659ec wp-block-columns-is-layout-flex\">\n<div class=\"wp-block-column is-layout-flow wp-block-column-is-layout-flow\">\n<p class=\"has-da-grey-2-color has-text-color has-link-color wp-elements-cbf18b6d643aa08bc6d547f073056b07\">Aujourd\u2019hui, l\u2019\u00e9quipe Zenkit annonce la sortie de l\u2019application de bureau pour macOS, Windows et Linux. Avec sa derni\u00e8re version, la startup allemande s\u2019est rapproch\u00e9e de la cr\u00e9ation d\u2019un produit SaaS flexible qui peut d\u00e9sormais \u00eatre utilis\u00e9 sur tous les principaux ordinateurs portables et p\u00e9riph\u00e9riques.<\/p>\n\n\n\n<p>Les applications de bureau sont accessibles sans ouvrir le navigateur Internet. Zenkit \u00e9tait jusqu\u2019\u00e0 pr\u00e9sent une application web\/mobile, les versions bureau et mobiles pouvant \u00e9galement \u00eatre utilis\u00e9es hors ligne. La d\u00e9cision de Zenkit d\u2019inclure des applications de bureau Linux a \u00e9t\u00e9 principalement motiv\u00e9e par le fait que Linux n\u2019est pas suffisamment soutenu dans la communaut\u00e9 de gestion de projet. Bien qu\u2019il s\u2019agisse d\u2019un syst\u00e8me d\u2019exploitation moins populaire que Windows et Mac, de nombreux d\u00e9veloppeurs de logiciels pr\u00e9f\u00e8rent Linux pour sa flexibilit\u00e9 et sa personnalisation. Ainsi, une application de bureau disponible sur Linux \u00e9tait une question importante pour l\u2019\u00e9quipe de Zenkit.<\/p>\n\n\n\n<p class=\"has-da-grey-2-color has-text-color has-link-color wp-elements-6032e7f832c3048581babd619d85af7f\">Zenkit est un logiciel de gestion de projet qui permet aux utilisateurs d\u2019avoir diff\u00e9rents affichages de leurs informations de projet. Les affichages inclus sont les suivants : liste de t\u00e2ches, tableau Kanban, tableur, carte mentale et calendrier. Les utilisateurs peuvent passer d\u2019un affichage \u00e0 l\u2019autre pour utiliser diff\u00e9rents outils pour leurs t\u00e2ches. En outre, Zenkit dispose de fonctionnalit\u00e9s de gestion de projet courantes telles que les commentaires, les \u00e9tiquettes, les champs personnalis\u00e9s et les affectations de t\u00e2ches. Zenkit est gratuit pour un maximum de cinq personnes.<\/p>\n<\/div>\n\n\n\n<div class=\"wp-block-column is-layout-flow wp-block-column-is-layout-flow\">\n<p class=\"has-da-grey-2-color has-text-color has-link-color wp-elements-3ef561ade02a4d0c4a0ecaa78df70184\">L\u2019\u00e9quipe de Zenkit pr\u00e9voit de publier tout un arsenal de nouvelles fonctionnalit\u00e9s pratiques dans les mois \u00e0 venir.<\/p>\n\n\n\n<p class=\"has-da-grey-2-color has-text-color has-link-color wp-elements-74171817e31c2067eb5db6730c2aeb9d\">Les nouvelles fonctionnalit\u00e9s se concentreront sur une int\u00e9gration plus pouss\u00e9e avec les syst\u00e8mes d\u2019exploitation Mac et Windows.<\/p>\n\n\n\n<div class=\"wp-block-group has-background has-global-padding is-layout-constrained wp-container-core-group-is-layout-8412c99a wp-block-group-is-layout-constrained\" style=\"border-radius:20px;background-color:#efefef;margin-bottom:24px;padding-top:20px;padding-right:20px;padding-bottom:20px;padding-left:20px\">\n<p class=\"has-da-grey-1-color has-text-color has-link-color wp-elements-eddf1fcefc2052f17335631b33d6300a\" style=\"font-size:14px\">Martin Welker, fondateur et PDG de Zenkit, d\u00e9clare : \u00ab&nbsp;Pour que les \u00e9quipes parviennent \u00e0 adh\u00e9rer au produit, vous devez \u00eatre flexible dans le type d\u2019outils que vous pouvez leur offrir. Une fois que vous avez fait cela, vous devez vous assurer que votre service est disponible sur tout type d\u2019appareil, de plateforme et syst\u00e8me d\u2019exploitation d\u00e9sir\u00e9 par les \u00e9quipes pour accomplir leur travail.&nbsp;\u00bb<\/p>\n<\/div>\n<\/div>\n<\/div>\n<\/div>\n\n\n\n<div style=\"height:45px;--tablet-height:45px;--mobile-height:16px\" class=\"wp-block-lookeen-blocks-responsive-spacer\"><\/div>\n\n\n\n<figure class=\"wp-block-image aligncenter size-full is-resized border-radius--20 overflow__hidden  box__shadow\"><img loading=\"lazy\" decoding=\"async\" width=\"1024\" height=\"538\" src=\"https:\/\/zenkit.com\/wp-content\/uploads\/2025\/05\/base-1024x538-1.webp\" alt=\"\" class=\"wp-image-115467\" style=\"width:491px;height:auto\" srcset=\"https:\/\/zenkit.com\/wp-content\/uploads\/2025\/05\/base-1024x538-1.webp 1024w, https:\/\/zenkit.com\/wp-content\/uploads\/2025\/05\/base-1024x538-1-300x158.webp 300w, https:\/\/zenkit.com\/wp-content\/uploads\/2025\/05\/base-1024x538-1-768x404.webp 768w\" sizes=\"auto, (max-width: 1024px) 100vw, 1024px\" \/><\/figure>\n\n\n\n<div style=\"height:88px;--tablet-height:72px;--mobile-height:40px\" class=\"wp-block-lookeen-blocks-responsive-spacer\"><\/div>\n\n\n\n<div class=\"wp-block-group has-global-padding is-layout-constrained wp-block-group-is-layout-constrained\">\n<h2 class=\"wp-block-heading has-text-align-center\" style=\"margin-bottom:0px\">Les principales caract\u00e9ristiques de cette version sont les suivantes:<\/h2>\n\n\n\n<div style=\"height:48px;--tablet-height:36px;--mobile-height:24px\" class=\"wp-block-lookeen-blocks-responsive-spacer\"><\/div>\n\n\n\n<div class=\"wp-block-group has-global-padding is-layout-constrained wp-block-group-is-layout-constrained\">\n<div class=\"wp-block-columns is-layout-flex wp-container-core-columns-is-layout-28f84493 wp-block-columns-is-layout-flex\">\n<div class=\"wp-block-column is-layout-flow wp-block-column-is-layout-flow\">\n<ul class=\"wp-block-list list__with-checkmark-blue-and-underline has-da-grey-2-color has-text-color has-link-color wp-elements-bb8c1f390d56014f48818c435e2e74d5\">\n<li>Applications de bureau pour macOS, Windows, et Linux avec un acc\u00e8s hors-ligne<\/li>\n\n\n\n<li>Enti\u00e8rement personnalisable pour chaque affichage : membres, notifications, filtres, affichage du menu, activit\u00e9s<\/li>\n\n\n\n<li>Activit\u00e9s globales : un flux d\u2019activit\u00e9 de tout ce qui se passe sur votre compte sur la page d\u2019accueil<\/li>\n\n\n\n<li>Commentaires au niveau des collections (pr\u00e9c\u00e9demment seulement au niveau des t\u00e2ches)<\/li>\n<\/ul>\n<\/div>\n\n\n\n<div class=\"wp-block-column is-layout-flow wp-block-column-is-layout-flow\">\n<ul class=\"wp-block-list list__with-checkmark-blue-and-underline has-da-grey-2-color has-text-color has-link-color wp-elements-f42a4dce17e8dbab63bd1fb12f6adb06\">\n<li>Raccourcis pour ouvrir directement le dialogue d\u2019ajouts rapides (Ctrl+Shift+Space)<\/li>\n\n\n\n<li>Raccourcis global pour aller directement dans l\u2019application (Ctrl+Shift+Z)<\/li>\n\n\n\n<li>Une s\u00e9rie de raccourcis locaux pour la navigation et l\u2019int\u00e9gration de raccourcis standard (par exemple, l\u2019ouverture des param\u00e8tres \u00e0 l\u2019aide de Ctrl+, et bien d\u2019autres encore).<\/li>\n<\/ul>\n<\/div>\n<\/div>\n<\/div>\n\n\n\n<div class=\"wp-block-group has-global-padding is-layout-constrained wp-container-core-group-is-layout-7cc94c3e wp-block-group-is-layout-constrained\">\n<div style=\"height:88px;--tablet-height:72px;--mobile-height:40px\" class=\"wp-block-lookeen-blocks-responsive-spacer\"><\/div>\n\n\n\n<h3 class=\"wp-block-heading has-text-align-center\" style=\"margin-bottom:8px;font-style:normal;font-weight:700\">\u00c0 propos de Zenkit<\/h3>\n\n\n\n<p class=\"has-text-align-center has-da-grey-2-color has-text-color has-link-color wp-elements-b6632f363bd11681884e61d7b0a5f035\">Zenkit est une plateforme de gestion de projets et de construction de bases de donn\u00e9es cr\u00e9\u00e9e par Axonic GmbH en Allemagne. Elle a \u00e9t\u00e9 lanc\u00e9e en Octobre 2016.<\/p>\n<\/div>\n\n\n\n<div class=\"wp-block-group has-global-padding is-layout-constrained wp-container-core-group-is-layout-7cc94c3e wp-block-group-is-layout-constrained\">\n<div style=\"height:88px;--tablet-height:72px;--mobile-height:40px\" class=\"wp-block-lookeen-blocks-responsive-spacer\"><\/div>\n\n\n\n<h3 class=\"wp-block-heading has-text-align-center\" style=\"margin-bottom:8px;font-style:normal;font-weight:700\">\u00c0 propos de Axonic<\/h3>\n\n\n\n<p class=\"has-text-align-center has-da-grey-2-color has-text-color has-link-color wp-elements-2fcb632f8fc8e69b818a76554e7135dd\">Axonic GmbH est un \u00e9diteur de logiciels priv\u00e9 qui se concentre sur la technologie concernant l\u2019information, la communication et la reconnaissance. L\u2019entreprise est situ\u00e9e \u00e0 Karlsruhe, en Allemagne, et a \u00e9t\u00e9 fond\u00e9e par Martin Welker en 2003. Depuis plus de dix ans, Axonic d\u00e9veloppe avec succ\u00e8s des logiciels dans les domaines de l\u2019intelligence artificielle et de l\u2019extraction de connaissances et d\u2019informations. Depuis 2002, ses recherches sont principalement ax\u00e9es sur le domaine de \u00ab&nbsp;l\u2019intelligence de la communication&nbsp;\u00bb \u2013 l\u2019analyse et la pr\u00e9sentation de la communication. Axonic a publi\u00e9 6 produits majeurs utilis\u00e9s par plus de 5 millions de personnes dans le monde.<\/p>\n<\/div>\n<\/div>\n\n\n\n<div style=\"height:110px;--tablet-height:60px;--mobile-height:48px\" class=\"wp-block-lookeen-blocks-responsive-spacer\"><\/div>\n","protected":false},"excerpt":{"rendered":"<p>Zenkit sort une application de bureau pour macOS, Windows et Linux 26 F\u00e9vrier 2018 \u2013 Karlsruhe, Allemagne Aujourd\u2019hui, l\u2019\u00e9quipe Zenkit annonce la sortie de l\u2019application de bureau pour macOS, Windows et Linux. Avec sa derni\u00e8re version, la startup allemande s\u2019est rapproch\u00e9e de la cr\u00e9ation d\u2019un produit SaaS flexible qui peut d\u00e9sormais \u00eatre utilis\u00e9 sur tous [&hellip;]<\/p>\n","protected":false},"author":30,"featured_media":0,"parent":61669,"menu_order":11,"comment_status":"closed","ping_status":"closed","template":"","meta":{"yasr_overall_rating":0,"yasr_post_is_review":"","yasr_auto_insert_disabled":"","yasr_review_type":"","footnotes":""},"class_list":["post-73058","page","type-page","status-publish","hentry"],"yoast_head":"<!-- This site is optimized with the Yoast SEO plugin v27.3 - https:\/\/yoast.com\/product\/yoast-seo-wordpress\/ -->\n<title>Zenkit releases Desktop Apps for macOS, Windows and Linux | Zenkit<\/title>\n<meta name=\"description\" content=\"With its most recent release Zenkit has moved closer towards creating a flexible SaaS product that can now additionally be used on all major devices.\" \/>\n<meta name=\"robots\" content=\"index, follow, max-snippet:-1, max-image-preview:large, max-video-preview:-1\" \/>\n<link rel=\"canonical\" href=\"https:\/\/zenkit.com\/fr\/press-kit\/zenkit-releases-desktop-apps-for-macos-windows-and-linux\/\" \/>\n<meta property=\"og:locale\" content=\"fr_FR\" \/>\n<meta property=\"og:type\" content=\"article\" \/>\n<meta property=\"og:title\" content=\"Zenkit releases Desktop Apps for macOS, Windows and Linux | Zenkit\" \/>\n<meta property=\"og:description\" content=\"With its most recent release Zenkit has moved closer towards creating a flexible SaaS product that can now additionally be used on all major devices.\" \/>\n<meta property=\"og:url\" content=\"https:\/\/zenkit.com\/fr\/press-kit\/zenkit-releases-desktop-apps-for-macos-windows-and-linux\/\" \/>\n<meta property=\"og:site_name\" content=\"Zenkit\" \/>\n<meta property=\"article:publisher\" content=\"https:\/\/www.facebook.com\/ZenkitHQ\" \/>\n<meta property=\"article:modified_time\" content=\"2025-10-15T21:54:22+00:00\" \/>\n<meta property=\"og:image\" content=\"https:\/\/zenkit.com\/wp-content\/uploads\/2025\/05\/base-1024x538-1.webp\" \/>\n\t<meta property=\"og:image:width\" content=\"1024\" \/>\n\t<meta property=\"og:image:height\" content=\"538\" \/>\n\t<meta property=\"og:image:type\" content=\"image\/webp\" \/>\n<meta name=\"twitter:card\" content=\"summary_large_image\" \/>\n<meta name=\"twitter:site\" content=\"@ZenkitHQ\" \/>\n<meta name=\"twitter:label1\" content=\"Dur\u00e9e de lecture estim\u00e9e\" \/>\n\t<meta name=\"twitter:data1\" content=\"9 minutes\" \/>\n<script type=\"application\/ld+json\" class=\"yoast-schema-graph\">{\"@context\":\"https:\\\/\\\/schema.org\",\"@graph\":[{\"@type\":\"WebPage\",\"@id\":\"https:\\\/\\\/zenkit.com\\\/fr\\\/press-kit\\\/zenkit-releases-desktop-apps-for-macos-windows-and-linux\\\/\",\"url\":\"https:\\\/\\\/zenkit.com\\\/fr\\\/press-kit\\\/zenkit-releases-desktop-apps-for-macos-windows-and-linux\\\/\",\"name\":\"Zenkit releases Desktop Apps for macOS, Windows and Linux | Zenkit\",\"isPartOf\":{\"@id\":\"https:\\\/\\\/zenkit.com\\\/fr\\\/#website\"},\"primaryImageOfPage\":{\"@id\":\"https:\\\/\\\/zenkit.com\\\/fr\\\/press-kit\\\/zenkit-releases-desktop-apps-for-macos-windows-and-linux\\\/#primaryimage\"},\"image\":{\"@id\":\"https:\\\/\\\/zenkit.com\\\/fr\\\/press-kit\\\/zenkit-releases-desktop-apps-for-macos-windows-and-linux\\\/#primaryimage\"},\"thumbnailUrl\":\"https:\\\/\\\/zenkit.com\\\/wp-content\\\/uploads\\\/2025\\\/05\\\/base-1024x538-1.webp\",\"datePublished\":\"2018-07-06T23:04:47+00:00\",\"dateModified\":\"2025-10-15T21:54:22+00:00\",\"description\":\"With its most recent release Zenkit has moved closer towards creating a flexible SaaS product that can now additionally be used on all major devices.\",\"breadcrumb\":{\"@id\":\"https:\\\/\\\/zenkit.com\\\/fr\\\/press-kit\\\/zenkit-releases-desktop-apps-for-macos-windows-and-linux\\\/#breadcrumb\"},\"inLanguage\":\"fr-FR\",\"potentialAction\":[{\"@type\":\"ReadAction\",\"target\":[\"https:\\\/\\\/zenkit.com\\\/fr\\\/press-kit\\\/zenkit-releases-desktop-apps-for-macos-windows-and-linux\\\/\"]}]},{\"@type\":\"ImageObject\",\"inLanguage\":\"fr-FR\",\"@id\":\"https:\\\/\\\/zenkit.com\\\/fr\\\/press-kit\\\/zenkit-releases-desktop-apps-for-macos-windows-and-linux\\\/#primaryimage\",\"url\":\"https:\\\/\\\/zenkit.com\\\/wp-content\\\/uploads\\\/2025\\\/05\\\/base-1024x538-1.webp\",\"contentUrl\":\"https:\\\/\\\/zenkit.com\\\/wp-content\\\/uploads\\\/2025\\\/05\\\/base-1024x538-1.webp\"},{\"@type\":\"BreadcrumbList\",\"@id\":\"https:\\\/\\\/zenkit.com\\\/fr\\\/press-kit\\\/zenkit-releases-desktop-apps-for-macos-windows-and-linux\\\/#breadcrumb\",\"itemListElement\":[{\"@type\":\"ListItem\",\"position\":1,\"name\":\"Home\",\"item\":\"https:\\\/\\\/zenkit.com\\\/fr\\\/\"},{\"@type\":\"ListItem\",\"position\":2,\"name\":\"Dossier de presse\",\"item\":\"https:\\\/\\\/zenkit.com\\\/fr\\\/press-kit\\\/\"},{\"@type\":\"ListItem\",\"position\":3,\"name\":\"Zenkit releases Desktop Apps for macOS, Windows and Linux\"}]},{\"@type\":\"WebSite\",\"@id\":\"https:\\\/\\\/zenkit.com\\\/fr\\\/#website\",\"url\":\"https:\\\/\\\/zenkit.com\\\/fr\\\/\",\"name\":\"Zenkit\",\"description\":\"Zenkit Tagline\",\"potentialAction\":[{\"@type\":\"SearchAction\",\"target\":{\"@type\":\"EntryPoint\",\"urlTemplate\":\"https:\\\/\\\/zenkit.com\\\/fr\\\/?s={search_term_string}\"},\"query-input\":{\"@type\":\"PropertyValueSpecification\",\"valueRequired\":true,\"valueName\":\"search_term_string\"}}],\"inLanguage\":\"fr-FR\"},false]}<\/script>\n<!-- \/ Yoast SEO plugin. -->","yoast_head_json":{"title":"Zenkit releases Desktop Apps for macOS, Windows and Linux | Zenkit","description":"With its most recent release Zenkit has moved closer towards creating a flexible SaaS product that can now additionally be used on all major devices.","robots":{"index":"index","follow":"follow","max-snippet":"max-snippet:-1","max-image-preview":"max-image-preview:large","max-video-preview":"max-video-preview:-1"},"canonical":"https:\/\/zenkit.com\/fr\/press-kit\/zenkit-releases-desktop-apps-for-macos-windows-and-linux\/","og_locale":"fr_FR","og_type":"article","og_title":"Zenkit releases Desktop Apps for macOS, Windows and Linux | Zenkit","og_description":"With its most recent release Zenkit has moved closer towards creating a flexible SaaS product that can now additionally be used on all major devices.","og_url":"https:\/\/zenkit.com\/fr\/press-kit\/zenkit-releases-desktop-apps-for-macos-windows-and-linux\/","og_site_name":"Zenkit","article_publisher":"https:\/\/www.facebook.com\/ZenkitHQ","article_modified_time":"2025-10-15T21:54:22+00:00","og_image":[{"width":1024,"height":538,"url":"https:\/\/zenkit.com\/wp-content\/uploads\/2025\/05\/base-1024x538-1.webp","type":"image\/webp"}],"twitter_card":"summary_large_image","twitter_site":"@ZenkitHQ","twitter_misc":{"Dur\u00e9e de lecture estim\u00e9e":"9 minutes"},"schema":{"@context":"https:\/\/schema.org","@graph":[{"@type":"WebPage","@id":"https:\/\/zenkit.com\/fr\/press-kit\/zenkit-releases-desktop-apps-for-macos-windows-and-linux\/","url":"https:\/\/zenkit.com\/fr\/press-kit\/zenkit-releases-desktop-apps-for-macos-windows-and-linux\/","name":"Zenkit releases Desktop Apps for macOS, Windows and Linux | Zenkit","isPartOf":{"@id":"https:\/\/zenkit.com\/fr\/#website"},"primaryImageOfPage":{"@id":"https:\/\/zenkit.com\/fr\/press-kit\/zenkit-releases-desktop-apps-for-macos-windows-and-linux\/#primaryimage"},"image":{"@id":"https:\/\/zenkit.com\/fr\/press-kit\/zenkit-releases-desktop-apps-for-macos-windows-and-linux\/#primaryimage"},"thumbnailUrl":"https:\/\/zenkit.com\/wp-content\/uploads\/2025\/05\/base-1024x538-1.webp","datePublished":"2018-07-06T23:04:47+00:00","dateModified":"2025-10-15T21:54:22+00:00","description":"With its most recent release Zenkit has moved closer towards creating a flexible SaaS product that can now additionally be used on all major devices.","breadcrumb":{"@id":"https:\/\/zenkit.com\/fr\/press-kit\/zenkit-releases-desktop-apps-for-macos-windows-and-linux\/#breadcrumb"},"inLanguage":"fr-FR","potentialAction":[{"@type":"ReadAction","target":["https:\/\/zenkit.com\/fr\/press-kit\/zenkit-releases-desktop-apps-for-macos-windows-and-linux\/"]}]},{"@type":"ImageObject","inLanguage":"fr-FR","@id":"https:\/\/zenkit.com\/fr\/press-kit\/zenkit-releases-desktop-apps-for-macos-windows-and-linux\/#primaryimage","url":"https:\/\/zenkit.com\/wp-content\/uploads\/2025\/05\/base-1024x538-1.webp","contentUrl":"https:\/\/zenkit.com\/wp-content\/uploads\/2025\/05\/base-1024x538-1.webp"},{"@type":"BreadcrumbList","@id":"https:\/\/zenkit.com\/fr\/press-kit\/zenkit-releases-desktop-apps-for-macos-windows-and-linux\/#breadcrumb","itemListElement":[{"@type":"ListItem","position":1,"name":"Home","item":"https:\/\/zenkit.com\/fr\/"},{"@type":"ListItem","position":2,"name":"Dossier de presse","item":"https:\/\/zenkit.com\/fr\/press-kit\/"},{"@type":"ListItem","position":3,"name":"Zenkit releases Desktop Apps for macOS, Windows and Linux"}]},{"@type":"WebSite","@id":"https:\/\/zenkit.com\/fr\/#website","url":"https:\/\/zenkit.com\/fr\/","name":"Zenkit","description":"Zenkit Tagline","potentialAction":[{"@type":"SearchAction","target":{"@type":"EntryPoint","urlTemplate":"https:\/\/zenkit.com\/fr\/?s={search_term_string}"},"query-input":{"@type":"PropertyValueSpecification","valueRequired":true,"valueName":"search_term_string"}}],"inLanguage":"fr-FR"},false]}},"yasr_visitor_votes":{"stars_attributes":{"read_only":false,"span_bottom":false},"number_of_votes":0,"sum_votes":0},"_links":{"self":[{"href":"https:\/\/zenkit.com\/fr\/wp-json\/wp\/v2\/pages\/73058","targetHints":{"allow":["GET"]}}],"collection":[{"href":"https:\/\/zenkit.com\/fr\/wp-json\/wp\/v2\/pages"}],"about":[{"href":"https:\/\/zenkit.com\/fr\/wp-json\/wp\/v2\/types\/page"}],"author":[{"embeddable":true,"href":"https:\/\/zenkit.com\/fr\/wp-json\/wp\/v2\/users\/30"}],"replies":[{"embeddable":true,"href":"https:\/\/zenkit.com\/fr\/wp-json\/wp\/v2\/comments?post=73058"}],"version-history":[{"count":4,"href":"https:\/\/zenkit.com\/fr\/wp-json\/wp\/v2\/pages\/73058\/revisions"}],"predecessor-version":[{"id":168040,"href":"https:\/\/zenkit.com\/fr\/wp-json\/wp\/v2\/pages\/73058\/revisions\/168040"}],"up":[{"embeddable":true,"href":"https:\/\/zenkit.com\/fr\/wp-json\/wp\/v2\/pages\/61669"}],"wp:attachment":[{"href":"https:\/\/zenkit.com\/fr\/wp-json\/wp\/v2\/media?parent=73058"}],"curies":[{"name":"wp","href":"https:\/\/api.w.org\/{rel}","templated":true}]}}