{"id":73060,"date":"2018-07-07T01:16:20","date_gmt":"2018-07-06T23:16:20","guid":{"rendered":"https:\/\/zenkit.com\/press-kit\/zenkit-launches-android-with-offline-support\/"},"modified":"2025-12-15T00:08:36","modified_gmt":"2025-12-14T23:08:36","slug":"zenkit-launches-android-with-offline-support","status":"publish","type":"page","link":"https:\/\/zenkit.com\/fr\/press-kit\/zenkit-launches-android-with-offline-support\/","title":{"rendered":"Zenkit launches Android with offline support"},"content":{"rendered":"\n<div class=\"wp-block-group page__header has-global-padding is-layout-constrained wp-block-group-is-layout-constrained\">\n<div class=\"wp-block-group width--950 has-global-padding is-layout-constrained wp-block-group-is-layout-constrained\">\n<div style=\"height:45px;--tablet-height:45px;--mobile-height:16px\" class=\"wp-block-lookeen-blocks-responsive-spacer\"><\/div>\n\n\n\n<div class=\"wp-block-group has-global-padding is-layout-constrained wp-block-group-is-layout-constrained\">\n<h1 class=\"wp-block-heading has-text-align-center\" style=\"margin-bottom:8px\">Zenkit lance Android avec un support hors-ligne<\/h1>\n<\/div>\n\n\n\n<div class=\"wp-block-group has-global-padding is-layout-constrained wp-block-group-is-layout-constrained\">\n<p class=\"has-text-align-center subheading\">L&rsquo;application Android est disponible pour tous les utilisateurs d\u00e8s aujourd&rsquo;hui<\/p>\n<\/div>\n\n\n\n<div style=\"height:48px;--tablet-height:36px;--mobile-height:24px\" class=\"wp-block-lookeen-blocks-responsive-spacer\"><\/div>\n<\/div>\n<\/div>\n\n\n\n<div class=\"wp-block-group has-global-padding is-layout-constrained wp-block-group-is-layout-constrained\">\n<div class=\"wp-block-columns is-layout-flex wp-container-core-columns-is-layout-28f84493 wp-block-columns-is-layout-flex\">\n<div class=\"wp-block-column is-layout-flow wp-block-column-is-layout-flow\">\n<p><strong>Jeudi 30 November 2017 \u2013 Karlsruhe, Allemagne:<\/strong><br>La startup allemande Zenkit annonce aujourd\u2019hui la sortie de son application Android. Avec sa derni\u00e8re mise \u00e0 jour, la soci\u00e9t\u00e9 a fait un grand pas vers son objectif global de cr\u00e9er la premi\u00e8re plateforme de gestion de projet v\u00e9ritablement flexible.<\/p>\n\n\n\n<p>Zenkit est un logiciel de gestion de projet tout-en-un qui offre aux utilisateurs diff\u00e9rents affichages de leurs informations. Qu\u2019ils veuillent simplement utiliser une liste de t\u00e2ches \u00e0 faire pour accomplir leurs t\u00e2ches quotidiennes ou g\u00e9rer un grand projet avec leur \u00e9quipe, Zenkit fournit les fonctionnalit\u00e9s n\u00e9cessaires pour leur permettre de travailler de mani\u00e8re productive. Gr\u00e2ce \u00e0 son interface flexible, Zenkit s\u2019adapte \u00e9galement au projet, ce qui signifie que vous pouvez d\u00e9sormais utiliser Zenkit partout : \u00e0 votre bureau, lors de vos d\u00e9placements et avec ou sans connexion internet. Non seulement l\u2019application Android est disponible hors ligne, mais les utilisateurs d\u2019Android peuvent d\u00e9sormais profiter de l\u2019ensemble des fonctionnalit\u00e9s de Zenkit sur leur t\u00e9l\u00e9phone portable.<\/p>\n<\/div>\n\n\n\n<div class=\"wp-block-column is-layout-flow wp-block-column-is-layout-flow\">\n<p>L\u2019application Android r\u00e9pond \u00e0 un objectif que l\u2019\u00e9quipe de Zenkit avait depuis longtemps : Zenkit \u2013 illimit\u00e9, accessible n\u2019importe o\u00f9 et n\u2019importe quand.<\/p>\n\n\n\n<p>Zenkit a \u00e9galement lanc\u00e9 r\u00e9cemment son application iOS, qui sera bient\u00f4t mise \u00e0 jour pour avoir la m\u00eame fonctionnalit\u00e9 que les applications Web et Android. \u00c0 long terme, Zenkit pr\u00e9voit d\u2019\u00e9tendre la vari\u00e9t\u00e9 des fonctionnalit\u00e9s d\u2019entreprise afin de permettre aux entreprises de cr\u00e9er des outils personnalis\u00e9s pour g\u00e9rer leurs soci\u00e9t\u00e9s.<\/p>\n<\/div>\n<\/div>\n<\/div>\n\n\n\n<div class=\"wp-block-group has-global-padding is-layout-constrained wp-block-group-is-layout-constrained\">\n<div style=\"height:88px;--tablet-height:72px;--mobile-height:40px\" class=\"wp-block-lookeen-blocks-responsive-spacer\"><\/div>\n\n\n\n<div class=\"wp-block-group has-global-padding is-layout-constrained wp-container-core-group-is-layout-41c06ba8 wp-block-group-is-layout-constrained\">\n<figure class=\"wp-block-image aligncenter size-full box__shadow border-radius--20 overflow__hidden\"><img loading=\"lazy\" decoding=\"async\" width=\"1024\" height=\"538\" src=\"https:\/\/zenkit.com\/wp-content\/uploads\/2025\/05\/base-1024x538-1.webp\" alt=\"Zenkit f\u00fchrt Android mit Offline-Unterst\u00fctzung ein\" class=\"wp-image-115465\" srcset=\"https:\/\/zenkit.com\/wp-content\/uploads\/2025\/05\/base-1024x538-1.webp 1024w, https:\/\/zenkit.com\/wp-content\/uploads\/2025\/05\/base-1024x538-1-300x158.webp 300w, https:\/\/zenkit.com\/wp-content\/uploads\/2025\/05\/base-1024x538-1-768x404.webp 768w\" sizes=\"auto, (max-width: 1024px) 100vw, 1024px\" \/><\/figure>\n<\/div>\n<\/div>\n\n\n\n<div style=\"height:88px;--tablet-height:72px;--mobile-height:40px\" class=\"wp-block-lookeen-blocks-responsive-spacer\"><\/div>\n\n\n\n<div class=\"wp-block-group has-global-padding is-layout-constrained wp-block-group-is-layout-constrained\">\n<h2 class=\"wp-block-heading has-text-align-center\" style=\"margin-bottom:0px\">Principales caract\u00e9ristiques de l\u2019application Android Zenkit:<\/h2>\n\n\n\n<div style=\"height:48px;--tablet-height:36px;--mobile-height:24px\" class=\"wp-block-lookeen-blocks-responsive-spacer\"><\/div>\n\n\n\n<div class=\"wp-block-group has-global-padding is-layout-constrained wp-block-group-is-layout-constrained\">\n<div class=\"wp-block-columns is-layout-flex wp-container-core-columns-is-layout-28f84493 wp-block-columns-is-layout-flex\">\n<div class=\"wp-block-column is-layout-flow wp-block-column-is-layout-flow\">\n<ul class=\"wp-block-list list__with-checkmark-blue-and-underline\">\n<li>Disponibilit\u00e9 hors-ligne. Capacit\u00e9s de lecture et d\u2019\u00e9criture. L\u2019application se synchronisera quand la connexion internet sera de nouveau \u00e9tablie.<\/li>\n\n\n\n<li>Possibilit\u00e9 de cr\u00e9er de nouvelles \u00e9quipes et de nouveaux projets.<\/li>\n<\/ul>\n<\/div>\n\n\n\n<div class=\"wp-block-column is-layout-flow wp-block-column-is-layout-flow\">\n<ul class=\"wp-block-list list__with-checkmark-blue-and-underline\">\n<li>Toutes les fonctions de l\u2019application Zenkit web.<\/li>\n<\/ul>\n<\/div>\n<\/div>\n<\/div>\n\n\n\n<div style=\"height:88px;--tablet-height:72px;--mobile-height:40px\" class=\"wp-block-lookeen-blocks-responsive-spacer\"><\/div>\n\n\n\n<div class=\"wp-block-group has-global-padding is-layout-constrained wp-container-core-group-is-layout-7cc94c3e wp-block-group-is-layout-constrained\">\n<div class=\"wp-block-group has-background has-global-padding is-layout-constrained wp-container-core-group-is-layout-8412c99a wp-block-group-is-layout-constrained\" style=\"border-radius:20px;background-color:#efefef;margin-bottom:24px;padding-top:20px;padding-right:20px;padding-bottom:20px;padding-left:20px\">\n<p class=\"has-text-align-center has-da-grey-1-color has-text-color has-link-color wp-elements-2ec007df3796cd9a746a2872373cdf84\" style=\"font-size:14px\"><strong>Martin Welker, fondateur et PDG de Zenkit.<\/strong>\u00a0\u00ab Notre objectif est d\u2019aider nos clients \u00e0 \u00eatre aussi productifs que possible, quelle que soit la situation dans laquelle ils se trouvent. Nous voulons leur permettre d\u2019acc\u00e9der \u00e0 leurs informations sur n\u2019importe quel appareil avec lequel ils choisissent de travailler. Les appareils mobiles sont un \u00e9l\u00e9ment essentiel du lieu de travail d\u2019aujourd\u2019hui et en grande partie responsable de la productivit\u00e9 \u2013 surtout en d\u00e9placement. \u00bb<\/p>\n<\/div>\n\n\n\n<div style=\"height:88px;--tablet-height:72px;--mobile-height:40px\" class=\"wp-block-lookeen-blocks-responsive-spacer\"><\/div>\n\n\n\n<h3 class=\"wp-block-heading has-text-align-center\" style=\"margin-bottom:8px;font-style:normal;font-weight:700\">\u00c0 propos de Zenkit:<\/h3>\n\n\n\n<p class=\"has-text-align-center has-da-grey-2-color has-text-color has-link-color wp-elements-b6632f363bd11681884e61d7b0a5f035\">Zenkit est une plateforme de gestion de projets et de construction de bases de donn\u00e9es cr\u00e9\u00e9e par Axonic GmbH en Allemagne. Elle a \u00e9t\u00e9 lanc\u00e9e en Octobre 2016.<\/p>\n<\/div>\n<\/div>\n\n\n\n<div style=\"height:110px;--tablet-height:60px;--mobile-height:48px\" class=\"wp-block-lookeen-blocks-responsive-spacer\"><\/div>\n","protected":false},"excerpt":{"rendered":"<p>Zenkit lance Android avec un support hors-ligne L&rsquo;application Android est disponible pour tous les utilisateurs d\u00e8s aujourd&rsquo;hui Jeudi 30 November 2017 \u2013 Karlsruhe, Allemagne:La startup allemande Zenkit annonce aujourd\u2019hui la sortie de son application Android. Avec sa derni\u00e8re mise \u00e0 jour, la soci\u00e9t\u00e9 a fait un grand pas vers son objectif global de cr\u00e9er la [&hellip;]<\/p>\n","protected":false},"author":30,"featured_media":0,"parent":61669,"menu_order":12,"comment_status":"closed","ping_status":"closed","template":"","meta":{"yasr_overall_rating":0,"yasr_post_is_review":"","yasr_auto_insert_disabled":"","yasr_review_type":"","footnotes":""},"class_list":["post-73060","page","type-page","status-publish","hentry"],"yoast_head":"<!-- This site is optimized with the Yoast SEO plugin v27.3 - https:\/\/yoast.com\/product\/yoast-seo-wordpress\/ -->\n<title>Zenkit launches Android with offline support | Zenkit<\/title>\n<meta name=\"description\" content=\"You can now use Zenkit everywhere: at your desk, on-the-go, and with or without an internet connection. Zenkit for Android is available offline.\" \/>\n<meta name=\"robots\" content=\"index, follow, max-snippet:-1, max-image-preview:large, max-video-preview:-1\" \/>\n<link rel=\"canonical\" href=\"https:\/\/zenkit.com\/fr\/press-kit\/zenkit-launches-android-with-offline-support\/\" \/>\n<meta property=\"og:locale\" content=\"fr_FR\" \/>\n<meta property=\"og:type\" content=\"article\" \/>\n<meta property=\"og:title\" content=\"Zenkit launches Android with offline support | Zenkit\" \/>\n<meta property=\"og:description\" content=\"You can now use Zenkit everywhere: at your desk, on-the-go, and with or without an internet connection. Zenkit for Android is available offline.\" \/>\n<meta property=\"og:url\" content=\"https:\/\/zenkit.com\/fr\/press-kit\/zenkit-launches-android-with-offline-support\/\" \/>\n<meta property=\"og:site_name\" content=\"Zenkit\" \/>\n<meta property=\"article:publisher\" content=\"https:\/\/www.facebook.com\/ZenkitHQ\" \/>\n<meta property=\"article:modified_time\" content=\"2025-12-14T23:08:36+00:00\" \/>\n<meta property=\"og:image\" content=\"https:\/\/zenkit.com\/wp-content\/uploads\/2025\/05\/base-1024x538-1.webp\" \/>\n\t<meta property=\"og:image:width\" content=\"1024\" \/>\n\t<meta property=\"og:image:height\" content=\"538\" \/>\n\t<meta property=\"og:image:type\" content=\"image\/webp\" \/>\n<meta name=\"twitter:card\" content=\"summary_large_image\" \/>\n<meta name=\"twitter:site\" content=\"@ZenkitHQ\" \/>\n<meta name=\"twitter:label1\" content=\"Dur\u00e9e de lecture estim\u00e9e\" \/>\n\t<meta name=\"twitter:data1\" content=\"8 minutes\" \/>\n<script type=\"application\/ld+json\" class=\"yoast-schema-graph\">{\"@context\":\"https:\\\/\\\/schema.org\",\"@graph\":[{\"@type\":\"WebPage\",\"@id\":\"https:\\\/\\\/zenkit.com\\\/fr\\\/press-kit\\\/zenkit-launches-android-with-offline-support\\\/\",\"url\":\"https:\\\/\\\/zenkit.com\\\/fr\\\/press-kit\\\/zenkit-launches-android-with-offline-support\\\/\",\"name\":\"Zenkit launches Android with offline support | Zenkit\",\"isPartOf\":{\"@id\":\"https:\\\/\\\/zenkit.com\\\/fr\\\/#website\"},\"primaryImageOfPage\":{\"@id\":\"https:\\\/\\\/zenkit.com\\\/fr\\\/press-kit\\\/zenkit-launches-android-with-offline-support\\\/#primaryimage\"},\"image\":{\"@id\":\"https:\\\/\\\/zenkit.com\\\/fr\\\/press-kit\\\/zenkit-launches-android-with-offline-support\\\/#primaryimage\"},\"thumbnailUrl\":\"https:\\\/\\\/zenkit.com\\\/wp-content\\\/uploads\\\/2025\\\/05\\\/base-1024x538-1.webp\",\"datePublished\":\"2018-07-06T23:16:20+00:00\",\"dateModified\":\"2025-12-14T23:08:36+00:00\",\"description\":\"You can now use Zenkit everywhere: at your desk, on-the-go, and with or without an internet connection. Zenkit for Android is available offline.\",\"breadcrumb\":{\"@id\":\"https:\\\/\\\/zenkit.com\\\/fr\\\/press-kit\\\/zenkit-launches-android-with-offline-support\\\/#breadcrumb\"},\"inLanguage\":\"fr-FR\",\"potentialAction\":[{\"@type\":\"ReadAction\",\"target\":[\"https:\\\/\\\/zenkit.com\\\/fr\\\/press-kit\\\/zenkit-launches-android-with-offline-support\\\/\"]}]},{\"@type\":\"ImageObject\",\"inLanguage\":\"fr-FR\",\"@id\":\"https:\\\/\\\/zenkit.com\\\/fr\\\/press-kit\\\/zenkit-launches-android-with-offline-support\\\/#primaryimage\",\"url\":\"https:\\\/\\\/zenkit.com\\\/wp-content\\\/uploads\\\/2025\\\/05\\\/base-1024x538-1.webp\",\"contentUrl\":\"https:\\\/\\\/zenkit.com\\\/wp-content\\\/uploads\\\/2025\\\/05\\\/base-1024x538-1.webp\"},{\"@type\":\"BreadcrumbList\",\"@id\":\"https:\\\/\\\/zenkit.com\\\/fr\\\/press-kit\\\/zenkit-launches-android-with-offline-support\\\/#breadcrumb\",\"itemListElement\":[{\"@type\":\"ListItem\",\"position\":1,\"name\":\"Home\",\"item\":\"https:\\\/\\\/zenkit.com\\\/fr\\\/\"},{\"@type\":\"ListItem\",\"position\":2,\"name\":\"Dossier de presse\",\"item\":\"https:\\\/\\\/zenkit.com\\\/fr\\\/press-kit\\\/\"},{\"@type\":\"ListItem\",\"position\":3,\"name\":\"Zenkit launches Android with offline support\"}]},{\"@type\":\"WebSite\",\"@id\":\"https:\\\/\\\/zenkit.com\\\/fr\\\/#website\",\"url\":\"https:\\\/\\\/zenkit.com\\\/fr\\\/\",\"name\":\"Zenkit\",\"description\":\"Zenkit Tagline\",\"potentialAction\":[{\"@type\":\"SearchAction\",\"target\":{\"@type\":\"EntryPoint\",\"urlTemplate\":\"https:\\\/\\\/zenkit.com\\\/fr\\\/?s={search_term_string}\"},\"query-input\":{\"@type\":\"PropertyValueSpecification\",\"valueRequired\":true,\"valueName\":\"search_term_string\"}}],\"inLanguage\":\"fr-FR\"},false]}<\/script>\n<!-- \/ Yoast SEO plugin. -->","yoast_head_json":{"title":"Zenkit launches Android with offline support | Zenkit","description":"You can now use Zenkit everywhere: at your desk, on-the-go, and with or without an internet connection. Zenkit for Android is available offline.","robots":{"index":"index","follow":"follow","max-snippet":"max-snippet:-1","max-image-preview":"max-image-preview:large","max-video-preview":"max-video-preview:-1"},"canonical":"https:\/\/zenkit.com\/fr\/press-kit\/zenkit-launches-android-with-offline-support\/","og_locale":"fr_FR","og_type":"article","og_title":"Zenkit launches Android with offline support | Zenkit","og_description":"You can now use Zenkit everywhere: at your desk, on-the-go, and with or without an internet connection. Zenkit for Android is available offline.","og_url":"https:\/\/zenkit.com\/fr\/press-kit\/zenkit-launches-android-with-offline-support\/","og_site_name":"Zenkit","article_publisher":"https:\/\/www.facebook.com\/ZenkitHQ","article_modified_time":"2025-12-14T23:08:36+00:00","og_image":[{"width":1024,"height":538,"url":"https:\/\/zenkit.com\/wp-content\/uploads\/2025\/05\/base-1024x538-1.webp","type":"image\/webp"}],"twitter_card":"summary_large_image","twitter_site":"@ZenkitHQ","twitter_misc":{"Dur\u00e9e de lecture estim\u00e9e":"8 minutes"},"schema":{"@context":"https:\/\/schema.org","@graph":[{"@type":"WebPage","@id":"https:\/\/zenkit.com\/fr\/press-kit\/zenkit-launches-android-with-offline-support\/","url":"https:\/\/zenkit.com\/fr\/press-kit\/zenkit-launches-android-with-offline-support\/","name":"Zenkit launches Android with offline support | Zenkit","isPartOf":{"@id":"https:\/\/zenkit.com\/fr\/#website"},"primaryImageOfPage":{"@id":"https:\/\/zenkit.com\/fr\/press-kit\/zenkit-launches-android-with-offline-support\/#primaryimage"},"image":{"@id":"https:\/\/zenkit.com\/fr\/press-kit\/zenkit-launches-android-with-offline-support\/#primaryimage"},"thumbnailUrl":"https:\/\/zenkit.com\/wp-content\/uploads\/2025\/05\/base-1024x538-1.webp","datePublished":"2018-07-06T23:16:20+00:00","dateModified":"2025-12-14T23:08:36+00:00","description":"You can now use Zenkit everywhere: at your desk, on-the-go, and with or without an internet connection. Zenkit for Android is available offline.","breadcrumb":{"@id":"https:\/\/zenkit.com\/fr\/press-kit\/zenkit-launches-android-with-offline-support\/#breadcrumb"},"inLanguage":"fr-FR","potentialAction":[{"@type":"ReadAction","target":["https:\/\/zenkit.com\/fr\/press-kit\/zenkit-launches-android-with-offline-support\/"]}]},{"@type":"ImageObject","inLanguage":"fr-FR","@id":"https:\/\/zenkit.com\/fr\/press-kit\/zenkit-launches-android-with-offline-support\/#primaryimage","url":"https:\/\/zenkit.com\/wp-content\/uploads\/2025\/05\/base-1024x538-1.webp","contentUrl":"https:\/\/zenkit.com\/wp-content\/uploads\/2025\/05\/base-1024x538-1.webp"},{"@type":"BreadcrumbList","@id":"https:\/\/zenkit.com\/fr\/press-kit\/zenkit-launches-android-with-offline-support\/#breadcrumb","itemListElement":[{"@type":"ListItem","position":1,"name":"Home","item":"https:\/\/zenkit.com\/fr\/"},{"@type":"ListItem","position":2,"name":"Dossier de presse","item":"https:\/\/zenkit.com\/fr\/press-kit\/"},{"@type":"ListItem","position":3,"name":"Zenkit launches Android with offline support"}]},{"@type":"WebSite","@id":"https:\/\/zenkit.com\/fr\/#website","url":"https:\/\/zenkit.com\/fr\/","name":"Zenkit","description":"Zenkit Tagline","potentialAction":[{"@type":"SearchAction","target":{"@type":"EntryPoint","urlTemplate":"https:\/\/zenkit.com\/fr\/?s={search_term_string}"},"query-input":{"@type":"PropertyValueSpecification","valueRequired":true,"valueName":"search_term_string"}}],"inLanguage":"fr-FR"},false]}},"yasr_visitor_votes":{"stars_attributes":{"read_only":false,"span_bottom":false},"number_of_votes":0,"sum_votes":0},"_links":{"self":[{"href":"https:\/\/zenkit.com\/fr\/wp-json\/wp\/v2\/pages\/73060","targetHints":{"allow":["GET"]}}],"collection":[{"href":"https:\/\/zenkit.com\/fr\/wp-json\/wp\/v2\/pages"}],"about":[{"href":"https:\/\/zenkit.com\/fr\/wp-json\/wp\/v2\/types\/page"}],"author":[{"embeddable":true,"href":"https:\/\/zenkit.com\/fr\/wp-json\/wp\/v2\/users\/30"}],"replies":[{"embeddable":true,"href":"https:\/\/zenkit.com\/fr\/wp-json\/wp\/v2\/comments?post=73060"}],"version-history":[{"count":2,"href":"https:\/\/zenkit.com\/fr\/wp-json\/wp\/v2\/pages\/73060\/revisions"}],"predecessor-version":[{"id":175148,"href":"https:\/\/zenkit.com\/fr\/wp-json\/wp\/v2\/pages\/73060\/revisions\/175148"}],"up":[{"embeddable":true,"href":"https:\/\/zenkit.com\/fr\/wp-json\/wp\/v2\/pages\/61669"}],"wp:attachment":[{"href":"https:\/\/zenkit.com\/fr\/wp-json\/wp\/v2\/media?parent=73060"}],"curies":[{"name":"wp","href":"https:\/\/api.w.org\/{rel}","templated":true}]}}