{"id":73711,"date":"2018-07-07T02:50:21","date_gmt":"2018-07-07T00:50:21","guid":{"rendered":"https:\/\/zenkit.com\/press-kit\/zenkit-launches-its-service-in-8-new-languages\/"},"modified":"2025-12-14T23:19:46","modified_gmt":"2025-12-14T22:19:46","slug":"zenkit-launches-its-service-in-8-new-languages","status":"publish","type":"page","link":"https:\/\/zenkit.com\/fr\/press-kit\/zenkit-launches-its-service-in-8-new-languages\/","title":{"rendered":"Zenkit launches its service in 8 new languages"},"content":{"rendered":"\n<div class=\"wp-block-group page__header has-global-padding is-layout-constrained wp-block-group-is-layout-constrained\">\n<div class=\"wp-block-group width--950 has-global-padding is-layout-constrained wp-block-group-is-layout-constrained\">\n<div style=\"height:45px;--tablet-height:45px;--mobile-height:16px\" class=\"wp-block-lookeen-blocks-responsive-spacer\"><\/div>\n\n\n\n<div class=\"wp-block-group has-global-padding is-layout-constrained wp-block-group-is-layout-constrained\">\n<h1 class=\"wp-block-heading has-text-align-center\" style=\"margin-bottom:8px\">Zenkit lance son service dans 8 nouvelles langues<\/h1>\n<\/div>\n\n\n\n<div class=\"wp-block-group has-global-padding is-layout-constrained wp-block-group-is-layout-constrained\">\n<p class=\"has-text-align-center subheading\">Une startup sp\u00e9cialis\u00e9e dans la gestion de projets s&rsquo;adapte \u00e0 sa communaut\u00e9 mondiale en \u00e9largissant sa gamme de langues<\/p>\n<\/div>\n\n\n\n<div style=\"height:48px;--tablet-height:36px;--mobile-height:24px\" class=\"wp-block-lookeen-blocks-responsive-spacer\"><\/div>\n\n\n\n<div class=\"wp-block-group has-global-padding is-layout-constrained wp-block-group-is-layout-constrained\">\n<p class=\"has-text-align-center press__headline has-text-color has-link-color wp-elements-cbaabcbb00ccacdcc4626c768d5e052f\" style=\"color:#939393;font-size:24px;font-style:normal;font-weight:700;line-height:1.5\">Jeudi 28 Juin 2018 \u2013 Karlsruhe, Allemagne<\/p>\n<\/div>\n<\/div>\n\n\n\n<div style=\"height:88px;--tablet-height:72px;--mobile-height:40px\" class=\"wp-block-lookeen-blocks-responsive-spacer\"><\/div>\n<\/div>\n\n\n\n<div class=\"wp-block-group has-global-padding is-layout-constrained wp-block-group-is-layout-constrained\">\n<div class=\"wp-block-columns is-layout-flex wp-container-core-columns-is-layout-28f84493 wp-block-columns-is-layout-flex\">\n<div class=\"wp-block-column is-layout-flow wp-block-column-is-layout-flow\">\n<p>La startup allemande Zenkit rend sa plateforme plus accessible aux utilisateurs en introduisant ses services dans huit nouvelles langues, et pr\u00e9voit d\u2019en ajouter cinq autres dans les mois \u00e0 venir.<\/p>\n\n\n\n<p>En raison de la forte demande des utilisateurs pour les langues locales, l\u2019\u00e9quipe de Zenkit a consacr\u00e9 la majeure partie de l\u2019ann\u00e9e \u00e0 cette nouvelle version. Une \u00e9quipe de pr\u00e8s de 30 traducteurs et r\u00e9dacteurs a travaill\u00e9 pour s\u2019assurer que les utilisateurs du monde entier soient \u00e0 l\u2019aise avec Zenkit.<\/p>\n<\/div>\n\n\n\n<div class=\"wp-block-column is-layout-flow wp-block-column-is-layout-flow\">\n<p>Zenkit a r\u00e9cemment publi\u00e9 son snap pour Linux, et pr\u00e9voit de lancer d\u2019autres fonctionnalit\u00e9s telles que la collecte d\u2019e-mails, les t\u00e2ches r\u00e9currentes et les diagrammes de Gantt avant la fin de l\u2019ann\u00e9e. \u00c0 long terme, Zenkit pr\u00e9voit d\u2019\u00e9tendre la vari\u00e9t\u00e9 des fonctionnalit\u00e9s d\u2019entreprise disponibles dans Zenkit afin de permettre aux entreprises de cr\u00e9er des outils personnalis\u00e9s \u00e0 utiliser pour leurs soci\u00e9t\u00e9s.<\/p>\n\n\n\n<p>Langues disponibles pour cette version : allemand, espagnol, italien, portugais, russe, fran\u00e7ais, cor\u00e9en et chinois traditionnel.<br>Bient\u00f4t disponible : hindi, n\u00e9erlandais, japonais, tha\u00eflandais et chinois simplifi\u00e9.<\/p>\n<\/div>\n<\/div>\n<\/div>\n\n\n\n<div class=\"wp-block-group has-global-padding is-layout-constrained wp-block-group-is-layout-constrained\">\n<div style=\"height:88px;--tablet-height:72px;--mobile-height:40px\" class=\"wp-block-lookeen-blocks-responsive-spacer\"><\/div>\n\n\n\n<div class=\"wp-block-group has-global-padding is-layout-constrained wp-container-core-group-is-layout-41c06ba8 wp-block-group-is-layout-constrained\">\n<figure class=\"wp-block-image aligncenter size-full box__shadow border-radius--20 overflow__hidden\"><img loading=\"lazy\" decoding=\"async\" width=\"1024\" height=\"538\" src=\"https:\/\/zenkit.com\/wp-content\/uploads\/2025\/05\/base-1024x538-1.webp\" alt=\"Zenkit f\u00fchrt seinen Dienst in 8 neuen Sprachen ein\" class=\"wp-image-115465\" srcset=\"https:\/\/zenkit.com\/wp-content\/uploads\/2025\/05\/base-1024x538-1.webp 1024w, https:\/\/zenkit.com\/wp-content\/uploads\/2025\/05\/base-1024x538-1-300x158.webp 300w, https:\/\/zenkit.com\/wp-content\/uploads\/2025\/05\/base-1024x538-1-768x404.webp 768w\" sizes=\"auto, (max-width: 1024px) 100vw, 1024px\" \/><\/figure>\n<\/div>\n\n\n\n<div style=\"height:88px;--tablet-height:72px;--mobile-height:40px\" class=\"wp-block-lookeen-blocks-responsive-spacer\"><\/div>\n<\/div>\n\n\n\n<div class=\"wp-block-group has-global-padding is-layout-constrained wp-block-group-is-layout-constrained\">\n<div class=\"wp-block-group has-global-padding is-layout-constrained wp-container-core-group-is-layout-7cc94c3e wp-block-group-is-layout-constrained\">\n<div class=\"wp-block-group has-background has-global-padding is-layout-constrained wp-container-core-group-is-layout-8412c99a wp-block-group-is-layout-constrained\" style=\"border-radius:20px;background-color:#efefef;margin-bottom:24px;padding-top:20px;padding-right:20px;padding-bottom:20px;padding-left:20px\">\n<p class=\"has-da-grey-1-color has-text-color has-link-color wp-elements-382f6ea3a965a8d46b1cf22d6e16cada\" style=\"font-size:14px\"><strong>Le fondateur et directeur g\u00e9n\u00e9ral de Zenkit, Martin Welker,<\/strong> est convaincu des avantages pour les utilisateurs. \u00ab Notre objectif, depuis le d\u00e9but, est de faire de Zenkit la maison de vos donn\u00e9es. Notre propre \u00e9quipe est tr\u00e8s diversifi\u00e9e et nous avons une base d\u2019utilisateurs internationale en pleine expansion. Il est donc naturel pour nous de proposer Zenkit dans la langue maternelle de nos utilisateurs.<\/p>\n\n\n\n<p class=\"has-da-grey-1-color has-text-color has-link-color wp-elements-b1657cfc05660c96c38273e7348a8053\" style=\"font-size:14px\">\u00ab Nous avons initialement publi\u00e9 Zenkit en anglais, car c\u2019est une langue que de nombreuses personnes dans le monde peuvent comprendre et utiliser. Cependant, il est beaucoup plus facile de travailler de mani\u00e8re productive dans sa propre langue, c\u2019est pourquoi nous avons choisi de localiser Zenkit d\u00e8s maintenant. Cela a \u00e9galement \u00e9t\u00e9 un point sensible pour nombre de nos utilisateurs allemands, qui ont fait remarquer (\u00e0 juste titre) qu\u2019une entreprise bas\u00e9e en Allemagne devait proposer une version allemande ! Nous sommes heureux d\u2019\u00eatre enfin en mesure de les satisfaire. \u00bb<\/p>\n<\/div>\n\n\n\n<div style=\"height:88px;--tablet-height:72px;--mobile-height:40px\" class=\"wp-block-lookeen-blocks-responsive-spacer\"><\/div>\n\n\n\n<h3 class=\"wp-block-heading has-text-align-center\" style=\"margin-bottom:8px;font-style:normal;font-weight:700\">\u00c0 propos de Zenkit<\/h3>\n\n\n\n<p class=\"has-text-align-center has-da-grey-2-color has-text-color has-link-color wp-elements-9956eb7b312db6fd5dbdaf9607da068b\">Zenkit est une startup issue d\u2019Axonic GmbH. La plateforme SaaS de gestion de projet et de cr\u00e9ation de bases de donn\u00e9es a \u00e9t\u00e9 lanc\u00e9e en octobre 2016.<\/p>\n<\/div>\n<\/div>\n\n\n\n<div style=\"height:110px;--tablet-height:60px;--mobile-height:48px\" class=\"wp-block-lookeen-blocks-responsive-spacer\"><\/div>\n","protected":false},"excerpt":{"rendered":"<p>Zenkit lance son service dans 8 nouvelles langues Une startup sp\u00e9cialis\u00e9e dans la gestion de projets s&rsquo;adapte \u00e0 sa communaut\u00e9 mondiale en \u00e9largissant sa gamme de langues Jeudi 28 Juin 2018 \u2013 Karlsruhe, Allemagne La startup allemande Zenkit rend sa plateforme plus accessible aux utilisateurs en introduisant ses services dans huit nouvelles langues, et pr\u00e9voit [&hellip;]<\/p>\n","protected":false},"author":30,"featured_media":0,"parent":61669,"menu_order":1,"comment_status":"closed","ping_status":"closed","template":"","meta":{"yasr_overall_rating":0,"yasr_post_is_review":"","yasr_auto_insert_disabled":"","yasr_review_type":"","footnotes":""},"class_list":["post-73711","page","type-page","status-publish","hentry"],"yoast_head":"<!-- This site is optimized with the Yoast SEO plugin v27.3 - https:\/\/yoast.com\/product\/yoast-seo-wordpress\/ -->\n<title>Zenkit launches its service in 8 new languages | Zenkit<\/title>\n<meta name=\"description\" content=\"As of June 28th, 2018, Zenkit is available in 8 new languages: German, Spanish, Italian, Portuguese, Russian, French, Korean, and Traditional Chinese.\" \/>\n<meta name=\"robots\" content=\"index, follow, max-snippet:-1, max-image-preview:large, max-video-preview:-1\" \/>\n<link rel=\"canonical\" href=\"https:\/\/zenkit.com\/fr\/press-kit\/zenkit-launches-its-service-in-8-new-languages\/\" \/>\n<meta property=\"og:locale\" content=\"fr_FR\" \/>\n<meta property=\"og:type\" content=\"article\" \/>\n<meta property=\"og:title\" content=\"Zenkit launches its service in 8 new languages | Zenkit\" \/>\n<meta property=\"og:description\" content=\"As of June 28th, 2018, Zenkit is available in 8 new languages: German, Spanish, Italian, Portuguese, Russian, French, Korean, and Traditional Chinese.\" \/>\n<meta property=\"og:url\" content=\"https:\/\/zenkit.com\/fr\/press-kit\/zenkit-launches-its-service-in-8-new-languages\/\" \/>\n<meta property=\"og:site_name\" content=\"Zenkit\" \/>\n<meta property=\"article:publisher\" content=\"https:\/\/www.facebook.com\/ZenkitHQ\" \/>\n<meta property=\"article:modified_time\" content=\"2025-12-14T22:19:46+00:00\" \/>\n<meta property=\"og:image\" content=\"https:\/\/zenkit.com\/wp-content\/uploads\/2025\/05\/base-1024x538-1.webp\" \/>\n\t<meta property=\"og:image:width\" content=\"1024\" \/>\n\t<meta property=\"og:image:height\" content=\"538\" \/>\n\t<meta property=\"og:image:type\" content=\"image\/webp\" \/>\n<meta name=\"twitter:card\" content=\"summary_large_image\" \/>\n<meta name=\"twitter:site\" content=\"@ZenkitHQ\" \/>\n<meta name=\"twitter:label1\" content=\"Dur\u00e9e de lecture estim\u00e9e\" \/>\n\t<meta name=\"twitter:data1\" content=\"14 minutes\" \/>\n<script type=\"application\/ld+json\" class=\"yoast-schema-graph\">{\"@context\":\"https:\\\/\\\/schema.org\",\"@graph\":[{\"@type\":\"WebPage\",\"@id\":\"https:\\\/\\\/zenkit.com\\\/fr\\\/press-kit\\\/zenkit-launches-its-service-in-8-new-languages\\\/\",\"url\":\"https:\\\/\\\/zenkit.com\\\/fr\\\/press-kit\\\/zenkit-launches-its-service-in-8-new-languages\\\/\",\"name\":\"Zenkit launches its service in 8 new languages | Zenkit\",\"isPartOf\":{\"@id\":\"https:\\\/\\\/zenkit.com\\\/fr\\\/#website\"},\"primaryImageOfPage\":{\"@id\":\"https:\\\/\\\/zenkit.com\\\/fr\\\/press-kit\\\/zenkit-launches-its-service-in-8-new-languages\\\/#primaryimage\"},\"image\":{\"@id\":\"https:\\\/\\\/zenkit.com\\\/fr\\\/press-kit\\\/zenkit-launches-its-service-in-8-new-languages\\\/#primaryimage\"},\"thumbnailUrl\":\"https:\\\/\\\/zenkit.com\\\/wp-content\\\/uploads\\\/2025\\\/05\\\/base-1024x538-1.webp\",\"datePublished\":\"2018-07-07T00:50:21+00:00\",\"dateModified\":\"2025-12-14T22:19:46+00:00\",\"description\":\"As of June 28th, 2018, Zenkit is available in 8 new languages: German, Spanish, Italian, Portuguese, Russian, French, Korean, and Traditional Chinese.\",\"breadcrumb\":{\"@id\":\"https:\\\/\\\/zenkit.com\\\/fr\\\/press-kit\\\/zenkit-launches-its-service-in-8-new-languages\\\/#breadcrumb\"},\"inLanguage\":\"fr-FR\",\"potentialAction\":[{\"@type\":\"ReadAction\",\"target\":[\"https:\\\/\\\/zenkit.com\\\/fr\\\/press-kit\\\/zenkit-launches-its-service-in-8-new-languages\\\/\"]}]},{\"@type\":\"ImageObject\",\"inLanguage\":\"fr-FR\",\"@id\":\"https:\\\/\\\/zenkit.com\\\/fr\\\/press-kit\\\/zenkit-launches-its-service-in-8-new-languages\\\/#primaryimage\",\"url\":\"https:\\\/\\\/zenkit.com\\\/wp-content\\\/uploads\\\/2025\\\/05\\\/base-1024x538-1.webp\",\"contentUrl\":\"https:\\\/\\\/zenkit.com\\\/wp-content\\\/uploads\\\/2025\\\/05\\\/base-1024x538-1.webp\"},{\"@type\":\"BreadcrumbList\",\"@id\":\"https:\\\/\\\/zenkit.com\\\/fr\\\/press-kit\\\/zenkit-launches-its-service-in-8-new-languages\\\/#breadcrumb\",\"itemListElement\":[{\"@type\":\"ListItem\",\"position\":1,\"name\":\"Home\",\"item\":\"https:\\\/\\\/zenkit.com\\\/fr\\\/\"},{\"@type\":\"ListItem\",\"position\":2,\"name\":\"Dossier de presse\",\"item\":\"https:\\\/\\\/zenkit.com\\\/fr\\\/press-kit\\\/\"},{\"@type\":\"ListItem\",\"position\":3,\"name\":\"Zenkit launches its service in 8 new languages\"}]},{\"@type\":\"WebSite\",\"@id\":\"https:\\\/\\\/zenkit.com\\\/fr\\\/#website\",\"url\":\"https:\\\/\\\/zenkit.com\\\/fr\\\/\",\"name\":\"Zenkit\",\"description\":\"Zenkit Tagline\",\"potentialAction\":[{\"@type\":\"SearchAction\",\"target\":{\"@type\":\"EntryPoint\",\"urlTemplate\":\"https:\\\/\\\/zenkit.com\\\/fr\\\/?s={search_term_string}\"},\"query-input\":{\"@type\":\"PropertyValueSpecification\",\"valueRequired\":true,\"valueName\":\"search_term_string\"}}],\"inLanguage\":\"fr-FR\"},false]}<\/script>\n<!-- \/ Yoast SEO plugin. -->","yoast_head_json":{"title":"Zenkit launches its service in 8 new languages | Zenkit","description":"As of June 28th, 2018, Zenkit is available in 8 new languages: German, Spanish, Italian, Portuguese, Russian, French, Korean, and Traditional Chinese.","robots":{"index":"index","follow":"follow","max-snippet":"max-snippet:-1","max-image-preview":"max-image-preview:large","max-video-preview":"max-video-preview:-1"},"canonical":"https:\/\/zenkit.com\/fr\/press-kit\/zenkit-launches-its-service-in-8-new-languages\/","og_locale":"fr_FR","og_type":"article","og_title":"Zenkit launches its service in 8 new languages | Zenkit","og_description":"As of June 28th, 2018, Zenkit is available in 8 new languages: German, Spanish, Italian, Portuguese, Russian, French, Korean, and Traditional Chinese.","og_url":"https:\/\/zenkit.com\/fr\/press-kit\/zenkit-launches-its-service-in-8-new-languages\/","og_site_name":"Zenkit","article_publisher":"https:\/\/www.facebook.com\/ZenkitHQ","article_modified_time":"2025-12-14T22:19:46+00:00","og_image":[{"width":1024,"height":538,"url":"https:\/\/zenkit.com\/wp-content\/uploads\/2025\/05\/base-1024x538-1.webp","type":"image\/webp"}],"twitter_card":"summary_large_image","twitter_site":"@ZenkitHQ","twitter_misc":{"Dur\u00e9e de lecture estim\u00e9e":"14 minutes"},"schema":{"@context":"https:\/\/schema.org","@graph":[{"@type":"WebPage","@id":"https:\/\/zenkit.com\/fr\/press-kit\/zenkit-launches-its-service-in-8-new-languages\/","url":"https:\/\/zenkit.com\/fr\/press-kit\/zenkit-launches-its-service-in-8-new-languages\/","name":"Zenkit launches its service in 8 new languages | Zenkit","isPartOf":{"@id":"https:\/\/zenkit.com\/fr\/#website"},"primaryImageOfPage":{"@id":"https:\/\/zenkit.com\/fr\/press-kit\/zenkit-launches-its-service-in-8-new-languages\/#primaryimage"},"image":{"@id":"https:\/\/zenkit.com\/fr\/press-kit\/zenkit-launches-its-service-in-8-new-languages\/#primaryimage"},"thumbnailUrl":"https:\/\/zenkit.com\/wp-content\/uploads\/2025\/05\/base-1024x538-1.webp","datePublished":"2018-07-07T00:50:21+00:00","dateModified":"2025-12-14T22:19:46+00:00","description":"As of June 28th, 2018, Zenkit is available in 8 new languages: German, Spanish, Italian, Portuguese, Russian, French, Korean, and Traditional Chinese.","breadcrumb":{"@id":"https:\/\/zenkit.com\/fr\/press-kit\/zenkit-launches-its-service-in-8-new-languages\/#breadcrumb"},"inLanguage":"fr-FR","potentialAction":[{"@type":"ReadAction","target":["https:\/\/zenkit.com\/fr\/press-kit\/zenkit-launches-its-service-in-8-new-languages\/"]}]},{"@type":"ImageObject","inLanguage":"fr-FR","@id":"https:\/\/zenkit.com\/fr\/press-kit\/zenkit-launches-its-service-in-8-new-languages\/#primaryimage","url":"https:\/\/zenkit.com\/wp-content\/uploads\/2025\/05\/base-1024x538-1.webp","contentUrl":"https:\/\/zenkit.com\/wp-content\/uploads\/2025\/05\/base-1024x538-1.webp"},{"@type":"BreadcrumbList","@id":"https:\/\/zenkit.com\/fr\/press-kit\/zenkit-launches-its-service-in-8-new-languages\/#breadcrumb","itemListElement":[{"@type":"ListItem","position":1,"name":"Home","item":"https:\/\/zenkit.com\/fr\/"},{"@type":"ListItem","position":2,"name":"Dossier de presse","item":"https:\/\/zenkit.com\/fr\/press-kit\/"},{"@type":"ListItem","position":3,"name":"Zenkit launches its service in 8 new languages"}]},{"@type":"WebSite","@id":"https:\/\/zenkit.com\/fr\/#website","url":"https:\/\/zenkit.com\/fr\/","name":"Zenkit","description":"Zenkit Tagline","potentialAction":[{"@type":"SearchAction","target":{"@type":"EntryPoint","urlTemplate":"https:\/\/zenkit.com\/fr\/?s={search_term_string}"},"query-input":{"@type":"PropertyValueSpecification","valueRequired":true,"valueName":"search_term_string"}}],"inLanguage":"fr-FR"},false]}},"yasr_visitor_votes":{"stars_attributes":{"read_only":false,"span_bottom":false},"number_of_votes":0,"sum_votes":0},"_links":{"self":[{"href":"https:\/\/zenkit.com\/fr\/wp-json\/wp\/v2\/pages\/73711","targetHints":{"allow":["GET"]}}],"collection":[{"href":"https:\/\/zenkit.com\/fr\/wp-json\/wp\/v2\/pages"}],"about":[{"href":"https:\/\/zenkit.com\/fr\/wp-json\/wp\/v2\/types\/page"}],"author":[{"embeddable":true,"href":"https:\/\/zenkit.com\/fr\/wp-json\/wp\/v2\/users\/30"}],"replies":[{"embeddable":true,"href":"https:\/\/zenkit.com\/fr\/wp-json\/wp\/v2\/comments?post=73711"}],"version-history":[{"count":8,"href":"https:\/\/zenkit.com\/fr\/wp-json\/wp\/v2\/pages\/73711\/revisions"}],"predecessor-version":[{"id":175121,"href":"https:\/\/zenkit.com\/fr\/wp-json\/wp\/v2\/pages\/73711\/revisions\/175121"}],"up":[{"embeddable":true,"href":"https:\/\/zenkit.com\/fr\/wp-json\/wp\/v2\/pages\/61669"}],"wp:attachment":[{"href":"https:\/\/zenkit.com\/fr\/wp-json\/wp\/v2\/media?parent=73711"}],"curies":[{"name":"wp","href":"https:\/\/api.w.org\/{rel}","templated":true}]}}