{"id":73728,"date":"2022-04-08T14:01:52","date_gmt":"2022-04-08T12:01:52","guid":{"rendered":"https:\/\/zenkit.com\/press-kit\/zenkit-projects-press-release\/"},"modified":"2025-10-26T19:31:13","modified_gmt":"2025-10-26T18:31:13","slug":"zenkit-projects-press-release","status":"publish","type":"page","link":"https:\/\/zenkit.com\/fr\/press-kit\/zenkit-projects-press-release\/","title":{"rendered":"Zenkit Press Release"},"content":{"rendered":"\n<div class=\"wp-block-group has-global-padding is-layout-constrained wp-block-group-is-layout-constrained\">\n<div class=\"wp-block-group width--950 has-global-padding is-layout-constrained wp-block-group-is-layout-constrained\">\n<div style=\"height:45px;--tablet-height:45px;--mobile-height:16px\" class=\"wp-block-lookeen-blocks-responsive-spacer\"><\/div>\n\n\n\n<div class=\"wp-block-group has-global-padding is-layout-constrained wp-block-group-is-layout-constrained\">\n<h1 class=\"wp-block-heading has-text-align-center\" style=\"margin-bottom:8px\">Zenkit lance \u00ab\u00a0Projets\u00a0\u00bb &#8211; un nouvel outil complet de gestion des t\u00e2ches pour les entreprises<\/h1>\n<\/div>\n\n\n\n<div class=\"wp-block-group has-global-padding is-layout-constrained wp-block-group-is-layout-constrained\">\n<p class=\"has-text-align-center subheading\">Une application de gestion de projet innovante et hautement personnalisable est ajout\u00e9e \u00e0 Zenkit Suite<\/p>\n<\/div>\n\n\n\n<div style=\"height:48px;--tablet-height:36px;--mobile-height:24px\" class=\"wp-block-lookeen-blocks-responsive-spacer\"><\/div>\n\n\n\n<div class=\"wp-block-group has-global-padding is-layout-constrained wp-block-group-is-layout-constrained\">\n<p class=\"has-text-align-center press__headline has-text-color has-link-color wp-elements-77338115263c7b937fba0707f5050721\" style=\"color:#939393;font-size:24px;font-style:normal;font-weight:700;line-height:1.5\">8 Ao\u00fbt 2021 \u2013 Karlsruhe, Allemagne<\/p>\n<\/div>\n<\/div>\n\n\n\n<div style=\"height:88px;--tablet-height:72px;--mobile-height:40px\" class=\"wp-block-lookeen-blocks-responsive-spacer\"><\/div>\n<\/div>\n\n\n\n<div class=\"wp-block-group has-global-padding is-layout-constrained wp-block-group-is-layout-constrained\">\n<div class=\"wp-block-columns is-layout-flex wp-container-core-columns-is-layout-b8d659ec wp-block-columns-is-layout-flex\">\n<div class=\"wp-block-column is-layout-flow wp-block-column-is-layout-flow\">\n<p class=\"has-da-grey-2-color has-text-color has-link-color wp-elements-916cb273621b0570b2ac27791f2e4bb5\">Axonic, le cr\u00e9ateur de la gamme d\u2019applications de t\u00e2ches et de chat Zenkit, annonce aujourd\u2019hui la sortie de \u00ab&nbsp;Projets&nbsp;\u00bb. C\u2019est le cinqui\u00e8me produit \u00e0 rejoindre la liste croissante d\u2019autres outils de productivit\u00e9 et de collaboration populaires, utilis\u00e9s par les consommateurs et les entreprises. \u00ab&nbsp;Projets&nbsp;\u00bb offre aux \u00e9quipes et aux lieux de travail connect\u00e9s, un ensemble de fonctionnalit\u00e9s qui permettent de g\u00e9rer et de gagner du temps, de respecter les d\u00e9lais, de d\u00e9l\u00e9guer et de suivre les t\u00e2ches pour respecter le calendrier et \u00e9viter de perdre du travail et des informations.<\/p>\n\n\n\n<p class=\"has-da-grey-2-color has-text-color has-link-color wp-elements-80e102cedabc4a91f763e4b909da9170\">Bas\u00e9 sur Zenkit Base, \u201cProjets\u201d est la premi\u00e8re application Axonic qui fournit une plateforme de transformation num\u00e9rique. Elle aide les lieux de travail \u00e0 \u00e9viter les silos et la communication interd\u00e9partementale qui emp\u00eachent la collaboration n\u00e9cessaire au bon d\u00e9veloppement des entreprises. \u00ab&nbsp;Projets&nbsp;\u00bb est un logiciel con\u00e7u uniquement pour am\u00e9liorer la gestion des projets. Les utilisateurs peuvent personnaliser leurs tableaux de bord et g\u00e9rer des projets en utilisant une vari\u00e9t\u00e9 de m\u00e9thodes, que ce soit Agile, Kanban ou Waterfall. Ils peuvent aussi naviguer d\u2019une m\u00e9thode \u00e0 l\u2019autre en toute simplicit\u00e9 et \u00e0 tout moment. \u201cProjets\u201d est con\u00e7u pour \u00eatre facile \u00e0 utiliser, avec de puissantes fonctionnalit\u00e9s, qui permettent aux utilisateurs d\u2019analyser et d\u2019am\u00e9liorer rapidement les projets et les processus et de se concentrer sur l\u2019accomplissement des t\u00e2ches importantes.<\/p>\n<\/div>\n\n\n\n<div class=\"wp-block-column is-layout-flow wp-block-column-is-layout-flow\">\n<p class=\"has-da-grey-2-color has-text-color has-link-color wp-elements-61b2d9fe3ae67b2fa56303aeacfc4290\">\u00ab Au cours des 5 ann\u00e9es qui ont suivi le lancement de Zenkit, nous avons eu le privil\u00e8ge d\u2019apprendre beaucoup de choses sur la gestion de projet. Nous sommes fiers de pouvoir dire que Projets est le compromis parfait entre simplicit\u00e9 et fonctionnalit\u00e9 \u00bb, d\u00e9clare Martin Welker, PDG d\u2019Axonic. \u00ab Projets \u00bb a \u00e9t\u00e9 con\u00e7u pour offrir des fonctionnalit\u00e9s professionnelles de haut niveau, mais aussi une exp\u00e9rience agr\u00e9able facilitant la r\u00e9alisation de projets. Les \u00e9quipes obtiendront un meilleur aper\u00e7u des performances de plusieurs projets si elles g\u00e8rent plusieurs initiatives \u00e0 la fois, de la planification, l\u2019ex\u00e9cution et la r\u00e9alisation des objectifs aux des jalons de l\u2019entreprise. \u00bb<\/p>\n<\/div>\n<\/div>\n\n\n\n<div style=\"height:88px;--tablet-height:72px;--mobile-height:40px\" class=\"wp-block-lookeen-blocks-responsive-spacer\"><\/div>\n<\/div>\n\n\n\n<div class=\"wp-block-group has-global-padding is-layout-constrained wp-block-group-is-layout-constrained\">\n<div style=\"height:45px;--tablet-height:45px;--mobile-height:16px\" class=\"wp-block-lookeen-blocks-responsive-spacer\"><\/div>\n\n\n\n<h2 class=\"wp-block-heading has-text-align-center\" style=\"margin-bottom:0px\">Projets est dot\u00e9 de fonctionnalit\u00e9s et d\u2019am\u00e9liorations uniques:<\/h2>\n\n\n\n<div style=\"height:48px;--tablet-height:36px;--mobile-height:24px\" class=\"wp-block-lookeen-blocks-responsive-spacer\"><\/div>\n\n\n\n<div class=\"wp-block-group has-global-padding is-layout-constrained wp-block-group-is-layout-constrained\">\n<div class=\"wp-block-columns is-layout-flex wp-container-core-columns-is-layout-28f84493 wp-block-columns-is-layout-flex\">\n<div class=\"wp-block-column is-layout-flow wp-block-column-is-layout-flow\">\n<ul class=\"wp-block-list list__with-checkmark-blue-and-underline has-da-grey-2-color has-text-color has-link-color wp-elements-14c678f07f1d7e9a185fdd7ca4421a2b\">\n<li>Un tableau de bord dynamique, affichant les t\u00e2ches personnelles et collectives ainsi que l\u2019avancement de tous les projets.<\/li>\n\n\n\n<li>Affichages globaux et intelligents : tableau Kanban, liste de t\u00e2ches, affichage calendrier et agendas quotidiens et hebdomadaires<\/li>\n\n\n\n<li>Un planificateur de ressources global, pour g\u00e9rer les charges de travail inter-projets<\/li>\n\n\n\n<li>Planification et gestion des ressources dans les diagrammes de Gantt.<\/li>\n<\/ul>\n<\/div>\n\n\n\n<div class=\"wp-block-column is-layout-flow wp-block-column-is-layout-flow\">\n<ul class=\"wp-block-list list__with-checkmark-blue-and-underline has-da-grey-2-color has-text-color has-link-color wp-elements-03063b7732e29b9fb6c7d6149380551e\">\n<li>Regroupement, tri et filtrage dans les affichages globaux et les rapports.<\/li>\n\n\n\n<li>Rapports personnalis\u00e9s avec plus de 720 options de configuration diff\u00e9rentes.<\/li>\n\n\n\n<li>Plusieurs fa\u00e7ons de travailler sur des projets, notamment gr\u00e2ce au diagramme de Gantt, tableau Kanban, \u00e0 l\u2019affichage calendrier ou hi\u00e9rarchique.<\/li>\n<\/ul>\n<\/div>\n<\/div>\n<\/div>\n\n\n\n<div style=\"height:88px;--tablet-height:72px;--mobile-height:40px\" class=\"wp-block-lookeen-blocks-responsive-spacer\"><\/div>\n\n\n\n<div class=\"wp-block-group has-global-padding is-layout-constrained wp-container-core-group-is-layout-7cc94c3e wp-block-group-is-layout-constrained\">\n<div class=\"wp-block-group has-global-padding is-layout-constrained wp-block-group-is-layout-constrained\">\n<div class=\"wp-block-group has-global-padding is-layout-constrained wp-block-group-is-layout-constrained\">\n<p class=\"has-text-align-center has-da-grey-2-color has-text-color has-link-color wp-elements-c1901ea1308c491dfca12f8e205c22f0\">Comme tous les produits de Zenkit Suite, \u201cProjets\u201d est pr\u00eat pour les enterprises et conforme au RGPD. Pour en savoir plus sur Projets, rendez-vous sur&nbsp;<a href=\"https:\/\/zenkit.com\/fr\/projects\/\" target=\"_blank\" rel=\"noreferrer noopener\">https:\/\/zenkit.com\/projects<\/a>. Pour utiliser l\u2019application Projets, rendez-vous sur le site:&nbsp;<a href=\"https:\/\/projects.zenkit.com\/\" target=\"_blank\" rel=\"noreferrer noopener\">web<\/a>, ou t\u00e9l\u00e9chargez sur&nbsp;<a href=\"https:\/\/apps.apple.com\/app\/id1575193611\" target=\"_blank\" rel=\"noreferrer noopener\">iOS<\/a>,&nbsp;<a href=\"https:\/\/play.google.com\/store\/apps\/details?id=com.zenkit.projects\" target=\"_blank\" rel=\"noreferrer noopener\">Android<\/a>,&nbsp;<a href=\"https:\/\/zenkit.com\/projects\/platforms\/\" target=\"_blank\" rel=\"noreferrer noopener\">Mac, Windows, or Linux<\/a>&nbsp;d\u00e8s sa sortie.<\/p>\n<\/div>\n\n\n\n<div style=\"height:88px;--tablet-height:72px;--mobile-height:40px\" class=\"wp-block-lookeen-blocks-responsive-spacer\"><\/div>\n\n\n\n<h3 class=\"wp-block-heading has-text-align-center\" style=\"margin-bottom:8px;font-style:normal;font-weight:700\">\u00c0 propos de Zenkit<\/h3>\n\n\n\n<p class=\"has-text-align-center has-da-grey-2-color has-text-color has-link-color wp-elements-4034201cb64732939e60492b92b9db03\">Zenkit est une plateforme de gestion de projets et de construction de bases de donn\u00e9es cr\u00e9\u00e9e par Axonic GmbH en Allemagne. Elle a \u00e9t\u00e9 lanc\u00e9e en Octobre 2016. Zenforms, est la sixi\u00e8me application de la gamme de produits de Zenkit, d\u00e9velopp\u00e9e et produite par Zenkit en Mars 2022.<\/p>\n<\/div>\n<\/div>\n<\/div>\n\n\n\n<div style=\"height:110px;--tablet-height:60px;--mobile-height:48px\" class=\"wp-block-lookeen-blocks-responsive-spacer\"><\/div>\n","protected":false},"excerpt":{"rendered":"<p>Zenkit lance \u00ab\u00a0Projets\u00a0\u00bb &#8211; un nouvel outil complet de gestion des t\u00e2ches pour les entreprises Une application de gestion de projet innovante et hautement personnalisable est ajout\u00e9e \u00e0 Zenkit Suite 8 Ao\u00fbt 2021 \u2013 Karlsruhe, Allemagne Axonic, le cr\u00e9ateur de la gamme d\u2019applications de t\u00e2ches et de chat Zenkit, annonce aujourd\u2019hui la sortie de \u00ab&nbsp;Projets&nbsp;\u00bb. [&hellip;]<\/p>\n","protected":false},"author":30,"featured_media":0,"parent":61669,"menu_order":2,"comment_status":"closed","ping_status":"closed","template":"","meta":{"yasr_overall_rating":0,"yasr_post_is_review":"","yasr_auto_insert_disabled":"","yasr_review_type":"","footnotes":""},"class_list":["post-73728","page","type-page","status-publish","hentry"],"yoast_head":"<!-- This site is optimized with the Yoast SEO plugin v27.3 - https:\/\/yoast.com\/product\/yoast-seo-wordpress\/ -->\n<title>Zenkit Press Release | Zenkit<\/title>\n<meta name=\"robots\" content=\"index, follow, max-snippet:-1, max-image-preview:large, max-video-preview:-1\" \/>\n<link rel=\"canonical\" href=\"https:\/\/zenkit.com\/fr\/press-kit\/zenkit-projects-press-release\/\" \/>\n<meta property=\"og:locale\" content=\"fr_FR\" \/>\n<meta property=\"og:type\" content=\"article\" \/>\n<meta property=\"og:title\" content=\"Zenkit Press Release | Zenkit\" \/>\n<meta property=\"og:description\" content=\"Zenkit lance \u00ab\u00a0Projets\u00a0\u00bb &#8211; un nouvel outil complet de gestion des t\u00e2ches pour les entreprises Une application de gestion de projet innovante et hautement personnalisable est ajout\u00e9e \u00e0 Zenkit Suite 8 Ao\u00fbt 2021 \u2013 Karlsruhe, Allemagne Axonic, le cr\u00e9ateur de la gamme d\u2019applications de t\u00e2ches et de chat Zenkit, annonce aujourd\u2019hui la sortie de \u00ab&nbsp;Projets&nbsp;\u00bb. [&hellip;]\" \/>\n<meta property=\"og:url\" content=\"https:\/\/zenkit.com\/fr\/press-kit\/zenkit-projects-press-release\/\" \/>\n<meta property=\"og:site_name\" content=\"Zenkit\" \/>\n<meta property=\"article:publisher\" content=\"https:\/\/www.facebook.com\/ZenkitHQ\" \/>\n<meta property=\"article:modified_time\" content=\"2025-10-26T18:31:13+00:00\" \/>\n<meta name=\"twitter:card\" content=\"summary_large_image\" \/>\n<meta name=\"twitter:site\" content=\"@ZenkitHQ\" \/>\n<meta name=\"twitter:label1\" content=\"Dur\u00e9e de lecture estim\u00e9e\" \/>\n\t<meta name=\"twitter:data1\" content=\"22 minutes\" \/>\n<script type=\"application\/ld+json\" class=\"yoast-schema-graph\">{\"@context\":\"https:\\\/\\\/schema.org\",\"@graph\":[{\"@type\":\"WebPage\",\"@id\":\"https:\\\/\\\/zenkit.com\\\/fr\\\/press-kit\\\/zenkit-projects-press-release\\\/\",\"url\":\"https:\\\/\\\/zenkit.com\\\/fr\\\/press-kit\\\/zenkit-projects-press-release\\\/\",\"name\":\"Zenkit Press Release | Zenkit\",\"isPartOf\":{\"@id\":\"https:\\\/\\\/zenkit.com\\\/fr\\\/#website\"},\"datePublished\":\"2022-04-08T12:01:52+00:00\",\"dateModified\":\"2025-10-26T18:31:13+00:00\",\"breadcrumb\":{\"@id\":\"https:\\\/\\\/zenkit.com\\\/fr\\\/press-kit\\\/zenkit-projects-press-release\\\/#breadcrumb\"},\"inLanguage\":\"fr-FR\",\"potentialAction\":[{\"@type\":\"ReadAction\",\"target\":[\"https:\\\/\\\/zenkit.com\\\/fr\\\/press-kit\\\/zenkit-projects-press-release\\\/\"]}]},{\"@type\":\"BreadcrumbList\",\"@id\":\"https:\\\/\\\/zenkit.com\\\/fr\\\/press-kit\\\/zenkit-projects-press-release\\\/#breadcrumb\",\"itemListElement\":[{\"@type\":\"ListItem\",\"position\":1,\"name\":\"Home\",\"item\":\"https:\\\/\\\/zenkit.com\\\/fr\\\/\"},{\"@type\":\"ListItem\",\"position\":2,\"name\":\"Dossier de presse\",\"item\":\"https:\\\/\\\/zenkit.com\\\/fr\\\/press-kit\\\/\"},{\"@type\":\"ListItem\",\"position\":3,\"name\":\"Zenkit Projects Press Release\"}]},{\"@type\":\"WebSite\",\"@id\":\"https:\\\/\\\/zenkit.com\\\/fr\\\/#website\",\"url\":\"https:\\\/\\\/zenkit.com\\\/fr\\\/\",\"name\":\"Zenkit\",\"description\":\"Zenkit Tagline\",\"potentialAction\":[{\"@type\":\"SearchAction\",\"target\":{\"@type\":\"EntryPoint\",\"urlTemplate\":\"https:\\\/\\\/zenkit.com\\\/fr\\\/?s={search_term_string}\"},\"query-input\":{\"@type\":\"PropertyValueSpecification\",\"valueRequired\":true,\"valueName\":\"search_term_string\"}}],\"inLanguage\":\"fr-FR\"},false]}<\/script>\n<!-- \/ Yoast SEO plugin. -->","yoast_head_json":{"title":"Zenkit Press Release | Zenkit","robots":{"index":"index","follow":"follow","max-snippet":"max-snippet:-1","max-image-preview":"max-image-preview:large","max-video-preview":"max-video-preview:-1"},"canonical":"https:\/\/zenkit.com\/fr\/press-kit\/zenkit-projects-press-release\/","og_locale":"fr_FR","og_type":"article","og_title":"Zenkit Press Release | Zenkit","og_description":"Zenkit lance \u00ab\u00a0Projets\u00a0\u00bb &#8211; un nouvel outil complet de gestion des t\u00e2ches pour les entreprises Une application de gestion de projet innovante et hautement personnalisable est ajout\u00e9e \u00e0 Zenkit Suite 8 Ao\u00fbt 2021 \u2013 Karlsruhe, Allemagne Axonic, le cr\u00e9ateur de la gamme d\u2019applications de t\u00e2ches et de chat Zenkit, annonce aujourd\u2019hui la sortie de \u00ab&nbsp;Projets&nbsp;\u00bb. [&hellip;]","og_url":"https:\/\/zenkit.com\/fr\/press-kit\/zenkit-projects-press-release\/","og_site_name":"Zenkit","article_publisher":"https:\/\/www.facebook.com\/ZenkitHQ","article_modified_time":"2025-10-26T18:31:13+00:00","twitter_card":"summary_large_image","twitter_site":"@ZenkitHQ","twitter_misc":{"Dur\u00e9e de lecture estim\u00e9e":"22 minutes"},"schema":{"@context":"https:\/\/schema.org","@graph":[{"@type":"WebPage","@id":"https:\/\/zenkit.com\/fr\/press-kit\/zenkit-projects-press-release\/","url":"https:\/\/zenkit.com\/fr\/press-kit\/zenkit-projects-press-release\/","name":"Zenkit Press Release | Zenkit","isPartOf":{"@id":"https:\/\/zenkit.com\/fr\/#website"},"datePublished":"2022-04-08T12:01:52+00:00","dateModified":"2025-10-26T18:31:13+00:00","breadcrumb":{"@id":"https:\/\/zenkit.com\/fr\/press-kit\/zenkit-projects-press-release\/#breadcrumb"},"inLanguage":"fr-FR","potentialAction":[{"@type":"ReadAction","target":["https:\/\/zenkit.com\/fr\/press-kit\/zenkit-projects-press-release\/"]}]},{"@type":"BreadcrumbList","@id":"https:\/\/zenkit.com\/fr\/press-kit\/zenkit-projects-press-release\/#breadcrumb","itemListElement":[{"@type":"ListItem","position":1,"name":"Home","item":"https:\/\/zenkit.com\/fr\/"},{"@type":"ListItem","position":2,"name":"Dossier de presse","item":"https:\/\/zenkit.com\/fr\/press-kit\/"},{"@type":"ListItem","position":3,"name":"Zenkit Projects Press Release"}]},{"@type":"WebSite","@id":"https:\/\/zenkit.com\/fr\/#website","url":"https:\/\/zenkit.com\/fr\/","name":"Zenkit","description":"Zenkit Tagline","potentialAction":[{"@type":"SearchAction","target":{"@type":"EntryPoint","urlTemplate":"https:\/\/zenkit.com\/fr\/?s={search_term_string}"},"query-input":{"@type":"PropertyValueSpecification","valueRequired":true,"valueName":"search_term_string"}}],"inLanguage":"fr-FR"},false]}},"yasr_visitor_votes":{"stars_attributes":{"read_only":false,"span_bottom":false},"number_of_votes":0,"sum_votes":0},"_links":{"self":[{"href":"https:\/\/zenkit.com\/fr\/wp-json\/wp\/v2\/pages\/73728","targetHints":{"allow":["GET"]}}],"collection":[{"href":"https:\/\/zenkit.com\/fr\/wp-json\/wp\/v2\/pages"}],"about":[{"href":"https:\/\/zenkit.com\/fr\/wp-json\/wp\/v2\/types\/page"}],"author":[{"embeddable":true,"href":"https:\/\/zenkit.com\/fr\/wp-json\/wp\/v2\/users\/30"}],"replies":[{"embeddable":true,"href":"https:\/\/zenkit.com\/fr\/wp-json\/wp\/v2\/comments?post=73728"}],"version-history":[{"count":4,"href":"https:\/\/zenkit.com\/fr\/wp-json\/wp\/v2\/pages\/73728\/revisions"}],"predecessor-version":[{"id":168478,"href":"https:\/\/zenkit.com\/fr\/wp-json\/wp\/v2\/pages\/73728\/revisions\/168478"}],"up":[{"embeddable":true,"href":"https:\/\/zenkit.com\/fr\/wp-json\/wp\/v2\/pages\/61669"}],"wp:attachment":[{"href":"https:\/\/zenkit.com\/fr\/wp-json\/wp\/v2\/media?parent=73728"}],"curies":[{"name":"wp","href":"https:\/\/api.w.org\/{rel}","templated":true}]}}