{"id":73743,"date":"2022-04-08T15:16:06","date_gmt":"2022-04-08T13:16:06","guid":{"rendered":"https:\/\/zenkit.com\/press-kit\/zenforms-press-release\/"},"modified":"2025-11-22T14:57:01","modified_gmt":"2025-11-22T13:57:01","slug":"zenforms-press-release","status":"publish","type":"page","link":"https:\/\/zenkit.com\/fr\/press-kit\/zenforms-press-release\/","title":{"rendered":"Zenforms Press Release"},"content":{"rendered":"\n<div class=\"wp-block-group has-global-padding is-layout-constrained wp-block-group-is-layout-constrained\">\n<div class=\"wp-block-group width--950 has-global-padding is-layout-constrained wp-block-group-is-layout-constrained\">\n<div style=\"height:45px;--tablet-height:45px;--mobile-height:16px\" class=\"wp-block-lookeen-blocks-responsive-spacer\"><\/div>\n\n\n\n<div class=\"wp-block-group has-global-padding is-layout-constrained wp-block-group-is-layout-constrained\">\n<h1 class=\"wp-block-heading has-text-align-center\" style=\"margin-bottom:8px\">Une application de gestion de projet innovante et adaptable est ajout\u00e9e \u00e0 Zenkit Suite<\/h1>\n<\/div>\n\n\n\n<div class=\"wp-block-group has-global-padding is-layout-constrained wp-block-group-is-layout-constrained\">\n<p class=\"has-text-align-center subheading\">L&rsquo;\u00e9quipe de Zenkit d\u00e9veloppe une application webform cr\u00e9ative et attrayante pour am\u00e9liorer la collecte de donn\u00e9es sans avoir \u00e0 coder.<\/p>\n<\/div>\n\n\n\n<div style=\"height:48px;--tablet-height:36px;--mobile-height:24px\" class=\"wp-block-lookeen-blocks-responsive-spacer\"><\/div>\n\n\n\n<div class=\"wp-block-group has-global-padding is-layout-constrained wp-block-group-is-layout-constrained\">\n<p class=\"has-text-align-center press__headline has-text-color has-link-color wp-elements-ca4e38835c71d18cabaee40ce28ce265\" style=\"color:#939393;font-size:24px;font-style:normal;font-weight:700;line-height:1.5\">3 Mars 2022 \u2013 Karlsruhe, Allemagne<\/p>\n<\/div>\n<\/div>\n\n\n\n<div style=\"height:88px;--tablet-height:72px;--mobile-height:40px\" class=\"wp-block-lookeen-blocks-responsive-spacer\"><\/div>\n<\/div>\n\n\n\n<div class=\"wp-block-group has-global-padding is-layout-constrained wp-block-group-is-layout-constrained\">\n<div class=\"wp-block-columns is-layout-flex wp-container-core-columns-is-layout-b8d659ec wp-block-columns-is-layout-flex\">\n<div class=\"wp-block-column is-layout-flow wp-block-column-is-layout-flow\">\n<p class=\"has-da-grey-2-color has-text-color has-link-color wp-elements-7fc12ababaaed3ca916c89eb62a249ed\">L\u2019\u00e9quipe de Zenkit est fi\u00e8re d\u2019annoncer le lancement de \u00ab&nbsp;Zenforms&nbsp;\u00bb, la sixi\u00e8me application \u00e0 rejoindre la gamme de produits de productivit\u00e9 de Zenkit Suite. \u00ab&nbsp;Zenforms&nbsp;\u00bb offre aux utilisateurs un moyen de connexion dynamique gr\u00e2ce \u00e0 la cr\u00e9ation de formulaires, d\u2019enqu\u00eates et de quiz. Avec une liste de fonctionnalit\u00e9s utiles, notamment la v\u00e9rification des donn\u00e9es en double et la planification des ressources, Zenforms est la prochaine \u00e9tape dans le rapprochement entre les \u00e9quipes et les personnes qui comptent le plus pour elles.<\/p>\n\n\n\n<p>Zenforms va au-del\u00e0 de la simple collecte d\u2019informations pour permettre aux entreprises de se rapprocher de leurs employ\u00e9s \u00e0 un niveau plus personnel. Pendant la pand\u00e9mie, le travail \u00e0 distance est rapidement devenu la norme, et la communication au sein des entreprises l\u2019un des domaines les plus difficiles \u00e0 g\u00e9rer. Selon\u00a0<a href=\"https:\/\/www.researchgate.net\/publication\/349546057_Business_Communication_and_COVID-19\" target=\"_blank\" rel=\"noreferrer noopener\">Geert Jacobs<\/a>\u00a0la pand\u00e9mie a mis en \u00e9vidence la n\u00e9cessit\u00e9 d\u2019une \u00ab\u00a0communication transparente, concise et claire\u00a0\u00bb. Les entreprises peuvent utiliser Zenforms pour conna\u00eetre le v\u00e9ritable ressenti de leurs employ\u00e9s, et ceux-ci sont plus enclins \u00e0 le partager, sachant qu\u2019ils peuvent r\u00e9pondre de mani\u00e8re anonyme. Par cons\u00e9quent, Zenforms devient l\u2019outil id\u00e9al pour lutter contre les probl\u00e8mes de\u00a0<a href=\"https:\/\/zenkit.com\/en\/blog\/how-to-support-anxious-employees\/\" target=\"_blank\" rel=\"noreferrer noopener\">sant\u00e9 mentale<\/a>, caus\u00e9s par un isolement accru, mais aussi pour partager les renseignements d\u2019un projet afin de trouver des solutions rapidement et de promouvoir la collaboration au sein des \u00e9quipes. De plus, avec le march\u00e9 de la collaboration en entreprise estim\u00e9 \u00e0\u00a0<a href=\"https:\/\/www.marketsandmarkets.com\/PressReleases\/enterprise-collaboration.asp\" target=\"_blank\" rel=\"noreferrer noopener\">$85.8 milliards de dollars d\u2019ici \u00e0 2026<\/a>,, l\u2019importance de se connecter avec ceux qui comptent ne peut pas \u00eatre sous-estim\u00e9e.<\/p>\n<\/div>\n\n\n\n<div class=\"wp-block-column is-layout-flow wp-block-column-is-layout-flow\">\n<p class=\"has-da-grey-2-color has-text-color has-link-color wp-elements-6c171f16a0f63d581675585947e39fce\">Selon Martin Welker, PDG de Zenkit, la communication \u00ab\u00a0transparente\u00a0\u00bb fait \u00e9galement r\u00e9f\u00e9rence \u00e0 une \u00ab\u00a0communication s\u00fbre\u00a0\u00bb, et il souligne l\u2019importance de la conformit\u00e9 de Zenforms au RGPD et \u00e0 l\u2019\u00e8re du num\u00e9rique : \u00ab\u00a0Comme Zenforms peut \u00eatre envoy\u00e9 et utilis\u00e9 par n\u2019importe qui, il est essentiel que toutes les personnes concern\u00e9es comprennent comment leurs donn\u00e9es sont trait\u00e9es.\u00a0\u00bb<\/p>\n\n\n\n<p class=\"has-da-grey-2-color has-text-color has-link-color wp-elements-9e29e0d2074fb5f3e613ae2c07b8460f\">Zenforms am\u00e9liore \u00e9galement la relation entre les entreprises et leurs clients en leur donnant la parole et en agissant comme un moyen de conversation. Les formulaires peuvent \u00eatre facilement cr\u00e9\u00e9s et diffus\u00e9s en ligne (ou int\u00e9gr\u00e9s \u00e0 un site Web) pour obtenir des informations pr\u00e9cieuses sur les souhaits, les besoins et les attentes des clients. Les entreprises peuvent r\u00e9aliser des avanc\u00e9es significatives sans codage gr\u00e2ce \u00e0 des alertes instantan\u00e9es, une gestion et une analyse pratiques des donn\u00e9es et une int\u00e9gration approfondie avec le reste de Zenkit Suite.<\/p>\n<\/div>\n<\/div>\n\n\n\n<div style=\"height:88px;--tablet-height:72px;--mobile-height:40px\" class=\"wp-block-lookeen-blocks-responsive-spacer\"><\/div>\n<\/div>\n\n\n\n<div class=\"wp-block-group has-global-padding is-layout-constrained wp-block-group-is-layout-constrained\">\n<div style=\"height:45px;--tablet-height:45px;--mobile-height:16px\" class=\"wp-block-lookeen-blocks-responsive-spacer\"><\/div>\n\n\n\n<h2 class=\"wp-block-heading has-text-align-center\" style=\"margin-bottom:0px\">Martin Welker ajoute que Zenforms est \u00e9galement plus qu\u2019une simple application de communication et de collaboration, et qu\u2019elle fonctionne en tandem avec le reste de Zenkit Suite. Zenforms, comme le reste de la gamme de produits Zenkit, favorise la productivit\u00e9 et dispose d\u2019une liste s\u00e9duisante de fonctionnalit\u00e9s pour aider les utilisateurs \u00e0 atteindre cet objectif :<\/h2>\n\n\n\n<div style=\"height:48px;--tablet-height:36px;--mobile-height:24px\" class=\"wp-block-lookeen-blocks-responsive-spacer\"><\/div>\n\n\n\n<div class=\"wp-block-group has-global-padding is-layout-constrained wp-block-group-is-layout-constrained\">\n<div class=\"wp-block-columns is-layout-flex wp-container-core-columns-is-layout-28f84493 wp-block-columns-is-layout-flex\">\n<div class=\"wp-block-column is-layout-flow wp-block-column-is-layout-flow\">\n<ul class=\"wp-block-list list__with-checkmark-blue-and-underline has-da-grey-2-color has-text-color has-link-color wp-elements-e60c71fcddd593f576e18101c5a6f952\">\n<li>S\u00e9curit\u00e9 des donn\u00e9es robuste et conforme au RGPD.<\/li>\n\n\n\n<li>L\u2019int\u00e9gration avec Zenkit Suite, qui partage une plateforme unique, pour offrir un sens plus riche de l\u2019interaction des donn\u00e9es et un acc\u00e8s \u00e0 encore plus d\u2019outils et d\u2019applications de productivit\u00e9.<\/li>\n\n\n\n<li>9 contr\u00f4les de saisie diff\u00e9rents, vous permettant de choisir d\u2019ajouter des dates, des dessins, des cases \u00e0 cocher, des r\u00e9f\u00e9rences, et bien plus encore !<\/li>\n\n\n\n<li>Utilisable sur mobile, ce qui signifie que vous pouvez vous connecter lors de vos d\u00e9placements.<\/li>\n\n\n\n<li>Cr\u00e9ation de formulaires \u00e0 partir de donn\u00e9es existantes dans Zenkit Suite, comme par exemple vos collections dans Zenkit Base.<\/li>\n<\/ul>\n<\/div>\n\n\n\n<div class=\"wp-block-column is-layout-flow wp-block-column-is-layout-flow\">\n<ul class=\"wp-block-list list__with-checkmark-blue-and-underline has-da-grey-2-color has-text-color has-link-color wp-elements-f8fee8fa1ed66b34418a283699672a3e\">\n<li>Listes filtr\u00e9es pour un meilleur suivi des donn\u00e9es.<\/li>\n\n\n\n<li>Assistance par e-mail pour l\u2019envoi de formulaires et d\u2019enqu\u00eates et la r\u00e9ception de rapports instantan\u00e9s.<\/li>\n\n\n\n<li>Contr\u00f4le des donn\u00e9es dupliqu\u00e9es afin de s\u2019assurer que toutes les donn\u00e9es sont pertinentes et coh\u00e9rentes, sans risquer de compromettre la fiabilit\u00e9 de vos donn\u00e9es collect\u00e9es.<\/li>\n\n\n\n<li>Ressources d\u2019ordonnancement int\u00e9gr\u00e9es.<\/li>\n\n\n\n<li>Des sous-formulaires pour des couches suppl\u00e9mentaires de collecte et de partage de donn\u00e9es.<\/li>\n<\/ul>\n<\/div>\n<\/div>\n<\/div>\n\n\n\n<div style=\"height:88px;--tablet-height:72px;--mobile-height:40px\" class=\"wp-block-lookeen-blocks-responsive-spacer\"><\/div>\n\n\n\n<div class=\"wp-block-group has-global-padding is-layout-constrained wp-container-core-group-is-layout-7cc94c3e wp-block-group-is-layout-constrained\">\n<div class=\"wp-block-group has-global-padding is-layout-constrained wp-block-group-is-layout-constrained\">\n<p class=\"has-text-align-center has-da-grey-2-color has-text-color has-link-color wp-elements-25565cbe61d767d4d45cbac9fb045560\">Comme tous les produits de Zenkit Suite, \u201cZenforms\u201d est pr\u00eat pour les entreprises et conforme au RGPD. Pour en savoir plus \u00e0 propos de Zenforms, rendez-vous sur&nbsp;<a href=\"https:\/\/zenkit.com\/fr\/forms\/\" target=\"_blank\" rel=\"noreferrer noopener\">https:\/\/zenkit.com\/forms<\/a>. Pour utiliser l\u2019application Zenforms, rendez-vous sur le site web ou t\u00e9l\u00e9chargez sur iOS, Android, Mac, Windows, ou Linux d\u00e8s sa sortie.<\/p>\n<\/div>\n\n\n\n<div style=\"height:88px;--tablet-height:72px;--mobile-height:40px\" class=\"wp-block-lookeen-blocks-responsive-spacer\"><\/div>\n\n\n\n<h3 class=\"wp-block-heading has-text-align-center\" style=\"margin-bottom:8px;font-style:normal;font-weight:700\">\u00c0 propos de Zenkit<\/h3>\n\n\n\n<p class=\"has-text-align-center has-da-grey-2-color has-text-color has-link-color wp-elements-4034201cb64732939e60492b92b9db03\">Zenkit est une plateforme de gestion de projets et de construction de bases de donn\u00e9es cr\u00e9\u00e9e par Axonic GmbH en Allemagne. Elle a \u00e9t\u00e9 lanc\u00e9e en Octobre 2016. Zenforms, est la sixi\u00e8me application de la gamme de produits de Zenkit, d\u00e9velopp\u00e9e et produite par Zenkit en Mars 2022.<\/p>\n<\/div>\n<\/div>\n\n\n\n<div style=\"height:110px;--tablet-height:60px;--mobile-height:48px\" class=\"wp-block-lookeen-blocks-responsive-spacer\"><\/div>\n","protected":false},"excerpt":{"rendered":"<p>Une application de gestion de projet innovante et adaptable est ajout\u00e9e \u00e0 Zenkit Suite L&rsquo;\u00e9quipe de Zenkit d\u00e9veloppe une application webform cr\u00e9ative et attrayante pour am\u00e9liorer la collecte de donn\u00e9es sans avoir \u00e0 coder. 3 Mars 2022 \u2013 Karlsruhe, Allemagne L\u2019\u00e9quipe de Zenkit est fi\u00e8re d\u2019annoncer le lancement de \u00ab&nbsp;Zenforms&nbsp;\u00bb, la sixi\u00e8me application \u00e0 rejoindre [&hellip;]<\/p>\n","protected":false},"author":30,"featured_media":0,"parent":61669,"menu_order":3,"comment_status":"closed","ping_status":"closed","template":"","meta":{"yasr_overall_rating":0,"yasr_post_is_review":"","yasr_auto_insert_disabled":"","yasr_review_type":"","footnotes":""},"class_list":["post-73743","page","type-page","status-publish","hentry"],"yoast_head":"<!-- This site is optimized with the Yoast SEO plugin v27.3 - https:\/\/yoast.com\/product\/yoast-seo-wordpress\/ -->\n<title>Zenforms Press Release | Zenkit<\/title>\n<meta name=\"robots\" content=\"index, follow, max-snippet:-1, max-image-preview:large, max-video-preview:-1\" \/>\n<link rel=\"canonical\" href=\"https:\/\/zenkit.com\/fr\/press-kit\/zenforms-press-release\/\" \/>\n<meta property=\"og:locale\" content=\"fr_FR\" \/>\n<meta property=\"og:type\" content=\"article\" \/>\n<meta property=\"og:title\" content=\"Zenforms Press Release | Zenkit\" \/>\n<meta property=\"og:description\" content=\"Une application de gestion de projet innovante et adaptable est ajout\u00e9e \u00e0 Zenkit Suite L&rsquo;\u00e9quipe de Zenkit d\u00e9veloppe une application webform cr\u00e9ative et attrayante pour am\u00e9liorer la collecte de donn\u00e9es sans avoir \u00e0 coder. 3 Mars 2022 \u2013 Karlsruhe, Allemagne L\u2019\u00e9quipe de Zenkit est fi\u00e8re d\u2019annoncer le lancement de \u00ab&nbsp;Zenforms&nbsp;\u00bb, la sixi\u00e8me application \u00e0 rejoindre [&hellip;]\" \/>\n<meta property=\"og:url\" content=\"https:\/\/zenkit.com\/fr\/press-kit\/zenforms-press-release\/\" \/>\n<meta property=\"og:site_name\" content=\"Zenkit\" \/>\n<meta property=\"article:publisher\" content=\"https:\/\/www.facebook.com\/ZenkitHQ\" \/>\n<meta property=\"article:modified_time\" content=\"2025-11-22T13:57:01+00:00\" \/>\n<meta name=\"twitter:card\" content=\"summary_large_image\" \/>\n<meta name=\"twitter:site\" content=\"@ZenkitHQ\" \/>\n<meta name=\"twitter:label1\" content=\"Dur\u00e9e de lecture estim\u00e9e\" \/>\n\t<meta name=\"twitter:data1\" content=\"30 minutes\" \/>\n<script type=\"application\/ld+json\" class=\"yoast-schema-graph\">{\"@context\":\"https:\\\/\\\/schema.org\",\"@graph\":[{\"@type\":\"WebPage\",\"@id\":\"https:\\\/\\\/zenkit.com\\\/fr\\\/press-kit\\\/zenforms-press-release\\\/\",\"url\":\"https:\\\/\\\/zenkit.com\\\/fr\\\/press-kit\\\/zenforms-press-release\\\/\",\"name\":\"Zenforms Press Release | Zenkit\",\"isPartOf\":{\"@id\":\"https:\\\/\\\/zenkit.com\\\/fr\\\/#website\"},\"datePublished\":\"2022-04-08T13:16:06+00:00\",\"dateModified\":\"2025-11-22T13:57:01+00:00\",\"breadcrumb\":{\"@id\":\"https:\\\/\\\/zenkit.com\\\/fr\\\/press-kit\\\/zenforms-press-release\\\/#breadcrumb\"},\"inLanguage\":\"fr-FR\",\"potentialAction\":[{\"@type\":\"ReadAction\",\"target\":[\"https:\\\/\\\/zenkit.com\\\/fr\\\/press-kit\\\/zenforms-press-release\\\/\"]}]},{\"@type\":\"BreadcrumbList\",\"@id\":\"https:\\\/\\\/zenkit.com\\\/fr\\\/press-kit\\\/zenforms-press-release\\\/#breadcrumb\",\"itemListElement\":[{\"@type\":\"ListItem\",\"position\":1,\"name\":\"Home\",\"item\":\"https:\\\/\\\/zenkit.com\\\/fr\\\/\"},{\"@type\":\"ListItem\",\"position\":2,\"name\":\"Dossier de presse\",\"item\":\"https:\\\/\\\/zenkit.com\\\/fr\\\/press-kit\\\/\"},{\"@type\":\"ListItem\",\"position\":3,\"name\":\"Zenforms Press Release\"}]},{\"@type\":\"WebSite\",\"@id\":\"https:\\\/\\\/zenkit.com\\\/fr\\\/#website\",\"url\":\"https:\\\/\\\/zenkit.com\\\/fr\\\/\",\"name\":\"Zenkit\",\"description\":\"Zenkit Tagline\",\"potentialAction\":[{\"@type\":\"SearchAction\",\"target\":{\"@type\":\"EntryPoint\",\"urlTemplate\":\"https:\\\/\\\/zenkit.com\\\/fr\\\/?s={search_term_string}\"},\"query-input\":{\"@type\":\"PropertyValueSpecification\",\"valueRequired\":true,\"valueName\":\"search_term_string\"}}],\"inLanguage\":\"fr-FR\"},false]}<\/script>\n<!-- \/ Yoast SEO plugin. -->","yoast_head_json":{"title":"Zenforms Press Release | Zenkit","robots":{"index":"index","follow":"follow","max-snippet":"max-snippet:-1","max-image-preview":"max-image-preview:large","max-video-preview":"max-video-preview:-1"},"canonical":"https:\/\/zenkit.com\/fr\/press-kit\/zenforms-press-release\/","og_locale":"fr_FR","og_type":"article","og_title":"Zenforms Press Release | Zenkit","og_description":"Une application de gestion de projet innovante et adaptable est ajout\u00e9e \u00e0 Zenkit Suite L&rsquo;\u00e9quipe de Zenkit d\u00e9veloppe une application webform cr\u00e9ative et attrayante pour am\u00e9liorer la collecte de donn\u00e9es sans avoir \u00e0 coder. 3 Mars 2022 \u2013 Karlsruhe, Allemagne L\u2019\u00e9quipe de Zenkit est fi\u00e8re d\u2019annoncer le lancement de \u00ab&nbsp;Zenforms&nbsp;\u00bb, la sixi\u00e8me application \u00e0 rejoindre [&hellip;]","og_url":"https:\/\/zenkit.com\/fr\/press-kit\/zenforms-press-release\/","og_site_name":"Zenkit","article_publisher":"https:\/\/www.facebook.com\/ZenkitHQ","article_modified_time":"2025-11-22T13:57:01+00:00","twitter_card":"summary_large_image","twitter_site":"@ZenkitHQ","twitter_misc":{"Dur\u00e9e de lecture estim\u00e9e":"30 minutes"},"schema":{"@context":"https:\/\/schema.org","@graph":[{"@type":"WebPage","@id":"https:\/\/zenkit.com\/fr\/press-kit\/zenforms-press-release\/","url":"https:\/\/zenkit.com\/fr\/press-kit\/zenforms-press-release\/","name":"Zenforms Press Release | Zenkit","isPartOf":{"@id":"https:\/\/zenkit.com\/fr\/#website"},"datePublished":"2022-04-08T13:16:06+00:00","dateModified":"2025-11-22T13:57:01+00:00","breadcrumb":{"@id":"https:\/\/zenkit.com\/fr\/press-kit\/zenforms-press-release\/#breadcrumb"},"inLanguage":"fr-FR","potentialAction":[{"@type":"ReadAction","target":["https:\/\/zenkit.com\/fr\/press-kit\/zenforms-press-release\/"]}]},{"@type":"BreadcrumbList","@id":"https:\/\/zenkit.com\/fr\/press-kit\/zenforms-press-release\/#breadcrumb","itemListElement":[{"@type":"ListItem","position":1,"name":"Home","item":"https:\/\/zenkit.com\/fr\/"},{"@type":"ListItem","position":2,"name":"Dossier de presse","item":"https:\/\/zenkit.com\/fr\/press-kit\/"},{"@type":"ListItem","position":3,"name":"Zenforms Press Release"}]},{"@type":"WebSite","@id":"https:\/\/zenkit.com\/fr\/#website","url":"https:\/\/zenkit.com\/fr\/","name":"Zenkit","description":"Zenkit Tagline","potentialAction":[{"@type":"SearchAction","target":{"@type":"EntryPoint","urlTemplate":"https:\/\/zenkit.com\/fr\/?s={search_term_string}"},"query-input":{"@type":"PropertyValueSpecification","valueRequired":true,"valueName":"search_term_string"}}],"inLanguage":"fr-FR"},false]}},"yasr_visitor_votes":{"stars_attributes":{"read_only":false,"span_bottom":false},"number_of_votes":0,"sum_votes":0},"_links":{"self":[{"href":"https:\/\/zenkit.com\/fr\/wp-json\/wp\/v2\/pages\/73743","targetHints":{"allow":["GET"]}}],"collection":[{"href":"https:\/\/zenkit.com\/fr\/wp-json\/wp\/v2\/pages"}],"about":[{"href":"https:\/\/zenkit.com\/fr\/wp-json\/wp\/v2\/types\/page"}],"author":[{"embeddable":true,"href":"https:\/\/zenkit.com\/fr\/wp-json\/wp\/v2\/users\/30"}],"replies":[{"embeddable":true,"href":"https:\/\/zenkit.com\/fr\/wp-json\/wp\/v2\/comments?post=73743"}],"version-history":[{"count":7,"href":"https:\/\/zenkit.com\/fr\/wp-json\/wp\/v2\/pages\/73743\/revisions"}],"predecessor-version":[{"id":174651,"href":"https:\/\/zenkit.com\/fr\/wp-json\/wp\/v2\/pages\/73743\/revisions\/174651"}],"up":[{"embeddable":true,"href":"https:\/\/zenkit.com\/fr\/wp-json\/wp\/v2\/pages\/61669"}],"wp:attachment":[{"href":"https:\/\/zenkit.com\/fr\/wp-json\/wp\/v2\/media?parent=73743"}],"curies":[{"name":"wp","href":"https:\/\/api.w.org\/{rel}","templated":true}]}}