{"id":100789,"date":"2023-05-20T16:46:51","date_gmt":"2023-05-20T14:46:51","guid":{"rendered":"https:\/\/zenkit.com\/suite\/demo\/"},"modified":"2025-09-22T13:02:19","modified_gmt":"2025-09-22T11:02:19","slug":"demo","status":"publish","type":"page","link":"https:\/\/zenkit.com\/it\/suite\/demo\/","title":{"rendered":"Suite Demo"},"content":{"rendered":"\n<div class=\"wp-block-group has-global-padding is-layout-constrained wp-block-group-is-layout-constrained\">\n<div class=\"wp-block-group has-global-padding is-layout-constrained wp-container-core-group-is-layout-704e782a wp-block-group-is-layout-constrained\">\n<div style=\"height:45px;--tablet-height:45px;--mobile-height:16px\" class=\"wp-block-lookeen-blocks-responsive-spacer\"><\/div>\n\n\n\n<div class=\"wp-block-group has-global-padding is-layout-constrained wp-block-group-is-layout-constrained\" style=\"margin-bottom:10px\">\n<h1 class=\"wp-block-heading has-text-align-center subheading--blue\">Prenota oggi stesso la tua demo web personale!<\/h1>\n<\/div>\n\n\n\n<div class=\"wp-block-group has-global-padding is-layout-constrained wp-block-group-is-layout-constrained\">\n<h2 class=\"wp-block-heading has-text-align-center display-h1\" style=\"margin-bottom:8px\">Conosci Zenkit! In soli 20 minuti, i nostri esperti di produttivit\u00e0 ti guideranno attraverso la nostra soluzione e risponderanno a tutte le tue domande.<\/h2>\n\n\n\n<div style=\"height:80px;--tablet-height:36px;--mobile-height:26px\" class=\"wp-block-lookeen-blocks-responsive-spacer\"><\/div>\n<\/div>\n<\/div>\n<\/div>\n\n\n\n<div class=\"wp-block-group has-global-padding is-layout-constrained wp-block-group-is-layout-constrained\">\n<div class=\"wp-block-columns form__container-two-column is-layout-flex wp-container-core-columns-is-layout-533dc52e wp-block-columns-is-layout-flex\">\n<div class=\"wp-block-column is-vertically-aligned-center is-layout-flow wp-block-column-is-layout-flow\">\n<ul class=\"wp-block-list is-style-list-blue-check\">\n<li>Risposte a tutte le tue domande<\/li>\n\n\n\n<li>Su misura per le tue priorit\u00e0 aziendali<\/li>\n\n\n\n<li>Introduzione a (quasi) tutte le caratteristiche del prodotto<\/li>\n\n\n\n<li>Gratuito e senza impegno<\/li>\n<\/ul>\n\n\n\n<div style=\"height:45px;--tablet-height:45px;--mobile-height:16px\" class=\"wp-block-lookeen-blocks-responsive-spacer\"><\/div>\n\n\n\n<div class=\"wp-block-group is-style-da-box-shadow has-global-padding is-layout-constrained wp-container-core-group-is-layout-81115059 wp-block-group-is-layout-constrained\" style=\"border-radius:20px;padding-top:25px;padding-right:25px;padding-bottom:25px;padding-left:25px\">\n<figure class=\"wp-block-image size-full is-resized has-custom-border\" style=\"margin-bottom:8px\"><img loading=\"lazy\" decoding=\"async\" width=\"640\" height=\"639\" src=\"https:\/\/zenkit.com\/wp-content\/uploads\/2023\/05\/peter-oehler.jpg\" alt=\"Peter Oehler\" class=\"wp-image-97076\" style=\"border-radius:100%;width:100px\" srcset=\"https:\/\/zenkit.com\/wp-content\/uploads\/2023\/05\/peter-oehler.jpg 640w, https:\/\/zenkit.com\/wp-content\/uploads\/2023\/05\/peter-oehler-300x300.jpg 300w, https:\/\/zenkit.com\/wp-content\/uploads\/2023\/05\/peter-oehler-150x150.jpg 150w, https:\/\/zenkit.com\/wp-content\/uploads\/2023\/05\/peter-oehler-24x24.jpg 24w, https:\/\/zenkit.com\/wp-content\/uploads\/2023\/05\/peter-oehler-48x48.jpg 48w, https:\/\/zenkit.com\/wp-content\/uploads\/2023\/05\/peter-oehler-96x96.jpg 96w\" sizes=\"auto, (max-width: 640px) 100vw, 640px\" \/><\/figure>\n\n\n\n<p style=\"margin-bottom:16px\"><strong>Peter Oehler, COO Zenkit<\/strong><\/p>\n\n\n\n<p>\u201cToda empresa tem seu pr\u00f3prio caso de neg\u00f3cio. Nada se compara a um sistema individualmente adapt\u00e1vel. Iniciaremos sua demo da mesma forma, com base em suas exatas necessidades.\u201d<\/p>\n<\/div>\n<\/div>\n\n\n\n<div class=\"wp-block-column is-layout-flow wp-block-column-is-layout-flow\"><div class=\"zenkit-demo-iframe-wrap\">\r\n    <iframe\r\n        src=\"https:\/\/public.zenkit.com\/f\/BHDPo4P5x\/zenkit-book-a-demo-form?v=QTQN1mcLwr&#038;entry=%7B%22804f69d8-4a89-439c-82ab-bcdc41d73e41_categories%22%3A%5B13262632%5D%2C%22ce611851-cf99-4854-9c44-2d8d7a1786a8_categories%22%3A%5B13602893%5D%7D\"\r\n         style=\"border:0;min-height:700px;\"\r\n        loading=\"lazy\"\r\n        referrerpolicy=\"no-referrer-when-downgrade\"\r\n        sandbox=\"allow-scripts allow-forms allow-same-origin\"\r\n        class=\"border-radius--20 box__shadow\"\r\n    ><\/iframe>\r\n            <div style=\"margin-top:8px;font:12px\/1.4 system-ui,Segoe UI,Roboto,sans-serif;color:#475569;\">\r\n            <strong>Preview:<\/strong> redirects disabled. Variant=<code>new<\/code>\r\n        <\/div>\r\n    <\/div>\r\n<\/div>\n<\/div>\n<\/div>\n\n\n\n<div class=\"wp-block-group has-global-padding is-layout-constrained wp-block-group-is-layout-constrained\">\n<div style=\"height:88px;--tablet-height:72px;--mobile-height:36px\" class=\"wp-block-lookeen-blocks-responsive-spacer\"><\/div>\n\n\n\n<div class=\"wp-block-group has-global-padding is-layout-constrained wp-block-group-is-layout-constrained\">\n<div class=\"wp-block-group has-global-padding is-layout-constrained wp-container-core-group-is-layout-4383d167 wp-block-group-is-layout-constrained\">\n<figure class=\"wp-block-gallery has-nested-images columns-default is-cropped logo__gallery wp-block-gallery-1 is-layout-flex wp-block-gallery-is-layout-flex\">\n<figure class=\"wp-block-image size-full\"><img decoding=\"async\" data-id=\"109683\" src=\"https:\/\/zenkit.com\/wp-content\/uploads\/2025\/01\/ibm.svg\" alt=\"\" class=\"wp-image-109683\"\/><\/figure>\n\n\n\n<figure class=\"wp-block-image size-full\"><img decoding=\"async\" data-id=\"109693\" src=\"https:\/\/zenkit.com\/wp-content\/uploads\/2025\/01\/microsoft.svg\" alt=\"\" class=\"wp-image-109693\"\/><\/figure>\n\n\n\n<figure class=\"wp-block-image size-full\"><img decoding=\"async\" data-id=\"109703\" src=\"https:\/\/zenkit.com\/wp-content\/uploads\/2025\/01\/fedex.svg\" alt=\"\" class=\"wp-image-109703\"\/><\/figure>\n\n\n\n<figure class=\"wp-block-image size-full\"><img decoding=\"async\" data-id=\"109713\" src=\"https:\/\/zenkit.com\/wp-content\/uploads\/2025\/01\/mozilla.svg\" alt=\"\" class=\"wp-image-109713\"\/><\/figure>\n\n\n\n<figure class=\"wp-block-image size-full\"><img decoding=\"async\" data-id=\"109723\" src=\"https:\/\/zenkit.com\/wp-content\/uploads\/2025\/01\/walmart.svg\" alt=\"\" class=\"wp-image-109723\"\/><\/figure>\n\n\n\n<figure class=\"wp-block-image size-full\"><img decoding=\"async\" data-id=\"109733\" src=\"https:\/\/zenkit.com\/wp-content\/uploads\/2025\/01\/american.svg\" alt=\"\" class=\"wp-image-109733\"\/><\/figure>\n\n\n\n<figure class=\"wp-block-image size-full\"><img decoding=\"async\" data-id=\"109743\" src=\"https:\/\/zenkit.com\/wp-content\/uploads\/2025\/01\/intel.svg\" alt=\"\" class=\"wp-image-109743\"\/><\/figure>\n\n\n\n<figure class=\"wp-block-image size-full\"><img decoding=\"async\" data-id=\"109753\" src=\"https:\/\/zenkit.com\/wp-content\/uploads\/2025\/01\/airbus-1.svg\" alt=\"\" class=\"wp-image-109753\"\/><\/figure>\n\n\n\n<figure class=\"wp-block-image size-full\"><img decoding=\"async\" data-id=\"109764\" src=\"https:\/\/zenkit.com\/wp-content\/uploads\/2025\/01\/siemens.svg\" alt=\"\" class=\"wp-image-109764\"\/><\/figure>\n\n\n\n<figure class=\"wp-block-image size-full\"><img loading=\"lazy\" decoding=\"async\" width=\"226\" height=\"150\" data-id=\"109848\" src=\"https:\/\/zenkit.com\/wp-content\/uploads\/2025\/01\/sap-2.png\" alt=\"\" class=\"wp-image-109848\"\/><\/figure>\n\n\n\n<figure class=\"wp-block-image size-full\"><img decoding=\"async\" data-id=\"109784\" src=\"https:\/\/zenkit.com\/wp-content\/uploads\/2025\/01\/pwc.svg\" alt=\"\" class=\"wp-image-109784\"\/><\/figure>\n\n\n\n<figure class=\"wp-block-image size-full\"><img decoding=\"async\" data-id=\"109794\" src=\"https:\/\/zenkit.com\/wp-content\/uploads\/2025\/01\/roche.svg\" alt=\"\" class=\"wp-image-109794\"\/><\/figure>\n\n\n\n<figure class=\"wp-block-image size-full\"><img decoding=\"async\" data-id=\"109804\" src=\"https:\/\/zenkit.com\/wp-content\/uploads\/2025\/01\/vmware.svg\" alt=\"\" class=\"wp-image-109804\"\/><\/figure>\n\n\n\n<figure class=\"wp-block-image size-full\"><img decoding=\"async\" data-id=\"109814\" src=\"https:\/\/zenkit.com\/wp-content\/uploads\/2025\/01\/stanford.svg\" alt=\"\" class=\"wp-image-109814\"\/><\/figure>\n<\/figure>\n<\/div>\n<\/div>\n<\/div>\n\n\n\n<div style=\"height:110px;--tablet-height:60px;--mobile-height:48px\" class=\"wp-block-lookeen-blocks-responsive-spacer\"><\/div>\n","protected":false},"excerpt":{"rendered":"<p>Prenota oggi stesso la tua demo web personale! Conosci Zenkit! In soli 20 minuti, i nostri esperti di produttivit\u00e0 ti guideranno attraverso la nostra soluzione e risponderanno a tutte le tue domande. Peter Oehler, COO Zenkit \u201cToda empresa tem seu pr\u00f3prio caso de neg\u00f3cio. Nada se compara a um sistema individualmente adapt\u00e1vel. Iniciaremos sua demo [&hellip;]<\/p>\n","protected":false},"author":30,"featured_media":0,"parent":62359,"menu_order":2,"comment_status":"closed","ping_status":"closed","template":"wp-custom-template-it-page-demo","meta":{"yasr_overall_rating":0,"yasr_post_is_review":"","yasr_auto_insert_disabled":"","yasr_review_type":"","footnotes":""},"class_list":["post-100789","page","type-page","status-publish","hentry"],"yoast_head":"<!-- This site is optimized with the Yoast SEO plugin v27.3 - https:\/\/yoast.com\/product\/yoast-seo-wordpress\/ -->\n<title>Suite Demo | Zenkit<\/title>\n<meta name=\"description\" content=\"In Just 20 Minutes, We\u2019ll Show You How to Improve Your Productivity.\" \/>\n<meta name=\"robots\" content=\"index, follow, max-snippet:-1, max-image-preview:large, max-video-preview:-1\" \/>\n<link rel=\"canonical\" href=\"https:\/\/zenkit.com\/it\/suite\/demo\/\" \/>\n<meta property=\"og:locale\" content=\"it_IT\" \/>\n<meta property=\"og:type\" content=\"article\" \/>\n<meta property=\"og:title\" content=\"Suite Demo | Zenkit\" \/>\n<meta property=\"og:description\" content=\"In Just 20 Minutes, We\u2019ll Show You How to Improve Your Productivity.\" \/>\n<meta property=\"og:url\" content=\"https:\/\/zenkit.com\/it\/suite\/demo\/\" \/>\n<meta property=\"og:site_name\" content=\"Zenkit\" \/>\n<meta property=\"article:publisher\" content=\"https:\/\/www.facebook.com\/ZenkitHQ\" \/>\n<meta property=\"article:modified_time\" content=\"2025-09-22T11:02:19+00:00\" \/>\n<meta property=\"og:image\" content=\"https:\/\/zenkit.com\/wp-content\/uploads\/2023\/05\/peter-oehler.jpg\" \/>\n\t<meta property=\"og:image:width\" content=\"640\" \/>\n\t<meta property=\"og:image:height\" content=\"639\" \/>\n\t<meta property=\"og:image:type\" content=\"image\/jpeg\" \/>\n<meta name=\"twitter:card\" content=\"summary_large_image\" \/>\n<meta name=\"twitter:site\" content=\"@ZenkitHQ\" \/>\n<meta name=\"twitter:label1\" content=\"Tempo di lettura stimato\" \/>\n\t<meta name=\"twitter:data1\" content=\"4 minuti\" \/>\n<script type=\"application\/ld+json\" class=\"yoast-schema-graph\">{\"@context\":\"https:\\\/\\\/schema.org\",\"@graph\":[{\"@type\":\"WebPage\",\"@id\":\"https:\\\/\\\/zenkit.com\\\/it\\\/suite\\\/demo\\\/\",\"url\":\"https:\\\/\\\/zenkit.com\\\/it\\\/suite\\\/demo\\\/\",\"name\":\"Suite Demo | Zenkit\",\"isPartOf\":{\"@id\":\"https:\\\/\\\/zenkit.com\\\/it\\\/#website\"},\"primaryImageOfPage\":{\"@id\":\"https:\\\/\\\/zenkit.com\\\/it\\\/suite\\\/demo\\\/#primaryimage\"},\"image\":{\"@id\":\"https:\\\/\\\/zenkit.com\\\/it\\\/suite\\\/demo\\\/#primaryimage\"},\"thumbnailUrl\":\"https:\\\/\\\/zenkit.com\\\/wp-content\\\/uploads\\\/2023\\\/05\\\/peter-oehler.jpg\",\"datePublished\":\"2023-05-20T14:46:51+00:00\",\"dateModified\":\"2025-09-22T11:02:19+00:00\",\"description\":\"In Just 20 Minutes, We\u2019ll Show You How to Improve Your Productivity.\",\"breadcrumb\":{\"@id\":\"https:\\\/\\\/zenkit.com\\\/it\\\/suite\\\/demo\\\/#breadcrumb\"},\"inLanguage\":\"it-IT\",\"potentialAction\":[{\"@type\":\"ReadAction\",\"target\":[\"https:\\\/\\\/zenkit.com\\\/it\\\/suite\\\/demo\\\/\"]}]},{\"@type\":\"ImageObject\",\"inLanguage\":\"it-IT\",\"@id\":\"https:\\\/\\\/zenkit.com\\\/it\\\/suite\\\/demo\\\/#primaryimage\",\"url\":\"https:\\\/\\\/zenkit.com\\\/wp-content\\\/uploads\\\/2023\\\/05\\\/peter-oehler.jpg\",\"contentUrl\":\"https:\\\/\\\/zenkit.com\\\/wp-content\\\/uploads\\\/2023\\\/05\\\/peter-oehler.jpg\"},{\"@type\":\"BreadcrumbList\",\"@id\":\"https:\\\/\\\/zenkit.com\\\/it\\\/suite\\\/demo\\\/#breadcrumb\",\"itemListElement\":[{\"@type\":\"ListItem\",\"position\":1,\"name\":\"Home\",\"item\":\"https:\\\/\\\/zenkit.com\\\/it\\\/\"},{\"@type\":\"ListItem\",\"position\":2,\"name\":\"Zenkit Suite\",\"item\":\"https:\\\/\\\/zenkit.com\\\/it\\\/suite\\\/\"},{\"@type\":\"ListItem\",\"position\":3,\"name\":\"Suite Demo\"}]},{\"@type\":\"WebSite\",\"@id\":\"https:\\\/\\\/zenkit.com\\\/it\\\/#website\",\"url\":\"https:\\\/\\\/zenkit.com\\\/it\\\/\",\"name\":\"Zenkit\",\"description\":\"Zenkit Tagline\",\"potentialAction\":[{\"@type\":\"SearchAction\",\"target\":{\"@type\":\"EntryPoint\",\"urlTemplate\":\"https:\\\/\\\/zenkit.com\\\/it\\\/?s={search_term_string}\"},\"query-input\":{\"@type\":\"PropertyValueSpecification\",\"valueRequired\":true,\"valueName\":\"search_term_string\"}}],\"inLanguage\":\"it-IT\"},false]}<\/script>\n<!-- \/ Yoast SEO plugin. -->","yoast_head_json":{"title":"Suite Demo | Zenkit","description":"In Just 20 Minutes, We\u2019ll Show You How to Improve Your Productivity.","robots":{"index":"index","follow":"follow","max-snippet":"max-snippet:-1","max-image-preview":"max-image-preview:large","max-video-preview":"max-video-preview:-1"},"canonical":"https:\/\/zenkit.com\/it\/suite\/demo\/","og_locale":"it_IT","og_type":"article","og_title":"Suite Demo | Zenkit","og_description":"In Just 20 Minutes, We\u2019ll Show You How to Improve Your Productivity.","og_url":"https:\/\/zenkit.com\/it\/suite\/demo\/","og_site_name":"Zenkit","article_publisher":"https:\/\/www.facebook.com\/ZenkitHQ","article_modified_time":"2025-09-22T11:02:19+00:00","og_image":[{"width":640,"height":639,"url":"https:\/\/zenkit.com\/wp-content\/uploads\/2023\/05\/peter-oehler.jpg","type":"image\/jpeg"}],"twitter_card":"summary_large_image","twitter_site":"@ZenkitHQ","twitter_misc":{"Tempo di lettura stimato":"4 minuti"},"schema":{"@context":"https:\/\/schema.org","@graph":[{"@type":"WebPage","@id":"https:\/\/zenkit.com\/it\/suite\/demo\/","url":"https:\/\/zenkit.com\/it\/suite\/demo\/","name":"Suite Demo | Zenkit","isPartOf":{"@id":"https:\/\/zenkit.com\/it\/#website"},"primaryImageOfPage":{"@id":"https:\/\/zenkit.com\/it\/suite\/demo\/#primaryimage"},"image":{"@id":"https:\/\/zenkit.com\/it\/suite\/demo\/#primaryimage"},"thumbnailUrl":"https:\/\/zenkit.com\/wp-content\/uploads\/2023\/05\/peter-oehler.jpg","datePublished":"2023-05-20T14:46:51+00:00","dateModified":"2025-09-22T11:02:19+00:00","description":"In Just 20 Minutes, We\u2019ll Show You How to Improve Your Productivity.","breadcrumb":{"@id":"https:\/\/zenkit.com\/it\/suite\/demo\/#breadcrumb"},"inLanguage":"it-IT","potentialAction":[{"@type":"ReadAction","target":["https:\/\/zenkit.com\/it\/suite\/demo\/"]}]},{"@type":"ImageObject","inLanguage":"it-IT","@id":"https:\/\/zenkit.com\/it\/suite\/demo\/#primaryimage","url":"https:\/\/zenkit.com\/wp-content\/uploads\/2023\/05\/peter-oehler.jpg","contentUrl":"https:\/\/zenkit.com\/wp-content\/uploads\/2023\/05\/peter-oehler.jpg"},{"@type":"BreadcrumbList","@id":"https:\/\/zenkit.com\/it\/suite\/demo\/#breadcrumb","itemListElement":[{"@type":"ListItem","position":1,"name":"Home","item":"https:\/\/zenkit.com\/it\/"},{"@type":"ListItem","position":2,"name":"Zenkit Suite","item":"https:\/\/zenkit.com\/it\/suite\/"},{"@type":"ListItem","position":3,"name":"Suite Demo"}]},{"@type":"WebSite","@id":"https:\/\/zenkit.com\/it\/#website","url":"https:\/\/zenkit.com\/it\/","name":"Zenkit","description":"Zenkit Tagline","potentialAction":[{"@type":"SearchAction","target":{"@type":"EntryPoint","urlTemplate":"https:\/\/zenkit.com\/it\/?s={search_term_string}"},"query-input":{"@type":"PropertyValueSpecification","valueRequired":true,"valueName":"search_term_string"}}],"inLanguage":"it-IT"},false]}},"yasr_visitor_votes":{"stars_attributes":{"read_only":false,"span_bottom":false},"number_of_votes":0,"sum_votes":0},"_links":{"self":[{"href":"https:\/\/zenkit.com\/it\/wp-json\/wp\/v2\/pages\/100789","targetHints":{"allow":["GET"]}}],"collection":[{"href":"https:\/\/zenkit.com\/it\/wp-json\/wp\/v2\/pages"}],"about":[{"href":"https:\/\/zenkit.com\/it\/wp-json\/wp\/v2\/types\/page"}],"author":[{"embeddable":true,"href":"https:\/\/zenkit.com\/it\/wp-json\/wp\/v2\/users\/30"}],"replies":[{"embeddable":true,"href":"https:\/\/zenkit.com\/it\/wp-json\/wp\/v2\/comments?post=100789"}],"version-history":[{"count":7,"href":"https:\/\/zenkit.com\/it\/wp-json\/wp\/v2\/pages\/100789\/revisions"}],"predecessor-version":[{"id":166766,"href":"https:\/\/zenkit.com\/it\/wp-json\/wp\/v2\/pages\/100789\/revisions\/166766"}],"up":[{"embeddable":true,"href":"https:\/\/zenkit.com\/it\/wp-json\/wp\/v2\/pages\/62359"}],"wp:attachment":[{"href":"https:\/\/zenkit.com\/it\/wp-json\/wp\/v2\/media?parent=100789"}],"curies":[{"name":"wp","href":"https:\/\/api.w.org\/{rel}","templated":true}]}}