{"id":11327,"date":"2018-06-17T18:20:28","date_gmt":"2018-06-17T16:20:28","guid":{"rendered":"https:\/\/zenkit.com?page_id=11327"},"modified":"2025-09-08T08:19:03","modified_gmt":"2025-09-08T06:19:03","slug":"casi-duso","status":"publish","type":"page","link":"https:\/\/zenkit.com\/it\/casi-duso\/","title":{"rendered":"Casi d\u2019uso"},"content":{"rendered":"\n<div class=\"wp-block-group has-global-padding is-layout-constrained wp-block-group-is-layout-constrained\">\n<div class=\"wp-block-group width--950 has-global-padding is-layout-constrained wp-block-group-is-layout-constrained\">\n<div style=\"height:45px;--tablet-height:45px;--mobile-height:16px\" class=\"wp-block-lookeen-blocks-responsive-spacer\"><\/div>\n\n\n\n<div class=\"wp-block-group has-global-padding is-layout-constrained wp-block-group-is-layout-constrained\">\n<h1 class=\"wp-block-heading has-text-align-center\" style=\"margin-bottom:8px\">Qualsiasi squadra pu\u00f2 usare Zenkit<\/h1>\n<\/div>\n\n\n\n<div class=\"wp-block-group has-global-padding is-layout-constrained wp-block-group-is-layout-constrained\">\n<p class=\"has-text-align-center subheading\">Zenkit \u00e8 abbastanza flessibile da poter supportare qualsiasi team e qualsiasi flusso di lavoro. Scopri come il tuo team pu\u00f2 trarre vantaggio dalle potenti funzionalit\u00e0 di Zenkit.<\/p>\n\n\n\n<div class=\"wp-block-buttons is-content-justification-center is-layout-flex wp-container-core-buttons-is-layout-a89b3969 wp-block-buttons-is-layout-flex\">\n<div class=\"wp-block-button\"><a class=\"wp-block-button__link wp-element-button\" href=\"https:\/\/zenkit.com\/register?lang=it\" target=\"_blank\" rel=\"noreferrer noopener\">Unisciti a Zenkit<\/a><\/div>\n<\/div>\n<\/div>\n\n\n\n<div style=\"height:48px;--tablet-height:36px;--mobile-height:24px\" class=\"wp-block-lookeen-blocks-responsive-spacer\"><\/div>\n<\/div>\n<\/div>\n\n\n\n<div class=\"wp-block-group has-global-padding is-layout-constrained wp-block-group-is-layout-constrained\">\n<div class=\"wp-block-group application__grid has-global-padding is-layout-constrained wp-block-group-is-layout-constrained\">\n<div class=\"wp-block-group application__box has-global-padding is-layout-constrained wp-block-group-is-layout-constrained\" style=\"border-radius:20px\">\n<h3 class=\"wp-block-heading has-text-align-center card__title\" style=\"font-size:20px\">Project Management<\/h3>\n\n\n\n<p class=\"has-text-align-center has-da-grey-1-color has-text-color has-link-color wp-elements-d66a0c19835a6ccf602498a5a1ed00af\" style=\"margin-bottom:16px\">Crea con Zenkit la perfetta soluzione per la gestione del progetto. Traccia gli stati d\u2019avanzamento, collabora con il tuo team e porta a termine i tuoi progetti in tempo.<\/p>\n\n\n\n<p class=\"has-text-align-center read__more\" style=\"font-style:normal;font-weight:700\"><a href=\"https:\/\/zenkit.com\/it\/soluzioni\/gestione-del-progetto\/\" data-type=\"page\" data-id=\"11333\">Leggi di pi\u00f9<\/a><\/p>\n<\/div>\n\n\n\n<div class=\"wp-block-group application__box has-global-padding is-layout-constrained wp-block-group-is-layout-constrained\" style=\"border-radius:20px\">\n<h3 class=\"wp-block-heading has-text-align-center card__title\" style=\"font-size:20px\">Gantt Charts<\/h3>\n\n\n\n<p class=\"has-text-align-center has-da-grey-1-color has-text-color has-link-color wp-elements-0dbd7e04bc607fac7d44901579231441\" style=\"margin-bottom:16px\">Planea fuentes \u00e1giles, programe un diagrama de Gantt, asigne tareas, maneje recursos, haga seguimiento de puntos de referencia. Administre todo en un solo lugar.<\/p>\n\n\n\n<p class=\"has-text-align-center read__more\" style=\"font-style:normal;font-weight:700\"><a href=\"https:\/\/zenkit.com\/it\/soluzioni\/diagrammi-di-gantt\/\" data-type=\"page\" data-id=\"47966\">Leggi di pi\u00f9<\/a><\/p>\n<\/div>\n\n\n\n<div class=\"wp-block-group application__box has-global-padding is-layout-constrained wp-block-group-is-layout-constrained\" style=\"border-radius:20px\">\n<h3 class=\"wp-block-heading has-text-align-center card__title\" style=\"font-size:20px\">Mind Mapping<\/h3>\n\n\n\n<p class=\"has-text-align-center has-da-grey-1-color has-text-color has-link-color wp-elements-5d2ff2bc4275f0183045067bc9fb9cd3\" style=\"margin-bottom:16px\">Haga un seguimiento visual del progreso en una tabla Kanban con un giro. Use los swimlanes y las filas para obtener una clara visi\u00f3n general de sus proyectos.<\/p>\n\n\n\n<p class=\"has-text-align-center read__more\" style=\"font-style:normal;font-weight:700\"><a href=\"https:\/\/zenkit.com\/it\/soluzioni\/mind-map\/mappe-mentali\/\" data-type=\"page\" data-id=\"11336\">Leggi di pi\u00f9<\/a><\/p>\n<\/div>\n\n\n\n<div class=\"wp-block-group application__box has-global-padding is-layout-constrained wp-block-group-is-layout-constrained\" style=\"border-radius:20px\">\n<h3 class=\"wp-block-heading has-text-align-center card__title\" style=\"font-size:20px\">Kanban<\/h3>\n\n\n\n<p class=\"has-text-align-center has-da-grey-1-color has-text-color has-link-color wp-elements-771d8e415caf5b0f5278c9c14b9035c1\" style=\"margin-bottom:16px\">Vea las ideas de manera diferente, realice una lluvia de ideas eficazmente y establezca conexiones. Usa mapas mentales para traer ideas claras y creativas a su equipo.<\/p>\n\n\n\n<p class=\"has-text-align-center read__more\" style=\"font-style:normal;font-weight:700\"><a href=\"https:\/\/zenkit.com\/it\/soluzioni\/kanban\/\" data-type=\"page\" data-id=\"11429\">Leggi di pi\u00f9<\/a><\/p>\n<\/div>\n\n\n\n<div class=\"wp-block-group application__box has-global-padding is-layout-constrained wp-block-group-is-layout-constrained\" style=\"border-radius:20px\">\n<h3 class=\"wp-block-heading has-text-align-center card__title\" style=\"font-size:20px\">Team Wiki<\/h3>\n\n\n\n<p class=\"has-text-align-center has-da-grey-1-color has-text-color has-link-color wp-elements-fc42048fe5887e50bc6c039b8bb5e3d8\" style=\"margin-bottom:16px\">Zenkit es un nuevo tipo de software que le permite construir un gemelo digital para los procesos y flujos de trabajo de su organizaci\u00f3n. Construya su gemelo digital hoy.<\/p>\n\n\n\n<p class=\"has-text-align-center read__more\" style=\"font-style:normal;font-weight:700\"><a href=\"https:\/\/zenkit.com\/it\/soluzioni\/team-wiki\/\" data-type=\"page\" data-id=\"72290\">Leggi di pi\u00f9<\/a><\/p>\n<\/div>\n\n\n\n<div class=\"wp-block-group application__box has-global-padding is-layout-constrained wp-block-group-is-layout-constrained\" style=\"border-radius:20px\">\n<h3 class=\"wp-block-heading has-text-align-center card__title\" style=\"font-size:20px\">Spreadsheets<\/h3>\n\n\n\n<p class=\"has-text-align-center has-da-grey-1-color has-text-color has-link-color wp-elements-7ab10b8a18ec07c36723796189abfc18\" style=\"margin-bottom:16px\">Analice y trabaje con sus datos en una vista de tabla familiar. Utilice f\u00f3rmulas, agregaciones y funciones de clasificaci\u00f3n para obtener los resultados que necesita.<\/p>\n\n\n\n<p class=\"has-text-align-center read__more\" style=\"font-style:normal;font-weight:700\"><a href=\"https:\/\/zenkit.com\/it\/fogli-di-calcolo\/\" data-type=\"page\" data-id=\"11434\">Leggi di pi\u00f9<\/a><\/p>\n<\/div>\n<\/div>\n<\/div>\n\n\n\n<div class=\"wp-block-group has-global-padding is-layout-constrained wp-block-group-is-layout-constrained\">\n<div class=\"wp-block-group width--950 has-global-padding is-layout-constrained wp-block-group-is-layout-constrained\">\n<div style=\"height:88px;--tablet-height:72px;--mobile-height:36px\" class=\"wp-block-lookeen-blocks-responsive-spacer\"><\/div>\n\n\n\n<div class=\"wp-block-group has-global-padding is-layout-constrained wp-block-group-is-layout-constrained\">\n<h2 class=\"wp-block-heading has-text-align-center display-h1\" style=\"margin-bottom:8px\">Inizia a usare Zenkit oggi stesso<\/h2>\n\n\n\n<p class=\"has-text-align-center\">Impara come puoi facilmente usare Zenit per gestire tutto, dai tuoi progetti personali alla tua intera azienda.<\/p>\n\n\n\n<div class=\"wp-block-buttons is-content-justification-center is-layout-flex wp-container-core-buttons-is-layout-a89b3969 wp-block-buttons-is-layout-flex\">\n<div class=\"wp-block-button\"><a class=\"wp-block-button__link wp-element-button\" href=\"https:\/\/zenkit.com\/register?lang=it\" target=\"_blank\" rel=\"noreferrer noopener\">Unisciti a Zenkit<\/a><\/div>\n<\/div>\n<\/div>\n<\/div>\n<\/div>\n\n\n\n<div style=\"height:110px;--tablet-height:60px;--mobile-height:48px\" class=\"wp-block-lookeen-blocks-responsive-spacer\"><\/div>\n","protected":false},"excerpt":{"rendered":"<p>Qualsiasi squadra pu\u00f2 usare Zenkit Zenkit \u00e8 abbastanza flessibile da poter supportare qualsiasi team e qualsiasi flusso di lavoro. Scopri come il tuo team pu\u00f2 trarre vantaggio dalle potenti funzionalit\u00e0 di Zenkit. Project Management Crea con Zenkit la perfetta soluzione per la gestione del progetto. Traccia gli stati d\u2019avanzamento, collabora con il tuo team e [&hellip;]<\/p>\n","protected":false},"author":1,"featured_media":0,"parent":0,"menu_order":3,"comment_status":"closed","ping_status":"closed","template":"","meta":{"yasr_overall_rating":0,"yasr_post_is_review":"","yasr_auto_insert_disabled":"","yasr_review_type":"","footnotes":""},"class_list":["post-11327","page","type-page","status-publish","hentry"],"yoast_head":"<!-- This site is optimized with the Yoast SEO plugin v27.4 - https:\/\/yoast.com\/product\/yoast-seo-wordpress\/ -->\n<title>Casi d\u2019uso | Zenkit<\/title>\n<meta name=\"description\" content=\"Zenkit \u00e8 abbastanza flessibile da sopportare qualunque team e qualunque flusso di lavoro. Guarda i nostri casi di uso per scoprire di pi\u00f9 riguardo le funzioni di Zenkit e su come possano aiutare il tuo team.\" \/>\n<meta name=\"robots\" content=\"index, follow, max-snippet:-1, max-image-preview:large, max-video-preview:-1\" \/>\n<link rel=\"canonical\" href=\"https:\/\/zenkit.com\/it\/casi-duso\/\" \/>\n<meta property=\"og:locale\" content=\"it_IT\" \/>\n<meta property=\"og:type\" content=\"article\" \/>\n<meta property=\"og:title\" content=\"Casi d\u2019uso | Zenkit\" \/>\n<meta property=\"og:description\" content=\"Zenkit \u00e8 abbastanza flessibile da sopportare qualunque team e qualunque flusso di lavoro. Guarda i nostri casi di uso per scoprire di pi\u00f9 riguardo le funzioni di Zenkit e su come possano aiutare il tuo team.\" \/>\n<meta property=\"og:url\" content=\"https:\/\/zenkit.com\/it\/casi-duso\/\" \/>\n<meta property=\"og:site_name\" content=\"Zenkit\" \/>\n<meta property=\"article:publisher\" content=\"https:\/\/www.facebook.com\/ZenkitHQ\" \/>\n<meta property=\"article:modified_time\" content=\"2025-09-08T06:19:03+00:00\" \/>\n<meta name=\"twitter:card\" content=\"summary_large_image\" \/>\n<meta name=\"twitter:site\" content=\"@ZenkitHQ\" \/>\n<meta name=\"twitter:label1\" content=\"Tempo di lettura stimato\" \/>\n\t<meta name=\"twitter:data1\" content=\"1 minuto\" \/>\n<script type=\"application\/ld+json\" class=\"yoast-schema-graph\">{\"@context\":\"https:\\\/\\\/schema.org\",\"@graph\":[{\"@type\":\"WebPage\",\"@id\":\"https:\\\/\\\/zenkit.com\\\/it\\\/casi-duso\\\/\",\"url\":\"https:\\\/\\\/zenkit.com\\\/it\\\/casi-duso\\\/\",\"name\":\"Casi d\u2019uso | Zenkit\",\"isPartOf\":{\"@id\":\"https:\\\/\\\/zenkit.com\\\/it\\\/#website\"},\"datePublished\":\"2018-06-17T16:20:28+00:00\",\"dateModified\":\"2025-09-08T06:19:03+00:00\",\"description\":\"Zenkit \u00e8 abbastanza flessibile da sopportare qualunque team e qualunque flusso di lavoro. Guarda i nostri casi di uso per scoprire di pi\u00f9 riguardo le funzioni di Zenkit e su come possano aiutare il tuo team.\",\"breadcrumb\":{\"@id\":\"https:\\\/\\\/zenkit.com\\\/it\\\/casi-duso\\\/#breadcrumb\"},\"inLanguage\":\"it-IT\",\"potentialAction\":[{\"@type\":\"ReadAction\",\"target\":[\"https:\\\/\\\/zenkit.com\\\/it\\\/casi-duso\\\/\"]}]},{\"@type\":\"BreadcrumbList\",\"@id\":\"https:\\\/\\\/zenkit.com\\\/it\\\/casi-duso\\\/#breadcrumb\",\"itemListElement\":[{\"@type\":\"ListItem\",\"position\":1,\"name\":\"Home\",\"item\":\"https:\\\/\\\/zenkit.com\\\/it\\\/\"},{\"@type\":\"ListItem\",\"position\":2,\"name\":\"Casi d\u2019uso\"}]},{\"@type\":\"WebSite\",\"@id\":\"https:\\\/\\\/zenkit.com\\\/it\\\/#website\",\"url\":\"https:\\\/\\\/zenkit.com\\\/it\\\/\",\"name\":\"Zenkit\",\"description\":\"Zenkit Tagline\",\"potentialAction\":[{\"@type\":\"SearchAction\",\"target\":{\"@type\":\"EntryPoint\",\"urlTemplate\":\"https:\\\/\\\/zenkit.com\\\/it\\\/?s={search_term_string}\"},\"query-input\":{\"@type\":\"PropertyValueSpecification\",\"valueRequired\":true,\"valueName\":\"search_term_string\"}}],\"inLanguage\":\"it-IT\"},false]}<\/script>\n<!-- \/ Yoast SEO plugin. -->","yoast_head_json":{"title":"Casi d\u2019uso | Zenkit","description":"Zenkit \u00e8 abbastanza flessibile da sopportare qualunque team e qualunque flusso di lavoro. Guarda i nostri casi di uso per scoprire di pi\u00f9 riguardo le funzioni di Zenkit e su come possano aiutare il tuo team.","robots":{"index":"index","follow":"follow","max-snippet":"max-snippet:-1","max-image-preview":"max-image-preview:large","max-video-preview":"max-video-preview:-1"},"canonical":"https:\/\/zenkit.com\/it\/casi-duso\/","og_locale":"it_IT","og_type":"article","og_title":"Casi d\u2019uso | Zenkit","og_description":"Zenkit \u00e8 abbastanza flessibile da sopportare qualunque team e qualunque flusso di lavoro. Guarda i nostri casi di uso per scoprire di pi\u00f9 riguardo le funzioni di Zenkit e su come possano aiutare il tuo team.","og_url":"https:\/\/zenkit.com\/it\/casi-duso\/","og_site_name":"Zenkit","article_publisher":"https:\/\/www.facebook.com\/ZenkitHQ","article_modified_time":"2025-09-08T06:19:03+00:00","twitter_card":"summary_large_image","twitter_site":"@ZenkitHQ","twitter_misc":{"Tempo di lettura stimato":"1 minuto"},"schema":{"@context":"https:\/\/schema.org","@graph":[{"@type":"WebPage","@id":"https:\/\/zenkit.com\/it\/casi-duso\/","url":"https:\/\/zenkit.com\/it\/casi-duso\/","name":"Casi d\u2019uso | Zenkit","isPartOf":{"@id":"https:\/\/zenkit.com\/it\/#website"},"datePublished":"2018-06-17T16:20:28+00:00","dateModified":"2025-09-08T06:19:03+00:00","description":"Zenkit \u00e8 abbastanza flessibile da sopportare qualunque team e qualunque flusso di lavoro. Guarda i nostri casi di uso per scoprire di pi\u00f9 riguardo le funzioni di Zenkit e su come possano aiutare il tuo team.","breadcrumb":{"@id":"https:\/\/zenkit.com\/it\/casi-duso\/#breadcrumb"},"inLanguage":"it-IT","potentialAction":[{"@type":"ReadAction","target":["https:\/\/zenkit.com\/it\/casi-duso\/"]}]},{"@type":"BreadcrumbList","@id":"https:\/\/zenkit.com\/it\/casi-duso\/#breadcrumb","itemListElement":[{"@type":"ListItem","position":1,"name":"Home","item":"https:\/\/zenkit.com\/it\/"},{"@type":"ListItem","position":2,"name":"Casi d\u2019uso"}]},{"@type":"WebSite","@id":"https:\/\/zenkit.com\/it\/#website","url":"https:\/\/zenkit.com\/it\/","name":"Zenkit","description":"Zenkit Tagline","potentialAction":[{"@type":"SearchAction","target":{"@type":"EntryPoint","urlTemplate":"https:\/\/zenkit.com\/it\/?s={search_term_string}"},"query-input":{"@type":"PropertyValueSpecification","valueRequired":true,"valueName":"search_term_string"}}],"inLanguage":"it-IT"},false]}},"yasr_visitor_votes":{"stars_attributes":{"read_only":false,"span_bottom":false},"number_of_votes":0,"sum_votes":0},"_links":{"self":[{"href":"https:\/\/zenkit.com\/it\/wp-json\/wp\/v2\/pages\/11327","targetHints":{"allow":["GET"]}}],"collection":[{"href":"https:\/\/zenkit.com\/it\/wp-json\/wp\/v2\/pages"}],"about":[{"href":"https:\/\/zenkit.com\/it\/wp-json\/wp\/v2\/types\/page"}],"author":[{"embeddable":true,"href":"https:\/\/zenkit.com\/it\/wp-json\/wp\/v2\/users\/1"}],"replies":[{"embeddable":true,"href":"https:\/\/zenkit.com\/it\/wp-json\/wp\/v2\/comments?post=11327"}],"version-history":[{"count":4,"href":"https:\/\/zenkit.com\/it\/wp-json\/wp\/v2\/pages\/11327\/revisions"}],"predecessor-version":[{"id":138588,"href":"https:\/\/zenkit.com\/it\/wp-json\/wp\/v2\/pages\/11327\/revisions\/138588"}],"wp:attachment":[{"href":"https:\/\/zenkit.com\/it\/wp-json\/wp\/v2\/media?parent=11327"}],"curies":[{"name":"wp","href":"https:\/\/api.w.org\/{rel}","templated":true}]}}