{"id":11339,"date":"2018-06-17T18:58:24","date_gmt":"2018-06-17T16:58:24","guid":{"rendered":"https:\/\/zenkit.com?page_id=11339"},"modified":"2025-09-08T03:36:52","modified_gmt":"2025-09-08T01:36:52","slug":"gamello-digitale","status":"publish","type":"page","link":"https:\/\/zenkit.com\/it\/gamello-digitale\/","title":{"rendered":"Gemello Digitale Zenkit"},"content":{"rendered":"\n<div class=\"wp-block-group has-global-padding is-layout-constrained wp-block-group-is-layout-constrained\">\n<div class=\"wp-block-group width--950 has-global-padding is-layout-constrained wp-block-group-is-layout-constrained\">\n<div style=\"height:45px;--tablet-height:45px;--mobile-height:16px\" class=\"wp-block-lookeen-blocks-responsive-spacer\"><\/div>\n\n\n\n<div class=\"wp-block-group has-global-padding is-layout-constrained wp-block-group-is-layout-constrained\">\n<h1 class=\"wp-block-heading has-text-align-center\" style=\"margin-bottom:8px\">Zenkit: Il tuo Gemello Digitale<\/h1>\n<\/div>\n\n\n\n<div class=\"wp-block-group has-global-padding is-layout-constrained wp-block-group-is-layout-constrained\">\n<p class=\"has-text-align-center subheading\">Cos\u2019\u00e8 un Gemello Digitale?<\/p>\n\n\n\n<p class=\"has-text-align-center\">Il temine Gemello Digitale \u00e8 ben noto nel settore dell\u2019industria. Esso consiste in una esatta replica digitale di una risorsa o processo, nei minimi dettagli.Organizzazioni industriali, di manifattura e di produzione hanno gi\u00e0 compreso i numerevoli benefici derivanti dal possesso di un gemello digitale delle loro risorse fisiche:riduzione dei costi, miglior verifica delle possibilit\u00e0, una ottimizzata organizzazione della manutenzione ed una snella pianificazione della produzione.<\/p>\n<\/div>\n\n\n\n<div style=\"height:48px;--tablet-height:48px;--mobile-height:36px\" class=\"wp-block-lookeen-blocks-responsive-spacer\"><\/div>\n<\/div>\n<\/div>\n\n\n\n<div class=\"wp-block-group has-global-padding is-layout-constrained wp-container-core-group-is-layout-bea02a06 wp-block-group-is-layout-constrained\">\n<h2 class=\"wp-block-heading has-text-align-center\">Come pu\u00f2 avvantaggiarmi un gemello digitale?<\/h2>\n\n\n\n<p class=\"has-text-align-center\" style=\"margin-bottom:0px\">Pu\u00f2 un concetto simile a quello del gemello digitale essere usato per realizzare paragoni efficienti nei processi del business?<\/p>\n\n\n\n<p class=\"has-text-align-center\">Al momento, le informazioni del business delle organizzazioni sono immagazzinate in molteplici database e silos: SAP, Trello, Google Drive, Salesforce ecc. Ci\u00f2 non crea un gemello, ma una cruda amalgama che forma solo una grezza rappresentazione di ci\u00f2 che realmente \u00e8 la tua organizzazione. Sei forzato ad utilizzare strumenti cos\u00ec come sono stati concepiti, invece di riflettere in maniera digitale sulla natura dei tuoi processi di business e flussi di lavoro.<\/p>\n\n\n\n<p class=\"has-text-align-center\">Se i tuoi processi non sono conformi ai Software disponibili, le strade da prendere sono: cambiare la modalit\u00e0 di gestione del business, oppure creare il tuo Software personalizzato, che per\u00f2 comporta costi elevati.<\/p>\n\n\n\n<p class=\"has-text-align-center\" style=\"margin-bottom:0px\">Zenkit \u00e8 un nuovo tipo di Software che ti permette di creare il tuo gemello digitale per i processi e flussi di lavoro della tua organizzazione. \u00c8 una soluzione di gemello digitale che crea un modello che rispecchia ogni aspetto del tuo business, e permette di tracciare sviluppi in tempo reale.<\/p>\n<\/div>\n\n\n\n<div class=\"wp-block-group has-global-padding is-layout-constrained wp-container-core-group-is-layout-bea02a06 wp-block-group-is-layout-constrained\">\n<div style=\"height:88px;--tablet-height:72px;--mobile-height:36px\" class=\"wp-block-lookeen-blocks-responsive-spacer\"><\/div>\n\n\n\n<h2 class=\"wp-block-heading has-text-align-center\">Il tuo Gemello Digitale<\/h2>\n\n\n\n<p class=\"has-text-align-center\" style=\"margin-bottom:0px\">Con Zenkit, Software costosi personalizzati o scomode sincronizzazioni tra differenti strumenti, sono cose del passato. Ora puoi personalizzare Zenkit per ricostruire accuratamente i processi e flussi di lavoro della tua compagnia senza dover scrivere nemmeno una stringa di codice.<\/p>\n\n\n\n<p class=\"has-text-align-center\" style=\"margin-bottom:0px\">Usando funzioni innovative e una potente tecnologia di database, puoi facilmente creare un gemello digitale per organizzare e connettere ogni singolo aspetto del tuo business.<\/p>\n\n\n\n<div style=\"height:88px;--tablet-height:72px;--mobile-height:36px\" class=\"wp-block-lookeen-blocks-responsive-spacer\"><\/div>\n<\/div>\n\n\n\n<div class=\"wp-block-group has-global-padding is-layout-constrained wp-block-group-is-layout-constrained\">\n<h2 class=\"wp-block-heading has-text-align-center\">Costruisci i tuoi sistemi<\/h2>\n\n\n\n<div class=\"wp-block-columns is-layout-flex wp-container-core-columns-is-layout-28f84493 wp-block-columns-is-layout-flex\">\n<div class=\"wp-block-column is-layout-flow wp-container-core-column-is-layout-8eebadab wp-block-column-is-layout-flow\">\n<div class=\"wp-block-group has-global-padding is-layout-constrained wp-block-group-is-layout-constrained\">\n<p class=\"has-text-align-center\">Costruisci gli strumenti che ti servono, esattamente come tu desideri usarli. Ogni collection in Zenkit \u00e8 totalmente personalizzabile \u2013 tu definisci quali informazioni vuoi tracciare, come sono mostrate, chi vi pu\u00f2 accedere e molto ancora.<\/p>\n\n\n\n<p class=\"has-text-align-center\">Campi totalmente personalizzabili significa che puoi portare ogni area della tua compagnia in un unico posto: clienti, documenti, ricevute, progetti, risorse, eventi\u2026La tecnologa di database di Zenkit ti aiuta a connettere tutti questi aspetti per poter iniziare a fare uso dell\u2019enorme potenziale della sinergia fra di essi.<\/p>\n\n\n\n<p class=\"has-text-align-center\">Puoi creare le&nbsp; \u201cvisualizzazioni\u201d dei tuoi dati, cos\u00ec da avere sempre il giusto strumento per il lavoro. Usa un calendario per pianificare gli incarichi, vedi una Lavagna Kanabn degli incarichi assegnati solo a te, o traccia importanti metriche usando formule in una tabella.<\/p>\n\n\n\n<p class=\"has-text-align-center\">Zenkit pu\u00f2 essere un gemello digitale per chiunque, qualsiasi workspace, e per qualsiasi scopo.<\/p>\n<\/div>\n<\/div>\n\n\n\n<div class=\"wp-block-column is-layout-flow wp-container-core-column-is-layout-8eebadab wp-block-column-is-layout-flow\">\n<div class=\"wp-block-group has-global-padding is-layout-constrained wp-block-group-is-layout-constrained\">\n<h3 class=\"wp-block-heading has-text-align-center\">Gestione del Progetto<\/h3>\n\n\n\n<p class=\"has-text-align-center\">Collabora a progetti e tracciali in tempo reale, assegna incarichi ai membri del workspace, sfrutta i commenti e @menziona per discutere incarichi e fornire feedback. Lavora assieme allo stesso progetto da qualsiasi dispositivo, in qualsiasi momento.<\/p>\n<\/div>\n\n\n\n<div class=\"wp-block-group has-global-padding is-layout-constrained wp-block-group-is-layout-constrained\">\n<h3 class=\"wp-block-heading has-text-align-center\">Gestione delle relazioni con il cliente<\/h3>\n\n\n\n<p class=\"has-text-align-center\">Utilizza Zenkit per immagazzinare i tuoi dati, tracciare potenziali clienti, gestire i canali di vendita e compiacere clienti esistenti. Connetti i tuoi clienti direttamente con le loro ricevute, progetti e comunicazioni.<\/p>\n<\/div>\n\n\n\n<div class=\"wp-block-group has-global-padding is-layout-constrained wp-block-group-is-layout-constrained\">\n<h3 class=\"wp-block-heading has-text-align-center\">Sistema di gestione dei contenuti<\/h3>\n\n\n\n<p class=\"has-text-align-center\">Allega facilmente documenti dal tuo desktop, o dai tuoi strumenti preferiti di archiviazione dati come Dropbox, Google Drive, eBox. Condividi documenti con colleghi di altri dipartimenti, accedi ad appunti, immagini, file, ovunque ed in qualsiasi momento.<\/p>\n<\/div>\n\n\n\n<div class=\"wp-block-group has-global-padding is-layout-constrained wp-block-group-is-layout-constrained\">\n<h3 class=\"wp-block-heading has-text-align-center\">Gestore delle risorse umane<\/h3>\n\n\n\n<p class=\"has-text-align-center\">Crea e mantieni un database completo dei dipendenti, apri canali per comunicazione interna e resoconti, crea risorse per l\u2019onboarding, gestisci le domande di lavoro, registra le prestazioni, gestisci gli stipendi e tanto altro.<\/p>\n<\/div>\n<\/div>\n<\/div>\n\n\n\n<div style=\"height:88px;--tablet-height:72px;--mobile-height:36px\" class=\"wp-block-lookeen-blocks-responsive-spacer\"><\/div>\n<\/div>\n\n\n\n<div class=\"wp-block-group has-da-blue-light-background-color has-background has-global-padding is-layout-constrained wp-container-core-group-is-layout-bea02a06 wp-block-group-is-layout-constrained\">\n<div style=\"height:88px;--tablet-height:72px;--mobile-height:36px\" class=\"wp-block-lookeen-blocks-responsive-spacer\"><\/div>\n\n\n\n<h2 class=\"wp-block-heading has-text-align-center\">Crea subito il tuo gemello digitale !<\/h2>\n\n\n\n<p class=\"has-text-align-center\">Chiedi al nostro team di esperti come costruire assieme il gemello digitale della vostra organizzare!<\/p>\n\n\n\n<p class=\"has-text-align-center\" style=\"margin-bottom:0px\"><a href=\"mailto:service@zenkit.com\">contatto<\/a><\/p>\n\n\n\n<div style=\"height:88px;--tablet-height:72px;--mobile-height:36px\" class=\"wp-block-lookeen-blocks-responsive-spacer\"><\/div>\n<\/div>\n\n\n\n<div class=\"wp-block-group has-global-padding is-layout-constrained wp-container-core-group-is-layout-bea02a06 wp-block-group-is-layout-constrained\">\n<div style=\"height:88px;--tablet-height:72px;--mobile-height:36px\" class=\"wp-block-lookeen-blocks-responsive-spacer\"><\/div>\n\n\n\n<h2 class=\"wp-block-heading has-text-align-center\">Il futuro del Gemello Digitale di Zenkit<\/h2>\n\n\n\n<p class=\"has-text-align-center\" style=\"margin-bottom:0px\">Noi pensiamo a lungo termine. Il nostro obiettivo non \u00e8 di essere il tuo gemello per i prossimi 10 anni, ma per i prossimi 100 o persino 500! Il nostro scopo \u00e8 di rendere Zenkit un sistema semplice ed amichevole, che le persone possano usare non solo per gestire il loro business, ma quasi ogni aspetto della loro vita. Non un prodotto ma pi\u00f9 una forza di base, come l\u2019 aria, l\u2019 acqua e l\u2019 elettricit\u00e0. Lavoreremo per raggiungere questa meta rendendo l\u2019interazione con la tecnologia di Zenkit ancora pi\u00f9 fluida ed integrata nella tua vita.<\/p>\n<\/div>\n\n\n\n<div style=\"height:110px;--tablet-height:60px;--mobile-height:48px\" class=\"wp-block-lookeen-blocks-responsive-spacer\"><\/div>\n","protected":false},"excerpt":{"rendered":"<p>Zenkit: Il tuo Gemello Digitale Cos\u2019\u00e8 un Gemello Digitale? Il temine Gemello Digitale \u00e8 ben noto nel settore dell\u2019industria. Esso consiste in una esatta replica digitale di una risorsa o processo, nei minimi dettagli.Organizzazioni industriali, di manifattura e di produzione hanno gi\u00e0 compreso i numerevoli benefici derivanti dal possesso di un gemello digitale delle loro [&hellip;]<\/p>\n","protected":false},"author":1,"featured_media":0,"parent":0,"menu_order":1,"comment_status":"closed","ping_status":"closed","template":"","meta":{"yasr_overall_rating":0,"yasr_post_is_review":"","yasr_auto_insert_disabled":"","yasr_review_type":"","footnotes":""},"class_list":["post-11339","page","type-page","status-publish","hentry"],"yoast_head":"<!-- This site is optimized with the Yoast SEO plugin v27.3 - https:\/\/yoast.com\/product\/yoast-seo-wordpress\/ -->\n<title>Gemello Digitale | Zenkit<\/title>\n<meta name=\"description\" content=\"Zenkit \u00e8 un nuovo tipo di software che consente di creare un gemello digitale dei processi e flussi di lavoro della tua azienda. Crea subito il tuo gemello digitale.\" \/>\n<meta name=\"robots\" content=\"index, follow, max-snippet:-1, max-image-preview:large, max-video-preview:-1\" \/>\n<link rel=\"canonical\" href=\"https:\/\/zenkit.com\/it\/gamello-digitale\/\" \/>\n<meta property=\"og:locale\" content=\"it_IT\" \/>\n<meta property=\"og:type\" content=\"article\" \/>\n<meta property=\"og:title\" content=\"Gemello Digitale | Zenkit\" \/>\n<meta property=\"og:description\" content=\"Zenkit \u00e8 un nuovo tipo di software che consente di creare un gemello digitale dei processi e flussi di lavoro della tua azienda. Crea subito il tuo gemello digitale.\" \/>\n<meta property=\"og:url\" content=\"https:\/\/zenkit.com\/it\/gamello-digitale\/\" \/>\n<meta property=\"og:site_name\" content=\"Zenkit\" \/>\n<meta property=\"article:publisher\" content=\"https:\/\/www.facebook.com\/ZenkitHQ\" \/>\n<meta property=\"article:modified_time\" content=\"2025-09-08T01:36:52+00:00\" \/>\n<meta name=\"twitter:card\" content=\"summary_large_image\" \/>\n<meta name=\"twitter:site\" content=\"@ZenkitHQ\" \/>\n<meta name=\"twitter:label1\" content=\"Tempo di lettura stimato\" \/>\n\t<meta name=\"twitter:data1\" content=\"4 minuti\" \/>\n<script type=\"application\/ld+json\" class=\"yoast-schema-graph\">{\"@context\":\"https:\\\/\\\/schema.org\",\"@graph\":[{\"@type\":\"WebPage\",\"@id\":\"https:\\\/\\\/zenkit.com\\\/it\\\/gamello-digitale\\\/\",\"url\":\"https:\\\/\\\/zenkit.com\\\/it\\\/gamello-digitale\\\/\",\"name\":\"Gemello Digitale | Zenkit\",\"isPartOf\":{\"@id\":\"https:\\\/\\\/zenkit.com\\\/it\\\/#website\"},\"datePublished\":\"2018-06-17T16:58:24+00:00\",\"dateModified\":\"2025-09-08T01:36:52+00:00\",\"description\":\"Zenkit \u00e8 un nuovo tipo di software che consente di creare un gemello digitale dei processi e flussi di lavoro della tua azienda. Crea subito il tuo gemello digitale.\",\"breadcrumb\":{\"@id\":\"https:\\\/\\\/zenkit.com\\\/it\\\/gamello-digitale\\\/#breadcrumb\"},\"inLanguage\":\"it-IT\",\"potentialAction\":[{\"@type\":\"ReadAction\",\"target\":[\"https:\\\/\\\/zenkit.com\\\/it\\\/gamello-digitale\\\/\"]}]},{\"@type\":\"BreadcrumbList\",\"@id\":\"https:\\\/\\\/zenkit.com\\\/it\\\/gamello-digitale\\\/#breadcrumb\",\"itemListElement\":[{\"@type\":\"ListItem\",\"position\":1,\"name\":\"Home\",\"item\":\"https:\\\/\\\/zenkit.com\\\/it\\\/\"},{\"@type\":\"ListItem\",\"position\":2,\"name\":\"Gemello Digitale Zenkit\"}]},{\"@type\":\"WebSite\",\"@id\":\"https:\\\/\\\/zenkit.com\\\/it\\\/#website\",\"url\":\"https:\\\/\\\/zenkit.com\\\/it\\\/\",\"name\":\"Zenkit\",\"description\":\"Zenkit Tagline\",\"potentialAction\":[{\"@type\":\"SearchAction\",\"target\":{\"@type\":\"EntryPoint\",\"urlTemplate\":\"https:\\\/\\\/zenkit.com\\\/it\\\/?s={search_term_string}\"},\"query-input\":{\"@type\":\"PropertyValueSpecification\",\"valueRequired\":true,\"valueName\":\"search_term_string\"}}],\"inLanguage\":\"it-IT\"},false]}<\/script>\n<!-- \/ Yoast SEO plugin. -->","yoast_head_json":{"title":"Gemello Digitale | Zenkit","description":"Zenkit \u00e8 un nuovo tipo di software che consente di creare un gemello digitale dei processi e flussi di lavoro della tua azienda. Crea subito il tuo gemello digitale.","robots":{"index":"index","follow":"follow","max-snippet":"max-snippet:-1","max-image-preview":"max-image-preview:large","max-video-preview":"max-video-preview:-1"},"canonical":"https:\/\/zenkit.com\/it\/gamello-digitale\/","og_locale":"it_IT","og_type":"article","og_title":"Gemello Digitale | Zenkit","og_description":"Zenkit \u00e8 un nuovo tipo di software che consente di creare un gemello digitale dei processi e flussi di lavoro della tua azienda. Crea subito il tuo gemello digitale.","og_url":"https:\/\/zenkit.com\/it\/gamello-digitale\/","og_site_name":"Zenkit","article_publisher":"https:\/\/www.facebook.com\/ZenkitHQ","article_modified_time":"2025-09-08T01:36:52+00:00","twitter_card":"summary_large_image","twitter_site":"@ZenkitHQ","twitter_misc":{"Tempo di lettura stimato":"4 minuti"},"schema":{"@context":"https:\/\/schema.org","@graph":[{"@type":"WebPage","@id":"https:\/\/zenkit.com\/it\/gamello-digitale\/","url":"https:\/\/zenkit.com\/it\/gamello-digitale\/","name":"Gemello Digitale | Zenkit","isPartOf":{"@id":"https:\/\/zenkit.com\/it\/#website"},"datePublished":"2018-06-17T16:58:24+00:00","dateModified":"2025-09-08T01:36:52+00:00","description":"Zenkit \u00e8 un nuovo tipo di software che consente di creare un gemello digitale dei processi e flussi di lavoro della tua azienda. Crea subito il tuo gemello digitale.","breadcrumb":{"@id":"https:\/\/zenkit.com\/it\/gamello-digitale\/#breadcrumb"},"inLanguage":"it-IT","potentialAction":[{"@type":"ReadAction","target":["https:\/\/zenkit.com\/it\/gamello-digitale\/"]}]},{"@type":"BreadcrumbList","@id":"https:\/\/zenkit.com\/it\/gamello-digitale\/#breadcrumb","itemListElement":[{"@type":"ListItem","position":1,"name":"Home","item":"https:\/\/zenkit.com\/it\/"},{"@type":"ListItem","position":2,"name":"Gemello Digitale Zenkit"}]},{"@type":"WebSite","@id":"https:\/\/zenkit.com\/it\/#website","url":"https:\/\/zenkit.com\/it\/","name":"Zenkit","description":"Zenkit Tagline","potentialAction":[{"@type":"SearchAction","target":{"@type":"EntryPoint","urlTemplate":"https:\/\/zenkit.com\/it\/?s={search_term_string}"},"query-input":{"@type":"PropertyValueSpecification","valueRequired":true,"valueName":"search_term_string"}}],"inLanguage":"it-IT"},false]}},"yasr_visitor_votes":{"stars_attributes":{"read_only":false,"span_bottom":false},"number_of_votes":0,"sum_votes":0},"_links":{"self":[{"href":"https:\/\/zenkit.com\/it\/wp-json\/wp\/v2\/pages\/11339","targetHints":{"allow":["GET"]}}],"collection":[{"href":"https:\/\/zenkit.com\/it\/wp-json\/wp\/v2\/pages"}],"about":[{"href":"https:\/\/zenkit.com\/it\/wp-json\/wp\/v2\/types\/page"}],"author":[{"embeddable":true,"href":"https:\/\/zenkit.com\/it\/wp-json\/wp\/v2\/users\/1"}],"replies":[{"embeddable":true,"href":"https:\/\/zenkit.com\/it\/wp-json\/wp\/v2\/comments?post=11339"}],"version-history":[{"count":3,"href":"https:\/\/zenkit.com\/it\/wp-json\/wp\/v2\/pages\/11339\/revisions"}],"predecessor-version":[{"id":138522,"href":"https:\/\/zenkit.com\/it\/wp-json\/wp\/v2\/pages\/11339\/revisions\/138522"}],"wp:attachment":[{"href":"https:\/\/zenkit.com\/it\/wp-json\/wp\/v2\/media?parent=11339"}],"curies":[{"name":"wp","href":"https:\/\/api.w.org\/{rel}","templated":true}]}}