{"id":11429,"date":"2018-06-18T13:29:15","date_gmt":"2018-06-18T11:29:15","guid":{"rendered":"https:\/\/zenkit.com?page_id=11429"},"modified":"2025-11-23T19:53:59","modified_gmt":"2025-11-23T18:53:59","slug":"kanban","status":"publish","type":"page","link":"https:\/\/zenkit.com\/it\/soluzioni\/kanban\/","title":{"rendered":"Kanban"},"content":{"rendered":"\n<div class=\"wp-block-group has-global-padding is-layout-constrained wp-block-group-is-layout-constrained\">\n<div class=\"wp-block-group width--950 has-global-padding is-layout-constrained wp-block-group-is-layout-constrained\">\n<div style=\"height:45px;--tablet-height:45px;--mobile-height:16px\" class=\"wp-block-lookeen-blocks-responsive-spacer\"><\/div>\n\n\n\n<div class=\"wp-block-group has-global-padding is-layout-constrained wp-block-group-is-layout-constrained\">\n<h1 class=\"wp-block-heading has-text-align-center\" style=\"margin-bottom:8px\">Crea una lavagna Kanban per organizzare i tuoi progetti<\/h1>\n<\/div>\n\n\n\n<div class=\"wp-block-group has-global-padding is-layout-constrained wp-block-group-is-layout-constrained\">\n<p class=\"has-text-align-center subheading\">Un modo visivo per controllare i progressi dei tuoi progetti, categorizzare in maniera intuitiva i compiti,e spostarli dalla lista \u201cTo-Do\u201d a \u201ccompletato\u201d.<\/p>\n<\/div>\n\n\n\n<div style=\"height:48px;--tablet-height:48px;--mobile-height:36px\" class=\"wp-block-lookeen-blocks-responsive-spacer\"><\/div>\n<\/div>\n<\/div>\n\n\n\n<div class=\"wp-block-group has-global-padding is-layout-constrained wp-block-group-is-layout-constrained\">\n<div class=\"wp-block-group application__grid has-global-padding is-layout-constrained wp-block-group-is-layout-constrained\">\n<div class=\"wp-block-group application__box has-global-padding is-layout-constrained wp-block-group-is-layout-constrained\" style=\"border-radius:20px\">\n<i class=\"zi zi-mode-list\"><\/i>\n\n\n\n<h3 class=\"wp-block-heading has-text-align-center card__title\" style=\"font-size:20px\">Organizza per qualsiasi categoria<\/h3>\n\n\n\n<p class=\"has-text-align-center has-da-grey-1-color has-text-color has-link-color wp-elements-941f7d744f3bdabe512e7d7a443968b5\" style=\"margin-bottom:16px\">Scegli come visualizzare la tua lavagna Kanban cos\u00ec che sia in linea con le tue necessit\u00e0. Visualizza i compiti secondo l\u2019avanzamento, priorit\u00e0, posizione, tipologia di compito e tanto altro. \u00c8 possibile cambiare in qualsiasi momento.<\/p>\n<\/div>\n\n\n\n<div class=\"wp-block-group application__box has-global-padding is-layout-constrained wp-block-group-is-layout-constrained\" style=\"border-radius:20px\">\n<i class=\"zi zi-mode-list\"><\/i>\n\n\n\n<h3 class=\"wp-block-heading has-text-align-center card__title\" style=\"font-size:20px\">Corsie e file<\/h3>\n\n\n\n<p class=\"has-text-align-center has-da-grey-1-color has-text-color has-link-color wp-elements-8f77777ca8a372179bece3f126a75476\" style=\"margin-bottom:16px\">Usa qualsiasi etichetta o campo membro per posizionare la tua lavagna Kanban orizzontalmente o verticalmente. Controlla l\u2019avanzamento del lavoro membro per membro oppure crea una matrice prioritaria.<\/p>\n<\/div>\n\n\n\n<div class=\"wp-block-group application__box has-global-padding is-layout-constrained wp-block-group-is-layout-constrained\" style=\"border-radius:20px\">\n<i class=\"zi zi-mode-list\"><\/i>\n\n\n\n<h3 class=\"wp-block-heading has-text-align-center card__title\" style=\"font-size:20px\">Traccia collaborazioni<\/h3>\n\n\n\n<p class=\"has-text-align-center has-da-grey-1-color has-text-color has-link-color wp-elements-5db99b129dd0b711735144684a4a8691\" style=\"margin-bottom:16px\">Visualizza i compiti a seconda della persona assegnatavi. Cambia facilmente i compiti passandoli da un membro all\u2019altro.<\/p>\n<\/div>\n<\/div>\n<\/div>\n\n\n\n<div class=\"wp-block-group has-global-padding is-layout-constrained wp-block-group-is-layout-constrained\">\n<div style=\"height:88px;--tablet-height:72px;--mobile-height:36px\" class=\"wp-block-lookeen-blocks-responsive-spacer\"><\/div>\n\n\n\n<h2 class=\"wp-block-heading has-text-align-center\">Cosa rende diversa la lavagna Kanban di Zenkit?<\/h2>\n\n\n\n<p class=\"has-text-align-center\">La maggior parte delle bacheche Kanban sono un ottimo modo per tracciare visivamente i progressi del progetto, individuare i colli di bottiglia e pianificare i progressi. Ma cosa succede se preferisci vedere le tue attivit\u00e0 categorizzate per priorit\u00e0? O se desideri una panoramica intuitiva di chi sta facendo cosa?<\/p>\n\n\n\n<p class=\"has-text-align-center\">In Zenkit, puoi sempre cambiare come viene visualizzata la tua bacheca Kanban. Scegli la categoria su cui ordinare le liste. Aggiungi swimlanes per creare una matrice. Visualizza quante o poche informazioni desideri.<\/p>\n\n\n\n<p class=\"has-text-align-center\">Zenkit \u00e8 anche un software per flussi di lavoro facile da usare. Puoi creare i tuoi flussi di lavoro personalizzati e anche modelli di flussi di lavoro, che tu stia usando un flusso di lavoro sequenziale o qualcosa di pi\u00f9 complesso, Zenkit pu\u00f2 gestirlo con la sua vista Kanban flessibile.<\/p>\n\n\n\n<div style=\"height:88px;--tablet-height:72px;--mobile-height:36px\" class=\"wp-block-lookeen-blocks-responsive-spacer\"><\/div>\n<\/div>\n\n\n\n<div class=\"wp-block-group has-da-blue-light-background-color has-background has-global-padding is-layout-constrained wp-container-core-group-is-layout-bea02a06 wp-block-group-is-layout-constrained\">\n<div style=\"height:88px;--tablet-height:72px;--mobile-height:36px\" class=\"wp-block-lookeen-blocks-responsive-spacer\"><\/div>\n\n\n\n<h2 class=\"wp-block-heading has-text-align-center\">Apprezzato da centinaia di team in tutto il mondo<\/h2>\n\n\n\n<p class=\"has-text-align-center\">Non perdere mai pi\u00f9 tempo a cercare tra le email, a cambiare tra le app e a duplicare il lavoro. Monitora tutti i tuoi progetti in un unico posto con Zenkit.<\/p>\n\n\n\n<p>Non cambiare il modo in cui lavori per adattarti agli strumenti. Lavora con uno strumento che si adatta al tuo flusso di lavoro, al tuo team e ai tuoi progetti.<\/p>\n\n\n\n<p class=\"has-text-align-center\">Usa uno strumento che non solo ti aiuta a gestire i tuoi progetti, ma rende facile gestire ogni aspetto della tua attivit\u00e0.<\/p>\n\n\n\n<div style=\"height:88px;--tablet-height:72px;--mobile-height:36px\" class=\"wp-block-lookeen-blocks-responsive-spacer\"><\/div>\n<\/div>\n\n\n\n<div style=\"height:88px;--tablet-height:72px;--mobile-height:36px\" class=\"wp-block-lookeen-blocks-responsive-spacer\"><\/div>\n\n\n\n<div class=\"wp-block-group has-global-padding is-layout-constrained wp-container-core-group-is-layout-bea02a06 wp-block-group-is-layout-constrained\">\n<h2 class=\"wp-block-heading has-text-align-center\">Lavora con gli strumenti che gi\u00e0 usi<\/h2>\n\n\n\n<p class=\"has-text-align-center\" style=\"margin-bottom:0px\">Zenkit pu\u00f2 inviare e ricevere informazioni dalle altre app che usi, cos\u00ec il tuo lavoro sar\u00e0 finalmente tutto in un unico posto. Grazie a Zapier, Zenkit pu\u00f2 connettersi con oltre altri 1000 servizi.<\/p>\n\n\n\n<div style=\"height:48px;--tablet-height:36px;--mobile-height:24px\" class=\"wp-block-lookeen-blocks-responsive-spacer\"><\/div>\n\n\n\n<div class=\"wp-block-group has-global-padding is-layout-constrained wp-container-core-group-is-layout-a099c240 wp-block-group-is-layout-constrained\">\n<div class=\"wp-block-group is-content-justification-center is-layout-flex wp-container-core-group-is-layout-635e4504 wp-block-group-is-layout-flex\">\n<figure class=\"wp-block-image size-full is-resized\"><a href=\"https:\/\/zenkit.com\/it\/integrazioni\/google-sheets\/\"><img loading=\"lazy\" decoding=\"async\" width=\"128\" height=\"128\" src=\"https:\/\/zenkit.com\/wp-content\/uploads\/2025\/05\/google-sheets-logo.webp\" alt=\"google-sheets\" class=\"wp-image-112045\" style=\"width:80px\"\/><\/a><\/figure>\n\n\n\n<figure class=\"wp-block-image size-full is-resized\"><a href=\"https:\/\/zenkit.com\/it\/integrazioni\/evernote\/\"><img loading=\"lazy\" decoding=\"async\" width=\"360\" height=\"360\" src=\"https:\/\/zenkit.com\/wp-content\/uploads\/2025\/05\/evernote-logo.webp\" alt=\"evernote\" class=\"wp-image-112035\" style=\"width:80px\" srcset=\"https:\/\/zenkit.com\/wp-content\/uploads\/2025\/05\/evernote-logo.webp 360w, https:\/\/zenkit.com\/wp-content\/uploads\/2025\/05\/evernote-logo-300x300.webp 300w, https:\/\/zenkit.com\/wp-content\/uploads\/2025\/05\/evernote-logo-150x150.webp 150w\" sizes=\"auto, (max-width: 360px) 100vw, 360px\" \/><\/a><\/figure>\n\n\n\n<figure class=\"wp-block-image size-full is-resized\"><a href=\"https:\/\/zenkit.com\/it\/integrazioni\/googlecalendar-zenkit\/\"><img loading=\"lazy\" decoding=\"async\" width=\"128\" height=\"128\" src=\"https:\/\/zenkit.com\/wp-content\/uploads\/2025\/05\/google-calendar-logo.webp\" alt=\"google-calender\" class=\"wp-image-112055\" style=\"width:80px\"\/><\/a><\/figure>\n\n\n\n<figure class=\"wp-block-image size-full is-resized\"><a href=\"https:\/\/zenkit.com\/it\/trello\/\"><img loading=\"lazy\" decoding=\"async\" width=\"280\" height=\"280\" src=\"https:\/\/zenkit.com\/wp-content\/uploads\/2025\/05\/trello-logo-1.webp\" alt=\"trello logo\" class=\"wp-image-112107\" style=\"width:80px\" srcset=\"https:\/\/zenkit.com\/wp-content\/uploads\/2025\/05\/trello-logo-1.webp 280w, https:\/\/zenkit.com\/wp-content\/uploads\/2025\/05\/trello-logo-1-150x150.webp 150w\" sizes=\"auto, (max-width: 280px) 100vw, 280px\" \/><\/a><\/figure>\n\n\n\n<figure class=\"wp-block-image size-full is-resized\"><a href=\"https:\/\/zenkit.com\/it\/integrazioni\/asana\/\"><img loading=\"lazy\" decoding=\"async\" width=\"280\" height=\"280\" src=\"https:\/\/zenkit.com\/wp-content\/uploads\/2025\/05\/asana-logo.webp\" alt=\"asana logo\" class=\"wp-image-112117\" style=\"width:80px\" srcset=\"https:\/\/zenkit.com\/wp-content\/uploads\/2025\/05\/asana-logo.webp 280w, https:\/\/zenkit.com\/wp-content\/uploads\/2025\/05\/asana-logo-150x150.webp 150w\" sizes=\"auto, (max-width: 280px) 100vw, 280px\" \/><\/a><\/figure>\n\n\n\n<figure class=\"wp-block-image size-full is-resized\"><a href=\"https:\/\/zenkit.com\/it\/integrazioni\/slack\/\"><img loading=\"lazy\" decoding=\"async\" width=\"297\" height=\"297\" src=\"https:\/\/zenkit.com\/wp-content\/uploads\/2025\/05\/slack-logo.webp\" alt=\"slack logo\" class=\"wp-image-112127\" style=\"width:80px\" srcset=\"https:\/\/zenkit.com\/wp-content\/uploads\/2025\/05\/slack-logo.webp 297w, https:\/\/zenkit.com\/wp-content\/uploads\/2025\/05\/slack-logo-150x150.webp 150w\" sizes=\"auto, (max-width: 297px) 100vw, 297px\" \/><\/a><\/figure>\n\n\n\n<figure class=\"wp-block-image size-full is-resized\"><a href=\"https:\/\/zenkit.com\/it\/integrazioni\/gmail\/\"><img loading=\"lazy\" decoding=\"async\" width=\"512\" height=\"512\" src=\"https:\/\/zenkit.com\/wp-content\/uploads\/2025\/05\/Gmail-logo.webp\" alt=\"gmail logo\" class=\"wp-image-112137\" style=\"width:80px\" srcset=\"https:\/\/zenkit.com\/wp-content\/uploads\/2025\/05\/Gmail-logo.webp 512w, https:\/\/zenkit.com\/wp-content\/uploads\/2025\/05\/Gmail-logo-300x300.webp 300w, https:\/\/zenkit.com\/wp-content\/uploads\/2025\/05\/Gmail-logo-150x150.webp 150w\" sizes=\"auto, (max-width: 512px) 100vw, 512px\" \/><\/a><\/figure>\n\n\n\n<figure class=\"wp-block-image size-full is-resized\"><a href=\"https:\/\/zenkit.com\/it\/integrazioni\/sharpspring\/\"><img loading=\"lazy\" decoding=\"async\" width=\"650\" height=\"650\" src=\"https:\/\/zenkit.com\/wp-content\/uploads\/2025\/05\/sharpspring-logo.webp\" alt=\"sharpspring logo\" class=\"wp-image-112147\" style=\"width:80px\" srcset=\"https:\/\/zenkit.com\/wp-content\/uploads\/2025\/05\/sharpspring-logo.webp 650w, https:\/\/zenkit.com\/wp-content\/uploads\/2025\/05\/sharpspring-logo-300x300.webp 300w, https:\/\/zenkit.com\/wp-content\/uploads\/2025\/05\/sharpspring-logo-150x150.webp 150w\" sizes=\"auto, (max-width: 650px) 100vw, 650px\" \/><\/a><\/figure>\n\n\n\n<figure class=\"wp-block-image size-full is-resized\"><a href=\"https:\/\/zenkit.com\/it\/integrazioni\/zapier\/\"><img loading=\"lazy\" decoding=\"async\" width=\"1200\" height=\"1200\" src=\"https:\/\/zenkit.com\/wp-content\/uploads\/2025\/05\/zapier-logo.webp\" alt=\"zapier logo\" class=\"wp-image-112157\" style=\"width:80px\" srcset=\"https:\/\/zenkit.com\/wp-content\/uploads\/2025\/05\/zapier-logo.webp 1200w, https:\/\/zenkit.com\/wp-content\/uploads\/2025\/05\/zapier-logo-300x300.webp 300w, https:\/\/zenkit.com\/wp-content\/uploads\/2025\/05\/zapier-logo-1024x1024.webp 1024w, https:\/\/zenkit.com\/wp-content\/uploads\/2025\/05\/zapier-logo-150x150.webp 150w, https:\/\/zenkit.com\/wp-content\/uploads\/2025\/05\/zapier-logo-768x768.webp 768w\" sizes=\"auto, (max-width: 1200px) 100vw, 1200px\" \/><\/a><\/figure>\n\n\n\n<figure class=\"wp-block-image size-full is-resized\"><a href=\"https:\/\/zenkit.com\/it\/integrazioni\/dropbox\/\"><img loading=\"lazy\" decoding=\"async\" width=\"1026\" height=\"1026\" src=\"https:\/\/zenkit.com\/wp-content\/uploads\/2025\/05\/dropbox-logo.webp\" alt=\"dropbox-logo\" class=\"wp-image-112087\" style=\"width:80px\" srcset=\"https:\/\/zenkit.com\/wp-content\/uploads\/2025\/05\/dropbox-logo.webp 1026w, https:\/\/zenkit.com\/wp-content\/uploads\/2025\/05\/dropbox-logo-300x300.webp 300w, https:\/\/zenkit.com\/wp-content\/uploads\/2025\/05\/dropbox-logo-1024x1024.webp 1024w, https:\/\/zenkit.com\/wp-content\/uploads\/2025\/05\/dropbox-logo-150x150.webp 150w, https:\/\/zenkit.com\/wp-content\/uploads\/2025\/05\/dropbox-logo-768x768.webp 768w\" sizes=\"auto, (max-width: 1026px) 100vw, 1026px\" \/><\/a><\/figure>\n\n\n\n<figure class=\"wp-block-image size-full is-resized\"><a href=\"https:\/\/zenkit.com\/it\/integrazioni\/google-drive\/\"><img loading=\"lazy\" decoding=\"async\" width=\"128\" height=\"128\" src=\"https:\/\/zenkit.com\/wp-content\/uploads\/2025\/05\/google-drive-logo.webp\" alt=\"google-drive logo\" class=\"wp-image-112076\" style=\"width:80px\"\/><\/a><\/figure>\n\n\n\n<figure class=\"wp-block-image size-full is-resized\"><a href=\"https:\/\/zenkit.com\/it\/integrazioni\/box\/\"><img loading=\"lazy\" decoding=\"async\" width=\"625\" height=\"625\" src=\"https:\/\/zenkit.com\/wp-content\/uploads\/2025\/05\/box-logo.webp\" alt=\"box logo\" class=\"wp-image-112097\" style=\"width:80px\" srcset=\"https:\/\/zenkit.com\/wp-content\/uploads\/2025\/05\/box-logo.webp 625w, https:\/\/zenkit.com\/wp-content\/uploads\/2025\/05\/box-logo-300x300.webp 300w, https:\/\/zenkit.com\/wp-content\/uploads\/2025\/05\/box-logo-150x150.webp 150w\" sizes=\"auto, (max-width: 625px) 100vw, 625px\" \/><\/a><\/figure>\n<\/div>\n<\/div>\n<\/div>\n\n\n\n<div style=\"height:110px;--tablet-height:60px;--mobile-height:48px\" class=\"wp-block-lookeen-blocks-responsive-spacer\"><\/div>\n","protected":false},"excerpt":{"rendered":"<p>Crea una lavagna Kanban per organizzare i tuoi progetti Un modo visivo per controllare i progressi dei tuoi progetti, categorizzare in maniera intuitiva i compiti,e spostarli dalla lista \u201cTo-Do\u201d a \u201ccompletato\u201d. Organizza per qualsiasi categoria Scegli come visualizzare la tua lavagna Kanban cos\u00ec che sia in linea con le tue necessit\u00e0. Visualizza i compiti secondo [&hellip;]<\/p>\n","protected":false},"author":1,"featured_media":0,"parent":125994,"menu_order":1,"comment_status":"closed","ping_status":"closed","template":"","meta":{"yasr_overall_rating":0,"yasr_post_is_review":"","yasr_auto_insert_disabled":"","yasr_review_type":"","footnotes":""},"class_list":["post-11429","page","type-page","status-publish","hentry"],"yoast_head":"<!-- This site is optimized with the Yoast SEO plugin v27.4 - https:\/\/yoast.com\/product\/yoast-seo-wordpress\/ -->\n<title>Lavagne Kanban | Zenkit<\/title>\n<meta name=\"description\" content=\"Organizza intuitivamente i progetti usando le Lavagne Kanban in Zenkit. Pianifica tranquillamente il tuo flusso di lavoro, visualizza il tuo progresso e identifica rallentamenti nella visualizzazione Kanban.\" \/>\n<meta name=\"robots\" content=\"index, follow, max-snippet:-1, max-image-preview:large, max-video-preview:-1\" \/>\n<link rel=\"canonical\" href=\"https:\/\/zenkit.com\/it\/soluzioni\/kanban\/\" \/>\n<meta property=\"og:locale\" content=\"it_IT\" \/>\n<meta property=\"og:type\" content=\"article\" \/>\n<meta property=\"og:title\" content=\"Lavagne Kanban | Zenkit\" \/>\n<meta property=\"og:description\" content=\"Organizza intuitivamente i progetti usando le Lavagne Kanban in Zenkit. Pianifica tranquillamente il tuo flusso di lavoro, visualizza il tuo progresso e identifica rallentamenti nella visualizzazione Kanban.\" \/>\n<meta property=\"og:url\" content=\"https:\/\/zenkit.com\/it\/soluzioni\/kanban\/\" \/>\n<meta property=\"og:site_name\" content=\"Zenkit\" \/>\n<meta property=\"article:publisher\" content=\"https:\/\/www.facebook.com\/ZenkitHQ\" \/>\n<meta property=\"article:modified_time\" content=\"2025-11-23T18:53:59+00:00\" \/>\n<meta name=\"twitter:card\" content=\"summary_large_image\" \/>\n<meta name=\"twitter:site\" content=\"@ZenkitHQ\" \/>\n<script type=\"application\/ld+json\" class=\"yoast-schema-graph\">{\"@context\":\"https:\\\/\\\/schema.org\",\"@graph\":[{\"@type\":\"WebPage\",\"@id\":\"https:\\\/\\\/zenkit.com\\\/it\\\/soluzioni\\\/kanban\\\/\",\"url\":\"https:\\\/\\\/zenkit.com\\\/it\\\/soluzioni\\\/kanban\\\/\",\"name\":\"Lavagne Kanban | Zenkit\",\"isPartOf\":{\"@id\":\"https:\\\/\\\/zenkit.com\\\/it\\\/#website\"},\"datePublished\":\"2018-06-18T11:29:15+00:00\",\"dateModified\":\"2025-11-23T18:53:59+00:00\",\"description\":\"Organizza intuitivamente i progetti usando le Lavagne Kanban in Zenkit. Pianifica tranquillamente il tuo flusso di lavoro, visualizza il tuo progresso e identifica rallentamenti nella visualizzazione Kanban.\",\"breadcrumb\":{\"@id\":\"https:\\\/\\\/zenkit.com\\\/it\\\/soluzioni\\\/kanban\\\/#breadcrumb\"},\"inLanguage\":\"it-IT\",\"potentialAction\":[{\"@type\":\"ReadAction\",\"target\":[\"https:\\\/\\\/zenkit.com\\\/it\\\/soluzioni\\\/kanban\\\/\"]}]},{\"@type\":\"BreadcrumbList\",\"@id\":\"https:\\\/\\\/zenkit.com\\\/it\\\/soluzioni\\\/kanban\\\/#breadcrumb\",\"itemListElement\":[{\"@type\":\"ListItem\",\"position\":1,\"name\":\"Home\",\"item\":\"https:\\\/\\\/zenkit.com\\\/it\\\/\"},{\"@type\":\"ListItem\",\"position\":2,\"name\":\"soluzioni\",\"item\":\"https:\\\/\\\/zenkit.com\\\/it\\\/soluzioni\\\/\"},{\"@type\":\"ListItem\",\"position\":3,\"name\":\"Kanban\"}]},{\"@type\":\"WebSite\",\"@id\":\"https:\\\/\\\/zenkit.com\\\/it\\\/#website\",\"url\":\"https:\\\/\\\/zenkit.com\\\/it\\\/\",\"name\":\"Zenkit\",\"description\":\"Zenkit Tagline\",\"potentialAction\":[{\"@type\":\"SearchAction\",\"target\":{\"@type\":\"EntryPoint\",\"urlTemplate\":\"https:\\\/\\\/zenkit.com\\\/it\\\/?s={search_term_string}\"},\"query-input\":{\"@type\":\"PropertyValueSpecification\",\"valueRequired\":true,\"valueName\":\"search_term_string\"}}],\"inLanguage\":\"it-IT\"},false]}<\/script>\n<!-- \/ Yoast SEO plugin. -->","yoast_head_json":{"title":"Lavagne Kanban | Zenkit","description":"Organizza intuitivamente i progetti usando le Lavagne Kanban in Zenkit. Pianifica tranquillamente il tuo flusso di lavoro, visualizza il tuo progresso e identifica rallentamenti nella visualizzazione Kanban.","robots":{"index":"index","follow":"follow","max-snippet":"max-snippet:-1","max-image-preview":"max-image-preview:large","max-video-preview":"max-video-preview:-1"},"canonical":"https:\/\/zenkit.com\/it\/soluzioni\/kanban\/","og_locale":"it_IT","og_type":"article","og_title":"Lavagne Kanban | Zenkit","og_description":"Organizza intuitivamente i progetti usando le Lavagne Kanban in Zenkit. Pianifica tranquillamente il tuo flusso di lavoro, visualizza il tuo progresso e identifica rallentamenti nella visualizzazione Kanban.","og_url":"https:\/\/zenkit.com\/it\/soluzioni\/kanban\/","og_site_name":"Zenkit","article_publisher":"https:\/\/www.facebook.com\/ZenkitHQ","article_modified_time":"2025-11-23T18:53:59+00:00","twitter_card":"summary_large_image","twitter_site":"@ZenkitHQ","schema":{"@context":"https:\/\/schema.org","@graph":[{"@type":"WebPage","@id":"https:\/\/zenkit.com\/it\/soluzioni\/kanban\/","url":"https:\/\/zenkit.com\/it\/soluzioni\/kanban\/","name":"Lavagne Kanban | Zenkit","isPartOf":{"@id":"https:\/\/zenkit.com\/it\/#website"},"datePublished":"2018-06-18T11:29:15+00:00","dateModified":"2025-11-23T18:53:59+00:00","description":"Organizza intuitivamente i progetti usando le Lavagne Kanban in Zenkit. Pianifica tranquillamente il tuo flusso di lavoro, visualizza il tuo progresso e identifica rallentamenti nella visualizzazione Kanban.","breadcrumb":{"@id":"https:\/\/zenkit.com\/it\/soluzioni\/kanban\/#breadcrumb"},"inLanguage":"it-IT","potentialAction":[{"@type":"ReadAction","target":["https:\/\/zenkit.com\/it\/soluzioni\/kanban\/"]}]},{"@type":"BreadcrumbList","@id":"https:\/\/zenkit.com\/it\/soluzioni\/kanban\/#breadcrumb","itemListElement":[{"@type":"ListItem","position":1,"name":"Home","item":"https:\/\/zenkit.com\/it\/"},{"@type":"ListItem","position":2,"name":"soluzioni","item":"https:\/\/zenkit.com\/it\/soluzioni\/"},{"@type":"ListItem","position":3,"name":"Kanban"}]},{"@type":"WebSite","@id":"https:\/\/zenkit.com\/it\/#website","url":"https:\/\/zenkit.com\/it\/","name":"Zenkit","description":"Zenkit Tagline","potentialAction":[{"@type":"SearchAction","target":{"@type":"EntryPoint","urlTemplate":"https:\/\/zenkit.com\/it\/?s={search_term_string}"},"query-input":{"@type":"PropertyValueSpecification","valueRequired":true,"valueName":"search_term_string"}}],"inLanguage":"it-IT"},false]}},"yasr_visitor_votes":{"stars_attributes":{"read_only":false,"span_bottom":false},"number_of_votes":0,"sum_votes":0},"_links":{"self":[{"href":"https:\/\/zenkit.com\/it\/wp-json\/wp\/v2\/pages\/11429","targetHints":{"allow":["GET"]}}],"collection":[{"href":"https:\/\/zenkit.com\/it\/wp-json\/wp\/v2\/pages"}],"about":[{"href":"https:\/\/zenkit.com\/it\/wp-json\/wp\/v2\/types\/page"}],"author":[{"embeddable":true,"href":"https:\/\/zenkit.com\/it\/wp-json\/wp\/v2\/users\/1"}],"replies":[{"embeddable":true,"href":"https:\/\/zenkit.com\/it\/wp-json\/wp\/v2\/comments?post=11429"}],"version-history":[{"count":6,"href":"https:\/\/zenkit.com\/it\/wp-json\/wp\/v2\/pages\/11429\/revisions"}],"predecessor-version":[{"id":174715,"href":"https:\/\/zenkit.com\/it\/wp-json\/wp\/v2\/pages\/11429\/revisions\/174715"}],"up":[{"embeddable":true,"href":"https:\/\/zenkit.com\/it\/wp-json\/wp\/v2\/pages\/125994"}],"wp:attachment":[{"href":"https:\/\/zenkit.com\/it\/wp-json\/wp\/v2\/media?parent=11429"}],"curies":[{"name":"wp","href":"https:\/\/api.w.org\/{rel}","templated":true}]}}