{"id":11434,"date":"2018-06-15T23:02:10","date_gmt":"2018-06-15T21:02:10","guid":{"rendered":"https:\/\/zenkit.com?page_id=11434"},"modified":"2025-09-08T07:41:57","modified_gmt":"2025-09-08T05:41:57","slug":"fogli-di-calcolo","status":"publish","type":"page","link":"https:\/\/zenkit.com\/it\/fogli-di-calcolo\/","title":{"rendered":"Zenkit un Software per Fogli di Calcolo"},"content":{"rendered":"\n<div class=\"wp-block-group has-global-padding is-layout-constrained wp-block-group-is-layout-constrained\">\n<div class=\"wp-block-group width--950 has-global-padding is-layout-constrained wp-block-group-is-layout-constrained\">\n<div style=\"height:45px;--tablet-height:45px;--mobile-height:16px\" class=\"wp-block-lookeen-blocks-responsive-spacer\"><\/div>\n\n\n\n<div class=\"wp-block-group has-global-padding is-layout-constrained wp-block-group-is-layout-constrained\">\n<h1 class=\"wp-block-heading has-text-align-center\" style=\"margin-bottom:8px\">Fogli di Calcolo disponibili<\/h1>\n<\/div>\n\n\n\n<div class=\"wp-block-group has-global-padding is-layout-constrained wp-block-group-is-layout-constrained\">\n<p class=\"has-text-align-center subheading\">Dai vita ai tuoi Fogli di Calcolo in Zenkit.<\/p>\n<\/div>\n\n\n\n<div style=\"height:48px;--tablet-height:48px;--mobile-height:36px\" class=\"wp-block-lookeen-blocks-responsive-spacer\"><\/div>\n<\/div>\n<\/div>\n\n\n\n<div class=\"wp-block-group has-global-padding is-layout-constrained wp-block-group-is-layout-constrained\">\n<div class=\"wp-block-group application__grid has-global-padding is-layout-constrained wp-block-group-is-layout-constrained\">\n<div class=\"wp-block-group application__box has-global-padding is-layout-constrained wp-block-group-is-layout-constrained\" style=\"border-radius:20px\">\n<h3 class=\"wp-block-heading has-text-align-center card__title\" style=\"font-size:20px\">Lavora con i dati<\/h3>\n\n\n\n<p class=\"has-text-align-center has-da-grey-1-color has-text-color has-link-color wp-elements-4568b1aeb3b22040b1f249856a2c3302\">I Fogli di Calcolo svolgono un ruolo fondamentale nella maggior parte delle aziende. Usa i Fogli di Calcolo di Zenkit per salvare, alterare e modificare i tuoi dati online<\/p>\n<\/div>\n\n\n\n<div class=\"wp-block-group application__box has-global-padding is-layout-constrained wp-block-group-is-layout-constrained\" style=\"border-radius:20px\">\n<h3 class=\"wp-block-heading has-text-align-center card__title\" style=\"font-size:20px\">Collaborazione<\/h3>\n\n\n\n<p class=\"has-text-align-center has-da-grey-1-color has-text-color has-link-color wp-elements-8b5ed3b2b80fdcef662e52f1025cf7e5\" style=\"margin-bottom:16px\">Collabora ai tuoi Fogli \u00a0di Calcolo con il tuo team. Invita altri a visualizzare, modificare e commentare i tuoi Fogli di Calcolo in tempo reale.<\/p>\n<\/div>\n\n\n\n<div class=\"wp-block-group application__box has-global-padding is-layout-constrained wp-block-group-is-layout-constrained\" style=\"border-radius:20px\">\n<h3 class=\"wp-block-heading has-text-align-center card__title\" style=\"font-size:20px\">Personalizzazione<\/h3>\n\n\n\n<p class=\"has-text-align-center has-da-grey-1-color has-text-color has-link-color wp-elements-b0ad02d3d27ae65144a04cadb752382e\" style=\"margin-bottom:16px\">Proprio come il tuo Strumento di Foglio di Calcolo preferito, le colonne che crei e i dati che contengono sono tuoi. Traccia tutte le informazioni che ti interessano.<\/p>\n<\/div>\n<\/div>\n\n\n\n<div style=\"height:88px;--tablet-height:72px;--mobile-height:36px\" class=\"wp-block-lookeen-blocks-responsive-spacer\"><\/div>\n<\/div>\n\n\n\n<div class=\"wp-block-group has-global-padding is-layout-constrained wp-block-group-is-layout-constrained\">\n<div class=\"wp-block-group has-global-padding is-layout-constrained wp-container-core-group-is-layout-bea02a06 wp-block-group-is-layout-constrained\">\n<figure class=\"wp-block-image size-full box__shadow border-radius--8 overflow__hidden\"><img loading=\"lazy\" decoding=\"async\" width=\"800\" height=\"400\" src=\"https:\/\/zenkit.com\/wp-content\/uploads\/2025\/05\/table.gif\" alt=\"Hojas de c\u00e1lculo que puede utilizar\" class=\"wp-image-111998\"\/><\/figure>\n<\/div>\n\n\n\n<div style=\"height:88px;--tablet-height:72px;--mobile-height:36px\" class=\"wp-block-lookeen-blocks-responsive-spacer\"><\/div>\n<\/div>\n\n\n\n<div class=\"wp-block-group has-global-padding is-layout-constrained wp-block-group-is-layout-constrained\">\n<div class=\"wp-block-columns is-layout-flex wp-container-core-columns-is-layout-28f84493 wp-block-columns-is-layout-flex\">\n<div class=\"wp-block-column is-layout-flow wp-container-core-column-is-layout-8eebadab wp-block-column-is-layout-flow\">\n<div class=\"wp-block-group has-global-padding is-layout-constrained wp-block-group-is-layout-constrained\">\n<h3 class=\"wp-block-heading has-text-align-center\">Ottieni di pi\u00f9 dai tuoi dati<\/h3>\n\n\n\n<p class=\"has-text-align-center\">Rendi formule e funzioni divertenti. Usa le semplici formule, le aggregazioni e le funzioni di suddivisione di Zenkit per ottenere i risultati di cui hai bisogno. Potenti filtri ti aiuteranno \u00a0a visualizzare ed analizzare i dati pi\u00f9 importanti per te. I filtri salvati ti consentono di accedere facilmente a informazioni utili con un solo click.<\/p>\n<\/div>\n\n\n\n<div class=\"wp-block-group has-global-padding is-layout-constrained wp-block-group-is-layout-constrained\">\n<h3 class=\"wp-block-heading has-text-align-center\">Collaborare in tempo reale<\/h3>\n\n\n\n<p class=\"has-text-align-center\">Basta spedire fogli di calcolo come allegati, creare molteplici copie non aggiornate o perdere dati durante il trasferimento dei file. Con Zenkit puoi condividere i tuoi fogli di calcolo con colleghi e compagni di classe, amici e famiglia per lavorare insieme allo stesso foglio di calcolo nello stesso momento.<\/p>\n\n\n\n<p class=\"has-text-align-center\">Tieni traccia di chi apporta modifiche e quando, correggi e modifica \u00a0le rispettive attivit\u00e0, commenta o aggiungi nuove informazioni, tutto in tempo reale.<\/p>\n<\/div>\n\n\n\n<div class=\"wp-block-group has-global-padding is-layout-constrained wp-block-group-is-layout-constrained\">\n<h3 class=\"wp-block-heading has-text-align-center\">Molto di pi\u00f9 di un semplice Foglio di Calcolo<\/h3>\n\n\n\n<p class=\"has-text-align-center\">Non limitarti a incolonnare solo dei numeri! Con Zenkit puoi cambiare gli strumenti in uso in qualsiasi momento cos\u00ec che i tuoi dati possano esistere fuori da righe e colonne. Vuoi usare il tuo Foglio di Calcolo per tracciare le vendite? Connettilo con la tua tabella clienti per creare un database. Vorresti tracciare i tuoi progetti nei fogli di calcolo in Zenkit? Passa velocemente alla Visualizzazione Kanban per seguire in maniera semplice ed intuitiva il tuo progresso.<\/p>\n<\/div>\n<\/div>\n\n\n\n<div class=\"wp-block-column is-layout-flow wp-container-core-column-is-layout-8eebadab wp-block-column-is-layout-flow\">\n<div class=\"wp-block-group has-global-padding is-layout-constrained wp-block-group-is-layout-constrained\">\n<h3 class=\"wp-block-heading has-text-align-center\">Pronto quando vuoi<\/h3>\n\n\n\n<p class=\"has-text-align-center\">Importa i file con estensione.csv o incolla le tabelle da Excel or Google Sheets per iniziare immediatamente a lavorare con Zenkit. Non hai delle tabelle gi\u00e0 pronte? Creane una nuova con Zenkit in un paio di click.<\/p>\n\n\n\n<p class=\"has-text-align-center\">Tutte le modifiche apportate ai tuoi Fogli \u00a0di Calcolo vengono salvate \u00a0automaticamente mentre lavori, quindi non dovrai pi\u00f9 preoccuparti di \u201csalvare\u201d di nuovo! Controlla chi ha apportato modifiche ai tuoi Fogli di Calcolo e quando, cos\u00ec da avere \u00a0una panoramica migliore della cronologia \u00a0del tuo Foglio di Calcolo.<\/p>\n<\/div>\n\n\n\n<div class=\"wp-block-group has-global-padding is-layout-constrained wp-block-group-is-layout-constrained\">\n<h3 class=\"wp-block-heading has-text-align-center\">Accesso universale<\/h3>\n\n\n\n<p class=\"has-text-align-center\">Lavora ai tuoi Fogli di Calcolo ovunque e in qualunque momento. Che tu sia in ufficio, lungo il tragitto casa-lavoro o 9000 metri in aria, puoi accedere ai Fogli di Calcolo Zenkit da qualunque dispositivo. Il supporto offline per telefoni, tablet e computer significa che si pu\u00f2 continuare a lavorare pur non avendo una connessione internet attiva.connessione internet attiva.<\/p>\n<\/div>\n<\/div>\n<\/div>\n\n\n\n<div style=\"height:88px;--tablet-height:72px;--mobile-height:36px\" class=\"wp-block-lookeen-blocks-responsive-spacer\"><\/div>\n<\/div>\n\n\n\n<div class=\"wp-block-group has-da-blue-light-background-color has-background has-global-padding is-layout-constrained wp-container-core-group-is-layout-bea02a06 wp-block-group-is-layout-constrained\">\n<div style=\"height:88px;--tablet-height:72px;--mobile-height:36px\" class=\"wp-block-lookeen-blocks-responsive-spacer\"><\/div>\n\n\n\n<h2 class=\"wp-block-heading has-text-align-center\">Scelto da migliaia di team in tutto il mondo<\/h2>\n\n\n\n<p class=\"has-text-align-center\">Non perdere tempo a cercare fra le tue email, passare da un\u2019applicazione all\u2019altra &nbsp;o creare copie del tuo lavoro. Tieni sotto controllo tutti i tuoi progetti in un unico posto con Zenkit.<\/p>\n\n\n\n<p>Non cambiare il tuo modo di lavorare per adattarti a strumenti differenti. Lavora con uno strumento che si adatta al tuo ritmo di lavoro, al tuo team e ai tuoi progetti.<\/p>\n\n\n\n<p class=\"has-text-align-center\">Usa uno strumento che non solo ti aiuta a organizzare i tuoi progetti, ma che rende facile organizzare ogni aspetto della tua attivit\u00e0.<\/p>\n\n\n\n<div style=\"height:88px;--tablet-height:72px;--mobile-height:36px\" class=\"wp-block-lookeen-blocks-responsive-spacer\"><\/div>\n<\/div>\n\n\n\n<div style=\"height:88px;--tablet-height:72px;--mobile-height:36px\" class=\"wp-block-lookeen-blocks-responsive-spacer\"><\/div>\n\n\n\n<div class=\"wp-block-group has-global-padding is-layout-constrained wp-container-core-group-is-layout-bea02a06 wp-block-group-is-layout-constrained\"><h2 class=\"wp-block-heading has-text-align-center\">Lavora con gli strumenti che gi\u00e0 usi<\/h2>\n\n<p class=\"has-text-align-center\" style=\"margin-bottom:0px\">Zenkit pu\u00f2 inviare e ricevere informazioni dalle altre applicazioni che gi\u00e0 utilizzi, cos\u00ec che il tuo lavoro sia finalmente in un unico posto. Grazie a Zapier, Zenkit pu\u00f2 collegarsi con oltre 1000 altri servizi.<\/p>\n\n\n<div style=\"height:48px;--tablet-height:36px;--mobile-height:24px\" class=\"wp-block-lookeen-blocks-responsive-spacer\"><\/div>\n\n\n\n<div class=\"wp-block-group has-global-padding is-layout-constrained wp-container-core-group-is-layout-a099c240 wp-block-group-is-layout-constrained\">\n<div class=\"wp-block-group is-content-justification-center is-layout-flex wp-container-core-group-is-layout-635e4504 wp-block-group-is-layout-flex\">\n<figure class=\"wp-block-image size-full is-resized\"><a href=\"https:\/\/zenkit.com\/it\/integrazioni\/google-sheets\/\"><img loading=\"lazy\" decoding=\"async\" width=\"128\" height=\"128\" src=\"https:\/\/zenkit.com\/wp-content\/uploads\/2025\/05\/google-sheets-logo.webp\" alt=\"google-sheets\" class=\"wp-image-112045\" style=\"width:80px\"\/><\/a><\/figure>\n\n\n\n<figure class=\"wp-block-image size-full is-resized\"><a href=\"https:\/\/zenkit.com\/it\/integrazioni\/evernote\/\"><img loading=\"lazy\" decoding=\"async\" width=\"360\" height=\"360\" src=\"https:\/\/zenkit.com\/wp-content\/uploads\/2025\/05\/evernote-logo.webp\" alt=\"evernote\" class=\"wp-image-112035\" style=\"width:80px\" srcset=\"https:\/\/zenkit.com\/wp-content\/uploads\/2025\/05\/evernote-logo.webp 360w, https:\/\/zenkit.com\/wp-content\/uploads\/2025\/05\/evernote-logo-300x300.webp 300w, https:\/\/zenkit.com\/wp-content\/uploads\/2025\/05\/evernote-logo-150x150.webp 150w\" sizes=\"auto, (max-width: 360px) 100vw, 360px\" \/><\/a><\/figure>\n\n\n\n<figure class=\"wp-block-image size-full is-resized\"><a href=\"https:\/\/zenkit.com\/it\/integrazioni\/googlecalendar-zenkit\/\"><img loading=\"lazy\" decoding=\"async\" width=\"128\" height=\"128\" src=\"https:\/\/zenkit.com\/wp-content\/uploads\/2025\/05\/google-calendar-logo.webp\" alt=\"google-calender\" class=\"wp-image-112055\" style=\"width:80px\"\/><\/a><\/figure>\n\n\n\n<figure class=\"wp-block-image size-full is-resized\"><a href=\"https:\/\/zenkit.com\/it\/trello\/\"><img loading=\"lazy\" decoding=\"async\" width=\"280\" height=\"280\" src=\"https:\/\/zenkit.com\/wp-content\/uploads\/2025\/05\/trello-logo-1.webp\" alt=\"trello logo\" class=\"wp-image-112107\" style=\"width:80px\" srcset=\"https:\/\/zenkit.com\/wp-content\/uploads\/2025\/05\/trello-logo-1.webp 280w, https:\/\/zenkit.com\/wp-content\/uploads\/2025\/05\/trello-logo-1-150x150.webp 150w\" sizes=\"auto, (max-width: 280px) 100vw, 280px\" \/><\/a><\/figure>\n\n\n\n<figure class=\"wp-block-image size-full is-resized\"><a href=\"https:\/\/zenkit.com\/it\/integrazioni\/asana\/\"><img loading=\"lazy\" decoding=\"async\" width=\"280\" height=\"280\" src=\"https:\/\/zenkit.com\/wp-content\/uploads\/2025\/05\/asana-logo.webp\" alt=\"asana logo\" class=\"wp-image-112117\" style=\"width:80px\" srcset=\"https:\/\/zenkit.com\/wp-content\/uploads\/2025\/05\/asana-logo.webp 280w, https:\/\/zenkit.com\/wp-content\/uploads\/2025\/05\/asana-logo-150x150.webp 150w\" sizes=\"auto, (max-width: 280px) 100vw, 280px\" \/><\/a><\/figure>\n\n\n\n<figure class=\"wp-block-image size-full is-resized\"><a href=\"https:\/\/zenkit.com\/it\/integrazioni\/slack\/\"><img loading=\"lazy\" decoding=\"async\" width=\"297\" height=\"297\" src=\"https:\/\/zenkit.com\/wp-content\/uploads\/2025\/05\/slack-logo.webp\" alt=\"slack logo\" class=\"wp-image-112127\" style=\"width:80px\" srcset=\"https:\/\/zenkit.com\/wp-content\/uploads\/2025\/05\/slack-logo.webp 297w, https:\/\/zenkit.com\/wp-content\/uploads\/2025\/05\/slack-logo-150x150.webp 150w\" sizes=\"auto, (max-width: 297px) 100vw, 297px\" \/><\/a><\/figure>\n\n\n\n<figure class=\"wp-block-image size-full is-resized\"><a href=\"https:\/\/zenkit.com\/it\/integrazioni\/gmail\/\"><img loading=\"lazy\" decoding=\"async\" width=\"512\" height=\"512\" src=\"https:\/\/zenkit.com\/wp-content\/uploads\/2025\/05\/Gmail-logo.webp\" alt=\"gmail logo\" class=\"wp-image-112137\" style=\"width:80px\" srcset=\"https:\/\/zenkit.com\/wp-content\/uploads\/2025\/05\/Gmail-logo.webp 512w, https:\/\/zenkit.com\/wp-content\/uploads\/2025\/05\/Gmail-logo-300x300.webp 300w, https:\/\/zenkit.com\/wp-content\/uploads\/2025\/05\/Gmail-logo-150x150.webp 150w\" sizes=\"auto, (max-width: 512px) 100vw, 512px\" \/><\/a><\/figure>\n\n\n\n<figure class=\"wp-block-image size-full is-resized\"><a href=\"https:\/\/zenkit.com\/it\/integrazioni\/sharpspring\/\"><img loading=\"lazy\" decoding=\"async\" width=\"650\" height=\"650\" src=\"https:\/\/zenkit.com\/wp-content\/uploads\/2025\/05\/sharpspring-logo.webp\" alt=\"sharpspring logo\" class=\"wp-image-112147\" style=\"width:80px\" srcset=\"https:\/\/zenkit.com\/wp-content\/uploads\/2025\/05\/sharpspring-logo.webp 650w, https:\/\/zenkit.com\/wp-content\/uploads\/2025\/05\/sharpspring-logo-300x300.webp 300w, https:\/\/zenkit.com\/wp-content\/uploads\/2025\/05\/sharpspring-logo-150x150.webp 150w\" sizes=\"auto, (max-width: 650px) 100vw, 650px\" \/><\/a><\/figure>\n\n\n\n<figure class=\"wp-block-image size-full is-resized\"><a href=\"https:\/\/zenkit.com\/it\/integrazioni\/zapier\/\"><img loading=\"lazy\" decoding=\"async\" width=\"1200\" height=\"1200\" src=\"https:\/\/zenkit.com\/wp-content\/uploads\/2025\/05\/zapier-logo.webp\" alt=\"zapier logo\" class=\"wp-image-112157\" style=\"width:80px\" srcset=\"https:\/\/zenkit.com\/wp-content\/uploads\/2025\/05\/zapier-logo.webp 1200w, https:\/\/zenkit.com\/wp-content\/uploads\/2025\/05\/zapier-logo-300x300.webp 300w, https:\/\/zenkit.com\/wp-content\/uploads\/2025\/05\/zapier-logo-1024x1024.webp 1024w, https:\/\/zenkit.com\/wp-content\/uploads\/2025\/05\/zapier-logo-150x150.webp 150w, https:\/\/zenkit.com\/wp-content\/uploads\/2025\/05\/zapier-logo-768x768.webp 768w\" sizes=\"auto, (max-width: 1200px) 100vw, 1200px\" \/><\/a><\/figure>\n\n\n\n<figure class=\"wp-block-image size-full is-resized\"><a href=\"https:\/\/zenkit.com\/it\/integrazioni\/dropbox\/\"><img loading=\"lazy\" decoding=\"async\" width=\"1026\" height=\"1026\" src=\"https:\/\/zenkit.com\/wp-content\/uploads\/2025\/05\/dropbox-logo.webp\" alt=\"dropbox-logo\" class=\"wp-image-112087\" style=\"width:80px\" srcset=\"https:\/\/zenkit.com\/wp-content\/uploads\/2025\/05\/dropbox-logo.webp 1026w, https:\/\/zenkit.com\/wp-content\/uploads\/2025\/05\/dropbox-logo-300x300.webp 300w, https:\/\/zenkit.com\/wp-content\/uploads\/2025\/05\/dropbox-logo-1024x1024.webp 1024w, https:\/\/zenkit.com\/wp-content\/uploads\/2025\/05\/dropbox-logo-150x150.webp 150w, https:\/\/zenkit.com\/wp-content\/uploads\/2025\/05\/dropbox-logo-768x768.webp 768w\" sizes=\"auto, (max-width: 1026px) 100vw, 1026px\" \/><\/a><\/figure>\n\n\n\n<figure class=\"wp-block-image size-full is-resized\"><a href=\"https:\/\/zenkit.com\/it\/integrazioni\/google-drive\/\"><img loading=\"lazy\" decoding=\"async\" width=\"128\" height=\"128\" src=\"https:\/\/zenkit.com\/wp-content\/uploads\/2025\/05\/google-drive-logo.webp\" alt=\"google-drive logo\" class=\"wp-image-112076\" style=\"width:80px\"\/><\/a><\/figure>\n\n\n\n<figure class=\"wp-block-image size-full is-resized\"><a href=\"https:\/\/zenkit.com\/it\/integrazioni\/box\/\"><img loading=\"lazy\" decoding=\"async\" width=\"625\" height=\"625\" src=\"https:\/\/zenkit.com\/wp-content\/uploads\/2025\/05\/box-logo.webp\" alt=\"box logo\" class=\"wp-image-112097\" style=\"width:80px\" srcset=\"https:\/\/zenkit.com\/wp-content\/uploads\/2025\/05\/box-logo.webp 625w, https:\/\/zenkit.com\/wp-content\/uploads\/2025\/05\/box-logo-300x300.webp 300w, https:\/\/zenkit.com\/wp-content\/uploads\/2025\/05\/box-logo-150x150.webp 150w\" sizes=\"auto, (max-width: 625px) 100vw, 625px\" \/><\/a><\/figure>\n<\/div>\n<\/div>\n<\/div>\n\n\n\n<div style=\"height:110px;--tablet-height:60px;--mobile-height:48px\" class=\"wp-block-lookeen-blocks-responsive-spacer\"><\/div>\n","protected":false},"excerpt":{"rendered":"<p>Fogli di Calcolo disponibili Dai vita ai tuoi Fogli di Calcolo in Zenkit. Lavora con i dati I Fogli di Calcolo svolgono un ruolo fondamentale nella maggior parte delle aziende. Usa i Fogli di Calcolo di Zenkit per salvare, alterare e modificare i tuoi dati online Collaborazione Collabora ai tuoi Fogli \u00a0di Calcolo con il [&hellip;]<\/p>\n","protected":false},"author":1,"featured_media":0,"parent":0,"menu_order":0,"comment_status":"closed","ping_status":"closed","template":"","meta":{"yasr_overall_rating":0,"yasr_post_is_review":"","yasr_auto_insert_disabled":"","yasr_review_type":"","footnotes":""},"class_list":["post-11434","page","type-page","status-publish","hentry"],"yoast_head":"<!-- This site is optimized with the Yoast SEO plugin v27.5 - https:\/\/yoast.com\/product\/yoast-seo-wordpress\/ -->\n<title>Software per Fogli di Calcolo | Zenkit<\/title>\n<meta name=\"description\" content=\"Sfrutta il software per Fogli di Calcolo online di Zenkit. Calcola, crea banche dati e lavora facilmente ai tuoi progetti.\" \/>\n<meta name=\"robots\" content=\"index, follow, max-snippet:-1, max-image-preview:large, max-video-preview:-1\" \/>\n<link rel=\"canonical\" href=\"https:\/\/zenkit.com\/it\/fogli-di-calcolo\/\" \/>\n<meta property=\"og:locale\" content=\"it_IT\" \/>\n<meta property=\"og:type\" content=\"article\" \/>\n<meta property=\"og:title\" content=\"Software per Fogli di Calcolo | Zenkit\" \/>\n<meta property=\"og:description\" content=\"Sfrutta il software per Fogli di Calcolo online di Zenkit. Calcola, crea banche dati e lavora facilmente ai tuoi progetti.\" \/>\n<meta property=\"og:url\" content=\"https:\/\/zenkit.com\/it\/fogli-di-calcolo\/\" \/>\n<meta property=\"og:site_name\" content=\"Zenkit\" \/>\n<meta property=\"article:publisher\" content=\"https:\/\/www.facebook.com\/ZenkitHQ\" \/>\n<meta property=\"article:modified_time\" content=\"2025-09-08T05:41:57+00:00\" \/>\n<meta property=\"og:image\" content=\"https:\/\/zenkit.com\/wp-content\/uploads\/2025\/05\/table.gif\" \/>\n<meta name=\"twitter:card\" content=\"summary_large_image\" \/>\n<meta name=\"twitter:site\" content=\"@ZenkitHQ\" \/>\n<script type=\"application\/ld+json\" class=\"yoast-schema-graph\">{\"@context\":\"https:\\\/\\\/schema.org\",\"@graph\":[{\"@type\":\"WebPage\",\"@id\":\"https:\\\/\\\/zenkit.com\\\/it\\\/fogli-di-calcolo\\\/\",\"url\":\"https:\\\/\\\/zenkit.com\\\/it\\\/fogli-di-calcolo\\\/\",\"name\":\"Software per Fogli di Calcolo | Zenkit\",\"isPartOf\":{\"@id\":\"https:\\\/\\\/zenkit.com\\\/it\\\/#website\"},\"primaryImageOfPage\":{\"@id\":\"https:\\\/\\\/zenkit.com\\\/it\\\/fogli-di-calcolo\\\/#primaryimage\"},\"image\":{\"@id\":\"https:\\\/\\\/zenkit.com\\\/it\\\/fogli-di-calcolo\\\/#primaryimage\"},\"thumbnailUrl\":\"https:\\\/\\\/zenkit.com\\\/wp-content\\\/uploads\\\/2025\\\/05\\\/table.gif\",\"datePublished\":\"2018-06-15T21:02:10+00:00\",\"dateModified\":\"2025-09-08T05:41:57+00:00\",\"description\":\"Sfrutta il software per Fogli di Calcolo online di Zenkit. Calcola, crea banche dati e lavora facilmente ai tuoi progetti.\",\"breadcrumb\":{\"@id\":\"https:\\\/\\\/zenkit.com\\\/it\\\/fogli-di-calcolo\\\/#breadcrumb\"},\"inLanguage\":\"it-IT\",\"potentialAction\":[{\"@type\":\"ReadAction\",\"target\":[\"https:\\\/\\\/zenkit.com\\\/it\\\/fogli-di-calcolo\\\/\"]}]},{\"@type\":\"ImageObject\",\"inLanguage\":\"it-IT\",\"@id\":\"https:\\\/\\\/zenkit.com\\\/it\\\/fogli-di-calcolo\\\/#primaryimage\",\"url\":\"https:\\\/\\\/zenkit.com\\\/wp-content\\\/uploads\\\/2025\\\/05\\\/table.gif\",\"contentUrl\":\"https:\\\/\\\/zenkit.com\\\/wp-content\\\/uploads\\\/2025\\\/05\\\/table.gif\"},{\"@type\":\"BreadcrumbList\",\"@id\":\"https:\\\/\\\/zenkit.com\\\/it\\\/fogli-di-calcolo\\\/#breadcrumb\",\"itemListElement\":[{\"@type\":\"ListItem\",\"position\":1,\"name\":\"Home\",\"item\":\"https:\\\/\\\/zenkit.com\\\/it\\\/\"},{\"@type\":\"ListItem\",\"position\":2,\"name\":\"Zenkit un Software per Fogli di Calcolo\"}]},{\"@type\":\"WebSite\",\"@id\":\"https:\\\/\\\/zenkit.com\\\/it\\\/#website\",\"url\":\"https:\\\/\\\/zenkit.com\\\/it\\\/\",\"name\":\"Zenkit\",\"description\":\"Zenkit Tagline\",\"potentialAction\":[{\"@type\":\"SearchAction\",\"target\":{\"@type\":\"EntryPoint\",\"urlTemplate\":\"https:\\\/\\\/zenkit.com\\\/it\\\/?s={search_term_string}\"},\"query-input\":{\"@type\":\"PropertyValueSpecification\",\"valueRequired\":true,\"valueName\":\"search_term_string\"}}],\"inLanguage\":\"it-IT\"},false]}<\/script>\n<!-- \/ Yoast SEO plugin. -->","yoast_head_json":{"title":"Software per Fogli di Calcolo | Zenkit","description":"Sfrutta il software per Fogli di Calcolo online di Zenkit. Calcola, crea banche dati e lavora facilmente ai tuoi progetti.","robots":{"index":"index","follow":"follow","max-snippet":"max-snippet:-1","max-image-preview":"max-image-preview:large","max-video-preview":"max-video-preview:-1"},"canonical":"https:\/\/zenkit.com\/it\/fogli-di-calcolo\/","og_locale":"it_IT","og_type":"article","og_title":"Software per Fogli di Calcolo | Zenkit","og_description":"Sfrutta il software per Fogli di Calcolo online di Zenkit. Calcola, crea banche dati e lavora facilmente ai tuoi progetti.","og_url":"https:\/\/zenkit.com\/it\/fogli-di-calcolo\/","og_site_name":"Zenkit","article_publisher":"https:\/\/www.facebook.com\/ZenkitHQ","article_modified_time":"2025-09-08T05:41:57+00:00","og_image":[{"url":"https:\/\/zenkit.com\/wp-content\/uploads\/2025\/05\/table.gif","type":"","width":"","height":""}],"twitter_card":"summary_large_image","twitter_site":"@ZenkitHQ","schema":{"@context":"https:\/\/schema.org","@graph":[{"@type":"WebPage","@id":"https:\/\/zenkit.com\/it\/fogli-di-calcolo\/","url":"https:\/\/zenkit.com\/it\/fogli-di-calcolo\/","name":"Software per Fogli di Calcolo | Zenkit","isPartOf":{"@id":"https:\/\/zenkit.com\/it\/#website"},"primaryImageOfPage":{"@id":"https:\/\/zenkit.com\/it\/fogli-di-calcolo\/#primaryimage"},"image":{"@id":"https:\/\/zenkit.com\/it\/fogli-di-calcolo\/#primaryimage"},"thumbnailUrl":"https:\/\/zenkit.com\/wp-content\/uploads\/2025\/05\/table.gif","datePublished":"2018-06-15T21:02:10+00:00","dateModified":"2025-09-08T05:41:57+00:00","description":"Sfrutta il software per Fogli di Calcolo online di Zenkit. Calcola, crea banche dati e lavora facilmente ai tuoi progetti.","breadcrumb":{"@id":"https:\/\/zenkit.com\/it\/fogli-di-calcolo\/#breadcrumb"},"inLanguage":"it-IT","potentialAction":[{"@type":"ReadAction","target":["https:\/\/zenkit.com\/it\/fogli-di-calcolo\/"]}]},{"@type":"ImageObject","inLanguage":"it-IT","@id":"https:\/\/zenkit.com\/it\/fogli-di-calcolo\/#primaryimage","url":"https:\/\/zenkit.com\/wp-content\/uploads\/2025\/05\/table.gif","contentUrl":"https:\/\/zenkit.com\/wp-content\/uploads\/2025\/05\/table.gif"},{"@type":"BreadcrumbList","@id":"https:\/\/zenkit.com\/it\/fogli-di-calcolo\/#breadcrumb","itemListElement":[{"@type":"ListItem","position":1,"name":"Home","item":"https:\/\/zenkit.com\/it\/"},{"@type":"ListItem","position":2,"name":"Zenkit un Software per Fogli di Calcolo"}]},{"@type":"WebSite","@id":"https:\/\/zenkit.com\/it\/#website","url":"https:\/\/zenkit.com\/it\/","name":"Zenkit","description":"Zenkit Tagline","potentialAction":[{"@type":"SearchAction","target":{"@type":"EntryPoint","urlTemplate":"https:\/\/zenkit.com\/it\/?s={search_term_string}"},"query-input":{"@type":"PropertyValueSpecification","valueRequired":true,"valueName":"search_term_string"}}],"inLanguage":"it-IT"},false]}},"yasr_visitor_votes":{"stars_attributes":{"read_only":false,"span_bottom":false},"number_of_votes":0,"sum_votes":0},"_links":{"self":[{"href":"https:\/\/zenkit.com\/it\/wp-json\/wp\/v2\/pages\/11434","targetHints":{"allow":["GET"]}}],"collection":[{"href":"https:\/\/zenkit.com\/it\/wp-json\/wp\/v2\/pages"}],"about":[{"href":"https:\/\/zenkit.com\/it\/wp-json\/wp\/v2\/types\/page"}],"author":[{"embeddable":true,"href":"https:\/\/zenkit.com\/it\/wp-json\/wp\/v2\/users\/1"}],"replies":[{"embeddable":true,"href":"https:\/\/zenkit.com\/it\/wp-json\/wp\/v2\/comments?post=11434"}],"version-history":[{"count":3,"href":"https:\/\/zenkit.com\/it\/wp-json\/wp\/v2\/pages\/11434\/revisions"}],"predecessor-version":[{"id":138550,"href":"https:\/\/zenkit.com\/it\/wp-json\/wp\/v2\/pages\/11434\/revisions\/138550"}],"wp:attachment":[{"href":"https:\/\/zenkit.com\/it\/wp-json\/wp\/v2\/media?parent=11434"}],"curies":[{"name":"wp","href":"https:\/\/api.w.org\/{rel}","templated":true}]}}