{"id":11439,"date":"2018-06-18T14:11:38","date_gmt":"2018-06-18T12:11:38","guid":{"rendered":"https:\/\/zenkit.com?page_id=11439"},"modified":"2025-12-16T14:49:26","modified_gmt":"2025-12-16T13:49:26","slug":"liste-to-do","status":"publish","type":"page","link":"https:\/\/zenkit.com\/it\/liste-to-do\/","title":{"rendered":"Alternativa a Wunderlist | Confronto fra Wunderlist &#038; Zenkit | Zenkit"},"content":{"rendered":"\n<div class=\"wp-block-group page__header has-global-padding is-layout-constrained wp-block-group-is-layout-constrained\">\n<div class=\"wp-block-group width--950 has-global-padding is-layout-constrained wp-block-group-is-layout-constrained\">\n<div style=\"height:45px;--tablet-height:45px;--mobile-height:16px\" class=\"wp-block-lookeen-blocks-responsive-spacer\"><\/div>\n\n\n\n<div class=\"wp-block-group has-global-padding is-layout-constrained wp-block-group-is-layout-constrained\">\n<h1 class=\"wp-block-heading has-text-align-center\" style=\"margin-bottom:8px\">Liste To-Do, stile Zenkit<\/h1>\n<\/div>\n\n\n\n<div class=\"wp-block-group has-global-padding is-layout-constrained wp-block-group-is-layout-constrained\">\n<p class=\"has-text-align-center subheading\">Ogni collection in Zenkit pu\u00f2 essere impostata come una \u201cLista To-do\u201d. Questo significa che in ogni visualizzazione, sar\u00e0 possibile spuntare dalla lista e segnare i diversi incarichi come \u201ccompletati\u201d e vedere il singolo incarico scendere in basso lungo la lista!<\/p>\n<\/div>\n\n\n\n<div style=\"height:48px;--tablet-height:36px;--mobile-height:24px\" class=\"wp-block-lookeen-blocks-responsive-spacer\"><\/div>\n\n\n\n<div class=\"wp-block-group has-global-padding is-layout-constrained wp-block-group-is-layout-constrained\" style=\"margin-bottom:8px\">\n<figure class=\"wp-block-image aligncenter size-full\"><img loading=\"lazy\" decoding=\"async\" width=\"500\" height=\"233\" src=\"https:\/\/zenkit.com\/wp-content\/uploads\/2025\/05\/Zenkit_to-do_list.gif\" alt=\"\" class=\"wp-image-115515\"\/><\/figure>\n<\/div>\n\n\n\n<div style=\"height:48px;--tablet-height:36px;--mobile-height:24px\" class=\"wp-block-lookeen-blocks-responsive-spacer\"><\/div>\n\n\n\n<p class=\"has-text-align-center\">Inoltre, non dovrai per forza limitarti a funzioni come \u201cTo-Do\u201d e \u201ccompletato\u201d \u2013 questa opzione funziona per qualsiasi etichetta tu scelga. Potrai spostare l\u2019inventario da \u201cdisponibile\u201d a \u201cesaurito\u201d, segnare le applicazioni come \u201caccettate\u201d o tracciare l\u2019arrivo degli ospiti ad un evento.<\/p>\n<\/div>\n\n\n\n<div style=\"height:88px;--tablet-height:72px;--mobile-height:40px\" class=\"wp-block-lookeen-blocks-responsive-spacer\"><\/div>\n<\/div>\n\n\n\n<div class=\"wp-block-group page__header has-global-padding is-layout-constrained wp-block-group-is-layout-constrained\">\n<div class=\"wp-block-group width--950 has-global-padding is-layout-constrained wp-block-group-is-layout-constrained\">\n<div class=\"wp-block-group has-global-padding is-layout-constrained wp-block-group-is-layout-constrained\">\n<h2 class=\"wp-block-heading has-text-align-center\" style=\"margin-bottom:8px\">Triste di vedere Wunderlist andarsene?<\/h2>\n<\/div>\n\n\n\n<div class=\"wp-block-group has-global-padding is-layout-constrained wp-block-group-is-layout-constrained\">\n<p class=\"has-text-align-center subheading\">Dispiace anche a noi, ma con le Liste To-Do, abbiamo creato uno spazio in Zenkit per gli utenti Wunderlist che stanno cercando una nuova soluzione di lavoro. Connetti il tuo account Wunderlist a Zenkit e importa facilmente le tue liste in una manciata di secondi.<\/p>\n<\/div>\n\n\n\n<div style=\"height:48px;--tablet-height:36px;--mobile-height:24px\" class=\"wp-block-lookeen-blocks-responsive-spacer\"><\/div>\n\n\n\n<div class=\"wp-block-group has-global-padding is-layout-constrained wp-block-group-is-layout-constrained\" style=\"margin-bottom:8px\">\n<figure class=\"wp-block-image aligncenter size-full\"><img loading=\"lazy\" decoding=\"async\" width=\"471\" height=\"572\" src=\"https:\/\/zenkit.com\/wp-content\/uploads\/2025\/05\/wunderlist_zenkit_comparison_left-1.webp\" alt=\"\" class=\"wp-image-115525\" srcset=\"https:\/\/zenkit.com\/wp-content\/uploads\/2025\/05\/wunderlist_zenkit_comparison_left-1.webp 471w, https:\/\/zenkit.com\/wp-content\/uploads\/2025\/05\/wunderlist_zenkit_comparison_left-1-247x300.webp 247w\" sizes=\"auto, (max-width: 471px) 100vw, 471px\" \/><\/figure>\n<\/div>\n\n\n\n<div style=\"height:48px;--tablet-height:36px;--mobile-height:24px\" class=\"wp-block-lookeen-blocks-responsive-spacer\"><\/div>\n\n\n\n<p class=\"has-text-align-center\">Abbiamo persino creato un nostro personale suono di notifica \u201cping\u201d, cos\u00ec che la soddisfazione di spuntare cose dalla tua lista rimarr\u00e0 immutata .<\/p>\n\n\n\n<div class=\"wp-block-buttons is-content-justification-center is-layout-flex wp-container-core-buttons-is-layout-a89b3969 wp-block-buttons-is-layout-flex\">\n<div class=\"wp-block-button\"><a class=\"wp-block-button__link wp-element-button\" href=\"https:\/\/app.zenkit.com\/register?lang=it\">Entra in Zenkit<\/a><\/div>\n<\/div>\n\n\n\n<div style=\"height:110px;--tablet-height:80px;--mobile-height:48px\" class=\"wp-block-lookeen-blocks-responsive-spacer\"><\/div>\n<\/div>\n<\/div>\n","protected":false},"excerpt":{"rendered":"<p>Liste To-Do, stile Zenkit Ogni collection in Zenkit pu\u00f2 essere impostata come una \u201cLista To-do\u201d. Questo significa che in ogni visualizzazione, sar\u00e0 possibile spuntare dalla lista e segnare i diversi incarichi come \u201ccompletati\u201d e vedere il singolo incarico scendere in basso lungo la lista! Inoltre, non dovrai per forza limitarti a funzioni come \u201cTo-Do\u201d e [&hellip;]<\/p>\n","protected":false},"author":1,"featured_media":0,"parent":0,"menu_order":5,"comment_status":"closed","ping_status":"closed","template":"","meta":{"yasr_overall_rating":0,"yasr_post_is_review":"","yasr_auto_insert_disabled":"","yasr_review_type":"","footnotes":""},"class_list":["post-11439","page","type-page","status-publish","hentry"],"yoast_head":"<!-- This site is optimized with the Yoast SEO plugin v27.3 - https:\/\/yoast.com\/product\/yoast-seo-wordpress\/ -->\n<title>Liste To-Do | Zenkit<\/title>\n<meta name=\"description\" content=\"Se Wunderlist ti inizia a stare stretta, hai bisogno di qualcosa di pi\u00f9 spazioso per poter crescere. Zenkit \u00e8 una Lisa To-Do, e molto pi\u00f9 di questo. Scopri come Zenkit fa tutto in maniera differente.\" \/>\n<meta name=\"robots\" content=\"index, follow, max-snippet:-1, max-image-preview:large, max-video-preview:-1\" \/>\n<link rel=\"canonical\" href=\"https:\/\/zenkit.com\/it\/liste-to-do\/\" \/>\n<meta property=\"og:locale\" content=\"it_IT\" \/>\n<meta property=\"og:type\" content=\"article\" \/>\n<meta property=\"og:title\" content=\"Liste To-Do | Zenkit\" \/>\n<meta property=\"og:description\" content=\"Se Wunderlist ti inizia a stare stretta, hai bisogno di qualcosa di pi\u00f9 spazioso per poter crescere. Zenkit \u00e8 una Lisa To-Do, e molto pi\u00f9 di questo. Scopri come Zenkit fa tutto in maniera differente.\" \/>\n<meta property=\"og:url\" content=\"https:\/\/zenkit.com\/it\/liste-to-do\/\" \/>\n<meta property=\"og:site_name\" content=\"Zenkit\" \/>\n<meta property=\"article:publisher\" content=\"https:\/\/www.facebook.com\/ZenkitHQ\" \/>\n<meta property=\"article:modified_time\" content=\"2025-12-16T13:49:26+00:00\" \/>\n<meta property=\"og:image\" content=\"https:\/\/zenkit.com\/wp-content\/uploads\/2025\/05\/Zenkit_to-do_list.gif\" \/>\n\t<meta property=\"og:image:width\" content=\"500\" \/>\n\t<meta property=\"og:image:height\" content=\"233\" \/>\n\t<meta property=\"og:image:type\" content=\"image\/gif\" \/>\n<meta name=\"twitter:card\" content=\"summary_large_image\" \/>\n<meta name=\"twitter:site\" content=\"@ZenkitHQ\" \/>\n<meta name=\"twitter:label1\" content=\"Tempo di lettura stimato\" \/>\n\t<meta name=\"twitter:data1\" content=\"9 minuti\" \/>\n<script type=\"application\/ld+json\" class=\"yoast-schema-graph\">{\"@context\":\"https:\\\/\\\/schema.org\",\"@graph\":[{\"@type\":\"WebPage\",\"@id\":\"https:\\\/\\\/zenkit.com\\\/it\\\/liste-to-do\\\/\",\"url\":\"https:\\\/\\\/zenkit.com\\\/it\\\/liste-to-do\\\/\",\"name\":\"Liste To-Do | Zenkit\",\"isPartOf\":{\"@id\":\"https:\\\/\\\/zenkit.com\\\/it\\\/#website\"},\"primaryImageOfPage\":{\"@id\":\"https:\\\/\\\/zenkit.com\\\/it\\\/liste-to-do\\\/#primaryimage\"},\"image\":{\"@id\":\"https:\\\/\\\/zenkit.com\\\/it\\\/liste-to-do\\\/#primaryimage\"},\"thumbnailUrl\":\"https:\\\/\\\/zenkit.com\\\/wp-content\\\/uploads\\\/2025\\\/05\\\/Zenkit_to-do_list.gif\",\"datePublished\":\"2018-06-18T12:11:38+00:00\",\"dateModified\":\"2025-12-16T13:49:26+00:00\",\"description\":\"Se Wunderlist ti inizia a stare stretta, hai bisogno di qualcosa di pi\u00f9 spazioso per poter crescere. Zenkit \u00e8 una Lisa To-Do, e molto pi\u00f9 di questo. Scopri come Zenkit fa tutto in maniera differente.\",\"breadcrumb\":{\"@id\":\"https:\\\/\\\/zenkit.com\\\/it\\\/liste-to-do\\\/#breadcrumb\"},\"inLanguage\":\"it-IT\",\"potentialAction\":[{\"@type\":\"ReadAction\",\"target\":[\"https:\\\/\\\/zenkit.com\\\/it\\\/liste-to-do\\\/\"]}]},{\"@type\":\"ImageObject\",\"inLanguage\":\"it-IT\",\"@id\":\"https:\\\/\\\/zenkit.com\\\/it\\\/liste-to-do\\\/#primaryimage\",\"url\":\"https:\\\/\\\/zenkit.com\\\/wp-content\\\/uploads\\\/2025\\\/05\\\/Zenkit_to-do_list.gif\",\"contentUrl\":\"https:\\\/\\\/zenkit.com\\\/wp-content\\\/uploads\\\/2025\\\/05\\\/Zenkit_to-do_list.gif\"},{\"@type\":\"BreadcrumbList\",\"@id\":\"https:\\\/\\\/zenkit.com\\\/it\\\/liste-to-do\\\/#breadcrumb\",\"itemListElement\":[{\"@type\":\"ListItem\",\"position\":1,\"name\":\"Home\",\"item\":\"https:\\\/\\\/zenkit.com\\\/it\\\/\"},{\"@type\":\"ListItem\",\"position\":2,\"name\":\"Alternativa a Wunderlist | Confronto fra Wunderlist &#038; Zenkit | Zenkit\"}]},{\"@type\":\"WebSite\",\"@id\":\"https:\\\/\\\/zenkit.com\\\/it\\\/#website\",\"url\":\"https:\\\/\\\/zenkit.com\\\/it\\\/\",\"name\":\"Zenkit\",\"description\":\"Zenkit Tagline\",\"potentialAction\":[{\"@type\":\"SearchAction\",\"target\":{\"@type\":\"EntryPoint\",\"urlTemplate\":\"https:\\\/\\\/zenkit.com\\\/it\\\/?s={search_term_string}\"},\"query-input\":{\"@type\":\"PropertyValueSpecification\",\"valueRequired\":true,\"valueName\":\"search_term_string\"}}],\"inLanguage\":\"it-IT\"},false]}<\/script>\n<!-- \/ Yoast SEO plugin. -->","yoast_head_json":{"title":"Liste To-Do | Zenkit","description":"Se Wunderlist ti inizia a stare stretta, hai bisogno di qualcosa di pi\u00f9 spazioso per poter crescere. Zenkit \u00e8 una Lisa To-Do, e molto pi\u00f9 di questo. Scopri come Zenkit fa tutto in maniera differente.","robots":{"index":"index","follow":"follow","max-snippet":"max-snippet:-1","max-image-preview":"max-image-preview:large","max-video-preview":"max-video-preview:-1"},"canonical":"https:\/\/zenkit.com\/it\/liste-to-do\/","og_locale":"it_IT","og_type":"article","og_title":"Liste To-Do | Zenkit","og_description":"Se Wunderlist ti inizia a stare stretta, hai bisogno di qualcosa di pi\u00f9 spazioso per poter crescere. Zenkit \u00e8 una Lisa To-Do, e molto pi\u00f9 di questo. Scopri come Zenkit fa tutto in maniera differente.","og_url":"https:\/\/zenkit.com\/it\/liste-to-do\/","og_site_name":"Zenkit","article_publisher":"https:\/\/www.facebook.com\/ZenkitHQ","article_modified_time":"2025-12-16T13:49:26+00:00","og_image":[{"width":500,"height":233,"url":"https:\/\/zenkit.com\/wp-content\/uploads\/2025\/05\/Zenkit_to-do_list.gif","type":"image\/gif"}],"twitter_card":"summary_large_image","twitter_site":"@ZenkitHQ","twitter_misc":{"Tempo di lettura stimato":"9 minuti"},"schema":{"@context":"https:\/\/schema.org","@graph":[{"@type":"WebPage","@id":"https:\/\/zenkit.com\/it\/liste-to-do\/","url":"https:\/\/zenkit.com\/it\/liste-to-do\/","name":"Liste To-Do | Zenkit","isPartOf":{"@id":"https:\/\/zenkit.com\/it\/#website"},"primaryImageOfPage":{"@id":"https:\/\/zenkit.com\/it\/liste-to-do\/#primaryimage"},"image":{"@id":"https:\/\/zenkit.com\/it\/liste-to-do\/#primaryimage"},"thumbnailUrl":"https:\/\/zenkit.com\/wp-content\/uploads\/2025\/05\/Zenkit_to-do_list.gif","datePublished":"2018-06-18T12:11:38+00:00","dateModified":"2025-12-16T13:49:26+00:00","description":"Se Wunderlist ti inizia a stare stretta, hai bisogno di qualcosa di pi\u00f9 spazioso per poter crescere. Zenkit \u00e8 una Lisa To-Do, e molto pi\u00f9 di questo. Scopri come Zenkit fa tutto in maniera differente.","breadcrumb":{"@id":"https:\/\/zenkit.com\/it\/liste-to-do\/#breadcrumb"},"inLanguage":"it-IT","potentialAction":[{"@type":"ReadAction","target":["https:\/\/zenkit.com\/it\/liste-to-do\/"]}]},{"@type":"ImageObject","inLanguage":"it-IT","@id":"https:\/\/zenkit.com\/it\/liste-to-do\/#primaryimage","url":"https:\/\/zenkit.com\/wp-content\/uploads\/2025\/05\/Zenkit_to-do_list.gif","contentUrl":"https:\/\/zenkit.com\/wp-content\/uploads\/2025\/05\/Zenkit_to-do_list.gif"},{"@type":"BreadcrumbList","@id":"https:\/\/zenkit.com\/it\/liste-to-do\/#breadcrumb","itemListElement":[{"@type":"ListItem","position":1,"name":"Home","item":"https:\/\/zenkit.com\/it\/"},{"@type":"ListItem","position":2,"name":"Alternativa a Wunderlist | Confronto fra Wunderlist &#038; Zenkit | Zenkit"}]},{"@type":"WebSite","@id":"https:\/\/zenkit.com\/it\/#website","url":"https:\/\/zenkit.com\/it\/","name":"Zenkit","description":"Zenkit Tagline","potentialAction":[{"@type":"SearchAction","target":{"@type":"EntryPoint","urlTemplate":"https:\/\/zenkit.com\/it\/?s={search_term_string}"},"query-input":{"@type":"PropertyValueSpecification","valueRequired":true,"valueName":"search_term_string"}}],"inLanguage":"it-IT"},false]}},"yasr_visitor_votes":{"stars_attributes":{"read_only":false,"span_bottom":false},"number_of_votes":0,"sum_votes":0},"_links":{"self":[{"href":"https:\/\/zenkit.com\/it\/wp-json\/wp\/v2\/pages\/11439","targetHints":{"allow":["GET"]}}],"collection":[{"href":"https:\/\/zenkit.com\/it\/wp-json\/wp\/v2\/pages"}],"about":[{"href":"https:\/\/zenkit.com\/it\/wp-json\/wp\/v2\/types\/page"}],"author":[{"embeddable":true,"href":"https:\/\/zenkit.com\/it\/wp-json\/wp\/v2\/users\/1"}],"replies":[{"embeddable":true,"href":"https:\/\/zenkit.com\/it\/wp-json\/wp\/v2\/comments?post=11439"}],"version-history":[{"count":2,"href":"https:\/\/zenkit.com\/it\/wp-json\/wp\/v2\/pages\/11439\/revisions"}],"predecessor-version":[{"id":175175,"href":"https:\/\/zenkit.com\/it\/wp-json\/wp\/v2\/pages\/11439\/revisions\/175175"}],"wp:attachment":[{"href":"https:\/\/zenkit.com\/it\/wp-json\/wp\/v2\/media?parent=11439"}],"curies":[{"name":"wp","href":"https:\/\/api.w.org\/{rel}","templated":true}]}}