{"id":134272,"date":"2025-09-04T11:50:18","date_gmt":"2025-09-04T09:50:18","guid":{"rendered":"https:\/\/zenkit.com\/?page_id=134272"},"modified":"2025-11-04T06:53:17","modified_gmt":"2025-11-04T05:53:17","slug":"reflexion-ai","status":"publish","type":"page","link":"https:\/\/zenkit.com\/it\/integrazioni\/reflexion-ai\/","title":{"rendered":"Reflexion.AI"},"content":{"rendered":"\n<div style=\"height:45px;--tablet-height:45px;--mobile-height:16px\" class=\"wp-block-lookeen-blocks-responsive-spacer\"><\/div>\n\n\n\n<div class=\"wp-block-group has-global-padding is-layout-constrained wp-block-group-is-layout-constrained\">\n<div class=\"wp-block-columns is-layout-flex wp-container-core-columns-is-layout-467d341d wp-block-columns-is-layout-flex\" id=\"main__integrations\" style=\"margin-top:0px;margin-bottom:0px\">\n<div class=\"wp-block-column side__bar__integrations is-layout-flow wp-block-column-is-layout-flow\" style=\"flex-basis:23%\">\n<h2 class=\"wp-block-heading has-da-blue-color-new has-text-color has-link-color wp-elements-c69ca40783b003f8055e510af99705c4\" style=\"margin-top:0px;margin-bottom:0px;font-size:16px;line-height:1.5\">Marketing Automation Integrations<\/h2>\n\n\n<nav class=\"is-vertical integrations__menu wp-block-navigation is-layout-flex wp-container-core-navigation-is-layout-5f9f5280 wp-block-navigation-is-layout-flex\" aria-label=\"it-integrations-marketing-automation-2\"><ul class=\"wp-block-navigation__container  is-vertical integrations__menu wp-block-navigation\"><li class=\" wp-block-navigation-item wp-block-navigation-link\"><a class=\"wp-block-navigation-item__content\"  href=\"https:\/\/zenkit.com\/it\/integrazioni\/leadboxer\/\"><span class=\"wp-block-navigation-item__label\">LeadBoxer<\/span><\/a><\/li><li class=\" wp-block-navigation-item wp-block-navigation-link\"><a class=\"wp-block-navigation-item__content\"  href=\"https:\/\/zenkit.com\/it\/integrazioni\/mailjet\/\"><span class=\"wp-block-navigation-item__label\">Mailjet<\/span><\/a><\/li><li class=\" wp-block-navigation-item wp-block-navigation-link\"><a class=\"wp-block-navigation-item__content\"  href=\"https:\/\/zenkit.com\/it\/integrazioni\/moosend\/\"><span class=\"wp-block-navigation-item__label\">Moosend<\/span><\/a><\/li><li class=\" wp-block-navigation-item wp-block-navigation-link\"><a class=\"wp-block-navigation-item__content\"  href=\"https:\/\/zenkit.com\/it\/integrazioni\/openai\/\"><span class=\"wp-block-navigation-item__label\">OpenAI<\/span><\/a><\/li><li class=\" wp-block-navigation-item wp-block-navigation-link\"><a class=\"wp-block-navigation-item__content\"  href=\"https:\/\/zenkit.com\/it\/integrazioni\/parseur\/\"><span class=\"wp-block-navigation-item__label\">Parseur<\/span><\/a><\/li><li class=\" wp-block-navigation-item wp-block-navigation-link\"><a class=\"wp-block-navigation-item__content\"  href=\"https:\/\/zenkit.com\/it\/integrazioni\/sakari-sms\/\"><span class=\"wp-block-navigation-item__label\">Sakari SMS<\/span><\/a><\/li><li class=\" wp-block-navigation-item wp-block-navigation-link\"><a class=\"wp-block-navigation-item__content\"  href=\"https:\/\/zenkit.com\/it\/integrazioni\/sendinblue\/\"><span class=\"wp-block-navigation-item__label\">SendinBlue<\/span><\/a><\/li><li class=\" wp-block-navigation-item wp-block-navigation-link\"><a class=\"wp-block-navigation-item__content\"  href=\"https:\/\/zenkit.com\/it\/integrazioni\/sharpspring\/\"><span class=\"wp-block-navigation-item__label\">SharpSpring<\/span><\/a><\/li><li class=\" wp-block-navigation-item wp-block-navigation-link\"><a class=\"wp-block-navigation-item__content\"  href=\"https:\/\/zenkit.com\/it\/integrazioni\/simpletexting\/\"><span class=\"wp-block-navigation-item__label\">SimpleTexting<\/span><\/a><\/li><li class=\" wp-block-navigation-item wp-block-navigation-link\"><a class=\"wp-block-navigation-item__content\"  href=\"https:\/\/zenkit.com\/it\/integrazioni\/smsapi\/\"><span class=\"wp-block-navigation-item__label\">SMSAPI<\/span><\/a><\/li><li class=\" wp-block-navigation-item wp-block-navigation-link\"><a class=\"wp-block-navigation-item__content\"  href=\"https:\/\/zenkit.com\/it\/integrazioni\/smsfactor\/\"><span class=\"wp-block-navigation-item__label\">SMSFactor<\/span><\/a><\/li><li class=\" wp-block-navigation-item wp-block-navigation-link\"><a class=\"wp-block-navigation-item__content\"  href=\"https:\/\/zenkit.com\/it\/integrazioni\/storychief\/\"><span class=\"wp-block-navigation-item__label\">StoryChief<\/span><\/a><\/li><li class=\" wp-block-navigation-item wp-block-navigation-link\"><a class=\"wp-block-navigation-item__content\"  href=\"https:\/\/zenkit.com\/it\/integrazioni\/thankster\/\"><span class=\"wp-block-navigation-item__label\">Thankster<\/span><\/a><\/li><li class=\" wp-block-navigation-item wp-block-navigation-link\"><a class=\"wp-block-navigation-item__content\"  href=\"https:\/\/zenkit.com\/it\/integrazioni\/whatconverts\/\"><span class=\"wp-block-navigation-item__label\">WhatConverts<\/span><\/a><\/li><\/ul><\/nav><\/div>\n\n\n\n<div class=\"wp-block-column content__integrations is-layout-flow wp-block-column-is-layout-flow\" style=\"flex-basis:77%\">\n<div class=\"wp-block-group has-global-padding is-layout-constrained wp-block-group-is-layout-constrained\">\n<div class=\"wp-block-group title is-layout-flex wp-container-core-group-is-layout-ed4b00df wp-block-group-is-layout-flex\">\n<figure class=\"wp-block-image size-full is-resized\"><img loading=\"lazy\" decoding=\"async\" width=\"170\" height=\"170\" src=\"https:\/\/zenkit.com\/wp-content\/uploads\/2025\/07\/Seamless-AI-LOGO-2.webp\" alt=\"Reflexion.AI Logo\" class=\"wp-image-118717\" style=\"width:auto;height:46px\" srcset=\"https:\/\/zenkit.com\/wp-content\/uploads\/2025\/07\/Seamless-AI-LOGO-2.webp 170w, https:\/\/zenkit.com\/wp-content\/uploads\/2025\/07\/Seamless-AI-LOGO-2-150x150.webp 150w\" sizes=\"auto, (max-width: 170px) 100vw, 170px\" \/><\/figure>\n\n\n\n<h1 class=\"wp-block-heading\">Reflexion.AI e Zenkit<\/h1>\n<\/div>\n\n\n\n<div class=\"wp-block-group has-global-padding is-layout-constrained wp-block-group-is-layout-constrained\">\n<h3 class=\"wp-block-heading display-h2\">Collega i tuoi account Zenkit e Reflexion.AI<\/h3>\n\n\n\n<p>Con Reflexion.AI, puoi lasciare commenti e feedback sui tuoi progetti video, e con Zenkit puoi tenere traccia di ogni progetto in un unico posto. Immagina se tutti i tuoi commenti su Reflexion.AI si trasformassero automaticamente in nuovi elementi su Zenkit, non sarebbe fantastico? Beh, buone notizie, \u00e8 possibile!<\/p>\n\n\n\n<p>Questa integrazione Zapier creer\u00e0 automaticamente elementi di Zenkit quando viene pubblicato un nuovo commento su Reflexion.AI, permettendo una panoramica chiara su come sta progredendo il tuo progetto video in Zenkit. Questo rende facile per il tuo team mantenersi aggiornato sui progetti video e assicurarsi che tutti siano allineati.<\/p>\n<\/div>\n<\/div>\n\n\n\n<div style=\"height:48px;--tablet-height:36px;--mobile-height:24px\" class=\"wp-block-lookeen-blocks-responsive-spacer\"><\/div>\n\n\n\n<div class=\"wp-block-group has-global-padding is-layout-constrained wp-block-group-is-layout-constrained\">\n<h3 class=\"wp-block-heading display-h2\">Informazioni su Reflexion.AI: Piattaforma di Collaborazione Video Potenziata dall\u2019AI<\/h3>\n\n\n\n<p>Reflexion.ai \u00e8 una piattaforma di collaborazione video che mira a rendere il montaggio video pi\u00f9 naturale ed efficace per il tuo team. Utilizza la tecnologia AI per comprendere lo stile di comunicazione dell\u2019utente e adattarsi ad esso. Contiene funzionalit\u00e0 di riconoscimento visivo, inclusi il riconoscimento facciale e delle emozioni, nonch\u00e9 funzionalit\u00e0 di riconoscimento audio e del parlato, sottotitolazione automatica e trascrizione.<\/p>\n\n\n\n<p>La piattaforma \u00e8 accessibile tramite le versioni pi\u00f9 recenti di Google Chrome, Mozilla Firefox, Safari, Edge, iOS e Android. Aiuta a colmare il divario tra il lavoro a distanza e quello in presenza, facendo sembrare che i membri del team siano nella stessa stanza. \u00c8 uno strumento potente che pu\u00f2 aiutare i team a rimanere connessi e produttivi.<\/p>\n<\/div>\n\n\n\n<div style=\"height:48px;--tablet-height:36px;--mobile-height:24px\" class=\"wp-block-lookeen-blocks-responsive-spacer\"><\/div>\n\n\n\n<div class=\"wp-block-group has-global-padding is-layout-constrained wp-block-group-is-layout-constrained\">\n<h3 class=\"wp-block-heading display-h2\">Informazioni su Zenkit: La tua Piattaforma di Trasformazione Digitale<\/h3>\n\n\n\n<p><a href=\"https:\/\/zenkit.com\/\" target=\"_blank\" rel=\"noreferrer noopener\">Zenkit&nbsp;<\/a>\u00e8 uno strumento collaborativo e facile da usare per la trasformazione digitale e la costruzione di database. Permette di cambiare visualizzazione (tabella, lista delle cose da fare, Kanban, calendario, gerarchia, mappa mentale, Wiki e diagramma di Gantt) con un clic. Puoi condividere il tuo lavoro online con collezioni pubblicate e incorporate e creare integrazioni con la nostra API documentata. Con l\u2019aiuto dei potenti filtri e campi di Zenkit, puoi strutturare i tuoi dati in modo intuitivo come mai prima! CRM, help desk, sistemi di supporto e ticket, HR e reclutamento \u2013 qualunque database tu debba costruire, Zenkit ha la soluzione. &nbsp;<\/p>\n\n\n\n<p>Per ulteriori informazioni, visita:&nbsp;<a href=\"https:\/\/zenkit.com\/it\/base\/\" target=\"_blank\" rel=\"noreferrer noopener\">https:\/\/zenkit.com\/<\/a>.<\/p>\n<\/div>\n\n\n\n<div style=\"height:48px;--tablet-height:36px;--mobile-height:24px\" class=\"wp-block-lookeen-blocks-responsive-spacer\"><\/div>\n\n\n\n<div class=\"wp-block-group has-global-padding is-layout-constrained wp-block-group-is-layout-constrained\">\n<h3 class=\"wp-block-heading display-h2\">Collega Reflexion.AI e Zenkit<\/h3>\n\n\n\n<ol class=\"wp-block-list list__style__position-inside\">\n<li><a href=\"https:\/\/zapier.com\/sign-up\/\" target=\"_blank\" rel=\"noreferrer noopener\">Crea<\/a>&nbsp;fun account Zapier per accedere a Zapier.<\/li>\n\n\n\n<li><a href=\"https:\/\/app.reflexion.ai\/Welcome\">Crea<\/a>&nbsp;un account con Reflexion.AI.<\/li>\n\n\n\n<li>Accedi a Zapier e vai alla&nbsp;<a href=\"https:\/\/zapier.com\/apps\/reflexionai\/integrations\/zenkit\" target=\"_blank\" rel=\"noreferrer noopener\">Zenkit + Reflexion.AI Zapbook&nbsp;<\/a>per trovare i template di Zap.<\/li>\n\n\n\n<li>Oppure scegli di creare la tua integrazione Zenkit e Reflexion.AI selezionandoli quando crei uno zap.<\/li>\n<\/ol>\n<\/div>\n\n\n\n<div style=\"height:48px;--tablet-height:36px;--mobile-height:24px\" class=\"wp-block-lookeen-blocks-responsive-spacer\"><\/div>\n\n\n\n<div class=\"wp-block-group has-global-padding is-layout-constrained wp-block-group-is-layout-constrained\">\n<script type=\"text\/javascript\" src=\"https:\/\/zapier.com\/apps\/embed\/widget.js?guided_zaps=680725\"><\/script>\n<\/div>\n\n\n\n<div style=\"height:48px;--tablet-height:36px;--mobile-height:24px\" class=\"wp-block-lookeen-blocks-responsive-spacer\"><\/div>\n\n\n\n<div class=\"wp-block-group has-global-padding is-layout-constrained wp-block-group-is-layout-constrained\">\n<h3 class=\"wp-block-heading display-h2\">Chi trarr\u00e0 beneficio da questa integrazione tra Reflexion.AI e Zenkit?<\/h3>\n\n\n\n<ul class=\"wp-block-list is-style-da-left-indent\">\n<li>Creativi che vogliono ottimizzare il loro flusso di lavoro combinando la produzione video con uno strumento di gestione progetti.<\/li>\n\n\n\n<li>Project manager che vogliono mantenere ogni membro del team allineato senza perdere commenti importanti durante la collaborazione.<\/li>\n<\/ul>\n<\/div>\n\n\n\n<div style=\"height:48px;--tablet-height:36px;--mobile-height:24px\" class=\"wp-block-lookeen-blocks-responsive-spacer\"><\/div>\n\n\n\n<div class=\"wp-block-group has-global-padding is-layout-constrained wp-block-group-is-layout-constrained\">\n<h3 class=\"wp-block-heading display-h2\">Supporto<\/h3>\n\n\n\n<p>Questa integrazione \u00e8 supportata da Zapier. Se riscontri problemi, contatta il&nbsp;<a href=\"https:\/\/zapier.com\/help\/contact-us\/\" target=\"_blank\" rel=\"noreferrer noopener\">supporto di Zapier<\/a>. Per ulteriori informazioni su come usare Zenkit con Zapier, leggi la nostra&nbsp;<a href=\"https:\/\/zenkit.com\/documentation#\/lists\/HJQBQ1Hw\/sections\/SJYE55zA\/entries\/BJGOKQtA?_k=hyyynn\" target=\"_blank\" rel=\"noreferrer noopener\">documentazione<\/a>.<\/p>\n<\/div>\n<\/div>\n<\/div>\n<\/div>\n\n\n\n<div style=\"height:110px;--tablet-height:60px;--mobile-height:48px\" class=\"wp-block-lookeen-blocks-responsive-spacer\"><\/div>\n","protected":false},"excerpt":{"rendered":"<p>Marketing Automation Integrations Reflexion.AI e Zenkit Collega i tuoi account Zenkit e Reflexion.AI Con Reflexion.AI, puoi lasciare commenti e feedback sui tuoi progetti video, e con Zenkit puoi tenere traccia di ogni progetto in un unico posto. Immagina se tutti i tuoi commenti su Reflexion.AI si trasformassero automaticamente in nuovi elementi su Zenkit, non sarebbe [&hellip;]<\/p>\n","protected":false},"author":9,"featured_media":0,"parent":127379,"menu_order":63,"comment_status":"closed","ping_status":"closed","template":"","meta":{"yasr_overall_rating":0,"yasr_post_is_review":"","yasr_auto_insert_disabled":"","yasr_review_type":"","footnotes":""},"class_list":["post-134272","page","type-page","status-publish","hentry"],"yoast_head":"<!-- This site is optimized with the Yoast SEO plugin v27.4 - https:\/\/yoast.com\/product\/yoast-seo-wordpress\/ -->\n<title>Reflexion.AI | Zenkit<\/title>\n<meta name=\"robots\" content=\"index, follow, max-snippet:-1, max-image-preview:large, max-video-preview:-1\" \/>\n<link rel=\"canonical\" href=\"https:\/\/zenkit.com\/it\/integrazioni\/reflexion-ai\/\" \/>\n<meta property=\"og:locale\" content=\"it_IT\" \/>\n<meta property=\"og:type\" content=\"article\" \/>\n<meta property=\"og:title\" content=\"Reflexion.AI | Zenkit\" \/>\n<meta property=\"og:description\" content=\"Marketing Automation Integrations Reflexion.AI e Zenkit Collega i tuoi account Zenkit e Reflexion.AI Con Reflexion.AI, puoi lasciare commenti e feedback sui tuoi progetti video, e con Zenkit puoi tenere traccia di ogni progetto in un unico posto. Immagina se tutti i tuoi commenti su Reflexion.AI si trasformassero automaticamente in nuovi elementi su Zenkit, non sarebbe [&hellip;]\" \/>\n<meta property=\"og:url\" content=\"https:\/\/zenkit.com\/it\/integrazioni\/reflexion-ai\/\" \/>\n<meta property=\"og:site_name\" content=\"Zenkit\" \/>\n<meta property=\"article:publisher\" content=\"https:\/\/www.facebook.com\/ZenkitHQ\" \/>\n<meta property=\"article:modified_time\" content=\"2025-11-04T05:53:17+00:00\" \/>\n<meta property=\"og:image\" content=\"https:\/\/zenkit.com\/wp-content\/uploads\/2023\/01\/openai-1024x569.jpeg\" \/>\n<meta name=\"twitter:card\" content=\"summary_large_image\" \/>\n<meta name=\"twitter:site\" content=\"@ZenkitHQ\" \/>\n<meta name=\"twitter:label1\" content=\"Tempo di lettura stimato\" \/>\n\t<meta name=\"twitter:data1\" content=\"2 minuti\" \/>\n<script type=\"application\/ld+json\" class=\"yoast-schema-graph\">{\"@context\":\"https:\\\/\\\/schema.org\",\"@graph\":[{\"@type\":\"WebPage\",\"@id\":\"https:\\\/\\\/zenkit.com\\\/it\\\/integrazioni\\\/reflexion-ai\\\/\",\"url\":\"https:\\\/\\\/zenkit.com\\\/it\\\/integrazioni\\\/reflexion-ai\\\/\",\"name\":\"Reflexion.AI | Zenkit\",\"isPartOf\":{\"@id\":\"https:\\\/\\\/zenkit.com\\\/it\\\/#website\"},\"primaryImageOfPage\":{\"@id\":\"https:\\\/\\\/zenkit.com\\\/it\\\/integrazioni\\\/reflexion-ai\\\/#primaryimage\"},\"image\":{\"@id\":\"https:\\\/\\\/zenkit.com\\\/it\\\/integrazioni\\\/reflexion-ai\\\/#primaryimage\"},\"thumbnailUrl\":\"https:\\\/\\\/zenkit.com\\\/wp-content\\\/uploads\\\/2025\\\/07\\\/Seamless-AI-LOGO-2.webp\",\"datePublished\":\"2025-09-04T09:50:18+00:00\",\"dateModified\":\"2025-11-04T05:53:17+00:00\",\"breadcrumb\":{\"@id\":\"https:\\\/\\\/zenkit.com\\\/it\\\/integrazioni\\\/reflexion-ai\\\/#breadcrumb\"},\"inLanguage\":\"it-IT\",\"potentialAction\":[{\"@type\":\"ReadAction\",\"target\":[\"https:\\\/\\\/zenkit.com\\\/it\\\/integrazioni\\\/reflexion-ai\\\/\"]}]},{\"@type\":\"ImageObject\",\"inLanguage\":\"it-IT\",\"@id\":\"https:\\\/\\\/zenkit.com\\\/it\\\/integrazioni\\\/reflexion-ai\\\/#primaryimage\",\"url\":\"https:\\\/\\\/zenkit.com\\\/wp-content\\\/uploads\\\/2025\\\/07\\\/Seamless-AI-LOGO-2.webp\",\"contentUrl\":\"https:\\\/\\\/zenkit.com\\\/wp-content\\\/uploads\\\/2025\\\/07\\\/Seamless-AI-LOGO-2.webp\"},{\"@type\":\"BreadcrumbList\",\"@id\":\"https:\\\/\\\/zenkit.com\\\/it\\\/integrazioni\\\/reflexion-ai\\\/#breadcrumb\",\"itemListElement\":[{\"@type\":\"ListItem\",\"position\":1,\"name\":\"Home\",\"item\":\"https:\\\/\\\/zenkit.com\\\/it\\\/\"},{\"@type\":\"ListItem\",\"position\":2,\"name\":\"Integrazioni\",\"item\":\"https:\\\/\\\/zenkit.com\\\/it\\\/integrazioni\\\/\"},{\"@type\":\"ListItem\",\"position\":3,\"name\":\"Reflexion.AI\"}]},{\"@type\":\"WebSite\",\"@id\":\"https:\\\/\\\/zenkit.com\\\/it\\\/#website\",\"url\":\"https:\\\/\\\/zenkit.com\\\/it\\\/\",\"name\":\"Zenkit\",\"description\":\"Zenkit Tagline\",\"potentialAction\":[{\"@type\":\"SearchAction\",\"target\":{\"@type\":\"EntryPoint\",\"urlTemplate\":\"https:\\\/\\\/zenkit.com\\\/it\\\/?s={search_term_string}\"},\"query-input\":{\"@type\":\"PropertyValueSpecification\",\"valueRequired\":true,\"valueName\":\"search_term_string\"}}],\"inLanguage\":\"it-IT\"},false]}<\/script>\n<!-- \/ Yoast SEO plugin. -->","yoast_head_json":{"title":"Reflexion.AI | Zenkit","robots":{"index":"index","follow":"follow","max-snippet":"max-snippet:-1","max-image-preview":"max-image-preview:large","max-video-preview":"max-video-preview:-1"},"canonical":"https:\/\/zenkit.com\/it\/integrazioni\/reflexion-ai\/","og_locale":"it_IT","og_type":"article","og_title":"Reflexion.AI | Zenkit","og_description":"Marketing Automation Integrations Reflexion.AI e Zenkit Collega i tuoi account Zenkit e Reflexion.AI Con Reflexion.AI, puoi lasciare commenti e feedback sui tuoi progetti video, e con Zenkit puoi tenere traccia di ogni progetto in un unico posto. Immagina se tutti i tuoi commenti su Reflexion.AI si trasformassero automaticamente in nuovi elementi su Zenkit, non sarebbe [&hellip;]","og_url":"https:\/\/zenkit.com\/it\/integrazioni\/reflexion-ai\/","og_site_name":"Zenkit","article_publisher":"https:\/\/www.facebook.com\/ZenkitHQ","article_modified_time":"2025-11-04T05:53:17+00:00","og_image":[{"url":"https:\/\/zenkit.com\/wp-content\/uploads\/2023\/01\/openai-1024x569.jpeg","type":"","width":"","height":""}],"twitter_card":"summary_large_image","twitter_site":"@ZenkitHQ","twitter_misc":{"Tempo di lettura stimato":"2 minuti"},"schema":{"@context":"https:\/\/schema.org","@graph":[{"@type":"WebPage","@id":"https:\/\/zenkit.com\/it\/integrazioni\/reflexion-ai\/","url":"https:\/\/zenkit.com\/it\/integrazioni\/reflexion-ai\/","name":"Reflexion.AI | Zenkit","isPartOf":{"@id":"https:\/\/zenkit.com\/it\/#website"},"primaryImageOfPage":{"@id":"https:\/\/zenkit.com\/it\/integrazioni\/reflexion-ai\/#primaryimage"},"image":{"@id":"https:\/\/zenkit.com\/it\/integrazioni\/reflexion-ai\/#primaryimage"},"thumbnailUrl":"https:\/\/zenkit.com\/wp-content\/uploads\/2025\/07\/Seamless-AI-LOGO-2.webp","datePublished":"2025-09-04T09:50:18+00:00","dateModified":"2025-11-04T05:53:17+00:00","breadcrumb":{"@id":"https:\/\/zenkit.com\/it\/integrazioni\/reflexion-ai\/#breadcrumb"},"inLanguage":"it-IT","potentialAction":[{"@type":"ReadAction","target":["https:\/\/zenkit.com\/it\/integrazioni\/reflexion-ai\/"]}]},{"@type":"ImageObject","inLanguage":"it-IT","@id":"https:\/\/zenkit.com\/it\/integrazioni\/reflexion-ai\/#primaryimage","url":"https:\/\/zenkit.com\/wp-content\/uploads\/2025\/07\/Seamless-AI-LOGO-2.webp","contentUrl":"https:\/\/zenkit.com\/wp-content\/uploads\/2025\/07\/Seamless-AI-LOGO-2.webp"},{"@type":"BreadcrumbList","@id":"https:\/\/zenkit.com\/it\/integrazioni\/reflexion-ai\/#breadcrumb","itemListElement":[{"@type":"ListItem","position":1,"name":"Home","item":"https:\/\/zenkit.com\/it\/"},{"@type":"ListItem","position":2,"name":"Integrazioni","item":"https:\/\/zenkit.com\/it\/integrazioni\/"},{"@type":"ListItem","position":3,"name":"Reflexion.AI"}]},{"@type":"WebSite","@id":"https:\/\/zenkit.com\/it\/#website","url":"https:\/\/zenkit.com\/it\/","name":"Zenkit","description":"Zenkit Tagline","potentialAction":[{"@type":"SearchAction","target":{"@type":"EntryPoint","urlTemplate":"https:\/\/zenkit.com\/it\/?s={search_term_string}"},"query-input":{"@type":"PropertyValueSpecification","valueRequired":true,"valueName":"search_term_string"}}],"inLanguage":"it-IT"},false]}},"yasr_visitor_votes":{"stars_attributes":{"read_only":false,"span_bottom":false},"number_of_votes":0,"sum_votes":0},"_links":{"self":[{"href":"https:\/\/zenkit.com\/it\/wp-json\/wp\/v2\/pages\/134272","targetHints":{"allow":["GET"]}}],"collection":[{"href":"https:\/\/zenkit.com\/it\/wp-json\/wp\/v2\/pages"}],"about":[{"href":"https:\/\/zenkit.com\/it\/wp-json\/wp\/v2\/types\/page"}],"author":[{"embeddable":true,"href":"https:\/\/zenkit.com\/it\/wp-json\/wp\/v2\/users\/9"}],"replies":[{"embeddable":true,"href":"https:\/\/zenkit.com\/it\/wp-json\/wp\/v2\/comments?post=134272"}],"version-history":[{"count":4,"href":"https:\/\/zenkit.com\/it\/wp-json\/wp\/v2\/pages\/134272\/revisions"}],"predecessor-version":[{"id":134296,"href":"https:\/\/zenkit.com\/it\/wp-json\/wp\/v2\/pages\/134272\/revisions\/134296"}],"up":[{"embeddable":true,"href":"https:\/\/zenkit.com\/it\/wp-json\/wp\/v2\/pages\/127379"}],"wp:attachment":[{"href":"https:\/\/zenkit.com\/it\/wp-json\/wp\/v2\/media?parent=134272"}],"curies":[{"name":"wp","href":"https:\/\/api.w.org\/{rel}","templated":true}]}}