{"id":134280,"date":"2025-09-04T12:00:11","date_gmt":"2025-09-04T10:00:11","guid":{"rendered":"https:\/\/zenkit.com\/?page_id=134280"},"modified":"2025-11-04T06:53:17","modified_gmt":"2025-11-04T05:53:17","slug":"everhour","status":"publish","type":"page","link":"https:\/\/zenkit.com\/it\/integrazioni\/everhour\/","title":{"rendered":"Everhour"},"content":{"rendered":"\n<div style=\"height:45px;--tablet-height:45px;--mobile-height:16px\" class=\"wp-block-lookeen-blocks-responsive-spacer\"><\/div>\n\n\n\n<div class=\"wp-block-group has-global-padding is-layout-constrained wp-block-group-is-layout-constrained\">\n<div class=\"wp-block-columns is-layout-flex wp-container-core-columns-is-layout-467d341d wp-block-columns-is-layout-flex\" id=\"main__integrations\" style=\"margin-top:0px;margin-bottom:0px\">\n<div class=\"wp-block-column side__bar__integrations is-layout-flow wp-block-column-is-layout-flow\" style=\"flex-basis:23%\">\n<h2 class=\"wp-block-heading has-da-blue-color-new has-text-color has-link-color wp-elements-b9ff16b4f47aa8ec9167f96087390375\" style=\"margin-top:0px;margin-bottom:0px;font-size:16px;line-height:1.5\">Time Tracking Integrations<\/h2>\n\n\n<nav class=\"is-vertical integrations__menu wp-block-navigation is-layout-flex wp-container-core-navigation-is-layout-5f9f5280 wp-block-navigation-is-layout-flex\" aria-label=\"it-integrations-timetracking\"><ul class=\"wp-block-navigation__container  is-vertical integrations__menu wp-block-navigation\"><li class=\" wp-block-navigation-item wp-block-navigation-link\"><a class=\"wp-block-navigation-item__content\"  href=\"https:\/\/zenkit.com\/it\/integrazioni\/clicktime\/\"><span class=\"wp-block-navigation-item__label\">ClickTime<\/span><\/a><\/li><li class=\" wp-block-navigation-item wp-block-navigation-link\"><a class=\"wp-block-navigation-item__content\"  href=\"https:\/\/zenkit.com\/it\/integrazioni\/everhour\/\"><span class=\"wp-block-navigation-item__label\">Everhour<\/span><\/a><\/li><\/ul><\/nav><\/div>\n\n\n\n<div class=\"wp-block-column content__integrations is-layout-flow wp-block-column-is-layout-flow\" style=\"flex-basis:77%\">\n<div class=\"wp-block-group has-global-padding is-layout-constrained wp-block-group-is-layout-constrained\">\n<div class=\"wp-block-group title is-layout-flex wp-container-core-group-is-layout-ed4b00df wp-block-group-is-layout-flex\">\n<figure class=\"wp-block-image size-full is-resized\"><img loading=\"lazy\" decoding=\"async\" width=\"256\" height=\"256\" src=\"https:\/\/zenkit.com\/wp-content\/uploads\/2025\/07\/everhour-logo-256.webp\" alt=\"\" class=\"wp-image-118464\" style=\"width:auto;height:46px\" srcset=\"https:\/\/zenkit.com\/wp-content\/uploads\/2025\/07\/everhour-logo-256.webp 256w, https:\/\/zenkit.com\/wp-content\/uploads\/2025\/07\/everhour-logo-256-150x150.webp 150w\" sizes=\"auto, (max-width: 256px) 100vw, 256px\" \/><\/figure>\n\n\n\n<h1 class=\"wp-block-heading\">Everhour e Zenkit<\/h1>\n<\/div>\n\n\n\n<div class=\"wp-block-group has-global-padding is-layout-constrained wp-block-group-is-layout-constrained\">\n<h3 class=\"wp-block-heading display-h2\">Connetti i tuoi account Zenkit ed Everhour<\/h3>\n\n\n\n<p>Collegandoti con Everhour, puoi monitorare il tempo dei tuoi task direttamente da Zenkit e poi generare report dettagliati per vedere quanto tempo hai impiegato per l\u2019intero progetto.<\/p>\n<\/div>\n\n\n\n<div style=\"height:48px;--tablet-height:36px;--mobile-height:24px\" class=\"wp-block-lookeen-blocks-responsive-spacer\"><\/div>\n<\/div>\n\n\n\n<div class=\"wp-block-group has-global-padding is-layout-constrained wp-block-group-is-layout-constrained\">\n<figure class=\"wp-block-image size-full\"><img loading=\"lazy\" decoding=\"async\" width=\"972\" height=\"628\" src=\"https:\/\/zenkit.com\/wp-content\/uploads\/2025\/07\/Everhour-integration.webp\" alt=\"Connetti i tuoi account Zenkit ed Everhour\" class=\"wp-image-118475\" srcset=\"https:\/\/zenkit.com\/wp-content\/uploads\/2025\/07\/Everhour-integration.webp 972w, https:\/\/zenkit.com\/wp-content\/uploads\/2025\/07\/Everhour-integration-300x194.webp 300w, https:\/\/zenkit.com\/wp-content\/uploads\/2025\/07\/Everhour-integration-768x496.webp 768w\" sizes=\"auto, (max-width: 972px) 100vw, 972px\" \/><\/figure>\n<\/div>\n\n\n\n<div style=\"height:48px;--tablet-height:36px;--mobile-height:24px\" class=\"wp-block-lookeen-blocks-responsive-spacer\"><\/div>\n\n\n\n<div class=\"wp-block-group has-global-padding is-layout-constrained wp-block-group-is-layout-constrained\">\n<h3 class=\"wp-block-heading display-h2\">Informazioni su Everhour: Software di monitoraggio del tempo<\/h3>\n\n\n\n<p>Everhour \u00e8 un software di monitoraggio del tempo intuitivo e facile da usare. Puoi monitorare il tempo, impostare stime, trasformare le ore monitorate in fatture, gestire i pagamenti e analizzare le prestazioni del team con report personalizzabili. Everhour si integra nativamente con i pi\u00f9 popolari strumenti di gestione progetti come Zenkit, Asana, Trello e molti altri. Non sar\u00e0 pi\u00f9 necessario passare da una scheda all\u2019altra!<\/p>\n<\/div>\n\n\n\n<div style=\"height:48px;--tablet-height:36px;--mobile-height:24px\" class=\"wp-block-lookeen-blocks-responsive-spacer\"><\/div>\n\n\n\n<div class=\"wp-block-group has-global-padding is-layout-constrained wp-block-group-is-layout-constrained\">\n<h3 class=\"wp-block-heading display-h2\">Informazioni su Zenkit: Gestione progetti online<\/h3>\n\n\n\n<p><a href=\"https:\/\/zenkit.com\/\">Zenkit<\/a>&nbsp;\u00e8 una soluzione per la gestione di pi\u00f9 progetti, adatta sia per progetti agili che classici. Offre funzionalit\u00e0 di collaborazione in tempo reale, visualizzazioni intelligenti, report e pianificazione delle risorse, che consentono al tuo team di fare reali progressi. Con un solo clic, puoi passare a diverse visualizzazioni dei tuoi progetti, tra cui Kanban, diagramma di Gantt, tabella, mappa mentale, gerarchia, elenco e calendario. Puoi accedere a Zenkit su quasi tutte le piattaforme, incluse web, Windows, Linux, applicazioni MacOS, nonch\u00e9 versioni mobili su dispositivi Android e iOS.<\/p>\n\n\n\n<p>Per ulteriori informazioni, visita&nbsp;<a href=\"https:\/\/zenkit.com\/it\/projects\/\">https:\/\/zenkit.com\/<\/a>.<\/p>\n<\/div>\n\n\n\n<div style=\"height:48px;--tablet-height:36px;--mobile-height:24px\" class=\"wp-block-lookeen-blocks-responsive-spacer\"><\/div>\n\n\n\n<div class=\"wp-block-group has-global-padding is-layout-constrained wp-block-group-is-layout-constrained\">\n<h3 class=\"wp-block-heading display-h2\">Come connettere Everhour e Zenkit?<\/h3>\n\n\n\n<ol class=\"wp-block-list list__style__position-inside\">\n<li><a href=\"https:\/\/everhour.com\/signup\">Crea&nbsp;<\/a>un account Everhour.<\/li>\n\n\n\n<li>Installa l\u2019estensione del browser Everhour per&nbsp;<a href=\"https:\/\/support.everhour.com\/article\/441-how-to-install-everhour-extension-in-chrome\">Chrome<\/a>,&nbsp;<a href=\"https:\/\/support.everhour.com\/article\/442-how-to-install-everhour-extension-in-firefox\">Firefox<\/a>,&nbsp;<a href=\"https:\/\/support.everhour.com\/article\/177-browser-extension-safari\">Safari<\/a>,&nbsp;<a href=\"https:\/\/support.everhour.com\/article\/303-how-to-install-everhour-browser-extensions-on-opera\">Opera<\/a>&nbsp;e&nbsp;<a href=\"https:\/\/support.everhour.com\/article\/302-how-to-install-everhour-browser-extensions-on-microsoft-edge\">Edge<\/a>.<\/li>\n\n\n\n<li>Apri l\u2019estensione Everhour e fai clic sull\u2019icona dell\u2019avatar per accedere alla pagina delle integrazioni. Cerca Zenkit e abilitalo.<\/li>\n\n\n\n<li>Avvia e ferma il timer, oppure aggiungi manualmente il tempo per oggi o per una data passata in tutti i task di Zenkit.<\/li>\n\n\n\n<li>Successivamente, esegui il report del tempo su&nbsp;<a href=\"http:\/\/app.everhour.com\/\">Everhour<\/a>.<\/li>\n<\/ol>\n\n\n\n<p>Scopri di pi\u00f9 qui:<a href=\"https:\/\/everhour.com\/integrations\/zenkit-time-tracking\">https:\/\/everhour.com\/integrations\/zenkit-time-tracking<\/a>.<\/p>\n<\/div>\n\n\n\n<div style=\"height:48px;--tablet-height:36px;--mobile-height:24px\" class=\"wp-block-lookeen-blocks-responsive-spacer\"><\/div>\n\n\n\n<div class=\"wp-block-group has-global-padding is-layout-constrained wp-block-group-is-layout-constrained\">\n<h3 class=\"wp-block-heading display-h2\">Chi trarr\u00e0 vantaggio da questa integrazione tra Everhour e Zenkit?<\/h3>\n\n\n\n<ul class=\"wp-block-list is-style-da-left-indent\">\n<li>Project Manager che desiderano monitorare facilmente quanto tempo viene speso su ciascuna attivit\u00e0.<\/li>\n\n\n\n<li>Persone che vogliono evitare di passare costantemente da un\u2019app all\u2019altra ogni giorno.<\/li>\n<\/ul>\n<\/div>\n\n\n\n<div style=\"height:48px;--tablet-height:36px;--mobile-height:24px\" class=\"wp-block-lookeen-blocks-responsive-spacer\"><\/div>\n\n\n\n<div class=\"wp-block-group has-global-padding is-layout-constrained wp-block-group-is-layout-constrained\">\n<h3 class=\"wp-block-heading display-h2\">Dettagli aggiuntivi sull\u2019integrazione<\/h3>\n\n\n\n<ul class=\"wp-block-list is-style-da-left-indent\">\n<li>Supportata da Everhour: Si prega di contattare&nbsp;<a href=\"mailto:ask@everhour.com\">Everhour<\/a>&nbsp;in caso di problemi.<\/li>\n<\/ul>\n<\/div>\n<\/div>\n<\/div>\n<\/div>\n\n\n\n<div style=\"height:110px;--tablet-height:60px;--mobile-height:48px\" class=\"wp-block-lookeen-blocks-responsive-spacer\"><\/div>\n","protected":false},"excerpt":{"rendered":"<p>Time Tracking Integrations Everhour e Zenkit Connetti i tuoi account Zenkit ed Everhour Collegandoti con Everhour, puoi monitorare il tempo dei tuoi task direttamente da Zenkit e poi generare report dettagliati per vedere quanto tempo hai impiegato per l\u2019intero progetto. Informazioni su Everhour: Software di monitoraggio del tempo Everhour \u00e8 un software di monitoraggio del [&hellip;]<\/p>\n","protected":false},"author":9,"featured_media":0,"parent":127379,"menu_order":22,"comment_status":"closed","ping_status":"closed","template":"","meta":{"yasr_overall_rating":0,"yasr_post_is_review":"","yasr_auto_insert_disabled":"","yasr_review_type":"","footnotes":""},"class_list":["post-134280","page","type-page","status-publish","hentry"],"yoast_head":"<!-- This site is optimized with the Yoast SEO plugin v27.4 - https:\/\/yoast.com\/product\/yoast-seo-wordpress\/ -->\n<title>Everhour | Zenkit<\/title>\n<meta name=\"robots\" content=\"index, follow, max-snippet:-1, max-image-preview:large, max-video-preview:-1\" \/>\n<link rel=\"canonical\" href=\"https:\/\/zenkit.com\/it\/integrazioni\/everhour\/\" \/>\n<meta property=\"og:locale\" content=\"it_IT\" \/>\n<meta property=\"og:type\" content=\"article\" \/>\n<meta property=\"og:title\" content=\"Everhour | Zenkit\" \/>\n<meta property=\"og:description\" content=\"Time Tracking Integrations Everhour e Zenkit Connetti i tuoi account Zenkit ed Everhour Collegandoti con Everhour, puoi monitorare il tempo dei tuoi task direttamente da Zenkit e poi generare report dettagliati per vedere quanto tempo hai impiegato per l\u2019intero progetto. Informazioni su Everhour: Software di monitoraggio del tempo Everhour \u00e8 un software di monitoraggio del [&hellip;]\" \/>\n<meta property=\"og:url\" content=\"https:\/\/zenkit.com\/it\/integrazioni\/everhour\/\" \/>\n<meta property=\"og:site_name\" content=\"Zenkit\" \/>\n<meta property=\"article:publisher\" content=\"https:\/\/www.facebook.com\/ZenkitHQ\" \/>\n<meta property=\"article:modified_time\" content=\"2025-11-04T05:53:17+00:00\" \/>\n<meta property=\"og:image\" content=\"https:\/\/zenkit.com\/wp-content\/uploads\/2025\/07\/everhour-logo-256.webp\" \/>\n\t<meta property=\"og:image:width\" content=\"256\" \/>\n\t<meta property=\"og:image:height\" content=\"256\" \/>\n\t<meta property=\"og:image:type\" content=\"image\/webp\" \/>\n<meta name=\"twitter:card\" content=\"summary_large_image\" \/>\n<meta name=\"twitter:site\" content=\"@ZenkitHQ\" \/>\n<meta name=\"twitter:label1\" content=\"Tempo di lettura stimato\" \/>\n\t<meta name=\"twitter:data1\" content=\"2 minuti\" \/>\n<script type=\"application\/ld+json\" class=\"yoast-schema-graph\">{\"@context\":\"https:\\\/\\\/schema.org\",\"@graph\":[{\"@type\":\"WebPage\",\"@id\":\"https:\\\/\\\/zenkit.com\\\/it\\\/integrazioni\\\/everhour\\\/\",\"url\":\"https:\\\/\\\/zenkit.com\\\/it\\\/integrazioni\\\/everhour\\\/\",\"name\":\"Everhour | Zenkit\",\"isPartOf\":{\"@id\":\"https:\\\/\\\/zenkit.com\\\/it\\\/#website\"},\"primaryImageOfPage\":{\"@id\":\"https:\\\/\\\/zenkit.com\\\/it\\\/integrazioni\\\/everhour\\\/#primaryimage\"},\"image\":{\"@id\":\"https:\\\/\\\/zenkit.com\\\/it\\\/integrazioni\\\/everhour\\\/#primaryimage\"},\"thumbnailUrl\":\"https:\\\/\\\/zenkit.com\\\/wp-content\\\/uploads\\\/2025\\\/07\\\/everhour-logo-256.webp\",\"datePublished\":\"2025-09-04T10:00:11+00:00\",\"dateModified\":\"2025-11-04T05:53:17+00:00\",\"breadcrumb\":{\"@id\":\"https:\\\/\\\/zenkit.com\\\/it\\\/integrazioni\\\/everhour\\\/#breadcrumb\"},\"inLanguage\":\"it-IT\",\"potentialAction\":[{\"@type\":\"ReadAction\",\"target\":[\"https:\\\/\\\/zenkit.com\\\/it\\\/integrazioni\\\/everhour\\\/\"]}]},{\"@type\":\"ImageObject\",\"inLanguage\":\"it-IT\",\"@id\":\"https:\\\/\\\/zenkit.com\\\/it\\\/integrazioni\\\/everhour\\\/#primaryimage\",\"url\":\"https:\\\/\\\/zenkit.com\\\/wp-content\\\/uploads\\\/2025\\\/07\\\/everhour-logo-256.webp\",\"contentUrl\":\"https:\\\/\\\/zenkit.com\\\/wp-content\\\/uploads\\\/2025\\\/07\\\/everhour-logo-256.webp\"},{\"@type\":\"BreadcrumbList\",\"@id\":\"https:\\\/\\\/zenkit.com\\\/it\\\/integrazioni\\\/everhour\\\/#breadcrumb\",\"itemListElement\":[{\"@type\":\"ListItem\",\"position\":1,\"name\":\"Home\",\"item\":\"https:\\\/\\\/zenkit.com\\\/it\\\/\"},{\"@type\":\"ListItem\",\"position\":2,\"name\":\"Integrazioni\",\"item\":\"https:\\\/\\\/zenkit.com\\\/it\\\/integrazioni\\\/\"},{\"@type\":\"ListItem\",\"position\":3,\"name\":\"Everhour\"}]},{\"@type\":\"WebSite\",\"@id\":\"https:\\\/\\\/zenkit.com\\\/it\\\/#website\",\"url\":\"https:\\\/\\\/zenkit.com\\\/it\\\/\",\"name\":\"Zenkit\",\"description\":\"Zenkit Tagline\",\"potentialAction\":[{\"@type\":\"SearchAction\",\"target\":{\"@type\":\"EntryPoint\",\"urlTemplate\":\"https:\\\/\\\/zenkit.com\\\/it\\\/?s={search_term_string}\"},\"query-input\":{\"@type\":\"PropertyValueSpecification\",\"valueRequired\":true,\"valueName\":\"search_term_string\"}}],\"inLanguage\":\"it-IT\"},false]}<\/script>\n<!-- \/ Yoast SEO plugin. -->","yoast_head_json":{"title":"Everhour | Zenkit","robots":{"index":"index","follow":"follow","max-snippet":"max-snippet:-1","max-image-preview":"max-image-preview:large","max-video-preview":"max-video-preview:-1"},"canonical":"https:\/\/zenkit.com\/it\/integrazioni\/everhour\/","og_locale":"it_IT","og_type":"article","og_title":"Everhour | Zenkit","og_description":"Time Tracking Integrations Everhour e Zenkit Connetti i tuoi account Zenkit ed Everhour Collegandoti con Everhour, puoi monitorare il tempo dei tuoi task direttamente da Zenkit e poi generare report dettagliati per vedere quanto tempo hai impiegato per l\u2019intero progetto. Informazioni su Everhour: Software di monitoraggio del tempo Everhour \u00e8 un software di monitoraggio del [&hellip;]","og_url":"https:\/\/zenkit.com\/it\/integrazioni\/everhour\/","og_site_name":"Zenkit","article_publisher":"https:\/\/www.facebook.com\/ZenkitHQ","article_modified_time":"2025-11-04T05:53:17+00:00","og_image":[{"width":256,"height":256,"url":"https:\/\/zenkit.com\/wp-content\/uploads\/2025\/07\/everhour-logo-256.webp","type":"image\/webp"}],"twitter_card":"summary_large_image","twitter_site":"@ZenkitHQ","twitter_misc":{"Tempo di lettura stimato":"2 minuti"},"schema":{"@context":"https:\/\/schema.org","@graph":[{"@type":"WebPage","@id":"https:\/\/zenkit.com\/it\/integrazioni\/everhour\/","url":"https:\/\/zenkit.com\/it\/integrazioni\/everhour\/","name":"Everhour | Zenkit","isPartOf":{"@id":"https:\/\/zenkit.com\/it\/#website"},"primaryImageOfPage":{"@id":"https:\/\/zenkit.com\/it\/integrazioni\/everhour\/#primaryimage"},"image":{"@id":"https:\/\/zenkit.com\/it\/integrazioni\/everhour\/#primaryimage"},"thumbnailUrl":"https:\/\/zenkit.com\/wp-content\/uploads\/2025\/07\/everhour-logo-256.webp","datePublished":"2025-09-04T10:00:11+00:00","dateModified":"2025-11-04T05:53:17+00:00","breadcrumb":{"@id":"https:\/\/zenkit.com\/it\/integrazioni\/everhour\/#breadcrumb"},"inLanguage":"it-IT","potentialAction":[{"@type":"ReadAction","target":["https:\/\/zenkit.com\/it\/integrazioni\/everhour\/"]}]},{"@type":"ImageObject","inLanguage":"it-IT","@id":"https:\/\/zenkit.com\/it\/integrazioni\/everhour\/#primaryimage","url":"https:\/\/zenkit.com\/wp-content\/uploads\/2025\/07\/everhour-logo-256.webp","contentUrl":"https:\/\/zenkit.com\/wp-content\/uploads\/2025\/07\/everhour-logo-256.webp"},{"@type":"BreadcrumbList","@id":"https:\/\/zenkit.com\/it\/integrazioni\/everhour\/#breadcrumb","itemListElement":[{"@type":"ListItem","position":1,"name":"Home","item":"https:\/\/zenkit.com\/it\/"},{"@type":"ListItem","position":2,"name":"Integrazioni","item":"https:\/\/zenkit.com\/it\/integrazioni\/"},{"@type":"ListItem","position":3,"name":"Everhour"}]},{"@type":"WebSite","@id":"https:\/\/zenkit.com\/it\/#website","url":"https:\/\/zenkit.com\/it\/","name":"Zenkit","description":"Zenkit Tagline","potentialAction":[{"@type":"SearchAction","target":{"@type":"EntryPoint","urlTemplate":"https:\/\/zenkit.com\/it\/?s={search_term_string}"},"query-input":{"@type":"PropertyValueSpecification","valueRequired":true,"valueName":"search_term_string"}}],"inLanguage":"it-IT"},false]}},"yasr_visitor_votes":{"stars_attributes":{"read_only":false,"span_bottom":false},"number_of_votes":0,"sum_votes":0},"_links":{"self":[{"href":"https:\/\/zenkit.com\/it\/wp-json\/wp\/v2\/pages\/134280","targetHints":{"allow":["GET"]}}],"collection":[{"href":"https:\/\/zenkit.com\/it\/wp-json\/wp\/v2\/pages"}],"about":[{"href":"https:\/\/zenkit.com\/it\/wp-json\/wp\/v2\/types\/page"}],"author":[{"embeddable":true,"href":"https:\/\/zenkit.com\/it\/wp-json\/wp\/v2\/users\/9"}],"replies":[{"embeddable":true,"href":"https:\/\/zenkit.com\/it\/wp-json\/wp\/v2\/comments?post=134280"}],"version-history":[{"count":3,"href":"https:\/\/zenkit.com\/it\/wp-json\/wp\/v2\/pages\/134280\/revisions"}],"predecessor-version":[{"id":134295,"href":"https:\/\/zenkit.com\/it\/wp-json\/wp\/v2\/pages\/134280\/revisions\/134295"}],"up":[{"embeddable":true,"href":"https:\/\/zenkit.com\/it\/wp-json\/wp\/v2\/pages\/127379"}],"wp:attachment":[{"href":"https:\/\/zenkit.com\/it\/wp-json\/wp\/v2\/media?parent=134280"}],"curies":[{"name":"wp","href":"https:\/\/api.w.org\/{rel}","templated":true}]}}