{"id":134290,"date":"2025-09-04T12:14:16","date_gmt":"2025-09-04T10:14:16","guid":{"rendered":"https:\/\/zenkit.com\/?page_id=134290"},"modified":"2025-11-04T06:53:17","modified_gmt":"2025-11-04T05:53:17","slug":"integrately","status":"publish","type":"page","link":"https:\/\/zenkit.com\/it\/integrazioni\/integrately\/","title":{"rendered":"+500 via Integrately"},"content":{"rendered":"\n<div style=\"height:45px;--tablet-height:45px;--mobile-height:16px\" class=\"wp-block-lookeen-blocks-responsive-spacer\"><\/div>\n\n\n\n<div class=\"wp-block-group has-global-padding is-layout-constrained wp-block-group-is-layout-constrained\">\n<div class=\"wp-block-columns is-layout-flex wp-container-core-columns-is-layout-467d341d wp-block-columns-is-layout-flex\" id=\"main__integrations\" style=\"margin-top:0px;margin-bottom:0px\">\n<div class=\"wp-block-column side__bar__integrations is-layout-flow wp-block-column-is-layout-flow\" style=\"flex-basis:23%\">\n<h2 class=\"wp-block-heading has-da-blue-color-new has-text-color has-link-color wp-elements-ac46a304571dea7547d79bc5fe7c258a\" style=\"margin-top:0px;margin-bottom:0px;font-size:16px;line-height:1.5\">Other Integrations<\/h2>\n\n\n<nav class=\"is-vertical integrations__menu wp-block-navigation is-layout-flex wp-container-core-navigation-is-layout-5f9f5280 wp-block-navigation-is-layout-flex\" aria-label=\"it-integrations-other\"><ul class=\"wp-block-navigation__container  is-vertical integrations__menu wp-block-navigation\"><li class=\" wp-block-navigation-item wp-block-navigation-link\"><a class=\"wp-block-navigation-item__content\"  href=\"https:\/\/zenkit.com\/it\/integrazioni\/deskmoz\/\"><span class=\"wp-block-navigation-item__label\">DeskMoz<\/span><\/a><\/li><li class=\" wp-block-navigation-item wp-block-navigation-link\"><a class=\"wp-block-navigation-item__content\"  href=\"https:\/\/zenkit.com\/it\/integrazioni\/pdffiller\/\"><span class=\"wp-block-navigation-item__label\">PDFfiller<\/span><\/a><\/li><li class=\" wp-block-navigation-item wp-block-navigation-link\"><a class=\"wp-block-navigation-item__content\"  href=\"https:\/\/zenkit.com\/it\/integrazioni\/integrately\/\"><span class=\"wp-block-navigation-item__label\">+500 via Integrately<\/span><\/a><\/li><\/ul><\/nav><\/div>\n\n\n\n<div class=\"wp-block-column content__integrations is-layout-flow wp-block-column-is-layout-flow\" style=\"flex-basis:77%\">\n<div class=\"wp-block-group has-global-padding is-layout-constrained wp-block-group-is-layout-constrained\">\n<div class=\"wp-block-group title is-nowrap is-layout-flex wp-container-core-group-is-layout-2e1435bd wp-block-group-is-layout-flex\">\n<figure class=\"wp-block-image size-full is-resized\"><img loading=\"lazy\" decoding=\"async\" width=\"500\" height=\"500\" src=\"https:\/\/zenkit.com\/wp-content\/uploads\/2025\/07\/integrately-icon.webp\" alt=\"\" class=\"wp-image-117659\" style=\"width:auto;height:46px\" srcset=\"https:\/\/zenkit.com\/wp-content\/uploads\/2025\/07\/integrately-icon.webp 500w, https:\/\/zenkit.com\/wp-content\/uploads\/2025\/07\/integrately-icon-300x300.webp 300w, https:\/\/zenkit.com\/wp-content\/uploads\/2025\/07\/integrately-icon-150x150.webp 150w\" sizes=\"auto, (max-width: 500px) 100vw, 500px\" \/><\/figure>\n\n\n\n<h1 class=\"wp-block-heading\">+500 via Integrately &amp; Zenkit<\/h1>\n<\/div>\n\n\n\n<div class=\"wp-block-group has-global-padding is-layout-constrained wp-block-group-is-layout-constrained\">\n<p>Integrately ti aiuta a collegare Zenkit a circa 500 altre app<\/p>\n<\/div>\n<\/div>\n\n\n\n<div style=\"height:48px;--tablet-height:36px;--mobile-height:24px\" class=\"wp-block-lookeen-blocks-responsive-spacer\"><\/div>\n\n\n\n<div class=\"wp-block-group has-global-padding is-layout-constrained wp-block-group-is-layout-constrained\">\n<figure class=\"wp-block-image size-full\"><img loading=\"lazy\" decoding=\"async\" width=\"1024\" height=\"658\" src=\"https:\/\/zenkit.com\/wp-content\/uploads\/2025\/07\/zenkit-explore-1024x658-1.webp\" alt=\"+500 via Integrately &amp; Zenkit\" class=\"wp-image-117671\" srcset=\"https:\/\/zenkit.com\/wp-content\/uploads\/2025\/07\/zenkit-explore-1024x658-1.webp 1024w, https:\/\/zenkit.com\/wp-content\/uploads\/2025\/07\/zenkit-explore-1024x658-1-300x193.webp 300w, https:\/\/zenkit.com\/wp-content\/uploads\/2025\/07\/zenkit-explore-1024x658-1-768x494.webp 768w\" sizes=\"auto, (max-width: 1024px) 100vw, 1024px\" \/><\/figure>\n\n\n\n<div style=\"height:48px;--tablet-height:36px;--mobile-height:24px\" class=\"wp-block-lookeen-blocks-responsive-spacer\"><\/div>\n\n\n\n<p>Trova le app che usi e ami, e connettile con Zenkit per automatizzare i tuoi flussi di lavoro! Rendi il lavoro un po\u2019 pi\u00f9 divertente!<\/p>\n\n\n\n<p>Scopri tutti i modi in cui puoi integrare Zenkit con altre app&nbsp;<a href=\"https:\/\/integrately.com\/integrations\/zenkit\">qua<\/a>!<\/p>\n<\/div>\n\n\n\n<div style=\"height:48px;--tablet-height:36px;--mobile-height:24px\" class=\"wp-block-lookeen-blocks-responsive-spacer\"><\/div>\n\n\n\n<div class=\"wp-block-group has-global-padding is-layout-constrained wp-block-group-is-layout-constrained\">\n<h3 class=\"wp-block-heading display-h2\">Riguardo Integrately: Software di automazione con un clic<\/h3>\n\n\n\n<p><a href=\"https:\/\/integrately.com\/\">Integrately<\/a>\u00a0\u00e8 un software di automazione che fornisce ai suoi utenti automazioni \u201ccon un clic\u201d pronte all\u2019uso, quindi lo sforzo nella creazione delle integrazioni \u00e8 minimo. Mirato ad aiutare anche le persone meno tecniche ad automatizzare i propri flussi di lavoro, Integrately ha una curva di apprendimento \u201czero\u201d e la UX \u00e8 estremamente intuitiva. Ancora pi\u00f9 importante, comprendere la cronologia dei record \u00e8 facile perch\u00e9 viene visualizzata come modulo e non in JSON. Ci\u00f2 semplifica la comprensione di cosa \u00e8 andato storto quando si verifica un errore.<\/p>\n<\/div>\n\n\n\n<div style=\"height:48px;--tablet-height:36px;--mobile-height:24px\" class=\"wp-block-lookeen-blocks-responsive-spacer\"><\/div>\n\n\n\n<div class=\"wp-block-group has-global-padding is-layout-constrained wp-block-group-is-layout-constrained\">\n<h3 class=\"wp-block-heading display-h2\">Riguardo Zenkit: Gestione del progetto online<\/h3>\n\n\n\n<p><a href=\"https:\/\/zenkit.com\/it\/projects\/\">Zenkit<\/a>&nbsp;\u00e8 una soluzione di gestione multiprogetto per progetti agili e classici. Offre funzionalit\u00e0 di collaborazione in tempo reale, visualizzazioni intelligenti, report e pianificazione delle risorse che consentono progressi reali al tuo team. Con un clic, puoi passare i tuoi progetti a diverse visualizzazioni, tra cui Kanban, diagramma di Gantt, tabella, mappa mentale, gerarchia, lista e calendario. Puoi accedere a Zenkit su quasi tutte le piattaforme: incluse applicazioni web, Windows, Linux, MacOS e versioni mobili su dispositivi Android e iOS.<\/p>\n\n\n\n<p>Come parte della Suite Zenkit, Zenkit si integra senza problemi con tutti i prodotti della suite Zenkit. Per ulteriori informazioni visita<a href=\"https:\/\/zenkit.com\/it\/projects\/\">&nbsp;https:\/\/zenkit.com\/projects<\/a>.<\/p>\n<\/div>\n\n\n\n<div style=\"height:48px;--tablet-height:36px;--mobile-height:24px\" class=\"wp-block-lookeen-blocks-responsive-spacer\"><\/div>\n\n\n\n<div class=\"wp-block-group has-global-padding is-layout-constrained wp-block-group-is-layout-constrained\">\n<h3 class=\"wp-block-heading display-h2\">Come si collega Integrately e Zenkit?<\/h3>\n\n\n\n<ol class=\"wp-block-list list__style__position-inside\">\n<li><a href=\"https:\/\/zapier.com\/sign-up\/\">Crea un account su<\/a>\u00a0Integrately.<\/li>\n\n\n\n<li>Accedi a Integratelye scegli l\u2019app che vorresti connettere a Zenkit.<\/li>\n\n\n\n<li>Segui le istruzioni per impostare la connessione in 5 minuti.<\/li>\n<\/ol>\n\n\n\n<p>Qui sotto ecco un video che mostra come connettere Zenkit ad altre app tramite Integrately.<\/p>\n<\/div>\n\n\n\n<div style=\"height:48px;--tablet-height:36px;--mobile-height:24px\" class=\"wp-block-lookeen-blocks-responsive-spacer\"><\/div>\n\n\n\n<div class=\"wp-block-group has-global-padding is-layout-constrained wp-block-group-is-layout-constrained\">\n<figure class=\"wp-block-video\"><video controls src=\"https:\/\/zenkit.com\/wp-content\/uploads\/2021\/11\/Zenkit-Integrately-video.mp4\"><\/video><\/figure>\n<\/div>\n\n\n\n<div style=\"height:48px;--tablet-height:36px;--mobile-height:24px\" class=\"wp-block-lookeen-blocks-responsive-spacer\"><\/div>\n\n\n\n<div class=\"wp-block-group has-global-padding is-layout-constrained wp-block-group-is-layout-constrained\">\n<h3 class=\"wp-block-heading display-h2\">Supporto<\/h3>\n\n\n\n<p>Questa integrazione \u00e8 supportata da Integrately. In caso di problemi, contattare il supporto Integrately.<\/p>\n<\/div>\n<\/div>\n<\/div>\n<\/div>\n\n\n\n<div style=\"height:110px;--tablet-height:60px;--mobile-height:48px\" class=\"wp-block-lookeen-blocks-responsive-spacer\"><\/div>\n","protected":false},"excerpt":{"rendered":"<p>Other Integrations +500 via Integrately &amp; Zenkit Integrately ti aiuta a collegare Zenkit a circa 500 altre app Trova le app che usi e ami, e connettile con Zenkit per automatizzare i tuoi flussi di lavoro! Rendi il lavoro un po\u2019 pi\u00f9 divertente! Scopri tutti i modi in cui puoi integrare Zenkit con altre app&nbsp;qua! [&hellip;]<\/p>\n","protected":false},"author":9,"featured_media":0,"parent":127379,"menu_order":32,"comment_status":"closed","ping_status":"closed","template":"","meta":{"yasr_overall_rating":0,"yasr_post_is_review":"","yasr_auto_insert_disabled":"","yasr_review_type":"","footnotes":""},"class_list":["post-134290","page","type-page","status-publish","hentry"],"yoast_head":"<!-- This site is optimized with the Yoast SEO plugin v27.4 - https:\/\/yoast.com\/product\/yoast-seo-wordpress\/ -->\n<title>+500 via Integrately | Zenkit<\/title>\n<meta name=\"robots\" content=\"index, follow, max-snippet:-1, max-image-preview:large, max-video-preview:-1\" \/>\n<link rel=\"canonical\" href=\"https:\/\/zenkit.com\/it\/integrazioni\/integrately\/\" \/>\n<meta property=\"og:locale\" content=\"it_IT\" \/>\n<meta property=\"og:type\" content=\"article\" \/>\n<meta property=\"og:title\" content=\"+500 via Integrately | Zenkit\" \/>\n<meta property=\"og:description\" content=\"Other Integrations +500 via Integrately &amp; Zenkit Integrately ti aiuta a collegare Zenkit a circa 500 altre app Trova le app che usi e ami, e connettile con Zenkit per automatizzare i tuoi flussi di lavoro! Rendi il lavoro un po\u2019 pi\u00f9 divertente! Scopri tutti i modi in cui puoi integrare Zenkit con altre app&nbsp;qua! [&hellip;]\" \/>\n<meta property=\"og:url\" content=\"https:\/\/zenkit.com\/it\/integrazioni\/integrately\/\" \/>\n<meta property=\"og:site_name\" content=\"Zenkit\" \/>\n<meta property=\"article:publisher\" content=\"https:\/\/www.facebook.com\/ZenkitHQ\" \/>\n<meta property=\"article:modified_time\" content=\"2025-11-04T05:53:17+00:00\" \/>\n<meta property=\"og:image\" content=\"https:\/\/zenkit.com\/wp-content\/uploads\/2025\/07\/integrately-icon.webp\" \/>\n\t<meta property=\"og:image:width\" content=\"500\" \/>\n\t<meta property=\"og:image:height\" content=\"500\" \/>\n\t<meta property=\"og:image:type\" content=\"image\/webp\" \/>\n<meta name=\"twitter:card\" content=\"summary_large_image\" \/>\n<meta name=\"twitter:site\" content=\"@ZenkitHQ\" \/>\n<meta name=\"twitter:label1\" content=\"Tempo di lettura stimato\" \/>\n\t<meta name=\"twitter:data1\" content=\"2 minuti\" \/>\n<script type=\"application\/ld+json\" class=\"yoast-schema-graph\">{\"@context\":\"https:\\\/\\\/schema.org\",\"@graph\":[{\"@type\":\"WebPage\",\"@id\":\"https:\\\/\\\/zenkit.com\\\/it\\\/integrazioni\\\/integrately\\\/\",\"url\":\"https:\\\/\\\/zenkit.com\\\/it\\\/integrazioni\\\/integrately\\\/\",\"name\":\"+500 via Integrately | Zenkit\",\"isPartOf\":{\"@id\":\"https:\\\/\\\/zenkit.com\\\/it\\\/#website\"},\"primaryImageOfPage\":{\"@id\":\"https:\\\/\\\/zenkit.com\\\/it\\\/integrazioni\\\/integrately\\\/#primaryimage\"},\"image\":{\"@id\":\"https:\\\/\\\/zenkit.com\\\/it\\\/integrazioni\\\/integrately\\\/#primaryimage\"},\"thumbnailUrl\":\"https:\\\/\\\/zenkit.com\\\/wp-content\\\/uploads\\\/2025\\\/07\\\/integrately-icon.webp\",\"datePublished\":\"2025-09-04T10:14:16+00:00\",\"dateModified\":\"2025-11-04T05:53:17+00:00\",\"breadcrumb\":{\"@id\":\"https:\\\/\\\/zenkit.com\\\/it\\\/integrazioni\\\/integrately\\\/#breadcrumb\"},\"inLanguage\":\"it-IT\",\"potentialAction\":[{\"@type\":\"ReadAction\",\"target\":[\"https:\\\/\\\/zenkit.com\\\/it\\\/integrazioni\\\/integrately\\\/\"]}]},{\"@type\":\"ImageObject\",\"inLanguage\":\"it-IT\",\"@id\":\"https:\\\/\\\/zenkit.com\\\/it\\\/integrazioni\\\/integrately\\\/#primaryimage\",\"url\":\"https:\\\/\\\/zenkit.com\\\/wp-content\\\/uploads\\\/2025\\\/07\\\/integrately-icon.webp\",\"contentUrl\":\"https:\\\/\\\/zenkit.com\\\/wp-content\\\/uploads\\\/2025\\\/07\\\/integrately-icon.webp\"},{\"@type\":\"BreadcrumbList\",\"@id\":\"https:\\\/\\\/zenkit.com\\\/it\\\/integrazioni\\\/integrately\\\/#breadcrumb\",\"itemListElement\":[{\"@type\":\"ListItem\",\"position\":1,\"name\":\"Home\",\"item\":\"https:\\\/\\\/zenkit.com\\\/it\\\/\"},{\"@type\":\"ListItem\",\"position\":2,\"name\":\"Integrazioni\",\"item\":\"https:\\\/\\\/zenkit.com\\\/it\\\/integrazioni\\\/\"},{\"@type\":\"ListItem\",\"position\":3,\"name\":\"+500 via Integrately\"}]},{\"@type\":\"WebSite\",\"@id\":\"https:\\\/\\\/zenkit.com\\\/it\\\/#website\",\"url\":\"https:\\\/\\\/zenkit.com\\\/it\\\/\",\"name\":\"Zenkit\",\"description\":\"Zenkit Tagline\",\"potentialAction\":[{\"@type\":\"SearchAction\",\"target\":{\"@type\":\"EntryPoint\",\"urlTemplate\":\"https:\\\/\\\/zenkit.com\\\/it\\\/?s={search_term_string}\"},\"query-input\":{\"@type\":\"PropertyValueSpecification\",\"valueRequired\":true,\"valueName\":\"search_term_string\"}}],\"inLanguage\":\"it-IT\"},false]}<\/script>\n<!-- \/ Yoast SEO plugin. -->","yoast_head_json":{"title":"+500 via Integrately | Zenkit","robots":{"index":"index","follow":"follow","max-snippet":"max-snippet:-1","max-image-preview":"max-image-preview:large","max-video-preview":"max-video-preview:-1"},"canonical":"https:\/\/zenkit.com\/it\/integrazioni\/integrately\/","og_locale":"it_IT","og_type":"article","og_title":"+500 via Integrately | Zenkit","og_description":"Other Integrations +500 via Integrately &amp; Zenkit Integrately ti aiuta a collegare Zenkit a circa 500 altre app Trova le app che usi e ami, e connettile con Zenkit per automatizzare i tuoi flussi di lavoro! Rendi il lavoro un po\u2019 pi\u00f9 divertente! Scopri tutti i modi in cui puoi integrare Zenkit con altre app&nbsp;qua! [&hellip;]","og_url":"https:\/\/zenkit.com\/it\/integrazioni\/integrately\/","og_site_name":"Zenkit","article_publisher":"https:\/\/www.facebook.com\/ZenkitHQ","article_modified_time":"2025-11-04T05:53:17+00:00","og_image":[{"width":500,"height":500,"url":"https:\/\/zenkit.com\/wp-content\/uploads\/2025\/07\/integrately-icon.webp","type":"image\/webp"}],"twitter_card":"summary_large_image","twitter_site":"@ZenkitHQ","twitter_misc":{"Tempo di lettura stimato":"2 minuti"},"schema":{"@context":"https:\/\/schema.org","@graph":[{"@type":"WebPage","@id":"https:\/\/zenkit.com\/it\/integrazioni\/integrately\/","url":"https:\/\/zenkit.com\/it\/integrazioni\/integrately\/","name":"+500 via Integrately | Zenkit","isPartOf":{"@id":"https:\/\/zenkit.com\/it\/#website"},"primaryImageOfPage":{"@id":"https:\/\/zenkit.com\/it\/integrazioni\/integrately\/#primaryimage"},"image":{"@id":"https:\/\/zenkit.com\/it\/integrazioni\/integrately\/#primaryimage"},"thumbnailUrl":"https:\/\/zenkit.com\/wp-content\/uploads\/2025\/07\/integrately-icon.webp","datePublished":"2025-09-04T10:14:16+00:00","dateModified":"2025-11-04T05:53:17+00:00","breadcrumb":{"@id":"https:\/\/zenkit.com\/it\/integrazioni\/integrately\/#breadcrumb"},"inLanguage":"it-IT","potentialAction":[{"@type":"ReadAction","target":["https:\/\/zenkit.com\/it\/integrazioni\/integrately\/"]}]},{"@type":"ImageObject","inLanguage":"it-IT","@id":"https:\/\/zenkit.com\/it\/integrazioni\/integrately\/#primaryimage","url":"https:\/\/zenkit.com\/wp-content\/uploads\/2025\/07\/integrately-icon.webp","contentUrl":"https:\/\/zenkit.com\/wp-content\/uploads\/2025\/07\/integrately-icon.webp"},{"@type":"BreadcrumbList","@id":"https:\/\/zenkit.com\/it\/integrazioni\/integrately\/#breadcrumb","itemListElement":[{"@type":"ListItem","position":1,"name":"Home","item":"https:\/\/zenkit.com\/it\/"},{"@type":"ListItem","position":2,"name":"Integrazioni","item":"https:\/\/zenkit.com\/it\/integrazioni\/"},{"@type":"ListItem","position":3,"name":"+500 via Integrately"}]},{"@type":"WebSite","@id":"https:\/\/zenkit.com\/it\/#website","url":"https:\/\/zenkit.com\/it\/","name":"Zenkit","description":"Zenkit Tagline","potentialAction":[{"@type":"SearchAction","target":{"@type":"EntryPoint","urlTemplate":"https:\/\/zenkit.com\/it\/?s={search_term_string}"},"query-input":{"@type":"PropertyValueSpecification","valueRequired":true,"valueName":"search_term_string"}}],"inLanguage":"it-IT"},false]}},"yasr_visitor_votes":{"stars_attributes":{"read_only":false,"span_bottom":false},"number_of_votes":0,"sum_votes":0},"_links":{"self":[{"href":"https:\/\/zenkit.com\/it\/wp-json\/wp\/v2\/pages\/134290","targetHints":{"allow":["GET"]}}],"collection":[{"href":"https:\/\/zenkit.com\/it\/wp-json\/wp\/v2\/pages"}],"about":[{"href":"https:\/\/zenkit.com\/it\/wp-json\/wp\/v2\/types\/page"}],"author":[{"embeddable":true,"href":"https:\/\/zenkit.com\/it\/wp-json\/wp\/v2\/users\/9"}],"replies":[{"embeddable":true,"href":"https:\/\/zenkit.com\/it\/wp-json\/wp\/v2\/comments?post=134290"}],"version-history":[{"count":3,"href":"https:\/\/zenkit.com\/it\/wp-json\/wp\/v2\/pages\/134290\/revisions"}],"predecessor-version":[{"id":134299,"href":"https:\/\/zenkit.com\/it\/wp-json\/wp\/v2\/pages\/134290\/revisions\/134299"}],"up":[{"embeddable":true,"href":"https:\/\/zenkit.com\/it\/wp-json\/wp\/v2\/pages\/127379"}],"wp:attachment":[{"href":"https:\/\/zenkit.com\/it\/wp-json\/wp\/v2\/media?parent=134290"}],"curies":[{"name":"wp","href":"https:\/\/api.w.org\/{rel}","templated":true}]}}