{"id":134316,"date":"2025-09-04T12:50:55","date_gmt":"2025-09-04T10:50:55","guid":{"rendered":"https:\/\/zenkit.com\/?page_id=134316"},"modified":"2025-11-04T06:53:17","modified_gmt":"2025-11-04T05:53:17","slug":"simplybook-me-2","status":"publish","type":"page","link":"https:\/\/zenkit.com\/it\/integrazioni\/simplybook-me-2\/","title":{"rendered":"SimplyBook.me"},"content":{"rendered":"\n<div style=\"height:45px;--tablet-height:45px;--mobile-height:16px\" class=\"wp-block-lookeen-blocks-responsive-spacer\"><\/div>\n\n\n\n<div class=\"wp-block-group has-global-padding is-layout-constrained wp-block-group-is-layout-constrained\">\n<div class=\"wp-block-columns is-layout-flex wp-container-core-columns-is-layout-467d341d wp-block-columns-is-layout-flex\" id=\"main__integrations\" style=\"margin-top:0px;margin-bottom:0px\">\n<div class=\"wp-block-column side__bar__integrations is-layout-flow wp-block-column-is-layout-flow\" style=\"flex-basis:23%\">\n<h2 class=\"wp-block-heading has-da-blue-color-new has-text-color has-link-color wp-elements-176833fae009903567fa64abc40543e2\" style=\"margin-top:0px;margin-bottom:0px;font-size:16px;line-height:1.5\">Scheduling Integrations<\/h2>\n\n\n<nav class=\"is-vertical integrations__menu wp-block-navigation is-layout-flex wp-container-core-navigation-is-layout-5f9f5280 wp-block-navigation-is-layout-flex\" aria-label=\"it-integrations-scheduling\"><ul class=\"wp-block-navigation__container  is-vertical integrations__menu wp-block-navigation\"><li class=\" wp-block-navigation-item wp-block-navigation-link\"><a class=\"wp-block-navigation-item__content\"  href=\"https:\/\/zenkit.com\/it\/integrazioni\/appointlet\/\"><span class=\"wp-block-navigation-item__label\">Appointlet<\/span><\/a><\/li><li class=\" wp-block-navigation-item wp-block-navigation-link\"><a class=\"wp-block-navigation-item__content\"  href=\"https:\/\/zenkit.com\/it\/integrazioni\/bookafy\/\"><span class=\"wp-block-navigation-item__label\">Bookafy<\/span><\/a><\/li><li class=\" wp-block-navigation-item wp-block-navigation-link\"><a class=\"wp-block-navigation-item__content\"  href=\"https:\/\/zenkit.com\/it\/integrazioni\/etermin-2\/\"><span class=\"wp-block-navigation-item__label\">eTermin<\/span><\/a><\/li><li class=\" wp-block-navigation-item wp-block-navigation-link\"><a class=\"wp-block-navigation-item__content\"  href=\"https:\/\/zenkit.com\/it\/integrazioni\/simplybook-me-2\/\"><span class=\"wp-block-navigation-item__label\">SimplyBook.me<\/span><\/a><\/li><li class=\" wp-block-navigation-item wp-block-navigation-link\"><a class=\"wp-block-navigation-item__content\"  href=\"https:\/\/zenkit.com\/it\/integrazioni\/10to8\/\"><span class=\"wp-block-navigation-item__label\">10to8<\/span><\/a><\/li><li class=\" wp-block-navigation-item wp-block-navigation-link\"><a class=\"wp-block-navigation-item__content\"  href=\"https:\/\/zenkit.com\/it\/integrazioni\/supersaas\/\"><span class=\"wp-block-navigation-item__label\">SuperSaaS<\/span><\/a><\/li><\/ul><\/nav><\/div>\n\n\n\n<div class=\"wp-block-column content__integrations is-layout-flow wp-block-column-is-layout-flow\" style=\"flex-basis:77%\">\n<div class=\"wp-block-group has-global-padding is-layout-constrained wp-block-group-is-layout-constrained\">\n<div class=\"wp-block-group title is-layout-flex wp-container-core-group-is-layout-ed4b00df wp-block-group-is-layout-flex\">\n<figure class=\"wp-block-image size-full is-resized\"><img loading=\"lazy\" decoding=\"async\" width=\"400\" height=\"400\" src=\"https:\/\/zenkit.com\/wp-content\/uploads\/2025\/07\/Simplybook.me-logo.webp\" alt=\"SimplyBook.me logo\" class=\"wp-image-117417\" style=\"width:auto;height:46px\" srcset=\"https:\/\/zenkit.com\/wp-content\/uploads\/2025\/07\/Simplybook.me-logo.webp 400w, https:\/\/zenkit.com\/wp-content\/uploads\/2025\/07\/Simplybook.me-logo-300x300.webp 300w, https:\/\/zenkit.com\/wp-content\/uploads\/2025\/07\/Simplybook.me-logo-150x150.webp 150w\" sizes=\"auto, (max-width: 400px) 100vw, 400px\" \/><\/figure>\n\n\n\n<h1 class=\"wp-block-heading\">SimplyBook.me e Zenkit<\/h1>\n<\/div>\n\n\n\n<div class=\"wp-block-group has-global-padding is-layout-constrained wp-block-group-is-layout-constrained\">\n<h3 class=\"wp-block-heading display-h2\">Collega i tuoi account Zenkit e SimplyBook.me<\/h3>\n\n\n\n<p>Non avere gli appuntamenti programmati sincronizzati con la tua lista To Do pu\u00f2 essere frustrante. Mentre Zenkit \u00e8 eccellente come piattaforma per organizzare i tuoi task, SimplyBook.me \u00e8 ideale per programmare facilmente appuntamenti. Quindi, non sarebbe fantastico se potessero lavorare insieme?<\/p>\n\n\n\n<p>Con l\u2019integrazione di Zapier, nuovi task di Zenkit verranno automaticamente creati in un progetto a partire dalle nuove prenotazioni di SimplyBook.me. Questo ti permetter\u00e0 di godere dell\u2019efficienza dell\u2019automazione e migliorare il tuo flusso di lavoro!<\/p>\n<\/div>\n\n\n\n<div style=\"height:48px;--tablet-height:36px;--mobile-height:24px\" class=\"wp-block-lookeen-blocks-responsive-spacer\"><\/div>\n<\/div>\n\n\n\n<div class=\"wp-block-group has-global-padding is-layout-constrained wp-block-group-is-layout-constrained\">\n<figure class=\"wp-block-video\"><video controls src=\"https:\/\/zenkit.com\/wp-content\/uploads\/2019\/09\/SimplyBook.me-video.mp4\"><\/video><\/figure>\n<\/div>\n\n\n\n<div style=\"height:48px;--tablet-height:36px;--mobile-height:24px\" class=\"wp-block-lookeen-blocks-responsive-spacer\"><\/div>\n\n\n\n<div class=\"wp-block-group has-global-padding is-layout-constrained wp-block-group-is-layout-constrained\">\n<h3 class=\"wp-block-heading display-h2\">Informazioni su SimplyBook.me: Software Gratuito per la Programmazione di Appuntamenti Online<\/h3>\n\n\n\n<p>SimplyBook.me \u00e8 un sistema di prenotazione online scalabile per qualsiasi attivit\u00e0 di servizio che ha bisogno di un sito di prenotazione professionale, attraente e funzionale. Se hai gi\u00e0 un sito web, questo sistema di prenotazione pu\u00f2 essere integrato nel tuo sito attuale tramite un widget. Non solo offre programmazione interna con i colleghi, ma consente anche la prenotazione online per i clienti. \u00c8 una soluzione ideale per qualsiasi azienda, dalle piccole imprese alle multinazionali.<\/p>\n\n\n\n<p>SimplyBook.me ha oltre 50 funzionalit\u00e0 che consentono una completa personalizzazione per adattarsi alla tua attivit\u00e0. Tra queste funzionalit\u00e0 ci sono coupon e gift card, vendita di prodotti, abbonamenti, classi, sistema di promozione, HIPAA, SOAP, moduli di registrazione, pacchetti, POS e altro. Puoi integrare il software con Facebook, WordPress e altri sistemi CMS tramite widget di prenotazione, oppure utilizzare la nostra API per costruire integrazioni personalizzate.<\/p>\n<\/div>\n\n\n\n<div style=\"height:48px;--tablet-height:36px;--mobile-height:24px\" class=\"wp-block-lookeen-blocks-responsive-spacer\"><\/div>\n\n\n\n<div class=\"wp-block-group has-global-padding is-layout-constrained wp-block-group-is-layout-constrained\">\n<h3 class=\"wp-block-heading display-h2\">Informazioni su Zenkit: Gestione Progetti Online<\/h3>\n\n\n\n<p><a href=\"https:\/\/zenkit.com\/\">Zenkit<\/a>&nbsp;\u00e8 una soluzione di gestione multi-progetto per progetti agili e classici. Offre funzionalit\u00e0 di collaborazione in tempo reale, visualizzazioni intelligenti, report e pianificazione delle risorse che consentono reali progressi per il tuo team. Con un clic, puoi passare i tuoi progetti a diverse visualizzazioni, tra cui Kanban, diagramma di Gantt, tabella, mappa mentale, gerarchia, lista e calendario. Puoi accedere a Zenkit su quasi tutte le piattaforme: web, Windows, Linux, applicazioni MacOS, cos\u00ec come versioni mobili su dispositivi Android e iOS.<\/p>\n\n\n\n<p>Per ulteriori informazioni, visita&nbsp;<a href=\"https:\/\/zenkit.com\/it\/projects\/\">https:\/\/zenkit.com\/<\/a>.<\/p>\n<\/div>\n\n\n\n<div style=\"height:48px;--tablet-height:36px;--mobile-height:24px\" class=\"wp-block-lookeen-blocks-responsive-spacer\"><\/div>\n\n\n\n<div class=\"wp-block-group has-global-padding is-layout-constrained wp-block-group-is-layout-constrained\">\n<h3 class=\"wp-block-heading display-h2\">Come collegare SimplyBook.me e Zenkit?<\/h3>\n\n\n\n<ol class=\"wp-block-list list__style__position-inside\">\n<li><a href=\"https:\/\/zapier.com\/sign-up\/\" target=\"_blank\" rel=\"noreferrer noopener\">Crea<\/a>\u00a0un account Zapier per accedere a Zapier.<\/li>\n\n\n\n<li><a href=\"https:\/\/simplybook.it\/en\/default\/registration\" target=\"_blank\" rel=\"noreferrer noopener\">Crea un account<\/a>\u00a0con SimplyBook.me.<\/li>\n\n\n\n<li>Accedi a Zapier e vai alla\u00a0<a href=\"https:\/\/zapier.com\/apps\/zenkit\/integrations\/simplybook.me\">Zenkit + SimplyBook.me Zapbook\u00a0<\/a>per trovare i template di Zap.<\/li>\n\n\n\n<li>Oppure scegli di creare la tua integrazione Zenkit e SimplyBook.me selezionandoli quando crei uno zap.<\/li>\n<\/ol>\n<\/div>\n\n\n\n<div style=\"height:48px;--tablet-height:36px;--mobile-height:24px\" class=\"wp-block-lookeen-blocks-responsive-spacer\"><\/div>\n\n\n\n<div class=\"wp-block-group has-global-padding is-layout-constrained wp-block-group-is-layout-constrained\">\n<script type=\"text\/javascript\" src=\"https:\/\/zapier.com\/apps\/embed\/widget.js?guided_zaps=69527\"><\/script>\n<\/div>\n\n\n\n<div style=\"height:48px;--tablet-height:36px;--mobile-height:24px\" class=\"wp-block-lookeen-blocks-responsive-spacer\"><\/div>\n\n\n\n<div class=\"wp-block-group has-global-padding is-layout-constrained wp-block-group-is-layout-constrained\">\n<h3 class=\"wp-block-heading display-h2\">Chi trarr\u00e0 beneficio da questa integrazione tra SimplyBook.me e Zenkit?<\/h3>\n\n\n\n<ul class=\"wp-block-list is-style-da-left-indent\">\n<li>Lavoratori aziendali che partecipano frequentemente a riunioni e non vogliono perdere appuntamenti!<\/li>\n\n\n\n<li>Professionisti come consulenti e insegnanti che necessitano di efficienza nel sincronizzare i loro appuntamenti con le loro liste To Do.<\/li>\n<\/ul>\n<\/div>\n\n\n\n<div style=\"height:48px;--tablet-height:36px;--mobile-height:24px\" class=\"wp-block-lookeen-blocks-responsive-spacer\"><\/div>\n\n\n\n<div class=\"wp-block-group has-global-padding is-layout-constrained wp-block-group-is-layout-constrained\">\n<h3 class=\"wp-block-heading display-h2\">Dettagli Aggiuntivi sull\u2019Integrazione<\/h3>\n\n\n\n<ul class=\"wp-block-list is-style-da-left-indent\">\n<li>Supportata da Zapier: Contatta il\u00a0<a href=\"https:\/\/zapier.com\/help\/contact-us\/\">supporto Zapier<\/a>\u00a0se riscontri problemi.<\/li>\n\n\n\n<li>Per ulteriori informazioni su come usare Zenkit con Zapier, leggi la nostra\u00a0<a href=\"https:\/\/help.zenkit.com\/en\/support\/solutions\/articles\/43000590360-integrating-other-apps-into-zenkit-using-zapier\">documentazione<\/a>.<\/li>\n<\/ul>\n<\/div>\n<\/div>\n<\/div>\n<\/div>\n\n\n\n<div style=\"height:110px;--tablet-height:60px;--mobile-height:48px\" class=\"wp-block-lookeen-blocks-responsive-spacer\"><\/div>\n","protected":false},"excerpt":{"rendered":"<p>Scheduling Integrations SimplyBook.me e Zenkit Collega i tuoi account Zenkit e SimplyBook.me Non avere gli appuntamenti programmati sincronizzati con la tua lista To Do pu\u00f2 essere frustrante. Mentre Zenkit \u00e8 eccellente come piattaforma per organizzare i tuoi task, SimplyBook.me \u00e8 ideale per programmare facilmente appuntamenti. Quindi, non sarebbe fantastico se potessero lavorare insieme? Con l\u2019integrazione [&hellip;]<\/p>\n","protected":false},"author":9,"featured_media":0,"parent":127379,"menu_order":4,"comment_status":"closed","ping_status":"closed","template":"","meta":{"yasr_overall_rating":0,"yasr_post_is_review":"","yasr_auto_insert_disabled":"","yasr_review_type":"","footnotes":""},"class_list":["post-134316","page","type-page","status-publish","hentry"],"yoast_head":"<!-- This site is optimized with the Yoast SEO plugin v27.4 - https:\/\/yoast.com\/product\/yoast-seo-wordpress\/ -->\n<title>SimplyBook.me | Zenkit<\/title>\n<meta name=\"robots\" content=\"index, follow, max-snippet:-1, max-image-preview:large, max-video-preview:-1\" \/>\n<link rel=\"canonical\" href=\"https:\/\/zenkit.com\/it\/integrazioni\/simplybook-me-2\/\" \/>\n<meta property=\"og:locale\" content=\"it_IT\" \/>\n<meta property=\"og:type\" content=\"article\" \/>\n<meta property=\"og:title\" content=\"SimplyBook.me | Zenkit\" \/>\n<meta property=\"og:description\" content=\"Scheduling Integrations SimplyBook.me e Zenkit Collega i tuoi account Zenkit e SimplyBook.me Non avere gli appuntamenti programmati sincronizzati con la tua lista To Do pu\u00f2 essere frustrante. Mentre Zenkit \u00e8 eccellente come piattaforma per organizzare i tuoi task, SimplyBook.me \u00e8 ideale per programmare facilmente appuntamenti. Quindi, non sarebbe fantastico se potessero lavorare insieme? Con l\u2019integrazione [&hellip;]\" \/>\n<meta property=\"og:url\" content=\"https:\/\/zenkit.com\/it\/integrazioni\/simplybook-me-2\/\" \/>\n<meta property=\"og:site_name\" content=\"Zenkit\" \/>\n<meta property=\"article:publisher\" content=\"https:\/\/www.facebook.com\/ZenkitHQ\" \/>\n<meta property=\"article:modified_time\" content=\"2025-11-04T05:53:17+00:00\" \/>\n<meta property=\"og:image\" content=\"https:\/\/zenkit.com\/wp-content\/uploads\/2025\/07\/Simplybook.me-logo.webp\" \/>\n\t<meta property=\"og:image:width\" content=\"400\" \/>\n\t<meta property=\"og:image:height\" content=\"400\" \/>\n\t<meta property=\"og:image:type\" content=\"image\/webp\" \/>\n<meta name=\"twitter:card\" content=\"summary_large_image\" \/>\n<meta name=\"twitter:site\" content=\"@ZenkitHQ\" \/>\n<meta name=\"twitter:label1\" content=\"Tempo di lettura stimato\" \/>\n\t<meta name=\"twitter:data1\" content=\"2 minuti\" \/>\n<script type=\"application\/ld+json\" class=\"yoast-schema-graph\">{\"@context\":\"https:\\\/\\\/schema.org\",\"@graph\":[{\"@type\":\"WebPage\",\"@id\":\"https:\\\/\\\/zenkit.com\\\/it\\\/integrazioni\\\/simplybook-me-2\\\/\",\"url\":\"https:\\\/\\\/zenkit.com\\\/it\\\/integrazioni\\\/simplybook-me-2\\\/\",\"name\":\"SimplyBook.me | Zenkit\",\"isPartOf\":{\"@id\":\"https:\\\/\\\/zenkit.com\\\/it\\\/#website\"},\"primaryImageOfPage\":{\"@id\":\"https:\\\/\\\/zenkit.com\\\/it\\\/integrazioni\\\/simplybook-me-2\\\/#primaryimage\"},\"image\":{\"@id\":\"https:\\\/\\\/zenkit.com\\\/it\\\/integrazioni\\\/simplybook-me-2\\\/#primaryimage\"},\"thumbnailUrl\":\"https:\\\/\\\/zenkit.com\\\/wp-content\\\/uploads\\\/2025\\\/07\\\/Simplybook.me-logo.webp\",\"datePublished\":\"2025-09-04T10:50:55+00:00\",\"dateModified\":\"2025-11-04T05:53:17+00:00\",\"breadcrumb\":{\"@id\":\"https:\\\/\\\/zenkit.com\\\/it\\\/integrazioni\\\/simplybook-me-2\\\/#breadcrumb\"},\"inLanguage\":\"it-IT\",\"potentialAction\":[{\"@type\":\"ReadAction\",\"target\":[\"https:\\\/\\\/zenkit.com\\\/it\\\/integrazioni\\\/simplybook-me-2\\\/\"]}]},{\"@type\":\"ImageObject\",\"inLanguage\":\"it-IT\",\"@id\":\"https:\\\/\\\/zenkit.com\\\/it\\\/integrazioni\\\/simplybook-me-2\\\/#primaryimage\",\"url\":\"https:\\\/\\\/zenkit.com\\\/wp-content\\\/uploads\\\/2025\\\/07\\\/Simplybook.me-logo.webp\",\"contentUrl\":\"https:\\\/\\\/zenkit.com\\\/wp-content\\\/uploads\\\/2025\\\/07\\\/Simplybook.me-logo.webp\"},{\"@type\":\"BreadcrumbList\",\"@id\":\"https:\\\/\\\/zenkit.com\\\/it\\\/integrazioni\\\/simplybook-me-2\\\/#breadcrumb\",\"itemListElement\":[{\"@type\":\"ListItem\",\"position\":1,\"name\":\"Home\",\"item\":\"https:\\\/\\\/zenkit.com\\\/it\\\/\"},{\"@type\":\"ListItem\",\"position\":2,\"name\":\"Integrazioni\",\"item\":\"https:\\\/\\\/zenkit.com\\\/it\\\/integrazioni\\\/\"},{\"@type\":\"ListItem\",\"position\":3,\"name\":\"SimplyBook.me\"}]},{\"@type\":\"WebSite\",\"@id\":\"https:\\\/\\\/zenkit.com\\\/it\\\/#website\",\"url\":\"https:\\\/\\\/zenkit.com\\\/it\\\/\",\"name\":\"Zenkit\",\"description\":\"Zenkit Tagline\",\"potentialAction\":[{\"@type\":\"SearchAction\",\"target\":{\"@type\":\"EntryPoint\",\"urlTemplate\":\"https:\\\/\\\/zenkit.com\\\/it\\\/?s={search_term_string}\"},\"query-input\":{\"@type\":\"PropertyValueSpecification\",\"valueRequired\":true,\"valueName\":\"search_term_string\"}}],\"inLanguage\":\"it-IT\"},false]}<\/script>\n<!-- \/ Yoast SEO plugin. -->","yoast_head_json":{"title":"SimplyBook.me | Zenkit","robots":{"index":"index","follow":"follow","max-snippet":"max-snippet:-1","max-image-preview":"max-image-preview:large","max-video-preview":"max-video-preview:-1"},"canonical":"https:\/\/zenkit.com\/it\/integrazioni\/simplybook-me-2\/","og_locale":"it_IT","og_type":"article","og_title":"SimplyBook.me | Zenkit","og_description":"Scheduling Integrations SimplyBook.me e Zenkit Collega i tuoi account Zenkit e SimplyBook.me Non avere gli appuntamenti programmati sincronizzati con la tua lista To Do pu\u00f2 essere frustrante. Mentre Zenkit \u00e8 eccellente come piattaforma per organizzare i tuoi task, SimplyBook.me \u00e8 ideale per programmare facilmente appuntamenti. Quindi, non sarebbe fantastico se potessero lavorare insieme? Con l\u2019integrazione [&hellip;]","og_url":"https:\/\/zenkit.com\/it\/integrazioni\/simplybook-me-2\/","og_site_name":"Zenkit","article_publisher":"https:\/\/www.facebook.com\/ZenkitHQ","article_modified_time":"2025-11-04T05:53:17+00:00","og_image":[{"width":400,"height":400,"url":"https:\/\/zenkit.com\/wp-content\/uploads\/2025\/07\/Simplybook.me-logo.webp","type":"image\/webp"}],"twitter_card":"summary_large_image","twitter_site":"@ZenkitHQ","twitter_misc":{"Tempo di lettura stimato":"2 minuti"},"schema":{"@context":"https:\/\/schema.org","@graph":[{"@type":"WebPage","@id":"https:\/\/zenkit.com\/it\/integrazioni\/simplybook-me-2\/","url":"https:\/\/zenkit.com\/it\/integrazioni\/simplybook-me-2\/","name":"SimplyBook.me | Zenkit","isPartOf":{"@id":"https:\/\/zenkit.com\/it\/#website"},"primaryImageOfPage":{"@id":"https:\/\/zenkit.com\/it\/integrazioni\/simplybook-me-2\/#primaryimage"},"image":{"@id":"https:\/\/zenkit.com\/it\/integrazioni\/simplybook-me-2\/#primaryimage"},"thumbnailUrl":"https:\/\/zenkit.com\/wp-content\/uploads\/2025\/07\/Simplybook.me-logo.webp","datePublished":"2025-09-04T10:50:55+00:00","dateModified":"2025-11-04T05:53:17+00:00","breadcrumb":{"@id":"https:\/\/zenkit.com\/it\/integrazioni\/simplybook-me-2\/#breadcrumb"},"inLanguage":"it-IT","potentialAction":[{"@type":"ReadAction","target":["https:\/\/zenkit.com\/it\/integrazioni\/simplybook-me-2\/"]}]},{"@type":"ImageObject","inLanguage":"it-IT","@id":"https:\/\/zenkit.com\/it\/integrazioni\/simplybook-me-2\/#primaryimage","url":"https:\/\/zenkit.com\/wp-content\/uploads\/2025\/07\/Simplybook.me-logo.webp","contentUrl":"https:\/\/zenkit.com\/wp-content\/uploads\/2025\/07\/Simplybook.me-logo.webp"},{"@type":"BreadcrumbList","@id":"https:\/\/zenkit.com\/it\/integrazioni\/simplybook-me-2\/#breadcrumb","itemListElement":[{"@type":"ListItem","position":1,"name":"Home","item":"https:\/\/zenkit.com\/it\/"},{"@type":"ListItem","position":2,"name":"Integrazioni","item":"https:\/\/zenkit.com\/it\/integrazioni\/"},{"@type":"ListItem","position":3,"name":"SimplyBook.me"}]},{"@type":"WebSite","@id":"https:\/\/zenkit.com\/it\/#website","url":"https:\/\/zenkit.com\/it\/","name":"Zenkit","description":"Zenkit Tagline","potentialAction":[{"@type":"SearchAction","target":{"@type":"EntryPoint","urlTemplate":"https:\/\/zenkit.com\/it\/?s={search_term_string}"},"query-input":{"@type":"PropertyValueSpecification","valueRequired":true,"valueName":"search_term_string"}}],"inLanguage":"it-IT"},false]}},"yasr_visitor_votes":{"stars_attributes":{"read_only":false,"span_bottom":false},"number_of_votes":0,"sum_votes":0},"_links":{"self":[{"href":"https:\/\/zenkit.com\/it\/wp-json\/wp\/v2\/pages\/134316","targetHints":{"allow":["GET"]}}],"collection":[{"href":"https:\/\/zenkit.com\/it\/wp-json\/wp\/v2\/pages"}],"about":[{"href":"https:\/\/zenkit.com\/it\/wp-json\/wp\/v2\/types\/page"}],"author":[{"embeddable":true,"href":"https:\/\/zenkit.com\/it\/wp-json\/wp\/v2\/users\/9"}],"replies":[{"embeddable":true,"href":"https:\/\/zenkit.com\/it\/wp-json\/wp\/v2\/comments?post=134316"}],"version-history":[{"count":4,"href":"https:\/\/zenkit.com\/it\/wp-json\/wp\/v2\/pages\/134316\/revisions"}],"predecessor-version":[{"id":134325,"href":"https:\/\/zenkit.com\/it\/wp-json\/wp\/v2\/pages\/134316\/revisions\/134325"}],"up":[{"embeddable":true,"href":"https:\/\/zenkit.com\/it\/wp-json\/wp\/v2\/pages\/127379"}],"wp:attachment":[{"href":"https:\/\/zenkit.com\/it\/wp-json\/wp\/v2\/media?parent=134316"}],"curies":[{"name":"wp","href":"https:\/\/api.w.org\/{rel}","templated":true}]}}