{"id":134328,"date":"2025-09-04T13:22:12","date_gmt":"2025-09-04T11:22:12","guid":{"rendered":"https:\/\/zenkit.com\/?page_id=134328"},"modified":"2025-11-04T06:53:17","modified_gmt":"2025-11-04T05:53:17","slug":"sign-in-scheduling","status":"publish","type":"page","link":"https:\/\/zenkit.com\/it\/integrazioni\/sign-in-scheduling\/","title":{"rendered":"10to8"},"content":{"rendered":"\n<div style=\"height:45px;--tablet-height:45px;--mobile-height:16px\" class=\"wp-block-lookeen-blocks-responsive-spacer\"><\/div>\n\n\n\n<div class=\"wp-block-group has-global-padding is-layout-constrained wp-block-group-is-layout-constrained\">\n<div class=\"wp-block-columns is-layout-flex wp-container-core-columns-is-layout-467d341d wp-block-columns-is-layout-flex\" id=\"main__integrations\" style=\"margin-top:0px;margin-bottom:0px\">\n<div class=\"wp-block-column side__bar__integrations is-layout-flow wp-block-column-is-layout-flow\" style=\"flex-basis:23%\">\n<h2 class=\"wp-block-heading has-da-blue-color-new has-text-color has-link-color wp-elements-176833fae009903567fa64abc40543e2\" style=\"margin-top:0px;margin-bottom:0px;font-size:16px;line-height:1.5\">Scheduling Integrations<\/h2>\n\n\n<nav class=\"is-vertical integrations__menu wp-block-navigation is-layout-flex wp-container-core-navigation-is-layout-5f9f5280 wp-block-navigation-is-layout-flex\" aria-label=\"it-integrations-scheduling\"><ul class=\"wp-block-navigation__container  is-vertical integrations__menu wp-block-navigation\"><li class=\" wp-block-navigation-item wp-block-navigation-link\"><a class=\"wp-block-navigation-item__content\"  href=\"https:\/\/zenkit.com\/it\/integrazioni\/appointlet\/\"><span class=\"wp-block-navigation-item__label\">Appointlet<\/span><\/a><\/li><li class=\" wp-block-navigation-item wp-block-navigation-link\"><a class=\"wp-block-navigation-item__content\"  href=\"https:\/\/zenkit.com\/it\/integrazioni\/bookafy\/\"><span class=\"wp-block-navigation-item__label\">Bookafy<\/span><\/a><\/li><li class=\" wp-block-navigation-item wp-block-navigation-link\"><a class=\"wp-block-navigation-item__content\"  href=\"https:\/\/zenkit.com\/it\/integrazioni\/etermin-2\/\"><span class=\"wp-block-navigation-item__label\">eTermin<\/span><\/a><\/li><li class=\" wp-block-navigation-item wp-block-navigation-link\"><a class=\"wp-block-navigation-item__content\"  href=\"https:\/\/zenkit.com\/it\/integrazioni\/simplybook-me-2\/\"><span class=\"wp-block-navigation-item__label\">SimplyBook.me<\/span><\/a><\/li><li class=\" wp-block-navigation-item wp-block-navigation-link\"><a class=\"wp-block-navigation-item__content\"  href=\"https:\/\/zenkit.com\/it\/integrazioni\/10to8\/\"><span class=\"wp-block-navigation-item__label\">10to8<\/span><\/a><\/li><li class=\" wp-block-navigation-item wp-block-navigation-link\"><a class=\"wp-block-navigation-item__content\"  href=\"https:\/\/zenkit.com\/it\/integrazioni\/supersaas\/\"><span class=\"wp-block-navigation-item__label\">SuperSaaS<\/span><\/a><\/li><\/ul><\/nav><\/div>\n\n\n\n<div class=\"wp-block-column content__integrations is-layout-flow wp-block-column-is-layout-flow\" style=\"flex-basis:77%\">\n<div class=\"wp-block-group has-global-padding is-layout-constrained wp-block-group-is-layout-constrained\">\n<div class=\"wp-block-group title is-nowrap is-layout-flex wp-container-core-group-is-layout-2e1435bd wp-block-group-is-layout-flex\">\n<figure class=\"wp-block-image size-full is-resized\"><img loading=\"lazy\" decoding=\"async\" width=\"204\" height=\"205\" src=\"https:\/\/zenkit.com\/wp-content\/uploads\/2024\/01\/sign-in-scheduling-formerly-10to8-logo.png\" alt=\"\" class=\"wp-image-103182\" style=\"width:auto;height:46px\" srcset=\"https:\/\/zenkit.com\/wp-content\/uploads\/2024\/01\/sign-in-scheduling-formerly-10to8-logo.png 204w, https:\/\/zenkit.com\/wp-content\/uploads\/2024\/01\/sign-in-scheduling-formerly-10to8-logo-150x150.png 150w, https:\/\/zenkit.com\/wp-content\/uploads\/2024\/01\/sign-in-scheduling-formerly-10to8-logo-24x24.png 24w, https:\/\/zenkit.com\/wp-content\/uploads\/2024\/01\/sign-in-scheduling-formerly-10to8-logo-48x48.png 48w, https:\/\/zenkit.com\/wp-content\/uploads\/2024\/01\/sign-in-scheduling-formerly-10to8-logo-96x96.png 96w\" sizes=\"auto, (max-width: 204px) 100vw, 204px\" \/><\/figure>\n\n\n\n<h1 class=\"wp-block-heading\">Collegate i vostri account Zenkit e Sign In Scheduling (ex 10to8)<\/h1>\n<\/div>\n\n\n\n<div class=\"wp-block-group has-global-padding is-layout-constrained wp-block-group-is-layout-constrained\">\n<p>Se utilizzate Sign In Scheduling per la programmazione di appuntamenti online, dopo che un appuntamento \u00e8 stato prenotato con successo, cosa succede dopo? Forse dovete inviare e-mail, preparare una presentazione o avere altre cose da fare per il prossimo appuntamento. Con la nostra integrazione Zapier, \u00e8 possibile aggiungere automaticamente una nuova attivit\u00e0 ai progetti Zenkit quando viene prenotato un nuovo appuntamento tramite Sign In Scheduling. Non perderete mai pi\u00f9 gli appuntamenti importanti e la loro preparazione!<\/p>\n\n\n\n<div style=\"height:48px;--tablet-height:36px;--mobile-height:24px\" class=\"wp-block-lookeen-blocks-responsive-spacer\"><\/div>\n<\/div>\n<\/div>\n\n\n\n<div class=\"wp-block-group has-global-padding is-layout-constrained wp-block-group-is-layout-constrained\">\n<figure class=\"wp-block-video\"><video controls src=\"https:\/\/zenkit.com\/wp-content\/uploads\/2019\/08\/10to8_-Appointment-Scheduling-Software.mp4\"><\/video><\/figure>\n<\/div>\n\n\n\n<div style=\"height:48px;--tablet-height:36px;--mobile-height:24px\" class=\"wp-block-lookeen-blocks-responsive-spacer\"><\/div>\n\n\n\n<div class=\"wp-block-group has-global-padding is-layout-constrained wp-block-group-is-layout-constrained\">\n<h3 class=\"wp-block-heading display-h2\">Informazioni su Sign In Scheduling: Software per la pianificazione degli appuntamenti<\/h3>\n\n\n\n<p>Sign In Scheduling \u00e8 un software gratuito all-in-one per la pianificazione degli appuntamenti di cui si fidano oltre 50.000 aziende in tutto il mondo. Con Sign In Scheduling, i clienti possono prenotare slot gratuiti e altri servizi specifici offerti dalla vostra azienda. Inoltre, grazie ai promemoria automatici via SMS ed e-mail e alla chat bidirezionale, \u00e8 possibile ridurre la mancata presentazione agli appuntamenti, migliorare la comunicazione con i clienti e incrementare gli affari. La caratteristica principale di Sign In Scheduling \u00e8 la chat bidirezionale che pu\u00f2 essere collegata al vostro sistema di calendario. Garantisce un chiaro scambio di messaggi in tempo reale tra voi e i vostri clienti e vi offre una visibilit\u00e0 completa su orari e appuntamenti. Si integra inoltre con oltre 500 altre applicazioni!<\/p>\n<\/div>\n\n\n\n<div style=\"height:48px;--tablet-height:36px;--mobile-height:24px\" class=\"wp-block-lookeen-blocks-responsive-spacer\"><\/div>\n\n\n\n<div class=\"wp-block-group has-global-padding is-layout-constrained wp-block-group-is-layout-constrained\">\n<h3 class=\"wp-block-heading display-h2\">Per quanto riguarda Zenkit: Online Project Management<\/h3>\n\n\n\n<p><a href=\"https:\/\/zenkit.com\/\">Zenkit<\/a>&nbsp;\u00e8 una soluzione di gestione multiprogetto per progetti agili e classici. Offre funzioni di collaborazione in tempo reale, visualizzazioni intelligenti, report e pianificazione delle risorse che consentono al team di compiere progressi reali. Con un solo clic, \u00e8 possibile passare i progetti a diverse visualizzazioni, tra cui Kanban, diagramma di Gantt, tabella, mappa mentale, gerarchia, elenco e calendario. \u00c8 possibile accedere a Zenkit su quasi tutte le piattaforme: applicazioni web, Windows, Linux, MacOS e versioni mobili per dispositivi Android e iOS. Per ulteriori informazioni, visitare<a href=\"https:\/\/zenkit.com\/projects\">&nbsp;https:\/\/zenkit.com\/<\/a>.<\/p>\n<\/div>\n\n\n\n<div style=\"height:48px;--tablet-height:36px;--mobile-height:24px\" class=\"wp-block-lookeen-blocks-responsive-spacer\"><\/div>\n\n\n\n<div class=\"wp-block-group has-global-padding is-layout-constrained wp-block-group-is-layout-constrained\">\n<h3 class=\"wp-block-heading display-h2\">Come collegare Sign In Scheduling e Zenkit?<\/h3>\n\n\n\n<ol class=\"wp-block-list list__style__position-inside\">\n<li><a href=\"https:\/\/zapier.com\/sign-up\/\">Iscriviti<\/a>&nbsp;a un account Zapier per ottenere l&#8217;accesso a Zapier.<\/li>\n\n\n\n<li><a href=\"https:\/\/10to8.com\/\">Creare un account<\/a>&nbsp;con Sign In Scheduling.<\/li>\n\n\n\n<li>Entrare in Zapier e accedere a&nbsp;<a href=\"https:\/\/zapier.com\/apps\/zenkit\/integrations\/sign-in-scheduling\">Zenkit + Sign In Scheduling Zapbook<\/a>&nbsp;per trovare i modelli Zap.<\/li>\n\n\n\n<li>Oppure scegliete di creare la vostra integrazione di Zenkit e Sign In Scheduling selezionandoli quando create uno zap.<\/li>\n<\/ol>\n<\/div>\n\n\n\n<div style=\"height:48px;--tablet-height:36px;--mobile-height:24px\" class=\"wp-block-lookeen-blocks-responsive-spacer\"><\/div>\n\n\n\n<div class=\"wp-block-group has-global-padding is-layout-constrained wp-block-group-is-layout-constrained\">\n<script type=\"text\/javascript\" src=\"https:\/\/zapier.com\/apps\/embed\/widget.js?guided_zaps=1640695\"><\/script>\n<\/div>\n\n\n\n<div style=\"height:48px;--tablet-height:36px;--mobile-height:24px\" class=\"wp-block-lookeen-blocks-responsive-spacer\"><\/div>\n\n\n\n<div class=\"wp-block-group has-global-padding is-layout-constrained wp-block-group-is-layout-constrained\">\n<h3 class=\"wp-block-heading display-h2\">Chi beneficer\u00e0 di questa integrazione Sign In Scheduling e Zenkit?<\/h3>\n\n\n\n<ul class=\"wp-block-list is-style-da-left-indent\">\n<li>Persone che desiderano ricevere una notifica nel loro strumento di gestione dei progetti una volta che un appuntamento \u00e8 stato fissato tramite Sign In Scheduling.<\/li>\n\n\n\n<li>Imprenditori che cercano di migliorare la produttivit\u00e0 del loro team con l&#8217;automazione.<\/li>\n<\/ul>\n<\/div>\n\n\n\n<div style=\"height:48px;--tablet-height:36px;--mobile-height:24px\" class=\"wp-block-lookeen-blocks-responsive-spacer\"><\/div>\n\n\n\n<div class=\"wp-block-group has-global-padding is-layout-constrained wp-block-group-is-layout-constrained\">\n<h3 class=\"wp-block-heading display-h2\">Dettagli aggiuntivi sull&#8217;integrazione<\/h3>\n\n\n\n<ul class=\"wp-block-list is-style-da-left-indent\">\n<li>Supportato da Zapier: Contattare&nbsp;<a href=\"https:\/\/zapier.com\/help\/contact-us\/\">il supporto Zapier<\/a>&nbsp;in caso di problemi.<\/li>\n\n\n\n<li>Per ulteriori informazioni su come utilizzare Zenkit con Zapier, leggere la nostra&nbsp;<a href=\"https:\/\/help.zenkit.com\/en\/support\/solutions\/articles\/43000590360-integrating-other-apps-into-zenkit-using-zapier\">documentation<\/a>.<\/li>\n<\/ul>\n<\/div>\n<\/div>\n<\/div>\n<\/div>\n\n\n\n<div style=\"height:110px;--tablet-height:60px;--mobile-height:48px\" class=\"wp-block-lookeen-blocks-responsive-spacer\"><\/div>\n","protected":false},"excerpt":{"rendered":"<p>Scheduling Integrations Collegate i vostri account Zenkit e Sign In Scheduling (ex 10to8) Se utilizzate Sign In Scheduling per la programmazione di appuntamenti online, dopo che un appuntamento \u00e8 stato prenotato con successo, cosa succede dopo? Forse dovete inviare e-mail, preparare una presentazione o avere altre cose da fare per il prossimo appuntamento. Con la [&hellip;]<\/p>\n","protected":false},"author":9,"featured_media":0,"parent":127379,"menu_order":33,"comment_status":"closed","ping_status":"closed","template":"","meta":{"yasr_overall_rating":0,"yasr_post_is_review":"","yasr_auto_insert_disabled":"","yasr_review_type":"","footnotes":""},"class_list":["post-134328","page","type-page","status-publish","hentry"],"yoast_head":"<!-- This site is optimized with the Yoast SEO plugin v27.3 - https:\/\/yoast.com\/product\/yoast-seo-wordpress\/ -->\n<title>10to8 | Zenkit<\/title>\n<meta name=\"robots\" content=\"index, follow, max-snippet:-1, max-image-preview:large, max-video-preview:-1\" \/>\n<link rel=\"canonical\" href=\"https:\/\/zenkit.com\/it\/integrazioni\/sign-in-scheduling\/\" \/>\n<meta property=\"og:locale\" content=\"it_IT\" \/>\n<meta property=\"og:type\" content=\"article\" \/>\n<meta property=\"og:title\" content=\"10to8 | Zenkit\" \/>\n<meta property=\"og:description\" content=\"Scheduling Integrations Collegate i vostri account Zenkit e Sign In Scheduling (ex 10to8) Se utilizzate Sign In Scheduling per la programmazione di appuntamenti online, dopo che un appuntamento \u00e8 stato prenotato con successo, cosa succede dopo? Forse dovete inviare e-mail, preparare una presentazione o avere altre cose da fare per il prossimo appuntamento. Con la [&hellip;]\" \/>\n<meta property=\"og:url\" content=\"https:\/\/zenkit.com\/it\/integrazioni\/sign-in-scheduling\/\" \/>\n<meta property=\"og:site_name\" content=\"Zenkit\" \/>\n<meta property=\"article:publisher\" content=\"https:\/\/www.facebook.com\/ZenkitHQ\" \/>\n<meta property=\"article:modified_time\" content=\"2025-11-04T05:53:17+00:00\" \/>\n<meta property=\"og:image\" content=\"https:\/\/zenkit.com\/wp-content\/uploads\/2024\/01\/sign-in-scheduling-formerly-10to8-logo.png\" \/>\n\t<meta property=\"og:image:width\" content=\"204\" \/>\n\t<meta property=\"og:image:height\" content=\"205\" \/>\n\t<meta property=\"og:image:type\" content=\"image\/png\" \/>\n<meta name=\"twitter:card\" content=\"summary_large_image\" \/>\n<meta name=\"twitter:site\" content=\"@ZenkitHQ\" \/>\n<meta name=\"twitter:label1\" content=\"Tempo di lettura stimato\" \/>\n\t<meta name=\"twitter:data1\" content=\"2 minuti\" \/>\n<script type=\"application\/ld+json\" class=\"yoast-schema-graph\">{\"@context\":\"https:\\\/\\\/schema.org\",\"@graph\":[{\"@type\":\"WebPage\",\"@id\":\"https:\\\/\\\/zenkit.com\\\/it\\\/integrazioni\\\/sign-in-scheduling\\\/\",\"url\":\"https:\\\/\\\/zenkit.com\\\/it\\\/integrazioni\\\/sign-in-scheduling\\\/\",\"name\":\"10to8 | Zenkit\",\"isPartOf\":{\"@id\":\"https:\\\/\\\/zenkit.com\\\/it\\\/#website\"},\"primaryImageOfPage\":{\"@id\":\"https:\\\/\\\/zenkit.com\\\/it\\\/integrazioni\\\/sign-in-scheduling\\\/#primaryimage\"},\"image\":{\"@id\":\"https:\\\/\\\/zenkit.com\\\/it\\\/integrazioni\\\/sign-in-scheduling\\\/#primaryimage\"},\"thumbnailUrl\":\"https:\\\/\\\/zenkit.com\\\/wp-content\\\/uploads\\\/2024\\\/01\\\/sign-in-scheduling-formerly-10to8-logo.png\",\"datePublished\":\"2025-09-04T11:22:12+00:00\",\"dateModified\":\"2025-11-04T05:53:17+00:00\",\"breadcrumb\":{\"@id\":\"https:\\\/\\\/zenkit.com\\\/it\\\/integrazioni\\\/sign-in-scheduling\\\/#breadcrumb\"},\"inLanguage\":\"it-IT\",\"potentialAction\":[{\"@type\":\"ReadAction\",\"target\":[\"https:\\\/\\\/zenkit.com\\\/it\\\/integrazioni\\\/sign-in-scheduling\\\/\"]}]},{\"@type\":\"ImageObject\",\"inLanguage\":\"it-IT\",\"@id\":\"https:\\\/\\\/zenkit.com\\\/it\\\/integrazioni\\\/sign-in-scheduling\\\/#primaryimage\",\"url\":\"https:\\\/\\\/zenkit.com\\\/wp-content\\\/uploads\\\/2024\\\/01\\\/sign-in-scheduling-formerly-10to8-logo.png\",\"contentUrl\":\"https:\\\/\\\/zenkit.com\\\/wp-content\\\/uploads\\\/2024\\\/01\\\/sign-in-scheduling-formerly-10to8-logo.png\"},{\"@type\":\"BreadcrumbList\",\"@id\":\"https:\\\/\\\/zenkit.com\\\/it\\\/integrazioni\\\/sign-in-scheduling\\\/#breadcrumb\",\"itemListElement\":[{\"@type\":\"ListItem\",\"position\":1,\"name\":\"Home\",\"item\":\"https:\\\/\\\/zenkit.com\\\/it\\\/\"},{\"@type\":\"ListItem\",\"position\":2,\"name\":\"Integrazioni\",\"item\":\"https:\\\/\\\/zenkit.com\\\/it\\\/integrazioni\\\/\"},{\"@type\":\"ListItem\",\"position\":3,\"name\":\"10to8\"}]},{\"@type\":\"WebSite\",\"@id\":\"https:\\\/\\\/zenkit.com\\\/it\\\/#website\",\"url\":\"https:\\\/\\\/zenkit.com\\\/it\\\/\",\"name\":\"Zenkit\",\"description\":\"Zenkit Tagline\",\"potentialAction\":[{\"@type\":\"SearchAction\",\"target\":{\"@type\":\"EntryPoint\",\"urlTemplate\":\"https:\\\/\\\/zenkit.com\\\/it\\\/?s={search_term_string}\"},\"query-input\":{\"@type\":\"PropertyValueSpecification\",\"valueRequired\":true,\"valueName\":\"search_term_string\"}}],\"inLanguage\":\"it-IT\"},false]}<\/script>\n<!-- \/ Yoast SEO plugin. -->","yoast_head_json":{"title":"10to8 | Zenkit","robots":{"index":"index","follow":"follow","max-snippet":"max-snippet:-1","max-image-preview":"max-image-preview:large","max-video-preview":"max-video-preview:-1"},"canonical":"https:\/\/zenkit.com\/it\/integrazioni\/sign-in-scheduling\/","og_locale":"it_IT","og_type":"article","og_title":"10to8 | Zenkit","og_description":"Scheduling Integrations Collegate i vostri account Zenkit e Sign In Scheduling (ex 10to8) Se utilizzate Sign In Scheduling per la programmazione di appuntamenti online, dopo che un appuntamento \u00e8 stato prenotato con successo, cosa succede dopo? Forse dovete inviare e-mail, preparare una presentazione o avere altre cose da fare per il prossimo appuntamento. Con la [&hellip;]","og_url":"https:\/\/zenkit.com\/it\/integrazioni\/sign-in-scheduling\/","og_site_name":"Zenkit","article_publisher":"https:\/\/www.facebook.com\/ZenkitHQ","article_modified_time":"2025-11-04T05:53:17+00:00","og_image":[{"width":204,"height":205,"url":"https:\/\/zenkit.com\/wp-content\/uploads\/2024\/01\/sign-in-scheduling-formerly-10to8-logo.png","type":"image\/png"}],"twitter_card":"summary_large_image","twitter_site":"@ZenkitHQ","twitter_misc":{"Tempo di lettura stimato":"2 minuti"},"schema":{"@context":"https:\/\/schema.org","@graph":[{"@type":"WebPage","@id":"https:\/\/zenkit.com\/it\/integrazioni\/sign-in-scheduling\/","url":"https:\/\/zenkit.com\/it\/integrazioni\/sign-in-scheduling\/","name":"10to8 | Zenkit","isPartOf":{"@id":"https:\/\/zenkit.com\/it\/#website"},"primaryImageOfPage":{"@id":"https:\/\/zenkit.com\/it\/integrazioni\/sign-in-scheduling\/#primaryimage"},"image":{"@id":"https:\/\/zenkit.com\/it\/integrazioni\/sign-in-scheduling\/#primaryimage"},"thumbnailUrl":"https:\/\/zenkit.com\/wp-content\/uploads\/2024\/01\/sign-in-scheduling-formerly-10to8-logo.png","datePublished":"2025-09-04T11:22:12+00:00","dateModified":"2025-11-04T05:53:17+00:00","breadcrumb":{"@id":"https:\/\/zenkit.com\/it\/integrazioni\/sign-in-scheduling\/#breadcrumb"},"inLanguage":"it-IT","potentialAction":[{"@type":"ReadAction","target":["https:\/\/zenkit.com\/it\/integrazioni\/sign-in-scheduling\/"]}]},{"@type":"ImageObject","inLanguage":"it-IT","@id":"https:\/\/zenkit.com\/it\/integrazioni\/sign-in-scheduling\/#primaryimage","url":"https:\/\/zenkit.com\/wp-content\/uploads\/2024\/01\/sign-in-scheduling-formerly-10to8-logo.png","contentUrl":"https:\/\/zenkit.com\/wp-content\/uploads\/2024\/01\/sign-in-scheduling-formerly-10to8-logo.png"},{"@type":"BreadcrumbList","@id":"https:\/\/zenkit.com\/it\/integrazioni\/sign-in-scheduling\/#breadcrumb","itemListElement":[{"@type":"ListItem","position":1,"name":"Home","item":"https:\/\/zenkit.com\/it\/"},{"@type":"ListItem","position":2,"name":"Integrazioni","item":"https:\/\/zenkit.com\/it\/integrazioni\/"},{"@type":"ListItem","position":3,"name":"10to8"}]},{"@type":"WebSite","@id":"https:\/\/zenkit.com\/it\/#website","url":"https:\/\/zenkit.com\/it\/","name":"Zenkit","description":"Zenkit Tagline","potentialAction":[{"@type":"SearchAction","target":{"@type":"EntryPoint","urlTemplate":"https:\/\/zenkit.com\/it\/?s={search_term_string}"},"query-input":{"@type":"PropertyValueSpecification","valueRequired":true,"valueName":"search_term_string"}}],"inLanguage":"it-IT"},false]}},"yasr_visitor_votes":{"stars_attributes":{"read_only":false,"span_bottom":false},"number_of_votes":0,"sum_votes":0},"_links":{"self":[{"href":"https:\/\/zenkit.com\/it\/wp-json\/wp\/v2\/pages\/134328","targetHints":{"allow":["GET"]}}],"collection":[{"href":"https:\/\/zenkit.com\/it\/wp-json\/wp\/v2\/pages"}],"about":[{"href":"https:\/\/zenkit.com\/it\/wp-json\/wp\/v2\/types\/page"}],"author":[{"embeddable":true,"href":"https:\/\/zenkit.com\/it\/wp-json\/wp\/v2\/users\/9"}],"replies":[{"embeddable":true,"href":"https:\/\/zenkit.com\/it\/wp-json\/wp\/v2\/comments?post=134328"}],"version-history":[{"count":5,"href":"https:\/\/zenkit.com\/it\/wp-json\/wp\/v2\/pages\/134328\/revisions"}],"predecessor-version":[{"id":134340,"href":"https:\/\/zenkit.com\/it\/wp-json\/wp\/v2\/pages\/134328\/revisions\/134340"}],"up":[{"embeddable":true,"href":"https:\/\/zenkit.com\/it\/wp-json\/wp\/v2\/pages\/127379"}],"wp:attachment":[{"href":"https:\/\/zenkit.com\/it\/wp-json\/wp\/v2\/media?parent=134328"}],"curies":[{"name":"wp","href":"https:\/\/api.w.org\/{rel}","templated":true}]}}