{"id":134341,"date":"2025-09-04T13:32:23","date_gmt":"2025-09-04T11:32:23","guid":{"rendered":"https:\/\/zenkit.com\/?page_id=134341"},"modified":"2025-11-04T06:53:17","modified_gmt":"2025-11-04T05:53:17","slug":"clicktime","status":"publish","type":"page","link":"https:\/\/zenkit.com\/it\/integrazioni\/clicktime\/","title":{"rendered":"ClickTime"},"content":{"rendered":"\n<div style=\"height:45px;--tablet-height:45px;--mobile-height:16px\" class=\"wp-block-lookeen-blocks-responsive-spacer\"><\/div>\n\n\n\n<div class=\"wp-block-group has-global-padding is-layout-constrained wp-block-group-is-layout-constrained\">\n<div class=\"wp-block-columns is-layout-flex wp-container-core-columns-is-layout-467d341d wp-block-columns-is-layout-flex\" id=\"main__integrations\" style=\"margin-top:0px;margin-bottom:0px\">\n<div class=\"wp-block-column side__bar__integrations is-layout-flow wp-block-column-is-layout-flow\" style=\"flex-basis:23%\">\n<h2 class=\"wp-block-heading has-da-blue-color-new has-text-color has-link-color wp-elements-b9ff16b4f47aa8ec9167f96087390375\" style=\"margin-top:0px;margin-bottom:0px;font-size:16px;line-height:1.5\">Time Tracking Integrations<\/h2>\n\n\n<nav class=\"is-vertical integrations__menu wp-block-navigation is-layout-flex wp-container-core-navigation-is-layout-5f9f5280 wp-block-navigation-is-layout-flex\" aria-label=\"it-integrations-timetracking\"><ul class=\"wp-block-navigation__container  is-vertical integrations__menu wp-block-navigation\"><li class=\" wp-block-navigation-item wp-block-navigation-link\"><a class=\"wp-block-navigation-item__content\"  href=\"https:\/\/zenkit.com\/it\/integrazioni\/clicktime\/\"><span class=\"wp-block-navigation-item__label\">ClickTime<\/span><\/a><\/li><li class=\" wp-block-navigation-item wp-block-navigation-link\"><a class=\"wp-block-navigation-item__content\"  href=\"https:\/\/zenkit.com\/it\/integrazioni\/everhour\/\"><span class=\"wp-block-navigation-item__label\">Everhour<\/span><\/a><\/li><\/ul><\/nav><\/div>\n\n\n\n<div class=\"wp-block-column content__integrations is-layout-flow wp-block-column-is-layout-flow\" style=\"flex-basis:77%\">\n<div class=\"wp-block-group has-global-padding is-layout-constrained wp-block-group-is-layout-constrained\">\n<div class=\"wp-block-group title is-layout-flex wp-container-core-group-is-layout-ed4b00df wp-block-group-is-layout-flex\">\n<figure class=\"wp-block-image size-full is-resized\"><img loading=\"lazy\" decoding=\"async\" width=\"200\" height=\"200\" src=\"https:\/\/zenkit.com\/wp-content\/uploads\/2025\/07\/clicktime.webp\" alt=\"\" class=\"wp-image-117603\" style=\"width:auto;height:46px\" srcset=\"https:\/\/zenkit.com\/wp-content\/uploads\/2025\/07\/clicktime.webp 200w, https:\/\/zenkit.com\/wp-content\/uploads\/2025\/07\/clicktime-150x150.webp 150w\" sizes=\"auto, (max-width: 200px) 100vw, 200px\" \/><\/figure>\n\n\n\n<h1 class=\"wp-block-heading\">ClickTime e Zenkit<\/h1>\n<\/div>\n\n\n\n<div class=\"wp-block-group has-global-padding is-layout-constrained wp-block-group-is-layout-constrained\">\n<h3 class=\"wp-block-heading display-h2\">Connetti i tuoi account Zenkit e ClickTime<\/h3>\n\n\n\n<p>Come si pu\u00f2 migliorare la produttivit\u00e0 del tuo team? Il tuo team utilizza Zenkit come strumento di gestione progetti e crea fogli di presenza online con ClickTime per monitorare il tempo impiegato nelle attivit\u00e0 assegnate? Grazie alla nostra integrazione con Zapier, puoi inviare automaticamente le attivit\u00e0 di Zenkit a ClickTime ogni volta che ne hai bisogno!<\/p>\n<\/div>\n<\/div>\n\n\n\n<div style=\"height:48px;--tablet-height:36px;--mobile-height:24px\" class=\"wp-block-lookeen-blocks-responsive-spacer\"><\/div>\n\n\n\n<div class=\"wp-block-group has-global-padding is-layout-constrained wp-block-group-is-layout-constrained\">\n<figure class=\"wp-block-image size-full\"><img loading=\"lazy\" decoding=\"async\" width=\"858\" height=\"535\" src=\"https:\/\/zenkit.com\/wp-content\/uploads\/2025\/07\/time-tracking-software.webp\" alt=\"Connetti i tuoi account Zenkit e ClickTime\n\" class=\"wp-image-117614\" srcset=\"https:\/\/zenkit.com\/wp-content\/uploads\/2025\/07\/time-tracking-software.webp 858w, https:\/\/zenkit.com\/wp-content\/uploads\/2025\/07\/time-tracking-software-300x187.webp 300w, https:\/\/zenkit.com\/wp-content\/uploads\/2025\/07\/time-tracking-software-768x479.webp 768w\" sizes=\"auto, (max-width: 858px) 100vw, 858px\" \/><\/figure>\n<\/div>\n\n\n\n<div style=\"height:48px;--tablet-height:36px;--mobile-height:24px\" class=\"wp-block-lookeen-blocks-responsive-spacer\"><\/div>\n\n\n\n<div class=\"wp-block-group has-global-padding is-layout-constrained wp-block-group-is-layout-constrained\">\n<h3 class=\"wp-block-heading display-h2\">Informazioni su ClickTime: Timesheet online semplice<\/h3>\n\n\n\n<p>ClickTime \u00e8 un eccellente software di monitoraggio del tempo per la pianificazione e la gestione. Puoi migliorare le operazioni e aumentare la produttivit\u00e0 dei dipendenti con timesheet (fogli di presenza) facili da usare, ovunque e in qualsiasi momento. ClickTime ti aiuta a eliminare le congetture nella gestione delle attivit\u00e0 e dei progetti con funzionalit\u00e0 come aggiornamenti in tempo reale sulle ore lavorative dei dipendenti, disponibilit\u00e0 e costi.<\/p>\n<\/div>\n\n\n\n<div style=\"height:48px;--tablet-height:36px;--mobile-height:24px\" class=\"wp-block-lookeen-blocks-responsive-spacer\"><\/div>\n\n\n\n<div class=\"wp-block-group has-global-padding is-layout-constrained wp-block-group-is-layout-constrained\">\n<h3 class=\"wp-block-heading display-h2\">Informazioni su Zenkit: Gestione progetti online<\/h3>\n\n\n\n<p><a href=\"https:\/\/zenkit.com\/\">Zenkit<\/a>&nbsp;\u00e8 una soluzione per la gestione di pi\u00f9 progetti, adatta a progetti sia agili che classici. Offre funzionalit\u00e0 di collaborazione in tempo reale, visualizzazioni intelligenti, report e pianificazione delle risorse che consentono al tuo team di fare veri progressi. Con un solo clic, puoi passare a diverse visualizzazioni dei tuoi progetti, tra cui Kanban, diagramma di Gantt, tabella, mappa mentale, gerarchia, elenco e calendario. Puoi accedere a Zenkit su quasi tutte le piattaforme, inclusi web, Windows, Linux, applicazioni MacOS e versioni mobili su dispositivi Android e iOS.<\/p>\n\n\n\n<p>Per ulteriori informazioni, visita<a href=\"https:\/\/zenkit.com\/it\/projects\/\">&nbsp;https:\/\/zenkit.com\/<\/a>.<\/p>\n<\/div>\n\n\n\n<div style=\"height:48px;--tablet-height:36px;--mobile-height:24px\" class=\"wp-block-lookeen-blocks-responsive-spacer\"><\/div>\n\n\n\n<div class=\"wp-block-group has-global-padding is-layout-constrained wp-block-group-is-layout-constrained\">\n<h3 class=\"wp-block-heading display-h2\">Come connettere ClickTime e Zenkit?<\/h3>\n\n\n\n<ol class=\"wp-block-list list__style__position-inside\">\n<li><a href=\"https:\/\/zapier.com\/sign-up\/\">Iscriviti<\/a>\u00a0a un account Zapier per accedere a Zapier.<\/li>\n\n\n\n<li><a href=\"https:\/\/www.clicktime.com\/forms\/free-trial\">Crea un account<\/a>\u00a0con ClickTime.<\/li>\n\n\n\n<li>Accedi a Zapier e vai al\u00a0<a href=\"https:\/\/zapier.com\/apps\/clicktime\/integrations\/zenkit\">Zenkit + ClickTime Zapbook<\/a>\u00a0per trovare modelli di Zap.<\/li>\n\n\n\n<li>Oppure scegli di creare la tua integrazione tra Zenkit e ClickTime selezionandoli quando crei uno zap.<\/li>\n<\/ol>\n<\/div>\n\n\n\n<div style=\"height:48px;--tablet-height:36px;--mobile-height:24px\" class=\"wp-block-lookeen-blocks-responsive-spacer\"><\/div>\n\n\n\n<div class=\"wp-block-group has-global-padding is-layout-constrained wp-block-group-is-layout-constrained\">\n<script type=\"text\/javascript\" src=\"https:\/\/zapier.com\/apps\/embed\/widget.js?guided_zaps=60241\"><\/script>\n<\/div>\n\n\n\n<div style=\"height:48px;--tablet-height:36px;--mobile-height:24px\" class=\"wp-block-lookeen-blocks-responsive-spacer\"><\/div>\n\n\n\n<div class=\"wp-block-group has-global-padding is-layout-constrained wp-block-group-is-layout-constrained\">\n<h3 class=\"wp-block-heading display-h2\">Chi trarr\u00e0 vantaggio da questa integrazione tra ClickTime e Zenkit?<\/h3>\n\n\n\n<ul class=\"wp-block-list is-style-da-left-indent\">\n<li>Persone che desiderano valutare il tempo impiegato nelle loro attivit\u00e0 assegnate in Zenkit tramite un foglio di presenza online in modo efficiente.<\/li>\n\n\n\n<li>Persone che desiderano dedicare tempo ed energie a ci\u00f2 che davvero conta.<\/li>\n<\/ul>\n<\/div>\n\n\n\n<div style=\"height:48px;--tablet-height:36px;--mobile-height:24px\" class=\"wp-block-lookeen-blocks-responsive-spacer\"><\/div>\n\n\n\n<div class=\"wp-block-group has-global-padding is-layout-constrained wp-block-group-is-layout-constrained\">\n<h3 class=\"wp-block-heading display-h2\">Dettagli aggiuntivi sull\u2019integrazione<\/h3>\n\n\n\n<ul class=\"wp-block-list is-style-da-left-indent\">\n<li>Supportata da Zapier: Si prega di contattare il\u00a0<a href=\"https:\/\/zapier.com\/help\/contact-us\/\">supporto Zapier<\/a>\u00a0in caso di problemi.<\/li>\n\n\n\n<li>Per ulteriori informazioni su come utilizzare Zenkit con Zapier, consulta la nostra\u00a0<a href=\"https:\/\/help.zenkit.com\/en\/support\/solutions\/articles\/43000590360-integrating-other-apps-into-zenkit-using-zapier\">documentazione<\/a>.<\/li>\n<\/ul>\n<\/div>\n<\/div>\n<\/div>\n<\/div>\n\n\n\n<div style=\"height:110px;--tablet-height:60px;--mobile-height:48px\" class=\"wp-block-lookeen-blocks-responsive-spacer\"><\/div>\n","protected":false},"excerpt":{"rendered":"<p>Time Tracking Integrations ClickTime e Zenkit Connetti i tuoi account Zenkit e ClickTime Come si pu\u00f2 migliorare la produttivit\u00e0 del tuo team? Il tuo team utilizza Zenkit come strumento di gestione progetti e crea fogli di presenza online con ClickTime per monitorare il tempo impiegato nelle attivit\u00e0 assegnate? Grazie alla nostra integrazione con Zapier, puoi [&hellip;]<\/p>\n","protected":false},"author":9,"featured_media":0,"parent":127379,"menu_order":12,"comment_status":"closed","ping_status":"closed","template":"","meta":{"yasr_overall_rating":0,"yasr_post_is_review":"","yasr_auto_insert_disabled":"","yasr_review_type":"","footnotes":""},"class_list":["post-134341","page","type-page","status-publish","hentry"],"yoast_head":"<!-- This site is optimized with the Yoast SEO plugin v27.4 - https:\/\/yoast.com\/product\/yoast-seo-wordpress\/ -->\n<title>ClickTime | Zenkit<\/title>\n<meta name=\"robots\" content=\"index, follow, max-snippet:-1, max-image-preview:large, max-video-preview:-1\" \/>\n<link rel=\"canonical\" href=\"https:\/\/zenkit.com\/it\/integrazioni\/clicktime\/\" \/>\n<meta property=\"og:locale\" content=\"it_IT\" \/>\n<meta property=\"og:type\" content=\"article\" \/>\n<meta property=\"og:title\" content=\"ClickTime | Zenkit\" \/>\n<meta property=\"og:description\" content=\"Time Tracking Integrations ClickTime e Zenkit Connetti i tuoi account Zenkit e ClickTime Come si pu\u00f2 migliorare la produttivit\u00e0 del tuo team? Il tuo team utilizza Zenkit come strumento di gestione progetti e crea fogli di presenza online con ClickTime per monitorare il tempo impiegato nelle attivit\u00e0 assegnate? Grazie alla nostra integrazione con Zapier, puoi [&hellip;]\" \/>\n<meta property=\"og:url\" content=\"https:\/\/zenkit.com\/it\/integrazioni\/clicktime\/\" \/>\n<meta property=\"og:site_name\" content=\"Zenkit\" \/>\n<meta property=\"article:publisher\" content=\"https:\/\/www.facebook.com\/ZenkitHQ\" \/>\n<meta property=\"article:modified_time\" content=\"2025-11-04T05:53:17+00:00\" \/>\n<meta property=\"og:image\" content=\"https:\/\/zenkit.com\/wp-content\/uploads\/2025\/07\/clicktime.webp\" \/>\n\t<meta property=\"og:image:width\" content=\"200\" \/>\n\t<meta property=\"og:image:height\" content=\"200\" \/>\n\t<meta property=\"og:image:type\" content=\"image\/webp\" \/>\n<meta name=\"twitter:card\" content=\"summary_large_image\" \/>\n<meta name=\"twitter:site\" content=\"@ZenkitHQ\" \/>\n<meta name=\"twitter:label1\" content=\"Tempo di lettura stimato\" \/>\n\t<meta name=\"twitter:data1\" content=\"2 minuti\" \/>\n<script type=\"application\/ld+json\" class=\"yoast-schema-graph\">{\"@context\":\"https:\\\/\\\/schema.org\",\"@graph\":[{\"@type\":\"WebPage\",\"@id\":\"https:\\\/\\\/zenkit.com\\\/it\\\/integrazioni\\\/clicktime\\\/\",\"url\":\"https:\\\/\\\/zenkit.com\\\/it\\\/integrazioni\\\/clicktime\\\/\",\"name\":\"ClickTime | Zenkit\",\"isPartOf\":{\"@id\":\"https:\\\/\\\/zenkit.com\\\/it\\\/#website\"},\"primaryImageOfPage\":{\"@id\":\"https:\\\/\\\/zenkit.com\\\/it\\\/integrazioni\\\/clicktime\\\/#primaryimage\"},\"image\":{\"@id\":\"https:\\\/\\\/zenkit.com\\\/it\\\/integrazioni\\\/clicktime\\\/#primaryimage\"},\"thumbnailUrl\":\"https:\\\/\\\/zenkit.com\\\/wp-content\\\/uploads\\\/2025\\\/07\\\/clicktime.webp\",\"datePublished\":\"2025-09-04T11:32:23+00:00\",\"dateModified\":\"2025-11-04T05:53:17+00:00\",\"breadcrumb\":{\"@id\":\"https:\\\/\\\/zenkit.com\\\/it\\\/integrazioni\\\/clicktime\\\/#breadcrumb\"},\"inLanguage\":\"it-IT\",\"potentialAction\":[{\"@type\":\"ReadAction\",\"target\":[\"https:\\\/\\\/zenkit.com\\\/it\\\/integrazioni\\\/clicktime\\\/\"]}]},{\"@type\":\"ImageObject\",\"inLanguage\":\"it-IT\",\"@id\":\"https:\\\/\\\/zenkit.com\\\/it\\\/integrazioni\\\/clicktime\\\/#primaryimage\",\"url\":\"https:\\\/\\\/zenkit.com\\\/wp-content\\\/uploads\\\/2025\\\/07\\\/clicktime.webp\",\"contentUrl\":\"https:\\\/\\\/zenkit.com\\\/wp-content\\\/uploads\\\/2025\\\/07\\\/clicktime.webp\"},{\"@type\":\"BreadcrumbList\",\"@id\":\"https:\\\/\\\/zenkit.com\\\/it\\\/integrazioni\\\/clicktime\\\/#breadcrumb\",\"itemListElement\":[{\"@type\":\"ListItem\",\"position\":1,\"name\":\"Home\",\"item\":\"https:\\\/\\\/zenkit.com\\\/it\\\/\"},{\"@type\":\"ListItem\",\"position\":2,\"name\":\"Integrazioni\",\"item\":\"https:\\\/\\\/zenkit.com\\\/it\\\/integrazioni\\\/\"},{\"@type\":\"ListItem\",\"position\":3,\"name\":\"ClickTime\"}]},{\"@type\":\"WebSite\",\"@id\":\"https:\\\/\\\/zenkit.com\\\/it\\\/#website\",\"url\":\"https:\\\/\\\/zenkit.com\\\/it\\\/\",\"name\":\"Zenkit\",\"description\":\"Zenkit Tagline\",\"potentialAction\":[{\"@type\":\"SearchAction\",\"target\":{\"@type\":\"EntryPoint\",\"urlTemplate\":\"https:\\\/\\\/zenkit.com\\\/it\\\/?s={search_term_string}\"},\"query-input\":{\"@type\":\"PropertyValueSpecification\",\"valueRequired\":true,\"valueName\":\"search_term_string\"}}],\"inLanguage\":\"it-IT\"},false]}<\/script>\n<!-- \/ Yoast SEO plugin. -->","yoast_head_json":{"title":"ClickTime | Zenkit","robots":{"index":"index","follow":"follow","max-snippet":"max-snippet:-1","max-image-preview":"max-image-preview:large","max-video-preview":"max-video-preview:-1"},"canonical":"https:\/\/zenkit.com\/it\/integrazioni\/clicktime\/","og_locale":"it_IT","og_type":"article","og_title":"ClickTime | Zenkit","og_description":"Time Tracking Integrations ClickTime e Zenkit Connetti i tuoi account Zenkit e ClickTime Come si pu\u00f2 migliorare la produttivit\u00e0 del tuo team? Il tuo team utilizza Zenkit come strumento di gestione progetti e crea fogli di presenza online con ClickTime per monitorare il tempo impiegato nelle attivit\u00e0 assegnate? Grazie alla nostra integrazione con Zapier, puoi [&hellip;]","og_url":"https:\/\/zenkit.com\/it\/integrazioni\/clicktime\/","og_site_name":"Zenkit","article_publisher":"https:\/\/www.facebook.com\/ZenkitHQ","article_modified_time":"2025-11-04T05:53:17+00:00","og_image":[{"width":200,"height":200,"url":"https:\/\/zenkit.com\/wp-content\/uploads\/2025\/07\/clicktime.webp","type":"image\/webp"}],"twitter_card":"summary_large_image","twitter_site":"@ZenkitHQ","twitter_misc":{"Tempo di lettura stimato":"2 minuti"},"schema":{"@context":"https:\/\/schema.org","@graph":[{"@type":"WebPage","@id":"https:\/\/zenkit.com\/it\/integrazioni\/clicktime\/","url":"https:\/\/zenkit.com\/it\/integrazioni\/clicktime\/","name":"ClickTime | Zenkit","isPartOf":{"@id":"https:\/\/zenkit.com\/it\/#website"},"primaryImageOfPage":{"@id":"https:\/\/zenkit.com\/it\/integrazioni\/clicktime\/#primaryimage"},"image":{"@id":"https:\/\/zenkit.com\/it\/integrazioni\/clicktime\/#primaryimage"},"thumbnailUrl":"https:\/\/zenkit.com\/wp-content\/uploads\/2025\/07\/clicktime.webp","datePublished":"2025-09-04T11:32:23+00:00","dateModified":"2025-11-04T05:53:17+00:00","breadcrumb":{"@id":"https:\/\/zenkit.com\/it\/integrazioni\/clicktime\/#breadcrumb"},"inLanguage":"it-IT","potentialAction":[{"@type":"ReadAction","target":["https:\/\/zenkit.com\/it\/integrazioni\/clicktime\/"]}]},{"@type":"ImageObject","inLanguage":"it-IT","@id":"https:\/\/zenkit.com\/it\/integrazioni\/clicktime\/#primaryimage","url":"https:\/\/zenkit.com\/wp-content\/uploads\/2025\/07\/clicktime.webp","contentUrl":"https:\/\/zenkit.com\/wp-content\/uploads\/2025\/07\/clicktime.webp"},{"@type":"BreadcrumbList","@id":"https:\/\/zenkit.com\/it\/integrazioni\/clicktime\/#breadcrumb","itemListElement":[{"@type":"ListItem","position":1,"name":"Home","item":"https:\/\/zenkit.com\/it\/"},{"@type":"ListItem","position":2,"name":"Integrazioni","item":"https:\/\/zenkit.com\/it\/integrazioni\/"},{"@type":"ListItem","position":3,"name":"ClickTime"}]},{"@type":"WebSite","@id":"https:\/\/zenkit.com\/it\/#website","url":"https:\/\/zenkit.com\/it\/","name":"Zenkit","description":"Zenkit Tagline","potentialAction":[{"@type":"SearchAction","target":{"@type":"EntryPoint","urlTemplate":"https:\/\/zenkit.com\/it\/?s={search_term_string}"},"query-input":{"@type":"PropertyValueSpecification","valueRequired":true,"valueName":"search_term_string"}}],"inLanguage":"it-IT"},false]}},"yasr_visitor_votes":{"stars_attributes":{"read_only":false,"span_bottom":false},"number_of_votes":0,"sum_votes":0},"_links":{"self":[{"href":"https:\/\/zenkit.com\/it\/wp-json\/wp\/v2\/pages\/134341","targetHints":{"allow":["GET"]}}],"collection":[{"href":"https:\/\/zenkit.com\/it\/wp-json\/wp\/v2\/pages"}],"about":[{"href":"https:\/\/zenkit.com\/it\/wp-json\/wp\/v2\/types\/page"}],"author":[{"embeddable":true,"href":"https:\/\/zenkit.com\/it\/wp-json\/wp\/v2\/users\/9"}],"replies":[{"embeddable":true,"href":"https:\/\/zenkit.com\/it\/wp-json\/wp\/v2\/comments?post=134341"}],"version-history":[{"count":3,"href":"https:\/\/zenkit.com\/it\/wp-json\/wp\/v2\/pages\/134341\/revisions"}],"predecessor-version":[{"id":134354,"href":"https:\/\/zenkit.com\/it\/wp-json\/wp\/v2\/pages\/134341\/revisions\/134354"}],"up":[{"embeddable":true,"href":"https:\/\/zenkit.com\/it\/wp-json\/wp\/v2\/pages\/127379"}],"wp:attachment":[{"href":"https:\/\/zenkit.com\/it\/wp-json\/wp\/v2\/media?parent=134341"}],"curies":[{"name":"wp","href":"https:\/\/api.w.org\/{rel}","templated":true}]}}