{"id":173834,"date":"2021-03-18T09:56:53","date_gmt":"2021-03-18T08:56:53","guid":{"rendered":"https:\/\/zenkit.com\/awo-giessen\/"},"modified":"2025-11-03T08:13:16","modified_gmt":"2025-11-03T07:13:16","slug":"awo-giessen","status":"publish","type":"page","link":"https:\/\/zenkit.com\/it\/awo-giessen\/","title":{"rendered":"AWO Gie\u00dfen"},"content":{"rendered":"\n<div class=\"wp-block-group page__header has-global-padding is-layout-constrained wp-block-group-is-layout-constrained\">\n<div class=\"wp-block-group width--950 has-global-padding is-layout-constrained wp-block-group-is-layout-constrained\">\n<div style=\"height:45px;--tablet-height:45px;--mobile-height:16px\" class=\"wp-block-lookeen-blocks-responsive-spacer\"><\/div>\n\n\n\n<div class=\"wp-block-group has-global-padding is-layout-constrained wp-block-group-is-layout-constrained\">\n<h1 class=\"wp-block-heading has-text-align-center\" style=\"margin-bottom:8px\">Storia di successo: AWO a Gie\u00dfen!<\/h1>\n<\/div>\n\n\n\n<div class=\"wp-block-group has-global-padding is-layout-constrained wp-block-group-is-layout-constrained\">\n<p class=\"has-text-align-center subheading\"><strong>L&#8217;AWO di Gie\u00dfen riduce al minimo il tempo dedicato ai progetti grazie all&#8217;aiuto di Zenkit<\/strong><\/p>\n<\/div>\n\n\n\n<div style=\"height:48px;--tablet-height:36px;--mobile-height:24px\" class=\"wp-block-lookeen-blocks-responsive-spacer\"><\/div>\n\n\n\n<section class=\"wp-block-group da-banner-customer-story-pattern is-layout-flow wp-block-group-is-layout-flow\">\n<div class=\"wp-block-group container container--small is-layout-flow wp-block-group-is-layout-flow\">\n<div class=\"wp-block-group da-banner-customer-story-pattern__image-wrapper is-layout-flow wp-block-group-is-layout-flow\">\n<figure class=\"wp-block-image\" style=\"margin-top:0px;margin-bottom:0px\"><img decoding=\"async\" src=\"https:\/\/zenkit.com\/wp-content\/uploads\/2021\/03\/awo_team_innovationsmanagement-2-1.png\" alt=\"Erfolgsgeschichte: AWO in Gie\u00dfen\"\/><\/figure>\n\n\n\n<figure class=\"wp-block-image da-banner-customer-story-pattern__logo\"><img decoding=\"async\" src=\"https:\/\/zenkit.com\/wp-content\/uploads\/2021\/04\/awo-giessen.jpg\" alt=\"awo logo\"\/><\/figure>\n<\/div>\n<\/div>\n<\/section>\n\n\n\n<div style=\"height:88px;--tablet-height:72px;--mobile-height:40px\" class=\"wp-block-lookeen-blocks-responsive-spacer\"><\/div>\n\n\n\n<p class=\"has-text-align-center\"><strong>L&#8217;AWO di Gie\u00dfen \u00e8 un membro locale dell&#8217;organizzazione no profit Arbeiterwohlfart Bundesverband (AWO), registrata in Germania. Offre servizi sociali e sostiene con compassione e cura gli anziani e i bambini bisognosi.<\/strong><\/p>\n\n\n\n<p class=\"has-text-align-center\"><strong>Per garantire flussi di lavoro perfetti per gli eventi e i progetti attuali, l&#8217;AWO di Gie\u00dfen utilizza la nostra soluzione di gestione dei progetti Zenkit Base nei propri team da oltre 2 anni. Oggi Roland Scheld, responsabile del dipartimento per gli anziani e la gestione dell&#8217;innovazione presso l&#8217;AWO di Gie\u00dfen, racconter\u00e0 come Zenkit abbia aiutato la sua azienda a ottimizzare i processi e a sostenere il proprio lavoro a favore della societ\u00e0.<\/strong><\/p>\n<\/div>\n\n\n\n<div style=\"height:88px;--tablet-height:72px;--mobile-height:40px\" class=\"wp-block-lookeen-blocks-responsive-spacer\"><\/div>\n<\/div>\n\n\n\n<section class=\"wp-block-group da-columns-cards has-global-padding is-layout-constrained wp-block-group-is-layout-constrained\">\n<div class=\"wp-block-group container has-global-padding is-layout-constrained wp-block-group-is-layout-constrained\">\n<div class=\"wp-block-columns is-not-stacked-on-mobile is-layout-flex wp-container-core-columns-is-layout-28f84493 wp-block-columns-is-layout-flex\">\n<div class=\"wp-block-column is-layout-flow wp-block-column-is-layout-flow\">\n<figure class=\"wp-block-image aligncenter size-full\"><img decoding=\"async\" src=\"https:\/\/zenkit.com\/wp-content\/uploads\/2025\/03\/loca-1.svg\" alt=\"location pin\" class=\"wp-image-111491\"\/><\/figure>\n\n\n\n<p class=\"has-text-align-center is-style-default\">Gie\u00dfen,<br>Germany<\/p>\n<\/div>\n\n\n\n<div class=\"wp-block-column is-layout-flow wp-block-column-is-layout-flow\">\n<figure class=\"wp-block-image aligncenter size-full\"><img decoding=\"async\" src=\"https:\/\/zenkit.com\/wp-content\/uploads\/2025\/03\/loca-2.svg\" alt=\"people\" class=\"wp-image-111501\"\/><\/figure>\n\n\n\n<p class=\"has-text-align-center\">480<br>dipendenti<\/p>\n<\/div>\n\n\n\n<div class=\"wp-block-column is-layout-flow wp-block-column-is-layout-flow\">\n<figure class=\"wp-block-image aligncenter size-full\"><img decoding=\"async\" src=\"https:\/\/zenkit.com\/wp-content\/uploads\/2025\/03\/loca-3.svg\" alt=\"website\" class=\"wp-image-111511\"\/><\/figure>\n\n\n\n<p class=\"has-text-align-center link_style-inherit\"><a href=\"http:\/\/www.awo-giessen.org\" target=\"_blank\" rel=\"noreferrer noopener\">www.awo-giessen.org<\/a><\/p>\n<\/div>\n\n\n\n<div class=\"wp-block-column is-layout-flow wp-block-column-is-layout-flow\">\n<figure class=\"wp-block-image aligncenter size-full\"><img decoding=\"async\" src=\"https:\/\/zenkit.com\/wp-content\/uploads\/2025\/03\/loca-4.svg\" alt=\"Time\" class=\"wp-image-111521\"\/><\/figure>\n\n\n\n<p class=\"has-text-align-center\">2 anni di utilizzo di<br>Zenkit Base<\/p>\n<\/div>\n\n\n\n<div class=\"wp-block-column is-layout-flow wp-block-column-is-layout-flow\">\n<figure class=\"wp-block-image aligncenter size-full\"><img decoding=\"async\" src=\"https:\/\/zenkit.com\/wp-content\/uploads\/2025\/03\/loca-5.svg\" alt=\"Project Management, documentation\n&amp; team communication\" class=\"wp-image-111531\"\/><\/figure>\n\n\n\n<p class=\"has-text-align-center\">Gestione dei progetti, gestione delle attivit\u00e0 e database relazionale<\/p>\n<\/div>\n<\/div>\n<\/div>\n<\/section>\n\n\n\n<div class=\"wp-block-group has-global-padding is-layout-constrained wp-block-group-is-layout-constrained\">\n<div style=\"height:88px;--tablet-height:72px;--mobile-height:40px\" class=\"wp-block-lookeen-blocks-responsive-spacer\"><\/div>\n\n\n\n<div class=\"wp-block-columns is-style-default is-layout-flex wp-container-core-columns-is-layout-2eb748b2 wp-block-columns-is-layout-flex\" style=\"margin-top:0px;margin-bottom:0px\">\n<div class=\"wp-block-column is-layout-flow wp-block-column-is-layout-flow\">\n<h2 class=\"wp-block-heading\" style=\"margin-top:0;margin-right:0;margin-bottom:0;margin-left:0\">\u201cGestire molti progetti complessi \u00e8 semplicissimo grazie alle diverse visualizzazioni dei dati offerte da Zenkit\u201d<\/h2>\n\n\n\n<div style=\"height:24px;--tablet-height:24px;--mobile-height:24px\" class=\"wp-block-lookeen-blocks-responsive-spacer\"><\/div>\n\n\n\n<hr class=\"wp-block-separator has-alpha-channel-opacity is-style-colored-line\"\/>\n<\/div>\n\n\n\n<div class=\"wp-block-column is-layout-flow wp-block-column-is-layout-flow\">\n<p>L&#8217;AWO di Gie\u00dfen utilizza Zenkit principalmente per affrontare la sfida di gestire molti progetti contemporaneamente. Roland sottolinea che Zenkit, con le sue visualizzazioni dei dati versatili e utili, li ha aiutati a realizzare i progetti con molto pi\u00f9 successo.<\/p>\n\n\n\n<p>Per realizzare i propri progetti, l&#8217;AWO di Gie\u00dfen ha creato diverse raccolte utili in Zenkit. Queste vanno dai piani di progetto, un elenco dei membri, un calendario completo dei progetti e documenti di progetto, fino ad interi archivi di documenti. All&#8217;interno di ogni raccolta \u00e8 possibile utilizzare la visualizzazione pi\u00f9 adatta ai dati contenuti.<\/p>\n\n\n\n<p>Poich\u00e9, ad esempio, la vista Wiki offre una struttura chiara per le informazioni e i dati in essa contenuti e quindi ogni membro del team \u00e8 aggiornato, la utilizzano per i loro piani di progetto, nonch\u00e9 nelle raccolte per gli argomenti di progetto, poich\u00e9 qui \u00e8 necessaria una comprensione chiara e approfondita. La vista Wiki lo rappresenta perfettamente. Nel frattempo, la vista elenco \u00e8 pi\u00f9 adatta per il loro elenco dei membri e i dati e i documenti di progetto. Le informazioni in essa contenute non devono essere strutturate e quindi i dati possono essere facilmente cercati e filtrati. Da non dimenticare: per le attivit\u00e0 quotidiane e la gestione dei progetti, utilizzano naturalmente la vista Kanban, che consente loro di visualizzare facilmente i dati e di vedere i progressi delle singole attivit\u00e0.<\/p>\n<\/div>\n<\/div>\n<\/div>\n\n\n\n<div style=\"height:88px;--tablet-height:72px;--mobile-height:40px\" class=\"wp-block-lookeen-blocks-responsive-spacer\"><\/div>\n\n\n\n<div class=\"wp-block-group has-global-padding is-layout-constrained wp-block-group-is-layout-constrained\">\n<div class=\"wp-block-columns is-style-da-column-order-reverse is-layout-flex wp-container-core-columns-is-layout-2eb748b2 wp-block-columns-is-layout-flex\" style=\"margin-top:0px;margin-bottom:0px\">\n<div class=\"wp-block-column is-layout-flow wp-block-column-is-layout-flow\">\n<p>Per gestire e distinguere la moltitudine di progetti, database e wiki diversi, l&#8217;AWO di Gie\u00dfen utilizza diverse raccolte, ciascuna delle quali \u00e8 separata dalle altre in spazi di lavoro specifici per argomento. Con l&#8217;aiuto della funzione di riferimento \u00e8 quindi possibile collegare tra loro raccolte correlate.<\/p>\n\n\n\n<p>Ad esempio, collegano la loro raccolta per il piano di progetto alla raccolta per le singole attivit\u00e0 del progetto, in modo da poter sempre tracciare con precisione a quale parte del piano appartiene un&#8217;attivit\u00e0 specifica. In questo modo sono in grado di monitorare con precisione lo stato di avanzamento dei singoli progetti senza sovraccaricare il loro piano con attivit\u00e0 minori e poco importanti.<\/p>\n\n\n\n<p>La funzione di riferimento in Zenkit \u00e8 naturalmente solo uno dei tanti strumenti utili. Anche l&#8217;aggregazione di elementi referenziati su pi\u00f9 raccolte \u00e8 una funzione che l&#8217;AWO ha menzionato in modo specifico. Per Roland \u00e8 utile anche l&#8217;interfaccia utente intuitiva e facile da usare, poich\u00e9 rende semplice la creazione di piccoli database necessari per realizzare i propri progetti senza problemi.<\/p>\n<\/div>\n\n\n\n<div class=\"wp-block-column is-layout-flow wp-block-column-is-layout-flow\">\n<h2 class=\"wp-block-heading\" style=\"margin-top:0;margin-right:0;margin-bottom:0;margin-left:0\">\u201cLa funzione di riferimento \u00e8 quella che ci colpisce di pi\u00f9, poich\u00e9 ci permette di collegare facilmente diverse collezioni tra loro.\u201d<\/h2>\n\n\n\n<div style=\"height:24px;--tablet-height:24px;--mobile-height:24px\" class=\"wp-block-lookeen-blocks-responsive-spacer\"><\/div>\n\n\n\n<hr class=\"wp-block-separator has-alpha-channel-opacity is-style-colored-line\"\/>\n<\/div>\n<\/div>\n<\/div>\n\n\n\n<div class=\"wp-block-group has-global-padding is-layout-constrained wp-block-group-is-layout-constrained\">\n<div style=\"height:88px;--tablet-height:72px;--mobile-height:40px\" class=\"wp-block-lookeen-blocks-responsive-spacer\"><\/div>\n\n\n\n<div class=\"wp-block-group has-global-padding is-layout-constrained wp-container-core-group-is-layout-61f7a5d6 wp-block-group-is-layout-constrained\">\n<figure class=\"wp-block-image size-full\"><img loading=\"lazy\" decoding=\"async\" width=\"660\" height=\"444\" src=\"https:\/\/zenkit.com\/wp-content\/uploads\/2025\/03\/Albert-Osswald-Giesen-1.jpg\" alt=\"awo building\" class=\"wp-image-111561\" srcset=\"https:\/\/zenkit.com\/wp-content\/uploads\/2025\/03\/Albert-Osswald-Giesen-1.jpg 660w, https:\/\/zenkit.com\/wp-content\/uploads\/2025\/03\/Albert-Osswald-Giesen-1-300x202.jpg 300w\" sizes=\"auto, (max-width: 660px) 100vw, 660px\" \/><\/figure>\n<\/div>\n\n\n\n<div style=\"height:88px;--tablet-height:72px;--mobile-height:40px\" class=\"wp-block-lookeen-blocks-responsive-spacer\"><\/div>\n<\/div>\n\n\n\n<div class=\"wp-block-group has-global-padding is-layout-constrained wp-block-group-is-layout-constrained\">\n<div class=\"wp-block-columns is-style-default is-layout-flex wp-container-core-columns-is-layout-2eb748b2 wp-block-columns-is-layout-flex\" style=\"margin-top:0px;margin-bottom:0px\">\n<div class=\"wp-block-column is-layout-flow wp-block-column-is-layout-flow\">\n<h2 class=\"wp-block-heading\" style=\"margin-top:0;margin-right:0;margin-bottom:0;margin-left:0\">\u201cCon Zenkit possiamo ottenere rapidamente una panoramica chiara, calcolando automaticamente i dati numerici.\u201d<\/h2>\n\n\n\n<div style=\"height:24px;--tablet-height:24px;--mobile-height:24px\" class=\"wp-block-lookeen-blocks-responsive-spacer\"><\/div>\n\n\n\n<hr class=\"wp-block-separator has-alpha-channel-opacity is-style-colored-line\"\/>\n<\/div>\n\n\n\n<div class=\"wp-block-column is-layout-flow wp-block-column-is-layout-flow\">\n<p>I dipendenti dell&#8217;AWO di Gie\u00dfen registrano direttamente in Zenkit il tempo dedicato a determinati progetti. Grazie alle funzioni di aggregazione e formula di Zenkit, il tempo totale dedicato a un progetto, la ripartizione delle ore per dipendente, le ore per attivit\u00e0 e molto altro vengono calcolati automaticamente. Ci\u00f2 significa che i manager possono ottenere una rapida panoramica di questi dati senza doverli calcolare manualmente. Inoltre, non \u00e8 necessario alcun software di reporting esterno.<\/p>\n\n\n\n<p>Grazie alla chiarezza di queste funzioni, i project manager dell&#8217;AWO di Gie\u00dfen possono seguire i propri progetti e pianificare e riassegnare le risorse in modo pi\u00f9 efficiente.<\/p>\n<\/div>\n<\/div>\n\n\n\n<div style=\"height:88px;--tablet-height:72px;--mobile-height:40px\" class=\"wp-block-lookeen-blocks-responsive-spacer\"><\/div>\n\n\n\n<div class=\"wp-block-columns is-style-da-column-order-reverse is-layout-flex wp-container-core-columns-is-layout-2eb748b2 wp-block-columns-is-layout-flex\" style=\"margin-top:0px;margin-bottom:0px\">\n<div class=\"wp-block-column is-layout-flow wp-block-column-is-layout-flow\">\n<p>Alla fine, Roland \u00e8 giunto alla conclusione che l&#8217;utilizzo di Zenkit ha portato a una riduzione sia del tempo pianificato che di quello effettivo per interi progetti. Ha attribuito questo risultato a Zenkit, poich\u00e9 Zenkit apporta chiarezza e semplicit\u00e0 in ogni fase della gestione dei progetti. Ci\u00f2 comprende il monitoraggio e il miglioramento dei processi, nonch\u00e9 la riduzione del tempo necessario per la pianificazione, l&#8217;esecuzione, il monitoraggio e la revisione fino al completamento definitivo dei progetti. Con le sue funzionalit\u00e0 potenti ma intuitive, AWO a Gie\u00dfen ha trovato in Zenkit lo strumento ideale per migliorare l&#8217;efficienza del lavoro e lavorare in modo produttivo!<\/p>\n<\/div>\n\n\n\n<div class=\"wp-block-column is-layout-flow wp-block-column-is-layout-flow\">\n<h2 class=\"wp-block-heading\" style=\"margin-top:0;margin-right:0;margin-bottom:0;margin-left:0\">\u201cCon Zenkit miglioriamo la gestione del tempo del nostro team.\u201d<\/h2>\n\n\n\n<div style=\"height:24px;--tablet-height:24px;--mobile-height:24px\" class=\"wp-block-lookeen-blocks-responsive-spacer\"><\/div>\n\n\n\n<hr class=\"wp-block-separator has-alpha-channel-opacity is-style-colored-line\"\/>\n<\/div>\n<\/div>\n<\/div>\n\n\n\n<div style=\"height:88px;--tablet-height:72px;--mobile-height:40px\" class=\"wp-block-lookeen-blocks-responsive-spacer\"><\/div>\n\n\n\n<p class=\"has-text-align-center\" style=\"margin-bottom:8px\"><strong>Scarica il PDF<\/strong><\/p>\n\n\n\n<div class=\"wp-block-group has-global-padding is-layout-constrained wp-block-group-is-layout-constrained\">\n<div class=\"wp-block-buttons is-content-justification-center is-layout-flex wp-container-core-buttons-is-layout-a89b3969 wp-block-buttons-is-layout-flex\">\n<div class=\"wp-block-button is-style-rainbow\"><a class=\"wp-block-button__link wp-element-button\" href=\"https:\/\/zenkit.com\/wp-content\/uploads\/2023\/09\/zenkit-customer-story-awo-giessen-de.pdf\" target=\"_blank\" rel=\"noreferrer noopener\"><span>Scarica il PDF<\/span><\/a><\/div>\n<\/div>\n<\/div>\n\n\n\n<div style=\"height:110px;--tablet-height:60px;--mobile-height:48px\" class=\"wp-block-lookeen-blocks-responsive-spacer\"><\/div>\n\n\n\n<div style=\"height:110px;--tablet-height:60px;--mobile-height:60px\" class=\"wp-block-lookeen-blocks-responsive-spacer\"><\/div>\n","protected":false},"excerpt":{"rendered":"<p>Storia di successo: AWO a Gie\u00dfen! L&#8217;AWO di Gie\u00dfen riduce al minimo il tempo dedicato ai progetti grazie all&#8217;aiuto di Zenkit L&#8217;AWO di Gie\u00dfen \u00e8 un membro locale dell&#8217;organizzazione no profit Arbeiterwohlfart Bundesverband (AWO), registrata in Germania. Offre servizi sociali e sostiene con compassione e cura gli anziani e i bambini bisognosi. Per garantire flussi [&hellip;]<\/p>\n","protected":false},"author":28,"featured_media":0,"parent":0,"menu_order":0,"comment_status":"closed","ping_status":"closed","template":"","meta":{"yasr_overall_rating":0,"yasr_post_is_review":"","yasr_auto_insert_disabled":"","yasr_review_type":"","footnotes":""},"class_list":["post-173834","page","type-page","status-publish","hentry"],"yoast_head":"<!-- This site is optimized with the Yoast SEO plugin v27.3 - https:\/\/yoast.com\/product\/yoast-seo-wordpress\/ -->\n<title>AWO Gie\u00dfen | Zenkit<\/title>\n<meta name=\"robots\" content=\"index, follow, max-snippet:-1, max-image-preview:large, max-video-preview:-1\" \/>\n<link rel=\"canonical\" href=\"https:\/\/zenkit.com\/it\/awo-giessen\/\" \/>\n<meta property=\"og:locale\" content=\"it_IT\" \/>\n<meta property=\"og:type\" content=\"article\" \/>\n<meta property=\"og:title\" content=\"AWO Gie\u00dfen | Zenkit\" \/>\n<meta property=\"og:description\" content=\"Storia di successo: AWO a Gie\u00dfen! L&#8217;AWO di Gie\u00dfen riduce al minimo il tempo dedicato ai progetti grazie all&#8217;aiuto di Zenkit L&#8217;AWO di Gie\u00dfen \u00e8 un membro locale dell&#8217;organizzazione no profit Arbeiterwohlfart Bundesverband (AWO), registrata in Germania. Offre servizi sociali e sostiene con compassione e cura gli anziani e i bambini bisognosi. Per garantire flussi [&hellip;]\" \/>\n<meta property=\"og:url\" content=\"https:\/\/zenkit.com\/it\/awo-giessen\/\" \/>\n<meta property=\"og:site_name\" content=\"Zenkit\" \/>\n<meta property=\"article:publisher\" content=\"https:\/\/www.facebook.com\/ZenkitHQ\" \/>\n<meta property=\"article:modified_time\" content=\"2025-11-03T07:13:16+00:00\" \/>\n<meta property=\"og:image\" content=\"https:\/\/zenkit.com\/wp-content\/uploads\/2021\/04\/awo-social.png\" \/>\n<meta name=\"twitter:card\" content=\"summary_large_image\" \/>\n<meta name=\"twitter:image\" content=\"https:\/\/zenkit.com\/wp-content\/uploads\/2021\/04\/awo-social.png\" \/>\n<meta name=\"twitter:site\" content=\"@ZenkitHQ\" \/>\n<meta name=\"twitter:label1\" content=\"Tempo di lettura stimato\" \/>\n\t<meta name=\"twitter:data1\" content=\"36 minuti\" \/>\n<script type=\"application\/ld+json\" class=\"yoast-schema-graph\">{\"@context\":\"https:\\\/\\\/schema.org\",\"@graph\":[{\"@type\":\"WebPage\",\"@id\":\"https:\\\/\\\/zenkit.com\\\/it\\\/awo-giessen\\\/\",\"url\":\"https:\\\/\\\/zenkit.com\\\/it\\\/awo-giessen\\\/\",\"name\":\"AWO Gie\u00dfen | Zenkit\",\"isPartOf\":{\"@id\":\"https:\\\/\\\/zenkit.com\\\/it\\\/#website\"},\"primaryImageOfPage\":{\"@id\":\"https:\\\/\\\/zenkit.com\\\/it\\\/awo-giessen\\\/#primaryimage\"},\"image\":{\"@id\":\"https:\\\/\\\/zenkit.com\\\/it\\\/awo-giessen\\\/#primaryimage\"},\"thumbnailUrl\":\"https:\\\/\\\/zenkit.com\\\/wp-content\\\/uploads\\\/2021\\\/03\\\/awo_team_innovationsmanagement-2-1.png\",\"datePublished\":\"2021-03-18T08:56:53+00:00\",\"dateModified\":\"2025-11-03T07:13:16+00:00\",\"breadcrumb\":{\"@id\":\"https:\\\/\\\/zenkit.com\\\/it\\\/awo-giessen\\\/#breadcrumb\"},\"inLanguage\":\"it-IT\",\"potentialAction\":[{\"@type\":\"ReadAction\",\"target\":[\"https:\\\/\\\/zenkit.com\\\/it\\\/awo-giessen\\\/\"]}]},{\"@type\":\"ImageObject\",\"inLanguage\":\"it-IT\",\"@id\":\"https:\\\/\\\/zenkit.com\\\/it\\\/awo-giessen\\\/#primaryimage\",\"url\":\"https:\\\/\\\/zenkit.com\\\/wp-content\\\/uploads\\\/2021\\\/03\\\/awo_team_innovationsmanagement-2-1.png\",\"contentUrl\":\"https:\\\/\\\/zenkit.com\\\/wp-content\\\/uploads\\\/2021\\\/03\\\/awo_team_innovationsmanagement-2-1.png\"},{\"@type\":\"BreadcrumbList\",\"@id\":\"https:\\\/\\\/zenkit.com\\\/it\\\/awo-giessen\\\/#breadcrumb\",\"itemListElement\":[{\"@type\":\"ListItem\",\"position\":1,\"name\":\"Home\",\"item\":\"https:\\\/\\\/zenkit.com\\\/it\\\/\"},{\"@type\":\"ListItem\",\"position\":2,\"name\":\"AWO Gie\u00dfen\"}]},{\"@type\":\"WebSite\",\"@id\":\"https:\\\/\\\/zenkit.com\\\/it\\\/#website\",\"url\":\"https:\\\/\\\/zenkit.com\\\/it\\\/\",\"name\":\"Zenkit\",\"description\":\"Zenkit Tagline\",\"potentialAction\":[{\"@type\":\"SearchAction\",\"target\":{\"@type\":\"EntryPoint\",\"urlTemplate\":\"https:\\\/\\\/zenkit.com\\\/it\\\/?s={search_term_string}\"},\"query-input\":{\"@type\":\"PropertyValueSpecification\",\"valueRequired\":true,\"valueName\":\"search_term_string\"}}],\"inLanguage\":\"it-IT\"},false]}<\/script>\n<!-- \/ Yoast SEO plugin. -->","yoast_head_json":{"title":"AWO Gie\u00dfen | Zenkit","robots":{"index":"index","follow":"follow","max-snippet":"max-snippet:-1","max-image-preview":"max-image-preview:large","max-video-preview":"max-video-preview:-1"},"canonical":"https:\/\/zenkit.com\/it\/awo-giessen\/","og_locale":"it_IT","og_type":"article","og_title":"AWO Gie\u00dfen | Zenkit","og_description":"Storia di successo: AWO a Gie\u00dfen! L&#8217;AWO di Gie\u00dfen riduce al minimo il tempo dedicato ai progetti grazie all&#8217;aiuto di Zenkit L&#8217;AWO di Gie\u00dfen \u00e8 un membro locale dell&#8217;organizzazione no profit Arbeiterwohlfart Bundesverband (AWO), registrata in Germania. Offre servizi sociali e sostiene con compassione e cura gli anziani e i bambini bisognosi. Per garantire flussi [&hellip;]","og_url":"https:\/\/zenkit.com\/it\/awo-giessen\/","og_site_name":"Zenkit","article_publisher":"https:\/\/www.facebook.com\/ZenkitHQ","article_modified_time":"2025-11-03T07:13:16+00:00","og_image":[{"url":"https:\/\/zenkit.com\/wp-content\/uploads\/2021\/04\/awo-social.png","type":"","width":"","height":""}],"twitter_card":"summary_large_image","twitter_image":"https:\/\/zenkit.com\/wp-content\/uploads\/2021\/04\/awo-social.png","twitter_site":"@ZenkitHQ","twitter_misc":{"Tempo di lettura stimato":"36 minuti"},"schema":{"@context":"https:\/\/schema.org","@graph":[{"@type":"WebPage","@id":"https:\/\/zenkit.com\/it\/awo-giessen\/","url":"https:\/\/zenkit.com\/it\/awo-giessen\/","name":"AWO Gie\u00dfen | Zenkit","isPartOf":{"@id":"https:\/\/zenkit.com\/it\/#website"},"primaryImageOfPage":{"@id":"https:\/\/zenkit.com\/it\/awo-giessen\/#primaryimage"},"image":{"@id":"https:\/\/zenkit.com\/it\/awo-giessen\/#primaryimage"},"thumbnailUrl":"https:\/\/zenkit.com\/wp-content\/uploads\/2021\/03\/awo_team_innovationsmanagement-2-1.png","datePublished":"2021-03-18T08:56:53+00:00","dateModified":"2025-11-03T07:13:16+00:00","breadcrumb":{"@id":"https:\/\/zenkit.com\/it\/awo-giessen\/#breadcrumb"},"inLanguage":"it-IT","potentialAction":[{"@type":"ReadAction","target":["https:\/\/zenkit.com\/it\/awo-giessen\/"]}]},{"@type":"ImageObject","inLanguage":"it-IT","@id":"https:\/\/zenkit.com\/it\/awo-giessen\/#primaryimage","url":"https:\/\/zenkit.com\/wp-content\/uploads\/2021\/03\/awo_team_innovationsmanagement-2-1.png","contentUrl":"https:\/\/zenkit.com\/wp-content\/uploads\/2021\/03\/awo_team_innovationsmanagement-2-1.png"},{"@type":"BreadcrumbList","@id":"https:\/\/zenkit.com\/it\/awo-giessen\/#breadcrumb","itemListElement":[{"@type":"ListItem","position":1,"name":"Home","item":"https:\/\/zenkit.com\/it\/"},{"@type":"ListItem","position":2,"name":"AWO Gie\u00dfen"}]},{"@type":"WebSite","@id":"https:\/\/zenkit.com\/it\/#website","url":"https:\/\/zenkit.com\/it\/","name":"Zenkit","description":"Zenkit Tagline","potentialAction":[{"@type":"SearchAction","target":{"@type":"EntryPoint","urlTemplate":"https:\/\/zenkit.com\/it\/?s={search_term_string}"},"query-input":{"@type":"PropertyValueSpecification","valueRequired":true,"valueName":"search_term_string"}}],"inLanguage":"it-IT"},false]}},"yasr_visitor_votes":{"stars_attributes":{"read_only":false,"span_bottom":false},"number_of_votes":0,"sum_votes":0},"_links":{"self":[{"href":"https:\/\/zenkit.com\/it\/wp-json\/wp\/v2\/pages\/173834","targetHints":{"allow":["GET"]}}],"collection":[{"href":"https:\/\/zenkit.com\/it\/wp-json\/wp\/v2\/pages"}],"about":[{"href":"https:\/\/zenkit.com\/it\/wp-json\/wp\/v2\/types\/page"}],"author":[{"embeddable":true,"href":"https:\/\/zenkit.com\/it\/wp-json\/wp\/v2\/users\/28"}],"replies":[{"embeddable":true,"href":"https:\/\/zenkit.com\/it\/wp-json\/wp\/v2\/comments?post=173834"}],"version-history":[{"count":1,"href":"https:\/\/zenkit.com\/it\/wp-json\/wp\/v2\/pages\/173834\/revisions"}],"predecessor-version":[{"id":173836,"href":"https:\/\/zenkit.com\/it\/wp-json\/wp\/v2\/pages\/173834\/revisions\/173836"}],"wp:attachment":[{"href":"https:\/\/zenkit.com\/it\/wp-json\/wp\/v2\/media?parent=173834"}],"curies":[{"name":"wp","href":"https:\/\/api.w.org\/{rel}","templated":true}]}}