{"id":173881,"date":"2021-04-06T10:14:06","date_gmt":"2021-04-06T08:14:06","guid":{"rendered":"https:\/\/zenkit.com\/baeckerei-sipl\/"},"modified":"2025-11-03T08:13:16","modified_gmt":"2025-11-03T07:13:16","slug":"baeckerei-sipl","status":"publish","type":"page","link":"https:\/\/zenkit.com\/it\/baeckerei-sipl\/","title":{"rendered":"B\u00e4ckerei Sipl"},"content":{"rendered":"\n<div class=\"wp-block-group page__header has-global-padding is-layout-constrained wp-block-group-is-layout-constrained\">\n<div class=\"wp-block-group width--950 has-global-padding is-layout-constrained wp-block-group-is-layout-constrained\">\n<div style=\"height:45px;--tablet-height:45px;--mobile-height:16px\" class=\"wp-block-lookeen-blocks-responsive-spacer\"><\/div>\n\n\n\n<div class=\"wp-block-group has-global-padding is-layout-constrained wp-block-group-is-layout-constrained\">\n<h1 class=\"wp-block-heading has-text-align-center\" style=\"margin-bottom:8px\">Storia di successo: Panificio Sipl<\/h1>\n<\/div>\n\n\n\n<div class=\"wp-block-group has-global-padding is-layout-constrained wp-block-group-is-layout-constrained\">\n<p class=\"has-text-align-center subheading\">Il panificio Sipl organizza i processi aziendali pi\u00f9 importanti in modo decisamente pi\u00f9 efficace con l&#8217;aiuto di Zenkit.<\/p>\n<\/div>\n\n\n\n<div style=\"height:48px;--tablet-height:36px;--mobile-height:24px\" class=\"wp-block-lookeen-blocks-responsive-spacer\"><\/div>\n\n\n\n<section class=\"wp-block-group da-banner-customer-story-pattern is-layout-flow wp-block-group-is-layout-flow\">\n<div class=\"wp-block-group container container--small is-layout-flow wp-block-group-is-layout-flow\">\n<div class=\"wp-block-group da-banner-customer-story-pattern__image-wrapper is-layout-flow wp-block-group-is-layout-flow\">\n<figure class=\"wp-block-image size-large\"><img loading=\"lazy\" decoding=\"async\" width=\"1024\" height=\"695\" src=\"https:\/\/zenkit.com\/wp-content\/uploads\/2025\/05\/baeckerei-sipl-team-1024x695.webp\" alt=\"sipl team\" class=\"wp-image-113166\" srcset=\"https:\/\/zenkit.com\/wp-content\/uploads\/2025\/05\/baeckerei-sipl-team-1024x695.webp 1024w, https:\/\/zenkit.com\/wp-content\/uploads\/2025\/05\/baeckerei-sipl-team-300x204.webp 300w, https:\/\/zenkit.com\/wp-content\/uploads\/2025\/05\/baeckerei-sipl-team-768x521.webp 768w, https:\/\/zenkit.com\/wp-content\/uploads\/2025\/05\/baeckerei-sipl-team-1536x1042.webp 1536w, https:\/\/zenkit.com\/wp-content\/uploads\/2025\/05\/baeckerei-sipl-team.webp 1637w\" sizes=\"auto, (max-width: 1024px) 100vw, 1024px\" \/><\/figure>\n\n\n\n<figure class=\"wp-block-image size-full da-banner-customer-story-pattern__logo\"><img loading=\"lazy\" decoding=\"async\" width=\"580\" height=\"266\" src=\"https:\/\/zenkit.com\/wp-content\/uploads\/2025\/05\/sipl-logo.webp\" alt=\"sipl logo\" class=\"wp-image-113177\" srcset=\"https:\/\/zenkit.com\/wp-content\/uploads\/2025\/05\/sipl-logo.webp 580w, https:\/\/zenkit.com\/wp-content\/uploads\/2025\/05\/sipl-logo-300x138.webp 300w\" sizes=\"auto, (max-width: 580px) 100vw, 580px\" \/><\/figure>\n<\/div>\n<\/div>\n<\/section>\n\n\n\n<div style=\"height:88px;--tablet-height:72px;--mobile-height:40px\" class=\"wp-block-lookeen-blocks-responsive-spacer\"><\/div>\n\n\n\n<p class=\"has-text-align-center\"><strong>La B\u00e4ckerei Sipl GmbH \u00e8 un panificio di medie dimensioni a conduzione familiare con sede in Baviera, fondato nel 1914. La sua filosofia \u00e8 quella di produrre ogni tipo di pane, panini, torte e pasticcini con amore, cura e secondo metodi tradizionali. In linea con questa filosofia, garantisce inoltre che non vengono venduti prodotti surgelati o prodotti da forno preconfezionati. Il marchio \u00e8 amato da molte persone e l&#8217;azienda ha aperto finora circa 50 panifici fisici.<\/strong><\/p>\n\n\n\n<p class=\"has-text-align-center\"><strong>Quali sono i segreti che hanno reso la panetteria Sipl un marchio di cos\u00ec grande successo? Franz Sipl, proprietario della panetteria, \u00e8 lieto di condividere con noi il motivo per cui Zenkit svolge un ruolo fondamentale nel miglioramento della sua attivit\u00e0.<\/strong><\/p>\n<\/div>\n\n\n\n<div style=\"height:88px;--tablet-height:72px;--mobile-height:40px\" class=\"wp-block-lookeen-blocks-responsive-spacer\"><\/div>\n<\/div>\n\n\n\n<section class=\"wp-block-group da-columns-cards has-global-padding is-layout-constrained wp-block-group-is-layout-constrained\">\n<div class=\"wp-block-group container has-global-padding is-layout-constrained wp-block-group-is-layout-constrained\">\n<div class=\"wp-block-columns is-not-stacked-on-mobile is-layout-flex wp-container-core-columns-is-layout-28f84493 wp-block-columns-is-layout-flex\">\n<div class=\"wp-block-column is-layout-flow wp-block-column-is-layout-flow\">\n<figure class=\"wp-block-image aligncenter size-full\"><img decoding=\"async\" src=\"https:\/\/zenkit.com\/wp-content\/uploads\/2025\/03\/loca-1.svg\" alt=\"location pin\" class=\"wp-image-111491\"\/><\/figure>\n\n\n\n<p class=\"has-text-align-center is-style-default\">Bavaria,<br>Germany<\/p>\n<\/div>\n\n\n\n<div class=\"wp-block-column is-layout-flow wp-block-column-is-layout-flow\">\n<figure class=\"wp-block-image aligncenter size-full\"><img decoding=\"async\" src=\"https:\/\/zenkit.com\/wp-content\/uploads\/2025\/03\/loca-2.svg\" alt=\"people\" class=\"wp-image-111501\"\/><\/figure>\n\n\n\n<p class=\"has-text-align-center\">600<br>dipendenti<\/p>\n<\/div>\n\n\n\n<div class=\"wp-block-column is-layout-flow wp-block-column-is-layout-flow\">\n<figure class=\"wp-block-image aligncenter size-full\"><img decoding=\"async\" src=\"https:\/\/zenkit.com\/wp-content\/uploads\/2025\/03\/loca-3.svg\" alt=\"website\" class=\"wp-image-111511\"\/><\/figure>\n\n\n\n<p class=\"has-text-align-center link_style-inherit\"><a href=\"https:\/\/www.sipl.de\/\" target=\"_blank\" rel=\"noreferrer noopener\">www.sipl.de<\/a><\/p>\n<\/div>\n\n\n\n<div class=\"wp-block-column is-layout-flow wp-block-column-is-layout-flow\">\n<figure class=\"wp-block-image aligncenter size-full\"><img decoding=\"async\" src=\"https:\/\/zenkit.com\/wp-content\/uploads\/2025\/05\/base-1.svg\" alt=\"zenkit Base and Zenchat\" class=\"wp-image-112995\"\/><\/figure>\n\n\n\n<p class=\"has-text-align-center\">1 anno di utilizzo di<br>Zenkit Base<\/p>\n<\/div>\n\n\n\n<div class=\"wp-block-column is-layout-flow wp-block-column-is-layout-flow\">\n<figure class=\"wp-block-image aligncenter size-full\"><img decoding=\"async\" src=\"https:\/\/zenkit.com\/wp-content\/uploads\/2025\/03\/loca-5.svg\" alt=\"Project Management, documentation\n&amp; team communication\" class=\"wp-image-111531\"\/><\/figure>\n\n\n\n<p class=\"has-text-align-center\">Gestione delle attivit\u00e0, Wiki di gruppo e<br>gestione dei processi<\/p>\n<\/div>\n<\/div>\n<\/div>\n<\/section>\n\n\n\n<div class=\"wp-block-group has-global-padding is-layout-constrained wp-block-group-is-layout-constrained\">\n<div style=\"height:88px;--tablet-height:72px;--mobile-height:40px\" class=\"wp-block-lookeen-blocks-responsive-spacer\"><\/div>\n\n\n\n<div class=\"wp-block-columns is-style-default is-layout-flex wp-container-core-columns-is-layout-2eb748b2 wp-block-columns-is-layout-flex\" style=\"margin-top:0px;margin-bottom:0px\">\n<div class=\"wp-block-column is-layout-flow wp-block-column-is-layout-flow\">\n<h2 class=\"wp-block-heading\" style=\"margin-top:0;margin-right:0;margin-bottom:0;margin-left:0\">\u201cZenkit \u00e8 IL luogo centrale in cui possiamo organizzare i processi importanti.\u201d<\/h2>\n\n\n\n<div style=\"height:24px;--tablet-height:24px;--mobile-height:24px\" class=\"wp-block-lookeen-blocks-responsive-spacer\"><\/div>\n\n\n\n<hr class=\"wp-block-separator has-alpha-channel-opacity is-style-colored-line\"\/>\n<\/div>\n\n\n\n<div class=\"wp-block-column is-layout-flow wp-block-column-is-layout-flow\">\n<p class=\"has-da-grey-2-color has-text-color has-link-color wp-elements-bcfef3437e7ca9aea39e6c5999125ff7\">Gestire un&#8217;azienda con centinaia di dipendenti non \u00e8 un compito facile. Soprattutto per il panificio Sipl, \u00e8 una sfida tenere sotto controllo ogni minimo aspetto della produzione di prodotti e servizi di alta qualit\u00e0. Franz ha raccontato che, dopo aver introdotto Zenkit nel suo team un anno fa, sono riusciti a trasferire la gestione di molte attivit\u00e0 su Zenkit grazie alle sue numerose funzionalit\u00e0.<\/p>\n\n\n\n<p class=\"has-da-grey-2-color has-text-color has-link-color wp-elements-6d41a59df1c9919b7747ff87eb230b93\">Con Zenkit puoi gestire la garanzia della qualit\u00e0, l&#8217;applicazione e la gestione delle strutture, il CRM, la pianificazione finanziaria, le riunioni, il carpooling, la gestione delle attivit\u00e0, Wikipedia per le vendite e la produzione, la chat interna e molti altri processi importanti per la tua attivit\u00e0.<\/p>\n<\/div>\n<\/div>\n\n\n\n<div style=\"height:88px;--tablet-height:72px;--mobile-height:40px\" class=\"wp-block-lookeen-blocks-responsive-spacer\"><\/div>\n\n\n\n<div class=\"wp-block-columns is-style-da-column-order-reverse is-layout-flex wp-container-core-columns-is-layout-2eb748b2 wp-block-columns-is-layout-flex\" style=\"margin-top:0px;margin-bottom:0px\">\n<div class=\"wp-block-column is-layout-flow wp-block-column-is-layout-flow\">\n<p class=\"has-da-grey-2-color has-text-color has-link-color wp-elements-e0674e64a32e475600dc9aba7becf126\">Poich\u00e9 la panetteria Sipl conta ormai 50 filiali, una comunicazione efficiente \u00e8 particolarmente importante per loro. Franz ci ha fornito un esempio calzante che mostra come la sede centrale e i vari negozi possano comunicare tra loro in modo fluido grazie a Zenkit.<\/p>\n\n\n\n<p>Quando si gestisce un panificio, \u00e8 importante assicurarsi che ogni macchina e attrezzatura funzioni correttamente. Nel panificio Sipl hanno creato una raccolta Zenkit proprio per questo scopo. Ci\u00f2 significa che i negozi che hanno una richiesta di riparazione delle attrezzature possono semplicemente creare un nuovo articolo in questa raccolta Zenkit. Nella sede centrale della panetteria \u00e8 quindi possibile verificare facilmente chi \u00e8 l&#8217;artigiano responsabile e assegnare i compiti corrispondenti. Una volta completata la riparazione, ogni artigiano pu\u00f2 semplicemente selezionare la casella di controllo per contrassegnare l&#8217;attivit\u00e0 come completata.<\/p>\n\n\n\n<p class=\"has-da-grey-2-color has-text-color has-link-color wp-elements-da9cc0a8ee4b6cd775dc77c1ab3c715b\">Come si pu\u00f2 vedere in questo esempio, grazie a Zenkit la sede centrale, i negozi e gli artigiani sono sempre informati su ci\u00f2 che sta accadendo. Inoltre, Franz apprezza il fatto che ogni membro abbia potuto creare le proprie visualizzazioni nella raccolta in base alle proprie preferenze personali, senza interferire con il flusso di lavoro degli altri.<\/p>\n<\/div>\n\n\n\n<div class=\"wp-block-column is-layout-flow wp-block-column-is-layout-flow\">\n<h2 class=\"wp-block-heading\" style=\"margin-top:0;margin-right:0;margin-bottom:0;margin-left:0\">\u201cZenkit facilita la comunicazione tra la nostra sede centrale e i vari negozi.\u201d<\/h2>\n\n\n\n<div style=\"height:24px;--tablet-height:24px;--mobile-height:24px\" class=\"wp-block-lookeen-blocks-responsive-spacer\"><\/div>\n\n\n\n<hr class=\"wp-block-separator has-alpha-channel-opacity is-style-colored-line\"\/>\n<\/div>\n<\/div>\n<\/div>\n\n\n\n<div class=\"wp-block-group has-global-padding is-layout-constrained wp-block-group-is-layout-constrained\">\n<div style=\"height:88px;--tablet-height:72px;--mobile-height:40px\" class=\"wp-block-lookeen-blocks-responsive-spacer\"><\/div>\n\n\n\n<div class=\"wp-block-group has-global-padding is-layout-constrained wp-container-core-group-is-layout-61f7a5d6 wp-block-group-is-layout-constrained\">\n<figure class=\"wp-block-image aligncenter size-full border-radius--20 overflow__hidden box__shadow\"><img loading=\"lazy\" decoding=\"async\" width=\"795\" height=\"495\" src=\"https:\/\/zenkit.com\/wp-content\/uploads\/2025\/05\/sipl-impression.webp\" alt=\"B\u00e4ckerei Sipl GmbH \" class=\"wp-image-113188\" srcset=\"https:\/\/zenkit.com\/wp-content\/uploads\/2025\/05\/sipl-impression.webp 795w, https:\/\/zenkit.com\/wp-content\/uploads\/2025\/05\/sipl-impression-300x187.webp 300w, https:\/\/zenkit.com\/wp-content\/uploads\/2025\/05\/sipl-impression-768x478.webp 768w\" sizes=\"auto, (max-width: 795px) 100vw, 795px\" \/><\/figure>\n<\/div>\n\n\n\n<div style=\"height:88px;--tablet-height:72px;--mobile-height:40px\" class=\"wp-block-lookeen-blocks-responsive-spacer\"><\/div>\n<\/div>\n\n\n\n<div class=\"wp-block-group has-global-padding is-layout-constrained wp-block-group-is-layout-constrained\">\n<div class=\"wp-block-columns is-style-default is-layout-flex wp-container-core-columns-is-layout-2eb748b2 wp-block-columns-is-layout-flex\" style=\"margin-top:0px;margin-bottom:0px\">\n<div class=\"wp-block-column is-layout-flow wp-block-column-is-layout-flow\">\n<h2 class=\"wp-block-heading\" style=\"margin-top:0;margin-right:0;margin-bottom:0;margin-left:0\">\u201cCon l&#8217;aiuto di Zenkit, riduciamo il tempo necessario per risolvere i problemi.\u201d<\/h2>\n\n\n\n<div style=\"height:24px;--tablet-height:24px;--mobile-height:24px\" class=\"wp-block-lookeen-blocks-responsive-spacer\"><\/div>\n\n\n\n<hr class=\"wp-block-separator has-alpha-channel-opacity is-style-colored-line\"\/>\n<\/div>\n\n\n\n<div class=\"wp-block-column is-layout-flow wp-block-column-is-layout-flow\">\n<p class=\"has-da-grey-2-color has-text-color has-link-color wp-elements-213a2f2b2f942038257465994133d9dc\">Sarebbe ingenuo credere che un&#8217;organizzazione non incontrer\u00e0 mai problemi dopo l&#8217;implementazione di Zenkit. In un mondo in continua evoluzione, ogni azienda si trova ad affrontare di tanto in tanto problemi nuovi e diversi, indipendentemente da quanto sia preparata.<\/p>\n\n\n\n<p class=\"has-da-grey-2-color has-text-color has-link-color wp-elements-3c83f923b5ba35b5c4e9aa85f7499ca3\">Franz vede per\u00f2 la risoluzione dei problemi in modo positivo. Per lui, le soluzioni arrivano quando si inizia ad affrontarle. Sottolinea che Zenkit consente la digitalizzazione dei loro processi e, grazie a funzioni come \u201cE-mail a raccolta\u201d e \u201cConnessione con Zenchat\u201d (un altro prodotto della suite Zenkit), permette di risparmiare tempo quando si passa da uno strumento all&#8217;altro per risolvere i problemi che si presentano. In sintesi, Zenkit \u00e8 una soluzione digitale ben progettata che li aiuta a gestire le loro attivit\u00e0 in modo pi\u00f9 efficiente!<\/p>\n<\/div>\n<\/div>\n\n\n\n<div style=\"height:88px;--tablet-height:72px;--mobile-height:40px\" class=\"wp-block-lookeen-blocks-responsive-spacer\"><\/div>\n\n\n\n<div class=\"wp-block-columns is-style-da-column-order-reverse is-layout-flex wp-container-core-columns-is-layout-2eb748b2 wp-block-columns-is-layout-flex\" style=\"margin-top:0px;margin-bottom:0px\">\n<div class=\"wp-block-column is-layout-flow wp-block-column-is-layout-flow\">\n<p class=\"has-da-grey-2-color has-text-color has-link-color wp-elements-d8c2421265d81e92522080a4f96a1408\">Franz ha sottolineato come Zenkit abbia facilitato la collaborazione all&#8217;interno del team, apportando trasparenza alla sua organizzazione. Franz e il suo team gestiscono quotidianamente grandi quantit\u00e0 di dati, il che li porta naturalmente a chiedersi se le informazioni importanti non rischino di andare perse seppellite in una marea di dati. Ovviamente, la perdita di dati in questo modo non \u00e8 auspicabile, poich\u00e9 ostacolerebbe il successo della comunicazione e della collaborazione all&#8217;interno del team.<\/p>\n\n\n\n<p>Secondo Franz, tuttavia, Zenkit consente di riunire grandi quantit\u00e0 di dati e dettagli di processo su un unico dispositivo. Ha aggiunto che i membri del team sono sempre ben informati, poich\u00e9 i dati vengono presentati in modo chiaro e appropriato con Zenkit.<\/p>\n\n\n\n<p class=\"has-da-grey-2-color has-text-color has-link-color wp-elements-a1746c975ec6aae32fd955d05a76cc4e\">Infine, Franz ha menzionato un punto importante che sta a cuore a tutte le aziende: i costi. L&#8217;utilizzo di Zenkit in un&#8217;azienda \u00e8 una decisione conveniente dal punto di vista economico. Come ha concluso Franz, Zenkit pu\u00f2 sostituire molti sistemi utilizzati in altre aziende. Se un&#8217;azienda decide di adottare Zenkit, non dovr\u00e0 investire in molti altri strumenti!<\/p>\n<\/div>\n\n\n\n<div class=\"wp-block-column is-layout-flow wp-block-column-is-layout-flow\">\n<h2 class=\"wp-block-heading\" style=\"margin-top:0;margin-right:0;margin-bottom:0;margin-left:0\">\u201cLa trasparenza di Zenkit facilita la collaborazione all&#8217;interno del nostro team.\u201d<\/h2>\n\n\n\n<div style=\"height:24px;--tablet-height:24px;--mobile-height:24px\" class=\"wp-block-lookeen-blocks-responsive-spacer\"><\/div>\n\n\n\n<hr class=\"wp-block-separator has-alpha-channel-opacity is-style-colored-line\"\/>\n<\/div>\n<\/div>\n<\/div>\n\n\n\n<div style=\"height:88px;--tablet-height:72px;--mobile-height:40px\" class=\"wp-block-lookeen-blocks-responsive-spacer\"><\/div>\n\n\n\n<div class=\"wp-block-group has-global-padding is-layout-constrained wp-block-group-is-layout-constrained\">\n<div class=\"wp-block-buttons is-content-justification-center is-layout-flex wp-container-core-buttons-is-layout-f78c5dac wp-block-buttons-is-layout-flex\" style=\"margin-top:0px;margin-bottom:0px\">\n<div class=\"wp-block-button is-style-rainbow\"><a class=\"wp-block-button__link wp-element-button\" href=\"https:\/\/zenkit.com\/wp-content\/uploads\/2023\/09\/zenkit-customer-story-baeckerei-sipl-de.pdf\" target=\"_blank\" rel=\"noreferrer noopener\"><span>Scarica il PDF<\/span><\/a><\/div>\n<\/div>\n<\/div>\n\n\n\n<div style=\"height:110px;--tablet-height:60px;--mobile-height:48px\" class=\"wp-block-lookeen-blocks-responsive-spacer\"><\/div>\n","protected":false},"excerpt":{"rendered":"<p>Storia di successo: Panificio Sipl Il panificio Sipl organizza i processi aziendali pi\u00f9 importanti in modo decisamente pi\u00f9 efficace con l&#8217;aiuto di Zenkit. La B\u00e4ckerei Sipl GmbH \u00e8 un panificio di medie dimensioni a conduzione familiare con sede in Baviera, fondato nel 1914. La sua filosofia \u00e8 quella di produrre ogni tipo di pane, panini, [&hellip;]<\/p>\n","protected":false},"author":28,"featured_media":0,"parent":0,"menu_order":0,"comment_status":"closed","ping_status":"closed","template":"","meta":{"yasr_overall_rating":0,"yasr_post_is_review":"","yasr_auto_insert_disabled":"","yasr_review_type":"","footnotes":""},"class_list":["post-173881","page","type-page","status-publish","hentry"],"yoast_head":"<!-- This site is optimized with the Yoast SEO plugin v27.4 - https:\/\/yoast.com\/product\/yoast-seo-wordpress\/ -->\n<title>B\u00e4ckerei Sipl | Zenkit<\/title>\n<meta name=\"robots\" content=\"index, follow, max-snippet:-1, max-image-preview:large, max-video-preview:-1\" \/>\n<link rel=\"canonical\" href=\"https:\/\/zenkit.com\/it\/baeckerei-sipl\/\" \/>\n<meta property=\"og:locale\" content=\"it_IT\" \/>\n<meta property=\"og:type\" content=\"article\" \/>\n<meta property=\"og:title\" content=\"B\u00e4ckerei Sipl | Zenkit\" \/>\n<meta property=\"og:description\" content=\"Storia di successo: Panificio Sipl Il panificio Sipl organizza i processi aziendali pi\u00f9 importanti in modo decisamente pi\u00f9 efficace con l&#8217;aiuto di Zenkit. La B\u00e4ckerei Sipl GmbH \u00e8 un panificio di medie dimensioni a conduzione familiare con sede in Baviera, fondato nel 1914. La sua filosofia \u00e8 quella di produrre ogni tipo di pane, panini, [&hellip;]\" \/>\n<meta property=\"og:url\" content=\"https:\/\/zenkit.com\/it\/baeckerei-sipl\/\" \/>\n<meta property=\"og:site_name\" content=\"Zenkit\" \/>\n<meta property=\"article:publisher\" content=\"https:\/\/www.facebook.com\/ZenkitHQ\" \/>\n<meta property=\"article:modified_time\" content=\"2025-11-03T07:13:16+00:00\" \/>\n<meta property=\"og:image\" content=\"https:\/\/zenkit.com\/wp-content\/uploads\/2021\/05\/Sipl-1.png\" \/>\n<meta name=\"twitter:card\" content=\"summary_large_image\" \/>\n<meta name=\"twitter:image\" content=\"https:\/\/zenkit.com\/wp-content\/uploads\/2021\/05\/Sipl-1.png\" \/>\n<meta name=\"twitter:site\" content=\"@ZenkitHQ\" \/>\n<meta name=\"twitter:label1\" content=\"Tempo di lettura stimato\" \/>\n\t<meta name=\"twitter:data1\" content=\"36 minuti\" \/>\n<script type=\"application\/ld+json\" class=\"yoast-schema-graph\">{\"@context\":\"https:\\\/\\\/schema.org\",\"@graph\":[{\"@type\":\"WebPage\",\"@id\":\"https:\\\/\\\/zenkit.com\\\/it\\\/baeckerei-sipl\\\/\",\"url\":\"https:\\\/\\\/zenkit.com\\\/it\\\/baeckerei-sipl\\\/\",\"name\":\"B\u00e4ckerei Sipl | Zenkit\",\"isPartOf\":{\"@id\":\"https:\\\/\\\/zenkit.com\\\/it\\\/#website\"},\"primaryImageOfPage\":{\"@id\":\"https:\\\/\\\/zenkit.com\\\/it\\\/baeckerei-sipl\\\/#primaryimage\"},\"image\":{\"@id\":\"https:\\\/\\\/zenkit.com\\\/it\\\/baeckerei-sipl\\\/#primaryimage\"},\"thumbnailUrl\":\"https:\\\/\\\/zenkit.com\\\/wp-content\\\/uploads\\\/2025\\\/05\\\/baeckerei-sipl-team-1024x695.webp\",\"datePublished\":\"2021-04-06T08:14:06+00:00\",\"dateModified\":\"2025-11-03T07:13:16+00:00\",\"breadcrumb\":{\"@id\":\"https:\\\/\\\/zenkit.com\\\/it\\\/baeckerei-sipl\\\/#breadcrumb\"},\"inLanguage\":\"it-IT\",\"potentialAction\":[{\"@type\":\"ReadAction\",\"target\":[\"https:\\\/\\\/zenkit.com\\\/it\\\/baeckerei-sipl\\\/\"]}]},{\"@type\":\"ImageObject\",\"inLanguage\":\"it-IT\",\"@id\":\"https:\\\/\\\/zenkit.com\\\/it\\\/baeckerei-sipl\\\/#primaryimage\",\"url\":\"https:\\\/\\\/zenkit.com\\\/wp-content\\\/uploads\\\/2025\\\/05\\\/baeckerei-sipl-team-1024x695.webp\",\"contentUrl\":\"https:\\\/\\\/zenkit.com\\\/wp-content\\\/uploads\\\/2025\\\/05\\\/baeckerei-sipl-team-1024x695.webp\"},{\"@type\":\"BreadcrumbList\",\"@id\":\"https:\\\/\\\/zenkit.com\\\/it\\\/baeckerei-sipl\\\/#breadcrumb\",\"itemListElement\":[{\"@type\":\"ListItem\",\"position\":1,\"name\":\"Home\",\"item\":\"https:\\\/\\\/zenkit.com\\\/it\\\/\"},{\"@type\":\"ListItem\",\"position\":2,\"name\":\"B\u00e4ckerei Sipl\"}]},{\"@type\":\"WebSite\",\"@id\":\"https:\\\/\\\/zenkit.com\\\/it\\\/#website\",\"url\":\"https:\\\/\\\/zenkit.com\\\/it\\\/\",\"name\":\"Zenkit\",\"description\":\"Zenkit Tagline\",\"potentialAction\":[{\"@type\":\"SearchAction\",\"target\":{\"@type\":\"EntryPoint\",\"urlTemplate\":\"https:\\\/\\\/zenkit.com\\\/it\\\/?s={search_term_string}\"},\"query-input\":{\"@type\":\"PropertyValueSpecification\",\"valueRequired\":true,\"valueName\":\"search_term_string\"}}],\"inLanguage\":\"it-IT\"},false]}<\/script>\n<!-- \/ Yoast SEO plugin. -->","yoast_head_json":{"title":"B\u00e4ckerei Sipl | Zenkit","robots":{"index":"index","follow":"follow","max-snippet":"max-snippet:-1","max-image-preview":"max-image-preview:large","max-video-preview":"max-video-preview:-1"},"canonical":"https:\/\/zenkit.com\/it\/baeckerei-sipl\/","og_locale":"it_IT","og_type":"article","og_title":"B\u00e4ckerei Sipl | Zenkit","og_description":"Storia di successo: Panificio Sipl Il panificio Sipl organizza i processi aziendali pi\u00f9 importanti in modo decisamente pi\u00f9 efficace con l&#8217;aiuto di Zenkit. La B\u00e4ckerei Sipl GmbH \u00e8 un panificio di medie dimensioni a conduzione familiare con sede in Baviera, fondato nel 1914. La sua filosofia \u00e8 quella di produrre ogni tipo di pane, panini, [&hellip;]","og_url":"https:\/\/zenkit.com\/it\/baeckerei-sipl\/","og_site_name":"Zenkit","article_publisher":"https:\/\/www.facebook.com\/ZenkitHQ","article_modified_time":"2025-11-03T07:13:16+00:00","og_image":[{"url":"https:\/\/zenkit.com\/wp-content\/uploads\/2021\/05\/Sipl-1.png","type":"","width":"","height":""}],"twitter_card":"summary_large_image","twitter_image":"https:\/\/zenkit.com\/wp-content\/uploads\/2021\/05\/Sipl-1.png","twitter_site":"@ZenkitHQ","twitter_misc":{"Tempo di lettura stimato":"36 minuti"},"schema":{"@context":"https:\/\/schema.org","@graph":[{"@type":"WebPage","@id":"https:\/\/zenkit.com\/it\/baeckerei-sipl\/","url":"https:\/\/zenkit.com\/it\/baeckerei-sipl\/","name":"B\u00e4ckerei Sipl | Zenkit","isPartOf":{"@id":"https:\/\/zenkit.com\/it\/#website"},"primaryImageOfPage":{"@id":"https:\/\/zenkit.com\/it\/baeckerei-sipl\/#primaryimage"},"image":{"@id":"https:\/\/zenkit.com\/it\/baeckerei-sipl\/#primaryimage"},"thumbnailUrl":"https:\/\/zenkit.com\/wp-content\/uploads\/2025\/05\/baeckerei-sipl-team-1024x695.webp","datePublished":"2021-04-06T08:14:06+00:00","dateModified":"2025-11-03T07:13:16+00:00","breadcrumb":{"@id":"https:\/\/zenkit.com\/it\/baeckerei-sipl\/#breadcrumb"},"inLanguage":"it-IT","potentialAction":[{"@type":"ReadAction","target":["https:\/\/zenkit.com\/it\/baeckerei-sipl\/"]}]},{"@type":"ImageObject","inLanguage":"it-IT","@id":"https:\/\/zenkit.com\/it\/baeckerei-sipl\/#primaryimage","url":"https:\/\/zenkit.com\/wp-content\/uploads\/2025\/05\/baeckerei-sipl-team-1024x695.webp","contentUrl":"https:\/\/zenkit.com\/wp-content\/uploads\/2025\/05\/baeckerei-sipl-team-1024x695.webp"},{"@type":"BreadcrumbList","@id":"https:\/\/zenkit.com\/it\/baeckerei-sipl\/#breadcrumb","itemListElement":[{"@type":"ListItem","position":1,"name":"Home","item":"https:\/\/zenkit.com\/it\/"},{"@type":"ListItem","position":2,"name":"B\u00e4ckerei Sipl"}]},{"@type":"WebSite","@id":"https:\/\/zenkit.com\/it\/#website","url":"https:\/\/zenkit.com\/it\/","name":"Zenkit","description":"Zenkit Tagline","potentialAction":[{"@type":"SearchAction","target":{"@type":"EntryPoint","urlTemplate":"https:\/\/zenkit.com\/it\/?s={search_term_string}"},"query-input":{"@type":"PropertyValueSpecification","valueRequired":true,"valueName":"search_term_string"}}],"inLanguage":"it-IT"},false]}},"yasr_visitor_votes":{"stars_attributes":{"read_only":false,"span_bottom":false},"number_of_votes":0,"sum_votes":0},"_links":{"self":[{"href":"https:\/\/zenkit.com\/it\/wp-json\/wp\/v2\/pages\/173881","targetHints":{"allow":["GET"]}}],"collection":[{"href":"https:\/\/zenkit.com\/it\/wp-json\/wp\/v2\/pages"}],"about":[{"href":"https:\/\/zenkit.com\/it\/wp-json\/wp\/v2\/types\/page"}],"author":[{"embeddable":true,"href":"https:\/\/zenkit.com\/it\/wp-json\/wp\/v2\/users\/28"}],"replies":[{"embeddable":true,"href":"https:\/\/zenkit.com\/it\/wp-json\/wp\/v2\/comments?post=173881"}],"version-history":[{"count":1,"href":"https:\/\/zenkit.com\/it\/wp-json\/wp\/v2\/pages\/173881\/revisions"}],"predecessor-version":[{"id":173883,"href":"https:\/\/zenkit.com\/it\/wp-json\/wp\/v2\/pages\/173881\/revisions\/173883"}],"wp:attachment":[{"href":"https:\/\/zenkit.com\/it\/wp-json\/wp\/v2\/media?parent=173881"}],"curies":[{"name":"wp","href":"https:\/\/api.w.org\/{rel}","templated":true}]}}