{"id":61328,"date":"2021-04-27T14:45:20","date_gmt":"2021-04-27T12:45:20","guid":{"rendered":"https:\/\/zenkit.comterprise-re\/"},"modified":"2025-10-27T14:55:53","modified_gmt":"2025-10-27T13:55:53","slug":"azienda","status":"publish","type":"page","link":"https:\/\/zenkit.com\/it\/azienda\/","title":{"rendered":"Zenkit per Azienda"},"content":{"rendered":"\n<div class=\"wp-block-group has-global-padding is-layout-constrained wp-container-core-group-is-layout-118822e0 wp-block-group-is-layout-constrained\">\n<div style=\"height:45px;--tablet-height:45px;--mobile-height:16px\" class=\"wp-block-lookeen-blocks-responsive-spacer\"><\/div>\n\n\n\n<div class=\"wp-block-group has-global-padding is-layout-constrained wp-block-group-is-layout-constrained\">\n<h1 class=\"wp-block-heading has-text-align-center\" style=\"margin-top:0;margin-right:0;margin-bottom:8px;margin-left:0\">Zenkit per Azienda<\/h1>\n\n\n\n<p class=\"has-text-align-center is-style-subtext\" style=\"margin-top:0;margin-right:0;margin-bottom:0;margin-left:0\">La piattaforma collaborativa sicura per la tua organizzazione.<\/p>\n<\/div>\n\n\n\n<div style=\"height:48px;--tablet-height:36px;--mobile-height:24px\" class=\"wp-block-lookeen-blocks-responsive-spacer\"><\/div>\n\n\n\n<div class=\"wp-block-buttons is-content-justification-center is-layout-flex wp-container-core-buttons-is-layout-f78c5dac wp-block-buttons-is-layout-flex\" style=\"margin-top:0px;margin-bottom:0px\">\n<div class=\"wp-block-button is-style-default\"><a class=\"wp-block-button__link wp-element-button\" href=\"https:\/\/zenkit.com\/it\/contatto\/\">Contattaci<\/a><\/div>\n<\/div>\n<\/div>\n\n\n\n<div style=\"height:88px;--tablet-height:72px;--mobile-height:36px\" class=\"wp-block-lookeen-blocks-responsive-spacer\"><\/div>\n\n\n\n<div class=\"wp-block-group has-global-padding is-layout-constrained wp-block-group-is-layout-constrained\">\n<div class=\"wp-block-group has-global-padding is-layout-constrained wp-block-group-is-layout-constrained\">\n<h2 class=\"wp-block-heading has-text-align-center has-x-large-font-size\" style=\"margin-top:0;margin-bottom:8px\">Funzioni per l\u2019Azienda<\/h2>\n\n\n\n<p class=\"has-text-align-center is-style-subtext\" style=\"margin-top:0;margin-right:0;margin-bottom:0;margin-left:0\">Panoramica<\/p>\n<\/div>\n\n\n\n<div style=\"height:48px;--tablet-height:36px;--mobile-height:24px\" class=\"wp-block-lookeen-blocks-responsive-spacer\"><\/div>\n\n\n\n<div class=\"wp-block-group four-col-grid has-global-padding is-layout-constrained wp-block-group-is-layout-constrained\">\n<div class=\"wp-block-group alternatives__box has-global-padding is-layout-constrained wp-container-core-group-is-layout-be9188a4 wp-block-group-is-layout-constrained\" style=\"border-radius:20px;padding-top:40px;padding-right:35px;padding-bottom:40px;padding-left:35px\">\n<h3 class=\"wp-block-heading has-text-align-center\" style=\"margin-bottom:16px;font-size:22px\">Autenticazione unica (SSO)<\/h3>\n\n\n\n<p class=\"has-text-align-center has-da-grey-1-color has-text-color has-link-color wp-elements-4c0907d64b0776e0b19222f76df2227d\">L\u2019autenticazione unica fornisce un\u2019accelerata gestione dell\u2019utente ed un processo d\u2019iscrizione sicuro. Zenkit procurer\u00e0 l\u2019autenticazione unica tramite i principali fornitori di servizi per garantire una maggiore sicurezza.<\/p>\n<\/div>\n\n\n\n<div class=\"wp-block-group alternatives__box has-global-padding is-layout-constrained wp-container-core-group-is-layout-be9188a4 wp-block-group-is-layout-constrained\" style=\"border-radius:20px;padding-top:40px;padding-right:35px;padding-bottom:40px;padding-left:35px\">\n<h3 class=\"wp-block-heading has-text-align-center\" style=\"margin-bottom:16px;font-size:22px\">Autorizzazione a due fattori (2FA)<\/h3>\n\n\n\n<p class=\"has-text-align-center has-da-grey-1-color has-text-color has-link-color wp-elements-66f0ef8dbc0aea315f18fb1590c577c1\">L\u2019autorizzazione a due fattori aggiunge un ulteriore livello di sicurezza per prevenire qualsiasi accesso non autorizzato al tuo account. Zenkit fornir\u00e0 un codice di sicurezza che gli utenti dovranno inserire, oltre alla password, nel caso in cui accedano da un nuovo dispositivo.<\/p>\n<\/div>\n\n\n\n<div class=\"wp-block-group alternatives__box has-global-padding is-layout-constrained wp-container-core-group-is-layout-be9188a4 wp-block-group-is-layout-constrained\" style=\"border-radius:20px;padding-top:40px;padding-right:35px;padding-bottom:40px;padding-left:35px\">\n<h3 class=\"wp-block-heading has-text-align-center\" style=\"margin-bottom:16px;font-size:22px\">Anti-intrusione (IDS)<\/h3>\n\n\n\n<p class=\"has-text-align-center has-da-grey-1-color has-text-color has-link-color wp-elements-c849136140646073545beb2677374638\">Zenkit utilizza un Software anti-intrusione per monitorare la presenza di attivit\u00e0 maligne o violazioni della politica. Sii il primo a venire a conoscenza della presenza di minacce esterne.<\/p>\n<\/div>\n\n\n\n<div class=\"wp-block-group alternatives__box has-global-padding is-layout-constrained wp-container-core-group-is-layout-be9188a4 wp-block-group-is-layout-constrained\" style=\"border-radius:20px;padding-top:40px;padding-right:35px;padding-bottom:40px;padding-left:35px\">\n<h3 class=\"wp-block-heading has-text-align-center\" style=\"margin-bottom:16px;font-size:22px\">Accordo sul livello del servizio (SLA)<\/h3>\n\n\n\n<p class=\"has-text-align-center has-da-grey-1-color has-text-color has-link-color wp-elements-524ea3761c2b8e60b17dc3e653b5a32a\">Una completa revisione del contratto legale ed un aumentato accordo sul livello di servizio, assicura che Zenkit possa garantire in maniera consistente un&#8217;affidabile e reattiva esperienza utente. Ospitato da AWS, Zenkit garantisce oltre il 99.999% di disponibilit\u00e0 del servizio.<\/p>\n<\/div>\n<\/div>\n<\/div>\n\n\n\n<div style=\"height:88px;--tablet-height:72px;--mobile-height:36px\" class=\"wp-block-lookeen-blocks-responsive-spacer\"><\/div>\n\n\n\n<div class=\"wp-block-group has-global-padding is-layout-constrained wp-block-group-is-layout-constrained\">\n<div class=\"wp-block-group has-global-padding is-layout-constrained wp-container-core-group-is-layout-7cc94c3e wp-block-group-is-layout-constrained\">\n<h2 class=\"wp-block-heading has-text-align-center display-h1 has-x-large-font-size\" style=\"margin-top:0;margin-bottom:8px\">Controllo Granulare<\/h2>\n\n\n\n<p class=\"has-text-align-center is-style-subtext\" style=\"margin-top:0;margin-right:0;margin-bottom:24px;margin-left:0\">Con la gestione di identit\u00e0 e degli accessi (IAM), Zenkit ti da la possibilit\u00e0 di decidere chi pu\u00f2 visualizzare i tuoi team e le tue collections<\/p>\n\n\n\n<p class=\"has-text-align-center\">Specifica chi pu\u00f2 creare collections pubbliche o private, limita gli inviti, e disattiva membri per mantenere la collaborazione del team assicurando la sicurezza dei dati. Le competenze d\u2019amministrazione granulari ti permettono di regolare velocemente impostazioni d\u2019accesso, ed assegnare\/limitare i ruoli e capacit\u00e0 degli utenti da qualunque parte all\u2019interno dell\u2019applicazione.<\/p>\n<\/div>\n\n\n\n<div style=\"height:88px;--tablet-height:72px;--mobile-height:36px\" class=\"wp-block-lookeen-blocks-responsive-spacer\"><\/div>\n\n\n\n<div class=\"wp-block-group has-global-padding is-layout-constrained wp-block-group-is-layout-constrained\">\n<div class=\"wp-block-group four-col-grid has-global-padding is-layout-constrained wp-block-group-is-layout-constrained\">\n<div class=\"wp-block-group alternatives__box has-global-padding is-layout-constrained wp-container-core-group-is-layout-be9188a4 wp-block-group-is-layout-constrained\" style=\"border-radius:20px;padding-top:40px;padding-right:35px;padding-bottom:40px;padding-left:35px\">\n<h3 class=\"wp-block-heading has-text-align-center\" style=\"margin-bottom:16px;font-size:22px\">Responsabile portafoglio clienti<\/h3>\n\n\n\n<p class=\"has-text-align-center has-da-grey-1-color has-text-color has-link-color wp-elements-134ba7589bbd903450df7dcc6530fa5f\">Un apposito responsabile portafoglio clienti organizzer\u00e0 corsi personalizzati per il tuo team e sar\u00e0 a portata di mano per aiutare con problemi di fatturazione.<\/p>\n<\/div>\n\n\n\n<div class=\"wp-block-group alternatives__box has-global-padding is-layout-constrained wp-container-core-group-is-layout-be9188a4 wp-block-group-is-layout-constrained\" style=\"border-radius:20px;padding-top:40px;padding-right:35px;padding-bottom:40px;padding-left:35px\">\n<h3 class=\"wp-block-heading has-text-align-center\" style=\"margin-bottom:16px;font-size:22px\">Addestramento Personalizzato<\/h3>\n\n\n\n<p class=\"has-text-align-center has-da-grey-1-color has-text-color has-link-color wp-elements-b2663c88640fd91b48ec6edfe62eb993\">Un processo di addestramento personalizzato per la tua organizzazione assicura un\u2019adozione e migrazione di successo dei tuoi attuali sistemi e processi.<\/p>\n<\/div>\n\n\n\n<div class=\"wp-block-group alternatives__box has-global-padding is-layout-constrained wp-container-core-group-is-layout-be9188a4 wp-block-group-is-layout-constrained\" style=\"border-radius:20px;padding-top:40px;padding-right:35px;padding-bottom:40px;padding-left:35px\">\n<h3 class=\"wp-block-heading has-text-align-center\" style=\"margin-bottom:16px;font-size:22px\">Modelli<\/h3>\n\n\n\n<p class=\"has-text-align-center has-da-grey-1-color has-text-color has-link-color wp-elements-a10ead48d201ffbda1dc9e9a78d45837\">La vasta gamma di modelli di Zenkit ti permette di usare strumenti di business e flussi di lavoro consolidati, fin dall\u2019inizio.<\/p>\n<\/div>\n\n\n\n<div class=\"wp-block-group alternatives__box has-global-padding is-layout-constrained wp-container-core-group-is-layout-be9188a4 wp-block-group-is-layout-constrained\" style=\"border-radius:20px;padding-top:40px;padding-right:35px;padding-bottom:40px;padding-left:35px\">\n<h3 class=\"wp-block-heading has-text-align-center\" style=\"margin-bottom:16px;font-size:22px\">Supporto Prioritario<\/h3>\n\n\n\n<p class=\"has-text-align-center has-da-grey-1-color has-text-color has-link-color wp-elements-485ea0caef97ec992dfbaaa8e29a69b9\">Il supporto prioritario tramite email o per telefono con risposta accelerate \u00e8 garantito a tutti i clienti dell\u2019azienda.<\/p>\n<\/div>\n<\/div>\n<\/div>\n<\/div>\n\n\n\n<div style=\"height:88px;--tablet-height:72px;--mobile-height:36px\" class=\"wp-block-lookeen-blocks-responsive-spacer\"><\/div>\n\n\n\n<div class=\"wp-block-group has-da-blue-light-background-color has-background has-global-padding is-layout-constrained wp-container-core-group-is-layout-d7701c0d wp-block-group-is-layout-constrained\">\n<div style=\"height:80px;--tablet-height:64px;--mobile-height:35px\" class=\"wp-block-lookeen-blocks-responsive-spacer\"><\/div>\n\n\n\n<h2 class=\"wp-block-heading has-text-align-center\">Per maggiori informazioni riguardo le prossime funzioni per azienda, ti preghiamo di contattare il nostro reparto vendite.<\/h2>\n\n\n\n<div class=\"wp-block-buttons is-content-justification-center is-layout-flex wp-container-core-buttons-is-layout-f78c5dac wp-block-buttons-is-layout-flex\" style=\"margin-top:0px;margin-bottom:0px\">\n<div class=\"wp-block-button is-style-default\"><a class=\"wp-block-button__link wp-element-button\" href=\"https:\/\/zenkit.com\/it\/contatto\/\">Contattaci<\/a><\/div>\n<\/div>\n\n\n\n<div style=\"height:80px;--tablet-height:64px;--mobile-height:35px\" class=\"wp-block-lookeen-blocks-responsive-spacer\"><\/div>\n<\/div>\n","protected":false},"excerpt":{"rendered":"<p>Zenkit per Azienda La piattaforma collaborativa sicura per la tua organizzazione. Funzioni per l\u2019Azienda Panoramica Autenticazione unica (SSO) L\u2019autenticazione unica fornisce un\u2019accelerata gestione dell\u2019utente ed un processo d\u2019iscrizione sicuro. Zenkit procurer\u00e0 l\u2019autenticazione unica tramite i principali fornitori di servizi per garantire una maggiore sicurezza. Autorizzazione a due fattori (2FA) L\u2019autorizzazione a due fattori aggiunge un [&hellip;]<\/p>\n","protected":false},"author":28,"featured_media":0,"parent":0,"menu_order":17,"comment_status":"closed","ping_status":"closed","template":"","meta":{"yasr_overall_rating":0,"yasr_post_is_review":"","yasr_auto_insert_disabled":"","yasr_review_type":"","footnotes":""},"class_list":["post-61328","page","type-page","status-publish","hentry"],"yoast_head":"<!-- This site is optimized with the Yoast SEO plugin v27.3 - https:\/\/yoast.com\/product\/yoast-seo-wordpress\/ -->\n<title>Zenkit per Azienda | Zenkit<\/title>\n<meta name=\"robots\" content=\"index, follow, max-snippet:-1, max-image-preview:large, max-video-preview:-1\" \/>\n<link rel=\"canonical\" href=\"https:\/\/zenkit.com\/it\/azienda\/\" \/>\n<meta property=\"og:locale\" content=\"it_IT\" \/>\n<meta property=\"og:type\" content=\"article\" \/>\n<meta property=\"og:title\" content=\"Zenkit per Azienda | Zenkit\" \/>\n<meta property=\"og:description\" content=\"Zenkit per Azienda La piattaforma collaborativa sicura per la tua organizzazione. Funzioni per l\u2019Azienda Panoramica Autenticazione unica (SSO) L\u2019autenticazione unica fornisce un\u2019accelerata gestione dell\u2019utente ed un processo d\u2019iscrizione sicuro. Zenkit procurer\u00e0 l\u2019autenticazione unica tramite i principali fornitori di servizi per garantire una maggiore sicurezza. Autorizzazione a due fattori (2FA) L\u2019autorizzazione a due fattori aggiunge un [&hellip;]\" \/>\n<meta property=\"og:url\" content=\"https:\/\/zenkit.com\/it\/azienda\/\" \/>\n<meta property=\"og:site_name\" content=\"Zenkit\" \/>\n<meta property=\"article:publisher\" content=\"https:\/\/www.facebook.com\/ZenkitHQ\" \/>\n<meta property=\"article:modified_time\" content=\"2025-10-27T13:55:53+00:00\" \/>\n<meta name=\"twitter:card\" content=\"summary_large_image\" \/>\n<meta name=\"twitter:site\" content=\"@ZenkitHQ\" \/>\n<meta name=\"twitter:label1\" content=\"Tempo di lettura stimato\" \/>\n\t<meta name=\"twitter:data1\" content=\"16 minuti\" \/>\n<script type=\"application\/ld+json\" class=\"yoast-schema-graph\">{\"@context\":\"https:\\\/\\\/schema.org\",\"@graph\":[{\"@type\":\"WebPage\",\"@id\":\"https:\\\/\\\/zenkit.com\\\/it\\\/azienda\\\/\",\"url\":\"https:\\\/\\\/zenkit.com\\\/it\\\/azienda\\\/\",\"name\":\"Zenkit per Azienda | Zenkit\",\"isPartOf\":{\"@id\":\"https:\\\/\\\/zenkit.com\\\/it\\\/#website\"},\"datePublished\":\"2021-04-27T12:45:20+00:00\",\"dateModified\":\"2025-10-27T13:55:53+00:00\",\"breadcrumb\":{\"@id\":\"https:\\\/\\\/zenkit.com\\\/it\\\/azienda\\\/#breadcrumb\"},\"inLanguage\":\"it-IT\",\"potentialAction\":[{\"@type\":\"ReadAction\",\"target\":[\"https:\\\/\\\/zenkit.com\\\/it\\\/azienda\\\/\"]}]},{\"@type\":\"BreadcrumbList\",\"@id\":\"https:\\\/\\\/zenkit.com\\\/it\\\/azienda\\\/#breadcrumb\",\"itemListElement\":[{\"@type\":\"ListItem\",\"position\":1,\"name\":\"Home\",\"item\":\"https:\\\/\\\/zenkit.com\\\/it\\\/\"},{\"@type\":\"ListItem\",\"position\":2,\"name\":\"Zenkit per Azienda\"}]},{\"@type\":\"WebSite\",\"@id\":\"https:\\\/\\\/zenkit.com\\\/it\\\/#website\",\"url\":\"https:\\\/\\\/zenkit.com\\\/it\\\/\",\"name\":\"Zenkit\",\"description\":\"Zenkit Tagline\",\"potentialAction\":[{\"@type\":\"SearchAction\",\"target\":{\"@type\":\"EntryPoint\",\"urlTemplate\":\"https:\\\/\\\/zenkit.com\\\/it\\\/?s={search_term_string}\"},\"query-input\":{\"@type\":\"PropertyValueSpecification\",\"valueRequired\":true,\"valueName\":\"search_term_string\"}}],\"inLanguage\":\"it-IT\"},false]}<\/script>\n<!-- \/ Yoast SEO plugin. -->","yoast_head_json":{"title":"Zenkit per Azienda | Zenkit","robots":{"index":"index","follow":"follow","max-snippet":"max-snippet:-1","max-image-preview":"max-image-preview:large","max-video-preview":"max-video-preview:-1"},"canonical":"https:\/\/zenkit.com\/it\/azienda\/","og_locale":"it_IT","og_type":"article","og_title":"Zenkit per Azienda | Zenkit","og_description":"Zenkit per Azienda La piattaforma collaborativa sicura per la tua organizzazione. Funzioni per l\u2019Azienda Panoramica Autenticazione unica (SSO) L\u2019autenticazione unica fornisce un\u2019accelerata gestione dell\u2019utente ed un processo d\u2019iscrizione sicuro. Zenkit procurer\u00e0 l\u2019autenticazione unica tramite i principali fornitori di servizi per garantire una maggiore sicurezza. Autorizzazione a due fattori (2FA) L\u2019autorizzazione a due fattori aggiunge un [&hellip;]","og_url":"https:\/\/zenkit.com\/it\/azienda\/","og_site_name":"Zenkit","article_publisher":"https:\/\/www.facebook.com\/ZenkitHQ","article_modified_time":"2025-10-27T13:55:53+00:00","twitter_card":"summary_large_image","twitter_site":"@ZenkitHQ","twitter_misc":{"Tempo di lettura stimato":"16 minuti"},"schema":{"@context":"https:\/\/schema.org","@graph":[{"@type":"WebPage","@id":"https:\/\/zenkit.com\/it\/azienda\/","url":"https:\/\/zenkit.com\/it\/azienda\/","name":"Zenkit per Azienda | Zenkit","isPartOf":{"@id":"https:\/\/zenkit.com\/it\/#website"},"datePublished":"2021-04-27T12:45:20+00:00","dateModified":"2025-10-27T13:55:53+00:00","breadcrumb":{"@id":"https:\/\/zenkit.com\/it\/azienda\/#breadcrumb"},"inLanguage":"it-IT","potentialAction":[{"@type":"ReadAction","target":["https:\/\/zenkit.com\/it\/azienda\/"]}]},{"@type":"BreadcrumbList","@id":"https:\/\/zenkit.com\/it\/azienda\/#breadcrumb","itemListElement":[{"@type":"ListItem","position":1,"name":"Home","item":"https:\/\/zenkit.com\/it\/"},{"@type":"ListItem","position":2,"name":"Zenkit per Azienda"}]},{"@type":"WebSite","@id":"https:\/\/zenkit.com\/it\/#website","url":"https:\/\/zenkit.com\/it\/","name":"Zenkit","description":"Zenkit Tagline","potentialAction":[{"@type":"SearchAction","target":{"@type":"EntryPoint","urlTemplate":"https:\/\/zenkit.com\/it\/?s={search_term_string}"},"query-input":{"@type":"PropertyValueSpecification","valueRequired":true,"valueName":"search_term_string"}}],"inLanguage":"it-IT"},false]}},"yasr_visitor_votes":{"stars_attributes":{"read_only":false,"span_bottom":false},"number_of_votes":0,"sum_votes":0},"_links":{"self":[{"href":"https:\/\/zenkit.com\/it\/wp-json\/wp\/v2\/pages\/61328","targetHints":{"allow":["GET"]}}],"collection":[{"href":"https:\/\/zenkit.com\/it\/wp-json\/wp\/v2\/pages"}],"about":[{"href":"https:\/\/zenkit.com\/it\/wp-json\/wp\/v2\/types\/page"}],"author":[{"embeddable":true,"href":"https:\/\/zenkit.com\/it\/wp-json\/wp\/v2\/users\/28"}],"replies":[{"embeddable":true,"href":"https:\/\/zenkit.com\/it\/wp-json\/wp\/v2\/comments?post=61328"}],"version-history":[{"count":5,"href":"https:\/\/zenkit.com\/it\/wp-json\/wp\/v2\/pages\/61328\/revisions"}],"predecessor-version":[{"id":169598,"href":"https:\/\/zenkit.com\/it\/wp-json\/wp\/v2\/pages\/61328\/revisions\/169598"}],"wp:attachment":[{"href":"https:\/\/zenkit.com\/it\/wp-json\/wp\/v2\/media?parent=61328"}],"curies":[{"name":"wp","href":"https:\/\/api.w.org\/{rel}","templated":true}]}}