{"id":62014,"date":"2019-12-10T14:30:03","date_gmt":"2019-12-10T13:30:03","guid":{"rendered":"https:\/\/zenkit.com\/base\/integrazioni\/clicdata\/"},"modified":"2025-11-04T06:53:11","modified_gmt":"2025-11-04T05:53:11","slug":"clicdata","status":"publish","type":"page","link":"https:\/\/zenkit.com\/it\/integrazioni\/clicdata\/","title":{"rendered":"ClicData"},"content":{"rendered":"\n<div style=\"height:45px;--tablet-height:45px;--mobile-height:16px\" class=\"wp-block-lookeen-blocks-responsive-spacer\"><\/div>\n\n\n\n<div class=\"wp-block-group has-global-padding is-layout-constrained wp-block-group-is-layout-constrained\">\n<div class=\"wp-block-columns is-layout-flex wp-container-core-columns-is-layout-467d341d wp-block-columns-is-layout-flex\" id=\"main__integrations\" style=\"margin-top:0px;margin-bottom:0px\">\n<div class=\"wp-block-column side__bar__integrations is-layout-flow wp-block-column-is-layout-flow\" style=\"flex-basis:23%\">\n<h2 class=\"wp-block-heading has-da-blue-color-new has-text-color has-link-color wp-elements-3fcaa91f206aa61bf3bae50844ba6fd7\" style=\"margin-top:0px;margin-bottom:0px;font-size:16px;line-height:1.5\">Integrazioni<\/h2>\n\n\n<nav class=\"is-vertical integrations__menu wp-block-navigation is-layout-flex wp-container-core-navigation-is-layout-5f9f5280 wp-block-navigation-is-layout-flex\" aria-label=\"it-integrations-dashboards-reports\"><ul class=\"wp-block-navigation__container  is-vertical integrations__menu wp-block-navigation\"><li class=\" wp-block-navigation-item wp-block-navigation-link\"><a class=\"wp-block-navigation-item__content\"  href=\"https:\/\/zenkit.com\/it\/integrazioni\/clicdata\/\"><span class=\"wp-block-navigation-item__label\">ClicData<\/span><\/a><\/li><\/ul><\/nav><\/div>\n\n\n\n<div class=\"wp-block-column content__integrations is-layout-flow wp-block-column-is-layout-flow\" style=\"flex-basis:77%\">\n<div class=\"wp-block-group has-global-padding is-layout-constrained wp-block-group-is-layout-constrained\">\n<div class=\"wp-block-group title is-layout-flex wp-container-core-group-is-layout-ed4b00df wp-block-group-is-layout-flex\">\n<figure class=\"wp-block-image size-full is-resized\"><img loading=\"lazy\" decoding=\"async\" width=\"1024\" height=\"1024\" src=\"https:\/\/zenkit.com\/wp-content\/uploads\/2025\/07\/Clicdata_Logo-Icon.webp\" alt=\"\" class=\"wp-image-117819\" style=\"width:auto;height:46px\" srcset=\"https:\/\/zenkit.com\/wp-content\/uploads\/2025\/07\/Clicdata_Logo-Icon.webp 1024w, https:\/\/zenkit.com\/wp-content\/uploads\/2025\/07\/Clicdata_Logo-Icon-300x300.webp 300w, https:\/\/zenkit.com\/wp-content\/uploads\/2025\/07\/Clicdata_Logo-Icon-150x150.webp 150w, https:\/\/zenkit.com\/wp-content\/uploads\/2025\/07\/Clicdata_Logo-Icon-768x768.webp 768w\" sizes=\"auto, (max-width: 1024px) 100vw, 1024px\" \/><\/figure>\n\n\n\n<h1 class=\"wp-block-heading\">ClicData &amp; Zenkit<\/h1>\n<\/div>\n\n\n\n<div class=\"wp-block-group has-global-padding is-layout-constrained wp-block-group-is-layout-constrained\">\n<p><strong>Connetti i tuoi account Zenkit e ClicData<\/strong><\/p>\n\n\n\n<p>Se costruisci un database usando Zenkit e sei alla ricerca di una soluzione di reporting per visualizzare dati, l\u2019integrazione fra Zenkit e ClicData potrebbe essere proprio quello che stai cercando.<\/p>\n\n\n\n<p>Indipendentemente che i tuoi dati immagazzinati in Zenkit siano sotto forma di dati di vendita, date di fatturazione, o anche dettagli geografici, puoi costruire facilmente un pannello di controllo personalizzato e coinvolgente per metterli in vetrina. Ci\u00f2 pu\u00f2 aiutarti a portare nuove intuizioni ai tuoi dati e ti permette di analizzarli in maniera differente.<\/p>\n\n\n\n<p>Un\u2019ottima cosa riguardo questa integrazione \u00e8 che dopo aver costruito la connessione per mandare dati Zenkit a ClicData la prima volta, funzioner\u00e0 in maniera automatica per aggiornare i tuoi report con le informazioni pi\u00f9 recenti!<\/p>\n<\/div>\n\n\n\n<div style=\"height:48px;--tablet-height:36px;--mobile-height:24px\" class=\"wp-block-lookeen-blocks-responsive-spacer\"><\/div>\n<\/div>\n\n\n\n<div class=\"wp-block-group has-global-padding is-layout-constrained wp-block-group-is-layout-constrained\">\n<figure class=\"wp-block-video\"><video controls src=\"https:\/\/zenkit.com\/wp-content\/uploads\/2019\/12\/Dashboard_reporting.mp4\"><\/video><\/figure>\n<\/div>\n\n\n\n<div style=\"height:48px;--tablet-height:36px;--mobile-height:24px\" class=\"wp-block-lookeen-blocks-responsive-spacer\"><\/div>\n\n\n\n<div class=\"wp-block-group has-global-padding is-layout-constrained wp-block-group-is-layout-constrained\">\n<h3 class=\"wp-block-heading display-h2\">Riguardo ClicData: Software Pannello di controllo e Reporting<\/h3>\n\n\n\n<p><a href=\"https:\/\/www.clicdata.com\/\">ClicData<\/a>&nbsp;\u00e8 una piattaforma di intelligence business e gestione dati basata su cloud. Ha tutto quello che di cui hai bisogno per il tuo reporting, includendo:<\/p>\n\n\n\n<ul class=\"wp-block-list is-style-da-left-indent\">\n<li>Connessione dati: Connetti dati da oltre 250 fonti dati&nbsp;usando connettori o attraverso API.<\/li>\n\n\n\n<li>Gestione dei dati: Centralizza i tuoi dati in un magazzino dati integrato e converti con le funzioni: Estrai, Trasforma, e Carica (ETL).<\/li>\n\n\n\n<li>Automazione: Imposta il tuo programma di aggiornamento e avvisi una volta, e poi non dovrai preoccupartene mai pi\u00f9.<\/li>\n\n\n\n<li>Visualizzazione dati: Costruisci pannelli di controllo interattivi con la funzione drag-and-drop designer e oltre 70 widget.<\/li>\n\n\n\n<li>Collaborazione: Condividi i tuoi pannelli di controllo live con il tuo team e clienti con un semplice link o tramite email automatizzate.<\/li>\n<\/ul>\n<\/div>\n\n\n\n<p>Per scoprire di pi\u00f9 riguardo questo pannello di controllo e software per reporting, iscriviti per una prova gratuita qua:&nbsp;<a href=\"https:\/\/app.clicdata.com\/signup\">https:\/\/app.clicdata.com\/signup<\/a>.<\/p>\n\n\n\n<div style=\"height:48px;--tablet-height:36px;--mobile-height:24px\" class=\"wp-block-lookeen-blocks-responsive-spacer\"><\/div>\n\n\n\n<div class=\"wp-block-group has-global-padding is-layout-constrained wp-block-group-is-layout-constrained\">\n<h3 class=\"wp-block-heading display-h2\">Riguardo Zenkit: Gestione del Progetto Online<\/h3>\n\n\n\n<p><a href=\"https:\/\/zenkit.com\/\">Zenkit<\/a>&nbsp;\u00e8 uno strumento collaborativo di facile utilizzo, adatto per la gestione del progetto, costruzione database, e tanto altro. Ti permette di cambiare visualizzazione (tabella, lista to-do, Kanban, calendario, and mappa mentale) con un solo click. Puoi inoltre condividere online il tuo lavoro con collections pubblicate ed incorporate, e costruire integrazioni con la nostra API documentata. Zenkit \u00e8 sufficentemente felssibile da adattarsi a qualsiasi workflow, e abbastanza potente da poter sorreggere il tuo business. Crea il tuo account gratuito:&nbsp;<a href=\"https:\/\/app.zenkit.com\/register\">https:\/\/app.zenkit.com\/register<\/a>.<\/p>\n<\/div>\n\n\n\n<div style=\"height:48px;--tablet-height:36px;--mobile-height:24px\" class=\"wp-block-lookeen-blocks-responsive-spacer\"><\/div>\n\n\n\n<div class=\"wp-block-group has-global-padding is-layout-constrained wp-block-group-is-layout-constrained\">\n<h3 class=\"wp-block-heading display-h2\">Come collegare ClicData e Zenkit?<\/h3>\n\n\n\n<p>Questa integrazione include solo due step!<\/p>\n\n\n\n<p><strong>Step 1<\/strong>: Invia dati automaticamente da una collection Zenkit a Google Sheets tramite Zapier.<\/p>\n\n\n\n<div class=\"wp-block-group has-global-padding is-layout-constrained wp-block-group-is-layout-constrained\">\n<iframe style=\"width: 100%; min-height: 500px; background: transparent; border: 1px solid #ccc;\" src=\"https:\/\/public.zenkit.com\/c\/7_m8erU4O\/invoices?v=34Mwc4itbW\" allowfullscreen=\"allowfullscreen\"><a href=\"https:\/\/public.zenkit.com\/c\/7_m8erU4O\/invoices?v=34Mwc4itbW\" target=\"_blank\">Your browser doesn&#8217;t support iframes. Click here to open the content in a new tab.<\/a><\/iframe>\n<\/div>\n\n\n\n<div style=\"height:48px;--tablet-height:36px;--mobile-height:24px\" class=\"wp-block-lookeen-blocks-responsive-spacer\"><\/div>\n\n\n\n<div class=\"wp-block-group has-global-padding is-layout-constrained wp-block-group-is-layout-constrained\">\n<figure class=\"wp-block-image size-large\"><img loading=\"lazy\" decoding=\"async\" width=\"1024\" height=\"487\" src=\"https:\/\/zenkit.com\/wp-content\/uploads\/2025\/07\/Googlesheets-1024x487.webp\" alt=\"\" class=\"wp-image-117837\" srcset=\"https:\/\/zenkit.com\/wp-content\/uploads\/2025\/07\/Googlesheets-1024x487.webp 1024w, https:\/\/zenkit.com\/wp-content\/uploads\/2025\/07\/Googlesheets-300x143.webp 300w, https:\/\/zenkit.com\/wp-content\/uploads\/2025\/07\/Googlesheets-768x366.webp 768w, https:\/\/zenkit.com\/wp-content\/uploads\/2025\/07\/Googlesheets-1536x731.webp 1536w, https:\/\/zenkit.com\/wp-content\/uploads\/2025\/07\/Googlesheets.webp 1920w\" sizes=\"auto, (max-width: 1024px) 100vw, 1024px\" \/><\/figure>\n<\/div>\n\n\n\n<div style=\"height:48px;--tablet-height:36px;--mobile-height:24px\" class=\"wp-block-lookeen-blocks-responsive-spacer\"><\/div>\n\n\n\n<ul class=\"wp-block-list is-style-da-left-indent\">\n<li>Crea un campo casella da spuntare nella tua collection Zenkit. In questa collection di esempio, lo abbiamo chiamato \u201cSync con Google Sheets\u201d.<\/li>\n\n\n\n<li>Accedi al tuo account&nbsp;<a href=\"https:\/\/www.google.com\/sheets\/about\/\">Google Sheets<\/a>&nbsp;e crea un foglio con le stesse colonne come nella tua collection Zenkit.<\/li>\n\n\n\n<li><a href=\"https:\/\/zapier.com\/sign-up\/\">Iscriviti&nbsp;<\/a>a Zapier e<a href=\"https:\/\/zapier.com\/app\/editor\/\">costruisci una Zapier Zap<\/a>. Si prega di seguire le istruzioni nella pagina di configurazione (nota: scegli \u201ccambiamento valore item\u201d come innesco Zenkit, e scegli \u201caggiorna foglio di calcolo ora\u201d come azione di Google Sheet).<\/li>\n\n\n\n<li>Dopo aver attivato lo Zap, per ogni casella che spunterai nella tua collection Zenkit, i dettagli di quegli items saranno inviati per aggiornare o creare una nuova colonna in Google Sheets.<\/li>\n<\/ul>\n\n\n\n<div style=\"height:48px;--tablet-height:36px;--mobile-height:24px\" class=\"wp-block-lookeen-blocks-responsive-spacer\"><\/div>\n\n\n\n<p><strong>Step 2<\/strong>: Connetti Google Sheets con ClicData.<\/p>\n\n\n\n<div class=\"wp-block-group has-global-padding is-layout-constrained wp-block-group-is-layout-constrained\">\n<iframe src=\"https:\/\/marketplace.clicdata.com\/v\/Zenkit\" width=\"100%\" style=\"height:500px;\"><\/iframe>\n<\/div>\n\n\n\n<div style=\"height:48px;--tablet-height:36px;--mobile-height:24px\" class=\"wp-block-lookeen-blocks-responsive-spacer\"><\/div>\n\n\n\n<ul class=\"wp-block-list is-style-da-left-indent\">\n<li><a href=\"https:\/\/app.clicdata.com\/signup\">Iscriviti&nbsp;<\/a>a ClicData.<\/li>\n\n\n\n<li>Aggiungi il documento Google Sheets come fonte dati a ClicData e crea il tuo pannello di controllo personalizzato.<\/li>\n<\/ul>\n<\/div>\n\n\n\n<div style=\"height:48px;--tablet-height:36px;--mobile-height:24px\" class=\"wp-block-lookeen-blocks-responsive-spacer\"><\/div>\n\n\n\n<div class=\"wp-block-group has-global-padding is-layout-constrained wp-block-group-is-layout-constrained\">\n<h3 class=\"wp-block-heading display-h2\">Chi beneficer\u00e0 da questa integrazione fra ClicData e Zenkit?<\/h3>\n\n\n\n<ul class=\"wp-block-list is-style-da-left-indent\">\n<li>Gestori del progetto che desiderano costruire facilmente report visuali ed interattivi con dati immagazzinati in Zenkit.<\/li>\n\n\n\n<li>Analisti di dati che vogliono ottimizzare il loro pannello di controllo di business in modo da effettuare analisi accurate e profonde.<\/li>\n<\/ul>\n<\/div>\n\n\n\n<div style=\"height:48px;--tablet-height:36px;--mobile-height:24px\" class=\"wp-block-lookeen-blocks-responsive-spacer\"><\/div>\n\n\n\n<div class=\"wp-block-group has-global-padding is-layout-constrained wp-block-group-is-layout-constrained\">\n<h3 class=\"wp-block-heading display-h2\">Ulteriori dettagli integrazione<\/h3>\n\n\n\n<ul class=\"wp-block-list is-style-da-left-indent\">\n<li>Supportata da Zapier: Si prega di contattare il&nbsp;<a href=\"https:\/\/zapier.com\/help\/contact-us\/\">supporto<br>Zapier&nbsp;<\/a>in caso si riscontrino problemi.<\/li>\n\n\n\n<li>Per ulteriori informazioni su come usare Zenkit con Zapier, si prega di leggere la nostra&nbsp;<a href=\"https:\/\/zenkit.com\/documentation#\/lists\/HJQBQ1Hw\/sections\/SJYE55zA\/entries\/BJGOKQtA?_k=hyyynn\">documentazione<\/a>.<\/li>\n\n\n\n<li>Puoi cliccare&nbsp;<a href=\"https:\/\/public.zenkit.com\/c\/7_m8erU4O\/invoices?v=34Mwc4itbW\">qua&nbsp;<\/a>per vedere un esempio di collection Zenkit e cliccare<a href=\"https:\/\/marketplace.clicdata.com\/v\/Zenkit\">qua&nbsp;<\/a>per l\u2019esempio del pannello di controllo ClicData.<\/li>\n<\/ul>\n<\/div>\n<\/div>\n<\/div>\n<\/div>\n\n\n\n<div style=\"height:110px;--tablet-height:60px;--mobile-height:48px\" class=\"wp-block-lookeen-blocks-responsive-spacer\"><\/div>\n\n\n\n<p><\/p>\n","protected":false},"excerpt":{"rendered":"<p>Integrazioni ClicData &amp; Zenkit Connetti i tuoi account Zenkit e ClicData Se costruisci un database usando Zenkit e sei alla ricerca di una soluzione di reporting per visualizzare dati, l\u2019integrazione fra Zenkit e ClicData potrebbe essere proprio quello che stai cercando. Indipendentemente che i tuoi dati immagazzinati in Zenkit siano sotto forma di dati di [&hellip;]<\/p>\n","protected":false},"author":15,"featured_media":0,"parent":127379,"menu_order":39,"comment_status":"closed","ping_status":"closed","template":"","meta":{"yasr_overall_rating":0,"yasr_post_is_review":"","yasr_auto_insert_disabled":"","yasr_review_type":"","footnotes":""},"class_list":["post-62014","page","type-page","status-publish","hentry"],"yoast_head":"<!-- This site is optimized with the Yoast SEO plugin v27.4 - https:\/\/yoast.com\/product\/yoast-seo-wordpress\/ -->\n<title>ClicData | Zenkit<\/title>\n<meta name=\"description\" content=\"Zenkit&#039;s integration with ClicData allows you to easily visualize your Zenkit data in customized reports. Learn how this integration can grow with you.\" \/>\n<meta name=\"robots\" content=\"index, follow, max-snippet:-1, max-image-preview:large, max-video-preview:-1\" \/>\n<link rel=\"canonical\" href=\"https:\/\/zenkit.com\/it\/integrazioni\/clicdata\/\" \/>\n<meta property=\"og:locale\" content=\"it_IT\" \/>\n<meta property=\"og:type\" content=\"article\" \/>\n<meta property=\"og:title\" content=\"ClicData | Zenkit\" \/>\n<meta property=\"og:description\" content=\"Zenkit&#039;s integration with ClicData allows you to easily visualize your Zenkit data in customized reports. Learn how this integration can grow with you.\" \/>\n<meta property=\"og:url\" content=\"https:\/\/zenkit.com\/it\/integrazioni\/clicdata\/\" \/>\n<meta property=\"og:site_name\" content=\"Zenkit\" \/>\n<meta property=\"article:publisher\" content=\"https:\/\/www.facebook.com\/ZenkitHQ\" \/>\n<meta property=\"article:modified_time\" content=\"2025-11-04T05:53:11+00:00\" \/>\n<meta property=\"og:image\" content=\"https:\/\/zenkit.com\/wp-content\/uploads\/2025\/07\/Clicdata_Logo-Icon.webp\" \/>\n\t<meta property=\"og:image:width\" content=\"1024\" \/>\n\t<meta property=\"og:image:height\" content=\"1024\" \/>\n\t<meta property=\"og:image:type\" content=\"image\/webp\" \/>\n<meta name=\"twitter:card\" content=\"summary_large_image\" \/>\n<meta name=\"twitter:site\" content=\"@ZenkitHQ\" \/>\n<meta name=\"twitter:label1\" content=\"Tempo di lettura stimato\" \/>\n\t<meta name=\"twitter:data1\" content=\"42 minuti\" \/>\n<script type=\"application\/ld+json\" class=\"yoast-schema-graph\">{\"@context\":\"https:\\\/\\\/schema.org\",\"@graph\":[{\"@type\":\"WebPage\",\"@id\":\"https:\\\/\\\/zenkit.com\\\/it\\\/integrazioni\\\/clicdata\\\/\",\"url\":\"https:\\\/\\\/zenkit.com\\\/it\\\/integrazioni\\\/clicdata\\\/\",\"name\":\"ClicData | Zenkit\",\"isPartOf\":{\"@id\":\"https:\\\/\\\/zenkit.com\\\/it\\\/#website\"},\"primaryImageOfPage\":{\"@id\":\"https:\\\/\\\/zenkit.com\\\/it\\\/integrazioni\\\/clicdata\\\/#primaryimage\"},\"image\":{\"@id\":\"https:\\\/\\\/zenkit.com\\\/it\\\/integrazioni\\\/clicdata\\\/#primaryimage\"},\"thumbnailUrl\":\"https:\\\/\\\/zenkit.com\\\/wp-content\\\/uploads\\\/2025\\\/07\\\/Clicdata_Logo-Icon.webp\",\"datePublished\":\"2019-12-10T13:30:03+00:00\",\"dateModified\":\"2025-11-04T05:53:11+00:00\",\"description\":\"Zenkit's integration with ClicData allows you to easily visualize your Zenkit data in customized reports. Learn how this integration can grow with you.\",\"breadcrumb\":{\"@id\":\"https:\\\/\\\/zenkit.com\\\/it\\\/integrazioni\\\/clicdata\\\/#breadcrumb\"},\"inLanguage\":\"it-IT\",\"potentialAction\":[{\"@type\":\"ReadAction\",\"target\":[\"https:\\\/\\\/zenkit.com\\\/it\\\/integrazioni\\\/clicdata\\\/\"]}]},{\"@type\":\"ImageObject\",\"inLanguage\":\"it-IT\",\"@id\":\"https:\\\/\\\/zenkit.com\\\/it\\\/integrazioni\\\/clicdata\\\/#primaryimage\",\"url\":\"https:\\\/\\\/zenkit.com\\\/wp-content\\\/uploads\\\/2025\\\/07\\\/Clicdata_Logo-Icon.webp\",\"contentUrl\":\"https:\\\/\\\/zenkit.com\\\/wp-content\\\/uploads\\\/2025\\\/07\\\/Clicdata_Logo-Icon.webp\"},{\"@type\":\"BreadcrumbList\",\"@id\":\"https:\\\/\\\/zenkit.com\\\/it\\\/integrazioni\\\/clicdata\\\/#breadcrumb\",\"itemListElement\":[{\"@type\":\"ListItem\",\"position\":1,\"name\":\"Home\",\"item\":\"https:\\\/\\\/zenkit.com\\\/it\\\/\"},{\"@type\":\"ListItem\",\"position\":2,\"name\":\"Integrazioni\",\"item\":\"https:\\\/\\\/zenkit.com\\\/it\\\/integrazioni\\\/\"},{\"@type\":\"ListItem\",\"position\":3,\"name\":\"ClicData\"}]},{\"@type\":\"WebSite\",\"@id\":\"https:\\\/\\\/zenkit.com\\\/it\\\/#website\",\"url\":\"https:\\\/\\\/zenkit.com\\\/it\\\/\",\"name\":\"Zenkit\",\"description\":\"Zenkit Tagline\",\"potentialAction\":[{\"@type\":\"SearchAction\",\"target\":{\"@type\":\"EntryPoint\",\"urlTemplate\":\"https:\\\/\\\/zenkit.com\\\/it\\\/?s={search_term_string}\"},\"query-input\":{\"@type\":\"PropertyValueSpecification\",\"valueRequired\":true,\"valueName\":\"search_term_string\"}}],\"inLanguage\":\"it-IT\"},false]}<\/script>\n<!-- \/ Yoast SEO plugin. -->","yoast_head_json":{"title":"ClicData | Zenkit","description":"Zenkit's integration with ClicData allows you to easily visualize your Zenkit data in customized reports. Learn how this integration can grow with you.","robots":{"index":"index","follow":"follow","max-snippet":"max-snippet:-1","max-image-preview":"max-image-preview:large","max-video-preview":"max-video-preview:-1"},"canonical":"https:\/\/zenkit.com\/it\/integrazioni\/clicdata\/","og_locale":"it_IT","og_type":"article","og_title":"ClicData | Zenkit","og_description":"Zenkit's integration with ClicData allows you to easily visualize your Zenkit data in customized reports. Learn how this integration can grow with you.","og_url":"https:\/\/zenkit.com\/it\/integrazioni\/clicdata\/","og_site_name":"Zenkit","article_publisher":"https:\/\/www.facebook.com\/ZenkitHQ","article_modified_time":"2025-11-04T05:53:11+00:00","og_image":[{"width":1024,"height":1024,"url":"https:\/\/zenkit.com\/wp-content\/uploads\/2025\/07\/Clicdata_Logo-Icon.webp","type":"image\/webp"}],"twitter_card":"summary_large_image","twitter_site":"@ZenkitHQ","twitter_misc":{"Tempo di lettura stimato":"42 minuti"},"schema":{"@context":"https:\/\/schema.org","@graph":[{"@type":"WebPage","@id":"https:\/\/zenkit.com\/it\/integrazioni\/clicdata\/","url":"https:\/\/zenkit.com\/it\/integrazioni\/clicdata\/","name":"ClicData | Zenkit","isPartOf":{"@id":"https:\/\/zenkit.com\/it\/#website"},"primaryImageOfPage":{"@id":"https:\/\/zenkit.com\/it\/integrazioni\/clicdata\/#primaryimage"},"image":{"@id":"https:\/\/zenkit.com\/it\/integrazioni\/clicdata\/#primaryimage"},"thumbnailUrl":"https:\/\/zenkit.com\/wp-content\/uploads\/2025\/07\/Clicdata_Logo-Icon.webp","datePublished":"2019-12-10T13:30:03+00:00","dateModified":"2025-11-04T05:53:11+00:00","description":"Zenkit's integration with ClicData allows you to easily visualize your Zenkit data in customized reports. Learn how this integration can grow with you.","breadcrumb":{"@id":"https:\/\/zenkit.com\/it\/integrazioni\/clicdata\/#breadcrumb"},"inLanguage":"it-IT","potentialAction":[{"@type":"ReadAction","target":["https:\/\/zenkit.com\/it\/integrazioni\/clicdata\/"]}]},{"@type":"ImageObject","inLanguage":"it-IT","@id":"https:\/\/zenkit.com\/it\/integrazioni\/clicdata\/#primaryimage","url":"https:\/\/zenkit.com\/wp-content\/uploads\/2025\/07\/Clicdata_Logo-Icon.webp","contentUrl":"https:\/\/zenkit.com\/wp-content\/uploads\/2025\/07\/Clicdata_Logo-Icon.webp"},{"@type":"BreadcrumbList","@id":"https:\/\/zenkit.com\/it\/integrazioni\/clicdata\/#breadcrumb","itemListElement":[{"@type":"ListItem","position":1,"name":"Home","item":"https:\/\/zenkit.com\/it\/"},{"@type":"ListItem","position":2,"name":"Integrazioni","item":"https:\/\/zenkit.com\/it\/integrazioni\/"},{"@type":"ListItem","position":3,"name":"ClicData"}]},{"@type":"WebSite","@id":"https:\/\/zenkit.com\/it\/#website","url":"https:\/\/zenkit.com\/it\/","name":"Zenkit","description":"Zenkit Tagline","potentialAction":[{"@type":"SearchAction","target":{"@type":"EntryPoint","urlTemplate":"https:\/\/zenkit.com\/it\/?s={search_term_string}"},"query-input":{"@type":"PropertyValueSpecification","valueRequired":true,"valueName":"search_term_string"}}],"inLanguage":"it-IT"},false]}},"yasr_visitor_votes":{"stars_attributes":{"read_only":false,"span_bottom":false},"number_of_votes":0,"sum_votes":0},"_links":{"self":[{"href":"https:\/\/zenkit.com\/it\/wp-json\/wp\/v2\/pages\/62014","targetHints":{"allow":["GET"]}}],"collection":[{"href":"https:\/\/zenkit.com\/it\/wp-json\/wp\/v2\/pages"}],"about":[{"href":"https:\/\/zenkit.com\/it\/wp-json\/wp\/v2\/types\/page"}],"author":[{"embeddable":true,"href":"https:\/\/zenkit.com\/it\/wp-json\/wp\/v2\/users\/15"}],"replies":[{"embeddable":true,"href":"https:\/\/zenkit.com\/it\/wp-json\/wp\/v2\/comments?post=62014"}],"version-history":[{"count":4,"href":"https:\/\/zenkit.com\/it\/wp-json\/wp\/v2\/pages\/62014\/revisions"}],"predecessor-version":[{"id":173540,"href":"https:\/\/zenkit.com\/it\/wp-json\/wp\/v2\/pages\/62014\/revisions\/173540"}],"up":[{"embeddable":true,"href":"https:\/\/zenkit.com\/it\/wp-json\/wp\/v2\/pages\/127379"}],"wp:attachment":[{"href":"https:\/\/zenkit.com\/it\/wp-json\/wp\/v2\/media?parent=62014"}],"curies":[{"name":"wp","href":"https:\/\/api.w.org\/{rel}","templated":true}]}}