{"id":62456,"date":"2019-03-20T09:14:44","date_gmt":"2019-03-20T08:14:44","guid":{"rendered":"https:\/\/zenkit.com\/security-practices\/"},"modified":"2025-11-04T06:53:11","modified_gmt":"2025-11-04T05:53:11","slug":"sicurezza-zenkit","status":"publish","type":"page","link":"https:\/\/zenkit.com\/it\/sicurezza-zenkit\/","title":{"rendered":"Security Practices"},"content":{"rendered":"\n<div class=\"wp-block-group has-global-padding is-layout-constrained wp-block-group-is-layout-constrained\">\n<div class=\"wp-block-group width--950 has-global-padding is-layout-constrained wp-block-group-is-layout-constrained\">\n<div style=\"height:45px;--tablet-height:45px;--mobile-height:16px\" class=\"wp-block-lookeen-blocks-responsive-spacer\"><\/div>\n\n\n\n<div class=\"wp-block-group has-global-padding is-layout-constrained wp-block-group-is-layout-constrained\">\n<h1 class=\"wp-block-heading has-text-align-center\" style=\"margin-bottom:8px\">Sicurezza Zenkit<\/h1>\n<\/div>\n\n\n\n<div class=\"wp-block-group has-global-padding is-layout-constrained wp-block-group-is-layout-constrained\">\n<p class=\"has-text-align-center subheading\">Noi usiamo Zenkit ogni giorno<\/p>\n<\/div>\n\n\n\n<div style=\"height:48px;--tablet-height:36px;--mobile-height:24px\" class=\"wp-block-lookeen-blocks-responsive-spacer\"><\/div>\n\n\n\n<div class=\"wp-block-group has-global-padding is-layout-constrained wp-container-core-group-is-layout-9235c805 wp-block-group-is-layout-constrained\">\n<p class=\"has-text-align-center\">per interagire con te, i nostri clienti, e per continuare a sviluppare Zenkit stesso. Ci assicuriamo di proteggere i dati affidati a Zenkit, perch\u00e9 se i tuoi dati sono a rischio, lo stesso vale per il nostri. Proteggere i tuoi dati ed i nostri \u00e8 perci\u00f2 la nostra priorit\u00e0 pi\u00f9 alta.<\/p>\n<\/div>\n<\/div>\n\n\n\n<div style=\"height:48px;--tablet-height:36px;--mobile-height:24px\" class=\"wp-block-lookeen-blocks-responsive-spacer\"><\/div>\n<\/div>\n\n\n\n<div class=\"wp-block-group has-global-padding is-layout-constrained wp-block-group-is-layout-constrained\">\n<div class=\"wp-block-group affiliate__grid has-global-padding is-layout-constrained wp-block-group-is-layout-constrained\">\n<div class=\"wp-block-group affiliate__box has-global-padding is-layout-constrained wp-block-group-is-layout-constrained\" style=\"border-radius:20px\">\n<figure class=\"wp-block-image aligncenter size-full is-resized\"><img loading=\"lazy\" decoding=\"async\" width=\"500\" height=\"296\" src=\"https:\/\/zenkit.com\/wp-content\/uploads\/2021\/02\/app-security.gif\" alt=\"Sicurezza Zenkit Web App\" class=\"wp-image-57115\" style=\"width:150px\"\/><\/figure>\n\n\n\n<div class=\"wp-block-group has-global-padding is-layout-constrained wp-block-group-is-layout-constrained\" style=\"margin-bottom:4px\">\n<h3 class=\"wp-block-heading has-text-align-center card__title\">Sicurezza Zenkit Web App<\/h3>\n<\/div>\n\n\n\n<p class=\"has-text-align-center has-da-grey-1-color has-text-color has-link-color wp-elements-f27d3cb9571b768435ab8cb67a4a8a51\">Abbiamo backup automatici di tutti i dati di Zenkit che vengono completati giornalmente. Zenkit usa un servizio Amazon Web basato in Francoforte, Germania. Con l\u2019interesse di conformarci al&nbsp;<a href=\"https:\/\/en.wikipedia.org\/wiki\/General_Data_Protection_Regulation\">GDPR<\/a>&nbsp;e&nbsp;<a href=\"https:\/\/en.wikipedia.org\/wiki\/Federal_Commissioner_for_Data_Protection_and_Freedom_of_Information\">BDSG<\/a>, abbiamo sottoscritto un accordo per il trattamento dei dati personali (DPA) con i nostri responsabili dati di terze parti, e puoi scoprire di pi\u00f9 riguardo le nostre prartiche su&nbsp;<a href=\"https:\/\/zenkit.com\/it\/gdpr\/\">https:\/\/zenkit.com\/gdpr<\/a>.<\/p>\n<\/div>\n\n\n\n<div class=\"wp-block-group affiliate__box has-global-padding is-layout-constrained wp-block-group-is-layout-constrained\" style=\"border-radius:20px\">\n<figure class=\"wp-block-image aligncenter size-full is-resized\"><img loading=\"lazy\" decoding=\"async\" width=\"500\" height=\"296\" src=\"https:\/\/zenkit.com\/wp-content\/uploads\/2021\/02\/data-center-security.gif\" alt=\"Centro Sicurezza Dati\" class=\"wp-image-57125\" style=\"width:150px\"\/><\/figure>\n\n\n\n<div class=\"wp-block-group has-global-padding is-layout-constrained wp-block-group-is-layout-constrained\" style=\"margin-bottom:4px\">\n<h3 class=\"wp-block-heading has-text-align-center card__title\">Centro Sicurezza Dati<\/h3>\n<\/div>\n\n\n\n<p class=\"has-text-align-center has-da-grey-1-color has-text-color has-link-color wp-elements-4c8eaae3a665e82bbeda8d9b08c3e990\">Amazon Web Services (RDS &amp; S3, partner contrattuale AWS Lussemburgo) fa uso di un robusto programma di sicurezza con molteplici certificazioni, includendo i certificati SSAE 16 e ISO27001. Amazon monitora i suoi server in maniera costante. Per ulteriori informazioni sui processi di sicurezza fisica di Amazon si prega di visitare il sito&nbsp;<a href=\"http:\/\/aws.amazon.com\/security\/\">aws.amazon.com\/security<\/a>.<\/p>\n<\/div>\n<\/div>\n<\/div>\n\n\n\n<div class=\"wp-block-group has-global-padding is-layout-constrained wp-block-group-is-layout-constrained\">\n<div style=\"height:88px;--tablet-height:72px;--mobile-height:40px\" class=\"wp-block-lookeen-blocks-responsive-spacer\"><\/div>\n\n\n\n<div class=\"wp-block-columns is-layout-flex wp-container-core-columns-is-layout-2eb748b2 wp-block-columns-is-layout-flex\" style=\"margin-top:0px;margin-bottom:0px\">\n<div class=\"wp-block-column is-layout-flow wp-block-column-is-layout-flow\">\n<h2 class=\"wp-block-heading\">Crittografia<\/h2>\n\n\n\n<ul class=\"wp-block-list is-style-da-left-indent\">\n<li>Le connessioni web a Zenkit sono assicurate tramite TLS 1.2<\/li>\n\n\n\n<li>Connessioni non sicure non sono permesse utilizzando TLS 1.0 o al di sotto, ed \u00e8 ugualmente valido per RC4<\/li>\n\n\n\n<li>I dati vengono crittografati a riposo<\/li>\n\n\n\n<li>Tutte le password sono crittografate usande gli algoritmi crittografici pi\u00f9 forti disponibili.<\/li>\n\n\n\n<li>Non \u00e8 possibile utilizzare password trapelate.<\/li>\n<\/ul>\n<\/div>\n\n\n\n<div class=\"wp-block-column is-layout-flow wp-block-column-is-layout-flow\">\n<h2 class=\"wp-block-heading\">Funzioni di sicurezza<\/h2>\n\n\n\n<ul class=\"wp-block-list is-style-da-left-indent\">\n<li>Nessun accesso ospite permesso: ci\u00f2 implica che ogni utente necessita di un account per accedere<\/li>\n\n\n\n<li>Nessuna condivisione file esterna permessa: link generici a documenti non sono condivisibili<\/li>\n\n\n\n<li>Autorizzazione nativa e Google supportata<\/li>\n<\/ul>\n<\/div>\n<\/div>\n<\/div>\n\n\n\n<div class=\"wp-block-group has-global-padding is-layout-constrained wp-block-group-is-layout-constrained\">\n<div style=\"height:88px;--tablet-height:72px;--mobile-height:40px\" class=\"wp-block-lookeen-blocks-responsive-spacer\"><\/div>\n\n\n\n<h2 class=\"wp-block-heading has-text-align-center has-da-blue-color-new has-text-color has-link-color wp-elements-f05d43cdd33aef8064e170e470a626b4\">I tuoi dati sono i nostri<\/h2>\n\n\n\n<div class=\"wp-block-group has-global-padding is-layout-constrained wp-container-core-group-is-layout-64ec6e8c wp-block-group-is-layout-constrained\">\n<p class=\"has-text-align-center has-da-grey-2-color has-text-color has-link-color wp-elements-f43e0b9a8bb9f23af8babc64af19a079\">Sappiamo che ci sono tante aziende che raccolgono dati per guadagnare soldi. Noi non siamo cos\u00ec. Noi vogliamo che tu sia produttivo. Se ci\u00f2 accade con noi, fantastico! Se decidi di voler portare i tuoi dati in un altro servizio, ci dispiacer\u00e0, ma puoi esportarli e portare tutto con te. Puoi anche rimuovere completamente tutti i tuoi dati dai nostri server in conformit\u00e0 con il&nbsp;<a href=\"https:\/\/zenkit.com\/it\/gdpr\/\">GDPR<\/a>.<\/p>\n<\/div>\n\n\n\n<div style=\"height:48px;--tablet-height:36px;--mobile-height:24px\" class=\"wp-block-lookeen-blocks-responsive-spacer\"><\/div>\n\n\n\n<h2 class=\"wp-block-heading has-text-align-center has-da-blue-color-new has-text-color has-link-color wp-elements-d69a7a4a2a23ebd35ac948d96a2a8d3a\">Contact Us<\/h2>\n\n\n\n<div class=\"wp-block-group has-global-padding is-layout-constrained wp-container-core-group-is-layout-64ec6e8c wp-block-group-is-layout-constrained\">\n<p class=\"has-text-align-center has-da-grey-2-color has-text-color has-link-color wp-elements-e5ef30e657261875d68ab6ad0c20a7cc\">Se hai problemi relativi alla sicurezza, si prega di contattarci a:&nbsp;<a href=\"mailto:security@zenkit.com\">security@zenkit.com<\/a><\/p>\n<\/div>\n\n\n\n<div style=\"height:88px;--tablet-height:72px;--mobile-height:40px\" class=\"wp-block-lookeen-blocks-responsive-spacer\"><\/div>\n<\/div>\n\n\n\n<div class=\"wp-block-group has-global-padding is-layout-constrained wp-block-group-is-layout-constrained\">\n<div class=\"wp-block-group has-global-padding is-layout-constrained wp-block-group-is-layout-constrained\">\n<figure class=\"wp-block-table aligncenter table__data-security is-style-regular\"><table class=\"has-fixed-layout\"><tbody><tr><td>Server situati in Germania<\/td><td><img decoding=\"async\" class=\"wp-image-110297\" style=\"width: NaNpx;\" src=\"https:\/\/zenkit.com\/wp-content\/uploads\/2025\/01\/check.svg\" alt=\"\"><\/td><\/tr><tr><td>Server di backup in Germania<\/td><td><img decoding=\"async\" class=\"wp-image-110297\" style=\"width: NaNpx;\" src=\"https:\/\/zenkit.com\/wp-content\/uploads\/2025\/01\/check.svg\" alt=\"\"><\/td><\/tr><tr><td>Partner contrattuale europeo per l\u2019hosting dei dati<\/td><td><img decoding=\"async\" class=\"wp-image-110297\" style=\"width: NaNpx;\" src=\"https:\/\/zenkit.com\/wp-content\/uploads\/2025\/01\/check.svg\" alt=\"\"><\/td><\/tr><tr><td>SSL via HTTPS<\/td><td><img decoding=\"async\" class=\"wp-image-110297\" style=\"width: NaNpx;\" src=\"https:\/\/zenkit.com\/wp-content\/uploads\/2025\/01\/check.svg\" alt=\"\"><\/td><\/tr><tr><td>Password crittografate<\/td><td><img decoding=\"async\" class=\"wp-image-110297\" style=\"width: NaNpx;\" src=\"https:\/\/zenkit.com\/wp-content\/uploads\/2025\/01\/check.svg\" alt=\"\"><\/td><\/tr><tr><td>Crittografia a riposo<\/td><td><img decoding=\"async\" class=\"wp-image-110297\" style=\"width: NaNpx;\" src=\"https:\/\/zenkit.com\/wp-content\/uploads\/2025\/01\/check.svg\" alt=\"\"><\/td><\/tr><tr><td>Autenticazione a due fattori nativa<\/td><td><img decoding=\"async\" class=\"wp-image-110297\" style=\"width: NaNpx;\" src=\"https:\/\/zenkit.com\/wp-content\/uploads\/2025\/01\/check.svg\" alt=\"\"><\/td><\/tr><tr><td>Autenticazione a due fattori Google supportata<\/td><td><img decoding=\"async\" class=\"wp-image-110297\" style=\"width: NaNpx;\" src=\"https:\/\/zenkit.com\/wp-content\/uploads\/2025\/01\/check.svg\" alt=\"\"><\/td><\/tr><tr><td>Gestione accesso file<\/td><td><img decoding=\"async\" class=\"wp-image-110297\" style=\"width: NaNpx;\" src=\"https:\/\/zenkit.com\/wp-content\/uploads\/2025\/01\/check.svg\" alt=\"\"><\/td><\/tr><tr><td>Backup regolari su server separati<\/td><td><img decoding=\"async\" class=\"wp-image-110297\" style=\"width: NaNpx;\" src=\"https:\/\/zenkit.com\/wp-content\/uploads\/2025\/01\/check.svg\" alt=\"\"><\/td><\/tr><tr><td>Sign On singolo<\/td><td><img decoding=\"async\" class=\"wp-image-110297\" style=\"width: NaNpx;\" src=\"https:\/\/zenkit.com\/wp-content\/uploads\/2025\/01\/check.svg\" alt=\"\"><\/td><\/tr><tr><td>Gestione identit\u00e0 ed accesso<\/td><td><img decoding=\"async\" class=\"wp-image-110297\" style=\"width: NaNpx;\" src=\"https:\/\/zenkit.com\/wp-content\/uploads\/2025\/01\/check.svg\" alt=\"\"><\/td><\/tr><tr><td>Intervalli di convalida password<\/td><td><img decoding=\"async\" class=\"wp-image-110297\" style=\"width: NaNpx;\" src=\"https:\/\/zenkit.com\/wp-content\/uploads\/2025\/01\/check.svg\" alt=\"\"><\/td><\/tr><tr><td>Sistema di rilevamento delle intrusioni<\/td><td>Pianificato<br><\/td><\/tr><\/tbody><\/table><\/figure>\n<\/div>\n\n\n\n<div style=\"height:88px;--tablet-height:72px;--mobile-height:40px\" class=\"wp-block-lookeen-blocks-responsive-spacer\"><\/div>\n<\/div>\n\n\n\n<div class=\"wp-block-group has-da-blue-light-background-color has-background has-global-padding is-layout-constrained wp-block-group-is-layout-constrained\">\n<div style=\"height:80px;--tablet-height:36px;--mobile-height:26px\" class=\"wp-block-lookeen-blocks-responsive-spacer\"><\/div>\n\n\n\n<h2 class=\"wp-block-heading has-text-align-center\">Contattaci<\/h2>\n\n\n\n<div class=\"wp-block-group has-global-padding is-layout-constrained wp-container-core-group-is-layout-2687bd63 wp-block-group-is-layout-constrained\">\n<p class=\"has-text-align-center has-da-grey-1-color has-text-color has-link-color wp-elements-6aa1b791b790636422b477b29a6b7ccb\">Se hai domande sulla sicurezza, ti preghiamo di contattarci a:\u00a0<a href=\"mailto:security@zenkit.com\">security@zenkit.com<\/a><\/p>\n<\/div>\n\n\n\n<div style=\"height:80px;--tablet-height:36px;--mobile-height:26px\" class=\"wp-block-lookeen-blocks-responsive-spacer\"><\/div>\n<\/div>\n","protected":false},"excerpt":{"rendered":"<p>Sicurezza Zenkit Noi usiamo Zenkit ogni giorno per interagire con te, i nostri clienti, e per continuare a sviluppare Zenkit stesso. Ci assicuriamo di proteggere i dati affidati a Zenkit, perch\u00e9 se i tuoi dati sono a rischio, lo stesso vale per il nostri. Proteggere i tuoi dati ed i nostri \u00e8 perci\u00f2 la nostra [&hellip;]<\/p>\n","protected":false},"author":5,"featured_media":0,"parent":0,"menu_order":21,"comment_status":"closed","ping_status":"closed","template":"","meta":{"yasr_overall_rating":0,"yasr_post_is_review":"","yasr_auto_insert_disabled":"","yasr_review_type":"","footnotes":""},"class_list":["post-62456","page","type-page","status-publish","hentry"],"yoast_head":"<!-- This site is optimized with the Yoast SEO plugin v27.3 - https:\/\/yoast.com\/product\/yoast-seo-wordpress\/ -->\n<title>Security Practices | Zenkit<\/title>\n<meta name=\"description\" content=\"At Zenkit, protecting your privacy is paramount. We take great care to store your private information securely and to act in accordance with the GDPR and other data privacy regulations.\" \/>\n<meta name=\"robots\" content=\"index, follow, max-snippet:-1, max-image-preview:large, max-video-preview:-1\" \/>\n<link rel=\"canonical\" href=\"https:\/\/zenkit.com\/it\/sicurezza-zenkit\/\" \/>\n<meta property=\"og:locale\" content=\"it_IT\" \/>\n<meta property=\"og:type\" content=\"article\" \/>\n<meta property=\"og:title\" content=\"Security Practices | Zenkit\" \/>\n<meta property=\"og:description\" content=\"At Zenkit, protecting your privacy is paramount. We take great care to store your private information securely and to act in accordance with the GDPR and other data privacy regulations.\" \/>\n<meta property=\"og:url\" content=\"https:\/\/zenkit.com\/it\/sicurezza-zenkit\/\" \/>\n<meta property=\"og:site_name\" content=\"Zenkit\" \/>\n<meta property=\"article:publisher\" content=\"https:\/\/www.facebook.com\/ZenkitHQ\" \/>\n<meta property=\"article:modified_time\" content=\"2025-11-04T05:53:11+00:00\" \/>\n<meta property=\"og:image\" content=\"https:\/\/zenkit.com\/wp-content\/uploads\/2021\/02\/app-security.gif\" \/>\n\t<meta property=\"og:image:width\" content=\"500\" \/>\n\t<meta property=\"og:image:height\" content=\"296\" \/>\n\t<meta property=\"og:image:type\" content=\"image\/gif\" \/>\n<meta name=\"twitter:card\" content=\"summary_large_image\" \/>\n<meta name=\"twitter:site\" content=\"@ZenkitHQ\" \/>\n<meta name=\"twitter:label1\" content=\"Tempo di lettura stimato\" \/>\n\t<meta name=\"twitter:data1\" content=\"54 minuti\" \/>\n<script type=\"application\/ld+json\" class=\"yoast-schema-graph\">{\"@context\":\"https:\\\/\\\/schema.org\",\"@graph\":[{\"@type\":\"WebPage\",\"@id\":\"https:\\\/\\\/zenkit.com\\\/it\\\/sicurezza-zenkit\\\/\",\"url\":\"https:\\\/\\\/zenkit.com\\\/it\\\/sicurezza-zenkit\\\/\",\"name\":\"Security Practices | Zenkit\",\"isPartOf\":{\"@id\":\"https:\\\/\\\/zenkit.com\\\/it\\\/#website\"},\"primaryImageOfPage\":{\"@id\":\"https:\\\/\\\/zenkit.com\\\/it\\\/sicurezza-zenkit\\\/#primaryimage\"},\"image\":{\"@id\":\"https:\\\/\\\/zenkit.com\\\/it\\\/sicurezza-zenkit\\\/#primaryimage\"},\"thumbnailUrl\":\"https:\\\/\\\/zenkit.com\\\/wp-content\\\/uploads\\\/2021\\\/02\\\/app-security.gif\",\"datePublished\":\"2019-03-20T08:14:44+00:00\",\"dateModified\":\"2025-11-04T05:53:11+00:00\",\"description\":\"At Zenkit, protecting your privacy is paramount. We take great care to store your private information securely and to act in accordance with the GDPR and other data privacy regulations.\",\"breadcrumb\":{\"@id\":\"https:\\\/\\\/zenkit.com\\\/it\\\/sicurezza-zenkit\\\/#breadcrumb\"},\"inLanguage\":\"it-IT\",\"potentialAction\":[{\"@type\":\"ReadAction\",\"target\":[\"https:\\\/\\\/zenkit.com\\\/it\\\/sicurezza-zenkit\\\/\"]}]},{\"@type\":\"ImageObject\",\"inLanguage\":\"it-IT\",\"@id\":\"https:\\\/\\\/zenkit.com\\\/it\\\/sicurezza-zenkit\\\/#primaryimage\",\"url\":\"https:\\\/\\\/zenkit.com\\\/wp-content\\\/uploads\\\/2021\\\/02\\\/app-security.gif\",\"contentUrl\":\"https:\\\/\\\/zenkit.com\\\/wp-content\\\/uploads\\\/2021\\\/02\\\/app-security.gif\"},{\"@type\":\"BreadcrumbList\",\"@id\":\"https:\\\/\\\/zenkit.com\\\/it\\\/sicurezza-zenkit\\\/#breadcrumb\",\"itemListElement\":[{\"@type\":\"ListItem\",\"position\":1,\"name\":\"Home\",\"item\":\"https:\\\/\\\/zenkit.com\\\/it\\\/\"},{\"@type\":\"ListItem\",\"position\":2,\"name\":\"Security Practices\"}]},{\"@type\":\"WebSite\",\"@id\":\"https:\\\/\\\/zenkit.com\\\/it\\\/#website\",\"url\":\"https:\\\/\\\/zenkit.com\\\/it\\\/\",\"name\":\"Zenkit\",\"description\":\"Zenkit Tagline\",\"potentialAction\":[{\"@type\":\"SearchAction\",\"target\":{\"@type\":\"EntryPoint\",\"urlTemplate\":\"https:\\\/\\\/zenkit.com\\\/it\\\/?s={search_term_string}\"},\"query-input\":{\"@type\":\"PropertyValueSpecification\",\"valueRequired\":true,\"valueName\":\"search_term_string\"}}],\"inLanguage\":\"it-IT\"},false]}<\/script>\n<!-- \/ Yoast SEO plugin. -->","yoast_head_json":{"title":"Security Practices | Zenkit","description":"At Zenkit, protecting your privacy is paramount. We take great care to store your private information securely and to act in accordance with the GDPR and other data privacy regulations.","robots":{"index":"index","follow":"follow","max-snippet":"max-snippet:-1","max-image-preview":"max-image-preview:large","max-video-preview":"max-video-preview:-1"},"canonical":"https:\/\/zenkit.com\/it\/sicurezza-zenkit\/","og_locale":"it_IT","og_type":"article","og_title":"Security Practices | Zenkit","og_description":"At Zenkit, protecting your privacy is paramount. We take great care to store your private information securely and to act in accordance with the GDPR and other data privacy regulations.","og_url":"https:\/\/zenkit.com\/it\/sicurezza-zenkit\/","og_site_name":"Zenkit","article_publisher":"https:\/\/www.facebook.com\/ZenkitHQ","article_modified_time":"2025-11-04T05:53:11+00:00","og_image":[{"width":500,"height":296,"url":"https:\/\/zenkit.com\/wp-content\/uploads\/2021\/02\/app-security.gif","type":"image\/gif"}],"twitter_card":"summary_large_image","twitter_site":"@ZenkitHQ","twitter_misc":{"Tempo di lettura stimato":"54 minuti"},"schema":{"@context":"https:\/\/schema.org","@graph":[{"@type":"WebPage","@id":"https:\/\/zenkit.com\/it\/sicurezza-zenkit\/","url":"https:\/\/zenkit.com\/it\/sicurezza-zenkit\/","name":"Security Practices | Zenkit","isPartOf":{"@id":"https:\/\/zenkit.com\/it\/#website"},"primaryImageOfPage":{"@id":"https:\/\/zenkit.com\/it\/sicurezza-zenkit\/#primaryimage"},"image":{"@id":"https:\/\/zenkit.com\/it\/sicurezza-zenkit\/#primaryimage"},"thumbnailUrl":"https:\/\/zenkit.com\/wp-content\/uploads\/2021\/02\/app-security.gif","datePublished":"2019-03-20T08:14:44+00:00","dateModified":"2025-11-04T05:53:11+00:00","description":"At Zenkit, protecting your privacy is paramount. We take great care to store your private information securely and to act in accordance with the GDPR and other data privacy regulations.","breadcrumb":{"@id":"https:\/\/zenkit.com\/it\/sicurezza-zenkit\/#breadcrumb"},"inLanguage":"it-IT","potentialAction":[{"@type":"ReadAction","target":["https:\/\/zenkit.com\/it\/sicurezza-zenkit\/"]}]},{"@type":"ImageObject","inLanguage":"it-IT","@id":"https:\/\/zenkit.com\/it\/sicurezza-zenkit\/#primaryimage","url":"https:\/\/zenkit.com\/wp-content\/uploads\/2021\/02\/app-security.gif","contentUrl":"https:\/\/zenkit.com\/wp-content\/uploads\/2021\/02\/app-security.gif"},{"@type":"BreadcrumbList","@id":"https:\/\/zenkit.com\/it\/sicurezza-zenkit\/#breadcrumb","itemListElement":[{"@type":"ListItem","position":1,"name":"Home","item":"https:\/\/zenkit.com\/it\/"},{"@type":"ListItem","position":2,"name":"Security Practices"}]},{"@type":"WebSite","@id":"https:\/\/zenkit.com\/it\/#website","url":"https:\/\/zenkit.com\/it\/","name":"Zenkit","description":"Zenkit Tagline","potentialAction":[{"@type":"SearchAction","target":{"@type":"EntryPoint","urlTemplate":"https:\/\/zenkit.com\/it\/?s={search_term_string}"},"query-input":{"@type":"PropertyValueSpecification","valueRequired":true,"valueName":"search_term_string"}}],"inLanguage":"it-IT"},false]}},"yasr_visitor_votes":{"stars_attributes":{"read_only":false,"span_bottom":false},"number_of_votes":0,"sum_votes":0},"_links":{"self":[{"href":"https:\/\/zenkit.com\/it\/wp-json\/wp\/v2\/pages\/62456","targetHints":{"allow":["GET"]}}],"collection":[{"href":"https:\/\/zenkit.com\/it\/wp-json\/wp\/v2\/pages"}],"about":[{"href":"https:\/\/zenkit.com\/it\/wp-json\/wp\/v2\/types\/page"}],"author":[{"embeddable":true,"href":"https:\/\/zenkit.com\/it\/wp-json\/wp\/v2\/users\/5"}],"replies":[{"embeddable":true,"href":"https:\/\/zenkit.com\/it\/wp-json\/wp\/v2\/comments?post=62456"}],"version-history":[{"count":5,"href":"https:\/\/zenkit.com\/it\/wp-json\/wp\/v2\/pages\/62456\/revisions"}],"predecessor-version":[{"id":173557,"href":"https:\/\/zenkit.com\/it\/wp-json\/wp\/v2\/pages\/62456\/revisions\/173557"}],"wp:attachment":[{"href":"https:\/\/zenkit.com\/it\/wp-json\/wp\/v2\/media?parent=62456"}],"curies":[{"name":"wp","href":"https:\/\/api.w.org\/{rel}","templated":true}]}}