{"id":639,"date":"2018-04-22T01:02:07","date_gmt":"2018-04-21T23:02:07","guid":{"rendered":"https:\/\/zenkit.comabout-us\/"},"modified":"2025-07-31T10:44:08","modified_gmt":"2025-07-31T08:44:08","slug":"chi-siamo","status":"publish","type":"page","link":"https:\/\/zenkit.com\/it\/chi-siamo\/","title":{"rendered":"Chi siamo"},"content":{"rendered":"\n<div class=\"wp-block-group page__header has-global-padding is-layout-constrained wp-block-group-is-layout-constrained\">\n<div class=\"wp-block-group width--950 has-global-padding is-layout-constrained wp-block-group-is-layout-constrained\">\n<div style=\"height:45px;--tablet-height:45px;--mobile-height:16px\" class=\"wp-block-lookeen-blocks-responsive-spacer\"><\/div>\n\n\n\n<div class=\"wp-block-group has-global-padding is-layout-constrained wp-block-group-is-layout-constrained\">\n<h1 class=\"wp-block-heading has-text-align-center\" style=\"margin-bottom:8px\">Il nostro Viaggio<\/h1>\n<\/div>\n\n\n\n<div class=\"wp-block-group has-global-padding is-layout-constrained wp-block-group-is-layout-constrained\">\n<p class=\"has-text-align-center subheading\">Diamo uno sguardo al lontano futuro: come potrebbero essere le tecnologie dell&#8217;informazione di domani?<\/p>\n<\/div>\n\n\n\n<div style=\"height:48px;--tablet-height:36px;--mobile-height:24px\" class=\"wp-block-lookeen-blocks-responsive-spacer\"><\/div>\n\n\n\n<div class=\"wp-block-group has-global-padding is-layout-constrained wp-block-group-is-layout-constrained\" style=\"margin-bottom:8px\">\n<p class=\"has-text-align-center\">Se pensi al futuro..non un futuro troppo vicino, tra 5 o 10 anni, ma tra 200, 500, come sar\u00e0 diventata la tecnologia dell\u2019informazione? Gi\u00e0.. nessuno pu\u00f2 saperlo. Che domanda sciocca!<\/p>\n<\/div>\n<\/div>\n\n\n\n<div style=\"height:88px;--tablet-height:72px;--mobile-height:40px\" class=\"wp-block-lookeen-blocks-responsive-spacer\"><\/div>\n<\/div>\n\n\n\n<div class=\"wp-block-group has-global-padding is-layout-constrained wp-block-group-is-layout-constrained\">\n<figure class=\"wp-block-image size-full has-custom-border\"><img loading=\"lazy\" decoding=\"async\" width=\"2500\" height=\"463\" src=\"https:\/\/zenkit.com\/wp-content\/uploads\/2018\/05\/Zenkit-Plane-Drawing.png\" alt=\"Zenkit Flugzeugzeichnung\" class=\"wp-image-3844\" style=\"border-radius:20px;object-fit:cover\" srcset=\"https:\/\/zenkit.com\/wp-content\/uploads\/2018\/05\/Zenkit-Plane-Drawing.png 2500w, https:\/\/zenkit.com\/wp-content\/uploads\/2018\/05\/Zenkit-Plane-Drawing-300x56.png 300w, https:\/\/zenkit.com\/wp-content\/uploads\/2018\/05\/Zenkit-Plane-Drawing-768x142.png 768w, https:\/\/zenkit.com\/wp-content\/uploads\/2018\/05\/Zenkit-Plane-Drawing-1024x190.png 1024w\" sizes=\"auto, (max-width: 2500px) 100vw, 2500px\" \/><\/figure>\n<\/div>\n\n\n\n<div class=\"wp-block-group has-global-padding is-layout-constrained wp-block-group-is-layout-constrained\">\n<div style=\"height:88px;--tablet-height:72px;--mobile-height:40px\" class=\"wp-block-lookeen-blocks-responsive-spacer\"><\/div>\n\n\n\n<p>Per\u00f2 ci \u00e8 permesso sognare! Tutti possono usare la propria immaginazione. Quando il nostro amministratore delegato, Martin, ci pens\u00f2 per la prima volta poco pi\u00f9 che ventenne, immagin\u00f2 un sistema semplice, bello e amichevole. Uno a cui poter affidare tutta la nostra conoscenza. La gente non lo avrebbe nemmeno considerato un prodotto, ma pi\u00f9 una forza sostanziale, come l&#8217;aria, l&#8217;acqua, l&#8217;elettricit\u00e0. In futuro raggiungeremo un livello tecnologico in cui non saremo pi\u00f9 disturbati da &#8220;problemi tecnici&#8221;. Quando penseremo all\u2019informazione, saremo in uno stato di pace interiore. Proprio come l&#8217;elettricit\u00e0 \u00e8 l\u00ec, lo saranno anche i nostri dati.<\/p>\n\n\n\n<p>Passarono alcuni anni. Nel frattempo, Martin cre\u00f2 Axonic, un fornitore di software con oltre 5 milioni di utenti. Poi, nel 2014, un piccolo team di Axonic ha iniziato a trasformare l\u2019immaginazione in realt\u00e0. Inventarono Zenkit &#8211; una piattaforma per la creazione di applicazioni. L&#8217;idea era che le persone avrebbero creato le proprie applicazioni personalizzate senza bisogno di competenze avanzate di programmazione. Quasi in due 2 anni di costruzione del sistema, la piattaforma stava crescendo e diventando sempre pi\u00f9 potente. Ormai pronta per il lancio!<\/p>\n\n\n\n<p>Un giorno, per\u00f2, verso il Natale del 2015, abbiamo sentito che qualcosa non andava del tutto. La struttura era davvero buona. Era semplice, ben progettata ed era potente. Era anche divertente giocarci, ma sentivamo che c\u2019era ancora qualcosa di sbagliato. Poi ci siamo resi conto di cosa mancasse: proprio noi non lo stavamo usando, o almeno, non tutti i giorni. Cos\u00ec proprio quel giorno, abbiamo deciso che Zenkit doveva diventare qualcos&#8217;altro: un sistema che chiunque avrebbe voluto utilizzare fin dal primo momento. Un sistema che potesse diventare una parte importante della nostra vita.<\/p>\n\n\n\n<p>Quella fu la seconda nascita di Zenkit. Da quel giorno, rendere Zenkit una parte della vita di ogni giorno divenne l\u2019obbiettivo pi\u00f9 importante. Smettemmo di lavorare sull\u2019 Application Builder. Ci\u00f2 che prendemmo dalla prima versione, fu la tecnologia avanzata necessaria per costruire un sistema flessibile che avesse un impatto reale.<\/p>\n\n\n\n<p>Nell&#8217;ottobre 2016 \u00e8 stato rilasciato Zenkit. Abbiamo etichettato Zenkit come una \u201cpiattaforma per la gestione del progetto\u201d. Lo abbiamo fatto per trovare una soluzione nel panorama tecnologico di oggi. Perch\u00e9 alla fine della giornata, sei tu che devi decidere che tipo di strumenti vuoi utilizzare nel tuo business quotidiano. Ma anche adesso, all&#8217;inizio, Zenkit \u00e8 molto pi\u00f9 di questo. \u00c8 gi\u00e0 una piattaforma in cui puoi riunire aree molto diverse della tua azienda e della tua vita: clienti, documenti, fatture, funzione bugs, Leads, risorse, attivit\u00e0, eventi, biglietti. Puoi iniziare a sfruttare da subito l&#8217;enorme potenziale di sinergia tra di loro!<\/p>\n<\/div>\n\n\n\n<div style=\"height:110px;--tablet-height:60px;--mobile-height:48px\" class=\"wp-block-lookeen-blocks-responsive-spacer\"><\/div>\n","protected":false},"excerpt":{"rendered":"<p>Il nostro Viaggio Diamo uno sguardo al lontano futuro: come potrebbero essere le tecnologie dell&#8217;informazione di domani? Se pensi al futuro..non un futuro troppo vicino, tra 5 o 10 anni, ma tra 200, 500, come sar\u00e0 diventata la tecnologia dell\u2019informazione? Gi\u00e0.. nessuno pu\u00f2 saperlo. Che domanda sciocca! Per\u00f2 ci \u00e8 permesso sognare! Tutti possono usare [&hellip;]<\/p>\n","protected":false},"author":1,"featured_media":0,"parent":0,"menu_order":0,"comment_status":"closed","ping_status":"closed","template":"","meta":{"yasr_overall_rating":0,"yasr_post_is_review":"","yasr_auto_insert_disabled":"","yasr_review_type":"","footnotes":""},"class_list":["post-639","page","type-page","status-publish","hentry"],"yoast_head":"<!-- This site is optimized with the Yoast SEO plugin v27.4 - https:\/\/yoast.com\/product\/yoast-seo-wordpress\/ -->\n<title>Chi siamo | Zenkit<\/title>\n<meta name=\"description\" content=\"Zenkit \u00e8 lo strumento per la gestione del progetto che cresce con te. Scopri tutto riguardo il perch\u00e9 abbiamo creato Zenkit e dove vogliamo crescere. Rendi il tuo futuro pi\u00f9 Zen.\" \/>\n<meta name=\"robots\" content=\"index, follow, max-snippet:-1, max-image-preview:large, max-video-preview:-1\" \/>\n<link rel=\"canonical\" href=\"https:\/\/zenkit.com\/it\/chi-siamo\/\" \/>\n<meta property=\"og:locale\" content=\"it_IT\" \/>\n<meta property=\"og:type\" content=\"article\" \/>\n<meta property=\"og:title\" content=\"Chi siamo | Zenkit\" \/>\n<meta property=\"og:description\" content=\"Zenkit \u00e8 lo strumento per la gestione del progetto che cresce con te. Scopri tutto riguardo il perch\u00e9 abbiamo creato Zenkit e dove vogliamo crescere. Rendi il tuo futuro pi\u00f9 Zen.\" \/>\n<meta property=\"og:url\" content=\"https:\/\/zenkit.com\/it\/chi-siamo\/\" \/>\n<meta property=\"og:site_name\" content=\"Zenkit\" \/>\n<meta property=\"article:publisher\" content=\"https:\/\/www.facebook.com\/ZenkitHQ\" \/>\n<meta property=\"article:modified_time\" content=\"2025-07-31T08:44:08+00:00\" \/>\n<meta property=\"og:image\" content=\"https:\/\/zenkit.com\/wp-content\/uploads\/2018\/05\/Zenkit-Plane-Drawing.png\" \/>\n<meta name=\"twitter:card\" content=\"summary_large_image\" \/>\n<meta name=\"twitter:site\" content=\"@ZenkitHQ\" \/>\n<meta name=\"twitter:label1\" content=\"Tempo di lettura stimato\" \/>\n\t<meta name=\"twitter:data1\" content=\"2 minuti\" \/>\n<script type=\"application\/ld+json\" class=\"yoast-schema-graph\">{\"@context\":\"https:\\\/\\\/schema.org\",\"@graph\":[{\"@type\":\"WebPage\",\"@id\":\"https:\\\/\\\/zenkit.com\\\/it\\\/chi-siamo\\\/\",\"url\":\"https:\\\/\\\/zenkit.com\\\/it\\\/chi-siamo\\\/\",\"name\":\"Chi siamo | Zenkit\",\"isPartOf\":{\"@id\":\"https:\\\/\\\/zenkit.com\\\/it\\\/#website\"},\"primaryImageOfPage\":{\"@id\":\"https:\\\/\\\/zenkit.com\\\/it\\\/chi-siamo\\\/#primaryimage\"},\"image\":{\"@id\":\"https:\\\/\\\/zenkit.com\\\/it\\\/chi-siamo\\\/#primaryimage\"},\"thumbnailUrl\":\"https:\\\/\\\/zenkit.com\\\/wp-content\\\/uploads\\\/2018\\\/05\\\/Zenkit-Plane-Drawing.png\",\"datePublished\":\"2018-04-21T23:02:07+00:00\",\"dateModified\":\"2025-07-31T08:44:08+00:00\",\"description\":\"Zenkit \u00e8 lo strumento per la gestione del progetto che cresce con te. Scopri tutto riguardo il perch\u00e9 abbiamo creato Zenkit e dove vogliamo crescere. Rendi il tuo futuro pi\u00f9 Zen.\",\"breadcrumb\":{\"@id\":\"https:\\\/\\\/zenkit.com\\\/it\\\/chi-siamo\\\/#breadcrumb\"},\"inLanguage\":\"it-IT\",\"potentialAction\":[{\"@type\":\"ReadAction\",\"target\":[\"https:\\\/\\\/zenkit.com\\\/it\\\/chi-siamo\\\/\"]}]},{\"@type\":\"ImageObject\",\"inLanguage\":\"it-IT\",\"@id\":\"https:\\\/\\\/zenkit.com\\\/it\\\/chi-siamo\\\/#primaryimage\",\"url\":\"https:\\\/\\\/zenkit.com\\\/wp-content\\\/uploads\\\/2018\\\/05\\\/Zenkit-Plane-Drawing.png\",\"contentUrl\":\"https:\\\/\\\/zenkit.com\\\/wp-content\\\/uploads\\\/2018\\\/05\\\/Zenkit-Plane-Drawing.png\"},{\"@type\":\"BreadcrumbList\",\"@id\":\"https:\\\/\\\/zenkit.com\\\/it\\\/chi-siamo\\\/#breadcrumb\",\"itemListElement\":[{\"@type\":\"ListItem\",\"position\":1,\"name\":\"Home\",\"item\":\"https:\\\/\\\/zenkit.com\\\/it\\\/\"},{\"@type\":\"ListItem\",\"position\":2,\"name\":\"Chi siamo\"}]},{\"@type\":\"WebSite\",\"@id\":\"https:\\\/\\\/zenkit.com\\\/it\\\/#website\",\"url\":\"https:\\\/\\\/zenkit.com\\\/it\\\/\",\"name\":\"Zenkit\",\"description\":\"Zenkit Tagline\",\"potentialAction\":[{\"@type\":\"SearchAction\",\"target\":{\"@type\":\"EntryPoint\",\"urlTemplate\":\"https:\\\/\\\/zenkit.com\\\/it\\\/?s={search_term_string}\"},\"query-input\":{\"@type\":\"PropertyValueSpecification\",\"valueRequired\":true,\"valueName\":\"search_term_string\"}}],\"inLanguage\":\"it-IT\"},false]}<\/script>\n<!-- \/ Yoast SEO plugin. -->","yoast_head_json":{"title":"Chi siamo | Zenkit","description":"Zenkit \u00e8 lo strumento per la gestione del progetto che cresce con te. Scopri tutto riguardo il perch\u00e9 abbiamo creato Zenkit e dove vogliamo crescere. Rendi il tuo futuro pi\u00f9 Zen.","robots":{"index":"index","follow":"follow","max-snippet":"max-snippet:-1","max-image-preview":"max-image-preview:large","max-video-preview":"max-video-preview:-1"},"canonical":"https:\/\/zenkit.com\/it\/chi-siamo\/","og_locale":"it_IT","og_type":"article","og_title":"Chi siamo | Zenkit","og_description":"Zenkit \u00e8 lo strumento per la gestione del progetto che cresce con te. Scopri tutto riguardo il perch\u00e9 abbiamo creato Zenkit e dove vogliamo crescere. Rendi il tuo futuro pi\u00f9 Zen.","og_url":"https:\/\/zenkit.com\/it\/chi-siamo\/","og_site_name":"Zenkit","article_publisher":"https:\/\/www.facebook.com\/ZenkitHQ","article_modified_time":"2025-07-31T08:44:08+00:00","og_image":[{"url":"https:\/\/zenkit.com\/wp-content\/uploads\/2018\/05\/Zenkit-Plane-Drawing.png","type":"","width":"","height":""}],"twitter_card":"summary_large_image","twitter_site":"@ZenkitHQ","twitter_misc":{"Tempo di lettura stimato":"2 minuti"},"schema":{"@context":"https:\/\/schema.org","@graph":[{"@type":"WebPage","@id":"https:\/\/zenkit.com\/it\/chi-siamo\/","url":"https:\/\/zenkit.com\/it\/chi-siamo\/","name":"Chi siamo | Zenkit","isPartOf":{"@id":"https:\/\/zenkit.com\/it\/#website"},"primaryImageOfPage":{"@id":"https:\/\/zenkit.com\/it\/chi-siamo\/#primaryimage"},"image":{"@id":"https:\/\/zenkit.com\/it\/chi-siamo\/#primaryimage"},"thumbnailUrl":"https:\/\/zenkit.com\/wp-content\/uploads\/2018\/05\/Zenkit-Plane-Drawing.png","datePublished":"2018-04-21T23:02:07+00:00","dateModified":"2025-07-31T08:44:08+00:00","description":"Zenkit \u00e8 lo strumento per la gestione del progetto che cresce con te. Scopri tutto riguardo il perch\u00e9 abbiamo creato Zenkit e dove vogliamo crescere. Rendi il tuo futuro pi\u00f9 Zen.","breadcrumb":{"@id":"https:\/\/zenkit.com\/it\/chi-siamo\/#breadcrumb"},"inLanguage":"it-IT","potentialAction":[{"@type":"ReadAction","target":["https:\/\/zenkit.com\/it\/chi-siamo\/"]}]},{"@type":"ImageObject","inLanguage":"it-IT","@id":"https:\/\/zenkit.com\/it\/chi-siamo\/#primaryimage","url":"https:\/\/zenkit.com\/wp-content\/uploads\/2018\/05\/Zenkit-Plane-Drawing.png","contentUrl":"https:\/\/zenkit.com\/wp-content\/uploads\/2018\/05\/Zenkit-Plane-Drawing.png"},{"@type":"BreadcrumbList","@id":"https:\/\/zenkit.com\/it\/chi-siamo\/#breadcrumb","itemListElement":[{"@type":"ListItem","position":1,"name":"Home","item":"https:\/\/zenkit.com\/it\/"},{"@type":"ListItem","position":2,"name":"Chi siamo"}]},{"@type":"WebSite","@id":"https:\/\/zenkit.com\/it\/#website","url":"https:\/\/zenkit.com\/it\/","name":"Zenkit","description":"Zenkit Tagline","potentialAction":[{"@type":"SearchAction","target":{"@type":"EntryPoint","urlTemplate":"https:\/\/zenkit.com\/it\/?s={search_term_string}"},"query-input":{"@type":"PropertyValueSpecification","valueRequired":true,"valueName":"search_term_string"}}],"inLanguage":"it-IT"},false]}},"yasr_visitor_votes":{"stars_attributes":{"read_only":false,"span_bottom":false},"number_of_votes":0,"sum_votes":0},"_links":{"self":[{"href":"https:\/\/zenkit.com\/it\/wp-json\/wp\/v2\/pages\/639","targetHints":{"allow":["GET"]}}],"collection":[{"href":"https:\/\/zenkit.com\/it\/wp-json\/wp\/v2\/pages"}],"about":[{"href":"https:\/\/zenkit.com\/it\/wp-json\/wp\/v2\/types\/page"}],"author":[{"embeddable":true,"href":"https:\/\/zenkit.com\/it\/wp-json\/wp\/v2\/users\/1"}],"replies":[{"embeddable":true,"href":"https:\/\/zenkit.com\/it\/wp-json\/wp\/v2\/comments?post=639"}],"version-history":[{"count":1,"href":"https:\/\/zenkit.com\/it\/wp-json\/wp\/v2\/pages\/639\/revisions"}],"predecessor-version":[{"id":125821,"href":"https:\/\/zenkit.com\/it\/wp-json\/wp\/v2\/pages\/639\/revisions\/125821"}],"wp:attachment":[{"href":"https:\/\/zenkit.com\/it\/wp-json\/wp\/v2\/media?parent=639"}],"curies":[{"name":"wp","href":"https:\/\/api.w.org\/{rel}","templated":true}]}}