{"id":65449,"date":"2019-08-22T10:45:22","date_gmt":"2019-08-22T08:45:22","guid":{"rendered":"https:\/\/zenkit.com\/base\/integrazioni\/surveypal\/"},"modified":"2025-11-04T06:53:12","modified_gmt":"2025-11-04T05:53:12","slug":"surveypal","status":"publish","type":"page","link":"https:\/\/zenkit.com\/it\/integrazioni\/surveypal\/","title":{"rendered":"Surveypal"},"content":{"rendered":"\n<div style=\"height:45px;--tablet-height:45px;--mobile-height:16px\" class=\"wp-block-lookeen-blocks-responsive-spacer\"><\/div>\n\n\n\n<div class=\"wp-block-group has-global-padding is-layout-constrained wp-block-group-is-layout-constrained\">\n<div class=\"wp-block-columns is-layout-flex wp-container-core-columns-is-layout-467d341d wp-block-columns-is-layout-flex\" id=\"main__integrations\" style=\"margin-top:0px;margin-bottom:0px\">\n<div class=\"wp-block-column side__bar__integrations is-layout-flow wp-block-column-is-layout-flow\" style=\"flex-basis:23%\">\n<h2 class=\"wp-block-heading has-da-blue-color-new has-text-color has-link-color wp-elements-cdf7423b11a1e90612ab5e17db54bd3f\" style=\"margin-top:0px;margin-bottom:0px;font-size:16px;line-height:1.5\">Integrazioni di moduli e sondaggi<\/h2>\n\n\n<nav class=\"is-vertical integrations__menu wp-block-navigation is-layout-flex wp-container-core-navigation-is-layout-5f9f5280 wp-block-navigation-is-layout-flex\" aria-label=\"it-integrations-form-survey\"><ul class=\"wp-block-navigation__container  is-vertical integrations__menu wp-block-navigation\"><li class=\" wp-block-navigation-item wp-block-navigation-link\"><a class=\"wp-block-navigation-item__content\"  href=\"https:\/\/zenkit.com\/it\/integrazioni\/123formbuilder\/\"><span class=\"wp-block-navigation-item__label\">123FormBuilder<\/span><\/a><\/li><li class=\" wp-block-navigation-item wp-block-navigation-link\"><a class=\"wp-block-navigation-item__content\"  href=\"https:\/\/zenkit.com\/it\/integrazioni\/formkeep\/\"><span class=\"wp-block-navigation-item__label\">FormKeep<\/span><\/a><\/li><li class=\" wp-block-navigation-item wp-block-navigation-link\"><a class=\"wp-block-navigation-item__content\"  href=\"https:\/\/zenkit.com\/it\/integrazioni\/forms-on-fire\/\"><span class=\"wp-block-navigation-item__label\">Forms On Fire<\/span><\/a><\/li><li class=\" wp-block-navigation-item wp-block-navigation-link\"><a class=\"wp-block-navigation-item__content\"  href=\"https:\/\/zenkit.com\/it\/integrazioni\/paperform\/\"><span class=\"wp-block-navigation-item__label\">Paperform<\/span><\/a><\/li><li class=\" wp-block-navigation-item wp-block-navigation-link\"><a class=\"wp-block-navigation-item__content\"  href=\"https:\/\/zenkit.com\/it\/integrazioni\/powr-form-builder\/\"><span class=\"wp-block-navigation-item__label\">POWr Form Builder<\/span><\/a><\/li><li class=\" wp-block-navigation-item wp-block-navigation-link\"><a class=\"wp-block-navigation-item__content\"  href=\"https:\/\/zenkit.com\/it\/integrazioni\/surveypal\/\"><span class=\"wp-block-navigation-item__label\">Surveypal<\/span><\/a><\/li><li class=\" wp-block-navigation-item wp-block-navigation-link\"><a class=\"wp-block-navigation-item__content\"  href=\"https:\/\/zenkit.com\/it\/integrazioni\/surveysparrow\/\"><span class=\"wp-block-navigation-item__label\">SurveySparrow<\/span><\/a><\/li><li class=\" wp-block-navigation-item wp-block-navigation-link\"><a class=\"wp-block-navigation-item__content\"  href=\"https:\/\/zenkit.com\/it\/integrazioni\/zonka-feedback\/\"><span class=\"wp-block-navigation-item__label\">Zonka Feedback<\/span><\/a><\/li><\/ul><\/nav><\/div>\n\n\n\n<div class=\"wp-block-column content__integrations is-layout-flow wp-block-column-is-layout-flow\" style=\"flex-basis:77%\">\n<div class=\"wp-block-group has-global-padding is-layout-constrained wp-block-group-is-layout-constrained\">\n<div class=\"wp-block-group title is-layout-flex wp-container-core-group-is-layout-ed4b00df wp-block-group-is-layout-flex\">\n<figure class=\"wp-block-image size-full is-resized\"><img loading=\"lazy\" decoding=\"async\" width=\"400\" height=\"400\" src=\"https:\/\/zenkit.com\/wp-content\/uploads\/2025\/07\/Surveypal_logo.webp\" alt=\"\" class=\"wp-image-117957\" style=\"width:auto;height:46px\" srcset=\"https:\/\/zenkit.com\/wp-content\/uploads\/2025\/07\/Surveypal_logo.webp 400w, https:\/\/zenkit.com\/wp-content\/uploads\/2025\/07\/Surveypal_logo-300x300.webp 300w, https:\/\/zenkit.com\/wp-content\/uploads\/2025\/07\/Surveypal_logo-150x150.webp 150w\" sizes=\"auto, (max-width: 400px) 100vw, 400px\" \/><\/figure>\n\n\n\n<h1 class=\"wp-block-heading\">Surveypal &amp; Zenkit<\/h1>\n<\/div>\n\n\n\n<div class=\"wp-block-group has-global-padding is-layout-constrained wp-block-group-is-layout-constrained\">\n<p><strong>Connetti i tuoi account Zenkit e Surveypal<\/strong><\/p>\n\n\n\n<p>Rispondere al feedback dei clienti in maniera efficiente \u00e8 imperativo per il tuo business.<\/p>\n\n\n\n<p>Se stai creando sondaggi personalizzati con Surveypal per interagire con i clienti, e usi Zenkit come database per il feedback o per i contatti dei clienti, allora questa integrazione Zapier pu\u00f2 incrementare la tua produttivit\u00e0 ancora di pi\u00f9.<\/p>\n\n\n\n<p>Con l\u2019aiuto della nostra integrazione, puoi inviare facilmente le risposte dei nuovi questionari con le informazioni di contatto da Surveypal ad una collection Zenkit specifica. Invece di trasferire manualmente, questa automazione ti risparmier\u00e0 un bel po\u2019 di tempo ed energie!<\/p>\n<\/div>\n\n\n\n<div style=\"height:48px;--tablet-height:36px;--mobile-height:24px\" class=\"wp-block-lookeen-blocks-responsive-spacer\"><\/div>\n<\/div>\n\n\n\n<div class=\"wp-block-group has-global-padding is-layout-constrained wp-block-group-is-layout-constrained\">\n<figure class=\"wp-block-video\"><video controls src=\"https:\/\/zenkit.com\/wp-content\/uploads\/2019\/08\/Surveypal_Demo.mp4\"><\/video><\/figure>\n<\/div>\n\n\n\n<div style=\"height:48px;--tablet-height:36px;--mobile-height:24px\" class=\"wp-block-lookeen-blocks-responsive-spacer\"><\/div>\n\n\n\n<div class=\"wp-block-group has-global-padding is-layout-constrained wp-block-group-is-layout-constrained\">\n<h3 class=\"wp-block-heading display-h2\">Riguardo Surveypal: Facile gestione del feedback Online<\/h3>\n\n\n\n<p><a href=\"https:\/\/surveypal.com\/\">Surveypal<\/a>&nbsp;\u00e8 una piattaforma online per la gestione del feedback che aiuta da organizzazioni di medie dimensioni a grandi organizzazioni a trasformare le loro esperienze dei clienti, dipendenti e del brand. Con sondaggi brandizzati e personalizzati, ti pu\u00f2 potenziare per acquisire ad analizzare feedback da varie fonti mobili, web e social media.<\/p>\n\n\n\n<p>Surveypal pu\u00f2 essere facilmente integrato con altre applicazioni e sistemi di business includendo gestione del progetto, CRM e software d\u2019intelligence di business. Le sue integrazioni ti permettono di avviare automaticamente sondaggi, reindirizzare feedback critico alla persona giusta nel momento giusto, e gestire in maniera efficiente tutti i tuoi dati fra strumenti differenti.<\/p>\n<\/div>\n\n\n\n<div style=\"height:48px;--tablet-height:36px;--mobile-height:24px\" class=\"wp-block-lookeen-blocks-responsive-spacer\"><\/div>\n\n\n\n<div class=\"wp-block-group has-global-padding is-layout-constrained wp-block-group-is-layout-constrained\">\n<h3 class=\"wp-block-heading display-h2\">Riguardo Zenkit: Gestione del Progetto Online<\/h3>\n\n\n\n<p><a href=\"https:\/\/zenkit.com\/\">Zenkit<\/a>&nbsp;\u00e8 uno strumento collaborativo di facile utilizzo, adatto per la gestione del progetto, costruzione database, e tanto altro. Ti permette di cambiare visualizzazione (tabella, lista to-do, Kanban, calendario, and mappa mentale) con un solo click. Puoi inoltre condividere online il tuo lavoro con collections pubblicate ed incorporate, e costruire integrazioni con la nostra API documentata. Zenkit \u00e8 sufficentemente felssibile da adattarsi a qualsiasi workflow, e abbastanza potente da poter sorreggere il tuo business. Crea il tuo account gratuito:&nbsp;<a href=\"https:\/\/app.zenkit.com\/register\">https:\/\/app.zenkit.com\/register<\/a>.<\/p>\n<\/div>\n\n\n\n<div style=\"height:48px;--tablet-height:36px;--mobile-height:24px\" class=\"wp-block-lookeen-blocks-responsive-spacer\"><\/div>\n\n\n\n<div class=\"wp-block-group has-global-padding is-layout-constrained wp-block-group-is-layout-constrained\">\n<h3 class=\"wp-block-heading display-h2\">Come collegare Surveypal e Zenkit?<\/h3>\n\n\n\n<ol class=\"wp-block-list list__style__position-inside\">\n<li><a href=\"https:\/\/zapier.com\/sign-up\/\">Iscriviti\u00a0<\/a>a Zapier per ottenerne l\u2019accesso.<\/li>\n\n\n\n<li><a href=\"http:\/\/surveypal.com\/\">Crea un account<\/a>\u00a0con Surveypal.<\/li>\n\n\n\n<li>Accedi a Zapier e vai su\u00a0<a href=\"https:\/\/zapier.com\/apps\/zenkit\/integrations\/surveypal\">Zenkit + Surveypal Zapbook\u00a0<\/a>per trovare i modelli Zap.<\/li>\n\n\n\n<li>Oppure scegli di creare la tua integrazione Zenkit e Surveypal personale selezionandoli quando crei una zap.<\/li>\n<\/ol>\n<\/div>\n\n\n\n<div style=\"height:48px;--tablet-height:36px;--mobile-height:24px\" class=\"wp-block-lookeen-blocks-responsive-spacer\"><\/div>\n\n\n\n<div class=\"wp-block-group has-global-padding is-layout-constrained wp-block-group-is-layout-constrained\">\n<script type=\"text\/javascript\" src=\"https:\/\/zapier.com\/apps\/embed\/widget.js?guided_zaps=64618\"><\/script>\n<\/div>\n\n\n\n<div style=\"height:48px;--tablet-height:36px;--mobile-height:24px\" class=\"wp-block-lookeen-blocks-responsive-spacer\"><\/div>\n\n\n\n<div class=\"wp-block-group has-global-padding is-layout-constrained wp-block-group-is-layout-constrained\">\n<h3 class=\"wp-block-heading display-h2\">Chi beneficer\u00e0 da questa integrazione fra Surveypal e Zenkit?<\/h3>\n\n\n\n<ul class=\"wp-block-list list__style__position-inside\">\n<li>Proprietari di business che intendono creare un workflow automatizzato basato su approfondimenti di feedback utilizzabili.<\/li>\n\n\n\n<li>Team leader che vogliono far si che il loro team gestisca il feedback dei clienti con pi\u00f9 efficienza.<\/li>\n<\/ul>\n<\/div>\n\n\n\n<div style=\"height:48px;--tablet-height:36px;--mobile-height:24px\" class=\"wp-block-lookeen-blocks-responsive-spacer\"><\/div>\n\n\n\n<div class=\"wp-block-group has-global-padding is-layout-constrained wp-block-group-is-layout-constrained\">\n<h3 class=\"wp-block-heading display-h2\">Ulteriori dettagli integrazione<\/h3>\n\n\n\n<ul class=\"wp-block-list list__style__position-inside\">\n<li>Supportata da Zapier: Si prega di contattare il&nbsp;<a href=\"https:\/\/zapier.com\/help\/contact-us\/\">supporto Zapier&nbsp;<\/a>in caso si riscontrino problemi.<\/li>\n\n\n\n<li>Per ulteriori informazioni su come usare Zenkit con Zapier, si prega di leggere la nostra&nbsp;<a href=\"https:\/\/zenkit.com\/documentation#\/lists\/HJQBQ1Hw\/sections\/SJYE55zA\/entries\/BJGOKQtA?_k=hyyynn\">documentazione<\/a>.<\/li>\n<\/ul>\n<\/div>\n<\/div>\n<\/div>\n<\/div>\n\n\n\n<div style=\"height:110px;--tablet-height:60px;--mobile-height:48px\" class=\"wp-block-lookeen-blocks-responsive-spacer\"><\/div>\n","protected":false},"excerpt":{"rendered":"<p>Integrazioni di moduli e sondaggi Surveypal &amp; Zenkit Connetti i tuoi account Zenkit e Surveypal Rispondere al feedback dei clienti in maniera efficiente \u00e8 imperativo per il tuo business. Se stai creando sondaggi personalizzati con Surveypal per interagire con i clienti, e usi Zenkit come database per il feedback o per i contatti dei clienti, [&hellip;]<\/p>\n","protected":false},"author":15,"featured_media":0,"parent":127379,"menu_order":57,"comment_status":"closed","ping_status":"closed","template":"","meta":{"yasr_overall_rating":0,"yasr_post_is_review":"","yasr_auto_insert_disabled":"","yasr_review_type":"","footnotes":""},"class_list":["post-65449","page","type-page","status-publish","hentry"],"yoast_head":"<!-- This site is optimized with the Yoast SEO plugin v27.4 - https:\/\/yoast.com\/product\/yoast-seo-wordpress\/ -->\n<title>Surveypal | Zenkit<\/title>\n<meta name=\"description\" content=\"Zenkit&#039;s integration with Surveypal allows you to handle customer feedback with more efficiency. Learn how this integration can grow with you.\" \/>\n<meta name=\"robots\" content=\"index, follow, max-snippet:-1, max-image-preview:large, max-video-preview:-1\" \/>\n<link rel=\"canonical\" href=\"https:\/\/zenkit.com\/it\/integrazioni\/surveypal\/\" \/>\n<meta property=\"og:locale\" content=\"it_IT\" \/>\n<meta property=\"og:type\" content=\"article\" \/>\n<meta property=\"og:title\" content=\"Surveypal | Zenkit\" \/>\n<meta property=\"og:description\" content=\"Zenkit&#039;s integration with Surveypal allows you to handle customer feedback with more efficiency. Learn how this integration can grow with you.\" \/>\n<meta property=\"og:url\" content=\"https:\/\/zenkit.com\/it\/integrazioni\/surveypal\/\" \/>\n<meta property=\"og:site_name\" content=\"Zenkit\" \/>\n<meta property=\"article:publisher\" content=\"https:\/\/www.facebook.com\/ZenkitHQ\" \/>\n<meta property=\"article:modified_time\" content=\"2025-11-04T05:53:12+00:00\" \/>\n<meta property=\"og:image\" content=\"https:\/\/zenkit.com\/wp-content\/uploads\/2025\/07\/Surveypal_logo.webp\" \/>\n\t<meta property=\"og:image:width\" content=\"400\" \/>\n\t<meta property=\"og:image:height\" content=\"400\" \/>\n\t<meta property=\"og:image:type\" content=\"image\/webp\" \/>\n<meta name=\"twitter:card\" content=\"summary_large_image\" \/>\n<meta name=\"twitter:site\" content=\"@ZenkitHQ\" \/>\n<meta name=\"twitter:label1\" content=\"Tempo di lettura stimato\" \/>\n\t<meta name=\"twitter:data1\" content=\"17 minuti\" \/>\n<script type=\"application\/ld+json\" class=\"yoast-schema-graph\">{\"@context\":\"https:\\\/\\\/schema.org\",\"@graph\":[{\"@type\":\"WebPage\",\"@id\":\"https:\\\/\\\/zenkit.com\\\/it\\\/integrazioni\\\/surveypal\\\/\",\"url\":\"https:\\\/\\\/zenkit.com\\\/it\\\/integrazioni\\\/surveypal\\\/\",\"name\":\"Surveypal | Zenkit\",\"isPartOf\":{\"@id\":\"https:\\\/\\\/zenkit.com\\\/it\\\/#website\"},\"primaryImageOfPage\":{\"@id\":\"https:\\\/\\\/zenkit.com\\\/it\\\/integrazioni\\\/surveypal\\\/#primaryimage\"},\"image\":{\"@id\":\"https:\\\/\\\/zenkit.com\\\/it\\\/integrazioni\\\/surveypal\\\/#primaryimage\"},\"thumbnailUrl\":\"https:\\\/\\\/zenkit.com\\\/wp-content\\\/uploads\\\/2025\\\/07\\\/Surveypal_logo.webp\",\"datePublished\":\"2019-08-22T08:45:22+00:00\",\"dateModified\":\"2025-11-04T05:53:12+00:00\",\"description\":\"Zenkit's integration with Surveypal allows you to handle customer feedback with more efficiency. Learn how this integration can grow with you.\",\"breadcrumb\":{\"@id\":\"https:\\\/\\\/zenkit.com\\\/it\\\/integrazioni\\\/surveypal\\\/#breadcrumb\"},\"inLanguage\":\"it-IT\",\"potentialAction\":[{\"@type\":\"ReadAction\",\"target\":[\"https:\\\/\\\/zenkit.com\\\/it\\\/integrazioni\\\/surveypal\\\/\"]}]},{\"@type\":\"ImageObject\",\"inLanguage\":\"it-IT\",\"@id\":\"https:\\\/\\\/zenkit.com\\\/it\\\/integrazioni\\\/surveypal\\\/#primaryimage\",\"url\":\"https:\\\/\\\/zenkit.com\\\/wp-content\\\/uploads\\\/2025\\\/07\\\/Surveypal_logo.webp\",\"contentUrl\":\"https:\\\/\\\/zenkit.com\\\/wp-content\\\/uploads\\\/2025\\\/07\\\/Surveypal_logo.webp\"},{\"@type\":\"BreadcrumbList\",\"@id\":\"https:\\\/\\\/zenkit.com\\\/it\\\/integrazioni\\\/surveypal\\\/#breadcrumb\",\"itemListElement\":[{\"@type\":\"ListItem\",\"position\":1,\"name\":\"Home\",\"item\":\"https:\\\/\\\/zenkit.com\\\/it\\\/\"},{\"@type\":\"ListItem\",\"position\":2,\"name\":\"Integrazioni\",\"item\":\"https:\\\/\\\/zenkit.com\\\/it\\\/integrazioni\\\/\"},{\"@type\":\"ListItem\",\"position\":3,\"name\":\"Surveypal\"}]},{\"@type\":\"WebSite\",\"@id\":\"https:\\\/\\\/zenkit.com\\\/it\\\/#website\",\"url\":\"https:\\\/\\\/zenkit.com\\\/it\\\/\",\"name\":\"Zenkit\",\"description\":\"Zenkit Tagline\",\"potentialAction\":[{\"@type\":\"SearchAction\",\"target\":{\"@type\":\"EntryPoint\",\"urlTemplate\":\"https:\\\/\\\/zenkit.com\\\/it\\\/?s={search_term_string}\"},\"query-input\":{\"@type\":\"PropertyValueSpecification\",\"valueRequired\":true,\"valueName\":\"search_term_string\"}}],\"inLanguage\":\"it-IT\"},false]}<\/script>\n<!-- \/ Yoast SEO plugin. -->","yoast_head_json":{"title":"Surveypal | Zenkit","description":"Zenkit's integration with Surveypal allows you to handle customer feedback with more efficiency. Learn how this integration can grow with you.","robots":{"index":"index","follow":"follow","max-snippet":"max-snippet:-1","max-image-preview":"max-image-preview:large","max-video-preview":"max-video-preview:-1"},"canonical":"https:\/\/zenkit.com\/it\/integrazioni\/surveypal\/","og_locale":"it_IT","og_type":"article","og_title":"Surveypal | Zenkit","og_description":"Zenkit's integration with Surveypal allows you to handle customer feedback with more efficiency. Learn how this integration can grow with you.","og_url":"https:\/\/zenkit.com\/it\/integrazioni\/surveypal\/","og_site_name":"Zenkit","article_publisher":"https:\/\/www.facebook.com\/ZenkitHQ","article_modified_time":"2025-11-04T05:53:12+00:00","og_image":[{"width":400,"height":400,"url":"https:\/\/zenkit.com\/wp-content\/uploads\/2025\/07\/Surveypal_logo.webp","type":"image\/webp"}],"twitter_card":"summary_large_image","twitter_site":"@ZenkitHQ","twitter_misc":{"Tempo di lettura stimato":"17 minuti"},"schema":{"@context":"https:\/\/schema.org","@graph":[{"@type":"WebPage","@id":"https:\/\/zenkit.com\/it\/integrazioni\/surveypal\/","url":"https:\/\/zenkit.com\/it\/integrazioni\/surveypal\/","name":"Surveypal | Zenkit","isPartOf":{"@id":"https:\/\/zenkit.com\/it\/#website"},"primaryImageOfPage":{"@id":"https:\/\/zenkit.com\/it\/integrazioni\/surveypal\/#primaryimage"},"image":{"@id":"https:\/\/zenkit.com\/it\/integrazioni\/surveypal\/#primaryimage"},"thumbnailUrl":"https:\/\/zenkit.com\/wp-content\/uploads\/2025\/07\/Surveypal_logo.webp","datePublished":"2019-08-22T08:45:22+00:00","dateModified":"2025-11-04T05:53:12+00:00","description":"Zenkit's integration with Surveypal allows you to handle customer feedback with more efficiency. Learn how this integration can grow with you.","breadcrumb":{"@id":"https:\/\/zenkit.com\/it\/integrazioni\/surveypal\/#breadcrumb"},"inLanguage":"it-IT","potentialAction":[{"@type":"ReadAction","target":["https:\/\/zenkit.com\/it\/integrazioni\/surveypal\/"]}]},{"@type":"ImageObject","inLanguage":"it-IT","@id":"https:\/\/zenkit.com\/it\/integrazioni\/surveypal\/#primaryimage","url":"https:\/\/zenkit.com\/wp-content\/uploads\/2025\/07\/Surveypal_logo.webp","contentUrl":"https:\/\/zenkit.com\/wp-content\/uploads\/2025\/07\/Surveypal_logo.webp"},{"@type":"BreadcrumbList","@id":"https:\/\/zenkit.com\/it\/integrazioni\/surveypal\/#breadcrumb","itemListElement":[{"@type":"ListItem","position":1,"name":"Home","item":"https:\/\/zenkit.com\/it\/"},{"@type":"ListItem","position":2,"name":"Integrazioni","item":"https:\/\/zenkit.com\/it\/integrazioni\/"},{"@type":"ListItem","position":3,"name":"Surveypal"}]},{"@type":"WebSite","@id":"https:\/\/zenkit.com\/it\/#website","url":"https:\/\/zenkit.com\/it\/","name":"Zenkit","description":"Zenkit Tagline","potentialAction":[{"@type":"SearchAction","target":{"@type":"EntryPoint","urlTemplate":"https:\/\/zenkit.com\/it\/?s={search_term_string}"},"query-input":{"@type":"PropertyValueSpecification","valueRequired":true,"valueName":"search_term_string"}}],"inLanguage":"it-IT"},false]}},"yasr_visitor_votes":{"stars_attributes":{"read_only":false,"span_bottom":false},"number_of_votes":0,"sum_votes":0},"_links":{"self":[{"href":"https:\/\/zenkit.com\/it\/wp-json\/wp\/v2\/pages\/65449","targetHints":{"allow":["GET"]}}],"collection":[{"href":"https:\/\/zenkit.com\/it\/wp-json\/wp\/v2\/pages"}],"about":[{"href":"https:\/\/zenkit.com\/it\/wp-json\/wp\/v2\/types\/page"}],"author":[{"embeddable":true,"href":"https:\/\/zenkit.com\/it\/wp-json\/wp\/v2\/users\/15"}],"replies":[{"embeddable":true,"href":"https:\/\/zenkit.com\/it\/wp-json\/wp\/v2\/comments?post=65449"}],"version-history":[{"count":3,"href":"https:\/\/zenkit.com\/it\/wp-json\/wp\/v2\/pages\/65449\/revisions"}],"predecessor-version":[{"id":173546,"href":"https:\/\/zenkit.com\/it\/wp-json\/wp\/v2\/pages\/65449\/revisions\/173546"}],"up":[{"embeddable":true,"href":"https:\/\/zenkit.com\/it\/wp-json\/wp\/v2\/pages\/127379"}],"wp:attachment":[{"href":"https:\/\/zenkit.com\/it\/wp-json\/wp\/v2\/media?parent=65449"}],"curies":[{"name":"wp","href":"https:\/\/api.w.org\/{rel}","templated":true}]}}