{"id":72958,"date":"2021-08-19T16:13:57","date_gmt":"2021-08-19T14:13:57","guid":{"rendered":"https:\/\/zenkit.com\/kit-pubblicazioni\/hypernotes-press-release\/"},"modified":"2025-09-05T02:17:14","modified_gmt":"2025-09-05T00:17:14","slug":"hypernotes-press-release","status":"publish","type":"page","link":"https:\/\/zenkit.com\/it\/kit-pubblicazioni\/hypernotes-press-release\/","title":{"rendered":"Hypernotes Press Release"},"content":{"rendered":"\n<div class=\"wp-block-group has-global-padding is-layout-constrained wp-block-group-is-layout-constrained\">\n<div class=\"wp-block-group width--950 has-global-padding is-layout-constrained wp-block-group-is-layout-constrained\">\n<div style=\"height:45px;--tablet-height:45px;--mobile-height:16px\" class=\"wp-block-lookeen-blocks-responsive-spacer\"><\/div>\n\n\n\n<div class=\"wp-block-group has-global-padding is-layout-constrained wp-block-group-is-layout-constrained\">\n<h1 class=\"wp-block-heading has-text-align-center\" style=\"margin-bottom:8px\">Hypernotes risponde all&#8217;esigenza di una gestione intuitiva della conoscenza nei team distribuiti<\/h1>\n<\/div>\n\n\n\n<div class=\"wp-block-group has-global-padding is-layout-constrained wp-block-group-is-layout-constrained\">\n<p class=\"has-text-align-center subheading\">La suite di produttivit\u00e0 Zenkit d\u00e0 il benvenuto a Hypernotes, creato per incrementare la gestione della conoscenza collaborativa e la condivisione delle idee<\/p>\n<\/div>\n\n\n\n<div style=\"height:48px;--tablet-height:36px;--mobile-height:24px\" class=\"wp-block-lookeen-blocks-responsive-spacer\"><\/div>\n\n\n\n<div class=\"wp-block-group has-global-padding is-layout-constrained wp-block-group-is-layout-constrained\">\n<p class=\"has-text-align-center press__headline has-text-color has-link-color wp-elements-39191c54902de3204ba4b85b7096e714\" style=\"color:#939393;font-size:24px;font-style:normal;font-weight:700;line-height:1.5\">11 marzo 2021 \u2013 Karlsruhe, Germania<\/p>\n<\/div>\n<\/div>\n\n\n\n<div style=\"height:88px;--tablet-height:72px;--mobile-height:40px\" class=\"wp-block-lookeen-blocks-responsive-spacer\"><\/div>\n<\/div>\n\n\n\n<div class=\"wp-block-group has-global-padding is-layout-constrained wp-block-group-is-layout-constrained\">\n<div class=\"wp-block-columns is-layout-flex wp-container-core-columns-is-layout-b8d659ec wp-block-columns-is-layout-flex\">\n<div class=\"wp-block-column is-layout-flow wp-block-column-is-layout-flow\">\n<p class=\"has-da-grey-2-color has-text-color has-link-color wp-elements-5d0bc893926015505d86bf5fdd3a46b5\">il team Zenkit \u00e8 fiero di annunciare il rilascio di Hypernotes, la quarta app ad entrare a far parte della suite di produttivit\u00e0 Zenkit. Hypernotes \u00e8 un\u2019app per la gestione della conoscenza del team che permette di prendere appunti in maniera collaborativa, la delineazione e il collegamento intuitivo di idee. Hypernotes sar\u00e0 disponibile su tutti gli app store e come app desktop.&nbsp;<\/p>\n\n\n\n<p class=\"has-da-grey-2-color has-text-color has-link-color wp-elements-33ee0ef438180dce45d4215f14e3e685\">La necessit\u00e0 di una condivisione delle conoscenze efficace ed a lungo termine \u00e8 sempre stata chiara e recenti studi hanno dato un prezzo al suo impatto sui profitti di un\u2019azienda. Secondo il&nbsp;<a href=\"https:\/\/www.panopto.com\/resource\/valuing-workplace-knowledge\/\">Panopto Workplace Knowledge and Productivity Report<\/a>&nbsp;2018, \u201cla grande azienda americana media perde 47 milioni di dollari di produttivit\u00e0 ogni anno come risultato diretto di una condivisione inefficiente delle conoscenze\u201d. \u201cIl 42% della conoscenza istituzionale \u00e8 unico per l\u2019individuo\u201d, il che significa che il turnover dei dipendenti o l\u2019indisponibilit\u00e0 temporanea si traduce direttamente in una perdita del 42% della capacit\u00e0 di svolgere il proprio lavoro particolare.<\/p>\n<\/div>\n\n\n\n<div class=\"wp-block-column is-layout-flow wp-block-column-is-layout-flow\">\n<p class=\"has-da-grey-1-color has-text-color has-link-color wp-elements-583072fa0fadab1d1d5d02ed44609af1\">Man mano che pi\u00f9 team si spostano verso un modello di lavoro distribuito, diventa ancora pi\u00f9 importante raccogliere tutte le conoscenze aziendali in un unico posto. Martin Welker, CEO di Zenkit, afferma: \u201cL\u2019aggiunta di Hypernotes alla suite Zenkit mira a soddisfare l\u2019esigenza di essere in grado di riunire efficacemente le conoscenze di tutti i membri dell\u2019azienda in una preziosa risorsa condivisa. Hypernotes aiuta le persone a documentare e organizzare intuitivamente le proprie idee, ricerche e conoscenze, a stabilire connessioni con concetti correlati e, in definitiva, consente ai team di raggiungere i propri obiettivi in \u200b\u200bmodo pi\u00f9 rapido e coerente.<\/p>\n\n\n\n<p class=\"has-da-grey-1-color has-text-color has-link-color wp-elements-138581c5d7f35fd48c7704f4aaa45574\">\u201cIl nostro obiettivo \u00e8 che Hypernotes aumenti il \u200b\u200brapporto \u201clettura:scrittura\u201d nella documentazione organizzativa, per garantire che le persone leggano effettivamente ci\u00f2 che \u00e8 stato scritto. Ci\u00f2 si ottiene attraverso una struttura ed un riferimento efficaci, che consentono agli utenti di navigare rapidamente verso informazioni importanti. Vogliamo che Hypernotes ti aiuti a rendere la tua organizzazione a prova di futuro\u201d.<\/p>\n<\/div>\n<\/div>\n\n\n\n<div style=\"height:88px;--tablet-height:72px;--mobile-height:40px\" class=\"wp-block-lookeen-blocks-responsive-spacer\"><\/div>\n<\/div>\n\n\n\n<div class=\"wp-block-group has-global-padding is-layout-constrained wp-block-group-is-layout-constrained\">\n<div style=\"height:45px;--tablet-height:45px;--mobile-height:16px\" class=\"wp-block-lookeen-blocks-responsive-spacer\"><\/div>\n\n\n\n<h2 class=\"wp-block-heading has-text-align-center\" style=\"margin-bottom:0px\">Hypernotes raggiunge questo ambizioso obiettivo con una serie di funzionalit\u00e0 che negli ultimi anni sono diventate il gold standard per la gestione delle conoscenze personali e organizzative:<\/h2>\n\n\n\n<div style=\"height:48px;--tablet-height:36px;--mobile-height:24px\" class=\"wp-block-lookeen-blocks-responsive-spacer\"><\/div>\n\n\n\n<div class=\"wp-block-group has-global-padding is-layout-constrained wp-block-group-is-layout-constrained\">\n<div class=\"wp-block-columns is-layout-flex wp-container-core-columns-is-layout-28f84493 wp-block-columns-is-layout-flex\">\n<div class=\"wp-block-column is-layout-flow wp-block-column-is-layout-flow\">\n<ul class=\"wp-block-list list__with-checkmark-blue-and-underline\">\n<li>Collegamento bi-direzionale tra appunti correlati,<\/li>\n\n\n\n<li>Delineazione di grandi argomenti in sub-argomenti pi\u00f9 piccoli,<\/li>\n\n\n\n<li>Suggerimenti automatici per collegare appunti correlati ma non ancora collegati,<\/li>\n\n\n\n<li>Incorporazione di blocchi di testo per ridurre contenuto doppio,<\/li>\n<\/ul>\n<\/div>\n\n\n\n<div class=\"wp-block-column is-layout-flow wp-block-column-is-layout-flow\">\n<ul class=\"wp-block-list list__with-checkmark-blue-and-underline\">\n<li>Grafici di conoscenza per una migliore scoperta,<\/li>\n\n\n\n<li>App mobili su tutte le piattaforme ed accesso offline,<\/li>\n\n\n\n<li>Estensiva collaborazione a livello di task, appunti e quaderno.<\/li>\n<\/ul>\n<\/div>\n<\/div>\n<\/div>\n\n\n\n<div style=\"height:88px;--tablet-height:72px;--mobile-height:40px\" class=\"wp-block-lookeen-blocks-responsive-spacer\"><\/div>\n<\/div>\n\n\n\n<div class=\"wp-block-group has-global-padding is-layout-constrained wp-block-group-is-layout-constrained\">\n<h2 class=\"wp-block-heading has-text-align-center\" style=\"margin-bottom:0px\">Inoltre, Hypernotes offre in modo unico:<\/h2>\n\n\n\n<div style=\"height:48px;--tablet-height:36px;--mobile-height:24px\" class=\"wp-block-lookeen-blocks-responsive-spacer\"><\/div>\n\n\n\n<div class=\"wp-block-group has-global-padding is-layout-constrained wp-block-group-is-layout-constrained\">\n<div class=\"wp-block-columns is-layout-flex wp-container-core-columns-is-layout-28f84493 wp-block-columns-is-layout-flex\">\n<div class=\"wp-block-column is-layout-flow wp-block-column-is-layout-flow\">\n<ul class=\"wp-block-list list__with-checkmark-blue-and-underline\">\n<li>Strumenti per la produttivit\u00e0 dedicati integrati nella Suite Zenkit,<\/li>\n\n\n\n<li>Conformit\u00e0 al GDPR e server basati nella UE,<\/li>\n<\/ul>\n<\/div>\n\n\n\n<div class=\"wp-block-column is-layout-flow wp-block-column-is-layout-flow\">\n<ul class=\"wp-block-list list__with-checkmark-blue-and-underline\">\n<li>Amministrazione di livello aziendale e gestione degli utenti,<\/li>\n\n\n\n<li>Monitoraggio attivit\u00e0 a livello di task, appunti e quaderno.<\/li>\n<\/ul>\n<\/div>\n<\/div>\n<\/div>\n<\/div>\n\n\n\n<div style=\"height:88px;--tablet-height:72px;--mobile-height:40px\" class=\"wp-block-lookeen-blocks-responsive-spacer\"><\/div>\n\n\n\n<div class=\"wp-block-group has-global-padding is-layout-constrained wp-container-core-group-is-layout-7cc94c3e wp-block-group-is-layout-constrained\">\n<div class=\"wp-block-group has-global-padding is-layout-constrained wp-block-group-is-layout-constrained\">\n<p class=\"has-text-align-center has-da-grey-2-color has-text-color has-link-color wp-elements-53df25432d8a93cb3b0acd2f153fcd2d\">Sebbene la gestione della conoscenza aziendale sia il caso d\u2019uso principale, ci sono molte altre aree in cui tale strumento sarebbe utile, ad esempio in progetti di ricerca individuali o di gruppo, scrittura di libri, scrittura di diari, appunti Zettelkasten, documentazione di prodotto e altro ancora.<\/p>\n\n\n\n<p class=\"has-text-align-center\">Per scoprire di pi\u00f9 riguardo Hypernotes, si prega di visitare\u00a0<a href=\"https:\/\/zenkit.com\/it\/hypernotes\/\">https:\/\/zenkit.com\/hypernotes<\/a>. Per usare l\u2019app Hypernotes, visitare:\u00a0<a href=\"https:\/\/hypernotes.zenkit.com\/\">web<\/a>\u00a0o scarica su iOS, Android, Mac, Windows o Linux dopo il lancio.<\/p>\n<\/div>\n\n\n\n<div style=\"height:88px;--tablet-height:72px;--mobile-height:40px\" class=\"wp-block-lookeen-blocks-responsive-spacer\"><\/div>\n\n\n\n<h3 class=\"wp-block-heading has-text-align-center\" style=\"margin-bottom:8px;font-style:normal;font-weight:700\">Riguardo Zenkit<\/h3>\n\n\n\n<p class=\"has-text-align-center has-da-grey-2-color has-text-color has-link-color wp-elements-2ac4a1fa5145b23b7f68df81336ef1b0\">Zenkit \u00e8 una startup formata sotto Axonic GmbH, un\u2019azienda tedesca fondata nel 2003. La piattaforma per la gestione del progetto SaaS e creazione database \u00e8 stata lanciata nell\u2019ottobre del 2016. Hypernotes, il quarto prodotto della Suite Zenkit, \u00e8 stata sviluppata e rilasciata da Zenkit.<\/p>\n<\/div>\n\n\n\n<div style=\"height:110px;--tablet-height:60px;--mobile-height:48px\" class=\"wp-block-lookeen-blocks-responsive-spacer\"><\/div>\n","protected":false},"excerpt":{"rendered":"<p>Hypernotes risponde all&#8217;esigenza di una gestione intuitiva della conoscenza nei team distribuiti La suite di produttivit\u00e0 Zenkit d\u00e0 il benvenuto a Hypernotes, creato per incrementare la gestione della conoscenza collaborativa e la condivisione delle idee 11 marzo 2021 \u2013 Karlsruhe, Germania il team Zenkit \u00e8 fiero di annunciare il rilascio di Hypernotes, la quarta app [&hellip;]<\/p>\n","protected":false},"author":30,"featured_media":0,"parent":61684,"menu_order":4,"comment_status":"closed","ping_status":"closed","template":"","meta":{"yasr_overall_rating":0,"yasr_post_is_review":"","yasr_auto_insert_disabled":"","yasr_review_type":"","footnotes":""},"class_list":["post-72958","page","type-page","status-publish","hentry"],"yoast_head":"<!-- This site is optimized with the Yoast SEO plugin v27.4 - https:\/\/yoast.com\/product\/yoast-seo-wordpress\/ -->\n<title>Hypernotes Press Release | Zenkit<\/title>\n<meta name=\"description\" content=\"Hypernotes, the team knowledge management app that enables collaborative note-taking, outlining, and the intuitive linking of ideas was released on March 11th, 2021.\" \/>\n<meta name=\"robots\" content=\"index, follow, max-snippet:-1, max-image-preview:large, max-video-preview:-1\" \/>\n<link rel=\"canonical\" href=\"https:\/\/zenkit.com\/it\/kit-pubblicazioni\/hypernotes-press-release\/\" \/>\n<meta property=\"og:locale\" content=\"it_IT\" \/>\n<meta property=\"og:type\" content=\"article\" \/>\n<meta property=\"og:title\" content=\"Hypernotes Press Release | Zenkit\" \/>\n<meta property=\"og:description\" content=\"Hypernotes, the team knowledge management app that enables collaborative note-taking, outlining, and the intuitive linking of ideas was released on March 11th, 2021.\" \/>\n<meta property=\"og:url\" content=\"https:\/\/zenkit.com\/it\/kit-pubblicazioni\/hypernotes-press-release\/\" \/>\n<meta property=\"og:site_name\" content=\"Zenkit\" \/>\n<meta property=\"article:publisher\" content=\"https:\/\/www.facebook.com\/ZenkitHQ\" \/>\n<meta property=\"article:modified_time\" content=\"2025-09-05T00:17:14+00:00\" \/>\n<meta name=\"twitter:card\" content=\"summary_large_image\" \/>\n<meta name=\"twitter:site\" content=\"@ZenkitHQ\" \/>\n<meta name=\"twitter:label1\" content=\"Tempo di lettura stimato\" \/>\n\t<meta name=\"twitter:data1\" content=\"3 minuti\" \/>\n<script type=\"application\/ld+json\" class=\"yoast-schema-graph\">{\"@context\":\"https:\\\/\\\/schema.org\",\"@graph\":[{\"@type\":\"WebPage\",\"@id\":\"https:\\\/\\\/zenkit.com\\\/it\\\/kit-pubblicazioni\\\/hypernotes-press-release\\\/\",\"url\":\"https:\\\/\\\/zenkit.com\\\/it\\\/kit-pubblicazioni\\\/hypernotes-press-release\\\/\",\"name\":\"Hypernotes Press Release | Zenkit\",\"isPartOf\":{\"@id\":\"https:\\\/\\\/zenkit.com\\\/it\\\/#website\"},\"datePublished\":\"2021-08-19T14:13:57+00:00\",\"dateModified\":\"2025-09-05T00:17:14+00:00\",\"description\":\"Hypernotes, the team knowledge management app that enables collaborative note-taking, outlining, and the intuitive linking of ideas was released on March 11th, 2021.\",\"breadcrumb\":{\"@id\":\"https:\\\/\\\/zenkit.com\\\/it\\\/kit-pubblicazioni\\\/hypernotes-press-release\\\/#breadcrumb\"},\"inLanguage\":\"it-IT\",\"potentialAction\":[{\"@type\":\"ReadAction\",\"target\":[\"https:\\\/\\\/zenkit.com\\\/it\\\/kit-pubblicazioni\\\/hypernotes-press-release\\\/\"]}]},{\"@type\":\"BreadcrumbList\",\"@id\":\"https:\\\/\\\/zenkit.com\\\/it\\\/kit-pubblicazioni\\\/hypernotes-press-release\\\/#breadcrumb\",\"itemListElement\":[{\"@type\":\"ListItem\",\"position\":1,\"name\":\"Home\",\"item\":\"https:\\\/\\\/zenkit.com\\\/it\\\/\"},{\"@type\":\"ListItem\",\"position\":2,\"name\":\"Kit pubblicazioni\",\"item\":\"https:\\\/\\\/zenkit.com\\\/it\\\/kit-pubblicazioni\\\/\"},{\"@type\":\"ListItem\",\"position\":3,\"name\":\"Hypernotes Press Release\"}]},{\"@type\":\"WebSite\",\"@id\":\"https:\\\/\\\/zenkit.com\\\/it\\\/#website\",\"url\":\"https:\\\/\\\/zenkit.com\\\/it\\\/\",\"name\":\"Zenkit\",\"description\":\"Zenkit Tagline\",\"potentialAction\":[{\"@type\":\"SearchAction\",\"target\":{\"@type\":\"EntryPoint\",\"urlTemplate\":\"https:\\\/\\\/zenkit.com\\\/it\\\/?s={search_term_string}\"},\"query-input\":{\"@type\":\"PropertyValueSpecification\",\"valueRequired\":true,\"valueName\":\"search_term_string\"}}],\"inLanguage\":\"it-IT\"},false]}<\/script>\n<!-- \/ Yoast SEO plugin. -->","yoast_head_json":{"title":"Hypernotes Press Release | Zenkit","description":"Hypernotes, the team knowledge management app that enables collaborative note-taking, outlining, and the intuitive linking of ideas was released on March 11th, 2021.","robots":{"index":"index","follow":"follow","max-snippet":"max-snippet:-1","max-image-preview":"max-image-preview:large","max-video-preview":"max-video-preview:-1"},"canonical":"https:\/\/zenkit.com\/it\/kit-pubblicazioni\/hypernotes-press-release\/","og_locale":"it_IT","og_type":"article","og_title":"Hypernotes Press Release | Zenkit","og_description":"Hypernotes, the team knowledge management app that enables collaborative note-taking, outlining, and the intuitive linking of ideas was released on March 11th, 2021.","og_url":"https:\/\/zenkit.com\/it\/kit-pubblicazioni\/hypernotes-press-release\/","og_site_name":"Zenkit","article_publisher":"https:\/\/www.facebook.com\/ZenkitHQ","article_modified_time":"2025-09-05T00:17:14+00:00","twitter_card":"summary_large_image","twitter_site":"@ZenkitHQ","twitter_misc":{"Tempo di lettura stimato":"3 minuti"},"schema":{"@context":"https:\/\/schema.org","@graph":[{"@type":"WebPage","@id":"https:\/\/zenkit.com\/it\/kit-pubblicazioni\/hypernotes-press-release\/","url":"https:\/\/zenkit.com\/it\/kit-pubblicazioni\/hypernotes-press-release\/","name":"Hypernotes Press Release | Zenkit","isPartOf":{"@id":"https:\/\/zenkit.com\/it\/#website"},"datePublished":"2021-08-19T14:13:57+00:00","dateModified":"2025-09-05T00:17:14+00:00","description":"Hypernotes, the team knowledge management app that enables collaborative note-taking, outlining, and the intuitive linking of ideas was released on March 11th, 2021.","breadcrumb":{"@id":"https:\/\/zenkit.com\/it\/kit-pubblicazioni\/hypernotes-press-release\/#breadcrumb"},"inLanguage":"it-IT","potentialAction":[{"@type":"ReadAction","target":["https:\/\/zenkit.com\/it\/kit-pubblicazioni\/hypernotes-press-release\/"]}]},{"@type":"BreadcrumbList","@id":"https:\/\/zenkit.com\/it\/kit-pubblicazioni\/hypernotes-press-release\/#breadcrumb","itemListElement":[{"@type":"ListItem","position":1,"name":"Home","item":"https:\/\/zenkit.com\/it\/"},{"@type":"ListItem","position":2,"name":"Kit pubblicazioni","item":"https:\/\/zenkit.com\/it\/kit-pubblicazioni\/"},{"@type":"ListItem","position":3,"name":"Hypernotes Press Release"}]},{"@type":"WebSite","@id":"https:\/\/zenkit.com\/it\/#website","url":"https:\/\/zenkit.com\/it\/","name":"Zenkit","description":"Zenkit Tagline","potentialAction":[{"@type":"SearchAction","target":{"@type":"EntryPoint","urlTemplate":"https:\/\/zenkit.com\/it\/?s={search_term_string}"},"query-input":{"@type":"PropertyValueSpecification","valueRequired":true,"valueName":"search_term_string"}}],"inLanguage":"it-IT"},false]}},"yasr_visitor_votes":{"stars_attributes":{"read_only":false,"span_bottom":false},"number_of_votes":0,"sum_votes":0},"_links":{"self":[{"href":"https:\/\/zenkit.com\/it\/wp-json\/wp\/v2\/pages\/72958","targetHints":{"allow":["GET"]}}],"collection":[{"href":"https:\/\/zenkit.com\/it\/wp-json\/wp\/v2\/pages"}],"about":[{"href":"https:\/\/zenkit.com\/it\/wp-json\/wp\/v2\/types\/page"}],"author":[{"embeddable":true,"href":"https:\/\/zenkit.com\/it\/wp-json\/wp\/v2\/users\/30"}],"replies":[{"embeddable":true,"href":"https:\/\/zenkit.com\/it\/wp-json\/wp\/v2\/comments?post=72958"}],"version-history":[{"count":1,"href":"https:\/\/zenkit.com\/it\/wp-json\/wp\/v2\/pages\/72958\/revisions"}],"predecessor-version":[{"id":134388,"href":"https:\/\/zenkit.com\/it\/wp-json\/wp\/v2\/pages\/72958\/revisions\/134388"}],"up":[{"embeddable":true,"href":"https:\/\/zenkit.com\/it\/wp-json\/wp\/v2\/pages\/61684"}],"wp:attachment":[{"href":"https:\/\/zenkit.com\/it\/wp-json\/wp\/v2\/media?parent=72958"}],"curies":[{"name":"wp","href":"https:\/\/api.w.org\/{rel}","templated":true}]}}