{"id":72961,"date":"2021-04-30T10:10:23","date_gmt":"2021-04-30T08:10:23","guid":{"rendered":"https:\/\/zenkit.com\/kit-pubblicazioni\/zenchat-press-release\/"},"modified":"2025-09-05T04:39:49","modified_gmt":"2025-09-05T02:39:49","slug":"zenchat-press-release","status":"publish","type":"page","link":"https:\/\/zenkit.com\/it\/kit-pubblicazioni\/zenchat-press-release\/","title":{"rendered":"Zenchat Press Release"},"content":{"rendered":"\n<div class=\"wp-block-group has-global-padding is-layout-constrained wp-block-group-is-layout-constrained\">\n<div class=\"wp-block-group width--950 has-global-padding is-layout-constrained wp-block-group-is-layout-constrained\">\n<div style=\"height:45px;--tablet-height:45px;--mobile-height:16px\" class=\"wp-block-lookeen-blocks-responsive-spacer\"><\/div>\n\n\n\n<div class=\"wp-block-group has-global-padding is-layout-constrained wp-block-group-is-layout-constrained\">\n<h1 class=\"wp-block-heading has-text-align-center\" style=\"margin-bottom:8px\">Zenchat combina perfettamente chat del team e gestione dei task<\/h1>\n<\/div>\n\n\n\n<div class=\"wp-block-group has-global-padding is-layout-constrained wp-block-group-is-layout-constrained\">\n<p class=\"has-text-align-center subheading\">Il team Zenkit lancia un\u2019app per chat con gestione dei task incorporata per permettere una collaborazione olistica nei team<\/p>\n<\/div>\n\n\n\n<div style=\"height:48px;--tablet-height:36px;--mobile-height:24px\" class=\"wp-block-lookeen-blocks-responsive-spacer\"><\/div>\n\n\n\n<div class=\"wp-block-group has-global-padding is-layout-constrained wp-block-group-is-layout-constrained\">\n<p class=\"has-text-align-center press__headline has-text-color has-link-color wp-elements-9cb989edf7cba9632c3de96cf031c848\" style=\"color:#939393;font-size:24px;font-style:normal;font-weight:700;line-height:1.5\">5 novembre 2020 \u2013 Karlsruhe, Germania<\/p>\n<\/div>\n<\/div>\n\n\n\n<div style=\"height:88px;--tablet-height:72px;--mobile-height:40px\" class=\"wp-block-lookeen-blocks-responsive-spacer\"><\/div>\n<\/div>\n\n\n\n<div class=\"wp-block-group has-global-padding is-layout-constrained wp-block-group-is-layout-constrained\">\n<div class=\"wp-block-columns is-layout-flex wp-container-core-columns-is-layout-b8d659ec wp-block-columns-is-layout-flex\">\n<div class=\"wp-block-column is-layout-flow wp-block-column-is-layout-flow\">\n<p class=\"has-da-grey-2-color has-text-color has-link-color wp-elements-1f751a1e54a5d6d6f6bc82734a612595\">Il team dietro la premiata soluzione per la gestione del progetto Zenkit rilascia Zenchat, un\u2019app di collaborazione che combina perfettamente chat e gestione dei task per un\u2019esperienza di comunicazione pi\u00f9 completa. Zenchat sar\u00e0 disponibile su tutti gli app store e come versioni desktop.<\/p>\n\n\n\n<p class=\"has-da-grey-2-color has-text-color has-link-color wp-elements-7571d9560ca2c0f77a6af237e4ed0884\">L\u2019uso delle app di chat come parte normale o addirittura necessaria del lavoro \u00e8 aumentato negli ultimi anni e il numero crescente di persone che lavorano da casa a causa del COVID ha fatto salire il loro utilizzo alle stelle solo nel 2020.<\/p>\n<\/div>\n\n\n\n<div class=\"wp-block-column is-layout-flow wp-block-column-is-layout-flow\">\n<p class=\"has-da-grey-1-color has-text-color has-link-color wp-elements-647a0f6113ed15cba49bd8168341c68a\">Secondo un\u00a0<a href=\"https:\/\/www.statista.com\/statistics\/1170480\/percentage-increase-in-enterprise-devices-with-collaboration-apps\/\">rapporto\u00a0<\/a>di Statista del settembre 2020, \u201calla fine di marzo 2020 si \u00e8 verificato un aumento di oltre il 100% del numero di dispositivi aziendali installati con app di collaborazione rispetto al livello pre-COVID e un aumento del 176% a met\u00e0 maggio 2020\u201d.<\/p>\n\n\n\n<p class=\"has-da-grey-1-color has-text-color has-link-color wp-elements-35ed44e59ec1f0f399f40dd6a41a495d\">Inoltre, il mercato globale della collaborazione online dovrebbe crescere fino a 59,86 miliardi di dollari entro il 2023, sulla base di un CAGR previsto dell\u201911,6% dal 2018 al 2023\u201d, secondo\u00a0<a href=\"https:\/\/www.marketsandmarkets.com\/PressReleases\/enterprise-collaboration.asp\">Markets &amp; Markets<\/a>.<\/p>\n\n\n\n<div class=\"wp-block-group has-background has-global-padding is-layout-constrained wp-container-core-group-is-layout-8412c99a wp-block-group-is-layout-constrained\" style=\"border-radius:20px;background-color:#efefef;margin-bottom:24px;padding-top:20px;padding-right:20px;padding-bottom:20px;padding-left:20px\">\n<p class=\"has-da-grey-1-color has-text-color has-link-color wp-elements-7100415d152d32287c863d84aa3fffca\" style=\"font-size:14px\">\u201cLa gente ama chattare. \u00c8 la natura umana. Ma le app di chat non forniscono la struttura necessaria per una produttivit\u00e0 sostenibile come fanno gli elenchi e le schede Kanban\u201d, afferma Martin Welker, CEO di Zenkit.<\/p>\n<\/div>\n<\/div>\n<\/div>\n<\/div>\n\n\n\n<div style=\"height:45px;--tablet-height:45px;--mobile-height:16px\" class=\"wp-block-lookeen-blocks-responsive-spacer\"><\/div>\n\n\n\n<figure class=\"wp-block-image aligncenter size-large is-resized border-radius--20 overflow__hidden  box__shadow\"><img loading=\"lazy\" decoding=\"async\" width=\"1024\" height=\"538\" src=\"https:\/\/zenkit.com\/wp-content\/uploads\/2021\/01\/zenchat-social-1024x538.jpg\" alt=\"zenchat social\" class=\"wp-image-55187\" style=\"width:491px;height:auto\" srcset=\"https:\/\/zenkit.com\/wp-content\/uploads\/2021\/01\/zenchat-social-1024x538.jpg 1024w, https:\/\/zenkit.com\/wp-content\/uploads\/2021\/01\/zenchat-social-300x158.jpg 300w, https:\/\/zenkit.com\/wp-content\/uploads\/2021\/01\/zenchat-social-768x403.jpg 768w, https:\/\/zenkit.com\/wp-content\/uploads\/2021\/01\/zenchat-social.jpg 1200w\" sizes=\"auto, (max-width: 1024px) 100vw, 1024px\" \/><\/figure>\n\n\n\n<div style=\"height:88px;--tablet-height:72px;--mobile-height:40px\" class=\"wp-block-lookeen-blocks-responsive-spacer\"><\/div>\n\n\n\n<div class=\"wp-block-group has-global-padding is-layout-constrained wp-block-group-is-layout-constrained\">\n<h2 class=\"wp-block-heading has-text-align-center\" style=\"margin-bottom:0px\">\u201cCon Zenchat miriamo a risolvere quel problema venendo incontro alle persone dove si trovano.\u201d<\/h2>\n\n\n\n<div style=\"height:48px;--tablet-height:36px;--mobile-height:24px\" class=\"wp-block-lookeen-blocks-responsive-spacer\"><\/div>\n\n\n\n<div class=\"wp-block-group has-global-padding is-layout-constrained wp-block-group-is-layout-constrained\">\n<div class=\"wp-block-columns is-layout-flex wp-container-core-columns-is-layout-28f84493 wp-block-columns-is-layout-flex\">\n<div class=\"wp-block-column is-layout-flow wp-block-column-is-layout-flow\">\n<ul class=\"wp-block-list list__with-checkmark-blue-and-underline\">\n<li>Zenchat \u00e8 la prima app di chat che integra perfettamente la gestione dei task nei tuoi messaggi.<\/li>\n\n\n\n<li>Trasforma velocemente qualunque messaggio in un task e assegna o modifica all\u2019interno della tua chat. Non cambiare mai pi\u00f9 app per gestione dei task di routine.<\/li>\n\n\n\n<li>Prendi l\u2019abitudine di chattare direttamente sui task in modo che le informazioni preziose rimangano al loro posto.<\/li>\n\n\n\n<li>Facoltativamente, visualizza le chat relative a tutti i task in un progetto o scegli di concentrarti solo sui tuoi task.<\/li>\n<\/ul>\n<\/div>\n\n\n\n<div class=\"wp-block-column is-layout-flow wp-block-column-is-layout-flow\">\n<ul class=\"wp-block-list list__with-checkmark-blue-and-underline\">\n<li>Facoltativamente, connettiti all\u2019universo Zenkit per vedere le tue attivit\u00e0 in visualizzazioni avanzate come Kanban, Gantt, app per liste e viceversa!<\/li>\n\n\n\n<li>Come altri prodotti Zenkit, Zenchat \u00e8 a prova di azienda: approvvigionamento SSO, SCIM, strumenti di amministrazione, gestione delle identit\u00e0 e altro.<\/li>\n\n\n\n<li>Zenchat \u00e8 un\u2019app gratuita con un piano a pagamento opzionale.<\/li>\n<\/ul>\n<\/div>\n<\/div>\n<\/div>\n\n\n\n<div style=\"height:88px;--tablet-height:72px;--mobile-height:40px\" class=\"wp-block-lookeen-blocks-responsive-spacer\"><\/div>\n\n\n\n<div class=\"wp-block-group has-global-padding is-layout-constrained wp-container-core-group-is-layout-7cc94c3e wp-block-group-is-layout-constrained\">\n<div class=\"wp-block-group has-global-padding is-layout-constrained wp-block-group-is-layout-constrained\">\n<p class=\"has-text-align-center has-da-grey-2-color has-text-color has-link-color wp-elements-63cddc8c25cb621cb1711edfd1279824\">\u201cQuindi abbiamo un catch-22: le persone non vogliono lasciare la loro chat, ma devono farlo per tenere traccia del proprio lavoro. Quando utilizzi un\u2019app esterna per gestire le attivit\u00e0, perdi tutti i preziosi commenti e feedback relativi a tale attivit\u00e0 perch\u00e9, ammettiamolo, preferiresti sempre fare una chiacchierata veloce su qualcosa piuttosto che utilizzare la funzione di commento in un\u2019app delle attivit\u00e0\u201d.<\/p>\n\n\n\n<p class=\"has-text-align-center\"><strong><strong>Per scoprire di pi\u00f9 riguardo Zenchat si prega di visitare<\/strong><\/strong><br><a href=\"https:\/\/zenkit.com\/it\/chat\/\" data-type=\"page\" data-id=\"63652\">https:\/\/zenkit.com\/chat\/<\/a><\/p>\n\n\n\n<p class=\"has-text-align-center\"><strong><strong>Per usare l\u2019app Zenchat, visitare<\/strong><\/strong><br><a href=\"https:\/\/zenkit.com\/it\/chat\/piattaforme\/\" data-type=\"page\" data-id=\"66717\">https:\/\/zenkit.com\/chat\/platforms\/<\/a><\/p>\n<\/div>\n\n\n\n<div style=\"height:88px;--tablet-height:72px;--mobile-height:40px\" class=\"wp-block-lookeen-blocks-responsive-spacer\"><\/div>\n\n\n\n<h3 class=\"wp-block-heading has-text-align-center\" style=\"margin-bottom:8px;font-style:normal;font-weight:700\"><strong>Riguardo Zenkit<\/strong><\/h3>\n\n\n\n<p class=\"has-text-align-center has-da-grey-2-color has-text-color has-link-color wp-elements-967093b18d95aabee14f4edc800be052\">Zenkit \u00e8 una startup formata sotto Axonic GmbH. La piattaforma per la gestione del progetto SaaS e creazione database \u00e8 stata lanciata nell\u2019ottobre del 2016. Zenchat, il terzo prodotto della Suite Zenkit, \u00e8 stato sviluppato e lanciato da Zenkit.<\/p>\n<\/div>\n<\/div>\n\n\n\n<div style=\"height:110px;--tablet-height:60px;--mobile-height:48px\" class=\"wp-block-lookeen-blocks-responsive-spacer\"><\/div>\n","protected":false},"excerpt":{"rendered":"<p>Zenchat combina perfettamente chat del team e gestione dei task Il team Zenkit lancia un\u2019app per chat con gestione dei task incorporata per permettere una collaborazione olistica nei team 5 novembre 2020 \u2013 Karlsruhe, Germania Il team dietro la premiata soluzione per la gestione del progetto Zenkit rilascia Zenchat, un\u2019app di collaborazione che combina perfettamente [&hellip;]<\/p>\n","protected":false},"author":30,"featured_media":0,"parent":61684,"menu_order":5,"comment_status":"closed","ping_status":"closed","template":"","meta":{"yasr_overall_rating":0,"yasr_post_is_review":"","yasr_auto_insert_disabled":"","yasr_review_type":"","footnotes":""},"class_list":["post-72961","page","type-page","status-publish","hentry"],"yoast_head":"<!-- This site is optimized with the Yoast SEO plugin v27.3 - https:\/\/yoast.com\/product\/yoast-seo-wordpress\/ -->\n<title>Zenchat Press Release | Zenkit<\/title>\n<meta name=\"robots\" content=\"index, follow, max-snippet:-1, max-image-preview:large, max-video-preview:-1\" \/>\n<link rel=\"canonical\" href=\"https:\/\/zenkit.com\/it\/kit-pubblicazioni\/zenchat-press-release\/\" \/>\n<meta property=\"og:locale\" content=\"it_IT\" \/>\n<meta property=\"og:type\" content=\"article\" \/>\n<meta property=\"og:title\" content=\"Zenchat Press Release | Zenkit\" \/>\n<meta property=\"og:description\" content=\"Zenchat combina perfettamente chat del team e gestione dei task Il team Zenkit lancia un\u2019app per chat con gestione dei task incorporata per permettere una collaborazione olistica nei team 5 novembre 2020 \u2013 Karlsruhe, Germania Il team dietro la premiata soluzione per la gestione del progetto Zenkit rilascia Zenchat, un\u2019app di collaborazione che combina perfettamente [&hellip;]\" \/>\n<meta property=\"og:url\" content=\"https:\/\/zenkit.com\/it\/kit-pubblicazioni\/zenchat-press-release\/\" \/>\n<meta property=\"og:site_name\" content=\"Zenkit\" \/>\n<meta property=\"article:publisher\" content=\"https:\/\/www.facebook.com\/ZenkitHQ\" \/>\n<meta property=\"article:modified_time\" content=\"2025-09-05T02:39:49+00:00\" \/>\n<meta property=\"og:image\" content=\"https:\/\/zenkit.com\/wp-content\/uploads\/2021\/01\/zenchat-social-1024x538.jpg\" \/>\n<meta name=\"twitter:card\" content=\"summary_large_image\" \/>\n<meta name=\"twitter:site\" content=\"@ZenkitHQ\" \/>\n<meta name=\"twitter:label1\" content=\"Tempo di lettura stimato\" \/>\n\t<meta name=\"twitter:data1\" content=\"2 minuti\" \/>\n<script type=\"application\/ld+json\" class=\"yoast-schema-graph\">{\"@context\":\"https:\\\/\\\/schema.org\",\"@graph\":[{\"@type\":\"WebPage\",\"@id\":\"https:\\\/\\\/zenkit.com\\\/it\\\/kit-pubblicazioni\\\/zenchat-press-release\\\/\",\"url\":\"https:\\\/\\\/zenkit.com\\\/it\\\/kit-pubblicazioni\\\/zenchat-press-release\\\/\",\"name\":\"Zenchat Press Release | Zenkit\",\"isPartOf\":{\"@id\":\"https:\\\/\\\/zenkit.com\\\/it\\\/#website\"},\"primaryImageOfPage\":{\"@id\":\"https:\\\/\\\/zenkit.com\\\/it\\\/kit-pubblicazioni\\\/zenchat-press-release\\\/#primaryimage\"},\"image\":{\"@id\":\"https:\\\/\\\/zenkit.com\\\/it\\\/kit-pubblicazioni\\\/zenchat-press-release\\\/#primaryimage\"},\"thumbnailUrl\":\"https:\\\/\\\/zenkit.com\\\/wp-content\\\/uploads\\\/2021\\\/01\\\/zenchat-social-1024x538.jpg\",\"datePublished\":\"2021-04-30T08:10:23+00:00\",\"dateModified\":\"2025-09-05T02:39:49+00:00\",\"breadcrumb\":{\"@id\":\"https:\\\/\\\/zenkit.com\\\/it\\\/kit-pubblicazioni\\\/zenchat-press-release\\\/#breadcrumb\"},\"inLanguage\":\"it-IT\",\"potentialAction\":[{\"@type\":\"ReadAction\",\"target\":[\"https:\\\/\\\/zenkit.com\\\/it\\\/kit-pubblicazioni\\\/zenchat-press-release\\\/\"]}]},{\"@type\":\"ImageObject\",\"inLanguage\":\"it-IT\",\"@id\":\"https:\\\/\\\/zenkit.com\\\/it\\\/kit-pubblicazioni\\\/zenchat-press-release\\\/#primaryimage\",\"url\":\"https:\\\/\\\/zenkit.com\\\/wp-content\\\/uploads\\\/2021\\\/01\\\/zenchat-social-1024x538.jpg\",\"contentUrl\":\"https:\\\/\\\/zenkit.com\\\/wp-content\\\/uploads\\\/2021\\\/01\\\/zenchat-social-1024x538.jpg\"},{\"@type\":\"BreadcrumbList\",\"@id\":\"https:\\\/\\\/zenkit.com\\\/it\\\/kit-pubblicazioni\\\/zenchat-press-release\\\/#breadcrumb\",\"itemListElement\":[{\"@type\":\"ListItem\",\"position\":1,\"name\":\"Home\",\"item\":\"https:\\\/\\\/zenkit.com\\\/it\\\/\"},{\"@type\":\"ListItem\",\"position\":2,\"name\":\"Kit pubblicazioni\",\"item\":\"https:\\\/\\\/zenkit.com\\\/it\\\/kit-pubblicazioni\\\/\"},{\"@type\":\"ListItem\",\"position\":3,\"name\":\"Zenchat Press Release\"}]},{\"@type\":\"WebSite\",\"@id\":\"https:\\\/\\\/zenkit.com\\\/it\\\/#website\",\"url\":\"https:\\\/\\\/zenkit.com\\\/it\\\/\",\"name\":\"Zenkit\",\"description\":\"Zenkit Tagline\",\"potentialAction\":[{\"@type\":\"SearchAction\",\"target\":{\"@type\":\"EntryPoint\",\"urlTemplate\":\"https:\\\/\\\/zenkit.com\\\/it\\\/?s={search_term_string}\"},\"query-input\":{\"@type\":\"PropertyValueSpecification\",\"valueRequired\":true,\"valueName\":\"search_term_string\"}}],\"inLanguage\":\"it-IT\"},false]}<\/script>\n<!-- \/ Yoast SEO plugin. -->","yoast_head_json":{"title":"Zenchat Press Release | Zenkit","robots":{"index":"index","follow":"follow","max-snippet":"max-snippet:-1","max-image-preview":"max-image-preview:large","max-video-preview":"max-video-preview:-1"},"canonical":"https:\/\/zenkit.com\/it\/kit-pubblicazioni\/zenchat-press-release\/","og_locale":"it_IT","og_type":"article","og_title":"Zenchat Press Release | Zenkit","og_description":"Zenchat combina perfettamente chat del team e gestione dei task Il team Zenkit lancia un\u2019app per chat con gestione dei task incorporata per permettere una collaborazione olistica nei team 5 novembre 2020 \u2013 Karlsruhe, Germania Il team dietro la premiata soluzione per la gestione del progetto Zenkit rilascia Zenchat, un\u2019app di collaborazione che combina perfettamente [&hellip;]","og_url":"https:\/\/zenkit.com\/it\/kit-pubblicazioni\/zenchat-press-release\/","og_site_name":"Zenkit","article_publisher":"https:\/\/www.facebook.com\/ZenkitHQ","article_modified_time":"2025-09-05T02:39:49+00:00","og_image":[{"url":"https:\/\/zenkit.com\/wp-content\/uploads\/2021\/01\/zenchat-social-1024x538.jpg","type":"","width":"","height":""}],"twitter_card":"summary_large_image","twitter_site":"@ZenkitHQ","twitter_misc":{"Tempo di lettura stimato":"2 minuti"},"schema":{"@context":"https:\/\/schema.org","@graph":[{"@type":"WebPage","@id":"https:\/\/zenkit.com\/it\/kit-pubblicazioni\/zenchat-press-release\/","url":"https:\/\/zenkit.com\/it\/kit-pubblicazioni\/zenchat-press-release\/","name":"Zenchat Press Release | Zenkit","isPartOf":{"@id":"https:\/\/zenkit.com\/it\/#website"},"primaryImageOfPage":{"@id":"https:\/\/zenkit.com\/it\/kit-pubblicazioni\/zenchat-press-release\/#primaryimage"},"image":{"@id":"https:\/\/zenkit.com\/it\/kit-pubblicazioni\/zenchat-press-release\/#primaryimage"},"thumbnailUrl":"https:\/\/zenkit.com\/wp-content\/uploads\/2021\/01\/zenchat-social-1024x538.jpg","datePublished":"2021-04-30T08:10:23+00:00","dateModified":"2025-09-05T02:39:49+00:00","breadcrumb":{"@id":"https:\/\/zenkit.com\/it\/kit-pubblicazioni\/zenchat-press-release\/#breadcrumb"},"inLanguage":"it-IT","potentialAction":[{"@type":"ReadAction","target":["https:\/\/zenkit.com\/it\/kit-pubblicazioni\/zenchat-press-release\/"]}]},{"@type":"ImageObject","inLanguage":"it-IT","@id":"https:\/\/zenkit.com\/it\/kit-pubblicazioni\/zenchat-press-release\/#primaryimage","url":"https:\/\/zenkit.com\/wp-content\/uploads\/2021\/01\/zenchat-social-1024x538.jpg","contentUrl":"https:\/\/zenkit.com\/wp-content\/uploads\/2021\/01\/zenchat-social-1024x538.jpg"},{"@type":"BreadcrumbList","@id":"https:\/\/zenkit.com\/it\/kit-pubblicazioni\/zenchat-press-release\/#breadcrumb","itemListElement":[{"@type":"ListItem","position":1,"name":"Home","item":"https:\/\/zenkit.com\/it\/"},{"@type":"ListItem","position":2,"name":"Kit pubblicazioni","item":"https:\/\/zenkit.com\/it\/kit-pubblicazioni\/"},{"@type":"ListItem","position":3,"name":"Zenchat Press Release"}]},{"@type":"WebSite","@id":"https:\/\/zenkit.com\/it\/#website","url":"https:\/\/zenkit.com\/it\/","name":"Zenkit","description":"Zenkit Tagline","potentialAction":[{"@type":"SearchAction","target":{"@type":"EntryPoint","urlTemplate":"https:\/\/zenkit.com\/it\/?s={search_term_string}"},"query-input":{"@type":"PropertyValueSpecification","valueRequired":true,"valueName":"search_term_string"}}],"inLanguage":"it-IT"},false]}},"yasr_visitor_votes":{"stars_attributes":{"read_only":false,"span_bottom":false},"number_of_votes":0,"sum_votes":0},"_links":{"self":[{"href":"https:\/\/zenkit.com\/it\/wp-json\/wp\/v2\/pages\/72961","targetHints":{"allow":["GET"]}}],"collection":[{"href":"https:\/\/zenkit.com\/it\/wp-json\/wp\/v2\/pages"}],"about":[{"href":"https:\/\/zenkit.com\/it\/wp-json\/wp\/v2\/types\/page"}],"author":[{"embeddable":true,"href":"https:\/\/zenkit.com\/it\/wp-json\/wp\/v2\/users\/30"}],"replies":[{"embeddable":true,"href":"https:\/\/zenkit.com\/it\/wp-json\/wp\/v2\/comments?post=72961"}],"version-history":[{"count":1,"href":"https:\/\/zenkit.com\/it\/wp-json\/wp\/v2\/pages\/72961\/revisions"}],"predecessor-version":[{"id":134425,"href":"https:\/\/zenkit.com\/it\/wp-json\/wp\/v2\/pages\/72961\/revisions\/134425"}],"up":[{"embeddable":true,"href":"https:\/\/zenkit.com\/it\/wp-json\/wp\/v2\/pages\/61684"}],"wp:attachment":[{"href":"https:\/\/zenkit.com\/it\/wp-json\/wp\/v2\/media?parent=72961"}],"curies":[{"name":"wp","href":"https:\/\/api.w.org\/{rel}","templated":true}]}}