{"id":72964,"date":"2020-05-06T14:00:27","date_gmt":"2020-05-06T12:00:27","guid":{"rendered":"https:\/\/zenkit.com\/kit-pubblicazioni\/zenkit-to-do-press-release\/"},"modified":"2025-10-28T15:18:59","modified_gmt":"2025-10-28T14:18:59","slug":"zenkit-to-do-press-release","status":"publish","type":"page","link":"https:\/\/zenkit.com\/it\/kit-pubblicazioni\/zenkit-to-do-press-release\/","title":{"rendered":"Zenkit To Do Press Release"},"content":{"rendered":"\n<div class=\"wp-block-group has-global-padding is-layout-constrained wp-block-group-is-layout-constrained\">\n<div class=\"wp-block-group width--950 has-global-padding is-layout-constrained wp-block-group-is-layout-constrained\">\n<div style=\"height:45px;--tablet-height:45px;--mobile-height:16px\" class=\"wp-block-lookeen-blocks-responsive-spacer\"><\/div>\n\n\n\n<div class=\"wp-block-group has-global-padding is-layout-constrained wp-block-group-is-layout-constrained\">\n<h1 class=\"wp-block-heading has-text-align-center\" style=\"margin-bottom:8px\">La chiusura di Wunderlist ispira un altro team tedesco a creare alternative praticabili<\/h1>\n<\/div>\n\n\n\n<div class=\"wp-block-group has-global-padding is-layout-constrained wp-block-group-is-layout-constrained\">\n<p class=\"has-text-align-center subheading\">Zenkit To Do colma il vuoto lasciato da Wunderlist in quanto chiude il 6 maggio di quest&#8217;anno<\/p>\n<\/div>\n\n\n\n<div style=\"height:48px;--tablet-height:36px;--mobile-height:24px\" class=\"wp-block-lookeen-blocks-responsive-spacer\"><\/div>\n\n\n\n<div class=\"wp-block-group has-global-padding is-layout-constrained wp-block-group-is-layout-constrained\">\n<p class=\"has-text-align-center press__headline has-text-color has-link-color wp-elements-dd07a5980a46e64eb7aa6754541a4ba9\" style=\"color:#939393;font-size:24px;font-style:normal;font-weight:700;line-height:1.5\">6 aprile 2020 \u2013 Karlsruhe, Germania<\/p>\n<\/div>\n<\/div>\n\n\n\n<div style=\"height:88px;--tablet-height:72px;--mobile-height:40px\" class=\"wp-block-lookeen-blocks-responsive-spacer\"><\/div>\n<\/div>\n\n\n\n<div class=\"wp-block-group has-global-padding is-layout-constrained wp-block-group-is-layout-constrained\">\n<div class=\"wp-block-columns is-layout-flex wp-container-core-columns-is-layout-b8d659ec wp-block-columns-is-layout-flex\">\n<div class=\"wp-block-column is-layout-flow wp-block-column-is-layout-flow\">\n<p class=\"has-da-grey-2-color has-text-color has-link-color wp-elements-e6a1d8db6e03e3b026be2a52421d878a\">L\u2019imminente chiusura di Wunderlist ha lasciato tanti utenti preoccupati su cosa fare con i loro dati e insoddisfatti di tante alternative. Zenkit To Do \u00e8 stato creato con l\u2019intento di dare agli utenti Wunderlist una nuova casa.<\/p>\n\n\n\n<p class=\"has-da-grey-2-color has-text-color has-link-color wp-elements-f1b6a479c4db75b414dd8a3415de7f91\">Zenkit To Do \u00e8 stato sviluppato dal team dietro a Zenkit, una soluzione tutto in uno per la collaborazione e la gestione del progetto. Mentre Zenkit \u00e8 meglio conosciuto per la sua flessibilit\u00e0 ed abilit\u00e0 di adattarsi a qualunque workflow, questo livello di complessit\u00e0 risulta ridondante per tanti utenti che cercano un semplice strumento per la gestione dei task. Per questo motivo \u00e8 stato creato Zenkit To Do.<\/p>\n\n\n\n<div class=\"wp-block-group has-background has-global-padding is-layout-constrained wp-container-core-group-is-layout-8412c99a wp-block-group-is-layout-constrained\" style=\"border-radius:20px;background-color:#efefef;margin-bottom:24px;padding-top:20px;padding-right:20px;padding-bottom:20px;padding-left:20px\">\n<p class=\"has-da-grey-1-color has-text-color has-link-color wp-elements-fbe1fc92e98181d2f3c20fae2f8ce09d\" style=\"font-size:14px\">\u201cAbbiamo deliberatamente creato Zenkit To Do per renderlo simile a Wunderlist\u201d, ha spiegato Martin Welker, CEO di Zenkit<\/p>\n<\/div>\n<\/div>\n\n\n\n<div class=\"wp-block-column is-layout-flow wp-block-column-is-layout-flow\">\n<p class=\"has-da-grey-1-color has-text-color has-link-color wp-elements-276eee39861bd1ac045a273c0e9cdf9c\">\u201cLa chiusura di Wunderlist \u00e8 un\u2019enorme perdita per milioni di utenti che hanno costruito la loro vita attorno ad essa. Molti hanno espresso disappunto per le alternative attuali, nessuna delle quali \u00e8 proprio la stessa. Vogliamo colmare questa lacuna. Sapevamo di avere l\u2019infrastruttura per gestire un\u2019inversione di tendenza cos\u00ec rapida e l\u2019avevamo gi\u00e0 pianificata per il 2020, quindi abbiamo pensato\u2026 Perch\u00e9 non adesso?\u201d<\/p>\n\n\n\n<p class=\"has-da-grey-1-color has-text-color has-link-color wp-elements-6084b7ba8d93deb01f074ee893701d27\">Zenkit To Do ha tutte le stesse funzionalit\u00e0 che hanno reso Wunderlist un\u2019app cos\u00ec amata. Con una funzione di \u201cimportazione con un clic\u201d, gli utenti potranno trasferire le loro liste, insieme alle date di scadenza ed ai task contrassegnati, direttamente in Zenkit To Do.<\/p>\n<\/div>\n<\/div>\n<\/div>\n\n\n\n<div style=\"height:45px;--tablet-height:45px;--mobile-height:16px\" class=\"wp-block-lookeen-blocks-responsive-spacer\"><\/div>\n\n\n\n<figure class=\"wp-block-image aligncenter size-large is-resized border-radius--20 overflow__hidden  box__shadow\"><img loading=\"lazy\" decoding=\"async\" width=\"1024\" height=\"538\" src=\"https:\/\/zenkit.com\/wp-content\/uploads\/2021\/01\/todo-social-1024x538.jpg\" alt=\"\" class=\"wp-image-55208\" style=\"width:491px;height:auto\" srcset=\"https:\/\/zenkit.com\/wp-content\/uploads\/2021\/01\/todo-social-1024x538.jpg 1024w, https:\/\/zenkit.com\/wp-content\/uploads\/2021\/01\/todo-social-300x158.jpg 300w, https:\/\/zenkit.com\/wp-content\/uploads\/2021\/01\/todo-social-768x403.jpg 768w, https:\/\/zenkit.com\/wp-content\/uploads\/2021\/01\/todo-social.jpg 1200w\" sizes=\"auto, (max-width: 1024px) 100vw, 1024px\" \/><\/figure>\n\n\n\n<div style=\"height:88px;--tablet-height:72px;--mobile-height:40px\" class=\"wp-block-lookeen-blocks-responsive-spacer\"><\/div>\n\n\n\n<div class=\"wp-block-group has-global-padding is-layout-constrained wp-block-group-is-layout-constrained\">\n<h2 class=\"wp-block-heading has-text-align-center\" style=\"margin-bottom:0px\"><strong>La nuova app offre:<\/strong><\/h2>\n\n\n\n<div style=\"height:48px;--tablet-height:36px;--mobile-height:24px\" class=\"wp-block-lookeen-blocks-responsive-spacer\"><\/div>\n\n\n\n<div class=\"wp-block-group has-global-padding is-layout-constrained wp-block-group-is-layout-constrained\">\n<div class=\"wp-block-columns is-layout-flex wp-container-core-columns-is-layout-28f84493 wp-block-columns-is-layout-flex\">\n<div class=\"wp-block-column is-layout-flow wp-block-column-is-layout-flow\">\n<ul class=\"wp-block-list list__with-checkmark-blue-and-underline\">\n<li>Posta in arrivo<\/li>\n\n\n\n<li>Liste intelligenti: Contrassegnati, Oggi, Questa settimana, Assegnati a me<\/li>\n\n\n\n<li>Condivisione lista<\/li>\n\n\n\n<li>File allegati<\/li>\n\n\n\n<li>Commenti<\/li>\n\n\n\n<li>Promemoria<\/li>\n\n\n\n<li>Cartelle<\/li>\n<\/ul>\n<\/div>\n\n\n\n<div class=\"wp-block-column is-layout-flow wp-block-column-is-layout-flow\">\n<ul class=\"wp-block-list list__with-checkmark-blue-and-underline\">\n<li>Subtask<\/li>\n\n\n\n<li>Supporto offline<\/li>\n\n\n\n<li>Modalit\u00e0 scura<\/li>\n\n\n\n<li>@menzioni utente<\/li>\n\n\n\n<li>A prova di azienda: gruppi, ruoli, SAML, SCIM, revisione<\/li>\n\n\n\n<li>Perfetta integrazione con Zenkit Kanban e Gantt<\/li>\n<\/ul>\n<\/div>\n<\/div>\n<\/div>\n\n\n\n<div style=\"height:88px;--tablet-height:72px;--mobile-height:40px\" class=\"wp-block-lookeen-blocks-responsive-spacer\"><\/div>\n\n\n\n<div class=\"wp-block-group has-global-padding is-layout-constrained wp-container-core-group-is-layout-7cc94c3e wp-block-group-is-layout-constrained\">\n<div class=\"wp-block-group has-global-padding is-layout-constrained wp-block-group-is-layout-constrained\">\n<p class=\"has-text-align-center has-da-grey-2-color has-text-color has-link-color wp-elements-cee33848e144b026a9dfe2dff9adf2c0\">Si dice che il mercato del software per la produttivit\u00e0 cresca del 16,5% CAGR per raggiungere i 96,36 miliardi di dollari entro il 2025. Ci\u00f2 evidenzia la crescente domanda di soluzioni che aiutano a gestire e monitorare i processi di lavoro. In un mercato inondato di soluzioni, c\u2019\u00e8 ancora molta crescita e opportunit\u00e0 per nuovi strumenti, soprattutto in un momento in cui sempre pi\u00f9 persone lavorano da casa.<\/p>\n<\/div>\n\n\n\n<div style=\"height:88px;--tablet-height:72px;--mobile-height:40px\" class=\"wp-block-lookeen-blocks-responsive-spacer\"><\/div>\n\n\n\n<h3 class=\"wp-block-heading has-text-align-center\" style=\"margin-bottom:8px;font-style:normal;font-weight:700\">Riguardo Zenkit:<\/h3>\n\n\n\n<p class=\"has-text-align-center has-da-grey-2-color has-text-color has-link-color wp-elements-b82d1534236a9eb7e4b6722b0ff8c161\">Zenkit \u00e8 una startup formata sotto Axonic GmbH. La piattaforma per la gestione del progetto SaaS e creazione database \u00e8 stata lanciata nell\u2019ottobre del 2016. Zenkit To Do, un\u2019alternativa a Wunderlist, \u00e8 stata sviluppata e lanciata da Zenkit.<\/p>\n<\/div>\n<\/div>\n\n\n\n<div style=\"height:110px;--tablet-height:60px;--mobile-height:48px\" class=\"wp-block-lookeen-blocks-responsive-spacer\"><\/div>\n","protected":false},"excerpt":{"rendered":"<p>La chiusura di Wunderlist ispira un altro team tedesco a creare alternative praticabili Zenkit To Do colma il vuoto lasciato da Wunderlist in quanto chiude il 6 maggio di quest&#8217;anno 6 aprile 2020 \u2013 Karlsruhe, Germania L\u2019imminente chiusura di Wunderlist ha lasciato tanti utenti preoccupati su cosa fare con i loro dati e insoddisfatti di [&hellip;]<\/p>\n","protected":false},"author":30,"featured_media":0,"parent":61684,"menu_order":6,"comment_status":"closed","ping_status":"closed","template":"","meta":{"yasr_overall_rating":0,"yasr_post_is_review":"","yasr_auto_insert_disabled":"","yasr_review_type":"","footnotes":""},"class_list":["post-72964","page","type-page","status-publish","hentry"],"yoast_head":"<!-- This site is optimized with the Yoast SEO plugin v27.3 - https:\/\/yoast.com\/product\/yoast-seo-wordpress\/ -->\n<title>Zenkit To Do Press Release | Zenkit<\/title>\n<meta name=\"description\" content=\"Wunderlist shutdown inspires another German team to build viable alternative. Zenkit To Do fills the gap left by Wunderlist as it closes on May 6th 2020.\" \/>\n<meta name=\"robots\" content=\"index, follow, max-snippet:-1, max-image-preview:large, max-video-preview:-1\" \/>\n<link rel=\"canonical\" href=\"https:\/\/zenkit.com\/it\/kit-pubblicazioni\/zenkit-to-do-press-release\/\" \/>\n<meta property=\"og:locale\" content=\"it_IT\" \/>\n<meta property=\"og:type\" content=\"article\" \/>\n<meta property=\"og:title\" content=\"Zenkit To Do Press Release | Zenkit\" \/>\n<meta property=\"og:description\" content=\"Wunderlist shutdown inspires another German team to build viable alternative. Zenkit To Do fills the gap left by Wunderlist as it closes on May 6th 2020.\" \/>\n<meta property=\"og:url\" content=\"https:\/\/zenkit.com\/it\/kit-pubblicazioni\/zenkit-to-do-press-release\/\" \/>\n<meta property=\"og:site_name\" content=\"Zenkit\" \/>\n<meta property=\"article:publisher\" content=\"https:\/\/www.facebook.com\/ZenkitHQ\" \/>\n<meta property=\"article:modified_time\" content=\"2025-10-28T14:18:59+00:00\" \/>\n<meta property=\"og:image\" content=\"https:\/\/zenkit.com\/wp-content\/uploads\/2021\/01\/todo-social.jpg\" \/>\n\t<meta property=\"og:image:width\" content=\"1200\" \/>\n\t<meta property=\"og:image:height\" content=\"630\" \/>\n\t<meta property=\"og:image:type\" content=\"image\/jpeg\" \/>\n<meta name=\"twitter:card\" content=\"summary_large_image\" \/>\n<meta name=\"twitter:site\" content=\"@ZenkitHQ\" \/>\n<meta name=\"twitter:label1\" content=\"Tempo di lettura stimato\" \/>\n\t<meta name=\"twitter:data1\" content=\"7 minuti\" \/>\n<script type=\"application\/ld+json\" class=\"yoast-schema-graph\">{\"@context\":\"https:\\\/\\\/schema.org\",\"@graph\":[{\"@type\":\"WebPage\",\"@id\":\"https:\\\/\\\/zenkit.com\\\/it\\\/kit-pubblicazioni\\\/zenkit-to-do-press-release\\\/\",\"url\":\"https:\\\/\\\/zenkit.com\\\/it\\\/kit-pubblicazioni\\\/zenkit-to-do-press-release\\\/\",\"name\":\"Zenkit To Do Press Release | Zenkit\",\"isPartOf\":{\"@id\":\"https:\\\/\\\/zenkit.com\\\/it\\\/#website\"},\"primaryImageOfPage\":{\"@id\":\"https:\\\/\\\/zenkit.com\\\/it\\\/kit-pubblicazioni\\\/zenkit-to-do-press-release\\\/#primaryimage\"},\"image\":{\"@id\":\"https:\\\/\\\/zenkit.com\\\/it\\\/kit-pubblicazioni\\\/zenkit-to-do-press-release\\\/#primaryimage\"},\"thumbnailUrl\":\"https:\\\/\\\/zenkit.com\\\/wp-content\\\/uploads\\\/2021\\\/01\\\/todo-social-1024x538.jpg\",\"datePublished\":\"2020-05-06T12:00:27+00:00\",\"dateModified\":\"2025-10-28T14:18:59+00:00\",\"description\":\"Wunderlist shutdown inspires another German team to build viable alternative. Zenkit To Do fills the gap left by Wunderlist as it closes on May 6th 2020.\",\"breadcrumb\":{\"@id\":\"https:\\\/\\\/zenkit.com\\\/it\\\/kit-pubblicazioni\\\/zenkit-to-do-press-release\\\/#breadcrumb\"},\"inLanguage\":\"it-IT\",\"potentialAction\":[{\"@type\":\"ReadAction\",\"target\":[\"https:\\\/\\\/zenkit.com\\\/it\\\/kit-pubblicazioni\\\/zenkit-to-do-press-release\\\/\"]}]},{\"@type\":\"ImageObject\",\"inLanguage\":\"it-IT\",\"@id\":\"https:\\\/\\\/zenkit.com\\\/it\\\/kit-pubblicazioni\\\/zenkit-to-do-press-release\\\/#primaryimage\",\"url\":\"https:\\\/\\\/zenkit.com\\\/wp-content\\\/uploads\\\/2021\\\/01\\\/todo-social-1024x538.jpg\",\"contentUrl\":\"https:\\\/\\\/zenkit.com\\\/wp-content\\\/uploads\\\/2021\\\/01\\\/todo-social-1024x538.jpg\"},{\"@type\":\"BreadcrumbList\",\"@id\":\"https:\\\/\\\/zenkit.com\\\/it\\\/kit-pubblicazioni\\\/zenkit-to-do-press-release\\\/#breadcrumb\",\"itemListElement\":[{\"@type\":\"ListItem\",\"position\":1,\"name\":\"Home\",\"item\":\"https:\\\/\\\/zenkit.com\\\/it\\\/\"},{\"@type\":\"ListItem\",\"position\":2,\"name\":\"Kit pubblicazioni\",\"item\":\"https:\\\/\\\/zenkit.com\\\/it\\\/kit-pubblicazioni\\\/\"},{\"@type\":\"ListItem\",\"position\":3,\"name\":\"Zenkit To Do Press Release\"}]},{\"@type\":\"WebSite\",\"@id\":\"https:\\\/\\\/zenkit.com\\\/it\\\/#website\",\"url\":\"https:\\\/\\\/zenkit.com\\\/it\\\/\",\"name\":\"Zenkit\",\"description\":\"Zenkit Tagline\",\"potentialAction\":[{\"@type\":\"SearchAction\",\"target\":{\"@type\":\"EntryPoint\",\"urlTemplate\":\"https:\\\/\\\/zenkit.com\\\/it\\\/?s={search_term_string}\"},\"query-input\":{\"@type\":\"PropertyValueSpecification\",\"valueRequired\":true,\"valueName\":\"search_term_string\"}}],\"inLanguage\":\"it-IT\"},false]}<\/script>\n<!-- \/ Yoast SEO plugin. -->","yoast_head_json":{"title":"Zenkit To Do Press Release | Zenkit","description":"Wunderlist shutdown inspires another German team to build viable alternative. Zenkit To Do fills the gap left by Wunderlist as it closes on May 6th 2020.","robots":{"index":"index","follow":"follow","max-snippet":"max-snippet:-1","max-image-preview":"max-image-preview:large","max-video-preview":"max-video-preview:-1"},"canonical":"https:\/\/zenkit.com\/it\/kit-pubblicazioni\/zenkit-to-do-press-release\/","og_locale":"it_IT","og_type":"article","og_title":"Zenkit To Do Press Release | Zenkit","og_description":"Wunderlist shutdown inspires another German team to build viable alternative. Zenkit To Do fills the gap left by Wunderlist as it closes on May 6th 2020.","og_url":"https:\/\/zenkit.com\/it\/kit-pubblicazioni\/zenkit-to-do-press-release\/","og_site_name":"Zenkit","article_publisher":"https:\/\/www.facebook.com\/ZenkitHQ","article_modified_time":"2025-10-28T14:18:59+00:00","og_image":[{"width":1200,"height":630,"url":"https:\/\/zenkit.com\/wp-content\/uploads\/2021\/01\/todo-social.jpg","type":"image\/jpeg"}],"twitter_card":"summary_large_image","twitter_site":"@ZenkitHQ","twitter_misc":{"Tempo di lettura stimato":"7 minuti"},"schema":{"@context":"https:\/\/schema.org","@graph":[{"@type":"WebPage","@id":"https:\/\/zenkit.com\/it\/kit-pubblicazioni\/zenkit-to-do-press-release\/","url":"https:\/\/zenkit.com\/it\/kit-pubblicazioni\/zenkit-to-do-press-release\/","name":"Zenkit To Do Press Release | Zenkit","isPartOf":{"@id":"https:\/\/zenkit.com\/it\/#website"},"primaryImageOfPage":{"@id":"https:\/\/zenkit.com\/it\/kit-pubblicazioni\/zenkit-to-do-press-release\/#primaryimage"},"image":{"@id":"https:\/\/zenkit.com\/it\/kit-pubblicazioni\/zenkit-to-do-press-release\/#primaryimage"},"thumbnailUrl":"https:\/\/zenkit.com\/wp-content\/uploads\/2021\/01\/todo-social-1024x538.jpg","datePublished":"2020-05-06T12:00:27+00:00","dateModified":"2025-10-28T14:18:59+00:00","description":"Wunderlist shutdown inspires another German team to build viable alternative. Zenkit To Do fills the gap left by Wunderlist as it closes on May 6th 2020.","breadcrumb":{"@id":"https:\/\/zenkit.com\/it\/kit-pubblicazioni\/zenkit-to-do-press-release\/#breadcrumb"},"inLanguage":"it-IT","potentialAction":[{"@type":"ReadAction","target":["https:\/\/zenkit.com\/it\/kit-pubblicazioni\/zenkit-to-do-press-release\/"]}]},{"@type":"ImageObject","inLanguage":"it-IT","@id":"https:\/\/zenkit.com\/it\/kit-pubblicazioni\/zenkit-to-do-press-release\/#primaryimage","url":"https:\/\/zenkit.com\/wp-content\/uploads\/2021\/01\/todo-social-1024x538.jpg","contentUrl":"https:\/\/zenkit.com\/wp-content\/uploads\/2021\/01\/todo-social-1024x538.jpg"},{"@type":"BreadcrumbList","@id":"https:\/\/zenkit.com\/it\/kit-pubblicazioni\/zenkit-to-do-press-release\/#breadcrumb","itemListElement":[{"@type":"ListItem","position":1,"name":"Home","item":"https:\/\/zenkit.com\/it\/"},{"@type":"ListItem","position":2,"name":"Kit pubblicazioni","item":"https:\/\/zenkit.com\/it\/kit-pubblicazioni\/"},{"@type":"ListItem","position":3,"name":"Zenkit To Do Press Release"}]},{"@type":"WebSite","@id":"https:\/\/zenkit.com\/it\/#website","url":"https:\/\/zenkit.com\/it\/","name":"Zenkit","description":"Zenkit Tagline","potentialAction":[{"@type":"SearchAction","target":{"@type":"EntryPoint","urlTemplate":"https:\/\/zenkit.com\/it\/?s={search_term_string}"},"query-input":{"@type":"PropertyValueSpecification","valueRequired":true,"valueName":"search_term_string"}}],"inLanguage":"it-IT"},false]}},"yasr_visitor_votes":{"stars_attributes":{"read_only":false,"span_bottom":false},"number_of_votes":0,"sum_votes":0},"_links":{"self":[{"href":"https:\/\/zenkit.com\/it\/wp-json\/wp\/v2\/pages\/72964","targetHints":{"allow":["GET"]}}],"collection":[{"href":"https:\/\/zenkit.com\/it\/wp-json\/wp\/v2\/pages"}],"about":[{"href":"https:\/\/zenkit.com\/it\/wp-json\/wp\/v2\/types\/page"}],"author":[{"embeddable":true,"href":"https:\/\/zenkit.com\/it\/wp-json\/wp\/v2\/users\/30"}],"replies":[{"embeddable":true,"href":"https:\/\/zenkit.com\/it\/wp-json\/wp\/v2\/comments?post=72964"}],"version-history":[{"count":2,"href":"https:\/\/zenkit.com\/it\/wp-json\/wp\/v2\/pages\/72964\/revisions"}],"predecessor-version":[{"id":173532,"href":"https:\/\/zenkit.com\/it\/wp-json\/wp\/v2\/pages\/72964\/revisions\/173532"}],"up":[{"embeddable":true,"href":"https:\/\/zenkit.com\/it\/wp-json\/wp\/v2\/pages\/61684"}],"wp:attachment":[{"href":"https:\/\/zenkit.com\/it\/wp-json\/wp\/v2\/media?parent=72964"}],"curies":[{"name":"wp","href":"https:\/\/api.w.org\/{rel}","templated":true}]}}