{"id":72966,"date":"2019-12-18T09:42:39","date_gmt":"2019-12-18T08:42:39","guid":{"rendered":"https:\/\/zenkit.com\/kit-pubblicazioni\/zenkit-launches-new-wiki-view\/"},"modified":"2025-10-28T15:48:47","modified_gmt":"2025-10-28T14:48:47","slug":"zenkit-launches-new-wiki-view","status":"publish","type":"page","link":"https:\/\/zenkit.com\/it\/kit-pubblicazioni\/zenkit-launches-new-wiki-view\/","title":{"rendered":"Zenkit Launches New Wiki View"},"content":{"rendered":"\n<div class=\"wp-block-group has-global-padding is-layout-constrained wp-block-group-is-layout-constrained\">\n<div class=\"wp-block-group width--950 has-global-padding is-layout-constrained wp-block-group-is-layout-constrained\">\n<div style=\"height:45px;--tablet-height:45px;--mobile-height:16px\" class=\"wp-block-lookeen-blocks-responsive-spacer\"><\/div>\n\n\n\n<div class=\"wp-block-group has-global-padding is-layout-constrained wp-block-group-is-layout-constrained\">\n<h1 class=\"wp-block-heading has-text-align-center\" style=\"margin-bottom:8px\">Zenkit lancia la nuova visualizzazione Wiki e rafforza la sua posizione come soluzione completa per tutte le tue esigenze sul posto di lavoro<\/h1>\n<\/div>\n\n\n\n<div class=\"wp-block-group has-global-padding is-layout-constrained wp-block-group-is-layout-constrained\">\n<p class=\"has-text-align-center subheading\">Presentazione della nuova visualizzazione wiki, una piattaforma di condivisione delle conoscenze e gestione dei contenuti in grado di migliorare la collaborazione e connettere le persone a una vasta gamma di dati preziosi.<\/p>\n<\/div>\n\n\n\n<div style=\"height:48px;--tablet-height:36px;--mobile-height:24px\" class=\"wp-block-lookeen-blocks-responsive-spacer\"><\/div>\n\n\n\n<div class=\"wp-block-group has-global-padding is-layout-constrained wp-block-group-is-layout-constrained\">\n<p class=\"has-text-align-center press__headline has-text-color has-link-color wp-elements-7a4c3c3662e722389773da8fd16061e9\" style=\"color:#939393;font-size:24px;font-style:normal;font-weight:700;line-height:1.5\">Marted\u00ec 17 dicembre 2019 \u2013 Karlsruhe, Germania<\/p>\n<\/div>\n<\/div>\n\n\n\n<div style=\"height:88px;--tablet-height:72px;--mobile-height:40px\" class=\"wp-block-lookeen-blocks-responsive-spacer\"><\/div>\n<\/div>\n\n\n\n<div class=\"wp-block-group has-global-padding is-layout-constrained wp-block-group-is-layout-constrained\">\n<div class=\"wp-block-columns is-layout-flex wp-container-core-columns-is-layout-b8d659ec wp-block-columns-is-layout-flex\">\n<div class=\"wp-block-column is-layout-flow wp-block-column-is-layout-flow\">\n<p class=\"has-da-grey-2-color has-text-color has-link-color wp-elements-b501f2ccf3cb8dec8cf004f2bf9caa7e\">Oggi il team di Zenkit annuncia il lancio della sua nuova visualizzazione wiki. Questa nuova funzione offre agli utenti uno spazio per la condivisione e gestione della conoscenza, oltre ad un nuovo modo di organizzare e visualizzare i loro dati.<\/p>\n\n\n\n<p class=\"has-da-grey-2-color has-text-color has-link-color wp-elements-638059a42c169631c6478c9c38244398\">I dati aziendali stanno diventando sempre pi\u00f9 difficili da gestire. L\u2019International Data Corporation (IDC)&nbsp;<a href=\"https:\/\/www.thoughtfarmer.com\/blog\/knowledge-management-what-it-is-and-why-it-matters\/\">prevede&nbsp;<\/a>che entro il 2020 circa l\u201980-90% dei dati nelle imprese non sar\u00e0 strutturato a causa del continuo spostamento dei dati tra i social network e le e-mail. In quanto piattaforma di conoscenza base, la visualizzazione wiki invita pi\u00f9 utenti a creare, co-modificare e collaborare sui contenuti.<\/p>\n\n\n\n<p class=\"has-da-grey-2-color has-text-color has-link-color wp-elements-3d42732d95db76d308accdfe2ecd3513\">Usando la nuova visualizzazione wiki, team e gruppi di individui che la pensano allo stesso modo possono possono scambiarsi informazioni tra loro, dall\u2019annuncio di notizie allo scambio di competenze. Ci\u00f2 pu\u00f2 aiutare a stimolare la crescita e l\u2019innovazione, oltre a consentire un migliore processo decisionale.<\/p>\n<\/div>\n\n\n\n<div class=\"wp-block-column is-layout-flow wp-block-column-is-layout-flow\">\n<p class=\"has-da-grey-1-color has-text-color has-link-color wp-elements-e075c08b9ea858a98ed2d48e166174f5\">Tre anni dopo il lancio, il team di Karlsruhe, in Germania, continua la sua missione di posizionare Zenkit come una potente soluzione all-in-one per la gestione dei progetti e le esigenze di produttivit\u00e0.<\/p>\n\n\n\n<div class=\"wp-block-group has-background has-global-padding is-layout-constrained wp-container-core-group-is-layout-8412c99a wp-block-group-is-layout-constrained\" style=\"border-radius:20px;background-color:#efefef;margin-bottom:24px;padding-top:20px;padding-right:20px;padding-bottom:20px;padding-left:20px\">\n<p class=\"has-da-grey-1-color has-text-color has-link-color wp-elements-26693adef8328b2eba412ee01bb758c8\" style=\"font-size:14px\">\u201cSiamo davvero interessati a consentire ai nostri utenti di pubblicare i loro contenuti in diversi modi\u201d, ha spiegato Martin Welker, CEO di Zenkit. \u201cCon il rilascio della visualizzazione wiki, consentiamo alle persone di utilizzare Zenkit come sistema di gestione dei contenuti per un wiki completo e ricco di funzionalit\u00e0. Questa funzione \u00e8 in arrivo da molto tempo. La nostra base di conoscenza, ad esempio, \u00e8 stata una versione alfa di questo sistema negli ultimi due anni!<\/p>\n<\/div>\n<\/div>\n<\/div>\n<\/div>\n\n\n\n<div style=\"height:45px;--tablet-height:45px;--mobile-height:16px\" class=\"wp-block-lookeen-blocks-responsive-spacer\"><\/div>\n\n\n\n<figure class=\"wp-block-image aligncenter size-full is-resized border-radius--20 overflow__hidden  box__shadow\"><img loading=\"lazy\" decoding=\"async\" width=\"1024\" height=\"538\" src=\"https:\/\/zenkit.com\/wp-content\/uploads\/2025\/05\/base-1024x538-1.webp\" alt=\"\" class=\"wp-image-115467\" style=\"width:491px;height:auto\" srcset=\"https:\/\/zenkit.com\/wp-content\/uploads\/2025\/05\/base-1024x538-1.webp 1024w, https:\/\/zenkit.com\/wp-content\/uploads\/2025\/05\/base-1024x538-1-300x158.webp 300w, https:\/\/zenkit.com\/wp-content\/uploads\/2025\/05\/base-1024x538-1-768x404.webp 768w\" sizes=\"auto, (max-width: 1024px) 100vw, 1024px\" \/><\/figure>\n\n\n\n<div style=\"height:88px;--tablet-height:72px;--mobile-height:40px\" class=\"wp-block-lookeen-blocks-responsive-spacer\"><\/div>\n\n\n\n<div class=\"wp-block-group has-global-padding is-layout-constrained wp-block-group-is-layout-constrained\">\n<h2 class=\"wp-block-heading has-text-align-center\" style=\"margin-bottom:0px\"><strong>Cosa aspettarsi:<\/strong><\/h2>\n\n\n\n<div style=\"height:48px;--tablet-height:36px;--mobile-height:24px\" class=\"wp-block-lookeen-blocks-responsive-spacer\"><\/div>\n\n\n\n<div class=\"wp-block-group has-global-padding is-layout-constrained wp-block-group-is-layout-constrained\">\n<div class=\"wp-block-columns is-layout-flex wp-container-core-columns-is-layout-28f84493 wp-block-columns-is-layout-flex\">\n<div class=\"wp-block-column is-layout-flow wp-block-column-is-layout-flow\">\n<ul class=\"wp-block-list list__with-checkmark-blue-and-underline\">\n<li><strong>Semplicit\u00e0<\/strong>:&nbsp;crea facilmente un wiki dai tuoi dati Zenkit esistenti o creane una nuova da zero. Collabora su tutte le pagine wiki con il tuo team Zenkit.<\/li>\n\n\n\n<li><strong>Flessibilit\u00e0<\/strong>: raggruppa la visualizzazione wiki secondo diversi tipi di campo per creare uno stile di navigazione che si adatta a te. Passa da un raggruppamento alfabetico in base a un campo di testo, al raggruppamento gerarchico per subtask o al raggruppamento per etichette.<\/li>\n\n\n\n<li><strong>Connettivit\u00e0<\/strong>: aggiunti ricchi link a qualunque item, file o collection a cui hai accesso. Zenkit ti mostrer\u00e0 un\u2019anteprima bella e personalizzata per questi link.<\/li>\n<\/ul>\n<\/div>\n\n\n\n<div class=\"wp-block-column is-layout-flow wp-block-column-is-layout-flow\">\n<ul class=\"wp-block-list list__with-checkmark-blue-and-underline\">\n<li><strong>Adattabilit\u00e0<\/strong>: scegli fra testo semplice, markdown e HTML.&nbsp;<\/li>\n\n\n\n<li><strong>Personalizzazione<\/strong>: modifica la pagina di atterraggio per meglio adattarsi ai tuoi bisogni. Aggiungi immagini ai file, incorpora video, social media e altro.<\/li>\n\n\n\n<li><strong>Potere<\/strong>: usa la potente funzione di filtri di Zenkit per individuare rapidamente gli articoli che ti servono e trovare esattamente quello che stai cercando.<\/li>\n<\/ul>\n<\/div>\n<\/div>\n<\/div>\n\n\n\n<div class=\"wp-block-group has-global-padding is-layout-constrained wp-container-core-group-is-layout-7cc94c3e wp-block-group-is-layout-constrained\">\n<div style=\"height:88px;--tablet-height:72px;--mobile-height:40px\" class=\"wp-block-lookeen-blocks-responsive-spacer\"><\/div>\n\n\n\n<h3 class=\"wp-block-heading has-text-align-center\" style=\"margin-bottom:8px;font-style:normal;font-weight:700\">Riguardo Zenkit:<\/h3>\n\n\n\n<p class=\"has-text-align-center has-da-grey-2-color has-text-color has-link-color wp-elements-368ee041ac69b70e1c4d7e763c5f52df\">Zenkit \u00e8 una startup formata sotto Axonic GmbH. La piattaforma per la gestione del progetto SaaS e creazione database \u00e8 stata lanciata nell\u2019ottobre del 2016.<\/p>\n<\/div>\n<\/div>\n\n\n\n<div style=\"height:110px;--tablet-height:60px;--mobile-height:48px\" class=\"wp-block-lookeen-blocks-responsive-spacer\"><\/div>\n","protected":false},"excerpt":{"rendered":"<p>Zenkit lancia la nuova visualizzazione Wiki e rafforza la sua posizione come soluzione completa per tutte le tue esigenze sul posto di lavoro Presentazione della nuova visualizzazione wiki, una piattaforma di condivisione delle conoscenze e gestione dei contenuti in grado di migliorare la collaborazione e connettere le persone a una vasta gamma di dati preziosi. [&hellip;]<\/p>\n","protected":false},"author":30,"featured_media":0,"parent":61684,"menu_order":7,"comment_status":"closed","ping_status":"closed","template":"","meta":{"yasr_overall_rating":0,"yasr_post_is_review":"","yasr_auto_insert_disabled":"","yasr_review_type":"","footnotes":""},"class_list":["post-72966","page","type-page","status-publish","hentry"],"yoast_head":"<!-- This site is optimized with the Yoast SEO plugin v27.5 - https:\/\/yoast.com\/product\/yoast-seo-wordpress\/ -->\n<title>Zenkit Launches New Wiki View | Zenkit<\/title>\n<meta name=\"description\" content=\"Zenkit releases new wiki view! A knowledge sharing and content management platform that can enhance collaboration and connect individuals to a wealth of valuable data.\" \/>\n<meta name=\"robots\" content=\"index, follow, max-snippet:-1, max-image-preview:large, max-video-preview:-1\" \/>\n<link rel=\"canonical\" href=\"https:\/\/zenkit.com\/it\/kit-pubblicazioni\/zenkit-launches-new-wiki-view\/\" \/>\n<meta property=\"og:locale\" content=\"it_IT\" \/>\n<meta property=\"og:type\" content=\"article\" \/>\n<meta property=\"og:title\" content=\"Zenkit Launches New Wiki View | Zenkit\" \/>\n<meta property=\"og:description\" content=\"Zenkit releases new wiki view! A knowledge sharing and content management platform that can enhance collaboration and connect individuals to a wealth of valuable data.\" \/>\n<meta property=\"og:url\" content=\"https:\/\/zenkit.com\/it\/kit-pubblicazioni\/zenkit-launches-new-wiki-view\/\" \/>\n<meta property=\"og:site_name\" content=\"Zenkit\" \/>\n<meta property=\"article:publisher\" content=\"https:\/\/www.facebook.com\/ZenkitHQ\" \/>\n<meta property=\"article:modified_time\" content=\"2025-10-28T14:48:47+00:00\" \/>\n<meta property=\"og:image\" content=\"https:\/\/zenkit.com\/wp-content\/uploads\/2025\/05\/base-1024x538-1.webp\" \/>\n\t<meta property=\"og:image:width\" content=\"1024\" \/>\n\t<meta property=\"og:image:height\" content=\"538\" \/>\n\t<meta property=\"og:image:type\" content=\"image\/webp\" \/>\n<meta name=\"twitter:card\" content=\"summary_large_image\" \/>\n<meta name=\"twitter:site\" content=\"@ZenkitHQ\" \/>\n<meta name=\"twitter:label1\" content=\"Tempo di lettura stimato\" \/>\n\t<meta name=\"twitter:data1\" content=\"8 minuti\" \/>\n<script type=\"application\/ld+json\" class=\"yoast-schema-graph\">{\"@context\":\"https:\\\/\\\/schema.org\",\"@graph\":[{\"@type\":\"WebPage\",\"@id\":\"https:\\\/\\\/zenkit.com\\\/it\\\/kit-pubblicazioni\\\/zenkit-launches-new-wiki-view\\\/\",\"url\":\"https:\\\/\\\/zenkit.com\\\/it\\\/kit-pubblicazioni\\\/zenkit-launches-new-wiki-view\\\/\",\"name\":\"Zenkit Launches New Wiki View | Zenkit\",\"isPartOf\":{\"@id\":\"https:\\\/\\\/zenkit.com\\\/it\\\/#website\"},\"primaryImageOfPage\":{\"@id\":\"https:\\\/\\\/zenkit.com\\\/it\\\/kit-pubblicazioni\\\/zenkit-launches-new-wiki-view\\\/#primaryimage\"},\"image\":{\"@id\":\"https:\\\/\\\/zenkit.com\\\/it\\\/kit-pubblicazioni\\\/zenkit-launches-new-wiki-view\\\/#primaryimage\"},\"thumbnailUrl\":\"https:\\\/\\\/zenkit.com\\\/wp-content\\\/uploads\\\/2025\\\/05\\\/base-1024x538-1.webp\",\"datePublished\":\"2019-12-18T08:42:39+00:00\",\"dateModified\":\"2025-10-28T14:48:47+00:00\",\"description\":\"Zenkit releases new wiki view! A knowledge sharing and content management platform that can enhance collaboration and connect individuals to a wealth of valuable data.\",\"breadcrumb\":{\"@id\":\"https:\\\/\\\/zenkit.com\\\/it\\\/kit-pubblicazioni\\\/zenkit-launches-new-wiki-view\\\/#breadcrumb\"},\"inLanguage\":\"it-IT\",\"potentialAction\":[{\"@type\":\"ReadAction\",\"target\":[\"https:\\\/\\\/zenkit.com\\\/it\\\/kit-pubblicazioni\\\/zenkit-launches-new-wiki-view\\\/\"]}]},{\"@type\":\"ImageObject\",\"inLanguage\":\"it-IT\",\"@id\":\"https:\\\/\\\/zenkit.com\\\/it\\\/kit-pubblicazioni\\\/zenkit-launches-new-wiki-view\\\/#primaryimage\",\"url\":\"https:\\\/\\\/zenkit.com\\\/wp-content\\\/uploads\\\/2025\\\/05\\\/base-1024x538-1.webp\",\"contentUrl\":\"https:\\\/\\\/zenkit.com\\\/wp-content\\\/uploads\\\/2025\\\/05\\\/base-1024x538-1.webp\"},{\"@type\":\"BreadcrumbList\",\"@id\":\"https:\\\/\\\/zenkit.com\\\/it\\\/kit-pubblicazioni\\\/zenkit-launches-new-wiki-view\\\/#breadcrumb\",\"itemListElement\":[{\"@type\":\"ListItem\",\"position\":1,\"name\":\"Home\",\"item\":\"https:\\\/\\\/zenkit.com\\\/it\\\/\"},{\"@type\":\"ListItem\",\"position\":2,\"name\":\"Kit pubblicazioni\",\"item\":\"https:\\\/\\\/zenkit.com\\\/it\\\/kit-pubblicazioni\\\/\"},{\"@type\":\"ListItem\",\"position\":3,\"name\":\"Zenkit Launches New Wiki View\"}]},{\"@type\":\"WebSite\",\"@id\":\"https:\\\/\\\/zenkit.com\\\/it\\\/#website\",\"url\":\"https:\\\/\\\/zenkit.com\\\/it\\\/\",\"name\":\"Zenkit\",\"description\":\"Zenkit Tagline\",\"potentialAction\":[{\"@type\":\"SearchAction\",\"target\":{\"@type\":\"EntryPoint\",\"urlTemplate\":\"https:\\\/\\\/zenkit.com\\\/it\\\/?s={search_term_string}\"},\"query-input\":{\"@type\":\"PropertyValueSpecification\",\"valueRequired\":true,\"valueName\":\"search_term_string\"}}],\"inLanguage\":\"it-IT\"},false]}<\/script>\n<!-- \/ Yoast SEO plugin. -->","yoast_head_json":{"title":"Zenkit Launches New Wiki View | Zenkit","description":"Zenkit releases new wiki view! A knowledge sharing and content management platform that can enhance collaboration and connect individuals to a wealth of valuable data.","robots":{"index":"index","follow":"follow","max-snippet":"max-snippet:-1","max-image-preview":"max-image-preview:large","max-video-preview":"max-video-preview:-1"},"canonical":"https:\/\/zenkit.com\/it\/kit-pubblicazioni\/zenkit-launches-new-wiki-view\/","og_locale":"it_IT","og_type":"article","og_title":"Zenkit Launches New Wiki View | Zenkit","og_description":"Zenkit releases new wiki view! A knowledge sharing and content management platform that can enhance collaboration and connect individuals to a wealth of valuable data.","og_url":"https:\/\/zenkit.com\/it\/kit-pubblicazioni\/zenkit-launches-new-wiki-view\/","og_site_name":"Zenkit","article_publisher":"https:\/\/www.facebook.com\/ZenkitHQ","article_modified_time":"2025-10-28T14:48:47+00:00","og_image":[{"width":1024,"height":538,"url":"https:\/\/zenkit.com\/wp-content\/uploads\/2025\/05\/base-1024x538-1.webp","type":"image\/webp"}],"twitter_card":"summary_large_image","twitter_site":"@ZenkitHQ","twitter_misc":{"Tempo di lettura stimato":"8 minuti"},"schema":{"@context":"https:\/\/schema.org","@graph":[{"@type":"WebPage","@id":"https:\/\/zenkit.com\/it\/kit-pubblicazioni\/zenkit-launches-new-wiki-view\/","url":"https:\/\/zenkit.com\/it\/kit-pubblicazioni\/zenkit-launches-new-wiki-view\/","name":"Zenkit Launches New Wiki View | Zenkit","isPartOf":{"@id":"https:\/\/zenkit.com\/it\/#website"},"primaryImageOfPage":{"@id":"https:\/\/zenkit.com\/it\/kit-pubblicazioni\/zenkit-launches-new-wiki-view\/#primaryimage"},"image":{"@id":"https:\/\/zenkit.com\/it\/kit-pubblicazioni\/zenkit-launches-new-wiki-view\/#primaryimage"},"thumbnailUrl":"https:\/\/zenkit.com\/wp-content\/uploads\/2025\/05\/base-1024x538-1.webp","datePublished":"2019-12-18T08:42:39+00:00","dateModified":"2025-10-28T14:48:47+00:00","description":"Zenkit releases new wiki view! A knowledge sharing and content management platform that can enhance collaboration and connect individuals to a wealth of valuable data.","breadcrumb":{"@id":"https:\/\/zenkit.com\/it\/kit-pubblicazioni\/zenkit-launches-new-wiki-view\/#breadcrumb"},"inLanguage":"it-IT","potentialAction":[{"@type":"ReadAction","target":["https:\/\/zenkit.com\/it\/kit-pubblicazioni\/zenkit-launches-new-wiki-view\/"]}]},{"@type":"ImageObject","inLanguage":"it-IT","@id":"https:\/\/zenkit.com\/it\/kit-pubblicazioni\/zenkit-launches-new-wiki-view\/#primaryimage","url":"https:\/\/zenkit.com\/wp-content\/uploads\/2025\/05\/base-1024x538-1.webp","contentUrl":"https:\/\/zenkit.com\/wp-content\/uploads\/2025\/05\/base-1024x538-1.webp"},{"@type":"BreadcrumbList","@id":"https:\/\/zenkit.com\/it\/kit-pubblicazioni\/zenkit-launches-new-wiki-view\/#breadcrumb","itemListElement":[{"@type":"ListItem","position":1,"name":"Home","item":"https:\/\/zenkit.com\/it\/"},{"@type":"ListItem","position":2,"name":"Kit pubblicazioni","item":"https:\/\/zenkit.com\/it\/kit-pubblicazioni\/"},{"@type":"ListItem","position":3,"name":"Zenkit Launches New Wiki View"}]},{"@type":"WebSite","@id":"https:\/\/zenkit.com\/it\/#website","url":"https:\/\/zenkit.com\/it\/","name":"Zenkit","description":"Zenkit Tagline","potentialAction":[{"@type":"SearchAction","target":{"@type":"EntryPoint","urlTemplate":"https:\/\/zenkit.com\/it\/?s={search_term_string}"},"query-input":{"@type":"PropertyValueSpecification","valueRequired":true,"valueName":"search_term_string"}}],"inLanguage":"it-IT"},false]}},"yasr_visitor_votes":{"stars_attributes":{"read_only":false,"span_bottom":false},"number_of_votes":0,"sum_votes":0},"_links":{"self":[{"href":"https:\/\/zenkit.com\/it\/wp-json\/wp\/v2\/pages\/72966","targetHints":{"allow":["GET"]}}],"collection":[{"href":"https:\/\/zenkit.com\/it\/wp-json\/wp\/v2\/pages"}],"about":[{"href":"https:\/\/zenkit.com\/it\/wp-json\/wp\/v2\/types\/page"}],"author":[{"embeddable":true,"href":"https:\/\/zenkit.com\/it\/wp-json\/wp\/v2\/users\/30"}],"replies":[{"embeddable":true,"href":"https:\/\/zenkit.com\/it\/wp-json\/wp\/v2\/comments?post=72966"}],"version-history":[{"count":3,"href":"https:\/\/zenkit.com\/it\/wp-json\/wp\/v2\/pages\/72966\/revisions"}],"predecessor-version":[{"id":173537,"href":"https:\/\/zenkit.com\/it\/wp-json\/wp\/v2\/pages\/72966\/revisions\/173537"}],"up":[{"embeddable":true,"href":"https:\/\/zenkit.com\/it\/wp-json\/wp\/v2\/pages\/61684"}],"wp:attachment":[{"href":"https:\/\/zenkit.com\/it\/wp-json\/wp\/v2\/media?parent=72966"}],"curies":[{"name":"wp","href":"https:\/\/api.w.org\/{rel}","templated":true}]}}