{"id":72968,"date":"2019-11-18T10:21:30","date_gmt":"2019-11-18T09:21:30","guid":{"rendered":"https:\/\/zenkit.com\/kit-pubblicazioni\/reinventing-the-kanban-board\/"},"modified":"2025-10-28T15:54:43","modified_gmt":"2025-10-28T14:54:43","slug":"reinventing-the-kanban-board","status":"publish","type":"page","link":"https:\/\/zenkit.com\/it\/kit-pubblicazioni\/reinventing-the-kanban-board\/","title":{"rendered":"Reinventing the Kanban board"},"content":{"rendered":"\n<div class=\"wp-block-group has-global-padding is-layout-constrained wp-block-group-is-layout-constrained\">\n<div class=\"wp-block-group width--950 has-global-padding is-layout-constrained wp-block-group-is-layout-constrained\">\n<div style=\"height:45px;--tablet-height:45px;--mobile-height:16px\" class=\"wp-block-lookeen-blocks-responsive-spacer\"><\/div>\n\n\n\n<div class=\"wp-block-group has-global-padding is-layout-constrained wp-block-group-is-layout-constrained\">\n<h1 class=\"wp-block-heading has-text-align-center\" style=\"margin-bottom:8px\">Reinventando la lavagna Kanban<\/h1>\n<\/div>\n\n\n\n<div class=\"wp-block-group has-global-padding is-layout-constrained wp-block-group-is-layout-constrained\">\n<p class=\"has-text-align-center subheading\">Zenkit introduce subtask, visualizzazione gerarchica e filtri pi\u00f9 potenti per riportare chiarezza e focus su lavagne Kanban affollate ed occupate.<\/p>\n<\/div>\n\n\n\n<div style=\"height:48px;--tablet-height:36px;--mobile-height:24px\" class=\"wp-block-lookeen-blocks-responsive-spacer\"><\/div>\n\n\n\n<div class=\"wp-block-group has-global-padding is-layout-constrained wp-block-group-is-layout-constrained\">\n<p class=\"has-text-align-center press__headline has-text-color has-link-color wp-elements-0cafadc4909f86abe575493f8f81700c\" style=\"color:#939393;font-size:24px;font-style:normal;font-weight:700;line-height:1.5\">Venerd\u00ec 4 ottobre 2019 \u2013 Karlsruhe, Germania<\/p>\n<\/div>\n<\/div>\n\n\n\n<div style=\"height:88px;--tablet-height:72px;--mobile-height:40px\" class=\"wp-block-lookeen-blocks-responsive-spacer\"><\/div>\n<\/div>\n\n\n\n<div class=\"wp-block-group has-global-padding is-layout-constrained wp-block-group-is-layout-constrained\">\n<div class=\"wp-block-columns is-layout-flex wp-container-core-columns-is-layout-b8d659ec wp-block-columns-is-layout-flex\">\n<div class=\"wp-block-column is-layout-flow wp-block-column-is-layout-flow\">\n<p class=\"has-da-grey-2-color has-text-color has-link-color wp-elements-e12e78abbbc1b40253f4723c6c6e7640\">Oggi, il team Zenkit annuncia il rilascio della loro nuova funzione subtask, assieme alla visualizzazione gerarchica e filtri potenti. Le nuove funzioni introducono una struttura gerarchica che ti permette di aggiungere moduli ad una lavagna Kanban affollata.<\/p>\n\n\n\n<p>Le lavagne Kanban sono amate da team in tutto il mondo per la loro visualizzazione dei progetti intuitiva ed efficace. Tuttavia, il team di Zenkit ha messo in discussione a lungo il modo in cui vengono utilizzate. In particolare, se utilizzate nel tempo per grandi progetti con grandi team, le bacheche Kanban possono diventare affollate e travolgenti. L\u2019assenza di struttura, l\u2019aggiunta di elenchi ambigui e la difficolt\u00e0 di suddividere i task in subtask possono comportare una mancanza di chiarezza nei progetti.<\/p>\n\n\n\n<p class=\"has-da-grey-2-color has-text-color has-link-color wp-elements-b1658a0660591c24caf6a5ec28b47ba4\">L\u2019aggiunta di struttura attraverso l\u2019introduzione di subtask e visualizzazione gerarchica offre la soluzione.<\/p>\n<\/div>\n\n\n\n<div class=\"wp-block-column is-layout-flow wp-block-column-is-layout-flow\">\n<p class=\"has-da-grey-1-color has-text-color has-link-color wp-elements-6ebcde1ddf176d06b73cdc1cfd162e57\">La struttura gerarchia pu\u00f2 aiutarti a suddividere task chiaramente sulla tua lavagna Kanban. Ti permetter\u00e0 inoltre di determinare intuitivamente quali task appartengono a dove e fornisce una pi\u00f9 chiara e focalizzata panoramica dei tuoi processi workflow.<\/p>\n\n\n\n<div class=\"wp-block-group has-background has-global-padding is-layout-constrained wp-container-core-group-is-layout-8412c99a wp-block-group-is-layout-constrained\" style=\"border-radius:20px;background-color:#efefef;margin-bottom:24px;padding-top:20px;padding-right:20px;padding-bottom:20px;padding-left:20px\">\n<p class=\"has-da-grey-1-color has-text-color has-link-color wp-elements-413fb775c2f2e52b466ef1287705528d\" style=\"font-size:14px\"><em><em>\u201cSiamo sempre stati grandi fan delle lavagne Kanban, ma ci siamo resi conto che la loro mancanza di struttura pu\u00f2 causare sovraffollamento e confusione\u201d,<\/em>&nbsp;ha affermato Martin Welker, CEO di Zenkit.<em>&nbsp;\u201cPer caso, mentre lavoravamo sulle nostre nuove funzionalit\u00e0 per le sottoattivit\u00e0, abbiamo trovato la soluzione a questo problema: i filtri gerarchici. Sono un modo intuitivo per trovare rapidamente attivit\u00e0 correlate o ottenere una panoramica delle attivit\u00e0 chiave. Siamo fiduciosi che queste nuove funzioni cambieranno per sempre il modo in cui utilizzi le lavagne Kanban\u201d.&nbsp;<\/em><\/em><\/p>\n<\/div>\n<\/div>\n<\/div>\n<\/div>\n\n\n\n<div style=\"height:45px;--tablet-height:45px;--mobile-height:16px\" class=\"wp-block-lookeen-blocks-responsive-spacer\"><\/div>\n\n\n\n<figure class=\"wp-block-image aligncenter size-full is-resized border-radius--20 overflow__hidden  box__shadow\"><img loading=\"lazy\" decoding=\"async\" width=\"1024\" height=\"538\" src=\"https:\/\/zenkit.com\/wp-content\/uploads\/2025\/05\/base-1024x538-1.webp\" alt=\"\" class=\"wp-image-115467\" style=\"width:491px;height:auto\" srcset=\"https:\/\/zenkit.com\/wp-content\/uploads\/2025\/05\/base-1024x538-1.webp 1024w, https:\/\/zenkit.com\/wp-content\/uploads\/2025\/05\/base-1024x538-1-300x158.webp 300w, https:\/\/zenkit.com\/wp-content\/uploads\/2025\/05\/base-1024x538-1-768x404.webp 768w\" sizes=\"auto, (max-width: 1024px) 100vw, 1024px\" \/><\/figure>\n\n\n\n<div style=\"height:88px;--tablet-height:72px;--mobile-height:40px\" class=\"wp-block-lookeen-blocks-responsive-spacer\"><\/div>\n\n\n\n<div class=\"wp-block-group has-global-padding is-layout-constrained wp-block-group-is-layout-constrained\">\n<h2 class=\"wp-block-heading has-text-align-center\" style=\"margin-bottom:0px\">Cosa aspettarsi:<\/h2>\n\n\n\n<div style=\"height:48px;--tablet-height:36px;--mobile-height:24px\" class=\"wp-block-lookeen-blocks-responsive-spacer\"><\/div>\n\n\n\n<div class=\"wp-block-group has-global-padding is-layout-constrained wp-block-group-is-layout-constrained\">\n<div class=\"wp-block-columns is-layout-flex wp-container-core-columns-is-layout-28f84493 wp-block-columns-is-layout-flex\">\n<div class=\"wp-block-column is-layout-flow wp-block-column-is-layout-flow\">\n<ul class=\"wp-block-list list__with-checkmark-blue-and-underline\">\n<li>Filtro dell\u2019intervallo gerarchico che ti consente di visualizzare solo i task di livello superiore, quindi non devi creare una collection o una visualizzazione separata per vedere il quadro generale.<\/li>\n\n\n\n<li>Filtro Subtask che ti permette di visualizzare tutti i tuoi subitems di un particolare item con un solo clic. I task non pertinenti degli altri items spariranno dalla tua lavagna ed avrai una panoramica di un sub-progetto come fosse sulla sua lavagna Kanban. Ci\u00f2 pu\u00f2 mostrarti immediatamente dove si trovano i tuoi colli di bottiglia.<\/li>\n\n\n\n<li>Nuova mappa mentale che ti connette direttamente alla tua visualizzazione gerarchica, offrenti un modo pi\u00f9 espressivo per lavorare con gli stessi dati.<\/li>\n<\/ul>\n<\/div>\n\n\n\n<div class=\"wp-block-column is-layout-flow wp-block-column-is-layout-flow\">\n<ul class=\"wp-block-list list__with-checkmark-blue-and-underline\">\n<li>Formule ricorsive che consentono di aggregare il valore dei subtask.<\/li>\n\n\n\n<li>La possibilit\u00e0 di contrassegnare automaticamente tutti i subtask come completati contrassegnando il task genitore come completato.<\/li>\n<\/ul>\n<\/div>\n<\/div>\n<\/div>\n\n\n\n<div style=\"height:88px;--tablet-height:72px;--mobile-height:40px\" class=\"wp-block-lookeen-blocks-responsive-spacer\"><\/div>\n\n\n\n<div class=\"wp-block-group has-global-padding is-layout-constrained wp-container-core-group-is-layout-7cc94c3e wp-block-group-is-layout-constrained\">\n<div class=\"wp-block-group has-global-padding is-layout-constrained wp-block-group-is-layout-constrained\">\n<p class=\"has-text-align-center has-da-grey-2-color has-text-color has-link-color wp-elements-b8ab12982bf5581546f528c11531c42a\">Oltre a queste nuove funzioni, Zenkit \u00e8 ora a prova di azienda con l\u2019introduzione della funzione organizzazione, che permette a grandi organizzazioni di gestire utenti tramite i loro provider di identit\u00e0 esistenti con supporto per SSO basato su SAML e approvvigionamento tramite SCIM.&nbsp;<\/p>\n<\/div>\n\n\n\n<div style=\"height:88px;--tablet-height:72px;--mobile-height:40px\" class=\"wp-block-lookeen-blocks-responsive-spacer\"><\/div>\n\n\n\n<h3 class=\"wp-block-heading has-text-align-center\" style=\"margin-bottom:8px;font-style:normal;font-weight:700\">Riguardo Zenkit<\/h3>\n\n\n\n<p class=\"has-text-align-center has-da-grey-2-color has-text-color has-link-color wp-elements-acd2b008b9a774743b6779e5ca2a310c\">Zenkit \u00e8 una startup formata sotto Axonic GmbH. La piattaforma per la gestione del progetto SaaSe creazione database \u00e8 stata lanciata nell\u2019ottobre del 2016.<\/p>\n<\/div>\n<\/div>\n\n\n\n<div style=\"height:110px;--tablet-height:60px;--mobile-height:48px\" class=\"wp-block-lookeen-blocks-responsive-spacer\"><\/div>\n","protected":false},"excerpt":{"rendered":"<p>Reinventando la lavagna Kanban Zenkit introduce subtask, visualizzazione gerarchica e filtri pi\u00f9 potenti per riportare chiarezza e focus su lavagne Kanban affollate ed occupate. Venerd\u00ec 4 ottobre 2019 \u2013 Karlsruhe, Germania Oggi, il team Zenkit annuncia il rilascio della loro nuova funzione subtask, assieme alla visualizzazione gerarchica e filtri potenti. Le nuove funzioni introducono una [&hellip;]<\/p>\n","protected":false},"author":30,"featured_media":0,"parent":61684,"menu_order":8,"comment_status":"closed","ping_status":"closed","template":"","meta":{"yasr_overall_rating":0,"yasr_post_is_review":"","yasr_auto_insert_disabled":"","yasr_review_type":"","footnotes":""},"class_list":["post-72968","page","type-page","status-publish","hentry"],"yoast_head":"<!-- This site is optimized with the Yoast SEO plugin v27.3 - https:\/\/yoast.com\/product\/yoast-seo-wordpress\/ -->\n<title>Reinventing the Kanban board | Zenkit<\/title>\n<meta name=\"description\" content=\"Zenkit introduces subtasks, hierarchy view, and more powerful filters to bring clarity and focus back to crowded and busy Kanban boards.\" \/>\n<meta name=\"robots\" content=\"index, follow, max-snippet:-1, max-image-preview:large, max-video-preview:-1\" \/>\n<link rel=\"canonical\" href=\"https:\/\/zenkit.com\/it\/kit-pubblicazioni\/reinventing-the-kanban-board\/\" \/>\n<meta property=\"og:locale\" content=\"it_IT\" \/>\n<meta property=\"og:type\" content=\"article\" \/>\n<meta property=\"og:title\" content=\"Reinventing the Kanban board | Zenkit\" \/>\n<meta property=\"og:description\" content=\"Zenkit introduces subtasks, hierarchy view, and more powerful filters to bring clarity and focus back to crowded and busy Kanban boards.\" \/>\n<meta property=\"og:url\" content=\"https:\/\/zenkit.com\/it\/kit-pubblicazioni\/reinventing-the-kanban-board\/\" \/>\n<meta property=\"og:site_name\" content=\"Zenkit\" \/>\n<meta property=\"article:publisher\" content=\"https:\/\/www.facebook.com\/ZenkitHQ\" \/>\n<meta property=\"article:modified_time\" content=\"2025-10-28T14:54:43+00:00\" \/>\n<meta property=\"og:image\" content=\"https:\/\/zenkit.com\/wp-content\/uploads\/2025\/05\/base-1024x538-1.webp\" \/>\n\t<meta property=\"og:image:width\" content=\"1024\" \/>\n\t<meta property=\"og:image:height\" content=\"538\" \/>\n\t<meta property=\"og:image:type\" content=\"image\/webp\" \/>\n<meta name=\"twitter:card\" content=\"summary_large_image\" \/>\n<meta name=\"twitter:site\" content=\"@ZenkitHQ\" \/>\n<meta name=\"twitter:label1\" content=\"Tempo di lettura stimato\" \/>\n\t<meta name=\"twitter:data1\" content=\"7 minuti\" \/>\n<script type=\"application\/ld+json\" class=\"yoast-schema-graph\">{\"@context\":\"https:\\\/\\\/schema.org\",\"@graph\":[{\"@type\":\"WebPage\",\"@id\":\"https:\\\/\\\/zenkit.com\\\/it\\\/kit-pubblicazioni\\\/reinventing-the-kanban-board\\\/\",\"url\":\"https:\\\/\\\/zenkit.com\\\/it\\\/kit-pubblicazioni\\\/reinventing-the-kanban-board\\\/\",\"name\":\"Reinventing the Kanban board | Zenkit\",\"isPartOf\":{\"@id\":\"https:\\\/\\\/zenkit.com\\\/it\\\/#website\"},\"primaryImageOfPage\":{\"@id\":\"https:\\\/\\\/zenkit.com\\\/it\\\/kit-pubblicazioni\\\/reinventing-the-kanban-board\\\/#primaryimage\"},\"image\":{\"@id\":\"https:\\\/\\\/zenkit.com\\\/it\\\/kit-pubblicazioni\\\/reinventing-the-kanban-board\\\/#primaryimage\"},\"thumbnailUrl\":\"https:\\\/\\\/zenkit.com\\\/wp-content\\\/uploads\\\/2025\\\/05\\\/base-1024x538-1.webp\",\"datePublished\":\"2019-11-18T09:21:30+00:00\",\"dateModified\":\"2025-10-28T14:54:43+00:00\",\"description\":\"Zenkit introduces subtasks, hierarchy view, and more powerful filters to bring clarity and focus back to crowded and busy Kanban boards.\",\"breadcrumb\":{\"@id\":\"https:\\\/\\\/zenkit.com\\\/it\\\/kit-pubblicazioni\\\/reinventing-the-kanban-board\\\/#breadcrumb\"},\"inLanguage\":\"it-IT\",\"potentialAction\":[{\"@type\":\"ReadAction\",\"target\":[\"https:\\\/\\\/zenkit.com\\\/it\\\/kit-pubblicazioni\\\/reinventing-the-kanban-board\\\/\"]}]},{\"@type\":\"ImageObject\",\"inLanguage\":\"it-IT\",\"@id\":\"https:\\\/\\\/zenkit.com\\\/it\\\/kit-pubblicazioni\\\/reinventing-the-kanban-board\\\/#primaryimage\",\"url\":\"https:\\\/\\\/zenkit.com\\\/wp-content\\\/uploads\\\/2025\\\/05\\\/base-1024x538-1.webp\",\"contentUrl\":\"https:\\\/\\\/zenkit.com\\\/wp-content\\\/uploads\\\/2025\\\/05\\\/base-1024x538-1.webp\"},{\"@type\":\"BreadcrumbList\",\"@id\":\"https:\\\/\\\/zenkit.com\\\/it\\\/kit-pubblicazioni\\\/reinventing-the-kanban-board\\\/#breadcrumb\",\"itemListElement\":[{\"@type\":\"ListItem\",\"position\":1,\"name\":\"Home\",\"item\":\"https:\\\/\\\/zenkit.com\\\/it\\\/\"},{\"@type\":\"ListItem\",\"position\":2,\"name\":\"Kit pubblicazioni\",\"item\":\"https:\\\/\\\/zenkit.com\\\/it\\\/kit-pubblicazioni\\\/\"},{\"@type\":\"ListItem\",\"position\":3,\"name\":\"Reinventing the Kanban board\"}]},{\"@type\":\"WebSite\",\"@id\":\"https:\\\/\\\/zenkit.com\\\/it\\\/#website\",\"url\":\"https:\\\/\\\/zenkit.com\\\/it\\\/\",\"name\":\"Zenkit\",\"description\":\"Zenkit Tagline\",\"potentialAction\":[{\"@type\":\"SearchAction\",\"target\":{\"@type\":\"EntryPoint\",\"urlTemplate\":\"https:\\\/\\\/zenkit.com\\\/it\\\/?s={search_term_string}\"},\"query-input\":{\"@type\":\"PropertyValueSpecification\",\"valueRequired\":true,\"valueName\":\"search_term_string\"}}],\"inLanguage\":\"it-IT\"},false]}<\/script>\n<!-- \/ Yoast SEO plugin. -->","yoast_head_json":{"title":"Reinventing the Kanban board | Zenkit","description":"Zenkit introduces subtasks, hierarchy view, and more powerful filters to bring clarity and focus back to crowded and busy Kanban boards.","robots":{"index":"index","follow":"follow","max-snippet":"max-snippet:-1","max-image-preview":"max-image-preview:large","max-video-preview":"max-video-preview:-1"},"canonical":"https:\/\/zenkit.com\/it\/kit-pubblicazioni\/reinventing-the-kanban-board\/","og_locale":"it_IT","og_type":"article","og_title":"Reinventing the Kanban board | Zenkit","og_description":"Zenkit introduces subtasks, hierarchy view, and more powerful filters to bring clarity and focus back to crowded and busy Kanban boards.","og_url":"https:\/\/zenkit.com\/it\/kit-pubblicazioni\/reinventing-the-kanban-board\/","og_site_name":"Zenkit","article_publisher":"https:\/\/www.facebook.com\/ZenkitHQ","article_modified_time":"2025-10-28T14:54:43+00:00","og_image":[{"width":1024,"height":538,"url":"https:\/\/zenkit.com\/wp-content\/uploads\/2025\/05\/base-1024x538-1.webp","type":"image\/webp"}],"twitter_card":"summary_large_image","twitter_site":"@ZenkitHQ","twitter_misc":{"Tempo di lettura stimato":"7 minuti"},"schema":{"@context":"https:\/\/schema.org","@graph":[{"@type":"WebPage","@id":"https:\/\/zenkit.com\/it\/kit-pubblicazioni\/reinventing-the-kanban-board\/","url":"https:\/\/zenkit.com\/it\/kit-pubblicazioni\/reinventing-the-kanban-board\/","name":"Reinventing the Kanban board | Zenkit","isPartOf":{"@id":"https:\/\/zenkit.com\/it\/#website"},"primaryImageOfPage":{"@id":"https:\/\/zenkit.com\/it\/kit-pubblicazioni\/reinventing-the-kanban-board\/#primaryimage"},"image":{"@id":"https:\/\/zenkit.com\/it\/kit-pubblicazioni\/reinventing-the-kanban-board\/#primaryimage"},"thumbnailUrl":"https:\/\/zenkit.com\/wp-content\/uploads\/2025\/05\/base-1024x538-1.webp","datePublished":"2019-11-18T09:21:30+00:00","dateModified":"2025-10-28T14:54:43+00:00","description":"Zenkit introduces subtasks, hierarchy view, and more powerful filters to bring clarity and focus back to crowded and busy Kanban boards.","breadcrumb":{"@id":"https:\/\/zenkit.com\/it\/kit-pubblicazioni\/reinventing-the-kanban-board\/#breadcrumb"},"inLanguage":"it-IT","potentialAction":[{"@type":"ReadAction","target":["https:\/\/zenkit.com\/it\/kit-pubblicazioni\/reinventing-the-kanban-board\/"]}]},{"@type":"ImageObject","inLanguage":"it-IT","@id":"https:\/\/zenkit.com\/it\/kit-pubblicazioni\/reinventing-the-kanban-board\/#primaryimage","url":"https:\/\/zenkit.com\/wp-content\/uploads\/2025\/05\/base-1024x538-1.webp","contentUrl":"https:\/\/zenkit.com\/wp-content\/uploads\/2025\/05\/base-1024x538-1.webp"},{"@type":"BreadcrumbList","@id":"https:\/\/zenkit.com\/it\/kit-pubblicazioni\/reinventing-the-kanban-board\/#breadcrumb","itemListElement":[{"@type":"ListItem","position":1,"name":"Home","item":"https:\/\/zenkit.com\/it\/"},{"@type":"ListItem","position":2,"name":"Kit pubblicazioni","item":"https:\/\/zenkit.com\/it\/kit-pubblicazioni\/"},{"@type":"ListItem","position":3,"name":"Reinventing the Kanban board"}]},{"@type":"WebSite","@id":"https:\/\/zenkit.com\/it\/#website","url":"https:\/\/zenkit.com\/it\/","name":"Zenkit","description":"Zenkit Tagline","potentialAction":[{"@type":"SearchAction","target":{"@type":"EntryPoint","urlTemplate":"https:\/\/zenkit.com\/it\/?s={search_term_string}"},"query-input":{"@type":"PropertyValueSpecification","valueRequired":true,"valueName":"search_term_string"}}],"inLanguage":"it-IT"},false]}},"yasr_visitor_votes":{"stars_attributes":{"read_only":false,"span_bottom":false},"number_of_votes":0,"sum_votes":0},"_links":{"self":[{"href":"https:\/\/zenkit.com\/it\/wp-json\/wp\/v2\/pages\/72968","targetHints":{"allow":["GET"]}}],"collection":[{"href":"https:\/\/zenkit.com\/it\/wp-json\/wp\/v2\/pages"}],"about":[{"href":"https:\/\/zenkit.com\/it\/wp-json\/wp\/v2\/types\/page"}],"author":[{"embeddable":true,"href":"https:\/\/zenkit.com\/it\/wp-json\/wp\/v2\/users\/30"}],"replies":[{"embeddable":true,"href":"https:\/\/zenkit.com\/it\/wp-json\/wp\/v2\/comments?post=72968"}],"version-history":[{"count":2,"href":"https:\/\/zenkit.com\/it\/wp-json\/wp\/v2\/pages\/72968\/revisions"}],"predecessor-version":[{"id":173541,"href":"https:\/\/zenkit.com\/it\/wp-json\/wp\/v2\/pages\/72968\/revisions\/173541"}],"up":[{"embeddable":true,"href":"https:\/\/zenkit.com\/it\/wp-json\/wp\/v2\/pages\/61684"}],"wp:attachment":[{"href":"https:\/\/zenkit.com\/it\/wp-json\/wp\/v2\/media?parent=72968"}],"curies":[{"name":"wp","href":"https:\/\/api.w.org\/{rel}","templated":true}]}}