{"id":72972,"date":"2018-07-07T01:32:00","date_gmt":"2018-07-06T23:32:00","guid":{"rendered":"https:\/\/zenkit.com\/kit-pubblicazioni\/zenkit-now-available-as-a-snap-for-linux-users\/"},"modified":"2025-10-28T20:23:28","modified_gmt":"2025-10-28T19:23:28","slug":"zenkit-now-available-as-a-snap-for-linux-users","status":"publish","type":"page","link":"https:\/\/zenkit.com\/it\/kit-pubblicazioni\/zenkit-now-available-as-a-snap-for-linux-users\/","title":{"rendered":"Zenkit now available as a snap for Linux users"},"content":{"rendered":"\n<div class=\"wp-block-group has-global-padding is-layout-constrained wp-block-group-is-layout-constrained\">\n<div class=\"wp-block-group width--950 has-global-padding is-layout-constrained wp-block-group-is-layout-constrained\">\n<div style=\"height:45px;--tablet-height:45px;--mobile-height:16px\" class=\"wp-block-lookeen-blocks-responsive-spacer\"><\/div>\n\n\n\n<div class=\"wp-block-group has-global-padding is-layout-constrained wp-block-group-is-layout-constrained\">\n<h1 class=\"wp-block-heading has-text-align-center\" style=\"margin-bottom:8px\">Zenkit \u00e8 ora disponibile come snap per utenti Linux<\/h1>\n<\/div>\n\n\n\n<div class=\"wp-block-group has-global-padding is-layout-constrained wp-block-group-is-layout-constrained\">\n<p class=\"has-text-align-center subheading\">Il formato universale di packaging delle app Linux di Canonical consente agli utenti Linux di installare il popolare software di gestione dei progetti con un semplice clic e installazione<\/p>\n<\/div>\n\n\n\n<div style=\"height:48px;--tablet-height:36px;--mobile-height:24px\" class=\"wp-block-lookeen-blocks-responsive-spacer\"><\/div>\n\n\n\n<div class=\"wp-block-group has-global-padding is-layout-constrained wp-block-group-is-layout-constrained\">\n<p class=\"has-text-align-center press__headline has-text-color has-link-color wp-elements-67c2526d197130e7494d00e8fb95e636\" style=\"color:#939393;font-size:24px;font-style:normal;font-weight:700;line-height:1.5\">8 Maggio 2018 \u2013 Karlsruhe, Germania<\/p>\n<\/div>\n<\/div>\n\n\n\n<div style=\"height:88px;--tablet-height:72px;--mobile-height:40px\" class=\"wp-block-lookeen-blocks-responsive-spacer\"><\/div>\n<\/div>\n\n\n\n<div class=\"wp-block-group has-global-padding is-layout-constrained wp-block-group-is-layout-constrained\">\n<div class=\"wp-block-columns is-layout-flex wp-container-core-columns-is-layout-b8d659ec wp-block-columns-is-layout-flex\">\n<div class=\"wp-block-column is-layout-flow wp-block-column-is-layout-flow\">\n<p class=\"has-da-grey-2-color has-text-color has-link-color wp-elements-b851b1356a4178e15816d88bba7800a8\">Oggi,&nbsp;<a href=\"https:\/\/zenkit.com\/\">Zenkit<\/a>, una delle pi\u00f9 innovative soluzioni di gestione dei progetti basate sul Web, \u00e8 ora disponibile come snap, il formato universale di packaging delle app Linux creato da&nbsp;<a href=\"https:\/\/www.canonical.com\/\">Canonical<\/a>, l\u2019azienda dietro&nbsp;<a href=\"https:\/\/www.ubuntu.com\/\">Ubuntu<\/a>.<\/p>\n\n\n\n<p class=\"has-da-grey-2-color has-text-color has-link-color wp-elements-dde71e01ea78377650fc4dcc4d874f0f\">Zenkit \u00e8 un software di gestione dei progetti all-in-one che consente agli utenti diverse visualizzazioni delle proprie informazioni. Sia che vogliano utilizzare semplicemente una lista to-do per completare le attivit\u00e0 quotidiane o per gestire un grande progetto con il proprio team, Zenkit fornisce le funzionalit\u00e0 necessarie per consentire loro di lavorare in modo produttivo. Grazie alla sua interfaccia flessibile, Zenkit si adatta anche a qualsiasi progetto.<\/p>\n\n\n\n<p class=\"has-da-grey-2-color has-text-color has-link-color wp-elements-49c22803d52a849bd3f1896adb4de98b\">Il rilascio significa che Zenkit pu\u00f2 fornire il suo servizio di gestione del progetto a una gamma pi\u00f9 ampia di utenti Linux, inclusi quelli che usano Linux Mint, Manjaro, Debian, OpenSUSE e Solus, cos\u00ec come i milioni di utenti su Ubuntu. Dal suo lancio alla fine del 2016, Zenkit ha mirato a diventare indipendente dalla piattaforma e dal dispositivo. Snap \u00e8 un ulteriore passo verso quell\u2019obiettivo.<\/p>\n<\/div>\n\n\n\n<div class=\"wp-block-column is-layout-flow wp-block-column-is-layout-flow\">\n<p class=\"has-da-grey-1-color has-text-color has-link-color wp-elements-f7b3d9a618676ca67e83367f74091cb8\">\u201cSiamo lieti di vedere Zenkit portare la loro soluzione di gestione dei progetti nell\u2019ecosistema snap e attribuire agli utenti Linux la stessa importanza di quelli di altri sistemi operativi. Vediamo una quantit\u00e0 sempre pi\u00f9 varia di scatti nel negozio, Zenkit \u00e8 l\u2019ultimo esempio di produttivit\u00e0 e quindi amplia le app disponibili per gli utenti Linux tra cui scegliere\u201d, afferma Jamie Bennett, VP of Engineering, IoT and Devices presso Canonical.<\/p>\n\n\n\n<p class=\"has-da-grey-2-color has-text-color has-link-color wp-elements-b1098f2f5bc69c60bfb28ee4da17c1ad\">Gli&nbsp;<a href=\"https:\/\/snapcraft.io\/\">Snaps<\/a>&nbsp;sono pacchetti software containerizzati progettati per funzionare perfettamente e in sicurezza in qualsiasi ambiente Linux. Oltre a supportare tutti i principali sistemi Linux da un\u2019unica build, gli snap possono anche essere aggiornati o ripristinati automaticamente per garantire che gli utenti traggano sempre vantaggio dall\u2019ultima versione dell\u2019applicazione. Dal loro lancio nel 2016, migliaia di snap sono stati rilasciati dagli sviluppatori poich\u00e9 hanno adottato il formato per la sua affidabilit\u00e0 e sicurezza.<\/p>\n\n\n\n<p class=\"has-da-grey-1-color has-text-color has-link-color wp-elements-b3aa9ff8040720a7a8a9b0a2c709fae1\">Zenkit \u00e8 disponibile per essere scaricato come snap cliccando&nbsp;<a href=\"https:\/\/snapcraft.io\/store\">qua<\/a>.<\/p>\n<\/div>\n<\/div>\n<\/div>\n\n\n\n<div style=\"height:45px;--tablet-height:45px;--mobile-height:16px\" class=\"wp-block-lookeen-blocks-responsive-spacer\"><\/div>\n\n\n\n<figure class=\"wp-block-image aligncenter size-large is-resized border-radius--20 overflow__hidden  box__shadow\"><img loading=\"lazy\" decoding=\"async\" width=\"1024\" height=\"538\" src=\"https:\/\/zenkit.com\/wp-content\/uploads\/2021\/01\/base-1024x538.jpg\" alt=\"\" class=\"wp-image-55221\" style=\"width:491px;height:auto\" srcset=\"https:\/\/zenkit.com\/wp-content\/uploads\/2021\/01\/base-1024x538.jpg 1024w, https:\/\/zenkit.com\/wp-content\/uploads\/2021\/01\/base-300x158.jpg 300w, https:\/\/zenkit.com\/wp-content\/uploads\/2021\/01\/base-768x403.jpg 768w, https:\/\/zenkit.com\/wp-content\/uploads\/2021\/01\/base.jpg 1200w\" sizes=\"auto, (max-width: 1024px) 100vw, 1024px\" \/><\/figure>\n\n\n\n<div style=\"height:88px;--tablet-height:72px;--mobile-height:40px\" class=\"wp-block-lookeen-blocks-responsive-spacer\"><\/div>\n\n\n\n<div class=\"wp-block-group has-global-padding is-layout-constrained wp-block-group-is-layout-constrained\">\n<div class=\"wp-block-group has-background has-global-padding is-layout-constrained wp-container-core-group-is-layout-8412c99a wp-block-group-is-layout-constrained\" style=\"border-radius:20px;background-color:#efefef;margin-bottom:24px;padding-top:20px;padding-right:20px;padding-bottom:20px;padding-left:20px\">\n<p class=\"has-da-grey-1-color has-text-color has-link-color wp-elements-54bfb6f4b8706ff1d68e8fe76f03a224\" style=\"font-size:14px\">Peter Oehler, COO di Zenkit, afferma: \u201cGli utenti Linux sono utenti appassionati di Zenkit e volevamo supportarli il pi\u00f9 possibile. Sono parte integrante della comunit\u00e0 Zenkit. Semplificare i flussi di lavoro \u00e8 ci\u00f2 che Zenkit sa fare meglio e questo scatto aiuter\u00e0 gli utenti a disporre dell\u2019ultima versione del nostro software, senza aggiungere altro lavoro per loro\u201d.<\/p>\n<\/div>\n<\/div>\n\n\n\n<div style=\"height:88px;--tablet-height:72px;--mobile-height:40px\" class=\"wp-block-lookeen-blocks-responsive-spacer\"><\/div>\n\n\n\n<div class=\"wp-block-group has-global-padding is-layout-constrained wp-block-group-is-layout-constrained\">\n<div class=\"wp-block-group has-global-padding is-layout-constrained wp-container-core-group-is-layout-7cc94c3e wp-block-group-is-layout-constrained\">\n<h3 class=\"wp-block-heading has-text-align-center\" style=\"margin-bottom:8px;font-style:normal;font-weight:700\">Riguardo Zenkit<\/h3>\n\n\n\n<p class=\"has-text-align-center has-da-grey-2-color has-text-color has-link-color wp-elements-dfa1469ffaf1f5b9b6cb0c2e1c86c729\">Zenkit \u00e8 una piattaforma per la gestione del progetto e costruzione database creata da Axonic GmbH in Germania. \u00c8 stata lanciata nell\u2019ottobre del 2016.<\/p>\n\n\n\n<div style=\"height:88px;--tablet-height:72px;--mobile-height:40px\" class=\"wp-block-lookeen-blocks-responsive-spacer\"><\/div>\n\n\n\n<h3 class=\"wp-block-heading has-text-align-center\" style=\"margin-bottom:8px;font-style:normal;font-weight:700\">Riguardo Axonic<\/h3>\n\n\n\n<p class=\"has-text-align-center has-da-grey-2-color has-text-color has-link-color wp-elements-e5807aed344f4f4cf8864ce50c2eaa94\">Axonic GmbH \u00e8 un fornitore di software privato incentrato sulla tecnologia relativa all\u2019informazione, alla comunicazione e al riconoscimento. L\u2019azienda ha sede a Karlsruhe, in Germania ed \u00e8 stata fondata da Martin Welker nel 2003. Axonic sviluppa con successo software nei settori dell\u2019intelligenza artificiale, della conoscenza e dell\u2019estrazione di informazioni da oltre un decennio. Dal 2002, la loro ricerca si \u00e8 basata principalmente sull\u2019area della \u201ccommunication intelligence\u201d \u2013 l\u2019analisi e la presentazione della comunicazione. Axonic ha rilasciato 6 prodotti principali che servono oltre 5.000.000 di persone in tutto il mondo.<\/p>\n<\/div>\n<\/div>\n\n\n\n<div style=\"height:110px;--tablet-height:60px;--mobile-height:48px\" class=\"wp-block-lookeen-blocks-responsive-spacer\"><\/div>\n","protected":false},"excerpt":{"rendered":"<p>Zenkit \u00e8 ora disponibile come snap per utenti Linux Il formato universale di packaging delle app Linux di Canonical consente agli utenti Linux di installare il popolare software di gestione dei progetti con un semplice clic e installazione 8 Maggio 2018 \u2013 Karlsruhe, Germania Oggi,&nbsp;Zenkit, una delle pi\u00f9 innovative soluzioni di gestione dei progetti basate [&hellip;]<\/p>\n","protected":false},"author":30,"featured_media":0,"parent":61684,"menu_order":10,"comment_status":"closed","ping_status":"closed","template":"","meta":{"yasr_overall_rating":0,"yasr_post_is_review":"","yasr_auto_insert_disabled":"","yasr_review_type":"","footnotes":""},"class_list":["post-72972","page","type-page","status-publish","hentry"],"yoast_head":"<!-- This site is optimized with the Yoast SEO plugin v27.3 - https:\/\/yoast.com\/product\/yoast-seo-wordpress\/ -->\n<title>Zenkit now available as a snap for Linux users | Zenkit<\/title>\n<meta name=\"description\" content=\"Zenkit is now available as a snap, the universal Linux app packaging format created by Canonical, the company behind Ubuntu.\" \/>\n<meta name=\"robots\" content=\"index, follow, max-snippet:-1, max-image-preview:large, max-video-preview:-1\" \/>\n<link rel=\"canonical\" href=\"https:\/\/zenkit.com\/it\/kit-pubblicazioni\/zenkit-now-available-as-a-snap-for-linux-users\/\" \/>\n<meta property=\"og:locale\" content=\"it_IT\" \/>\n<meta property=\"og:type\" content=\"article\" \/>\n<meta property=\"og:title\" content=\"Zenkit now available as a snap for Linux users | Zenkit\" \/>\n<meta property=\"og:description\" content=\"Zenkit is now available as a snap, the universal Linux app packaging format created by Canonical, the company behind Ubuntu.\" \/>\n<meta property=\"og:url\" content=\"https:\/\/zenkit.com\/it\/kit-pubblicazioni\/zenkit-now-available-as-a-snap-for-linux-users\/\" \/>\n<meta property=\"og:site_name\" content=\"Zenkit\" \/>\n<meta property=\"article:publisher\" content=\"https:\/\/www.facebook.com\/ZenkitHQ\" \/>\n<meta property=\"article:modified_time\" content=\"2025-10-28T19:23:28+00:00\" \/>\n<meta property=\"og:image\" content=\"https:\/\/zenkit.com\/wp-content\/uploads\/2021\/01\/base.jpg\" \/>\n\t<meta property=\"og:image:width\" content=\"1200\" \/>\n\t<meta property=\"og:image:height\" content=\"630\" \/>\n\t<meta property=\"og:image:type\" content=\"image\/jpeg\" \/>\n<meta name=\"twitter:card\" content=\"summary_large_image\" \/>\n<meta name=\"twitter:site\" content=\"@ZenkitHQ\" \/>\n<meta name=\"twitter:label1\" content=\"Tempo di lettura stimato\" \/>\n\t<meta name=\"twitter:data1\" content=\"23 minuti\" \/>\n<script type=\"application\/ld+json\" class=\"yoast-schema-graph\">{\"@context\":\"https:\\\/\\\/schema.org\",\"@graph\":[{\"@type\":\"WebPage\",\"@id\":\"https:\\\/\\\/zenkit.com\\\/it\\\/kit-pubblicazioni\\\/zenkit-now-available-as-a-snap-for-linux-users\\\/\",\"url\":\"https:\\\/\\\/zenkit.com\\\/it\\\/kit-pubblicazioni\\\/zenkit-now-available-as-a-snap-for-linux-users\\\/\",\"name\":\"Zenkit now available as a snap for Linux users | Zenkit\",\"isPartOf\":{\"@id\":\"https:\\\/\\\/zenkit.com\\\/it\\\/#website\"},\"primaryImageOfPage\":{\"@id\":\"https:\\\/\\\/zenkit.com\\\/it\\\/kit-pubblicazioni\\\/zenkit-now-available-as-a-snap-for-linux-users\\\/#primaryimage\"},\"image\":{\"@id\":\"https:\\\/\\\/zenkit.com\\\/it\\\/kit-pubblicazioni\\\/zenkit-now-available-as-a-snap-for-linux-users\\\/#primaryimage\"},\"thumbnailUrl\":\"https:\\\/\\\/zenkit.com\\\/wp-content\\\/uploads\\\/2021\\\/01\\\/base-1024x538.jpg\",\"datePublished\":\"2018-07-06T23:32:00+00:00\",\"dateModified\":\"2025-10-28T19:23:28+00:00\",\"description\":\"Zenkit is now available as a snap, the universal Linux app packaging format created by Canonical, the company behind Ubuntu.\",\"breadcrumb\":{\"@id\":\"https:\\\/\\\/zenkit.com\\\/it\\\/kit-pubblicazioni\\\/zenkit-now-available-as-a-snap-for-linux-users\\\/#breadcrumb\"},\"inLanguage\":\"it-IT\",\"potentialAction\":[{\"@type\":\"ReadAction\",\"target\":[\"https:\\\/\\\/zenkit.com\\\/it\\\/kit-pubblicazioni\\\/zenkit-now-available-as-a-snap-for-linux-users\\\/\"]}]},{\"@type\":\"ImageObject\",\"inLanguage\":\"it-IT\",\"@id\":\"https:\\\/\\\/zenkit.com\\\/it\\\/kit-pubblicazioni\\\/zenkit-now-available-as-a-snap-for-linux-users\\\/#primaryimage\",\"url\":\"https:\\\/\\\/zenkit.com\\\/wp-content\\\/uploads\\\/2021\\\/01\\\/base-1024x538.jpg\",\"contentUrl\":\"https:\\\/\\\/zenkit.com\\\/wp-content\\\/uploads\\\/2021\\\/01\\\/base-1024x538.jpg\"},{\"@type\":\"BreadcrumbList\",\"@id\":\"https:\\\/\\\/zenkit.com\\\/it\\\/kit-pubblicazioni\\\/zenkit-now-available-as-a-snap-for-linux-users\\\/#breadcrumb\",\"itemListElement\":[{\"@type\":\"ListItem\",\"position\":1,\"name\":\"Home\",\"item\":\"https:\\\/\\\/zenkit.com\\\/it\\\/\"},{\"@type\":\"ListItem\",\"position\":2,\"name\":\"Kit pubblicazioni\",\"item\":\"https:\\\/\\\/zenkit.com\\\/it\\\/kit-pubblicazioni\\\/\"},{\"@type\":\"ListItem\",\"position\":3,\"name\":\"Zenkit now available as a snap for Linux users\"}]},{\"@type\":\"WebSite\",\"@id\":\"https:\\\/\\\/zenkit.com\\\/it\\\/#website\",\"url\":\"https:\\\/\\\/zenkit.com\\\/it\\\/\",\"name\":\"Zenkit\",\"description\":\"Zenkit Tagline\",\"potentialAction\":[{\"@type\":\"SearchAction\",\"target\":{\"@type\":\"EntryPoint\",\"urlTemplate\":\"https:\\\/\\\/zenkit.com\\\/it\\\/?s={search_term_string}\"},\"query-input\":{\"@type\":\"PropertyValueSpecification\",\"valueRequired\":true,\"valueName\":\"search_term_string\"}}],\"inLanguage\":\"it-IT\"},false]}<\/script>\n<!-- \/ Yoast SEO plugin. -->","yoast_head_json":{"title":"Zenkit now available as a snap for Linux users | Zenkit","description":"Zenkit is now available as a snap, the universal Linux app packaging format created by Canonical, the company behind Ubuntu.","robots":{"index":"index","follow":"follow","max-snippet":"max-snippet:-1","max-image-preview":"max-image-preview:large","max-video-preview":"max-video-preview:-1"},"canonical":"https:\/\/zenkit.com\/it\/kit-pubblicazioni\/zenkit-now-available-as-a-snap-for-linux-users\/","og_locale":"it_IT","og_type":"article","og_title":"Zenkit now available as a snap for Linux users | Zenkit","og_description":"Zenkit is now available as a snap, the universal Linux app packaging format created by Canonical, the company behind Ubuntu.","og_url":"https:\/\/zenkit.com\/it\/kit-pubblicazioni\/zenkit-now-available-as-a-snap-for-linux-users\/","og_site_name":"Zenkit","article_publisher":"https:\/\/www.facebook.com\/ZenkitHQ","article_modified_time":"2025-10-28T19:23:28+00:00","og_image":[{"width":1200,"height":630,"url":"https:\/\/zenkit.com\/wp-content\/uploads\/2021\/01\/base.jpg","type":"image\/jpeg"}],"twitter_card":"summary_large_image","twitter_site":"@ZenkitHQ","twitter_misc":{"Tempo di lettura stimato":"23 minuti"},"schema":{"@context":"https:\/\/schema.org","@graph":[{"@type":"WebPage","@id":"https:\/\/zenkit.com\/it\/kit-pubblicazioni\/zenkit-now-available-as-a-snap-for-linux-users\/","url":"https:\/\/zenkit.com\/it\/kit-pubblicazioni\/zenkit-now-available-as-a-snap-for-linux-users\/","name":"Zenkit now available as a snap for Linux users | Zenkit","isPartOf":{"@id":"https:\/\/zenkit.com\/it\/#website"},"primaryImageOfPage":{"@id":"https:\/\/zenkit.com\/it\/kit-pubblicazioni\/zenkit-now-available-as-a-snap-for-linux-users\/#primaryimage"},"image":{"@id":"https:\/\/zenkit.com\/it\/kit-pubblicazioni\/zenkit-now-available-as-a-snap-for-linux-users\/#primaryimage"},"thumbnailUrl":"https:\/\/zenkit.com\/wp-content\/uploads\/2021\/01\/base-1024x538.jpg","datePublished":"2018-07-06T23:32:00+00:00","dateModified":"2025-10-28T19:23:28+00:00","description":"Zenkit is now available as a snap, the universal Linux app packaging format created by Canonical, the company behind Ubuntu.","breadcrumb":{"@id":"https:\/\/zenkit.com\/it\/kit-pubblicazioni\/zenkit-now-available-as-a-snap-for-linux-users\/#breadcrumb"},"inLanguage":"it-IT","potentialAction":[{"@type":"ReadAction","target":["https:\/\/zenkit.com\/it\/kit-pubblicazioni\/zenkit-now-available-as-a-snap-for-linux-users\/"]}]},{"@type":"ImageObject","inLanguage":"it-IT","@id":"https:\/\/zenkit.com\/it\/kit-pubblicazioni\/zenkit-now-available-as-a-snap-for-linux-users\/#primaryimage","url":"https:\/\/zenkit.com\/wp-content\/uploads\/2021\/01\/base-1024x538.jpg","contentUrl":"https:\/\/zenkit.com\/wp-content\/uploads\/2021\/01\/base-1024x538.jpg"},{"@type":"BreadcrumbList","@id":"https:\/\/zenkit.com\/it\/kit-pubblicazioni\/zenkit-now-available-as-a-snap-for-linux-users\/#breadcrumb","itemListElement":[{"@type":"ListItem","position":1,"name":"Home","item":"https:\/\/zenkit.com\/it\/"},{"@type":"ListItem","position":2,"name":"Kit pubblicazioni","item":"https:\/\/zenkit.com\/it\/kit-pubblicazioni\/"},{"@type":"ListItem","position":3,"name":"Zenkit now available as a snap for Linux users"}]},{"@type":"WebSite","@id":"https:\/\/zenkit.com\/it\/#website","url":"https:\/\/zenkit.com\/it\/","name":"Zenkit","description":"Zenkit Tagline","potentialAction":[{"@type":"SearchAction","target":{"@type":"EntryPoint","urlTemplate":"https:\/\/zenkit.com\/it\/?s={search_term_string}"},"query-input":{"@type":"PropertyValueSpecification","valueRequired":true,"valueName":"search_term_string"}}],"inLanguage":"it-IT"},false]}},"yasr_visitor_votes":{"stars_attributes":{"read_only":false,"span_bottom":false},"number_of_votes":0,"sum_votes":0},"_links":{"self":[{"href":"https:\/\/zenkit.com\/it\/wp-json\/wp\/v2\/pages\/72972","targetHints":{"allow":["GET"]}}],"collection":[{"href":"https:\/\/zenkit.com\/it\/wp-json\/wp\/v2\/pages"}],"about":[{"href":"https:\/\/zenkit.com\/it\/wp-json\/wp\/v2\/types\/page"}],"author":[{"embeddable":true,"href":"https:\/\/zenkit.com\/it\/wp-json\/wp\/v2\/users\/30"}],"replies":[{"embeddable":true,"href":"https:\/\/zenkit.com\/it\/wp-json\/wp\/v2\/comments?post=72972"}],"version-history":[{"count":3,"href":"https:\/\/zenkit.com\/it\/wp-json\/wp\/v2\/pages\/72972\/revisions"}],"predecessor-version":[{"id":173560,"href":"https:\/\/zenkit.com\/it\/wp-json\/wp\/v2\/pages\/72972\/revisions\/173560"}],"up":[{"embeddable":true,"href":"https:\/\/zenkit.com\/it\/wp-json\/wp\/v2\/pages\/61684"}],"wp:attachment":[{"href":"https:\/\/zenkit.com\/it\/wp-json\/wp\/v2\/media?parent=72972"}],"curies":[{"name":"wp","href":"https:\/\/api.w.org\/{rel}","templated":true}]}}