{"id":72974,"date":"2018-07-07T01:04:47","date_gmt":"2018-07-06T23:04:47","guid":{"rendered":"https:\/\/zenkit.com\/kit-pubblicazioni\/zenkit-releases-desktop-apps-for-macos-windows-and-linux\/"},"modified":"2025-10-28T20:32:22","modified_gmt":"2025-10-28T19:32:22","slug":"zenkit-releases-desktop-apps-for-macos-windows-and-linux","status":"publish","type":"page","link":"https:\/\/zenkit.com\/it\/kit-pubblicazioni\/zenkit-releases-desktop-apps-for-macos-windows-and-linux\/","title":{"rendered":"Zenkit releases Desktop Apps for macOS, Windows and Linux"},"content":{"rendered":"\n<div class=\"wp-block-group has-global-padding is-layout-constrained wp-block-group-is-layout-constrained\">\n<div class=\"wp-block-group width--950 has-global-padding is-layout-constrained wp-block-group-is-layout-constrained\">\n<div style=\"height:45px;--tablet-height:45px;--mobile-height:16px\" class=\"wp-block-lookeen-blocks-responsive-spacer\"><\/div>\n\n\n\n<div class=\"wp-block-group has-global-padding is-layout-constrained wp-block-group-is-layout-constrained\">\n<h1 class=\"wp-block-heading has-text-align-center\" style=\"margin-bottom:8px\">Zenkit rilascia App Desktop<\/h1>\n<\/div>\n\n\n\n<div class=\"wp-block-group has-global-padding is-layout-constrained wp-block-group-is-layout-constrained\">\n<p class=\"has-text-align-center subheading\">per macOS, Windows e Linux<\/p>\n<\/div>\n\n\n\n<div style=\"height:48px;--tablet-height:36px;--mobile-height:24px\" class=\"wp-block-lookeen-blocks-responsive-spacer\"><\/div>\n\n\n\n<div class=\"wp-block-group has-global-padding is-layout-constrained wp-block-group-is-layout-constrained\">\n<p class=\"has-text-align-center press__headline has-text-color has-link-color wp-elements-7788f5fffb756c9068b45300ba67992a\" style=\"color:#939393;font-size:24px;font-style:normal;font-weight:700;line-height:1.5\">26 febbraio 2018 \u2013 Karlsruhe, Germania<\/p>\n<\/div>\n<\/div>\n\n\n\n<div style=\"height:88px;--tablet-height:72px;--mobile-height:40px\" class=\"wp-block-lookeen-blocks-responsive-spacer\"><\/div>\n<\/div>\n\n\n\n<div class=\"wp-block-group has-global-padding is-layout-constrained wp-block-group-is-layout-constrained\">\n<div class=\"wp-block-columns is-layout-flex wp-container-core-columns-is-layout-b8d659ec wp-block-columns-is-layout-flex\">\n<div class=\"wp-block-column is-layout-flow wp-block-column-is-layout-flow\">\n<p class=\"has-da-grey-2-color has-text-color has-link-color wp-elements-9fbde7cdc6d60d3dc9da840f2dfd7572\">Oggi il team Zenkit annuncia il rilascio delle app per macOS, Windows e Linux. Con il suo lancio pi\u00f9 recente la startup tedesca si \u00e8 avvicinata verso la creazione di un prodotto SaaS flessibile che ora pu\u00f2 anche essere usato sui principali laptop e dispositivi computer.<\/p>\n\n\n\n<p class=\"has-da-grey-2-color has-text-color has-link-color wp-elements-d6db933b0c9bb80ee2f500bee0b620a3\">\u00c8 possibile accedere alle app desktop senza aprire il browser Internet. Zenkit era fino ad ora un\u2019app web\/mobile. Le app desktop e mobili possono essere utilizzate anche offline. La decisione di Zenkit di includere le app desktop Linux \u00e8 stata principalmente innescata dal fatto che Linux non \u00e8 supportato nella comunit\u00e0 della gestione del progetto. Essendo un sistema operativo meno popolare rispetto ai primi classificati Windows e Mac, molti sviluppatori di software preferiscono Linux rispetto alla sua flessibilit\u00e0 e personalizzazione, rendendo il rilascio di un\u2019app desktop Zenkit un problema importante per il team Zenkit.<\/p>\n<\/div>\n\n\n\n<div class=\"wp-block-column is-layout-flow wp-block-column-is-layout-flow\">\n<p class=\"has-da-grey-1-color has-text-color has-link-color wp-elements-6caa5e355d5099978ff68dd4cce9234a\">Zenkit \u00e8 un software per la gestione del progetto che permette agli utenti di visualizzare in modi diversi le informazioni del loro progetto. Le visualizzazioni incluse sono: to-do list, Kanban, tabella, mappa mentale e calendario. Gli utenti possono passare tra queste visualizzazioni per usare strumenti differenti per i task. Inoltre, Zenkit \u00e8 provvisto delle funzioni della gestione del progetto pi\u00f9 comuni come commenti, etichette, campi personalizzati, ed assegnazione task. Zenkit \u00e8 gratuito fino a cinque persone.<\/p>\n\n\n\n<p class=\"has-da-grey-2-color has-text-color has-link-color wp-elements-80399b83fc3310a7d1a606dbd9e96b78\">Nei prossimi mesi il team Zenkit pianifica il rilascio di un vero arsenale di nuove ed utili funzioni.<\/p>\n\n\n\n<p class=\"has-da-grey-2-color has-text-color has-link-color wp-elements-5fe4466a2fa76fc5ac860607d4552864\">Le nuove funzioni si focalizzeranno su una pi\u00f9 profonda integrazione con sistemi operativi Mac e Windows.<\/p>\n\n\n\n<div class=\"wp-block-group has-background has-global-padding is-layout-constrained wp-container-core-group-is-layout-8412c99a wp-block-group-is-layout-constrained\" style=\"border-radius:20px;background-color:#efefef;margin-bottom:24px;padding-top:20px;padding-right:20px;padding-bottom:20px;padding-left:20px\">\n<p class=\"has-da-grey-1-color has-text-color has-link-color wp-elements-49d1619b610c51e12f8e52c35365bcec\" style=\"font-size:14px\">ll fondatore e CEO di Zenkit, Martin Welker, afferma: \u201cAffinch\u00e9 i team possano ottenere il buy-in del prodotto, \u00e8 necessario essere flessibili nel tipo di strumenti che \u00e8 possibile offrire loro. Dopo averlo fatto, devi assicurarti che il tuo servizio sia disponibile su qualsiasi dispositivo, piattaforma, sistema operativo che vorrebbero utilizzare per portare a termine il proprio lavoro\u201d.<\/p>\n<\/div>\n<\/div>\n<\/div>\n<\/div>\n\n\n\n<div style=\"height:45px;--tablet-height:45px;--mobile-height:16px\" class=\"wp-block-lookeen-blocks-responsive-spacer\"><\/div>\n\n\n\n<figure class=\"wp-block-image aligncenter size-full is-resized border-radius--20 overflow__hidden  box__shadow\"><img loading=\"lazy\" decoding=\"async\" width=\"1024\" height=\"538\" src=\"https:\/\/zenkit.com\/wp-content\/uploads\/2025\/05\/base-1024x538-1.webp\" alt=\"\" class=\"wp-image-115467\" style=\"width:491px;height:auto\" srcset=\"https:\/\/zenkit.com\/wp-content\/uploads\/2025\/05\/base-1024x538-1.webp 1024w, https:\/\/zenkit.com\/wp-content\/uploads\/2025\/05\/base-1024x538-1-300x158.webp 300w, https:\/\/zenkit.com\/wp-content\/uploads\/2025\/05\/base-1024x538-1-768x404.webp 768w\" sizes=\"auto, (max-width: 1024px) 100vw, 1024px\" \/><\/figure>\n\n\n\n<div style=\"height:88px;--tablet-height:72px;--mobile-height:40px\" class=\"wp-block-lookeen-blocks-responsive-spacer\"><\/div>\n\n\n\n<div class=\"wp-block-group has-global-padding is-layout-constrained wp-block-group-is-layout-constrained\">\n<h2 class=\"wp-block-heading has-text-align-center\" style=\"margin-bottom:0px\">Las funciones clave de esta versi\u00f3n:<\/h2>\n\n\n\n<div style=\"height:48px;--tablet-height:36px;--mobile-height:24px\" class=\"wp-block-lookeen-blocks-responsive-spacer\"><\/div>\n\n\n\n<div class=\"wp-block-group has-global-padding is-layout-constrained wp-block-group-is-layout-constrained\">\n<div class=\"wp-block-columns is-layout-flex wp-container-core-columns-is-layout-28f84493 wp-block-columns-is-layout-flex\">\n<div class=\"wp-block-column is-layout-flow wp-block-column-is-layout-flow\">\n<ul class=\"wp-block-list list__with-checkmark-blue-and-underline\">\n<li>Desktop app per macOS, Windows e Linux con abilit\u00e0 offline<\/li>\n\n\n\n<li>Pienamente personalizzabile in ogni \u201cvisualizzazione\u201d: membri, notifiche, filtri, visualizza menu, attivit\u00e0<\/li>\n\n\n\n<li>Attivit\u00e0 globali: un feed attivit\u00e0 di tutto il tuo account sulla pagina home<\/li>\n\n\n\n<li>Commento a livello di collection (precedentemente solo a livello di task)<\/li>\n<\/ul>\n<\/div>\n\n\n\n<div class=\"wp-block-column is-layout-flow wp-block-column-is-layout-flow\">\n<ul class=\"wp-block-list list__with-checkmark-blue-and-underline\">\n<li>Scelta rapida per aggiungere velocemente dialogo da ovunque (Ctrl+Shift+Space)<\/li>\n\n\n\n<li>Scelta rapida globale per passare direttamente nell\u2019app (Ctrl+Shift+Z)<\/li>\n\n\n\n<li>Molti tasti di scelta rapida per navigazione ed integrazione di tasti di scelta rapida classici (per esempio aprire le impostazioni usando Ctrl+, e tanti altri)<\/li>\n<\/ul>\n<\/div>\n<\/div>\n<\/div>\n\n\n\n<div class=\"wp-block-group has-global-padding is-layout-constrained wp-container-core-group-is-layout-7cc94c3e wp-block-group-is-layout-constrained\">\n<div style=\"height:88px;--tablet-height:72px;--mobile-height:40px\" class=\"wp-block-lookeen-blocks-responsive-spacer\"><\/div>\n\n\n\n<h3 class=\"wp-block-heading has-text-align-center\" style=\"margin-bottom:8px;font-style:normal;font-weight:700\">Riguardo Zenkit:<\/h3>\n\n\n\n<p class=\"has-text-align-center has-da-grey-2-color has-text-color has-link-color wp-elements-9d29980808e1449c75ddbd87dcb32567\">Zenkit \u00e8 una piattaforma di gestione dei progetti e creazione di database creata da Axonic GmbH in Germania. \u00c8 stato lanciato nell\u2019ottobre del 2016.<\/p>\n<\/div>\n\n\n\n<div class=\"wp-block-group has-global-padding is-layout-constrained wp-container-core-group-is-layout-7cc94c3e wp-block-group-is-layout-constrained\">\n<div style=\"height:88px;--tablet-height:72px;--mobile-height:40px\" class=\"wp-block-lookeen-blocks-responsive-spacer\"><\/div>\n\n\n\n<h3 class=\"wp-block-heading has-text-align-center\" style=\"margin-bottom:8px;font-style:normal;font-weight:700\">Riguardo Axonic:<\/h3>\n\n\n\n<p class=\"has-text-align-center has-da-grey-2-color has-text-color has-link-color wp-elements-15a309a951fa5e17c52510f1562c7018\">Axonic GmbH \u00e8 un fornitore di software privato che si occupa di tecnologia in materia di informazione, comunicazione e riconoscimento. L\u2019azienda ha sede a Karlsruhe ed \u00e8 stata fondata da Martin Welker nel 2003. Axonic sviluppa con successo software nei settori dell\u2019intelligenza artificiale, della conoscenza e dell\u2019estrazione di informazioni da oltre un decennio. Dal 2002, la loro ricerca si \u00e8 basata principalmente sull\u2019area della \u201ccommunication intelligence\u201d \u2013 l\u2019analisi e la presentazione della comunicazione. Axonic ha rilasciato 6 prodotti principali che servono oltre 5.000.000 di persone in tutto il mondo.<\/p>\n<\/div>\n<\/div>\n\n\n\n<div style=\"height:110px;--tablet-height:60px;--mobile-height:48px\" class=\"wp-block-lookeen-blocks-responsive-spacer\"><\/div>\n","protected":false},"excerpt":{"rendered":"<p>Zenkit rilascia App Desktop per macOS, Windows e Linux 26 febbraio 2018 \u2013 Karlsruhe, Germania Oggi il team Zenkit annuncia il rilascio delle app per macOS, Windows e Linux. Con il suo lancio pi\u00f9 recente la startup tedesca si \u00e8 avvicinata verso la creazione di un prodotto SaaS flessibile che ora pu\u00f2 anche essere usato [&hellip;]<\/p>\n","protected":false},"author":30,"featured_media":0,"parent":61684,"menu_order":11,"comment_status":"closed","ping_status":"closed","template":"","meta":{"yasr_overall_rating":0,"yasr_post_is_review":"","yasr_auto_insert_disabled":"","yasr_review_type":"","footnotes":""},"class_list":["post-72974","page","type-page","status-publish","hentry"],"yoast_head":"<!-- This site is optimized with the Yoast SEO plugin v27.3 - https:\/\/yoast.com\/product\/yoast-seo-wordpress\/ -->\n<title>Zenkit releases Desktop Apps for macOS, Windows and Linux | Zenkit<\/title>\n<meta name=\"description\" content=\"With its most recent release Zenkit has moved closer towards creating a flexible SaaS product that can now additionally be used on all major devices.\" \/>\n<meta name=\"robots\" content=\"index, follow, max-snippet:-1, max-image-preview:large, max-video-preview:-1\" \/>\n<link rel=\"canonical\" href=\"https:\/\/zenkit.com\/it\/kit-pubblicazioni\/zenkit-releases-desktop-apps-for-macos-windows-and-linux\/\" \/>\n<meta property=\"og:locale\" content=\"it_IT\" \/>\n<meta property=\"og:type\" content=\"article\" \/>\n<meta property=\"og:title\" content=\"Zenkit releases Desktop Apps for macOS, Windows and Linux | Zenkit\" \/>\n<meta property=\"og:description\" content=\"With its most recent release Zenkit has moved closer towards creating a flexible SaaS product that can now additionally be used on all major devices.\" \/>\n<meta property=\"og:url\" content=\"https:\/\/zenkit.com\/it\/kit-pubblicazioni\/zenkit-releases-desktop-apps-for-macos-windows-and-linux\/\" \/>\n<meta property=\"og:site_name\" content=\"Zenkit\" \/>\n<meta property=\"article:publisher\" content=\"https:\/\/www.facebook.com\/ZenkitHQ\" \/>\n<meta property=\"article:modified_time\" content=\"2025-10-28T19:32:22+00:00\" \/>\n<meta property=\"og:image\" content=\"https:\/\/zenkit.com\/wp-content\/uploads\/2025\/05\/base-1024x538-1.webp\" \/>\n\t<meta property=\"og:image:width\" content=\"1024\" \/>\n\t<meta property=\"og:image:height\" content=\"538\" \/>\n\t<meta property=\"og:image:type\" content=\"image\/webp\" \/>\n<meta name=\"twitter:card\" content=\"summary_large_image\" \/>\n<meta name=\"twitter:site\" content=\"@ZenkitHQ\" \/>\n<script type=\"application\/ld+json\" class=\"yoast-schema-graph\">{\"@context\":\"https:\\\/\\\/schema.org\",\"@graph\":[{\"@type\":\"WebPage\",\"@id\":\"https:\\\/\\\/zenkit.com\\\/it\\\/kit-pubblicazioni\\\/zenkit-releases-desktop-apps-for-macos-windows-and-linux\\\/\",\"url\":\"https:\\\/\\\/zenkit.com\\\/it\\\/kit-pubblicazioni\\\/zenkit-releases-desktop-apps-for-macos-windows-and-linux\\\/\",\"name\":\"Zenkit releases Desktop Apps for macOS, Windows and Linux | Zenkit\",\"isPartOf\":{\"@id\":\"https:\\\/\\\/zenkit.com\\\/it\\\/#website\"},\"primaryImageOfPage\":{\"@id\":\"https:\\\/\\\/zenkit.com\\\/it\\\/kit-pubblicazioni\\\/zenkit-releases-desktop-apps-for-macos-windows-and-linux\\\/#primaryimage\"},\"image\":{\"@id\":\"https:\\\/\\\/zenkit.com\\\/it\\\/kit-pubblicazioni\\\/zenkit-releases-desktop-apps-for-macos-windows-and-linux\\\/#primaryimage\"},\"thumbnailUrl\":\"https:\\\/\\\/zenkit.com\\\/wp-content\\\/uploads\\\/2025\\\/05\\\/base-1024x538-1.webp\",\"datePublished\":\"2018-07-06T23:04:47+00:00\",\"dateModified\":\"2025-10-28T19:32:22+00:00\",\"description\":\"With its most recent release Zenkit has moved closer towards creating a flexible SaaS product that can now additionally be used on all major devices.\",\"breadcrumb\":{\"@id\":\"https:\\\/\\\/zenkit.com\\\/it\\\/kit-pubblicazioni\\\/zenkit-releases-desktop-apps-for-macos-windows-and-linux\\\/#breadcrumb\"},\"inLanguage\":\"it-IT\",\"potentialAction\":[{\"@type\":\"ReadAction\",\"target\":[\"https:\\\/\\\/zenkit.com\\\/it\\\/kit-pubblicazioni\\\/zenkit-releases-desktop-apps-for-macos-windows-and-linux\\\/\"]}]},{\"@type\":\"ImageObject\",\"inLanguage\":\"it-IT\",\"@id\":\"https:\\\/\\\/zenkit.com\\\/it\\\/kit-pubblicazioni\\\/zenkit-releases-desktop-apps-for-macos-windows-and-linux\\\/#primaryimage\",\"url\":\"https:\\\/\\\/zenkit.com\\\/wp-content\\\/uploads\\\/2025\\\/05\\\/base-1024x538-1.webp\",\"contentUrl\":\"https:\\\/\\\/zenkit.com\\\/wp-content\\\/uploads\\\/2025\\\/05\\\/base-1024x538-1.webp\"},{\"@type\":\"BreadcrumbList\",\"@id\":\"https:\\\/\\\/zenkit.com\\\/it\\\/kit-pubblicazioni\\\/zenkit-releases-desktop-apps-for-macos-windows-and-linux\\\/#breadcrumb\",\"itemListElement\":[{\"@type\":\"ListItem\",\"position\":1,\"name\":\"Home\",\"item\":\"https:\\\/\\\/zenkit.com\\\/it\\\/\"},{\"@type\":\"ListItem\",\"position\":2,\"name\":\"Kit pubblicazioni\",\"item\":\"https:\\\/\\\/zenkit.com\\\/it\\\/kit-pubblicazioni\\\/\"},{\"@type\":\"ListItem\",\"position\":3,\"name\":\"Zenkit releases Desktop Apps for macOS, Windows and Linux\"}]},{\"@type\":\"WebSite\",\"@id\":\"https:\\\/\\\/zenkit.com\\\/it\\\/#website\",\"url\":\"https:\\\/\\\/zenkit.com\\\/it\\\/\",\"name\":\"Zenkit\",\"description\":\"Zenkit Tagline\",\"potentialAction\":[{\"@type\":\"SearchAction\",\"target\":{\"@type\":\"EntryPoint\",\"urlTemplate\":\"https:\\\/\\\/zenkit.com\\\/it\\\/?s={search_term_string}\"},\"query-input\":{\"@type\":\"PropertyValueSpecification\",\"valueRequired\":true,\"valueName\":\"search_term_string\"}}],\"inLanguage\":\"it-IT\"},false]}<\/script>\n<!-- \/ Yoast SEO plugin. -->","yoast_head_json":{"title":"Zenkit releases Desktop Apps for macOS, Windows and Linux | Zenkit","description":"With its most recent release Zenkit has moved closer towards creating a flexible SaaS product that can now additionally be used on all major devices.","robots":{"index":"index","follow":"follow","max-snippet":"max-snippet:-1","max-image-preview":"max-image-preview:large","max-video-preview":"max-video-preview:-1"},"canonical":"https:\/\/zenkit.com\/it\/kit-pubblicazioni\/zenkit-releases-desktop-apps-for-macos-windows-and-linux\/","og_locale":"it_IT","og_type":"article","og_title":"Zenkit releases Desktop Apps for macOS, Windows and Linux | Zenkit","og_description":"With its most recent release Zenkit has moved closer towards creating a flexible SaaS product that can now additionally be used on all major devices.","og_url":"https:\/\/zenkit.com\/it\/kit-pubblicazioni\/zenkit-releases-desktop-apps-for-macos-windows-and-linux\/","og_site_name":"Zenkit","article_publisher":"https:\/\/www.facebook.com\/ZenkitHQ","article_modified_time":"2025-10-28T19:32:22+00:00","og_image":[{"width":1024,"height":538,"url":"https:\/\/zenkit.com\/wp-content\/uploads\/2025\/05\/base-1024x538-1.webp","type":"image\/webp"}],"twitter_card":"summary_large_image","twitter_site":"@ZenkitHQ","schema":{"@context":"https:\/\/schema.org","@graph":[{"@type":"WebPage","@id":"https:\/\/zenkit.com\/it\/kit-pubblicazioni\/zenkit-releases-desktop-apps-for-macos-windows-and-linux\/","url":"https:\/\/zenkit.com\/it\/kit-pubblicazioni\/zenkit-releases-desktop-apps-for-macos-windows-and-linux\/","name":"Zenkit releases Desktop Apps for macOS, Windows and Linux | Zenkit","isPartOf":{"@id":"https:\/\/zenkit.com\/it\/#website"},"primaryImageOfPage":{"@id":"https:\/\/zenkit.com\/it\/kit-pubblicazioni\/zenkit-releases-desktop-apps-for-macos-windows-and-linux\/#primaryimage"},"image":{"@id":"https:\/\/zenkit.com\/it\/kit-pubblicazioni\/zenkit-releases-desktop-apps-for-macos-windows-and-linux\/#primaryimage"},"thumbnailUrl":"https:\/\/zenkit.com\/wp-content\/uploads\/2025\/05\/base-1024x538-1.webp","datePublished":"2018-07-06T23:04:47+00:00","dateModified":"2025-10-28T19:32:22+00:00","description":"With its most recent release Zenkit has moved closer towards creating a flexible SaaS product that can now additionally be used on all major devices.","breadcrumb":{"@id":"https:\/\/zenkit.com\/it\/kit-pubblicazioni\/zenkit-releases-desktop-apps-for-macos-windows-and-linux\/#breadcrumb"},"inLanguage":"it-IT","potentialAction":[{"@type":"ReadAction","target":["https:\/\/zenkit.com\/it\/kit-pubblicazioni\/zenkit-releases-desktop-apps-for-macos-windows-and-linux\/"]}]},{"@type":"ImageObject","inLanguage":"it-IT","@id":"https:\/\/zenkit.com\/it\/kit-pubblicazioni\/zenkit-releases-desktop-apps-for-macos-windows-and-linux\/#primaryimage","url":"https:\/\/zenkit.com\/wp-content\/uploads\/2025\/05\/base-1024x538-1.webp","contentUrl":"https:\/\/zenkit.com\/wp-content\/uploads\/2025\/05\/base-1024x538-1.webp"},{"@type":"BreadcrumbList","@id":"https:\/\/zenkit.com\/it\/kit-pubblicazioni\/zenkit-releases-desktop-apps-for-macos-windows-and-linux\/#breadcrumb","itemListElement":[{"@type":"ListItem","position":1,"name":"Home","item":"https:\/\/zenkit.com\/it\/"},{"@type":"ListItem","position":2,"name":"Kit pubblicazioni","item":"https:\/\/zenkit.com\/it\/kit-pubblicazioni\/"},{"@type":"ListItem","position":3,"name":"Zenkit releases Desktop Apps for macOS, Windows and Linux"}]},{"@type":"WebSite","@id":"https:\/\/zenkit.com\/it\/#website","url":"https:\/\/zenkit.com\/it\/","name":"Zenkit","description":"Zenkit Tagline","potentialAction":[{"@type":"SearchAction","target":{"@type":"EntryPoint","urlTemplate":"https:\/\/zenkit.com\/it\/?s={search_term_string}"},"query-input":{"@type":"PropertyValueSpecification","valueRequired":true,"valueName":"search_term_string"}}],"inLanguage":"it-IT"},false]}},"yasr_visitor_votes":{"stars_attributes":{"read_only":false,"span_bottom":false},"number_of_votes":0,"sum_votes":0},"_links":{"self":[{"href":"https:\/\/zenkit.com\/it\/wp-json\/wp\/v2\/pages\/72974","targetHints":{"allow":["GET"]}}],"collection":[{"href":"https:\/\/zenkit.com\/it\/wp-json\/wp\/v2\/pages"}],"about":[{"href":"https:\/\/zenkit.com\/it\/wp-json\/wp\/v2\/types\/page"}],"author":[{"embeddable":true,"href":"https:\/\/zenkit.com\/it\/wp-json\/wp\/v2\/users\/30"}],"replies":[{"embeddable":true,"href":"https:\/\/zenkit.com\/it\/wp-json\/wp\/v2\/comments?post=72974"}],"version-history":[{"count":2,"href":"https:\/\/zenkit.com\/it\/wp-json\/wp\/v2\/pages\/72974\/revisions"}],"predecessor-version":[{"id":173562,"href":"https:\/\/zenkit.com\/it\/wp-json\/wp\/v2\/pages\/72974\/revisions\/173562"}],"up":[{"embeddable":true,"href":"https:\/\/zenkit.com\/it\/wp-json\/wp\/v2\/pages\/61684"}],"wp:attachment":[{"href":"https:\/\/zenkit.com\/it\/wp-json\/wp\/v2\/media?parent=72974"}],"curies":[{"name":"wp","href":"https:\/\/api.w.org\/{rel}","templated":true}]}}