{"id":72976,"date":"2018-07-07T01:16:20","date_gmt":"2018-07-06T23:16:20","guid":{"rendered":"https:\/\/zenkit.com\/kit-pubblicazioni\/zenkit-launches-android-with-offline-support\/"},"modified":"2025-10-28T20:29:25","modified_gmt":"2025-10-28T19:29:25","slug":"zenkit-launches-android-with-offline-support","status":"publish","type":"page","link":"https:\/\/zenkit.com\/it\/kit-pubblicazioni\/zenkit-launches-android-with-offline-support\/","title":{"rendered":"Zenkit launches Android with offline support"},"content":{"rendered":"\n<div class=\"wp-block-group has-global-padding is-layout-constrained wp-block-group-is-layout-constrained\">\n<div class=\"wp-block-group width--950 has-global-padding is-layout-constrained wp-block-group-is-layout-constrained\">\n<div style=\"height:45px;--tablet-height:45px;--mobile-height:16px\" class=\"wp-block-lookeen-blocks-responsive-spacer\"><\/div>\n\n\n\n<div class=\"wp-block-group has-global-padding is-layout-constrained wp-block-group-is-layout-constrained\">\n<h1 class=\"wp-block-heading has-text-align-center\" style=\"margin-bottom:8px\">Zenkit lancia Android con supporto offline<\/h1>\n<\/div>\n\n\n\n<div class=\"wp-block-group has-global-padding is-layout-constrained wp-block-group-is-layout-constrained\">\n<p class=\"has-text-align-center subheading\">App Android disponibile oggi per tutti gli utenti<\/p>\n<\/div>\n\n\n\n<div style=\"height:48px;--tablet-height:36px;--mobile-height:24px\" class=\"wp-block-lookeen-blocks-responsive-spacer\"><\/div>\n\n\n\n<div class=\"wp-block-group has-global-padding is-layout-constrained wp-block-group-is-layout-constrained\">\n<p class=\"has-text-align-center press__headline has-text-color has-link-color wp-elements-94cd8f491d206f58c245398d32b164b3\" style=\"color:#939393;font-size:24px;font-style:normal;font-weight:700;line-height:1.5\">Gioved\u00ec 30 novembre, 2017 \u2013 Karlsruhe, Germania<\/p>\n<\/div>\n<\/div>\n\n\n\n<div style=\"height:88px;--tablet-height:72px;--mobile-height:40px\" class=\"wp-block-lookeen-blocks-responsive-spacer\"><\/div>\n<\/div>\n\n\n\n<div class=\"wp-block-group has-global-padding is-layout-constrained wp-block-group-is-layout-constrained\">\n<div class=\"wp-block-columns is-layout-flex wp-container-core-columns-is-layout-b8d659ec wp-block-columns-is-layout-flex\">\n<div class=\"wp-block-column is-layout-flow wp-block-column-is-layout-flow\">\n<p class=\"has-da-grey-2-color has-text-color has-link-color wp-elements-6e1435512e82c2c5f75c5d618f35920b\">La startup tedesca Zenkit annuncia il rilascio odierno della loro app Android. Con il suo ultimo aggiornamento, l\u2019azienda ha compiuto con successo un grande passo in avanti verso il suo obiettivo di creare la prima piattaforma per la gestione del progetto realmente flessibile.<\/p>\n\n\n\n<p class=\"has-da-grey-2-color has-text-color has-link-color wp-elements-943098ba4aae8cd2b1368efbd903309d\">Zenkit \u00e8 un software di gestione dei progetti all-in-one che consente agli utenti diverse visualizzazioni delle proprie informazioni. Sia che vogliano utilizzare semplicemente una lista to-do per completare le attivit\u00e0 quotidiane o per gestire un grande progetto con il proprio team, Zenkit fornisce le funzionalit\u00e0 necessarie per consentire loro di lavorare in modo produttivo. Grazie alla sua interfaccia flessibile, Zenkit si adatta anche al progetto.<\/p>\n<\/div>\n\n\n\n<div class=\"wp-block-column is-layout-flow wp-block-column-is-layout-flow\">\n<p class=\"has-da-grey-1-color has-text-color has-link-color wp-elements-ee1de3e7046e008648e5d897445068ea\">Ora puoi usare Zenkit ovunque: alla tua scrivania, in movimento, con o senza una connessione internet. Non solo l\u2019app Android \u00e8 disponibile offline, ma gli utenti Android ora possono godere dell\u2019intera gamma di funzioni Zenkit su dispositivo mobile. L\u2019app per Android soddisfa un obiettivo che il team Zenkit ha avuto da molto tempo: Zenkit \u2013 illimitato, accessibile ovunque e in qualsiasi momento.<\/p>\n\n\n\n<p class=\"has-da-grey-1-color has-text-color has-link-color wp-elements-e86dca48b44571b340f32eadb8af65a2\">Zenkit ha anche recentemente rilasciato la sua app iOS, che sar\u00e0 presto aggiornata per avere parit\u00e0 di funzioni con le app web e app Android. Zenkit pianifica di espandere la variet\u00e0 di funzioni aziendali disponibili cos\u00ec da permettere ai businesses di creare strumenti personalizzati con i quali gestire le loro aziende.<\/p>\n<\/div>\n<\/div>\n<\/div>\n\n\n\n<div style=\"height:45px;--tablet-height:45px;--mobile-height:16px\" class=\"wp-block-lookeen-blocks-responsive-spacer\"><\/div>\n\n\n\n<figure class=\"wp-block-image aligncenter size-large is-resized border-radius--20 overflow__hidden  box__shadow\"><img loading=\"lazy\" decoding=\"async\" width=\"1024\" height=\"538\" src=\"https:\/\/zenkit.com\/wp-content\/uploads\/2021\/01\/base-1024x538.jpg\" alt=\"\" class=\"wp-image-55221\" style=\"width:491px;height:auto\" srcset=\"https:\/\/zenkit.com\/wp-content\/uploads\/2021\/01\/base-1024x538.jpg 1024w, https:\/\/zenkit.com\/wp-content\/uploads\/2021\/01\/base-300x158.jpg 300w, https:\/\/zenkit.com\/wp-content\/uploads\/2021\/01\/base-768x403.jpg 768w, https:\/\/zenkit.com\/wp-content\/uploads\/2021\/01\/base.jpg 1200w\" sizes=\"auto, (max-width: 1024px) 100vw, 1024px\" \/><\/figure>\n\n\n\n<div style=\"height:88px;--tablet-height:72px;--mobile-height:40px\" class=\"wp-block-lookeen-blocks-responsive-spacer\"><\/div>\n\n\n\n<div class=\"wp-block-group has-global-padding is-layout-constrained wp-block-group-is-layout-constrained\">\n<h2 class=\"wp-block-heading has-text-align-center\" style=\"margin-bottom:0px\">Funzioni chiave della app Android di Zenkit:<\/h2>\n\n\n\n<div style=\"height:48px;--tablet-height:36px;--mobile-height:24px\" class=\"wp-block-lookeen-blocks-responsive-spacer\"><\/div>\n\n\n\n<div class=\"wp-block-group has-global-padding is-layout-constrained wp-block-group-is-layout-constrained\">\n<div class=\"wp-block-columns is-layout-flex wp-container-core-columns-is-layout-28f84493 wp-block-columns-is-layout-flex\">\n<div class=\"wp-block-column is-layout-flow wp-block-column-is-layout-flow\">\n<ul class=\"wp-block-list list__with-checkmark-blue-and-underline\">\n<li><strong>Disponibilit\u00e0 Offline<\/strong>. Capace sia di lettura che di scrittura. L\u2019app si sincronizza non appena la connessione internet viene ristabilita.<\/li>\n\n\n\n<li>Abilit\u00e0 di creare team e progetti.<\/li>\n<\/ul>\n<\/div>\n\n\n\n<div class=\"wp-block-column is-layout-flow wp-block-column-is-layout-flow\">\n<ul class=\"wp-block-list list__with-checkmark-blue-and-underline\">\n<li>Tutte le funzioni dell\u2019app web di Zenkit.<\/li>\n<\/ul>\n<\/div>\n<\/div>\n<\/div>\n\n\n\n<div style=\"height:88px;--tablet-height:72px;--mobile-height:40px\" class=\"wp-block-lookeen-blocks-responsive-spacer\"><\/div>\n\n\n\n<div class=\"wp-block-group has-global-padding is-layout-constrained wp-container-core-group-is-layout-7cc94c3e wp-block-group-is-layout-constrained\">\n<div class=\"wp-block-group has-background has-global-padding is-layout-constrained wp-container-core-group-is-layout-8412c99a wp-block-group-is-layout-constrained\" style=\"border-radius:20px;background-color:#efefef;margin-bottom:24px;padding-top:20px;padding-right:20px;padding-bottom:20px;padding-left:20px\">\n<p class=\"has-text-align-center has-da-grey-1-color has-text-color has-link-color wp-elements-47eca294df413d80fe3ee2b180915d9f\" style=\"font-size:14px\"><strong>Fondatore e CEO di Zenkit, Martin Welker.&nbsp;<\/strong>\u201cIl nostro obiettivo \u00e8 aiutare i nostri clienti a essere il pi\u00f9 produttivi possibile in ogni situazione in cui si trovano. Vogliamo dare loro accesso alle loro informazioni su qualsiasi dispositivo con cui scelgono di lavorare. I dispositivi mobili sono una parte vitale del posto di lavoro di oggi e una parte importante dell\u2019essere produttivi, soprattutto quando si \u00e8 in movimento\u201d.<\/p>\n<\/div>\n\n\n\n<div style=\"height:88px;--tablet-height:72px;--mobile-height:40px\" class=\"wp-block-lookeen-blocks-responsive-spacer\"><\/div>\n\n\n\n<h3 class=\"wp-block-heading has-text-align-center\" style=\"margin-bottom:8px;font-style:normal;font-weight:700\">Riguardo Zenkit:<\/h3>\n\n\n\n<p class=\"has-text-align-center has-da-grey-2-color has-text-color has-link-color wp-elements-9d29980808e1449c75ddbd87dcb32567\">Zenkit \u00e8 una piattaforma di gestione dei progetti e creazione di database creata da Axonic GmbH in Germania. \u00c8 stato lanciato nell\u2019ottobre del 2016.<\/p>\n<\/div>\n<\/div>\n\n\n\n<div style=\"height:110px;--tablet-height:60px;--mobile-height:48px\" class=\"wp-block-lookeen-blocks-responsive-spacer\"><\/div>\n","protected":false},"excerpt":{"rendered":"<p>Zenkit lancia Android con supporto offline App Android disponibile oggi per tutti gli utenti Gioved\u00ec 30 novembre, 2017 \u2013 Karlsruhe, Germania La startup tedesca Zenkit annuncia il rilascio odierno della loro app Android. Con il suo ultimo aggiornamento, l\u2019azienda ha compiuto con successo un grande passo in avanti verso il suo obiettivo di creare la [&hellip;]<\/p>\n","protected":false},"author":30,"featured_media":0,"parent":61684,"menu_order":12,"comment_status":"closed","ping_status":"closed","template":"","meta":{"yasr_overall_rating":0,"yasr_post_is_review":"","yasr_auto_insert_disabled":"","yasr_review_type":"","footnotes":""},"class_list":["post-72976","page","type-page","status-publish","hentry"],"yoast_head":"<!-- This site is optimized with the Yoast SEO plugin v27.3 - https:\/\/yoast.com\/product\/yoast-seo-wordpress\/ -->\n<title>Zenkit launches Android with offline support | Zenkit<\/title>\n<meta name=\"description\" content=\"You can now use Zenkit everywhere: at your desk, on-the-go, and with or without an internet connection. Zenkit for Android is available offline.\" \/>\n<meta name=\"robots\" content=\"index, follow, max-snippet:-1, max-image-preview:large, max-video-preview:-1\" \/>\n<link rel=\"canonical\" href=\"https:\/\/zenkit.com\/it\/kit-pubblicazioni\/zenkit-launches-android-with-offline-support\/\" \/>\n<meta property=\"og:locale\" content=\"it_IT\" \/>\n<meta property=\"og:type\" content=\"article\" \/>\n<meta property=\"og:title\" content=\"Zenkit launches Android with offline support | Zenkit\" \/>\n<meta property=\"og:description\" content=\"You can now use Zenkit everywhere: at your desk, on-the-go, and with or without an internet connection. Zenkit for Android is available offline.\" \/>\n<meta property=\"og:url\" content=\"https:\/\/zenkit.com\/it\/kit-pubblicazioni\/zenkit-launches-android-with-offline-support\/\" \/>\n<meta property=\"og:site_name\" content=\"Zenkit\" \/>\n<meta property=\"article:publisher\" content=\"https:\/\/www.facebook.com\/ZenkitHQ\" \/>\n<meta property=\"article:modified_time\" content=\"2025-10-28T19:29:25+00:00\" \/>\n<meta property=\"og:image\" content=\"https:\/\/zenkit.com\/wp-content\/uploads\/2021\/01\/base.jpg\" \/>\n\t<meta property=\"og:image:width\" content=\"1200\" \/>\n\t<meta property=\"og:image:height\" content=\"630\" \/>\n\t<meta property=\"og:image:type\" content=\"image\/jpeg\" \/>\n<meta name=\"twitter:card\" content=\"summary_large_image\" \/>\n<meta name=\"twitter:site\" content=\"@ZenkitHQ\" \/>\n<meta name=\"twitter:label1\" content=\"Tempo di lettura stimato\" \/>\n\t<meta name=\"twitter:data1\" content=\"19 minuti\" \/>\n<script type=\"application\/ld+json\" class=\"yoast-schema-graph\">{\"@context\":\"https:\\\/\\\/schema.org\",\"@graph\":[{\"@type\":\"WebPage\",\"@id\":\"https:\\\/\\\/zenkit.com\\\/it\\\/kit-pubblicazioni\\\/zenkit-launches-android-with-offline-support\\\/\",\"url\":\"https:\\\/\\\/zenkit.com\\\/it\\\/kit-pubblicazioni\\\/zenkit-launches-android-with-offline-support\\\/\",\"name\":\"Zenkit launches Android with offline support | Zenkit\",\"isPartOf\":{\"@id\":\"https:\\\/\\\/zenkit.com\\\/it\\\/#website\"},\"primaryImageOfPage\":{\"@id\":\"https:\\\/\\\/zenkit.com\\\/it\\\/kit-pubblicazioni\\\/zenkit-launches-android-with-offline-support\\\/#primaryimage\"},\"image\":{\"@id\":\"https:\\\/\\\/zenkit.com\\\/it\\\/kit-pubblicazioni\\\/zenkit-launches-android-with-offline-support\\\/#primaryimage\"},\"thumbnailUrl\":\"https:\\\/\\\/zenkit.com\\\/wp-content\\\/uploads\\\/2021\\\/01\\\/base-1024x538.jpg\",\"datePublished\":\"2018-07-06T23:16:20+00:00\",\"dateModified\":\"2025-10-28T19:29:25+00:00\",\"description\":\"You can now use Zenkit everywhere: at your desk, on-the-go, and with or without an internet connection. Zenkit for Android is available offline.\",\"breadcrumb\":{\"@id\":\"https:\\\/\\\/zenkit.com\\\/it\\\/kit-pubblicazioni\\\/zenkit-launches-android-with-offline-support\\\/#breadcrumb\"},\"inLanguage\":\"it-IT\",\"potentialAction\":[{\"@type\":\"ReadAction\",\"target\":[\"https:\\\/\\\/zenkit.com\\\/it\\\/kit-pubblicazioni\\\/zenkit-launches-android-with-offline-support\\\/\"]}]},{\"@type\":\"ImageObject\",\"inLanguage\":\"it-IT\",\"@id\":\"https:\\\/\\\/zenkit.com\\\/it\\\/kit-pubblicazioni\\\/zenkit-launches-android-with-offline-support\\\/#primaryimage\",\"url\":\"https:\\\/\\\/zenkit.com\\\/wp-content\\\/uploads\\\/2021\\\/01\\\/base-1024x538.jpg\",\"contentUrl\":\"https:\\\/\\\/zenkit.com\\\/wp-content\\\/uploads\\\/2021\\\/01\\\/base-1024x538.jpg\"},{\"@type\":\"BreadcrumbList\",\"@id\":\"https:\\\/\\\/zenkit.com\\\/it\\\/kit-pubblicazioni\\\/zenkit-launches-android-with-offline-support\\\/#breadcrumb\",\"itemListElement\":[{\"@type\":\"ListItem\",\"position\":1,\"name\":\"Home\",\"item\":\"https:\\\/\\\/zenkit.com\\\/it\\\/\"},{\"@type\":\"ListItem\",\"position\":2,\"name\":\"Kit pubblicazioni\",\"item\":\"https:\\\/\\\/zenkit.com\\\/it\\\/kit-pubblicazioni\\\/\"},{\"@type\":\"ListItem\",\"position\":3,\"name\":\"Zenkit launches Android with offline support\"}]},{\"@type\":\"WebSite\",\"@id\":\"https:\\\/\\\/zenkit.com\\\/it\\\/#website\",\"url\":\"https:\\\/\\\/zenkit.com\\\/it\\\/\",\"name\":\"Zenkit\",\"description\":\"Zenkit Tagline\",\"potentialAction\":[{\"@type\":\"SearchAction\",\"target\":{\"@type\":\"EntryPoint\",\"urlTemplate\":\"https:\\\/\\\/zenkit.com\\\/it\\\/?s={search_term_string}\"},\"query-input\":{\"@type\":\"PropertyValueSpecification\",\"valueRequired\":true,\"valueName\":\"search_term_string\"}}],\"inLanguage\":\"it-IT\"},false]}<\/script>\n<!-- \/ Yoast SEO plugin. -->","yoast_head_json":{"title":"Zenkit launches Android with offline support | Zenkit","description":"You can now use Zenkit everywhere: at your desk, on-the-go, and with or without an internet connection. Zenkit for Android is available offline.","robots":{"index":"index","follow":"follow","max-snippet":"max-snippet:-1","max-image-preview":"max-image-preview:large","max-video-preview":"max-video-preview:-1"},"canonical":"https:\/\/zenkit.com\/it\/kit-pubblicazioni\/zenkit-launches-android-with-offline-support\/","og_locale":"it_IT","og_type":"article","og_title":"Zenkit launches Android with offline support | Zenkit","og_description":"You can now use Zenkit everywhere: at your desk, on-the-go, and with or without an internet connection. Zenkit for Android is available offline.","og_url":"https:\/\/zenkit.com\/it\/kit-pubblicazioni\/zenkit-launches-android-with-offline-support\/","og_site_name":"Zenkit","article_publisher":"https:\/\/www.facebook.com\/ZenkitHQ","article_modified_time":"2025-10-28T19:29:25+00:00","og_image":[{"width":1200,"height":630,"url":"https:\/\/zenkit.com\/wp-content\/uploads\/2021\/01\/base.jpg","type":"image\/jpeg"}],"twitter_card":"summary_large_image","twitter_site":"@ZenkitHQ","twitter_misc":{"Tempo di lettura stimato":"19 minuti"},"schema":{"@context":"https:\/\/schema.org","@graph":[{"@type":"WebPage","@id":"https:\/\/zenkit.com\/it\/kit-pubblicazioni\/zenkit-launches-android-with-offline-support\/","url":"https:\/\/zenkit.com\/it\/kit-pubblicazioni\/zenkit-launches-android-with-offline-support\/","name":"Zenkit launches Android with offline support | Zenkit","isPartOf":{"@id":"https:\/\/zenkit.com\/it\/#website"},"primaryImageOfPage":{"@id":"https:\/\/zenkit.com\/it\/kit-pubblicazioni\/zenkit-launches-android-with-offline-support\/#primaryimage"},"image":{"@id":"https:\/\/zenkit.com\/it\/kit-pubblicazioni\/zenkit-launches-android-with-offline-support\/#primaryimage"},"thumbnailUrl":"https:\/\/zenkit.com\/wp-content\/uploads\/2021\/01\/base-1024x538.jpg","datePublished":"2018-07-06T23:16:20+00:00","dateModified":"2025-10-28T19:29:25+00:00","description":"You can now use Zenkit everywhere: at your desk, on-the-go, and with or without an internet connection. Zenkit for Android is available offline.","breadcrumb":{"@id":"https:\/\/zenkit.com\/it\/kit-pubblicazioni\/zenkit-launches-android-with-offline-support\/#breadcrumb"},"inLanguage":"it-IT","potentialAction":[{"@type":"ReadAction","target":["https:\/\/zenkit.com\/it\/kit-pubblicazioni\/zenkit-launches-android-with-offline-support\/"]}]},{"@type":"ImageObject","inLanguage":"it-IT","@id":"https:\/\/zenkit.com\/it\/kit-pubblicazioni\/zenkit-launches-android-with-offline-support\/#primaryimage","url":"https:\/\/zenkit.com\/wp-content\/uploads\/2021\/01\/base-1024x538.jpg","contentUrl":"https:\/\/zenkit.com\/wp-content\/uploads\/2021\/01\/base-1024x538.jpg"},{"@type":"BreadcrumbList","@id":"https:\/\/zenkit.com\/it\/kit-pubblicazioni\/zenkit-launches-android-with-offline-support\/#breadcrumb","itemListElement":[{"@type":"ListItem","position":1,"name":"Home","item":"https:\/\/zenkit.com\/it\/"},{"@type":"ListItem","position":2,"name":"Kit pubblicazioni","item":"https:\/\/zenkit.com\/it\/kit-pubblicazioni\/"},{"@type":"ListItem","position":3,"name":"Zenkit launches Android with offline support"}]},{"@type":"WebSite","@id":"https:\/\/zenkit.com\/it\/#website","url":"https:\/\/zenkit.com\/it\/","name":"Zenkit","description":"Zenkit Tagline","potentialAction":[{"@type":"SearchAction","target":{"@type":"EntryPoint","urlTemplate":"https:\/\/zenkit.com\/it\/?s={search_term_string}"},"query-input":{"@type":"PropertyValueSpecification","valueRequired":true,"valueName":"search_term_string"}}],"inLanguage":"it-IT"},false]}},"yasr_visitor_votes":{"stars_attributes":{"read_only":false,"span_bottom":false},"number_of_votes":0,"sum_votes":0},"_links":{"self":[{"href":"https:\/\/zenkit.com\/it\/wp-json\/wp\/v2\/pages\/72976","targetHints":{"allow":["GET"]}}],"collection":[{"href":"https:\/\/zenkit.com\/it\/wp-json\/wp\/v2\/pages"}],"about":[{"href":"https:\/\/zenkit.com\/it\/wp-json\/wp\/v2\/types\/page"}],"author":[{"embeddable":true,"href":"https:\/\/zenkit.com\/it\/wp-json\/wp\/v2\/users\/30"}],"replies":[{"embeddable":true,"href":"https:\/\/zenkit.com\/it\/wp-json\/wp\/v2\/comments?post=72976"}],"version-history":[{"count":2,"href":"https:\/\/zenkit.com\/it\/wp-json\/wp\/v2\/pages\/72976\/revisions"}],"predecessor-version":[{"id":173561,"href":"https:\/\/zenkit.com\/it\/wp-json\/wp\/v2\/pages\/72976\/revisions\/173561"}],"up":[{"embeddable":true,"href":"https:\/\/zenkit.com\/it\/wp-json\/wp\/v2\/pages\/61684"}],"wp:attachment":[{"href":"https:\/\/zenkit.com\/it\/wp-json\/wp\/v2\/media?parent=72976"}],"curies":[{"name":"wp","href":"https:\/\/api.w.org\/{rel}","templated":true}]}}