{"id":72978,"date":"2018-07-07T02:43:46","date_gmt":"2018-07-07T00:43:46","guid":{"rendered":"https:\/\/zenkit.com\/kit-pubblicazioni\/zenkit-launches-major-list-and-collaboration-updates-to-take-on-industry-leaders\/"},"modified":"2025-10-28T20:16:44","modified_gmt":"2025-10-28T19:16:44","slug":"zenkit-launches-major-list-and-collaboration-updates-to-take-on-industry-leaders","status":"publish","type":"page","link":"https:\/\/zenkit.com\/it\/kit-pubblicazioni\/zenkit-launches-major-list-and-collaboration-updates-to-take-on-industry-leaders\/","title":{"rendered":"Zenkit launches major list and collaboration updates to take on industry leaders"},"content":{"rendered":"\n<div class=\"wp-block-group has-global-padding is-layout-constrained wp-block-group-is-layout-constrained\">\n<div class=\"wp-block-group width--950 has-global-padding is-layout-constrained wp-block-group-is-layout-constrained\">\n<div style=\"height:45px;--tablet-height:45px;--mobile-height:16px\" class=\"wp-block-lookeen-blocks-responsive-spacer\"><\/div>\n\n\n\n<div class=\"wp-block-group has-global-padding is-layout-constrained wp-block-group-is-layout-constrained\">\n<h1 class=\"wp-block-heading has-text-align-center\" style=\"margin-bottom:8px\">Zenkit lancia importanti aggiornamenti di elenchi e collaborazioni per affrontare i leader del settore<\/h1>\n<\/div>\n\n\n\n<div class=\"wp-block-group has-global-padding is-layout-constrained wp-block-group-is-layout-constrained\">\n<p class=\"has-text-align-center subheading\">Funzioni simili a Wunderlist disponibili da oggi per tutti gli utenti<\/p>\n<\/div>\n\n\n\n<div style=\"height:48px;--tablet-height:36px;--mobile-height:24px\" class=\"wp-block-lookeen-blocks-responsive-spacer\"><\/div>\n\n\n\n<div class=\"wp-block-group has-global-padding is-layout-constrained wp-block-group-is-layout-constrained\">\n<p class=\"has-text-align-center press__headline has-text-color has-link-color wp-elements-b982a3e186c1dbf6e2d27cc9be4d53a3\" style=\"color:#939393;font-size:24px;font-style:normal;font-weight:700;line-height:1.5\">Gioved\u00ec, 12 ottobre 2017 \u2013 Karlsruhe, Germania<\/p>\n<\/div>\n<\/div>\n\n\n\n<div style=\"height:88px;--tablet-height:72px;--mobile-height:40px\" class=\"wp-block-lookeen-blocks-responsive-spacer\"><\/div>\n<\/div>\n\n\n\n<div class=\"wp-block-group has-global-padding is-layout-constrained wp-block-group-is-layout-constrained\">\n<div class=\"wp-block-columns is-layout-flex wp-container-core-columns-is-layout-b8d659ec wp-block-columns-is-layout-flex\">\n<div class=\"wp-block-column is-layout-flow wp-block-column-is-layout-flow\">\n<p class=\"has-da-grey-2-color has-text-color has-link-color wp-elements-d86d49926e016f965bad386438362856\">Il produttore di software tedesco Axonic sta cambiando il modo in cui vengono create le soluzioni di gestione dei progetti online. Con il suo ultimo strumento Zenkit, l\u2019azienda ha compiuto con successo un grande passo in avanti verso il suo obiettivo di creare la prima piattaforma per la gestione del progetto realmente flessibile.<\/p>\n\n\n\n<p class=\"has-da-grey-2-color has-text-color has-link-color wp-elements-ef45f39d6d94fb32258d166b2cf52c4d\">Una novit\u00e0 della famiglia di funzionalit\u00e0 Zenkit sono le versioni adattate delle pi\u00f9 famose soluzioni di gestione dei progetti in circolazione: Trello e Wunderlist. Trello ha reso popolare il workflow stile Kanban per la gestione del progetto online. Zenkit ha gi\u00e0 integrato Kanban nella sua applicazione. Funzioni come preferiti e task barrati sono stati resi popolari da Wunderlist, un\u2019app per la creazione di liste anch\u2019essa costruita in Germania. Wunderlist \u00e8 stata acquisita da Microsoft nel 2012. Secondo techcrunch.com, Microsoft ha dichiarato che Wunderlist sar\u00e0 presto ritirata e rimpiazzata da un\u2019alternativa chiamata \u201cToDo\u201d. Con questo rilascio, Zenkit coprir\u00e0 i set di funzioni di Kanban e lista in un singolo strumento. Ci\u00f2 aiuter\u00e0 Zenkit ad espandere la sua base utente ancora di pi\u00f9 e, allo stesso tempo, a fornire ad entusiasti di lavagne Kanban e liste di task una soluzione interamente personalizzabile con la possibilit\u00e0 di fare uso di ulteriori funzioni.<\/p>\n\n\n\n<p class=\"has-da-grey-2-color has-text-color has-link-color wp-elements-42a8008363364301ecc3f8184ad672da\">Incluso nell\u2019aggiornamento c\u2019\u00e8 \u201cI miei Preferiti\u201d, il quale d\u00e0 agli utenti il potere di contrassegnare items attraverso i loro profili per essere visualizzati in un unico posto. \u201cI miei Team\u201d fornisce all\u2019utente un nuovo posto dove visualizzare tutti gli items assegnati al profilo utente, ma anche un modo per visualizzare ed assegnare items ai membri del team. L\u2019autoespicativo add-on \u201cgestione del task\u201d permette agli utenti di creare, editare e condividere liste to-do in modo semplice. Inoltre, ora gli utenti possono importare le loro liste direttamente dai loro account Wunderlist.<\/p>\n<\/div>\n\n\n\n<div class=\"wp-block-column is-layout-flow wp-block-column-is-layout-flow\">\n<p class=\"has-da-grey-1-color has-text-color has-link-color wp-elements-83026c4454cf0855491c62144ac10dd7\">Il fondatore e CEO di Axonic Martin Welker \u00e8 positivo circa i benefici agli utenti di entrambe le app stile liste e le tradizionali app Kanban. \u201cLe aziende hanno una grande variet\u00e0 di strumenti fra i quali scegliere. Tutti gli strumenti disponibili sul mercato hanno funzioni diverse e specifiche. Noi crediamo che, specialmente nel settore della gestione del progetto, le persone dovrebbero avere il potere di decidere quali funzioni siano pi\u00f9 adatte alla loro situazione corrente e workflow. Al bisogno gli utenti dovrebbero essere in grado di passare tra queste funzioni, senza bisogno di dover costantemente passare da uno strumento all\u2019altro. Con Zenkit miriamo a fornire agli utenti questa flessibilit\u00e0 cos\u00ec da incoraggiare creativit\u00e0 e personalizzazione.\u201d<\/p>\n\n\n\n<p class=\"has-da-grey-2-color has-text-color has-link-color wp-elements-f3de4694e51a3f3d2d42e4def3e83b69\">\u201cQuando Microsoft ha detto che avrebbero ritirato Wunderlist, abbiamo deciso che avremmo dovuto aggiungere anche quelle funzionalit\u00e0 in Zenkit. Sono molto entusiasta di come \u00e8 andata a finire. Per la prima volta in assoluto, gli utenti possono passare da liste a lavagne Kanban senza perdere alcuna informazione. Ora possiamo finalmente andare d\u2019accordo.\u201d<\/p>\n\n\n\n<p class=\"has-da-grey-1-color has-text-color has-link-color wp-elements-53c55d64b1e84ab2627b260871584abf\">Zenkit ha recentemente rilasciato la sua app iOS e pianifica di rilasciare un\u2019app Android entro quest\u2019anno. Alla lunga, Axonic pianifica di espandere la variet\u00e0 di funzioni aziendali disponibili in Zenkit cos\u00ec da permettere ai businesses di creare strumenti personalizzati con i quali gestire le loro aziende.<\/p>\n<\/div>\n<\/div>\n<\/div>\n\n\n\n<div style=\"height:45px;--tablet-height:45px;--mobile-height:16px\" class=\"wp-block-lookeen-blocks-responsive-spacer\"><\/div>\n\n\n\n<figure class=\"wp-block-image aligncenter size-large is-resized border-radius--20 overflow__hidden  box__shadow\"><img loading=\"lazy\" decoding=\"async\" width=\"1024\" height=\"538\" src=\"https:\/\/zenkit.com\/wp-content\/uploads\/2021\/01\/base-1024x538.jpg\" alt=\"\" class=\"wp-image-55221\" style=\"width:491px;height:auto\" srcset=\"https:\/\/zenkit.com\/wp-content\/uploads\/2021\/01\/base-1024x538.jpg 1024w, https:\/\/zenkit.com\/wp-content\/uploads\/2021\/01\/base-300x158.jpg 300w, https:\/\/zenkit.com\/wp-content\/uploads\/2021\/01\/base-768x403.jpg 768w, https:\/\/zenkit.com\/wp-content\/uploads\/2021\/01\/base.jpg 1200w\" sizes=\"auto, (max-width: 1024px) 100vw, 1024px\" \/><\/figure>\n\n\n\n<div style=\"height:88px;--tablet-height:72px;--mobile-height:40px\" class=\"wp-block-lookeen-blocks-responsive-spacer\"><\/div>\n\n\n\n<div class=\"wp-block-group has-global-padding is-layout-constrained wp-block-group-is-layout-constrained\">\n<div class=\"wp-block-group has-global-padding is-layout-constrained wp-container-core-group-is-layout-7cc94c3e wp-block-group-is-layout-constrained\">\n<h3 class=\"wp-block-heading has-text-align-center\" style=\"margin-bottom:8px;font-style:normal;font-weight:700\">Ulteriori informazioni:<\/h3>\n\n\n\n<p><a href=\"https:\/\/techcrunch.com\/2017\/04\/19\/microsoft-to-shut-down-wunderlist-in-favor-of-its-new-app-to-do\/\" target=\"_blank\" rel=\"noreferrer noopener\">https:\/\/techcrunch.com\/2017\/04\/19\/microsoft-to-shut-down-wunderlist-in-favor-of-its-new-app-to-do\/<\/a><\/p>\n\n\n\n<p><a href=\"https:\/\/thenextweb.com\/apps\/2017\/10\/03\/zenkits-first-mobile-app-could-spell-trouble-for-trello\" target=\"_blank\" rel=\"noreferrer noopener\">https:\/\/thenextweb.com\/apps\/2017\/10\/03\/zenkits-first-mobile-app-could-spell-trouble-for-trello<\/a><\/p>\n\n\n\n<div style=\"height:88px;--tablet-height:72px;--mobile-height:40px\" class=\"wp-block-lookeen-blocks-responsive-spacer\"><\/div>\n\n\n\n<h3 class=\"wp-block-heading has-text-align-center\" style=\"margin-bottom:8px;font-style:normal;font-weight:700\">Riguardo Zenkit:<\/h3>\n\n\n\n<p class=\"has-text-align-center has-da-grey-2-color has-text-color has-link-color wp-elements-9d29980808e1449c75ddbd87dcb32567\">Zenkit \u00e8 una piattaforma di gestione dei progetti e creazione di database creata da Axonic GmbH in Germania. \u00c8 stato lanciato nell\u2019ottobre del 2016.<\/p>\n\n\n\n<div style=\"height:88px;--tablet-height:72px;--mobile-height:40px\" class=\"wp-block-lookeen-blocks-responsive-spacer\"><\/div>\n\n\n\n<h3 class=\"wp-block-heading has-text-align-center\" style=\"margin-bottom:8px;font-style:normal;font-weight:700\">Riguardo Axonic:<\/h3>\n\n\n\n<p class=\"has-text-align-center has-da-grey-2-color has-text-color has-link-color wp-elements-c2d24d2c7892d6558f5c488f1553bfa0\">Axonic GmbH \u00e8 un fornitore di software privato che si occupa di tecnologia in materia di informazione, comunicazione e riconoscimento. L\u2019azienda ha sede a Karlsruhe in Germania ed \u00e8 stata fondata da Martin Welker nel 2003. Axonic sviluppa con successo software nei settori dell\u2019intelligenza artificiale, della conoscenza e dell\u2019estrazione di informazioni da oltre un decennio. Dal 2002, la loro ricerca si \u00e8 basata principalmente sull\u2019area della \u201ccommunication intelligence\u201d \u2013 l\u2019analisi e la presentazione della comunicazione. Axonic ha rilasciato 6 prodotti principali che servono oltre 5.000.000 di persone in tutto il mondo.<\/p>\n<\/div>\n<\/div>\n\n\n\n<div style=\"height:110px;--tablet-height:60px;--mobile-height:48px\" class=\"wp-block-lookeen-blocks-responsive-spacer\"><\/div>\n","protected":false},"excerpt":{"rendered":"<p>Zenkit lancia importanti aggiornamenti di elenchi e collaborazioni per affrontare i leader del settore Funzioni simili a Wunderlist disponibili da oggi per tutti gli utenti Gioved\u00ec, 12 ottobre 2017 \u2013 Karlsruhe, Germania Il produttore di software tedesco Axonic sta cambiando il modo in cui vengono create le soluzioni di gestione dei progetti online. Con il [&hellip;]<\/p>\n","protected":false},"author":30,"featured_media":0,"parent":61684,"menu_order":0,"comment_status":"closed","ping_status":"closed","template":"","meta":{"yasr_overall_rating":0,"yasr_post_is_review":"","yasr_auto_insert_disabled":"","yasr_review_type":"","footnotes":""},"class_list":["post-72978","page","type-page","status-publish","hentry"],"yoast_head":"<!-- This site is optimized with the Yoast SEO plugin v27.5 - https:\/\/yoast.com\/product\/yoast-seo-wordpress\/ -->\n<title>Zenkit Takes on Industry Leaders with List &amp; Collaboration Updates | Zenkit<\/title>\n<meta name=\"description\" content=\"With Zenkit, Axonic has successfully made a big step towards its overall aim of creating the first truly flexible project management platform.\" \/>\n<meta name=\"robots\" content=\"index, follow, max-snippet:-1, max-image-preview:large, max-video-preview:-1\" \/>\n<link rel=\"canonical\" href=\"https:\/\/zenkit.com\/it\/kit-pubblicazioni\/zenkit-launches-major-list-and-collaboration-updates-to-take-on-industry-leaders\/\" \/>\n<meta property=\"og:locale\" content=\"it_IT\" \/>\n<meta property=\"og:type\" content=\"article\" \/>\n<meta property=\"og:title\" content=\"Zenkit Takes on Industry Leaders with List &amp; Collaboration Updates | Zenkit\" \/>\n<meta property=\"og:description\" content=\"With Zenkit, Axonic has successfully made a big step towards its overall aim of creating the first truly flexible project management platform.\" \/>\n<meta property=\"og:url\" content=\"https:\/\/zenkit.com\/it\/kit-pubblicazioni\/zenkit-launches-major-list-and-collaboration-updates-to-take-on-industry-leaders\/\" \/>\n<meta property=\"og:site_name\" content=\"Zenkit\" \/>\n<meta property=\"article:publisher\" content=\"https:\/\/www.facebook.com\/ZenkitHQ\" \/>\n<meta property=\"article:modified_time\" content=\"2025-10-28T19:16:44+00:00\" \/>\n<meta property=\"og:image\" content=\"https:\/\/zenkit.com\/wp-content\/uploads\/2021\/01\/base.jpg\" \/>\n\t<meta property=\"og:image:width\" content=\"1200\" \/>\n\t<meta property=\"og:image:height\" content=\"630\" \/>\n\t<meta property=\"og:image:type\" content=\"image\/jpeg\" \/>\n<meta name=\"twitter:card\" content=\"summary_large_image\" \/>\n<meta name=\"twitter:site\" content=\"@ZenkitHQ\" \/>\n<meta name=\"twitter:label1\" content=\"Tempo di lettura stimato\" \/>\n\t<meta name=\"twitter:data1\" content=\"28 minuti\" \/>\n<script type=\"application\/ld+json\" class=\"yoast-schema-graph\">{\"@context\":\"https:\\\/\\\/schema.org\",\"@graph\":[{\"@type\":\"WebPage\",\"@id\":\"https:\\\/\\\/zenkit.com\\\/it\\\/kit-pubblicazioni\\\/zenkit-launches-major-list-and-collaboration-updates-to-take-on-industry-leaders\\\/\",\"url\":\"https:\\\/\\\/zenkit.com\\\/it\\\/kit-pubblicazioni\\\/zenkit-launches-major-list-and-collaboration-updates-to-take-on-industry-leaders\\\/\",\"name\":\"Zenkit Takes on Industry Leaders with List & Collaboration Updates | Zenkit\",\"isPartOf\":{\"@id\":\"https:\\\/\\\/zenkit.com\\\/it\\\/#website\"},\"primaryImageOfPage\":{\"@id\":\"https:\\\/\\\/zenkit.com\\\/it\\\/kit-pubblicazioni\\\/zenkit-launches-major-list-and-collaboration-updates-to-take-on-industry-leaders\\\/#primaryimage\"},\"image\":{\"@id\":\"https:\\\/\\\/zenkit.com\\\/it\\\/kit-pubblicazioni\\\/zenkit-launches-major-list-and-collaboration-updates-to-take-on-industry-leaders\\\/#primaryimage\"},\"thumbnailUrl\":\"https:\\\/\\\/zenkit.com\\\/wp-content\\\/uploads\\\/2021\\\/01\\\/base-1024x538.jpg\",\"datePublished\":\"2018-07-07T00:43:46+00:00\",\"dateModified\":\"2025-10-28T19:16:44+00:00\",\"description\":\"With Zenkit, Axonic has successfully made a big step towards its overall aim of creating the first truly flexible project management platform.\",\"breadcrumb\":{\"@id\":\"https:\\\/\\\/zenkit.com\\\/it\\\/kit-pubblicazioni\\\/zenkit-launches-major-list-and-collaboration-updates-to-take-on-industry-leaders\\\/#breadcrumb\"},\"inLanguage\":\"it-IT\",\"potentialAction\":[{\"@type\":\"ReadAction\",\"target\":[\"https:\\\/\\\/zenkit.com\\\/it\\\/kit-pubblicazioni\\\/zenkit-launches-major-list-and-collaboration-updates-to-take-on-industry-leaders\\\/\"]}]},{\"@type\":\"ImageObject\",\"inLanguage\":\"it-IT\",\"@id\":\"https:\\\/\\\/zenkit.com\\\/it\\\/kit-pubblicazioni\\\/zenkit-launches-major-list-and-collaboration-updates-to-take-on-industry-leaders\\\/#primaryimage\",\"url\":\"https:\\\/\\\/zenkit.com\\\/wp-content\\\/uploads\\\/2021\\\/01\\\/base-1024x538.jpg\",\"contentUrl\":\"https:\\\/\\\/zenkit.com\\\/wp-content\\\/uploads\\\/2021\\\/01\\\/base-1024x538.jpg\"},{\"@type\":\"BreadcrumbList\",\"@id\":\"https:\\\/\\\/zenkit.com\\\/it\\\/kit-pubblicazioni\\\/zenkit-launches-major-list-and-collaboration-updates-to-take-on-industry-leaders\\\/#breadcrumb\",\"itemListElement\":[{\"@type\":\"ListItem\",\"position\":1,\"name\":\"Home\",\"item\":\"https:\\\/\\\/zenkit.com\\\/it\\\/\"},{\"@type\":\"ListItem\",\"position\":2,\"name\":\"Kit pubblicazioni\",\"item\":\"https:\\\/\\\/zenkit.com\\\/it\\\/kit-pubblicazioni\\\/\"},{\"@type\":\"ListItem\",\"position\":3,\"name\":\"Zenkit launches major list and collaboration updates to take on industry leaders\"}]},{\"@type\":\"WebSite\",\"@id\":\"https:\\\/\\\/zenkit.com\\\/it\\\/#website\",\"url\":\"https:\\\/\\\/zenkit.com\\\/it\\\/\",\"name\":\"Zenkit\",\"description\":\"Zenkit Tagline\",\"potentialAction\":[{\"@type\":\"SearchAction\",\"target\":{\"@type\":\"EntryPoint\",\"urlTemplate\":\"https:\\\/\\\/zenkit.com\\\/it\\\/?s={search_term_string}\"},\"query-input\":{\"@type\":\"PropertyValueSpecification\",\"valueRequired\":true,\"valueName\":\"search_term_string\"}}],\"inLanguage\":\"it-IT\"},false]}<\/script>\n<!-- \/ Yoast SEO plugin. -->","yoast_head_json":{"title":"Zenkit Takes on Industry Leaders with List & Collaboration Updates | Zenkit","description":"With Zenkit, Axonic has successfully made a big step towards its overall aim of creating the first truly flexible project management platform.","robots":{"index":"index","follow":"follow","max-snippet":"max-snippet:-1","max-image-preview":"max-image-preview:large","max-video-preview":"max-video-preview:-1"},"canonical":"https:\/\/zenkit.com\/it\/kit-pubblicazioni\/zenkit-launches-major-list-and-collaboration-updates-to-take-on-industry-leaders\/","og_locale":"it_IT","og_type":"article","og_title":"Zenkit Takes on Industry Leaders with List & Collaboration Updates | Zenkit","og_description":"With Zenkit, Axonic has successfully made a big step towards its overall aim of creating the first truly flexible project management platform.","og_url":"https:\/\/zenkit.com\/it\/kit-pubblicazioni\/zenkit-launches-major-list-and-collaboration-updates-to-take-on-industry-leaders\/","og_site_name":"Zenkit","article_publisher":"https:\/\/www.facebook.com\/ZenkitHQ","article_modified_time":"2025-10-28T19:16:44+00:00","og_image":[{"width":1200,"height":630,"url":"https:\/\/zenkit.com\/wp-content\/uploads\/2021\/01\/base.jpg","type":"image\/jpeg"}],"twitter_card":"summary_large_image","twitter_site":"@ZenkitHQ","twitter_misc":{"Tempo di lettura stimato":"28 minuti"},"schema":{"@context":"https:\/\/schema.org","@graph":[{"@type":"WebPage","@id":"https:\/\/zenkit.com\/it\/kit-pubblicazioni\/zenkit-launches-major-list-and-collaboration-updates-to-take-on-industry-leaders\/","url":"https:\/\/zenkit.com\/it\/kit-pubblicazioni\/zenkit-launches-major-list-and-collaboration-updates-to-take-on-industry-leaders\/","name":"Zenkit Takes on Industry Leaders with List & Collaboration Updates | Zenkit","isPartOf":{"@id":"https:\/\/zenkit.com\/it\/#website"},"primaryImageOfPage":{"@id":"https:\/\/zenkit.com\/it\/kit-pubblicazioni\/zenkit-launches-major-list-and-collaboration-updates-to-take-on-industry-leaders\/#primaryimage"},"image":{"@id":"https:\/\/zenkit.com\/it\/kit-pubblicazioni\/zenkit-launches-major-list-and-collaboration-updates-to-take-on-industry-leaders\/#primaryimage"},"thumbnailUrl":"https:\/\/zenkit.com\/wp-content\/uploads\/2021\/01\/base-1024x538.jpg","datePublished":"2018-07-07T00:43:46+00:00","dateModified":"2025-10-28T19:16:44+00:00","description":"With Zenkit, Axonic has successfully made a big step towards its overall aim of creating the first truly flexible project management platform.","breadcrumb":{"@id":"https:\/\/zenkit.com\/it\/kit-pubblicazioni\/zenkit-launches-major-list-and-collaboration-updates-to-take-on-industry-leaders\/#breadcrumb"},"inLanguage":"it-IT","potentialAction":[{"@type":"ReadAction","target":["https:\/\/zenkit.com\/it\/kit-pubblicazioni\/zenkit-launches-major-list-and-collaboration-updates-to-take-on-industry-leaders\/"]}]},{"@type":"ImageObject","inLanguage":"it-IT","@id":"https:\/\/zenkit.com\/it\/kit-pubblicazioni\/zenkit-launches-major-list-and-collaboration-updates-to-take-on-industry-leaders\/#primaryimage","url":"https:\/\/zenkit.com\/wp-content\/uploads\/2021\/01\/base-1024x538.jpg","contentUrl":"https:\/\/zenkit.com\/wp-content\/uploads\/2021\/01\/base-1024x538.jpg"},{"@type":"BreadcrumbList","@id":"https:\/\/zenkit.com\/it\/kit-pubblicazioni\/zenkit-launches-major-list-and-collaboration-updates-to-take-on-industry-leaders\/#breadcrumb","itemListElement":[{"@type":"ListItem","position":1,"name":"Home","item":"https:\/\/zenkit.com\/it\/"},{"@type":"ListItem","position":2,"name":"Kit pubblicazioni","item":"https:\/\/zenkit.com\/it\/kit-pubblicazioni\/"},{"@type":"ListItem","position":3,"name":"Zenkit launches major list and collaboration updates to take on industry leaders"}]},{"@type":"WebSite","@id":"https:\/\/zenkit.com\/it\/#website","url":"https:\/\/zenkit.com\/it\/","name":"Zenkit","description":"Zenkit Tagline","potentialAction":[{"@type":"SearchAction","target":{"@type":"EntryPoint","urlTemplate":"https:\/\/zenkit.com\/it\/?s={search_term_string}"},"query-input":{"@type":"PropertyValueSpecification","valueRequired":true,"valueName":"search_term_string"}}],"inLanguage":"it-IT"},false]}},"yasr_visitor_votes":{"stars_attributes":{"read_only":false,"span_bottom":false},"number_of_votes":0,"sum_votes":0},"_links":{"self":[{"href":"https:\/\/zenkit.com\/it\/wp-json\/wp\/v2\/pages\/72978","targetHints":{"allow":["GET"]}}],"collection":[{"href":"https:\/\/zenkit.com\/it\/wp-json\/wp\/v2\/pages"}],"about":[{"href":"https:\/\/zenkit.com\/it\/wp-json\/wp\/v2\/types\/page"}],"author":[{"embeddable":true,"href":"https:\/\/zenkit.com\/it\/wp-json\/wp\/v2\/users\/30"}],"replies":[{"embeddable":true,"href":"https:\/\/zenkit.com\/it\/wp-json\/wp\/v2\/comments?post=72978"}],"version-history":[{"count":4,"href":"https:\/\/zenkit.com\/it\/wp-json\/wp\/v2\/pages\/72978\/revisions"}],"predecessor-version":[{"id":173559,"href":"https:\/\/zenkit.com\/it\/wp-json\/wp\/v2\/pages\/72978\/revisions\/173559"}],"up":[{"embeddable":true,"href":"https:\/\/zenkit.com\/it\/wp-json\/wp\/v2\/pages\/61684"}],"wp:attachment":[{"href":"https:\/\/zenkit.com\/it\/wp-json\/wp\/v2\/media?parent=72978"}],"curies":[{"name":"wp","href":"https:\/\/api.w.org\/{rel}","templated":true}]}}