{"id":73716,"date":"2018-07-07T02:50:21","date_gmt":"2018-07-07T00:50:21","guid":{"rendered":"https:\/\/zenkit.com\/kit-pubblicazioni\/zenkit-launches-its-service-in-8-new-languages\/"},"modified":"2025-09-07T16:34:33","modified_gmt":"2025-09-07T14:34:33","slug":"zenkit-launches-its-service-in-8-new-languages","status":"publish","type":"page","link":"https:\/\/zenkit.com\/it\/kit-pubblicazioni\/zenkit-launches-its-service-in-8-new-languages\/","title":{"rendered":"Zenkit launches its service in 8 new languages"},"content":{"rendered":"\n<div class=\"wp-block-group has-global-padding is-layout-constrained wp-block-group-is-layout-constrained\">\n<div class=\"wp-block-group width--950 has-global-padding is-layout-constrained wp-block-group-is-layout-constrained\">\n<div style=\"height:45px;--tablet-height:45px;--mobile-height:16px\" class=\"wp-block-lookeen-blocks-responsive-spacer\"><\/div>\n\n\n\n<div class=\"wp-block-group has-global-padding is-layout-constrained wp-block-group-is-layout-constrained\">\n<h1 class=\"wp-block-heading has-text-align-center\" style=\"margin-bottom:8px\">Zenkit lancia il suo servizio in 8 nuove lingue<\/h1>\n<\/div>\n\n\n\n<div class=\"wp-block-group has-global-padding is-layout-constrained wp-block-group-is-layout-constrained\">\n<p class=\"has-text-align-center subheading\">La startup per la gestione del progetto soddisfa la sua comunit\u00e0 globale con un\u2019espansione della lingua<\/p>\n<\/div>\n\n\n\n<div style=\"height:48px;--tablet-height:36px;--mobile-height:24px\" class=\"wp-block-lookeen-blocks-responsive-spacer\"><\/div>\n\n\n\n<div class=\"wp-block-group has-global-padding is-layout-constrained wp-block-group-is-layout-constrained\">\n<p class=\"has-text-align-center press__headline has-text-color has-link-color wp-elements-9d484ac22a21c6b86003d9e91e36896d\" style=\"color:#939393;font-size:24px;font-style:normal;font-weight:700;line-height:1.5\">Gioved\u00ec 28 giugno 2018 \u2013 Karlsruhe, Germania<\/p>\n<\/div>\n<\/div>\n\n\n\n<div style=\"height:88px;--tablet-height:72px;--mobile-height:40px\" class=\"wp-block-lookeen-blocks-responsive-spacer\"><\/div>\n<\/div>\n\n\n\n<div class=\"wp-block-group has-global-padding is-layout-constrained wp-block-group-is-layout-constrained\">\n<div class=\"wp-block-columns is-layout-flex wp-container-core-columns-is-layout-b8d659ec wp-block-columns-is-layout-flex\">\n<div class=\"wp-block-column is-layout-flow wp-block-column-is-layout-flow\">\n<p class=\"has-da-grey-2-color has-text-color has-link-color wp-elements-1b00d0d3863d454baf61342bac454b6f\">La startup tedesca Zenkit sta avvicinando la piattaforma ai suoi utenti introducendo i suoi servizi in otto nuove lingue, con l\u2019intenzione di rilasciarne altre cinque nei prossimi mesi.<\/p>\n\n\n\n<p class=\"has-da-grey-2-color has-text-color has-link-color wp-elements-d04b1566528b7d9d2dd4fcddecd956de\">Con una forte domanda da parte degli utenti per le lingue locali, il team di Zenkit ha trascorso la maggior parte dell\u2019anno su questa versione. Un team di quasi 30 traduttori e redattori di testi ha lavorato per garantire che gli utenti di tutto il mondo si sentano a casa lavorando in Zenkit.<\/p>\n<\/div>\n\n\n\n<div class=\"wp-block-column is-layout-flow wp-block-column-is-layout-flow\">\n<p class=\"has-da-grey-1-color has-text-color has-link-color wp-elements-8ce29f23720e085d31d4fd9782b95f93\">Zenkit ha recentemente rilasciato il suo snap per Linux e prevede di rilasciare altre funzionalit\u00e0 come email a collection, task ricorrenti e diagrammi di Gantt entro la fine dell\u2019anno. A lungo termine, Zenkit prevede di espandere la variet\u00e0 di funzioni aziendali disponibili in Zenkit per consentire alle aziende di creare strumenti personalizzati su cui gestire le proprie aziende.<\/p>\n\n\n\n<p class=\"has-da-grey-1-color has-text-color has-link-color wp-elements-9930115fd11e19c8a7388352323d4693\">Lingue disponibili in questa versione: tedesco, spagnolo, italiano, portoghese, russo, francese, coreano e cinese tradizionale.<br>In arrivo: hindi, olandese, giapponese, tailandese e cinese semplificato.<\/p>\n<\/div>\n<\/div>\n<\/div>\n\n\n\n<div style=\"height:45px;--tablet-height:45px;--mobile-height:16px\" class=\"wp-block-lookeen-blocks-responsive-spacer\"><\/div>\n\n\n\n<figure class=\"wp-block-image aligncenter size-large is-resized border-radius--20 overflow__hidden  box__shadow\"><img loading=\"lazy\" decoding=\"async\" width=\"1024\" height=\"538\" src=\"https:\/\/zenkit.com\/wp-content\/uploads\/2021\/01\/base-1024x538.jpg\" alt=\"\" class=\"wp-image-55221\" style=\"width:491px;height:auto\" srcset=\"https:\/\/zenkit.com\/wp-content\/uploads\/2021\/01\/base-1024x538.jpg 1024w, https:\/\/zenkit.com\/wp-content\/uploads\/2021\/01\/base-300x158.jpg 300w, https:\/\/zenkit.com\/wp-content\/uploads\/2021\/01\/base-768x403.jpg 768w, https:\/\/zenkit.com\/wp-content\/uploads\/2021\/01\/base.jpg 1200w\" sizes=\"auto, (max-width: 1024px) 100vw, 1024px\" \/><\/figure>\n\n\n\n<div style=\"height:88px;--tablet-height:72px;--mobile-height:40px\" class=\"wp-block-lookeen-blocks-responsive-spacer\"><\/div>\n\n\n\n<div class=\"wp-block-group has-global-padding is-layout-constrained wp-block-group-is-layout-constrained\">\n<div class=\"wp-block-group has-global-padding is-layout-constrained wp-container-core-group-is-layout-7cc94c3e wp-block-group-is-layout-constrained\">\n<div class=\"wp-block-group has-background has-global-padding is-layout-constrained wp-container-core-group-is-layout-8412c99a wp-block-group-is-layout-constrained\" style=\"border-radius:20px;background-color:#efefef;margin-bottom:24px;padding-top:20px;padding-right:20px;padding-bottom:20px;padding-left:20px\">\n<p class=\"has-da-grey-1-color has-text-color has-link-color wp-elements-11129437136ecfadd7e2406b0ef822c8\" style=\"font-size:14px\"><strong>Il fondatore e CEO di Zenkit, Martin Welker<\/strong>, \u00e8 positivo riguardo al vantaggio per gli utenti. \u201cIl nostro obiettivo fin dall\u2019inizio \u00e8 stato che Zenkit fosse la casa dei tuoi dati. Il nostro team \u00e8 molto diversificato e abbiamo una base di utenti in crescita a livello internazionale, quindi \u00e8 un passo naturale per noi offrire Zenkit nelle lingue native dei nostri utenti.<\/p>\n\n\n\n<p class=\"has-da-grey-1-color has-text-color has-link-color wp-elements-96a6f4598043150b145ac0e5a6562d64\" style=\"font-size:14px\">Inizialmente abbiamo rilasciato Zenkit in inglese poich\u00e9 \u00e8 una lingua che molte persone in tutto il mondo possono capire e con cui lavorano. Tuttavia, \u00e8 molto pi\u00f9 facile lavorare in modo produttivo nella tua lingua, motivo per cui abbiamo scelto di localizzare Zenkit in una fase cos\u00ec precoce. Questo \u00e8 stato anche un punto dolente per molti dei nostri utenti tedeschi, che (giustamente) hanno sottolineato che un\u2019azienda con sede in Germania dovrebbe supportare la lingua tedesca! Siamo felici di essere finalmente in grado di accontentarli\u201d.<\/p>\n<\/div>\n\n\n\n<div style=\"height:88px;--tablet-height:72px;--mobile-height:40px\" class=\"wp-block-lookeen-blocks-responsive-spacer\"><\/div>\n\n\n\n<h3 class=\"wp-block-heading has-text-align-center\" style=\"margin-bottom:8px;font-style:normal;font-weight:700\">Informazioni su Zenkit<\/h3>\n\n\n\n<p class=\"has-text-align-center has-da-grey-2-color has-text-color has-link-color wp-elements-5c05b92107809ee012b61abef85521d0\">Zenkit \u00e8 una startup formata da Axonic GmbH. La piattaforma SaaS per la gestione dei progetti e la creazione di database \u00e8 stata lanciata nell\u2019ottobre del 2016.<\/p>\n<\/div>\n<\/div>\n\n\n\n<div style=\"height:110px;--tablet-height:60px;--mobile-height:48px\" class=\"wp-block-lookeen-blocks-responsive-spacer\"><\/div>\n","protected":false},"excerpt":{"rendered":"<p>Zenkit lancia il suo servizio in 8 nuove lingue La startup per la gestione del progetto soddisfa la sua comunit\u00e0 globale con un\u2019espansione della lingua Gioved\u00ec 28 giugno 2018 \u2013 Karlsruhe, Germania La startup tedesca Zenkit sta avvicinando la piattaforma ai suoi utenti introducendo i suoi servizi in otto nuove lingue, con l\u2019intenzione di rilasciarne [&hellip;]<\/p>\n","protected":false},"author":30,"featured_media":0,"parent":61684,"menu_order":1,"comment_status":"closed","ping_status":"closed","template":"","meta":{"yasr_overall_rating":0,"yasr_post_is_review":"","yasr_auto_insert_disabled":"","yasr_review_type":"","footnotes":""},"class_list":["post-73716","page","type-page","status-publish","hentry"],"yoast_head":"<!-- This site is optimized with the Yoast SEO plugin v27.5 - https:\/\/yoast.com\/product\/yoast-seo-wordpress\/ -->\n<title>Zenkit launches its service in 8 new languages | Zenkit<\/title>\n<meta name=\"description\" content=\"As of June 28th, 2018, Zenkit is available in 8 new languages: German, Spanish, Italian, Portuguese, Russian, French, Korean, and Traditional Chinese.\" \/>\n<meta name=\"robots\" content=\"index, follow, max-snippet:-1, max-image-preview:large, max-video-preview:-1\" \/>\n<link rel=\"canonical\" href=\"https:\/\/zenkit.com\/it\/kit-pubblicazioni\/zenkit-launches-its-service-in-8-new-languages\/\" \/>\n<meta property=\"og:locale\" content=\"it_IT\" \/>\n<meta property=\"og:type\" content=\"article\" \/>\n<meta property=\"og:title\" content=\"Zenkit launches its service in 8 new languages | Zenkit\" \/>\n<meta property=\"og:description\" content=\"As of June 28th, 2018, Zenkit is available in 8 new languages: German, Spanish, Italian, Portuguese, Russian, French, Korean, and Traditional Chinese.\" \/>\n<meta property=\"og:url\" content=\"https:\/\/zenkit.com\/it\/kit-pubblicazioni\/zenkit-launches-its-service-in-8-new-languages\/\" \/>\n<meta property=\"og:site_name\" content=\"Zenkit\" \/>\n<meta property=\"article:publisher\" content=\"https:\/\/www.facebook.com\/ZenkitHQ\" \/>\n<meta property=\"article:modified_time\" content=\"2025-09-07T14:34:33+00:00\" \/>\n<meta property=\"og:image\" content=\"https:\/\/zenkit.com\/wp-content\/uploads\/2021\/01\/base-1024x538.jpg\" \/>\n<meta name=\"twitter:card\" content=\"summary_large_image\" \/>\n<meta name=\"twitter:site\" content=\"@ZenkitHQ\" \/>\n<meta name=\"twitter:label1\" content=\"Tempo di lettura stimato\" \/>\n\t<meta name=\"twitter:data1\" content=\"2 minuti\" \/>\n<script type=\"application\/ld+json\" class=\"yoast-schema-graph\">{\"@context\":\"https:\\\/\\\/schema.org\",\"@graph\":[{\"@type\":\"WebPage\",\"@id\":\"https:\\\/\\\/zenkit.com\\\/it\\\/kit-pubblicazioni\\\/zenkit-launches-its-service-in-8-new-languages\\\/\",\"url\":\"https:\\\/\\\/zenkit.com\\\/it\\\/kit-pubblicazioni\\\/zenkit-launches-its-service-in-8-new-languages\\\/\",\"name\":\"Zenkit launches its service in 8 new languages | Zenkit\",\"isPartOf\":{\"@id\":\"https:\\\/\\\/zenkit.com\\\/it\\\/#website\"},\"primaryImageOfPage\":{\"@id\":\"https:\\\/\\\/zenkit.com\\\/it\\\/kit-pubblicazioni\\\/zenkit-launches-its-service-in-8-new-languages\\\/#primaryimage\"},\"image\":{\"@id\":\"https:\\\/\\\/zenkit.com\\\/it\\\/kit-pubblicazioni\\\/zenkit-launches-its-service-in-8-new-languages\\\/#primaryimage\"},\"thumbnailUrl\":\"https:\\\/\\\/zenkit.com\\\/wp-content\\\/uploads\\\/2021\\\/01\\\/base-1024x538.jpg\",\"datePublished\":\"2018-07-07T00:50:21+00:00\",\"dateModified\":\"2025-09-07T14:34:33+00:00\",\"description\":\"As of June 28th, 2018, Zenkit is available in 8 new languages: German, Spanish, Italian, Portuguese, Russian, French, Korean, and Traditional Chinese.\",\"breadcrumb\":{\"@id\":\"https:\\\/\\\/zenkit.com\\\/it\\\/kit-pubblicazioni\\\/zenkit-launches-its-service-in-8-new-languages\\\/#breadcrumb\"},\"inLanguage\":\"it-IT\",\"potentialAction\":[{\"@type\":\"ReadAction\",\"target\":[\"https:\\\/\\\/zenkit.com\\\/it\\\/kit-pubblicazioni\\\/zenkit-launches-its-service-in-8-new-languages\\\/\"]}]},{\"@type\":\"ImageObject\",\"inLanguage\":\"it-IT\",\"@id\":\"https:\\\/\\\/zenkit.com\\\/it\\\/kit-pubblicazioni\\\/zenkit-launches-its-service-in-8-new-languages\\\/#primaryimage\",\"url\":\"https:\\\/\\\/zenkit.com\\\/wp-content\\\/uploads\\\/2021\\\/01\\\/base-1024x538.jpg\",\"contentUrl\":\"https:\\\/\\\/zenkit.com\\\/wp-content\\\/uploads\\\/2021\\\/01\\\/base-1024x538.jpg\"},{\"@type\":\"BreadcrumbList\",\"@id\":\"https:\\\/\\\/zenkit.com\\\/it\\\/kit-pubblicazioni\\\/zenkit-launches-its-service-in-8-new-languages\\\/#breadcrumb\",\"itemListElement\":[{\"@type\":\"ListItem\",\"position\":1,\"name\":\"Home\",\"item\":\"https:\\\/\\\/zenkit.com\\\/it\\\/\"},{\"@type\":\"ListItem\",\"position\":2,\"name\":\"Kit pubblicazioni\",\"item\":\"https:\\\/\\\/zenkit.com\\\/it\\\/kit-pubblicazioni\\\/\"},{\"@type\":\"ListItem\",\"position\":3,\"name\":\"Zenkit launches its service in 8 new languages\"}]},{\"@type\":\"WebSite\",\"@id\":\"https:\\\/\\\/zenkit.com\\\/it\\\/#website\",\"url\":\"https:\\\/\\\/zenkit.com\\\/it\\\/\",\"name\":\"Zenkit\",\"description\":\"Zenkit Tagline\",\"potentialAction\":[{\"@type\":\"SearchAction\",\"target\":{\"@type\":\"EntryPoint\",\"urlTemplate\":\"https:\\\/\\\/zenkit.com\\\/it\\\/?s={search_term_string}\"},\"query-input\":{\"@type\":\"PropertyValueSpecification\",\"valueRequired\":true,\"valueName\":\"search_term_string\"}}],\"inLanguage\":\"it-IT\"},false]}<\/script>\n<!-- \/ Yoast SEO plugin. -->","yoast_head_json":{"title":"Zenkit launches its service in 8 new languages | Zenkit","description":"As of June 28th, 2018, Zenkit is available in 8 new languages: German, Spanish, Italian, Portuguese, Russian, French, Korean, and Traditional Chinese.","robots":{"index":"index","follow":"follow","max-snippet":"max-snippet:-1","max-image-preview":"max-image-preview:large","max-video-preview":"max-video-preview:-1"},"canonical":"https:\/\/zenkit.com\/it\/kit-pubblicazioni\/zenkit-launches-its-service-in-8-new-languages\/","og_locale":"it_IT","og_type":"article","og_title":"Zenkit launches its service in 8 new languages | Zenkit","og_description":"As of June 28th, 2018, Zenkit is available in 8 new languages: German, Spanish, Italian, Portuguese, Russian, French, Korean, and Traditional Chinese.","og_url":"https:\/\/zenkit.com\/it\/kit-pubblicazioni\/zenkit-launches-its-service-in-8-new-languages\/","og_site_name":"Zenkit","article_publisher":"https:\/\/www.facebook.com\/ZenkitHQ","article_modified_time":"2025-09-07T14:34:33+00:00","og_image":[{"url":"https:\/\/zenkit.com\/wp-content\/uploads\/2021\/01\/base-1024x538.jpg","type":"","width":"","height":""}],"twitter_card":"summary_large_image","twitter_site":"@ZenkitHQ","twitter_misc":{"Tempo di lettura stimato":"2 minuti"},"schema":{"@context":"https:\/\/schema.org","@graph":[{"@type":"WebPage","@id":"https:\/\/zenkit.com\/it\/kit-pubblicazioni\/zenkit-launches-its-service-in-8-new-languages\/","url":"https:\/\/zenkit.com\/it\/kit-pubblicazioni\/zenkit-launches-its-service-in-8-new-languages\/","name":"Zenkit launches its service in 8 new languages | Zenkit","isPartOf":{"@id":"https:\/\/zenkit.com\/it\/#website"},"primaryImageOfPage":{"@id":"https:\/\/zenkit.com\/it\/kit-pubblicazioni\/zenkit-launches-its-service-in-8-new-languages\/#primaryimage"},"image":{"@id":"https:\/\/zenkit.com\/it\/kit-pubblicazioni\/zenkit-launches-its-service-in-8-new-languages\/#primaryimage"},"thumbnailUrl":"https:\/\/zenkit.com\/wp-content\/uploads\/2021\/01\/base-1024x538.jpg","datePublished":"2018-07-07T00:50:21+00:00","dateModified":"2025-09-07T14:34:33+00:00","description":"As of June 28th, 2018, Zenkit is available in 8 new languages: German, Spanish, Italian, Portuguese, Russian, French, Korean, and Traditional Chinese.","breadcrumb":{"@id":"https:\/\/zenkit.com\/it\/kit-pubblicazioni\/zenkit-launches-its-service-in-8-new-languages\/#breadcrumb"},"inLanguage":"it-IT","potentialAction":[{"@type":"ReadAction","target":["https:\/\/zenkit.com\/it\/kit-pubblicazioni\/zenkit-launches-its-service-in-8-new-languages\/"]}]},{"@type":"ImageObject","inLanguage":"it-IT","@id":"https:\/\/zenkit.com\/it\/kit-pubblicazioni\/zenkit-launches-its-service-in-8-new-languages\/#primaryimage","url":"https:\/\/zenkit.com\/wp-content\/uploads\/2021\/01\/base-1024x538.jpg","contentUrl":"https:\/\/zenkit.com\/wp-content\/uploads\/2021\/01\/base-1024x538.jpg"},{"@type":"BreadcrumbList","@id":"https:\/\/zenkit.com\/it\/kit-pubblicazioni\/zenkit-launches-its-service-in-8-new-languages\/#breadcrumb","itemListElement":[{"@type":"ListItem","position":1,"name":"Home","item":"https:\/\/zenkit.com\/it\/"},{"@type":"ListItem","position":2,"name":"Kit pubblicazioni","item":"https:\/\/zenkit.com\/it\/kit-pubblicazioni\/"},{"@type":"ListItem","position":3,"name":"Zenkit launches its service in 8 new languages"}]},{"@type":"WebSite","@id":"https:\/\/zenkit.com\/it\/#website","url":"https:\/\/zenkit.com\/it\/","name":"Zenkit","description":"Zenkit Tagline","potentialAction":[{"@type":"SearchAction","target":{"@type":"EntryPoint","urlTemplate":"https:\/\/zenkit.com\/it\/?s={search_term_string}"},"query-input":{"@type":"PropertyValueSpecification","valueRequired":true,"valueName":"search_term_string"}}],"inLanguage":"it-IT"},false]}},"yasr_visitor_votes":{"stars_attributes":{"read_only":false,"span_bottom":false},"number_of_votes":0,"sum_votes":0},"_links":{"self":[{"href":"https:\/\/zenkit.com\/it\/wp-json\/wp\/v2\/pages\/73716","targetHints":{"allow":["GET"]}}],"collection":[{"href":"https:\/\/zenkit.com\/it\/wp-json\/wp\/v2\/pages"}],"about":[{"href":"https:\/\/zenkit.com\/it\/wp-json\/wp\/v2\/types\/page"}],"author":[{"embeddable":true,"href":"https:\/\/zenkit.com\/it\/wp-json\/wp\/v2\/users\/30"}],"replies":[{"embeddable":true,"href":"https:\/\/zenkit.com\/it\/wp-json\/wp\/v2\/comments?post=73716"}],"version-history":[{"count":1,"href":"https:\/\/zenkit.com\/it\/wp-json\/wp\/v2\/pages\/73716\/revisions"}],"predecessor-version":[{"id":138337,"href":"https:\/\/zenkit.com\/it\/wp-json\/wp\/v2\/pages\/73716\/revisions\/138337"}],"up":[{"embeddable":true,"href":"https:\/\/zenkit.com\/it\/wp-json\/wp\/v2\/pages\/61684"}],"wp:attachment":[{"href":"https:\/\/zenkit.com\/it\/wp-json\/wp\/v2\/media?parent=73716"}],"curies":[{"name":"wp","href":"https:\/\/api.w.org\/{rel}","templated":true}]}}