{"id":73730,"date":"2022-04-08T14:01:52","date_gmt":"2022-04-08T12:01:52","guid":{"rendered":"https:\/\/zenkit.com\/kit-pubblicazioni\/zenkit-projects-press-release\/"},"modified":"2025-09-04T12:11:24","modified_gmt":"2025-09-04T10:11:24","slug":"zenkit-projects-press-release","status":"publish","type":"page","link":"https:\/\/zenkit.com\/it\/kit-pubblicazioni\/zenkit-projects-press-release\/","title":{"rendered":"Zenkit Press Release"},"content":{"rendered":"\n<div class=\"wp-block-group has-global-padding is-layout-constrained wp-block-group-is-layout-constrained\">\n<div class=\"wp-block-group width--950 has-global-padding is-layout-constrained wp-block-group-is-layout-constrained\">\n<div style=\"height:45px;--tablet-height:45px;--mobile-height:16px\" class=\"wp-block-lookeen-blocks-responsive-spacer\"><\/div>\n\n\n\n<div class=\"wp-block-group has-global-padding is-layout-constrained wp-block-group-is-layout-constrained\">\n<h1 class=\"wp-block-heading has-text-align-center\" style=\"margin-bottom:8px\">Zenkit lancia &#8220;Projects&#8221; &#8211; un nuovo strumento completo per la gestione dei task per le aziende<\/h1>\n<\/div>\n\n\n\n<div class=\"wp-block-group has-global-padding is-layout-constrained wp-block-group-is-layout-constrained\">\n<p class=\"has-text-align-center subheading\">Un\u2019app per la gestione dei progetti innovativa e altamente personalizzabile aggiunta a Zenkit Suite<\/p>\n<\/div>\n\n\n\n<div style=\"height:48px;--tablet-height:36px;--mobile-height:24px\" class=\"wp-block-lookeen-blocks-responsive-spacer\"><\/div>\n\n\n\n<div class=\"wp-block-group has-global-padding is-layout-constrained wp-block-group-is-layout-constrained\">\n<p class=\"has-text-align-center press__headline has-text-color has-link-color wp-elements-07d0b3942263813fd7cdffcaef29255d\" style=\"color:#939393;font-size:24px;font-style:normal;font-weight:700;line-height:1.5\">8 agosto 2021 \u2013 Karlsruhe, Germania<\/p>\n<\/div>\n<\/div>\n\n\n\n<div style=\"height:88px;--tablet-height:72px;--mobile-height:40px\" class=\"wp-block-lookeen-blocks-responsive-spacer\"><\/div>\n<\/div>\n\n\n\n<div class=\"wp-block-group has-global-padding is-layout-constrained wp-block-group-is-layout-constrained\">\n<div class=\"wp-block-columns is-layout-flex wp-container-core-columns-is-layout-b8d659ec wp-block-columns-is-layout-flex\">\n<div class=\"wp-block-column is-layout-flow wp-block-column-is-layout-flow\">\n<p class=\"has-da-grey-2-color has-text-color has-link-color wp-elements-9492da68aa88cb9400e24cc804e2df3c\">Axonic, il produttore della suite di app per task e chat di Zenkit, annuncia oggi il lancio di \u201cProjects\u201d, il quinto prodotto che si unisce all\u2019elenco crescente di altri popolari strumenti di produttivit\u00e0 e collaborazione utilizzati da consumatori e aziende. \u201cProjects\u201d fornisce ai team e ai luoghi di lavoro connessi un set completo di funzionalit\u00e0 che aiutano a gestire e risparmiare tempo, rispettare le scadenze, delegare e monitorare i task per rispettare la pianificazione ed evitare di perdere lavoro e informazioni.<\/p>\n\n\n\n<p class=\"has-da-grey-2-color has-text-color has-link-color wp-elements-3fe7251fd00f4b470e3f12cf6b815310\">Basandosi su Zenkit Base, la prima delle app di Axonic che fornisce una piattaforma di trasformazione digitale, \u201cProjects\u201d sta aiutando i luoghi di lavoro a evitare i silos e la comunicazione interdipartimentale che impedisce la collaborazione necessaria alle aziende per prosperare veramente. \u201cProjects\u201d \u00e8 un software progettato esclusivamente per una gestione avanzata dei progetti. Gli utenti possono personalizzare i propri dashboard e gestire i progetti utilizzando una variet\u00e0 di metodologie, siano esse Agile, Kanban o Waterfall, oltre a passare rapidamente da una all\u2019altra in qualsiasi momento. \u00c8 progettato per la facilit\u00e0 d\u2019uso, con potenti funzionalit\u00e0 all\u2019avanguardia che consentono agli utenti di analizzare e migliorare rapidamente progetti e processi e concentrarsi sul completamento di task importanti.<\/p>\n<\/div>\n\n\n\n<div class=\"wp-block-column is-layout-flow wp-block-column-is-layout-flow\">\n<p class=\"has-da-grey-1-color has-text-color has-link-color wp-elements-95c5229664412dff2231bc4d072ef9d7\">\u201cNei 5 anni da quando abbiamo lanciato Zenkit, abbiamo avuto il privilegio di imparare molto sulla gestione dei progetti. Siamo orgogliosi di affermare che Projects \u00e8 il perfetto compromesso tra semplicit\u00e0 e funzionalit\u00e0\u201d, afferma Martin Welker, CEO di Axonic. \u201cProjects\u201d \u00e8 stato creato per offrire funzionalit\u00e0 professionali di alto livello ma anche un\u2019esperienza leggera per aiutare a rendere pi\u00f9 fluida la consegna di progetti. I team otterranno una migliore panoramica delle prestazioni su pi\u00f9 progetti se si eseguono pi\u00f9 iniziative contemporaneamente, per la pianificazione, l\u2019esecuzione e la realizzazione di pietre miliari e traguardi aziendali\u201d.<\/p>\n<\/div>\n<\/div>\n\n\n\n<div style=\"height:88px;--tablet-height:72px;--mobile-height:40px\" class=\"wp-block-lookeen-blocks-responsive-spacer\"><\/div>\n<\/div>\n\n\n\n<div class=\"wp-block-group has-global-padding is-layout-constrained wp-block-group-is-layout-constrained\">\n<div style=\"height:45px;--tablet-height:45px;--mobile-height:16px\" class=\"wp-block-lookeen-blocks-responsive-spacer\"><\/div>\n\n\n\n<h2 class=\"wp-block-heading has-text-align-center\" style=\"margin-bottom:0px\">Projects include funzioni e miglioramenti unici, tra cui:<\/h2>\n\n\n\n<div style=\"height:48px;--tablet-height:36px;--mobile-height:24px\" class=\"wp-block-lookeen-blocks-responsive-spacer\"><\/div>\n\n\n\n<div class=\"wp-block-group has-global-padding is-layout-constrained wp-block-group-is-layout-constrained\">\n<div class=\"wp-block-columns is-layout-flex wp-container-core-columns-is-layout-28f84493 wp-block-columns-is-layout-flex\">\n<div class=\"wp-block-column is-layout-flow wp-block-column-is-layout-flow\">\n<ul class=\"wp-block-list list__with-checkmark-blue-and-underline\">\n<li>Un dashboard dinamico che mostra task personali e del team e i progressi in tutti i progetti.<\/li>\n\n\n\n<li>Visualizzazioni intelligenti globali: lavagna Kanban, lista task, visualizzazioni calendario e agende giornaliere e settimanali<\/li>\n\n\n\n<li>Un pianificatore di risorse globale per gestire i carichi di lavoro tra progetti.<\/li>\n\n\n\n<li>Pianificazione e gestione delle risorse nei diagrammi di Gantt.<\/li>\n<\/ul>\n<\/div>\n\n\n\n<div class=\"wp-block-column is-layout-flow wp-block-column-is-layout-flow\">\n<ul class=\"wp-block-list list__with-checkmark-blue-and-underline\">\n<li>Raggruppamento, ordinamento e filtraggio in visualizzazioni e report globali.<\/li>\n\n\n\n<li>Report personalizzati con oltre 720 diverse opzioni di configurazione.<\/li>\n\n\n\n<li>Molteplici modi per lavorare sui progetti, incluse visualizzazioni Gantt, Kanban, calendario e gerarchia.<\/li>\n<\/ul>\n<\/div>\n<\/div>\n<\/div>\n\n\n\n<div style=\"height:88px;--tablet-height:72px;--mobile-height:40px\" class=\"wp-block-lookeen-blocks-responsive-spacer\"><\/div>\n\n\n\n<div class=\"wp-block-group has-global-padding is-layout-constrained wp-container-core-group-is-layout-7cc94c3e wp-block-group-is-layout-constrained\">\n<div class=\"wp-block-group has-global-padding is-layout-constrained wp-block-group-is-layout-constrained\">\n<p class=\"has-text-align-center has-da-grey-2-color has-text-color has-link-color wp-elements-51100dab28631ee1ab162d596a441f51\">Come per tutti i prodotti della Zenkit Suite, \u201cProjects\u201d \u00e8 a prova di impresa e conforme al GDPR. Per ulteriori informazioni sui progetti, visitare\u00a0<a href=\"https:\/\/zenkit.com\/it\/projects\/\" target=\"_blank\" rel=\"noreferrer noopener\">https:\/\/zenkit.com\/projects<\/a>. Per utilizzare l\u2019app Projects, visita:\u00a0<a href=\"https:\/\/projects.zenkit.com\/\" target=\"_blank\" rel=\"noreferrer noopener\">web<\/a>\u00a0o scarica su\u00a0<a href=\"https:\/\/apps.apple.com\/app\/id1575193611\" target=\"_blank\" rel=\"noreferrer noopener\">iOS<\/a>,\u00a0<a href=\"https:\/\/play.google.com\/store\/apps\/details?id=com.zenkit.projects\" target=\"_blank\" rel=\"noreferrer noopener\">Android<\/a>,\u00a0<a href=\"https:\/\/zenkit.com\/projects\/platforms\/\" target=\"_blank\" rel=\"noreferrer noopener\">Mac, Windows, ou Linux<\/a>\u00a0dopo il rilascio.<\/p>\n<\/div>\n<\/div>\n<\/div>\n\n\n\n<div style=\"height:110px;--tablet-height:60px;--mobile-height:48px\" class=\"wp-block-lookeen-blocks-responsive-spacer\"><\/div>\n","protected":false},"excerpt":{"rendered":"<p>Zenkit lancia &#8220;Projects&#8221; &#8211; un nuovo strumento completo per la gestione dei task per le aziende Un\u2019app per la gestione dei progetti innovativa e altamente personalizzabile aggiunta a Zenkit Suite 8 agosto 2021 \u2013 Karlsruhe, Germania Axonic, il produttore della suite di app per task e chat di Zenkit, annuncia oggi il lancio di \u201cProjects\u201d, [&hellip;]<\/p>\n","protected":false},"author":30,"featured_media":0,"parent":61684,"menu_order":2,"comment_status":"closed","ping_status":"closed","template":"","meta":{"yasr_overall_rating":0,"yasr_post_is_review":"","yasr_auto_insert_disabled":"","yasr_review_type":"","footnotes":""},"class_list":["post-73730","page","type-page","status-publish","hentry"],"yoast_head":"<!-- This site is optimized with the Yoast SEO plugin v27.5 - https:\/\/yoast.com\/product\/yoast-seo-wordpress\/ -->\n<title>Zenkit Press Release | Zenkit<\/title>\n<meta name=\"robots\" content=\"index, follow, max-snippet:-1, max-image-preview:large, max-video-preview:-1\" \/>\n<link rel=\"canonical\" href=\"https:\/\/zenkit.com\/it\/kit-pubblicazioni\/zenkit-projects-press-release\/\" \/>\n<meta property=\"og:locale\" content=\"it_IT\" \/>\n<meta property=\"og:type\" content=\"article\" \/>\n<meta property=\"og:title\" content=\"Zenkit Press Release | Zenkit\" \/>\n<meta property=\"og:description\" content=\"Zenkit lancia &#8220;Projects&#8221; &#8211; un nuovo strumento completo per la gestione dei task per le aziende Un\u2019app per la gestione dei progetti innovativa e altamente personalizzabile aggiunta a Zenkit Suite 8 agosto 2021 \u2013 Karlsruhe, Germania Axonic, il produttore della suite di app per task e chat di Zenkit, annuncia oggi il lancio di \u201cProjects\u201d, [&hellip;]\" \/>\n<meta property=\"og:url\" content=\"https:\/\/zenkit.com\/it\/kit-pubblicazioni\/zenkit-projects-press-release\/\" \/>\n<meta property=\"og:site_name\" content=\"Zenkit\" \/>\n<meta property=\"article:publisher\" content=\"https:\/\/www.facebook.com\/ZenkitHQ\" \/>\n<meta property=\"article:modified_time\" content=\"2025-09-04T10:11:24+00:00\" \/>\n<meta name=\"twitter:card\" content=\"summary_large_image\" \/>\n<meta name=\"twitter:site\" content=\"@ZenkitHQ\" \/>\n<meta name=\"twitter:label1\" content=\"Tempo di lettura stimato\" \/>\n\t<meta name=\"twitter:data1\" content=\"2 minuti\" \/>\n<script type=\"application\/ld+json\" class=\"yoast-schema-graph\">{\"@context\":\"https:\\\/\\\/schema.org\",\"@graph\":[{\"@type\":\"WebPage\",\"@id\":\"https:\\\/\\\/zenkit.com\\\/it\\\/kit-pubblicazioni\\\/zenkit-projects-press-release\\\/\",\"url\":\"https:\\\/\\\/zenkit.com\\\/it\\\/kit-pubblicazioni\\\/zenkit-projects-press-release\\\/\",\"name\":\"Zenkit Press Release | Zenkit\",\"isPartOf\":{\"@id\":\"https:\\\/\\\/zenkit.com\\\/it\\\/#website\"},\"datePublished\":\"2022-04-08T12:01:52+00:00\",\"dateModified\":\"2025-09-04T10:11:24+00:00\",\"breadcrumb\":{\"@id\":\"https:\\\/\\\/zenkit.com\\\/it\\\/kit-pubblicazioni\\\/zenkit-projects-press-release\\\/#breadcrumb\"},\"inLanguage\":\"it-IT\",\"potentialAction\":[{\"@type\":\"ReadAction\",\"target\":[\"https:\\\/\\\/zenkit.com\\\/it\\\/kit-pubblicazioni\\\/zenkit-projects-press-release\\\/\"]}]},{\"@type\":\"BreadcrumbList\",\"@id\":\"https:\\\/\\\/zenkit.com\\\/it\\\/kit-pubblicazioni\\\/zenkit-projects-press-release\\\/#breadcrumb\",\"itemListElement\":[{\"@type\":\"ListItem\",\"position\":1,\"name\":\"Home\",\"item\":\"https:\\\/\\\/zenkit.com\\\/it\\\/\"},{\"@type\":\"ListItem\",\"position\":2,\"name\":\"Kit pubblicazioni\",\"item\":\"https:\\\/\\\/zenkit.com\\\/it\\\/kit-pubblicazioni\\\/\"},{\"@type\":\"ListItem\",\"position\":3,\"name\":\"Zenkit Projects Press Release\"}]},{\"@type\":\"WebSite\",\"@id\":\"https:\\\/\\\/zenkit.com\\\/it\\\/#website\",\"url\":\"https:\\\/\\\/zenkit.com\\\/it\\\/\",\"name\":\"Zenkit\",\"description\":\"Zenkit Tagline\",\"potentialAction\":[{\"@type\":\"SearchAction\",\"target\":{\"@type\":\"EntryPoint\",\"urlTemplate\":\"https:\\\/\\\/zenkit.com\\\/it\\\/?s={search_term_string}\"},\"query-input\":{\"@type\":\"PropertyValueSpecification\",\"valueRequired\":true,\"valueName\":\"search_term_string\"}}],\"inLanguage\":\"it-IT\"},false]}<\/script>\n<!-- \/ Yoast SEO plugin. -->","yoast_head_json":{"title":"Zenkit Press Release | Zenkit","robots":{"index":"index","follow":"follow","max-snippet":"max-snippet:-1","max-image-preview":"max-image-preview:large","max-video-preview":"max-video-preview:-1"},"canonical":"https:\/\/zenkit.com\/it\/kit-pubblicazioni\/zenkit-projects-press-release\/","og_locale":"it_IT","og_type":"article","og_title":"Zenkit Press Release | Zenkit","og_description":"Zenkit lancia &#8220;Projects&#8221; &#8211; un nuovo strumento completo per la gestione dei task per le aziende Un\u2019app per la gestione dei progetti innovativa e altamente personalizzabile aggiunta a Zenkit Suite 8 agosto 2021 \u2013 Karlsruhe, Germania Axonic, il produttore della suite di app per task e chat di Zenkit, annuncia oggi il lancio di \u201cProjects\u201d, [&hellip;]","og_url":"https:\/\/zenkit.com\/it\/kit-pubblicazioni\/zenkit-projects-press-release\/","og_site_name":"Zenkit","article_publisher":"https:\/\/www.facebook.com\/ZenkitHQ","article_modified_time":"2025-09-04T10:11:24+00:00","twitter_card":"summary_large_image","twitter_site":"@ZenkitHQ","twitter_misc":{"Tempo di lettura stimato":"2 minuti"},"schema":{"@context":"https:\/\/schema.org","@graph":[{"@type":"WebPage","@id":"https:\/\/zenkit.com\/it\/kit-pubblicazioni\/zenkit-projects-press-release\/","url":"https:\/\/zenkit.com\/it\/kit-pubblicazioni\/zenkit-projects-press-release\/","name":"Zenkit Press Release | Zenkit","isPartOf":{"@id":"https:\/\/zenkit.com\/it\/#website"},"datePublished":"2022-04-08T12:01:52+00:00","dateModified":"2025-09-04T10:11:24+00:00","breadcrumb":{"@id":"https:\/\/zenkit.com\/it\/kit-pubblicazioni\/zenkit-projects-press-release\/#breadcrumb"},"inLanguage":"it-IT","potentialAction":[{"@type":"ReadAction","target":["https:\/\/zenkit.com\/it\/kit-pubblicazioni\/zenkit-projects-press-release\/"]}]},{"@type":"BreadcrumbList","@id":"https:\/\/zenkit.com\/it\/kit-pubblicazioni\/zenkit-projects-press-release\/#breadcrumb","itemListElement":[{"@type":"ListItem","position":1,"name":"Home","item":"https:\/\/zenkit.com\/it\/"},{"@type":"ListItem","position":2,"name":"Kit pubblicazioni","item":"https:\/\/zenkit.com\/it\/kit-pubblicazioni\/"},{"@type":"ListItem","position":3,"name":"Zenkit Projects Press Release"}]},{"@type":"WebSite","@id":"https:\/\/zenkit.com\/it\/#website","url":"https:\/\/zenkit.com\/it\/","name":"Zenkit","description":"Zenkit Tagline","potentialAction":[{"@type":"SearchAction","target":{"@type":"EntryPoint","urlTemplate":"https:\/\/zenkit.com\/it\/?s={search_term_string}"},"query-input":{"@type":"PropertyValueSpecification","valueRequired":true,"valueName":"search_term_string"}}],"inLanguage":"it-IT"},false]}},"yasr_visitor_votes":{"stars_attributes":{"read_only":false,"span_bottom":false},"number_of_votes":0,"sum_votes":0},"_links":{"self":[{"href":"https:\/\/zenkit.com\/it\/wp-json\/wp\/v2\/pages\/73730","targetHints":{"allow":["GET"]}}],"collection":[{"href":"https:\/\/zenkit.com\/it\/wp-json\/wp\/v2\/pages"}],"about":[{"href":"https:\/\/zenkit.com\/it\/wp-json\/wp\/v2\/types\/page"}],"author":[{"embeddable":true,"href":"https:\/\/zenkit.com\/it\/wp-json\/wp\/v2\/users\/30"}],"replies":[{"embeddable":true,"href":"https:\/\/zenkit.com\/it\/wp-json\/wp\/v2\/comments?post=73730"}],"version-history":[{"count":1,"href":"https:\/\/zenkit.com\/it\/wp-json\/wp\/v2\/pages\/73730\/revisions"}],"predecessor-version":[{"id":134289,"href":"https:\/\/zenkit.com\/it\/wp-json\/wp\/v2\/pages\/73730\/revisions\/134289"}],"up":[{"embeddable":true,"href":"https:\/\/zenkit.com\/it\/wp-json\/wp\/v2\/pages\/61684"}],"wp:attachment":[{"href":"https:\/\/zenkit.com\/it\/wp-json\/wp\/v2\/media?parent=73730"}],"curies":[{"name":"wp","href":"https:\/\/api.w.org\/{rel}","templated":true}]}}