{"id":74228,"date":"2022-04-08T15:16:06","date_gmt":"2022-04-08T13:16:06","guid":{"rendered":"https:\/\/zenkit.com\/kit-pubblicazioni\/zenforms-press-release\/"},"modified":"2025-09-04T12:08:35","modified_gmt":"2025-09-04T10:08:35","slug":"zenforms-press-release","status":"publish","type":"page","link":"https:\/\/zenkit.com\/it\/kit-pubblicazioni\/zenforms-press-release\/","title":{"rendered":"Zenforms Press Release"},"content":{"rendered":"\n<div class=\"wp-block-group has-global-padding is-layout-constrained wp-block-group-is-layout-constrained\">\n<div class=\"wp-block-group width--950 has-global-padding is-layout-constrained wp-block-group-is-layout-constrained\">\n<div style=\"height:45px;--tablet-height:45px;--mobile-height:16px\" class=\"wp-block-lookeen-blocks-responsive-spacer\"><\/div>\n\n\n\n<div class=\"wp-block-group has-global-padding is-layout-constrained wp-block-group-is-layout-constrained\">\n<h1 class=\"wp-block-heading has-text-align-center\" style=\"margin-bottom:8px\">Un\u2019app per la gestione del progetto innovativa e adattabile viene aggiunta alla Zenkit Suite<\/h1>\n<\/div>\n\n\n\n<div class=\"wp-block-group has-global-padding is-layout-constrained wp-block-group-is-layout-constrained\">\n<p class=\"has-text-align-center subheading\">Il team di Zenkit sviluppa un&#8217;app webform creativa e coinvolgente per migliorare la raccolta dei dati senza dover codificare<\/p>\n<\/div>\n\n\n\n<div style=\"height:48px;--tablet-height:36px;--mobile-height:24px\" class=\"wp-block-lookeen-blocks-responsive-spacer\"><\/div>\n\n\n\n<div class=\"wp-block-group has-global-padding is-layout-constrained wp-block-group-is-layout-constrained\">\n<p class=\"has-text-align-center press__headline has-text-color has-link-color wp-elements-ed0af8401c70f42d9f629f09da0362e6\" style=\"color:#939393;font-size:24px;font-style:normal;font-weight:700;line-height:1.5\">3 Marzo 2022 \u2013 Karlsruhe, Germania<\/p>\n<\/div>\n<\/div>\n\n\n\n<div style=\"height:88px;--tablet-height:72px;--mobile-height:40px\" class=\"wp-block-lookeen-blocks-responsive-spacer\"><\/div>\n<\/div>\n\n\n\n<div class=\"wp-block-group has-global-padding is-layout-constrained wp-block-group-is-layout-constrained\">\n<div class=\"wp-block-columns is-layout-flex wp-container-core-columns-is-layout-b8d659ec wp-block-columns-is-layout-flex\">\n<div class=\"wp-block-column is-layout-flow wp-block-column-is-layout-flow\">\n<p class=\"has-da-grey-2-color has-text-color has-link-color wp-elements-6588cc7172b9bcce62a76ec416315d54\">il team di Zenkit \u00e8 orgoglioso di annunciare il lancio di \u201cZenforms\u201d, la sesta applicazione per entrare a far parte della Suite per la produttivit\u00e0 di Zenkit. \u201cZenforms\u201d offre agli utenti un modo dinamico per connettersi agli altri con l\u2019aiuto della creazione di form, sondaggi e quiz. Con una lista di funzioni utili, tra cui il controllo dei dati duplicati e le risorse di pianificazione, Zenforms \u00e8 il passo successivo per la creazione di un ponte tra i team e le persone che per loro contano di pi\u00f9.<\/p>\n\n\n\n<p>Zenforms va oltre la semplice raccolta di feedback per consentire alle aziende di connettersi con i propri dipendenti a un livello pi\u00f9 personale. La comunicazione aziendale \u00e8 stata una delle aree pi\u00f9 difficili da gestire per le aziende durante la pandemia, poich\u00e9 il lavoro a distanza ha preso rapidamente il sopravvento. La pandemia, secondo\u00a0<a href=\"https:\/\/www.researchgate.net\/publication\/349546057_Business_Communication_and_COVID-19\" target=\"_blank\" rel=\"noreferrer noopener\">Geert Jacobs<\/a>, ha evidenziato la necessit\u00e0 di una \u201ccomunicazione trasparente, concisa e chiara\u201d. Le aziende possono utilizzare Zenforms per conoscere i veri sentimenti dei propri dipendenti ed \u00e8 pi\u00f9 probabile che i dipendenti li condividano sapendo che possono rispondere in modo anonimo. Di conseguenza, Zenforms diventa lo strumento ideale per combattere i problemi di\u00a0<a href=\"https:\/\/zenkit.com\/blog\/how-to-support-anxious-employees\/\" target=\"_blank\" rel=\"noreferrer noopener\">salute mentale<\/a>\u00a0causati da un maggiore isolamento, condividere informazioni approfondite sui progetti per fornire soluzioni pi\u00f9 rapidamente e promuovere le collaborazioni di gruppo. E con l\u2019Enterprise Collaboration Market che si stima raggiunger\u00e0 gli\u00a0<a href=\"https:\/\/www.marketsandmarkets.com\/PressReleases\/enterprise-collaboration.asp\" target=\"_blank\" rel=\"noreferrer noopener\">85,8 miliardi di dollari entro il 2026,<\/a>\u00a0l\u2019importanza di connettersi con coloro che contano non pu\u00f2 essere sottovalutata.<\/p>\n<\/div>\n\n\n\n<div class=\"wp-block-column is-layout-flow wp-block-column-is-layout-flow\">\n<p class=\"has-da-grey-1-color has-text-color has-link-color wp-elements-259eb1487ad33dd2470d87b4d6a06726\">Secondo Martin Welker, CEO di Zenkit, la comunicazione \u201ctrasparente\u201d si riferisce anche alla \u201ccomunicazione sicura\u201d e sottolinea l\u2019importanza che Zenforms sia conforme al GDPR nell\u2019era digitale: \u201cPoich\u00e9 Zenforms pu\u00f2 essere inviato e utilizzato da chiunque, \u00e8 fondamentale che tutte le persone coinvolte capiscano come vengono gestiti i loro dati\u201d.<\/p>\n\n\n\n<p class=\"has-da-grey-1-color has-text-color has-link-color wp-elements-09ba5242c6e9e00ece1f0bd7ffc0993c\">Zenforms migliora anche la relazione tra le aziende ed i loro clienti dando loro voce e agendo come mezzo di conversazione. I moduli possono essere facilmente creati e condivisi online (o incorporati in un sito Web) per ottenere informazioni preziose sui desideri, le esigenze e le aspettative dei clienti. Le aziende possono fornire progressi mirati senza codifica grazie ad avvisi istantanei, pratica gestione ed analisi dei dati e profonda integrazione con il resto della Zenkit Suite.<\/p>\n<\/div>\n<\/div>\n\n\n\n<div style=\"height:88px;--tablet-height:72px;--mobile-height:40px\" class=\"wp-block-lookeen-blocks-responsive-spacer\"><\/div>\n<\/div>\n\n\n\n<div class=\"wp-block-group has-global-padding is-layout-constrained wp-block-group-is-layout-constrained\">\n<div style=\"height:45px;--tablet-height:45px;--mobile-height:16px\" class=\"wp-block-lookeen-blocks-responsive-spacer\"><\/div>\n\n\n\n<h2 class=\"wp-block-heading has-text-align-center\" style=\"margin-bottom:0px\">Martin Welker continua dicendo che Zenforms \u00e8 anche di pi\u00f9 di una semplice app di comunicazione e collaborazione e che funziona in tandem con il resto della Zenkit Suite. Zenforms, come la Suite, promuove la produttivit\u00e0 e ha un allettante lista di funzioni per aiutare gli utenti a raggiungere questo obiettivo:<\/h2>\n\n\n\n<div style=\"height:48px;--tablet-height:36px;--mobile-height:24px\" class=\"wp-block-lookeen-blocks-responsive-spacer\"><\/div>\n\n\n\n<div class=\"wp-block-group has-global-padding is-layout-constrained wp-block-group-is-layout-constrained\">\n<div class=\"wp-block-columns is-layout-flex wp-container-core-columns-is-layout-28f84493 wp-block-columns-is-layout-flex\">\n<div class=\"wp-block-column is-layout-flow wp-block-column-is-layout-flow\">\n<ul class=\"wp-block-list list__with-checkmark-blue-and-underline\">\n<li>Robusta sicurezza dei dati conforme al GDPR.<\/li>\n\n\n\n<li>Integrazione con Zenki Suite, che condivide un\u2019unica piattaforma per fornire un senso pi\u00f9 ricco di interazione dei dati e accesso ad un numero di strumenti e applicazioni di produttivit\u00e0 ancora maggiori.<\/li>\n\n\n\n<li>9 diversi controlli di input, che ti consentono di scegliere tra l\u2019aggiunta di date, disegni, caselle di controllo, riferimenti e altro!<\/li>\n\n\n\n<li>Predisposizione per dispositivi mobili, il che significa che puoi collegarti in movimento.<\/li>\n\n\n\n<li>Crea moduli da dati esistenti trovati nella Zenkit Suite, come le tue collections in Zenkit Base.<\/li>\n<\/ul>\n<\/div>\n\n\n\n<div class=\"wp-block-column is-layout-flow wp-block-column-is-layout-flow\">\n<ul class=\"wp-block-list list__with-checkmark-blue-and-underline\">\n<li>Liste filtrate per una migliore tracciabilit\u00e0 dei dati.<\/li>\n\n\n\n<li>Supporto e-mail per l\u2019invio di moduli e sondaggi e la ricezione di report istantanei.<\/li>\n\n\n\n<li>Controlli duplicati dei dati per garantire che tutti i dati siano pertinenti e coerenti senza mettere a rischio l\u2019affidabilit\u00e0 dei dati raccolti.<\/li>\n\n\n\n<li>Risorse di pianificazione integrate.<\/li>\n\n\n\n<li>Sottomoduli per livelli aggiuntivi di raccolta e condivisione dei dati.<\/li>\n<\/ul>\n<\/div>\n<\/div>\n<\/div>\n\n\n\n<div style=\"height:88px;--tablet-height:72px;--mobile-height:40px\" class=\"wp-block-lookeen-blocks-responsive-spacer\"><\/div>\n\n\n\n<div class=\"wp-block-group has-global-padding is-layout-constrained wp-container-core-group-is-layout-7cc94c3e wp-block-group-is-layout-constrained\">\n<div class=\"wp-block-group has-global-padding is-layout-constrained wp-block-group-is-layout-constrained\">\n<p class=\"has-text-align-center has-da-grey-2-color has-text-color has-link-color wp-elements-c5f230821c31dc560b91b3d43ca6c168\">Come per tutti i prodotti della Suite Zenkit, \u201cZenforms\u201d \u00e8 a prova di impresa e conforme al GDPR. Per saperne di pi\u00f9 su Zenforms, visita\u00a0<a href=\"https:\/\/zenkit.com\/it\/forms\/\" target=\"_blank\" rel=\"noreferrer noopener\">https:\/\/zenkit.com\/forms<\/a>. Per l\u2019utilizzo della app Zenforms, visita: web o scarica iOS, Android, Mac, Windows o Linux dopo il rilascio.<\/p>\n<\/div>\n\n\n\n<div style=\"height:88px;--tablet-height:72px;--mobile-height:40px\" class=\"wp-block-lookeen-blocks-responsive-spacer\"><\/div>\n\n\n\n<h3 class=\"wp-block-heading has-text-align-center\" style=\"margin-bottom:8px;font-style:normal;font-weight:700\">Riguardo a Zenkit:<\/h3>\n\n\n\n<p class=\"has-text-align-center has-da-grey-2-color has-text-color has-link-color wp-elements-86239370564497ef08929c668ef1ef67\">Zenkit \u00e8 una start-up formata da Axonic GmbH, una societ\u00e0 tedesca fondata nel 2003. La piattaforma di collaborazione e gestione dei progetti SaaS \u00e8 stata lanciata nell\u2019ottobre del 2016. Zenforms, il sesto prodotto della Zenkit Suite, \u00e8 stato sviluppato e rilasciato da Zenkit a marzo 2022.<\/p>\n<\/div>\n<\/div>\n\n\n\n<div style=\"height:110px;--tablet-height:60px;--mobile-height:48px\" class=\"wp-block-lookeen-blocks-responsive-spacer\"><\/div>\n","protected":false},"excerpt":{"rendered":"<p>Un\u2019app per la gestione del progetto innovativa e adattabile viene aggiunta alla Zenkit Suite Il team di Zenkit sviluppa un&#8217;app webform creativa e coinvolgente per migliorare la raccolta dei dati senza dover codificare 3 Marzo 2022 \u2013 Karlsruhe, Germania il team di Zenkit \u00e8 orgoglioso di annunciare il lancio di \u201cZenforms\u201d, la sesta applicazione per [&hellip;]<\/p>\n","protected":false},"author":30,"featured_media":0,"parent":61684,"menu_order":3,"comment_status":"closed","ping_status":"closed","template":"","meta":{"yasr_overall_rating":0,"yasr_post_is_review":"","yasr_auto_insert_disabled":"","yasr_review_type":"","footnotes":""},"class_list":["post-74228","page","type-page","status-publish","hentry"],"yoast_head":"<!-- This site is optimized with the Yoast SEO plugin v27.3 - https:\/\/yoast.com\/product\/yoast-seo-wordpress\/ -->\n<title>Zenforms Press Release | Zenkit<\/title>\n<meta name=\"robots\" content=\"index, follow, max-snippet:-1, max-image-preview:large, max-video-preview:-1\" \/>\n<link rel=\"canonical\" href=\"https:\/\/zenkit.com\/it\/kit-pubblicazioni\/zenforms-press-release\/\" \/>\n<meta property=\"og:locale\" content=\"it_IT\" \/>\n<meta property=\"og:type\" content=\"article\" \/>\n<meta property=\"og:title\" content=\"Zenforms Press Release | Zenkit\" \/>\n<meta property=\"og:description\" content=\"Un\u2019app per la gestione del progetto innovativa e adattabile viene aggiunta alla Zenkit Suite Il team di Zenkit sviluppa un&#8217;app webform creativa e coinvolgente per migliorare la raccolta dei dati senza dover codificare 3 Marzo 2022 \u2013 Karlsruhe, Germania il team di Zenkit \u00e8 orgoglioso di annunciare il lancio di \u201cZenforms\u201d, la sesta applicazione per [&hellip;]\" \/>\n<meta property=\"og:url\" content=\"https:\/\/zenkit.com\/it\/kit-pubblicazioni\/zenforms-press-release\/\" \/>\n<meta property=\"og:site_name\" content=\"Zenkit\" \/>\n<meta property=\"article:publisher\" content=\"https:\/\/www.facebook.com\/ZenkitHQ\" \/>\n<meta property=\"article:modified_time\" content=\"2025-09-04T10:08:35+00:00\" \/>\n<meta name=\"twitter:card\" content=\"summary_large_image\" \/>\n<meta name=\"twitter:site\" content=\"@ZenkitHQ\" \/>\n<meta name=\"twitter:label1\" content=\"Tempo di lettura stimato\" \/>\n\t<meta name=\"twitter:data1\" content=\"3 minuti\" \/>\n<script type=\"application\/ld+json\" class=\"yoast-schema-graph\">{\"@context\":\"https:\\\/\\\/schema.org\",\"@graph\":[{\"@type\":\"WebPage\",\"@id\":\"https:\\\/\\\/zenkit.com\\\/it\\\/kit-pubblicazioni\\\/zenforms-press-release\\\/\",\"url\":\"https:\\\/\\\/zenkit.com\\\/it\\\/kit-pubblicazioni\\\/zenforms-press-release\\\/\",\"name\":\"Zenforms Press Release | Zenkit\",\"isPartOf\":{\"@id\":\"https:\\\/\\\/zenkit.com\\\/it\\\/#website\"},\"datePublished\":\"2022-04-08T13:16:06+00:00\",\"dateModified\":\"2025-09-04T10:08:35+00:00\",\"breadcrumb\":{\"@id\":\"https:\\\/\\\/zenkit.com\\\/it\\\/kit-pubblicazioni\\\/zenforms-press-release\\\/#breadcrumb\"},\"inLanguage\":\"it-IT\",\"potentialAction\":[{\"@type\":\"ReadAction\",\"target\":[\"https:\\\/\\\/zenkit.com\\\/it\\\/kit-pubblicazioni\\\/zenforms-press-release\\\/\"]}]},{\"@type\":\"BreadcrumbList\",\"@id\":\"https:\\\/\\\/zenkit.com\\\/it\\\/kit-pubblicazioni\\\/zenforms-press-release\\\/#breadcrumb\",\"itemListElement\":[{\"@type\":\"ListItem\",\"position\":1,\"name\":\"Home\",\"item\":\"https:\\\/\\\/zenkit.com\\\/it\\\/\"},{\"@type\":\"ListItem\",\"position\":2,\"name\":\"Kit pubblicazioni\",\"item\":\"https:\\\/\\\/zenkit.com\\\/it\\\/kit-pubblicazioni\\\/\"},{\"@type\":\"ListItem\",\"position\":3,\"name\":\"Zenforms Press Release\"}]},{\"@type\":\"WebSite\",\"@id\":\"https:\\\/\\\/zenkit.com\\\/it\\\/#website\",\"url\":\"https:\\\/\\\/zenkit.com\\\/it\\\/\",\"name\":\"Zenkit\",\"description\":\"Zenkit Tagline\",\"potentialAction\":[{\"@type\":\"SearchAction\",\"target\":{\"@type\":\"EntryPoint\",\"urlTemplate\":\"https:\\\/\\\/zenkit.com\\\/it\\\/?s={search_term_string}\"},\"query-input\":{\"@type\":\"PropertyValueSpecification\",\"valueRequired\":true,\"valueName\":\"search_term_string\"}}],\"inLanguage\":\"it-IT\"},false]}<\/script>\n<!-- \/ Yoast SEO plugin. -->","yoast_head_json":{"title":"Zenforms Press Release | Zenkit","robots":{"index":"index","follow":"follow","max-snippet":"max-snippet:-1","max-image-preview":"max-image-preview:large","max-video-preview":"max-video-preview:-1"},"canonical":"https:\/\/zenkit.com\/it\/kit-pubblicazioni\/zenforms-press-release\/","og_locale":"it_IT","og_type":"article","og_title":"Zenforms Press Release | Zenkit","og_description":"Un\u2019app per la gestione del progetto innovativa e adattabile viene aggiunta alla Zenkit Suite Il team di Zenkit sviluppa un&#8217;app webform creativa e coinvolgente per migliorare la raccolta dei dati senza dover codificare 3 Marzo 2022 \u2013 Karlsruhe, Germania il team di Zenkit \u00e8 orgoglioso di annunciare il lancio di \u201cZenforms\u201d, la sesta applicazione per [&hellip;]","og_url":"https:\/\/zenkit.com\/it\/kit-pubblicazioni\/zenforms-press-release\/","og_site_name":"Zenkit","article_publisher":"https:\/\/www.facebook.com\/ZenkitHQ","article_modified_time":"2025-09-04T10:08:35+00:00","twitter_card":"summary_large_image","twitter_site":"@ZenkitHQ","twitter_misc":{"Tempo di lettura stimato":"3 minuti"},"schema":{"@context":"https:\/\/schema.org","@graph":[{"@type":"WebPage","@id":"https:\/\/zenkit.com\/it\/kit-pubblicazioni\/zenforms-press-release\/","url":"https:\/\/zenkit.com\/it\/kit-pubblicazioni\/zenforms-press-release\/","name":"Zenforms Press Release | Zenkit","isPartOf":{"@id":"https:\/\/zenkit.com\/it\/#website"},"datePublished":"2022-04-08T13:16:06+00:00","dateModified":"2025-09-04T10:08:35+00:00","breadcrumb":{"@id":"https:\/\/zenkit.com\/it\/kit-pubblicazioni\/zenforms-press-release\/#breadcrumb"},"inLanguage":"it-IT","potentialAction":[{"@type":"ReadAction","target":["https:\/\/zenkit.com\/it\/kit-pubblicazioni\/zenforms-press-release\/"]}]},{"@type":"BreadcrumbList","@id":"https:\/\/zenkit.com\/it\/kit-pubblicazioni\/zenforms-press-release\/#breadcrumb","itemListElement":[{"@type":"ListItem","position":1,"name":"Home","item":"https:\/\/zenkit.com\/it\/"},{"@type":"ListItem","position":2,"name":"Kit pubblicazioni","item":"https:\/\/zenkit.com\/it\/kit-pubblicazioni\/"},{"@type":"ListItem","position":3,"name":"Zenforms Press Release"}]},{"@type":"WebSite","@id":"https:\/\/zenkit.com\/it\/#website","url":"https:\/\/zenkit.com\/it\/","name":"Zenkit","description":"Zenkit Tagline","potentialAction":[{"@type":"SearchAction","target":{"@type":"EntryPoint","urlTemplate":"https:\/\/zenkit.com\/it\/?s={search_term_string}"},"query-input":{"@type":"PropertyValueSpecification","valueRequired":true,"valueName":"search_term_string"}}],"inLanguage":"it-IT"},false]}},"yasr_visitor_votes":{"stars_attributes":{"read_only":false,"span_bottom":false},"number_of_votes":0,"sum_votes":0},"_links":{"self":[{"href":"https:\/\/zenkit.com\/it\/wp-json\/wp\/v2\/pages\/74228","targetHints":{"allow":["GET"]}}],"collection":[{"href":"https:\/\/zenkit.com\/it\/wp-json\/wp\/v2\/pages"}],"about":[{"href":"https:\/\/zenkit.com\/it\/wp-json\/wp\/v2\/types\/page"}],"author":[{"embeddable":true,"href":"https:\/\/zenkit.com\/it\/wp-json\/wp\/v2\/users\/30"}],"replies":[{"embeddable":true,"href":"https:\/\/zenkit.com\/it\/wp-json\/wp\/v2\/comments?post=74228"}],"version-history":[{"count":1,"href":"https:\/\/zenkit.com\/it\/wp-json\/wp\/v2\/pages\/74228\/revisions"}],"predecessor-version":[{"id":134287,"href":"https:\/\/zenkit.com\/it\/wp-json\/wp\/v2\/pages\/74228\/revisions\/134287"}],"up":[{"embeddable":true,"href":"https:\/\/zenkit.com\/it\/wp-json\/wp\/v2\/pages\/61684"}],"wp:attachment":[{"href":"https:\/\/zenkit.com\/it\/wp-json\/wp\/v2\/media?parent=74228"}],"curies":[{"name":"wp","href":"https:\/\/api.w.org\/{rel}","templated":true}]}}