{"id":144967,"date":"2021-12-22T11:52:46","date_gmt":"2021-12-22T10:52:46","guid":{"rendered":"https:\/\/zenkit.com\/integrationen\/bookafy\/"},"modified":"2025-11-04T06:53:18","modified_gmt":"2025-11-04T05:53:18","slug":"bookafy","status":"publish","type":"page","link":"https:\/\/zenkit.com\/ja\/%e3%82%a4%e3%83%b3%e3%83%86%e3%82%b0%e3%83%ac%e3%83%bc%e3%82%b7%e3%83%a7%e3%83%b3\/bookafy\/","title":{"rendered":"Bookafy"},"content":{"rendered":"\n<div style=\"height:45px;--tablet-height:45px;--mobile-height:16px\" class=\"wp-block-lookeen-blocks-responsive-spacer\"><\/div>\n\n\n\n<div class=\"wp-block-group has-global-padding is-layout-constrained wp-block-group-is-layout-constrained\">\n<div class=\"wp-block-columns is-layout-flex wp-container-core-columns-is-layout-467d341d wp-block-columns-is-layout-flex\" id=\"main__integrations\" style=\"margin-top:0px;margin-bottom:0px\">\n<div class=\"wp-block-column side__bar__integrations is-layout-flow wp-block-column-is-layout-flow\" style=\"flex-basis:23%\">\n<h2 class=\"wp-block-heading has-da-blue-color-new has-text-color has-link-color wp-elements-0e08af26e804b78ef10b71b7bed69bbd\" style=\"margin-top:0px;margin-bottom:0px;font-size:16px;line-height:1.5\">\u30b9\u30b1\u30b8\u30e5\u30fc\u30ea\u30f3\u30b0\u306e\u7d71\u5408<\/h2>\n\n\n<nav class=\"is-vertical integrations__menu wp-block-navigation is-layout-flex wp-container-core-navigation-is-layout-5f9f5280 wp-block-navigation-is-layout-flex\" aria-label=\"ja-integrations-scheduling\"><ul class=\"wp-block-navigation__container  is-vertical integrations__menu wp-block-navigation\"><li class=\" wp-block-navigation-item wp-block-navigation-link\"><a class=\"wp-block-navigation-item__content\"  href=\"https:\/\/zenkit.com\/ja\/%E3%82%A4%E3%83%B3%E3%83%86%E3%82%B0%E3%83%AC%E3%83%BC%E3%82%B7%E3%83%A7%E3%83%B3\/appointlet\/\"><span class=\"wp-block-navigation-item__label\">Appointlet<\/span><\/a><\/li><li class=\" wp-block-navigation-item wp-block-navigation-link\"><a class=\"wp-block-navigation-item__content\"  href=\"https:\/\/zenkit.com\/ja\/%E3%82%A4%E3%83%B3%E3%83%86%E3%82%B0%E3%83%AC%E3%83%BC%E3%82%B7%E3%83%A7%E3%83%B3\/bookafy\/\"><span class=\"wp-block-navigation-item__label\">Bookafy<\/span><\/a><\/li><li class=\" wp-block-navigation-item wp-block-navigation-link\"><a class=\"wp-block-navigation-item__content\"  href=\"https:\/\/zenkit.com\/ja\/%E3%82%A4%E3%83%B3%E3%83%86%E3%82%B0%E3%83%AC%E3%83%BC%E3%82%B7%E3%83%A7%E3%83%B3\/etermin-2\/\"><span class=\"wp-block-navigation-item__label\">eTermin<\/span><\/a><\/li><li class=\" wp-block-navigation-item wp-block-navigation-link\"><a class=\"wp-block-navigation-item__content\"  href=\"https:\/\/zenkit.com\/ja\/%E3%82%A4%E3%83%B3%E3%83%86%E3%82%B0%E3%83%AC%E3%83%BC%E3%82%B7%E3%83%A7%E3%83%B3\/eventable\/\"><span class=\"wp-block-navigation-item__label\">Eventable<\/span><\/a><\/li><li class=\" wp-block-navigation-item wp-block-navigation-link\"><a class=\"wp-block-navigation-item__content\"  href=\"https:\/\/zenkit.com\/ja\/%E3%82%A4%E3%83%B3%E3%83%86%E3%82%B0%E3%83%AC%E3%83%BC%E3%82%B7%E3%83%A7%E3%83%B3\/simplybook-me-2\/\"><span class=\"wp-block-navigation-item__label\">SimplyBook.me<\/span><\/a><\/li><li class=\" wp-block-navigation-item wp-block-navigation-link\"><a class=\"wp-block-navigation-item__content\"  href=\"https:\/\/zenkit.com\/ja\/%E3%82%A4%E3%83%B3%E3%83%86%E3%82%B0%E3%83%AC%E3%83%BC%E3%82%B7%E3%83%A7%E3%83%B3\/supersaas\/\"><span class=\"wp-block-navigation-item__label\">SuperSaaS<\/span><\/a><\/li><\/ul><\/nav><\/div>\n\n\n\n<div class=\"wp-block-column content__integrations is-layout-flow wp-block-column-is-layout-flow\" style=\"flex-basis:77%\">\n<div class=\"wp-block-group has-global-padding is-layout-constrained wp-block-group-is-layout-constrained\">\n<div class=\"wp-block-group title is-layout-flex wp-container-core-group-is-layout-ed4b00df wp-block-group-is-layout-flex\">\n<figure class=\"wp-block-image size-full is-resized\"><img loading=\"lazy\" decoding=\"async\" width=\"300\" height=\"300\" src=\"https:\/\/zenkit.com\/wp-content\/uploads\/2025\/07\/Bookafy_Logo.webp\" alt=\"Bookafy Logo\" class=\"wp-image-117447\" style=\"width:auto;height:46px\" srcset=\"https:\/\/zenkit.com\/wp-content\/uploads\/2025\/07\/Bookafy_Logo.webp 300w, https:\/\/zenkit.com\/wp-content\/uploads\/2025\/07\/Bookafy_Logo-150x150.webp 150w\" sizes=\"auto, (max-width: 300px) 100vw, 300px\" \/><\/figure>\n\n\n\n<h1 class=\"wp-block-heading\">Bookafy &amp; Zenkit<\/h1>\n<\/div>\n\n\n\n<div class=\"wp-block-group has-global-padding is-layout-constrained wp-block-group-is-layout-constrained\">\n<h3 class=\"wp-block-heading display-h2\">Bookafy\u3092Zenkit\u3068\u9023\u643a\u3057\u307e\u3057\u3087\u3046<\/h3>\n\n\n\n<p>\u3082\u3057\u3059\u3067\u306b\u30aa\u30f3\u30e9\u30a4\u30f3\u4f1a\u8b70\u306e\u30b9\u30b1\u30b8\u30e5\u30fc\u30ea\u30f3\u30b0\u306bBookafy\u3092\u3001\u30bf\u30b9\u30af\u7ba1\u7406\u306bZenkit\u3092\u304a\u4f7f\u3044\u3067\u3057\u305f\u3089\u3001\u3053\u306e\u30a4\u30f3\u30c6\u30b0\u30ec\u30fc\u30b7\u30e7\u30f3\u306f\u3088\u308a\u52b9\u7387\u7684\u306a\u74b0\u5883\u3092\u3082\u305f\u3089\u3057\u3066\u304f\u308c\u308b\u3067\u3057\u3087\u3046\u3002\u624b\u52d5\u3067\u30c7\u30fc\u30bf\u3092\u767b\u9332\u3057\u305f\u305f\u3081\u306b\u30c7\u30fc\u30bf\u304c\u6d88\u3048\u305f\u308a\u3059\u308b\u3053\u3068\u306f\u3042\u308a\u307e\u305b\u3093\u3057\u3001\u4f5c\u696d\u306e\u6642\u9593\u3068\u52b4\u529b\u3092\u7bc0\u7d04\u3057\u3066\u304f\u308c\u307e\u3059\u3002<\/p>\n\n\n\n<p>\u3053\u306eZapier\u306b\u3088\u308b\u30a4\u30f3\u30c6\u30b0\u30ec\u30fc\u30b7\u30e7\u30f3\u3092\u4f7f\u3046\u3068\u3001\u65b0\u898f\u306eBookafy\u4e0a\u306e\u4e88\u7d04\u3092Zenkit\u306e\u30bf\u30b9\u30af\u30ea\u30b9\u30c8\u306b\u8ffd\u52a0\u3059\u308b\u3053\u3068\u304c\u3067\u304d\u307e\u3059\u3002Zenkit\u306eTo Do\u30ea\u30b9\u30c8\u306e\u66f4\u65b0\u6f0f\u308c\u306b\u3088\u308b\u30a2\u30dd\u306e\u898b\u843d\u3068\u3057\u3092\u9632\u304e\u307e\u3059\u3002<\/p>\n<\/div>\n\n\n\n<div style=\"height:48px;--tablet-height:36px;--mobile-height:24px\" class=\"wp-block-lookeen-blocks-responsive-spacer\"><\/div>\n<\/div>\n\n\n\n<div class=\"wp-block-group has-global-padding is-layout-constrained wp-block-group-is-layout-constrained\">\n<figure class=\"wp-block-image size-full\"><img loading=\"lazy\" decoding=\"async\" width=\"590\" height=\"590\" src=\"https:\/\/zenkit.com\/wp-content\/uploads\/2025\/07\/Bookafy_Online-Appointment-Booking-Software-Demo.webp\" alt=\"\u30aa\u30f3\u30e9\u30a4\u30f3\u30b9\u30b1\u30b8\u30e5\u30fc\u30ea\u30f3\u30b0\u30bd\u30d5\u30c8\u30a6\u30a7\u30a2 Bookafy\u3068\u306f\" class=\"wp-image-117458\" srcset=\"https:\/\/zenkit.com\/wp-content\/uploads\/2025\/07\/Bookafy_Online-Appointment-Booking-Software-Demo.webp 590w, https:\/\/zenkit.com\/wp-content\/uploads\/2025\/07\/Bookafy_Online-Appointment-Booking-Software-Demo-300x300.webp 300w, https:\/\/zenkit.com\/wp-content\/uploads\/2025\/07\/Bookafy_Online-Appointment-Booking-Software-Demo-150x150.webp 150w\" sizes=\"auto, (max-width: 590px) 100vw, 590px\" \/><\/figure>\n<\/div>\n\n\n\n<div style=\"height:48px;--tablet-height:36px;--mobile-height:24px\" class=\"wp-block-lookeen-blocks-responsive-spacer\"><\/div>\n\n\n\n<div class=\"wp-block-group has-global-padding is-layout-constrained wp-block-group-is-layout-constrained\">\n<h3 class=\"wp-block-heading display-h2\">\u30aa\u30f3\u30e9\u30a4\u30f3\u30b9\u30b1\u30b8\u30e5\u30fc\u30ea\u30f3\u30b0\u30bd\u30d5\u30c8\u30a6\u30a7\u30a2 Bookafy\u3068\u306f<\/h3>\n\n\n\n<p><a href=\"https:\/\/www.bookafy.com\/\">Bookafy<\/a>&nbsp;\u306f\u7d20\u6674\u3089\u3057\u3044\u30a2\u30dd\u30a4\u30f3\u30c8\u306e\u7ba1\u7406\u4f53\u9a13\u3092\u63d0\u4f9b\u3059\u308b\u30aa\u30f3\u30e9\u30a4\u30f3\u306e\u30b9\u30b1\u30b8\u30e5\u30fc\u30ea\u30f3\u30b0\u30bd\u30d5\u30c8\u30a6\u30a7\u30a2\u3067\u3001\u627f\u8a8d\u3001\u30ea\u30de\u30a4\u30f3\u30c0\u30fc\u3084\u30a4\u30f3\u30c6\u30b0\u30ec\u30fc\u30b7\u30e7\u30f3\u3001\u652f\u6255\u3044\u306a\u3069\u591a\u69d8\u306a\u6a5f\u80fd\u3092\u63c3\u3048\u3066\u3044\u307e\u3059\u3002Bookafy\u306f\u3001\u30bd\u30d5\u30c8\u30a6\u30a7\u30a2\u306e\u30c7\u30e2\u30f3\u30b9\u30c8\u30ec\u30fc\u30b7\u30e7\u30f3\u304b\u3089\u3001\u91d1\u878d\u3001\u5065\u5eb7\u3084\u7f8e\u5bb9\u307e\u3067\u591a\u69d8\u306a\u7a2e\u985e\u306e\u30b5\u30fc\u30d3\u30b9\u306b\u3064\u3044\u3066\u3001\u7c21\u5358\u306b\u64cd\u4f5c\u3067\u304d\u308b\u4e88\u7d04\u6a5f\u80fd\u3092\u63d0\u4f9b\u3057\u307e\u3059\u3002\u307e\u305a\u306f\u7121\u6599\u30c8\u30e9\u30a4\u30a2\u30eb\u306b\u767b\u9332\u3057\u3001\u3055\u3089\u306b\u8a73\u3057\u3044\u60c5\u5831\u3092\u78ba\u8a8d\u3057\u3066\u307f\u3066\u304f\u3060\u3055\u3044:&nbsp;<a href=\"https:\/\/app.bookafy.com\/users\/sign_in\">https:\/\/app.bookafy.com\/users\/sign_in<\/a>.<\/p>\n<\/div>\n\n\n\n<div style=\"height:48px;--tablet-height:36px;--mobile-height:24px\" class=\"wp-block-lookeen-blocks-responsive-spacer\"><\/div>\n\n\n\n<div class=\"wp-block-group has-global-padding is-layout-constrained wp-block-group-is-layout-constrained\">\n<h3 class=\"wp-block-heading display-h2\">\u30aa\u30f3\u30e9\u30a4\u30f3\u30d7\u30ed\u30b8\u30a7\u30af\u30c8\u30de\u30cd\u30b8\u30e1\u30f3\u30c8\u30c4\u30fc\u30eb Zenkit\u306b\u3064\u3044\u3066<\/h3>\n\n\n\n<p><a href=\"https:\/\/zenkit.com\/\">Zenkit<\/a>&nbsp;\u306f\u30e6\u30fc\u30b6\u30fc\u30d5\u30ec\u30f3\u30c9\u30ea\u30fc\u306a\u30d7\u30ed\u30b8\u30a7\u30af\u30c8\u30de\u30cd\u30b8\u30e1\u30f3\u30c8\u30c4\u30fc\u30eb\u3067\u3059\u3002\u30b3\u30e9\u30dc\u30ec\u30fc\u30b7\u30e7\u30f3\u6a5f\u80fd\u3092\u3082\u3063\u305f\u30c7\u30fc\u30bf\u30d9\u30fc\u30b9\u30b5\u30fc\u30d3\u30b9\u3067\u3082\u3042\u308a\u307e\u3059\u3002Zenkit\u306f\u30ab\u30f3\u30d0\u30f3\u3084To Do\u30ea\u30b9\u30c8\u3001\u30ab\u30ec\u30f3\u30c0\u30fc\u3084\u30de\u30a4\u30f3\u30c9\u30de\u30c3\u30d7\u306a\u3069\u591a\u69d8\u306a\u30d3\u30e5\u30fc\u3092\u63d0\u4f9b\u3057\u3066\u304a\u308a\u3001\uff11\u30af\u30ea\u30c3\u30af\u3067\u5207\u308a\u66ff\u3048\u308b\u3053\u3068\u304c\u53ef\u80fd\u3067\u3059\u3002\u4f5c\u696d\u30ea\u30b9\u30c8\u3092Web\u30da\u30fc\u30b8\u306b\u57cb\u3081\u8fbc\u3093\u3067\u516c\u958b\u3057\u305f\u308a\u3001Web API\u3092\u4f7f\u3063\u3066\u5916\u90e8\u30bd\u30d5\u30c8\u30a6\u30a7\u30a2\u3068\u9023\u643a\u3057\u305f\u308a\u3059\u308b\u3053\u3068\u3082\u53ef\u80fd\u3067\u3059\u3002\u3069\u306e\u3088\u3046\u306a\u30ef\u30fc\u30af\u30d5\u30ed\u30fc\u306b\u3082\u30d5\u30a3\u30c3\u30c8\u3059\u308b\u67d4\u8edf\u6027\u3068\u3001\u30d3\u30b8\u30cd\u30b9\u3092\u9042\u884c\u3059\u308b\u306e\u306b\u5341\u5206\u306a\u6a5f\u80fd\u3092\u5099\u3048\u3066\u3044\u307e\u3059\u3002\u307e\u305a\u306f\u7121\u6599\u30a2\u30ab\u30a6\u30f3\u30c8\u306e\u4f5c\u6210\u304b\u3089\u59cb\u3081\u307e\u3057\u3087\u3046:&nbsp;<a href=\"https:\/\/app.zenkit.com\/register\">https:\/\/app.zenkit.com\/register<\/a>.<\/p>\n<\/div>\n\n\n\n<div style=\"height:48px;--tablet-height:36px;--mobile-height:24px\" class=\"wp-block-lookeen-blocks-responsive-spacer\"><\/div>\n\n\n\n<div class=\"wp-block-group has-global-padding is-layout-constrained wp-block-group-is-layout-constrained\">\n<h3 class=\"wp-block-heading display-h2\">Bookafy\u3068Zenkit\u3092\u9023\u643a\u3059\u308b\u306b\u306f<\/h3>\n\n\n\n<ol class=\"wp-block-list list__style__position-inside\">\n<li>Zapier\u306b\u30a2\u30af\u30bb\u30b9\u3057\u3001<a href=\"https:\/\/zapier.com\/sign-up\/\">\u30a2\u30ab\u30a6\u30f3\u30c8\u3092\u4f5c\u6210<\/a>&nbsp;\u3057\u307e\u3059\u3002<\/li>\n\n\n\n<li>Bookafy\u306e<a href=\"https:\/\/www.bookafy.com\/\">\u30a2\u30ab\u30a6\u30f3\u30c8\u3092\u4f5c\u6210<\/a>&nbsp;\u3057\u307e\u3059\u3002<\/li>\n\n\n\n<li>Zapier\u306b\u30ed\u30b0\u30a4\u30f3\u3057\u3001&nbsp;<a href=\"https:\/\/zapier.com\/apps\/zenkit\/integrations\/bookafy\">Zenkit + Bookafy Zapbook&nbsp;<\/a>\u306eZap\u30c6\u30f3\u30d7\u30ec\u30fc\u30c8\u3092\u958b\u304d\u307e\u3059\u3002<\/li>\n\n\n\n<li>\u307e\u305f\u306fZap\u306e\u4f5c\u6210\u6642\u306bZenkit\u3068Bookafy\u3092\u9078\u629e\u3057\u3001\u81ea\u5206\u3067\u9023\u643a\u3092\u8a2d\u5b9a\u3057\u307e\u3059\u3002<\/li>\n<\/ol>\n\n\n\n<script type=\"text\/javascript\" src=\"https:\/\/zapier.com\/apps\/embed\/widget.js?guided_zaps=63468,63469\"><\/script>\n<\/div>\n\n\n\n<div style=\"height:48px;--tablet-height:36px;--mobile-height:24px\" class=\"wp-block-lookeen-blocks-responsive-spacer\"><\/div>\n\n\n\n<div class=\"wp-block-group has-global-padding is-layout-constrained wp-block-group-is-layout-constrained\">\n<h3 class=\"wp-block-heading display-h2\">Bookafy\u3068Zenkit\u306e\u9023\u643a\u306f\u6b21\u306e\u3088\u3046\u306a\u65b9\u306b\u30aa\u30b9\u30b9\u30e1\u3067\u3059<\/h3>\n\n\n\n<ul class=\"wp-block-list is-style-da-left-indent\">\n<li>\u5225\u3005\u306e\u30c4\u30fc\u30eb\u306e\u30c7\u30fc\u30bf\u3092\u540c\u671f\u3059\u308b\u624b\u9593\u3092\u304b\u3051\u305f\u304f\u306a\u3044\u65b9<\/li>\n\n\n\n<li>\u30d3\u30b8\u30cd\u30b9\u306b\u304a\u3044\u3066\u672c\u5f53\u306b\u91cd\u8981\u306a\u3053\u3068\u306b\u6642\u9593\u3068\u52b4\u529b\u3092\u6ce8\u304e\u305f\u3044\u65b9<\/li>\n<\/ul>\n<\/div>\n\n\n\n<div style=\"height:48px;--tablet-height:36px;--mobile-height:24px\" class=\"wp-block-lookeen-blocks-responsive-spacer\"><\/div>\n\n\n\n<div class=\"wp-block-group has-global-padding is-layout-constrained wp-block-group-is-layout-constrained\">\n<h3 class=\"wp-block-heading display-h2\">\u30a4\u30f3\u30c6\u30b0\u30ec\u30fc\u30b7\u30e7\u30f3\u306e\u8a73\u7d30<\/h3>\n\n\n\n<p>\u3053\u306e\u30a4\u30f3\u30c6\u30b0\u30ec\u30fc\u30b7\u30e7\u30f3\u306fZapier\u306b\u3088\u308a\u30b5\u30dd\u30fc\u30c8\u3055\u308c\u3066\u3044\u307e\u3059\u3002\u554f\u984c\u304c\u767a\u751f\u3057\u305f\u969b\u306f\u3001&nbsp;<a href=\"https:\/\/zapier.com\/help\/contact-us\/\">Zapier\u306e\u30b5\u30dd\u30fc\u30c8<\/a>&nbsp;\u307e\u3067\u304a\u554f\u3044\u5408\u308f\u305b\u304f\u3060\u3055\u3044\u3002<\/p>\n\n\n\n<p>Zenkit\u306eZapier\u30a4\u30f3\u30c6\u30b0\u30ec\u30fc\u30b7\u30e7\u30f3\u306b\u3064\u3044\u3066\u306e\u8a73\u7d30\u306f\u3001&nbsp;<a href=\"https:\/\/zenkit.com\/documentation#\/lists\/HJQBQ1Hw\/sections\/SJYE55zA\/entries\/BJGOKQtA?_k=hyyynn\">\u30c9\u30ad\u30e5\u30e1\u30f3\u30c8<\/a>\u3092\u3054\u89a7\u304f\u3060\u3055\u3044\u3002<\/p>\n<\/div>\n<\/div>\n<\/div>\n<\/div>\n\n\n\n<div style=\"height:110px;--tablet-height:60px;--mobile-height:48px\" class=\"wp-block-lookeen-blocks-responsive-spacer\"><\/div>\n","protected":false},"excerpt":{"rendered":"<p>\u30b9\u30b1\u30b8\u30e5\u30fc\u30ea\u30f3\u30b0\u306e\u7d71\u5408 Bookafy &amp; Zenkit Bookafy\u3092Zenkit\u3068\u9023\u643a\u3057\u307e\u3057\u3087\u3046 \u3082\u3057\u3059\u3067\u306b\u30aa\u30f3\u30e9\u30a4\u30f3\u4f1a\u8b70\u306e\u30b9\u30b1\u30b8\u30e5\u30fc\u30ea\u30f3\u30b0\u306bBookafy\u3092\u3001\u30bf\u30b9\u30af\u7ba1\u7406\u306bZenkit\u3092\u304a\u4f7f\u3044\u3067\u3057\u305f\u3089\u3001\u3053\u306e [&hellip;]<\/p>\n","protected":false},"author":15,"featured_media":0,"parent":144955,"menu_order":10,"comment_status":"closed","ping_status":"closed","template":"","meta":{"yasr_overall_rating":0,"yasr_post_is_review":"","yasr_auto_insert_disabled":"","yasr_review_type":"","footnotes":""},"class_list":["post-144967","page","type-page","status-publish","hentry"],"yoast_head":"<!-- This site is optimized with the Yoast SEO plugin v27.5 - https:\/\/yoast.com\/product\/yoast-seo-wordpress\/ -->\n<title>Bookafy | Zenkit<\/title>\n<meta name=\"description\" content=\"Behalten Sie den \u00dcberblick \u00fcber Ihre Termine - Verbinden Sie Bookafy mit Zenkit und f\u00fcgen Sie diese ganz einfach Ihren To-Do Listen hinzu.\" \/>\n<meta name=\"robots\" content=\"index, follow, max-snippet:-1, max-image-preview:large, max-video-preview:-1\" \/>\n<link rel=\"canonical\" href=\"https:\/\/zenkit.com\/ja\/%e3%82%a4%e3%83%b3%e3%83%86%e3%82%b0%e3%83%ac%e3%83%bc%e3%82%b7%e3%83%a7%e3%83%b3\/bookafy\/\" \/>\n<meta property=\"og:locale\" content=\"ja_JP\" \/>\n<meta property=\"og:type\" content=\"article\" \/>\n<meta property=\"og:title\" content=\"Bookafy | Zenkit\" \/>\n<meta property=\"og:description\" content=\"Behalten Sie den \u00dcberblick \u00fcber Ihre Termine - Verbinden Sie Bookafy mit Zenkit und f\u00fcgen Sie diese ganz einfach Ihren To-Do Listen hinzu.\" \/>\n<meta property=\"og:url\" content=\"https:\/\/zenkit.com\/ja\/%e3%82%a4%e3%83%b3%e3%83%86%e3%82%b0%e3%83%ac%e3%83%bc%e3%82%b7%e3%83%a7%e3%83%b3\/bookafy\/\" \/>\n<meta property=\"og:site_name\" content=\"Zenkit\" \/>\n<meta property=\"article:publisher\" content=\"https:\/\/www.facebook.com\/ZenkitHQ\" \/>\n<meta property=\"article:modified_time\" content=\"2025-11-04T05:53:18+00:00\" \/>\n<meta property=\"og:image\" content=\"https:\/\/zenkit.com\/wp-content\/uploads\/2025\/07\/Bookafy_Logo.webp\" \/>\n<meta name=\"twitter:card\" content=\"summary_large_image\" \/>\n<meta name=\"twitter:site\" content=\"@ZenkitHQ\" \/>\n<script type=\"application\/ld+json\" class=\"yoast-schema-graph\">{\"@context\":\"https:\\\/\\\/schema.org\",\"@graph\":[{\"@type\":\"WebPage\",\"@id\":\"https:\\\/\\\/zenkit.com\\\/ja\\\/%e3%82%a4%e3%83%b3%e3%83%86%e3%82%b0%e3%83%ac%e3%83%bc%e3%82%b7%e3%83%a7%e3%83%b3\\\/bookafy\\\/\",\"url\":\"https:\\\/\\\/zenkit.com\\\/ja\\\/%e3%82%a4%e3%83%b3%e3%83%86%e3%82%b0%e3%83%ac%e3%83%bc%e3%82%b7%e3%83%a7%e3%83%b3\\\/bookafy\\\/\",\"name\":\"Bookafy | Zenkit\",\"isPartOf\":{\"@id\":\"https:\\\/\\\/zenkit.com\\\/ja\\\/#website\"},\"primaryImageOfPage\":{\"@id\":\"https:\\\/\\\/zenkit.com\\\/ja\\\/%e3%82%a4%e3%83%b3%e3%83%86%e3%82%b0%e3%83%ac%e3%83%bc%e3%82%b7%e3%83%a7%e3%83%b3\\\/bookafy\\\/#primaryimage\"},\"image\":{\"@id\":\"https:\\\/\\\/zenkit.com\\\/ja\\\/%e3%82%a4%e3%83%b3%e3%83%86%e3%82%b0%e3%83%ac%e3%83%bc%e3%82%b7%e3%83%a7%e3%83%b3\\\/bookafy\\\/#primaryimage\"},\"thumbnailUrl\":\"https:\\\/\\\/zenkit.com\\\/wp-content\\\/uploads\\\/2025\\\/07\\\/Bookafy_Logo.webp\",\"datePublished\":\"2021-12-22T10:52:46+00:00\",\"dateModified\":\"2025-11-04T05:53:18+00:00\",\"description\":\"Behalten Sie den \u00dcberblick \u00fcber Ihre Termine - Verbinden Sie Bookafy mit Zenkit und f\u00fcgen Sie diese ganz einfach Ihren To-Do Listen hinzu.\",\"breadcrumb\":{\"@id\":\"https:\\\/\\\/zenkit.com\\\/ja\\\/%e3%82%a4%e3%83%b3%e3%83%86%e3%82%b0%e3%83%ac%e3%83%bc%e3%82%b7%e3%83%a7%e3%83%b3\\\/bookafy\\\/#breadcrumb\"},\"inLanguage\":\"ja\",\"potentialAction\":[{\"@type\":\"ReadAction\",\"target\":[\"https:\\\/\\\/zenkit.com\\\/ja\\\/%e3%82%a4%e3%83%b3%e3%83%86%e3%82%b0%e3%83%ac%e3%83%bc%e3%82%b7%e3%83%a7%e3%83%b3\\\/bookafy\\\/\"]}]},{\"@type\":\"ImageObject\",\"inLanguage\":\"ja\",\"@id\":\"https:\\\/\\\/zenkit.com\\\/ja\\\/%e3%82%a4%e3%83%b3%e3%83%86%e3%82%b0%e3%83%ac%e3%83%bc%e3%82%b7%e3%83%a7%e3%83%b3\\\/bookafy\\\/#primaryimage\",\"url\":\"https:\\\/\\\/zenkit.com\\\/wp-content\\\/uploads\\\/2025\\\/07\\\/Bookafy_Logo.webp\",\"contentUrl\":\"https:\\\/\\\/zenkit.com\\\/wp-content\\\/uploads\\\/2025\\\/07\\\/Bookafy_Logo.webp\"},{\"@type\":\"BreadcrumbList\",\"@id\":\"https:\\\/\\\/zenkit.com\\\/ja\\\/%e3%82%a4%e3%83%b3%e3%83%86%e3%82%b0%e3%83%ac%e3%83%bc%e3%82%b7%e3%83%a7%e3%83%b3\\\/bookafy\\\/#breadcrumb\",\"itemListElement\":[{\"@type\":\"ListItem\",\"position\":1,\"name\":\"Home\",\"item\":\"https:\\\/\\\/zenkit.com\\\/ja\\\/\"},{\"@type\":\"ListItem\",\"position\":2,\"name\":\"\u30a4\u30f3\u30c6\u30b0\u30ec\u30fc\u30b7\u30e7\u30f3\",\"item\":\"https:\\\/\\\/zenkit.com\\\/ja\\\/%e3%82%a4%e3%83%b3%e3%83%86%e3%82%b0%e3%83%ac%e3%83%bc%e3%82%b7%e3%83%a7%e3%83%b3\\\/\"},{\"@type\":\"ListItem\",\"position\":3,\"name\":\"Bookafy\"}]},{\"@type\":\"WebSite\",\"@id\":\"https:\\\/\\\/zenkit.com\\\/ja\\\/#website\",\"url\":\"https:\\\/\\\/zenkit.com\\\/ja\\\/\",\"name\":\"Zenkit\",\"description\":\"Zenkit Tagline\",\"potentialAction\":[{\"@type\":\"SearchAction\",\"target\":{\"@type\":\"EntryPoint\",\"urlTemplate\":\"https:\\\/\\\/zenkit.com\\\/ja\\\/?s={search_term_string}\"},\"query-input\":{\"@type\":\"PropertyValueSpecification\",\"valueRequired\":true,\"valueName\":\"search_term_string\"}}],\"inLanguage\":\"ja\"},false]}<\/script>\n<!-- \/ Yoast SEO plugin. -->","yoast_head_json":{"title":"Bookafy | Zenkit","description":"Behalten Sie den \u00dcberblick \u00fcber Ihre Termine - Verbinden Sie Bookafy mit Zenkit und f\u00fcgen Sie diese ganz einfach Ihren To-Do Listen hinzu.","robots":{"index":"index","follow":"follow","max-snippet":"max-snippet:-1","max-image-preview":"max-image-preview:large","max-video-preview":"max-video-preview:-1"},"canonical":"https:\/\/zenkit.com\/ja\/%e3%82%a4%e3%83%b3%e3%83%86%e3%82%b0%e3%83%ac%e3%83%bc%e3%82%b7%e3%83%a7%e3%83%b3\/bookafy\/","og_locale":"ja_JP","og_type":"article","og_title":"Bookafy | Zenkit","og_description":"Behalten Sie den \u00dcberblick \u00fcber Ihre Termine - Verbinden Sie Bookafy mit Zenkit und f\u00fcgen Sie diese ganz einfach Ihren To-Do Listen hinzu.","og_url":"https:\/\/zenkit.com\/ja\/%e3%82%a4%e3%83%b3%e3%83%86%e3%82%b0%e3%83%ac%e3%83%bc%e3%82%b7%e3%83%a7%e3%83%b3\/bookafy\/","og_site_name":"Zenkit","article_publisher":"https:\/\/www.facebook.com\/ZenkitHQ","article_modified_time":"2025-11-04T05:53:18+00:00","og_image":[{"url":"https:\/\/zenkit.com\/wp-content\/uploads\/2025\/07\/Bookafy_Logo.webp","type":"","width":"","height":""}],"twitter_card":"summary_large_image","twitter_site":"@ZenkitHQ","schema":{"@context":"https:\/\/schema.org","@graph":[{"@type":"WebPage","@id":"https:\/\/zenkit.com\/ja\/%e3%82%a4%e3%83%b3%e3%83%86%e3%82%b0%e3%83%ac%e3%83%bc%e3%82%b7%e3%83%a7%e3%83%b3\/bookafy\/","url":"https:\/\/zenkit.com\/ja\/%e3%82%a4%e3%83%b3%e3%83%86%e3%82%b0%e3%83%ac%e3%83%bc%e3%82%b7%e3%83%a7%e3%83%b3\/bookafy\/","name":"Bookafy | Zenkit","isPartOf":{"@id":"https:\/\/zenkit.com\/ja\/#website"},"primaryImageOfPage":{"@id":"https:\/\/zenkit.com\/ja\/%e3%82%a4%e3%83%b3%e3%83%86%e3%82%b0%e3%83%ac%e3%83%bc%e3%82%b7%e3%83%a7%e3%83%b3\/bookafy\/#primaryimage"},"image":{"@id":"https:\/\/zenkit.com\/ja\/%e3%82%a4%e3%83%b3%e3%83%86%e3%82%b0%e3%83%ac%e3%83%bc%e3%82%b7%e3%83%a7%e3%83%b3\/bookafy\/#primaryimage"},"thumbnailUrl":"https:\/\/zenkit.com\/wp-content\/uploads\/2025\/07\/Bookafy_Logo.webp","datePublished":"2021-12-22T10:52:46+00:00","dateModified":"2025-11-04T05:53:18+00:00","description":"Behalten Sie den \u00dcberblick \u00fcber Ihre Termine - Verbinden Sie Bookafy mit Zenkit und f\u00fcgen Sie diese ganz einfach Ihren To-Do Listen hinzu.","breadcrumb":{"@id":"https:\/\/zenkit.com\/ja\/%e3%82%a4%e3%83%b3%e3%83%86%e3%82%b0%e3%83%ac%e3%83%bc%e3%82%b7%e3%83%a7%e3%83%b3\/bookafy\/#breadcrumb"},"inLanguage":"ja","potentialAction":[{"@type":"ReadAction","target":["https:\/\/zenkit.com\/ja\/%e3%82%a4%e3%83%b3%e3%83%86%e3%82%b0%e3%83%ac%e3%83%bc%e3%82%b7%e3%83%a7%e3%83%b3\/bookafy\/"]}]},{"@type":"ImageObject","inLanguage":"ja","@id":"https:\/\/zenkit.com\/ja\/%e3%82%a4%e3%83%b3%e3%83%86%e3%82%b0%e3%83%ac%e3%83%bc%e3%82%b7%e3%83%a7%e3%83%b3\/bookafy\/#primaryimage","url":"https:\/\/zenkit.com\/wp-content\/uploads\/2025\/07\/Bookafy_Logo.webp","contentUrl":"https:\/\/zenkit.com\/wp-content\/uploads\/2025\/07\/Bookafy_Logo.webp"},{"@type":"BreadcrumbList","@id":"https:\/\/zenkit.com\/ja\/%e3%82%a4%e3%83%b3%e3%83%86%e3%82%b0%e3%83%ac%e3%83%bc%e3%82%b7%e3%83%a7%e3%83%b3\/bookafy\/#breadcrumb","itemListElement":[{"@type":"ListItem","position":1,"name":"Home","item":"https:\/\/zenkit.com\/ja\/"},{"@type":"ListItem","position":2,"name":"\u30a4\u30f3\u30c6\u30b0\u30ec\u30fc\u30b7\u30e7\u30f3","item":"https:\/\/zenkit.com\/ja\/%e3%82%a4%e3%83%b3%e3%83%86%e3%82%b0%e3%83%ac%e3%83%bc%e3%82%b7%e3%83%a7%e3%83%b3\/"},{"@type":"ListItem","position":3,"name":"Bookafy"}]},{"@type":"WebSite","@id":"https:\/\/zenkit.com\/ja\/#website","url":"https:\/\/zenkit.com\/ja\/","name":"Zenkit","description":"Zenkit Tagline","potentialAction":[{"@type":"SearchAction","target":{"@type":"EntryPoint","urlTemplate":"https:\/\/zenkit.com\/ja\/?s={search_term_string}"},"query-input":{"@type":"PropertyValueSpecification","valueRequired":true,"valueName":"search_term_string"}}],"inLanguage":"ja"},false]}},"yasr_visitor_votes":{"stars_attributes":{"read_only":false,"span_bottom":false},"number_of_votes":0,"sum_votes":0},"_links":{"self":[{"href":"https:\/\/zenkit.com\/ja\/wp-json\/wp\/v2\/pages\/144967","targetHints":{"allow":["GET"]}}],"collection":[{"href":"https:\/\/zenkit.com\/ja\/wp-json\/wp\/v2\/pages"}],"about":[{"href":"https:\/\/zenkit.com\/ja\/wp-json\/wp\/v2\/types\/page"}],"author":[{"embeddable":true,"href":"https:\/\/zenkit.com\/ja\/wp-json\/wp\/v2\/users\/15"}],"replies":[{"embeddable":true,"href":"https:\/\/zenkit.com\/ja\/wp-json\/wp\/v2\/comments?post=144967"}],"version-history":[{"count":3,"href":"https:\/\/zenkit.com\/ja\/wp-json\/wp\/v2\/pages\/144967\/revisions"}],"predecessor-version":[{"id":152640,"href":"https:\/\/zenkit.com\/ja\/wp-json\/wp\/v2\/pages\/144967\/revisions\/152640"}],"up":[{"embeddable":true,"href":"https:\/\/zenkit.com\/ja\/wp-json\/wp\/v2\/pages\/144955"}],"wp:attachment":[{"href":"https:\/\/zenkit.com\/ja\/wp-json\/wp\/v2\/media?parent=144967"}],"curies":[{"name":"wp","href":"https:\/\/api.w.org\/{rel}","templated":true}]}}