{"id":144998,"date":"2022-08-31T09:31:53","date_gmt":"2022-08-31T07:31:53","guid":{"rendered":"https:\/\/zenkit.com\/integrationen\/gmail\/"},"modified":"2025-11-04T06:53:18","modified_gmt":"2025-11-04T05:53:18","slug":"gmail","status":"publish","type":"page","link":"https:\/\/zenkit.com\/ja\/%e3%82%a4%e3%83%b3%e3%83%86%e3%82%b0%e3%83%ac%e3%83%bc%e3%82%b7%e3%83%a7%e3%83%b3\/gmail\/","title":{"rendered":"Gmail"},"content":{"rendered":"\n<div style=\"height:45px;--tablet-height:45px;--mobile-height:16px\" class=\"wp-block-lookeen-blocks-responsive-spacer\"><\/div>\n\n\n\n<div class=\"wp-block-group has-global-padding is-layout-constrained wp-block-group-is-layout-constrained\">\n<div class=\"wp-block-columns is-layout-flex wp-container-core-columns-is-layout-467d341d wp-block-columns-is-layout-flex\" id=\"main__integrations\" style=\"margin-top:0px;margin-bottom:0px\">\n<div class=\"wp-block-column side__bar__integrations is-layout-flow wp-block-column-is-layout-flow\" style=\"flex-basis:23%\">\n<h2 class=\"wp-block-heading has-da-blue-color-new has-text-color has-link-color wp-elements-1ed4a9529b31959468bb2c86e52be285\" style=\"margin-top:0px;margin-bottom:0px;font-size:16px;line-height:1.5\">Kommunikations Integrationen<\/h2>\n\n\n<nav class=\"is-vertical integrations__menu wp-block-navigation is-layout-flex wp-container-core-navigation-is-layout-5f9f5280 wp-block-navigation-is-layout-flex\" aria-label=\"de-integrations-communications\"><ul class=\"wp-block-navigation__container  is-vertical integrations__menu wp-block-navigation\"><li class=\" wp-block-navigation-item wp-block-navigation-link\"><a class=\"wp-block-navigation-item__content\"  href=\"https:\/\/zenkit.com\/de\/integrationen\/gmail\/\"><span class=\"wp-block-navigation-item__label\">Gmail<\/span><\/a><\/li><li class=\" wp-block-navigation-item wp-block-navigation-link\"><a class=\"wp-block-navigation-item__content\"  href=\"https:\/\/zenkit.com\/de\/integrationen\/microsoft-teams\/\"><span class=\"wp-block-navigation-item__label\">Microsoft Teams<\/span><\/a><\/li><li class=\" wp-block-navigation-item wp-block-navigation-link\"><a class=\"wp-block-navigation-item__content\"  href=\"https:\/\/zenkit.com\/de\/integrationen\/slack\/\"><span class=\"wp-block-navigation-item__label\">Slack<\/span><\/a><\/li><\/ul><\/nav><\/div>\n\n\n\n<div class=\"wp-block-column content__integrations is-layout-flow wp-block-column-is-layout-flow\" style=\"flex-basis:77%\">\n<div class=\"wp-block-group has-global-padding is-layout-constrained wp-block-group-is-layout-constrained\">\n<div class=\"wp-block-group title is-layout-flex wp-container-core-group-is-layout-ed4b00df wp-block-group-is-layout-flex\">\n<figure class=\"wp-block-image size-full is-resized\"><img loading=\"lazy\" decoding=\"async\" width=\"512\" height=\"512\" src=\"https:\/\/zenkit.com\/wp-content\/uploads\/2025\/07\/Gmail-logo.webp\" alt=\"\" class=\"wp-image-118272\" style=\"width:auto;height:46px\" srcset=\"https:\/\/zenkit.com\/wp-content\/uploads\/2025\/07\/Gmail-logo.webp 512w, https:\/\/zenkit.com\/wp-content\/uploads\/2025\/07\/Gmail-logo-300x300.webp 300w, https:\/\/zenkit.com\/wp-content\/uploads\/2025\/07\/Gmail-logo-150x150.webp 150w\" sizes=\"auto, (max-width: 512px) 100vw, 512px\" \/><\/figure>\n\n\n\n<h1 class=\"wp-block-heading\">Gmail und Zenkit<\/h1>\n<\/div>\n\n\n\n<div class=\"wp-block-group has-global-padding is-layout-constrained wp-block-group-is-layout-constrained\">\n<p>Synchronisieren Sie Ihren Zenkit und Gmail Account, um sich selbst und Anderen \u00c4nderungen in Ihren Zenkit per E-Mail zusenden zu k\u00f6nnen.<\/p>\n<\/div>\n<\/div>\n\n\n\n<div style=\"height:48px;--tablet-height:36px;--mobile-height:24px\" class=\"wp-block-lookeen-blocks-responsive-spacer\"><\/div>\n\n\n\n<div class=\"wp-block-group has-global-padding is-layout-constrained wp-block-group-is-layout-constrained\">\n<h3 class=\"wp-block-heading display-h2\">So funktioniert die Gmail Integration<\/h3>\n\n\n\n<p>Diese Zapier Integration synchronisiert Gmail und Zenkit. So k\u00f6nnen Sie automatisch Zenkit Items aus Ihren E-Mails erstellen, sich selbst und anderen Benachrichtigungen senden und von vielen weiteren n\u00fctzlichen Funktionen profitieren.<\/p>\n<\/div>\n\n\n\n<div style=\"height:48px;--tablet-height:36px;--mobile-height:24px\" class=\"wp-block-lookeen-blocks-responsive-spacer\"><\/div>\n\n\n\n<div class=\"wp-block-group has-global-padding is-layout-constrained wp-block-group-is-layout-constrained\">\n<h3 class=\"wp-block-heading display-h2\">Synchronisieren Sie Gmail und Zenkit<\/h3>\n\n\n\n<ol class=\"wp-block-list list__style__position-inside\">\n<li>Loggen Sie sich in Ihren&nbsp;<a href=\"https:\/\/accounts.google.com\/signup\/v2\/webcreateaccount?hl=en&amp;flowName=GlifWebSignIn&amp;flowEntry=SignUp\">Gmail Account<\/a>&nbsp;ein.<\/li>\n\n\n\n<li>Loggen Sie sich in Ihren&nbsp;<a href=\"https:\/\/zapier.com\/sign-up\/\">Zapier Account<\/a>&nbsp;ein und \u00f6ffnen Sie&nbsp;<a href=\"https:\/\/zapier.com\/zapbook\/zenkit\/gmail\">Zenkit + Gmail Zapbook&nbsp;<\/a>, um Zap Vorlagen zu finden.<\/li>\n\n\n\n<li>Wahlweise k\u00f6nnen Sie auch eigene Zenkit und Gmail Integrationen nutzen, indem Sie ein neues Zap erstellen.<\/li>\n<\/ol>\n<\/div>\n\n\n\n<div style=\"height:48px;--tablet-height:36px;--mobile-height:24px\" class=\"wp-block-lookeen-blocks-responsive-spacer\"><\/div>\n\n\n\n<div class=\"wp-block-group has-global-padding is-layout-constrained wp-block-group-is-layout-constrained\">\n<h3 class=\"wp-block-heading display-h2\">Integrationsempfehlung<\/h3>\n\n\n\n<script type=\"text\/javascript\" src=\"https:\/\/zapier.com\/zapbook\/embed\/widget.js?guided_zaps=15848\"><\/script>\n\n\n\n<div style=\"margin-top:0px;margin-bottom:0px;height:24px\" aria-hidden=\"true\" class=\"wp-block-spacer\"><\/div>\n\n\n\n<script type=\"text\/javascript\" src=\"https:\/\/zapier.com\/zapbook\/embed\/widget.js?guided_zaps=15714\"><\/script>\n<\/div>\n\n\n\n<div style=\"height:48px;--tablet-height:36px;--mobile-height:24px\" class=\"wp-block-lookeen-blocks-responsive-spacer\"><\/div>\n\n\n\n<div class=\"wp-block-group has-global-padding is-layout-constrained wp-block-group-is-layout-constrained\">\n<h3 class=\"wp-block-heading display-h2\">Support<\/h3>\n\n\n\n<p>Diese Integration wird von Zapier unterst\u00fctzt. Falls Fragen oder Probleme auftauchen, wenden Sie sich bitte an den&nbsp;<a href=\"https:\/\/zapier.com\/help\/contact-us\/\">Zapier Support<\/a>. Sie ben\u00f6tigen weitere Informationen zum Umgang mit Zapier in Zenkit? Dann werfen Sie doch einen Blick auf unsere&nbsp;<a href=\"https:\/\/help.zenkit.com\/de\/support\/solutions\">Wissensdatenbank.<\/a><\/p>\n<\/div>\n<\/div>\n<\/div>\n<\/div>\n\n\n\n<div style=\"height:110px;--tablet-height:60px;--mobile-height:48px\" class=\"wp-block-lookeen-blocks-responsive-spacer\"><\/div>\n","protected":false},"excerpt":{"rendered":"<p>Kommunikations Integrationen Gmail und Zenkit Synchronisieren Sie Ihren Zenkit und Gmail Account, um sich selb [&hellip;]<\/p>\n","protected":false},"author":15,"featured_media":0,"parent":144955,"menu_order":13,"comment_status":"closed","ping_status":"closed","template":"","meta":{"yasr_overall_rating":0,"yasr_post_is_review":"","yasr_auto_insert_disabled":"","yasr_review_type":"","footnotes":""},"class_list":["post-144998","page","type-page","status-publish","hentry"],"yoast_head":"<!-- This site is optimized with the Yoast SEO plugin v27.3 - https:\/\/yoast.com\/product\/yoast-seo-wordpress\/ -->\n<title>Zenkit Projects Gmail Integration<\/title>\n<meta name=\"description\" content=\"Sie m\u00f6chten \u00c4nderungen bez\u00fcglich Aufgaben direkt per E-mail an Ihre Teammitglieder senden? Erfahren Sie jetzt mehr \u00fcber die Zenkit und Gmail Integration.\" \/>\n<meta name=\"robots\" content=\"index, follow, max-snippet:-1, max-image-preview:large, max-video-preview:-1\" \/>\n<link rel=\"canonical\" href=\"https:\/\/zenkit.com\/ja\/%e3%82%a4%e3%83%b3%e3%83%86%e3%82%b0%e3%83%ac%e3%83%bc%e3%82%b7%e3%83%a7%e3%83%b3\/gmail\/\" \/>\n<meta property=\"og:locale\" content=\"ja_JP\" \/>\n<meta property=\"og:type\" content=\"article\" \/>\n<meta property=\"og:title\" content=\"Zenkit Projects Gmail Integration\" \/>\n<meta property=\"og:description\" content=\"Sie m\u00f6chten \u00c4nderungen bez\u00fcglich Aufgaben direkt per E-mail an Ihre Teammitglieder senden? Erfahren Sie jetzt mehr \u00fcber die Zenkit und Gmail Integration.\" \/>\n<meta property=\"og:url\" content=\"https:\/\/zenkit.com\/ja\/%e3%82%a4%e3%83%b3%e3%83%86%e3%82%b0%e3%83%ac%e3%83%bc%e3%82%b7%e3%83%a7%e3%83%b3\/gmail\/\" \/>\n<meta property=\"og:site_name\" content=\"Zenkit\" \/>\n<meta property=\"article:publisher\" content=\"https:\/\/www.facebook.com\/ZenkitHQ\" \/>\n<meta property=\"article:modified_time\" content=\"2025-11-04T05:53:18+00:00\" \/>\n<meta property=\"og:image\" content=\"https:\/\/zenkit.com\/wp-content\/uploads\/2025\/07\/Gmail-logo.webp\" \/>\n<meta name=\"twitter:card\" content=\"summary_large_image\" \/>\n<meta name=\"twitter:site\" content=\"@ZenkitHQ\" \/>\n<meta name=\"twitter:label1\" content=\"\u63a8\u5b9a\u8aad\u307f\u53d6\u308a\u6642\u9593\" \/>\n\t<meta name=\"twitter:data1\" content=\"1\u5206\" \/>\n<script type=\"application\/ld+json\" class=\"yoast-schema-graph\">{\"@context\":\"https:\\\/\\\/schema.org\",\"@graph\":[{\"@type\":\"WebPage\",\"@id\":\"https:\\\/\\\/zenkit.com\\\/ja\\\/%e3%82%a4%e3%83%b3%e3%83%86%e3%82%b0%e3%83%ac%e3%83%bc%e3%82%b7%e3%83%a7%e3%83%b3\\\/gmail\\\/\",\"url\":\"https:\\\/\\\/zenkit.com\\\/ja\\\/%e3%82%a4%e3%83%b3%e3%83%86%e3%82%b0%e3%83%ac%e3%83%bc%e3%82%b7%e3%83%a7%e3%83%b3\\\/gmail\\\/\",\"name\":\"Zenkit Projects Gmail Integration\",\"isPartOf\":{\"@id\":\"https:\\\/\\\/zenkit.com\\\/ja\\\/#website\"},\"primaryImageOfPage\":{\"@id\":\"https:\\\/\\\/zenkit.com\\\/ja\\\/%e3%82%a4%e3%83%b3%e3%83%86%e3%82%b0%e3%83%ac%e3%83%bc%e3%82%b7%e3%83%a7%e3%83%b3\\\/gmail\\\/#primaryimage\"},\"image\":{\"@id\":\"https:\\\/\\\/zenkit.com\\\/ja\\\/%e3%82%a4%e3%83%b3%e3%83%86%e3%82%b0%e3%83%ac%e3%83%bc%e3%82%b7%e3%83%a7%e3%83%b3\\\/gmail\\\/#primaryimage\"},\"thumbnailUrl\":\"https:\\\/\\\/zenkit.com\\\/wp-content\\\/uploads\\\/2025\\\/07\\\/Gmail-logo.webp\",\"datePublished\":\"2022-08-31T07:31:53+00:00\",\"dateModified\":\"2025-11-04T05:53:18+00:00\",\"description\":\"Sie m\u00f6chten \u00c4nderungen bez\u00fcglich Aufgaben direkt per E-mail an Ihre Teammitglieder senden? Erfahren Sie jetzt mehr \u00fcber die Zenkit und Gmail Integration.\",\"breadcrumb\":{\"@id\":\"https:\\\/\\\/zenkit.com\\\/ja\\\/%e3%82%a4%e3%83%b3%e3%83%86%e3%82%b0%e3%83%ac%e3%83%bc%e3%82%b7%e3%83%a7%e3%83%b3\\\/gmail\\\/#breadcrumb\"},\"inLanguage\":\"ja\",\"potentialAction\":[{\"@type\":\"ReadAction\",\"target\":[\"https:\\\/\\\/zenkit.com\\\/ja\\\/%e3%82%a4%e3%83%b3%e3%83%86%e3%82%b0%e3%83%ac%e3%83%bc%e3%82%b7%e3%83%a7%e3%83%b3\\\/gmail\\\/\"]}]},{\"@type\":\"ImageObject\",\"inLanguage\":\"ja\",\"@id\":\"https:\\\/\\\/zenkit.com\\\/ja\\\/%e3%82%a4%e3%83%b3%e3%83%86%e3%82%b0%e3%83%ac%e3%83%bc%e3%82%b7%e3%83%a7%e3%83%b3\\\/gmail\\\/#primaryimage\",\"url\":\"https:\\\/\\\/zenkit.com\\\/wp-content\\\/uploads\\\/2025\\\/07\\\/Gmail-logo.webp\",\"contentUrl\":\"https:\\\/\\\/zenkit.com\\\/wp-content\\\/uploads\\\/2025\\\/07\\\/Gmail-logo.webp\"},{\"@type\":\"BreadcrumbList\",\"@id\":\"https:\\\/\\\/zenkit.com\\\/ja\\\/%e3%82%a4%e3%83%b3%e3%83%86%e3%82%b0%e3%83%ac%e3%83%bc%e3%82%b7%e3%83%a7%e3%83%b3\\\/gmail\\\/#breadcrumb\",\"itemListElement\":[{\"@type\":\"ListItem\",\"position\":1,\"name\":\"Home\",\"item\":\"https:\\\/\\\/zenkit.com\\\/ja\\\/\"},{\"@type\":\"ListItem\",\"position\":2,\"name\":\"\u30a4\u30f3\u30c6\u30b0\u30ec\u30fc\u30b7\u30e7\u30f3\",\"item\":\"https:\\\/\\\/zenkit.com\\\/ja\\\/%e3%82%a4%e3%83%b3%e3%83%86%e3%82%b0%e3%83%ac%e3%83%bc%e3%82%b7%e3%83%a7%e3%83%b3\\\/\"},{\"@type\":\"ListItem\",\"position\":3,\"name\":\"Gmail\"}]},{\"@type\":\"WebSite\",\"@id\":\"https:\\\/\\\/zenkit.com\\\/ja\\\/#website\",\"url\":\"https:\\\/\\\/zenkit.com\\\/ja\\\/\",\"name\":\"Zenkit\",\"description\":\"Zenkit Tagline\",\"potentialAction\":[{\"@type\":\"SearchAction\",\"target\":{\"@type\":\"EntryPoint\",\"urlTemplate\":\"https:\\\/\\\/zenkit.com\\\/ja\\\/?s={search_term_string}\"},\"query-input\":{\"@type\":\"PropertyValueSpecification\",\"valueRequired\":true,\"valueName\":\"search_term_string\"}}],\"inLanguage\":\"ja\"},false]}<\/script>\n<!-- \/ Yoast SEO plugin. -->","yoast_head_json":{"title":"Zenkit Projects Gmail Integration","description":"Sie m\u00f6chten \u00c4nderungen bez\u00fcglich Aufgaben direkt per E-mail an Ihre Teammitglieder senden? Erfahren Sie jetzt mehr \u00fcber die Zenkit und Gmail Integration.","robots":{"index":"index","follow":"follow","max-snippet":"max-snippet:-1","max-image-preview":"max-image-preview:large","max-video-preview":"max-video-preview:-1"},"canonical":"https:\/\/zenkit.com\/ja\/%e3%82%a4%e3%83%b3%e3%83%86%e3%82%b0%e3%83%ac%e3%83%bc%e3%82%b7%e3%83%a7%e3%83%b3\/gmail\/","og_locale":"ja_JP","og_type":"article","og_title":"Zenkit Projects Gmail Integration","og_description":"Sie m\u00f6chten \u00c4nderungen bez\u00fcglich Aufgaben direkt per E-mail an Ihre Teammitglieder senden? Erfahren Sie jetzt mehr \u00fcber die Zenkit und Gmail Integration.","og_url":"https:\/\/zenkit.com\/ja\/%e3%82%a4%e3%83%b3%e3%83%86%e3%82%b0%e3%83%ac%e3%83%bc%e3%82%b7%e3%83%a7%e3%83%b3\/gmail\/","og_site_name":"Zenkit","article_publisher":"https:\/\/www.facebook.com\/ZenkitHQ","article_modified_time":"2025-11-04T05:53:18+00:00","og_image":[{"url":"https:\/\/zenkit.com\/wp-content\/uploads\/2025\/07\/Gmail-logo.webp","type":"","width":"","height":""}],"twitter_card":"summary_large_image","twitter_site":"@ZenkitHQ","twitter_misc":{"\u63a8\u5b9a\u8aad\u307f\u53d6\u308a\u6642\u9593":"1\u5206"},"schema":{"@context":"https:\/\/schema.org","@graph":[{"@type":"WebPage","@id":"https:\/\/zenkit.com\/ja\/%e3%82%a4%e3%83%b3%e3%83%86%e3%82%b0%e3%83%ac%e3%83%bc%e3%82%b7%e3%83%a7%e3%83%b3\/gmail\/","url":"https:\/\/zenkit.com\/ja\/%e3%82%a4%e3%83%b3%e3%83%86%e3%82%b0%e3%83%ac%e3%83%bc%e3%82%b7%e3%83%a7%e3%83%b3\/gmail\/","name":"Zenkit Projects Gmail Integration","isPartOf":{"@id":"https:\/\/zenkit.com\/ja\/#website"},"primaryImageOfPage":{"@id":"https:\/\/zenkit.com\/ja\/%e3%82%a4%e3%83%b3%e3%83%86%e3%82%b0%e3%83%ac%e3%83%bc%e3%82%b7%e3%83%a7%e3%83%b3\/gmail\/#primaryimage"},"image":{"@id":"https:\/\/zenkit.com\/ja\/%e3%82%a4%e3%83%b3%e3%83%86%e3%82%b0%e3%83%ac%e3%83%bc%e3%82%b7%e3%83%a7%e3%83%b3\/gmail\/#primaryimage"},"thumbnailUrl":"https:\/\/zenkit.com\/wp-content\/uploads\/2025\/07\/Gmail-logo.webp","datePublished":"2022-08-31T07:31:53+00:00","dateModified":"2025-11-04T05:53:18+00:00","description":"Sie m\u00f6chten \u00c4nderungen bez\u00fcglich Aufgaben direkt per E-mail an Ihre Teammitglieder senden? Erfahren Sie jetzt mehr \u00fcber die Zenkit und Gmail Integration.","breadcrumb":{"@id":"https:\/\/zenkit.com\/ja\/%e3%82%a4%e3%83%b3%e3%83%86%e3%82%b0%e3%83%ac%e3%83%bc%e3%82%b7%e3%83%a7%e3%83%b3\/gmail\/#breadcrumb"},"inLanguage":"ja","potentialAction":[{"@type":"ReadAction","target":["https:\/\/zenkit.com\/ja\/%e3%82%a4%e3%83%b3%e3%83%86%e3%82%b0%e3%83%ac%e3%83%bc%e3%82%b7%e3%83%a7%e3%83%b3\/gmail\/"]}]},{"@type":"ImageObject","inLanguage":"ja","@id":"https:\/\/zenkit.com\/ja\/%e3%82%a4%e3%83%b3%e3%83%86%e3%82%b0%e3%83%ac%e3%83%bc%e3%82%b7%e3%83%a7%e3%83%b3\/gmail\/#primaryimage","url":"https:\/\/zenkit.com\/wp-content\/uploads\/2025\/07\/Gmail-logo.webp","contentUrl":"https:\/\/zenkit.com\/wp-content\/uploads\/2025\/07\/Gmail-logo.webp"},{"@type":"BreadcrumbList","@id":"https:\/\/zenkit.com\/ja\/%e3%82%a4%e3%83%b3%e3%83%86%e3%82%b0%e3%83%ac%e3%83%bc%e3%82%b7%e3%83%a7%e3%83%b3\/gmail\/#breadcrumb","itemListElement":[{"@type":"ListItem","position":1,"name":"Home","item":"https:\/\/zenkit.com\/ja\/"},{"@type":"ListItem","position":2,"name":"\u30a4\u30f3\u30c6\u30b0\u30ec\u30fc\u30b7\u30e7\u30f3","item":"https:\/\/zenkit.com\/ja\/%e3%82%a4%e3%83%b3%e3%83%86%e3%82%b0%e3%83%ac%e3%83%bc%e3%82%b7%e3%83%a7%e3%83%b3\/"},{"@type":"ListItem","position":3,"name":"Gmail"}]},{"@type":"WebSite","@id":"https:\/\/zenkit.com\/ja\/#website","url":"https:\/\/zenkit.com\/ja\/","name":"Zenkit","description":"Zenkit Tagline","potentialAction":[{"@type":"SearchAction","target":{"@type":"EntryPoint","urlTemplate":"https:\/\/zenkit.com\/ja\/?s={search_term_string}"},"query-input":{"@type":"PropertyValueSpecification","valueRequired":true,"valueName":"search_term_string"}}],"inLanguage":"ja"},false]}},"yasr_visitor_votes":{"stars_attributes":{"read_only":false,"span_bottom":false},"number_of_votes":0,"sum_votes":0},"_links":{"self":[{"href":"https:\/\/zenkit.com\/ja\/wp-json\/wp\/v2\/pages\/144998","targetHints":{"allow":["GET"]}}],"collection":[{"href":"https:\/\/zenkit.com\/ja\/wp-json\/wp\/v2\/pages"}],"about":[{"href":"https:\/\/zenkit.com\/ja\/wp-json\/wp\/v2\/types\/page"}],"author":[{"embeddable":true,"href":"https:\/\/zenkit.com\/ja\/wp-json\/wp\/v2\/users\/15"}],"replies":[{"embeddable":true,"href":"https:\/\/zenkit.com\/ja\/wp-json\/wp\/v2\/comments?post=144998"}],"version-history":[{"count":0,"href":"https:\/\/zenkit.com\/ja\/wp-json\/wp\/v2\/pages\/144998\/revisions"}],"up":[{"embeddable":true,"href":"https:\/\/zenkit.com\/ja\/wp-json\/wp\/v2\/pages\/144955"}],"wp:attachment":[{"href":"https:\/\/zenkit.com\/ja\/wp-json\/wp\/v2\/media?parent=144998"}],"curies":[{"name":"wp","href":"https:\/\/api.w.org\/{rel}","templated":true}]}}