{"id":145020,"date":"2022-08-31T09:38:37","date_gmt":"2022-08-31T07:38:37","guid":{"rendered":"https:\/\/zenkit.com\/integrationen\/slack\/"},"modified":"2025-11-04T06:53:18","modified_gmt":"2025-11-04T05:53:18","slug":"slack","status":"publish","type":"page","link":"https:\/\/zenkit.com\/ja\/%e3%82%a4%e3%83%b3%e3%83%86%e3%82%b0%e3%83%ac%e3%83%bc%e3%82%b7%e3%83%a7%e3%83%b3\/slack\/","title":{"rendered":"Slack"},"content":{"rendered":"\n<div style=\"height:45px;--tablet-height:45px;--mobile-height:16px\" class=\"wp-block-lookeen-blocks-responsive-spacer\"><\/div>\n\n\n\n<div class=\"wp-block-group has-global-padding is-layout-constrained wp-block-group-is-layout-constrained\">\n<div class=\"wp-block-columns is-layout-flex wp-container-core-columns-is-layout-467d341d wp-block-columns-is-layout-flex\" id=\"main__integrations\" style=\"margin-top:0px;margin-bottom:0px\">\n<div class=\"wp-block-column side__bar__integrations is-layout-flow wp-block-column-is-layout-flow\" style=\"flex-basis:23%\">\n<h2 class=\"wp-block-heading has-da-blue-color-new has-text-color has-link-color wp-elements-f6647053efb5a39a55ebfe51ce4770c6\" style=\"margin-top:0px;margin-bottom:0px;font-size:16px;line-height:1.5\">\u30b3\u30df\u30e5\u30cb\u30b1\u30fc\u30b7\u30e7\u30f3\u7d71\u5408<\/h2>\n\n\n<nav class=\"is-vertical integrations__menu wp-block-navigation is-layout-flex wp-container-core-navigation-is-layout-5f9f5280 wp-block-navigation-is-layout-flex\" aria-label=\"ja-integrations-communication\"><ul class=\"wp-block-navigation__container  is-vertical integrations__menu wp-block-navigation\"><li class=\" wp-block-navigation-item wp-block-navigation-link\"><a class=\"wp-block-navigation-item__content\"  href=\"https:\/\/zenkit.com\/ja\/%E3%82%A4%E3%83%B3%E3%83%86%E3%82%B0%E3%83%AC%E3%83%BC%E3%82%B7%E3%83%A7%E3%83%B3\/microsoft-teams\/\"><span class=\"wp-block-navigation-item__label\">Microsoft Teams<\/span><\/a><\/li><li class=\" wp-block-navigation-item wp-block-navigation-link\"><a class=\"wp-block-navigation-item__content\"  href=\"https:\/\/zenkit.com\/ja\/%E3%82%A4%E3%83%B3%E3%83%86%E3%82%B0%E3%83%AC%E3%83%BC%E3%82%B7%E3%83%A7%E3%83%B3\/slack\/\"><span class=\"wp-block-navigation-item__label\">Slack<\/span><\/a><\/li><\/ul><\/nav><\/div>\n\n\n\n<div class=\"wp-block-column content__integrations is-layout-flow wp-block-column-is-layout-flow\" style=\"flex-basis:77%\">\n<div class=\"wp-block-group has-global-padding is-layout-constrained wp-block-group-is-layout-constrained\">\n<div class=\"wp-block-group title is-layout-flex wp-container-core-group-is-layout-ed4b00df wp-block-group-is-layout-flex\">\n<figure class=\"wp-block-image size-full is-resized\"><img loading=\"lazy\" decoding=\"async\" width=\"400\" height=\"401\" src=\"https:\/\/zenkit.com\/wp-content\/uploads\/2025\/07\/slack-new-logo.webp\" alt=\"Slack Logo\" class=\"wp-image-118296\" style=\"width:auto;height:46px\" srcset=\"https:\/\/zenkit.com\/wp-content\/uploads\/2025\/07\/slack-new-logo.webp 400w, https:\/\/zenkit.com\/wp-content\/uploads\/2025\/07\/slack-new-logo-300x300.webp 300w, https:\/\/zenkit.com\/wp-content\/uploads\/2025\/07\/slack-new-logo-150x150.webp 150w\" sizes=\"auto, (max-width: 400px) 100vw, 400px\" \/><\/figure>\n\n\n\n<h1 class=\"wp-block-heading\">Slack\u3068\u306e\u30a4\u30f3\u30c6\u30b0\u30ec\u30fc\u30b7\u30e7\u30f3<\/h1>\n<\/div>\n\n\n\n<div class=\"wp-block-group has-global-padding is-layout-constrained wp-block-group-is-layout-constrained\">\n<p>Zenkit\u3092Slack\u3068\u63a5\u7d9a\u3057\u3066\u30d7\u30ed\u30b8\u30a7\u30af\u30c8\u306e\u6700\u65b0\u72b6\u6cc1\u306b\u30ad\u30e3\u30c3\u30c1\u30a2\u30c3\u30d7\u3002\u5171\u540c\u4f5c\u696d\u3092\u5186\u6ed1\u306b\u9032\u3081\u307e\u3057\u3087\u3046\u3002<\/p>\n<\/div>\n<\/div>\n\n\n\n<div style=\"height:48px;--tablet-height:36px;--mobile-height:24px\" class=\"wp-block-lookeen-blocks-responsive-spacer\"><\/div>\n\n\n\n<div class=\"wp-block-group has-global-padding is-layout-constrained wp-block-group-is-layout-constrained\">\n<h3 class=\"wp-block-heading display-h2\">Slack\u30a4\u30f3\u30c6\u30b0\u30ec\u30fc\u30b7\u30e7\u30f3\u306b\u3064\u3044\u3066<\/h3>\n\n\n\n<p>\u3053\u306eZapier\u30a4\u30f3\u30c6\u30b0\u30ec\u30fc\u30b7\u30e7\u30f3\u306fSlack\u3092Zenkit\u3068\u63a5\u7d9a\u3057\u3001Zenkit\u306e\u30b3\u30ec\u30af\u30b7\u30e7\u30f3\u3084\u30a2\u30a4\u30c6\u30e0\u306e\u66f4\u65b0\u901a\u77e5\u3092Slack\u3067\u53d7\u3051\u53d6\u3063\u305f\u308a\u3001Slack\u304b\u3089Zenkit\u3067\u306e\u30bf\u30b9\u30af\u4f5c\u6210\u3092\u3057\u305f\u308a\u3001\u4ed6\u306b\u3082\u591a\u304f\u306e\u3053\u3068\u304c\u3067\u304d\u308b\u3088\u3046\u306b\u306a\u308a\u307e\u3059\u3002<\/p>\n<\/div>\n\n\n\n<div style=\"height:48px;--tablet-height:36px;--mobile-height:24px\" class=\"wp-block-lookeen-blocks-responsive-spacer\"><\/div>\n\n\n\n<div class=\"wp-block-group has-global-padding is-layout-constrained wp-block-group-is-layout-constrained\">\n<h3 class=\"wp-block-heading display-h2\">Slack\u3068Zenkit\u3092\u63a5\u7d9a\u3059\u308b<\/h3>\n\n\n\n<ol class=\"wp-block-list list__style__position-inside\">\n<li>Zapier\u306e<a href=\"https:\/\/zapier.com\/sign-up\/\">\u30a2\u30ab\u30a6\u30f3\u30c8\u3092\u4f5c\u6210<\/a>&nbsp;\u3057\u307e\u3059\u3002<\/li>\n\n\n\n<li>Slack\u3067<a href=\"https:\/\/slack.com\/create\">\u30c1\u30fc\u30e0\u3092\u4f5c\u6210<\/a>&nbsp;\u3057\u3001\u30e1\u30f3\u30d0\u30fc\u3092\u62db\u5f85\u3057\u3066\u304f\u3060\u3055\u3044\u3002\uff08\u3042\u308b\u3044\u306f\u65e2\u5b58\u306eSlack\u30c1\u30fc\u30e0\u306b\u62db\u5f85\u3057\u3066\u3082\u3089\u3048\u308b\u3088\u3046\u4f9d\u983c\u3057\u3066\u304f\u3060\u3055\u3044\uff09<\/li>\n\n\n\n<li>Zapier\u306b\u30ed\u30b0\u30a4\u30f3\u3057\u3001&nbsp;<a href=\"https:\/\/zapier.com\/zapbook\/zenkit\/slack\">Zenkit + Slack Zapbook&nbsp;<\/a>\u304b\u3089Zap\u30c6\u30f3\u30d7\u30ec\u30fc\u30c8\u898b\u3064\u3051\u3066\u304f\u3060\u3055\u3044\u3002<\/li>\n\n\n\n<li>\u307e\u305f\u306f\u65b0\u898fZap\u306e\u4f5c\u6210\u6642\u306bZenkit\u3068Slack\u30a4\u30f3\u30c6\u30b0\u30ec\u30fc\u30b7\u30e7\u30f3\u306e\u4f5c\u6210\u3092\u9078\u629e\u3057\u3066\u72ec\u81ea\u306b\u4f5c\u6210\u3057\u307e\u3059\u3002<\/li>\n<\/ol>\n<\/div>\n\n\n\n<div style=\"height:48px;--tablet-height:36px;--mobile-height:24px\" class=\"wp-block-lookeen-blocks-responsive-spacer\"><\/div>\n\n\n\n<div class=\"wp-block-group has-global-padding is-layout-constrained wp-block-group-is-layout-constrained\">\n<h3 class=\"wp-block-heading display-h2\">\u30a4\u30f3\u30c6\u30b0\u30ec\u30fc\u30b7\u30e7\u30f3\u306e\u63d0\u6848<\/h3>\n\n\n\n<script type=\"text\/javascript\" src=\"https:\/\/zapier.com\/zapbook\/embed\/widget.js?guided_zaps=15900\"><\/script>\n\n\n\n<div style=\"margin-top:0px;margin-bottom:0px;height:24px\" aria-hidden=\"true\" class=\"wp-block-spacer\"><\/div>\n\n\n\n<script type=\"text\/javascript\" src=\"https:\/\/zapier.com\/zapbook\/embed\/widget.js?guided_zaps=15910\"><\/script>\n\n\n\n<div style=\"margin-top:0px;margin-bottom:0px;height:24px\" aria-hidden=\"true\" class=\"wp-block-spacer\"><\/div>\n\n\n\n<script type=\"text\/javascript\" src=\"https:\/\/zapier.com\/zapbook\/embed\/widget.js?guided_zaps=15901\"><\/script>\n\n\n\n<div style=\"margin-top:0px;margin-bottom:0px;height:24px\" aria-hidden=\"true\" class=\"wp-block-spacer\"><\/div>\n\n\n\n<script type=\"text\/javascript\" src=\"https:\/\/zapier.com\/zapbook\/embed\/widget.js?guided_zaps=15718\"><\/script>\n<\/div>\n\n\n\n<div style=\"height:48px;--tablet-height:36px;--mobile-height:24px\" class=\"wp-block-lookeen-blocks-responsive-spacer\"><\/div>\n\n\n\n<div class=\"wp-block-group has-global-padding is-layout-constrained wp-block-group-is-layout-constrained\">\n<h3 class=\"wp-block-heading display-h2\">\u30b5\u30dd\u30fc\u30c8<\/h3>\n\n\n\n<p>\u3053\u306e\u30a4\u30f3\u30c6\u30b0\u30ec\u30fc\u30b7\u30e7\u30f3\u306fZapier\u306b\u3088\u3063\u3066\u30b5\u30dd\u30fc\u30c8\u3055\u308c\u3066\u3044\u307e\u3059\u3002\u30c7\u30fc\u30bf\u3092\u554f\u984c\u304c\u767a\u751f\u3057\u305f\u5834\u5408\u306f\u3001&nbsp;<a href=\"https:\/\/zapier.com\/help\/contact-us\/\">Zapier\u306e\u30b5\u30dd\u30fc\u30c8<\/a>\u306b\u304a\u554f\u3044\u5408\u308f\u305b\u304f\u3060\u3055\u3044\u3002Zapier\u3067\u306eZenkit\u306e\u4f7f\u3044\u65b9\u306b\u95a2\u3059\u308b\u8a73\u7d30\u306b\u3064\u3044\u3066\u306f&nbsp;<a href=\"https:\/\/zenkit.com\/documentation#\/lists\/HJQBQ1Hw\/sections\/SJYE55zA\/entries\/BJGOKQtA?_k=hyyynn\">\u30c9\u30ad\u30e5\u30e1\u30f3\u30c8<\/a>\u3092\u53c2\u7167\u3057\u3066\u304f\u3060\u3055\u3044\u3002<\/p>\n<\/div>\n<\/div>\n<\/div>\n<\/div>\n\n\n\n<div style=\"height:110px;--tablet-height:60px;--mobile-height:48px\" class=\"wp-block-lookeen-blocks-responsive-spacer\"><\/div>\n","protected":false},"excerpt":{"rendered":"<p>\u30b3\u30df\u30e5\u30cb\u30b1\u30fc\u30b7\u30e7\u30f3\u7d71\u5408 Slack\u3068\u306e\u30a4\u30f3\u30c6\u30b0\u30ec\u30fc\u30b7\u30e7\u30f3 Zenkit\u3092Slack\u3068\u63a5\u7d9a\u3057\u3066\u30d7\u30ed\u30b8\u30a7\u30af\u30c8\u306e\u6700\u65b0\u72b6\u6cc1\u306b\u30ad\u30e3\u30c3\u30c1\u30a2\u30c3\u30d7\u3002\u5171\u540c\u4f5c\u696d\u3092\u5186\u6ed1\u306b\u9032\u3081\u307e\u3057\u3087\u3046\u3002 Slack\u30a4\u30f3\u30c6\u30b0\u30ec\u30fc\u30b7\u30e7\u30f3\u306b\u3064\u3044\u3066 \u3053\u306eZapier\u30a4 [&hellip;]<\/p>\n","protected":false},"author":15,"featured_media":0,"parent":144955,"menu_order":27,"comment_status":"closed","ping_status":"closed","template":"","meta":{"yasr_overall_rating":0,"yasr_post_is_review":"","yasr_auto_insert_disabled":"","yasr_review_type":"","footnotes":""},"class_list":["post-145020","page","type-page","status-publish","hentry"],"yoast_head":"<!-- This site is optimized with the Yoast SEO plugin v27.3 - https:\/\/yoast.com\/product\/yoast-seo-wordpress\/ -->\n<title>Zenkit Projects + Slack Integration<\/title>\n<meta name=\"description\" content=\"Sie m\u00f6chten Ihre Daten von Slack automatisch f\u00fcr weitere Aufgaben verwenden? Erfahren Sie jetzt mehr \u00fcber die Integration von Slack und Zenkit Projects.\" \/>\n<meta name=\"robots\" content=\"index, follow, max-snippet:-1, max-image-preview:large, max-video-preview:-1\" \/>\n<link rel=\"canonical\" href=\"https:\/\/zenkit.com\/ja\/%e3%82%a4%e3%83%b3%e3%83%86%e3%82%b0%e3%83%ac%e3%83%bc%e3%82%b7%e3%83%a7%e3%83%b3\/slack\/\" \/>\n<meta property=\"og:locale\" content=\"ja_JP\" \/>\n<meta property=\"og:type\" content=\"article\" \/>\n<meta property=\"og:title\" content=\"Zenkit Projects + Slack Integration\" \/>\n<meta property=\"og:description\" content=\"Sie m\u00f6chten Ihre Daten von Slack automatisch f\u00fcr weitere Aufgaben verwenden? Erfahren Sie jetzt mehr \u00fcber die Integration von Slack und Zenkit Projects.\" \/>\n<meta property=\"og:url\" content=\"https:\/\/zenkit.com\/ja\/%e3%82%a4%e3%83%b3%e3%83%86%e3%82%b0%e3%83%ac%e3%83%bc%e3%82%b7%e3%83%a7%e3%83%b3\/slack\/\" \/>\n<meta property=\"og:site_name\" content=\"Zenkit\" \/>\n<meta property=\"article:publisher\" content=\"https:\/\/www.facebook.com\/ZenkitHQ\" \/>\n<meta property=\"article:modified_time\" content=\"2025-11-04T05:53:18+00:00\" \/>\n<meta property=\"og:image\" content=\"https:\/\/zenkit.com\/wp-content\/uploads\/2025\/07\/slack-new-logo.webp\" \/>\n<meta name=\"twitter:card\" content=\"summary_large_image\" \/>\n<meta name=\"twitter:site\" content=\"@ZenkitHQ\" \/>\n<script type=\"application\/ld+json\" class=\"yoast-schema-graph\">{\"@context\":\"https:\\\/\\\/schema.org\",\"@graph\":[{\"@type\":\"WebPage\",\"@id\":\"https:\\\/\\\/zenkit.com\\\/ja\\\/%e3%82%a4%e3%83%b3%e3%83%86%e3%82%b0%e3%83%ac%e3%83%bc%e3%82%b7%e3%83%a7%e3%83%b3\\\/slack\\\/\",\"url\":\"https:\\\/\\\/zenkit.com\\\/ja\\\/%e3%82%a4%e3%83%b3%e3%83%86%e3%82%b0%e3%83%ac%e3%83%bc%e3%82%b7%e3%83%a7%e3%83%b3\\\/slack\\\/\",\"name\":\"Zenkit Projects + Slack Integration\",\"isPartOf\":{\"@id\":\"https:\\\/\\\/zenkit.com\\\/ja\\\/#website\"},\"primaryImageOfPage\":{\"@id\":\"https:\\\/\\\/zenkit.com\\\/ja\\\/%e3%82%a4%e3%83%b3%e3%83%86%e3%82%b0%e3%83%ac%e3%83%bc%e3%82%b7%e3%83%a7%e3%83%b3\\\/slack\\\/#primaryimage\"},\"image\":{\"@id\":\"https:\\\/\\\/zenkit.com\\\/ja\\\/%e3%82%a4%e3%83%b3%e3%83%86%e3%82%b0%e3%83%ac%e3%83%bc%e3%82%b7%e3%83%a7%e3%83%b3\\\/slack\\\/#primaryimage\"},\"thumbnailUrl\":\"https:\\\/\\\/zenkit.com\\\/wp-content\\\/uploads\\\/2025\\\/07\\\/slack-new-logo.webp\",\"datePublished\":\"2022-08-31T07:38:37+00:00\",\"dateModified\":\"2025-11-04T05:53:18+00:00\",\"description\":\"Sie m\u00f6chten Ihre Daten von Slack automatisch f\u00fcr weitere Aufgaben verwenden? Erfahren Sie jetzt mehr \u00fcber die Integration von Slack und Zenkit Projects.\",\"breadcrumb\":{\"@id\":\"https:\\\/\\\/zenkit.com\\\/ja\\\/%e3%82%a4%e3%83%b3%e3%83%86%e3%82%b0%e3%83%ac%e3%83%bc%e3%82%b7%e3%83%a7%e3%83%b3\\\/slack\\\/#breadcrumb\"},\"inLanguage\":\"ja\",\"potentialAction\":[{\"@type\":\"ReadAction\",\"target\":[\"https:\\\/\\\/zenkit.com\\\/ja\\\/%e3%82%a4%e3%83%b3%e3%83%86%e3%82%b0%e3%83%ac%e3%83%bc%e3%82%b7%e3%83%a7%e3%83%b3\\\/slack\\\/\"]}]},{\"@type\":\"ImageObject\",\"inLanguage\":\"ja\",\"@id\":\"https:\\\/\\\/zenkit.com\\\/ja\\\/%e3%82%a4%e3%83%b3%e3%83%86%e3%82%b0%e3%83%ac%e3%83%bc%e3%82%b7%e3%83%a7%e3%83%b3\\\/slack\\\/#primaryimage\",\"url\":\"https:\\\/\\\/zenkit.com\\\/wp-content\\\/uploads\\\/2025\\\/07\\\/slack-new-logo.webp\",\"contentUrl\":\"https:\\\/\\\/zenkit.com\\\/wp-content\\\/uploads\\\/2025\\\/07\\\/slack-new-logo.webp\"},{\"@type\":\"BreadcrumbList\",\"@id\":\"https:\\\/\\\/zenkit.com\\\/ja\\\/%e3%82%a4%e3%83%b3%e3%83%86%e3%82%b0%e3%83%ac%e3%83%bc%e3%82%b7%e3%83%a7%e3%83%b3\\\/slack\\\/#breadcrumb\",\"itemListElement\":[{\"@type\":\"ListItem\",\"position\":1,\"name\":\"Home\",\"item\":\"https:\\\/\\\/zenkit.com\\\/ja\\\/\"},{\"@type\":\"ListItem\",\"position\":2,\"name\":\"\u30a4\u30f3\u30c6\u30b0\u30ec\u30fc\u30b7\u30e7\u30f3\",\"item\":\"https:\\\/\\\/zenkit.com\\\/ja\\\/%e3%82%a4%e3%83%b3%e3%83%86%e3%82%b0%e3%83%ac%e3%83%bc%e3%82%b7%e3%83%a7%e3%83%b3\\\/\"},{\"@type\":\"ListItem\",\"position\":3,\"name\":\"Slack\"}]},{\"@type\":\"WebSite\",\"@id\":\"https:\\\/\\\/zenkit.com\\\/ja\\\/#website\",\"url\":\"https:\\\/\\\/zenkit.com\\\/ja\\\/\",\"name\":\"Zenkit\",\"description\":\"Zenkit Tagline\",\"potentialAction\":[{\"@type\":\"SearchAction\",\"target\":{\"@type\":\"EntryPoint\",\"urlTemplate\":\"https:\\\/\\\/zenkit.com\\\/ja\\\/?s={search_term_string}\"},\"query-input\":{\"@type\":\"PropertyValueSpecification\",\"valueRequired\":true,\"valueName\":\"search_term_string\"}}],\"inLanguage\":\"ja\"},false]}<\/script>\n<!-- \/ Yoast SEO plugin. -->","yoast_head_json":{"title":"Zenkit Projects + Slack Integration","description":"Sie m\u00f6chten Ihre Daten von Slack automatisch f\u00fcr weitere Aufgaben verwenden? Erfahren Sie jetzt mehr \u00fcber die Integration von Slack und Zenkit Projects.","robots":{"index":"index","follow":"follow","max-snippet":"max-snippet:-1","max-image-preview":"max-image-preview:large","max-video-preview":"max-video-preview:-1"},"canonical":"https:\/\/zenkit.com\/ja\/%e3%82%a4%e3%83%b3%e3%83%86%e3%82%b0%e3%83%ac%e3%83%bc%e3%82%b7%e3%83%a7%e3%83%b3\/slack\/","og_locale":"ja_JP","og_type":"article","og_title":"Zenkit Projects + Slack Integration","og_description":"Sie m\u00f6chten Ihre Daten von Slack automatisch f\u00fcr weitere Aufgaben verwenden? Erfahren Sie jetzt mehr \u00fcber die Integration von Slack und Zenkit Projects.","og_url":"https:\/\/zenkit.com\/ja\/%e3%82%a4%e3%83%b3%e3%83%86%e3%82%b0%e3%83%ac%e3%83%bc%e3%82%b7%e3%83%a7%e3%83%b3\/slack\/","og_site_name":"Zenkit","article_publisher":"https:\/\/www.facebook.com\/ZenkitHQ","article_modified_time":"2025-11-04T05:53:18+00:00","og_image":[{"url":"https:\/\/zenkit.com\/wp-content\/uploads\/2025\/07\/slack-new-logo.webp","type":"","width":"","height":""}],"twitter_card":"summary_large_image","twitter_site":"@ZenkitHQ","schema":{"@context":"https:\/\/schema.org","@graph":[{"@type":"WebPage","@id":"https:\/\/zenkit.com\/ja\/%e3%82%a4%e3%83%b3%e3%83%86%e3%82%b0%e3%83%ac%e3%83%bc%e3%82%b7%e3%83%a7%e3%83%b3\/slack\/","url":"https:\/\/zenkit.com\/ja\/%e3%82%a4%e3%83%b3%e3%83%86%e3%82%b0%e3%83%ac%e3%83%bc%e3%82%b7%e3%83%a7%e3%83%b3\/slack\/","name":"Zenkit Projects + Slack Integration","isPartOf":{"@id":"https:\/\/zenkit.com\/ja\/#website"},"primaryImageOfPage":{"@id":"https:\/\/zenkit.com\/ja\/%e3%82%a4%e3%83%b3%e3%83%86%e3%82%b0%e3%83%ac%e3%83%bc%e3%82%b7%e3%83%a7%e3%83%b3\/slack\/#primaryimage"},"image":{"@id":"https:\/\/zenkit.com\/ja\/%e3%82%a4%e3%83%b3%e3%83%86%e3%82%b0%e3%83%ac%e3%83%bc%e3%82%b7%e3%83%a7%e3%83%b3\/slack\/#primaryimage"},"thumbnailUrl":"https:\/\/zenkit.com\/wp-content\/uploads\/2025\/07\/slack-new-logo.webp","datePublished":"2022-08-31T07:38:37+00:00","dateModified":"2025-11-04T05:53:18+00:00","description":"Sie m\u00f6chten Ihre Daten von Slack automatisch f\u00fcr weitere Aufgaben verwenden? Erfahren Sie jetzt mehr \u00fcber die Integration von Slack und Zenkit Projects.","breadcrumb":{"@id":"https:\/\/zenkit.com\/ja\/%e3%82%a4%e3%83%b3%e3%83%86%e3%82%b0%e3%83%ac%e3%83%bc%e3%82%b7%e3%83%a7%e3%83%b3\/slack\/#breadcrumb"},"inLanguage":"ja","potentialAction":[{"@type":"ReadAction","target":["https:\/\/zenkit.com\/ja\/%e3%82%a4%e3%83%b3%e3%83%86%e3%82%b0%e3%83%ac%e3%83%bc%e3%82%b7%e3%83%a7%e3%83%b3\/slack\/"]}]},{"@type":"ImageObject","inLanguage":"ja","@id":"https:\/\/zenkit.com\/ja\/%e3%82%a4%e3%83%b3%e3%83%86%e3%82%b0%e3%83%ac%e3%83%bc%e3%82%b7%e3%83%a7%e3%83%b3\/slack\/#primaryimage","url":"https:\/\/zenkit.com\/wp-content\/uploads\/2025\/07\/slack-new-logo.webp","contentUrl":"https:\/\/zenkit.com\/wp-content\/uploads\/2025\/07\/slack-new-logo.webp"},{"@type":"BreadcrumbList","@id":"https:\/\/zenkit.com\/ja\/%e3%82%a4%e3%83%b3%e3%83%86%e3%82%b0%e3%83%ac%e3%83%bc%e3%82%b7%e3%83%a7%e3%83%b3\/slack\/#breadcrumb","itemListElement":[{"@type":"ListItem","position":1,"name":"Home","item":"https:\/\/zenkit.com\/ja\/"},{"@type":"ListItem","position":2,"name":"\u30a4\u30f3\u30c6\u30b0\u30ec\u30fc\u30b7\u30e7\u30f3","item":"https:\/\/zenkit.com\/ja\/%e3%82%a4%e3%83%b3%e3%83%86%e3%82%b0%e3%83%ac%e3%83%bc%e3%82%b7%e3%83%a7%e3%83%b3\/"},{"@type":"ListItem","position":3,"name":"Slack"}]},{"@type":"WebSite","@id":"https:\/\/zenkit.com\/ja\/#website","url":"https:\/\/zenkit.com\/ja\/","name":"Zenkit","description":"Zenkit Tagline","potentialAction":[{"@type":"SearchAction","target":{"@type":"EntryPoint","urlTemplate":"https:\/\/zenkit.com\/ja\/?s={search_term_string}"},"query-input":{"@type":"PropertyValueSpecification","valueRequired":true,"valueName":"search_term_string"}}],"inLanguage":"ja"},false]}},"yasr_visitor_votes":{"stars_attributes":{"read_only":false,"span_bottom":false},"number_of_votes":0,"sum_votes":0},"_links":{"self":[{"href":"https:\/\/zenkit.com\/ja\/wp-json\/wp\/v2\/pages\/145020","targetHints":{"allow":["GET"]}}],"collection":[{"href":"https:\/\/zenkit.com\/ja\/wp-json\/wp\/v2\/pages"}],"about":[{"href":"https:\/\/zenkit.com\/ja\/wp-json\/wp\/v2\/types\/page"}],"author":[{"embeddable":true,"href":"https:\/\/zenkit.com\/ja\/wp-json\/wp\/v2\/users\/15"}],"replies":[{"embeddable":true,"href":"https:\/\/zenkit.com\/ja\/wp-json\/wp\/v2\/comments?post=145020"}],"version-history":[{"count":2,"href":"https:\/\/zenkit.com\/ja\/wp-json\/wp\/v2\/pages\/145020\/revisions"}],"predecessor-version":[{"id":152728,"href":"https:\/\/zenkit.com\/ja\/wp-json\/wp\/v2\/pages\/145020\/revisions\/152728"}],"up":[{"embeddable":true,"href":"https:\/\/zenkit.com\/ja\/wp-json\/wp\/v2\/pages\/144955"}],"wp:attachment":[{"href":"https:\/\/zenkit.com\/ja\/wp-json\/wp\/v2\/media?parent=145020"}],"curies":[{"name":"wp","href":"https:\/\/api.w.org\/{rel}","templated":true}]}}