{"id":145036,"date":"2021-12-03T17:08:27","date_gmt":"2021-12-03T16:08:27","guid":{"rendered":"https:\/\/zenkit.com\/integrationen\/tmetric\/"},"modified":"2025-11-04T06:53:18","modified_gmt":"2025-11-04T05:53:18","slug":"tmetric","status":"publish","type":"page","link":"https:\/\/zenkit.com\/ja\/%e3%82%a4%e3%83%b3%e3%83%86%e3%82%b0%e3%83%ac%e3%83%bc%e3%82%b7%e3%83%a7%e3%83%b3\/tmetric\/","title":{"rendered":"TMetric"},"content":{"rendered":"\n<div style=\"height:45px;--tablet-height:45px;--mobile-height:16px\" class=\"wp-block-lookeen-blocks-responsive-spacer\"><\/div>\n\n\n\n<div class=\"wp-block-group has-global-padding is-layout-constrained wp-block-group-is-layout-constrained\">\n<div class=\"wp-block-columns is-layout-flex wp-container-core-columns-is-layout-467d341d wp-block-columns-is-layout-flex\" id=\"main__integrations\" style=\"margin-top:0px;margin-bottom:0px\">\n<div class=\"wp-block-column side__bar__integrations is-layout-flow wp-block-column-is-layout-flow\" style=\"flex-basis:23%\">\n<h2 class=\"wp-block-heading has-da-blue-color-new has-text-color has-link-color wp-elements-2e2400f444864f104e93bd7bb162f133\" style=\"margin-top:0px;margin-bottom:0px;font-size:16px;line-height:1.5\">\u30bf\u30a4\u30e0\u30c8\u30e9\u30c3\u30ad\u30f3\u30b0\u306e\u7d71\u5408<\/h2>\n\n\n<nav class=\"is-vertical integrations__menu wp-block-navigation is-layout-flex wp-container-core-navigation-is-layout-5f9f5280 wp-block-navigation-is-layout-flex\" aria-label=\"ja-integrations-timetracking\"><ul class=\"wp-block-navigation__container  is-vertical integrations__menu wp-block-navigation\"><li class=\" wp-block-navigation-item wp-block-navigation-link\"><a class=\"wp-block-navigation-item__content\"  href=\"https:\/\/zenkit.com\/ja\/%E3%82%A4%E3%83%B3%E3%83%86%E3%82%B0%E3%83%AC%E3%83%BC%E3%82%B7%E3%83%A7%E3%83%B3\/clicktime\/\"><span class=\"wp-block-navigation-item__label\">ClickTime<\/span><\/a><\/li><li class=\" wp-block-navigation-item wp-block-navigation-link\"><a class=\"wp-block-navigation-item__content\"  href=\"https:\/\/zenkit.com\/ja\/%E3%82%A4%E3%83%B3%E3%83%86%E3%82%B0%E3%83%AC%E3%83%BC%E3%82%B7%E3%83%A7%E3%83%B3\/clockify\/\"><span class=\"wp-block-navigation-item__label\">Clockify<\/span><\/a><\/li><li class=\" wp-block-navigation-item wp-block-navigation-link\"><a class=\"wp-block-navigation-item__content\"  href=\"https:\/\/zenkit.com\/ja\/%E3%82%A4%E3%83%B3%E3%83%86%E3%82%B0%E3%83%AC%E3%83%BC%E3%82%B7%E3%83%A7%E3%83%B3\/desktime\/\"><span class=\"wp-block-navigation-item__label\">DeskTime<\/span><\/a><\/li><li class=\" wp-block-navigation-item wp-block-navigation-link\"><a class=\"wp-block-navigation-item__content\"  href=\"https:\/\/zenkit.com\/ja\/%E3%82%A4%E3%83%B3%E3%83%86%E3%82%B0%E3%83%AC%E3%83%BC%E3%82%B7%E3%83%A7%E3%83%B3\/everhour\/\"><span class=\"wp-block-navigation-item__label\">Everhour<\/span><\/a><\/li><li class=\" wp-block-navigation-item wp-block-navigation-link\"><a class=\"wp-block-navigation-item__content\"  href=\"https:\/\/zenkit.com\/ja\/%E3%82%A4%E3%83%B3%E3%83%86%E3%82%B0%E3%83%AC%E3%83%BC%E3%82%B7%E3%83%A7%E3%83%B3\/pomodoneapp\/\"><span class=\"wp-block-navigation-item__label\">PomoDoneApp<\/span><\/a><\/li><li class=\" wp-block-navigation-item wp-block-navigation-link\"><a class=\"wp-block-navigation-item__content\"  href=\"https:\/\/zenkit.com\/ja\/%E3%82%A4%E3%83%B3%E3%83%86%E3%82%B0%E3%83%AC%E3%83%BC%E3%82%B7%E3%83%A7%E3%83%B3\/timecamp\/\"><span class=\"wp-block-navigation-item__label\">TimeCamp<\/span><\/a><\/li><li class=\" wp-block-navigation-item wp-block-navigation-link\"><a class=\"wp-block-navigation-item__content\"  href=\"https:\/\/zenkit.com\/ja\/%E3%82%A4%E3%83%B3%E3%83%86%E3%82%B0%E3%83%AC%E3%83%BC%E3%82%B7%E3%83%A7%E3%83%B3\/time-doctor\/\"><span class=\"wp-block-navigation-item__label\">Time Doctor<\/span><\/a><\/li><li class=\" wp-block-navigation-item wp-block-navigation-link\"><a class=\"wp-block-navigation-item__content\"  href=\"https:\/\/zenkit.com\/ja\/%E3%82%A4%E3%83%B3%E3%83%86%E3%82%B0%E3%83%AC%E3%83%BC%E3%82%B7%E3%83%A7%E3%83%B3\/timeneye\/\"><span class=\"wp-block-navigation-item__label\">Timeneye<\/span><\/a><\/li><li class=\" wp-block-navigation-item wp-block-navigation-link\"><a class=\"wp-block-navigation-item__content\"  href=\"https:\/\/zenkit.com\/ja\/%E3%82%A4%E3%83%B3%E3%83%86%E3%82%B0%E3%83%AC%E3%83%BC%E3%82%B7%E3%83%A7%E3%83%B3\/tmetric\/\"><span class=\"wp-block-navigation-item__label\">TMetric<\/span><\/a><\/li><li class=\" wp-block-navigation-item wp-block-navigation-link\"><a class=\"wp-block-navigation-item__content\"  href=\"https:\/\/zenkit.com\/ja\/%E3%82%A4%E3%83%B3%E3%83%86%E3%82%B0%E3%83%AC%E3%83%BC%E3%82%B7%E3%83%A7%E3%83%B3\/toggl-track\/\"><span class=\"wp-block-navigation-item__label\">Toggl Track<\/span><\/a><\/li><\/ul><\/nav><\/div>\n\n\n\n<div class=\"wp-block-column content__integrations is-layout-flow wp-block-column-is-layout-flow\" style=\"flex-basis:77%\">\n<div class=\"wp-block-group has-global-padding is-layout-constrained wp-block-group-is-layout-constrained\">\n<div class=\"wp-block-group title is-layout-flex wp-container-core-group-is-layout-ed4b00df wp-block-group-is-layout-flex\">\n<figure class=\"wp-block-image size-full is-resized\"><img loading=\"lazy\" decoding=\"async\" width=\"512\" height=\"512\" src=\"https:\/\/zenkit.com\/wp-content\/uploads\/2025\/07\/unnamed.webp\" alt=\"TMetric Logo\" class=\"wp-image-117528\" style=\"width:auto;height:46px\" srcset=\"https:\/\/zenkit.com\/wp-content\/uploads\/2025\/07\/unnamed.webp 512w, https:\/\/zenkit.com\/wp-content\/uploads\/2025\/07\/unnamed-300x300.webp 300w, https:\/\/zenkit.com\/wp-content\/uploads\/2025\/07\/unnamed-150x150.webp 150w\" sizes=\"auto, (max-width: 512px) 100vw, 512px\" \/><\/figure>\n\n\n\n<h1 class=\"wp-block-heading\">TMetric\u3068\u306e\u30a4\u30f3\u30c6\u30b0\u30ec\u30fc\u30b7\u30e7\u30f3<\/h1>\n<\/div>\n\n\n\n<div class=\"wp-block-group has-global-padding is-layout-constrained wp-block-group-is-layout-constrained\">\n<h3 class=\"wp-block-heading display-h2\">TMetric\u3092Zenkit\u3068\u9023\u643a\u3057\u307e\u3057\u3087\u3046<\/h3>\n\n\n\n<p>TMetric\u3068\u9023\u643a\u3057\u3066Zenkit\u306e\u30bf\u30b9\u30af\u306b\u8cbb\u3084\u3057\u305f\u6642\u9593\u3092\u30c8\u30e9\u30c3\u30ad\u30f3\u30b0\u3057\u3001\u30c1\u30fc\u30e0\u306e\u751f\u7523\u6027\u3092\u500d\u5897\u3057\u307e\u3057\u3087\u3046\u3002<\/p>\n<\/div>\n\n\n\n<div style=\"height:48px;--tablet-height:36px;--mobile-height:24px\" class=\"wp-block-lookeen-blocks-responsive-spacer\"><\/div>\n<\/div>\n\n\n\n<div class=\"wp-block-group has-global-padding is-layout-constrained wp-block-group-is-layout-constrained\">\n<figure class=\"wp-block-video\"><video controls src=\"https:\/\/zenkit.com\/wp-content\/uploads\/2019\/03\/Time-tracking-with-TMetric.-Quick-service-presentation.mp4\"><\/video><\/figure>\n<\/div>\n\n\n\n<div style=\"height:48px;--tablet-height:36px;--mobile-height:24px\" class=\"wp-block-lookeen-blocks-responsive-spacer\"><\/div>\n\n\n\n<figure class=\"wp-block-image size-large\"><img loading=\"lazy\" decoding=\"async\" width=\"1024\" height=\"623\" src=\"https:\/\/zenkit.com\/wp-content\/uploads\/2025\/07\/home_timetracking_image-1-1024x623.webp\" alt=\"TMetric\u3092Zenkit\u3068\u9023\u643a\u3057\u307e\u3057\u3087\u3046\" class=\"wp-image-117540\" srcset=\"https:\/\/zenkit.com\/wp-content\/uploads\/2025\/07\/home_timetracking_image-1-1024x623.webp 1024w, https:\/\/zenkit.com\/wp-content\/uploads\/2025\/07\/home_timetracking_image-1-300x182.webp 300w, https:\/\/zenkit.com\/wp-content\/uploads\/2025\/07\/home_timetracking_image-1-768x467.webp 768w, https:\/\/zenkit.com\/wp-content\/uploads\/2025\/07\/home_timetracking_image-1.webp 1184w\" sizes=\"auto, (max-width: 1024px) 100vw, 1024px\" \/><\/figure>\n\n\n\n<div style=\"height:48px;--tablet-height:36px;--mobile-height:24px\" class=\"wp-block-lookeen-blocks-responsive-spacer\"><\/div>\n\n\n\n<div class=\"wp-block-group has-global-padding is-layout-constrained wp-block-group-is-layout-constrained\">\n<h3 class=\"wp-block-heading display-h2\">TMetric\u306b\u3064\u3044\u3066<\/h3>\n\n\n\n<p><a href=\"https:\/\/tmetric.com\/\">TMetric<\/a>&nbsp;\u306f\u30d5\u30ea\u30fc\u30e9\u30f3\u30b9\u3001\u307e\u305f\u306f\u898f\u6a21\u3092\u554f\u308f\u305a\u7d44\u7e54\u3067\u5229\u7528\u3067\u304d\u308b\u3001\u7121\u6599\u306e\u30aa\u30f3\u30e9\u30a4\u30f3\u6642\u9593\u30c8\u30e9\u30c3\u30ad\u30f3\u30b0\u30b5\u30fc\u30d3\u30b9\u3067\u3059\u3002TMetric\u3092\u4f7f\u3046\u3068\u30ea\u30e2\u30fc\u30c8\u3067\u4f5c\u696d\u3059\u308b\u30c1\u30fc\u30e0\u304c\u30bf\u30b9\u30af\u3084\u30a2\u30af\u30c6\u30a3\u30d3\u30c6\u30a3\u306b\u8cbb\u3084\u3057\u305f\u6642\u9593\u3092\u78ba\u8a8d\u3057\u3001\u30d7\u30ed\u30b8\u30a7\u30af\u30c8\u306b\u4e88\u7b97\u3092\u8a2d\u5b9a\u3059\u308b\u3053\u3068\u304c\u3067\u304d\u307e\u3059\u3002\u307e\u305f\u3001\u30bf\u30b9\u30af\u3084\u30af\u30e9\u30a4\u30a2\u30f3\u30c8\u3001\u30d7\u30ed\u30b8\u30a7\u30af\u30c8\u3084\u30e1\u30f3\u30d0\u30fc\u306b\u30ec\u30fc\u30c8\u3092\u3064\u3051\u305f\u308a\u3001\u30bf\u30a4\u30e0\u30e9\u30a4\u30f3\u4e0a\u3067\u52e4\u52d9\u65e5\u3092\u78ba\u8a8d\u3057\u305f\u308a\u3001\u6642\u9593\u3084\u4eba\u4ef6\u8cbb\u306b\u95a2\u3059\u308b\u8a73\u7d30\u306a\u30ec\u30dd\u30fc\u30c8\u3092\u53d6\u5f97\u3057\u305f\u308a\u3067\u304d\u307e\u3059\u3002\u3055\u3089\u306b\u3001TMetric\u306b\u306f50\u4ee5\u4e0a\u306e\u30b5\u30fc\u30d3\u30b9\u3068\u306e\u9023\u643a\u304c\u7528\u610f\u3055\u308c\u3066\u3044\u307e\u3059\u3002API\u3092\u5229\u7528\u3059\u308c\u3070\u72ec\u81ea\u306e\u30a4\u30f3\u30c6\u30b0\u30ec\u30fc\u30b7\u30e7\u30f3\u3092\u5b9f\u73fe\u3059\u308b\u3053\u3068\u3082\u53ef\u80fd\u3067\u3059\u3002TMetric\u306f\u3059\u3079\u3066\u306e\u30d7\u30e9\u30c3\u30c8\u30d5\u30a9\u30fc\u30e0\u3067\u5229\u7528\u53ef\u80fd\u3067\u3059\u3002\u8a73\u3057\u304f\u306fWeb\u30b5\u30a4\u30c8\u3092\u3054\u89a7\u304f\u3060\u3055\u3044:&nbsp;<a href=\"https:\/\/tmetric.com\/features\">https:\/\/tmetric.com\/features<\/a><\/p>\n<\/div>\n\n\n\n<div style=\"height:48px;--tablet-height:36px;--mobile-height:24px\" class=\"wp-block-lookeen-blocks-responsive-spacer\"><\/div>\n\n\n\n<div class=\"wp-block-group has-global-padding is-layout-constrained wp-block-group-is-layout-constrained\">\n<h3 class=\"wp-block-heading display-h2\">TMetric\u3068Zenkit\u3092\u9023\u643a\u3059\u308b\u306b\u306f<\/h3>\n\n\n\n<p><a href=\"https:\/\/tmetric.com\/\">TMetric<\/a>&nbsp;\u306f\u30d5\u30ea\u30fc\u30e9\u30f3\u30b9\u3001\u307e\u305f\u306f\u898f\u6a21\u3092\u554f\u308f\u305a\u7d44\u7e54\u3067\u5229\u7528\u3067\u304d\u308b\u3001\u7121\u6599\u306e\u30aa\u30f3\u30e9\u30a4\u30f3\u6642\u9593\u30c8\u30e9\u30c3\u30ad\u30f3\u30b0\u30b5\u30fc\u30d3\u30b9\u3067\u3059\u3002TMetric\u3092\u4f7f\u3046\u3068\u30ea\u30e2\u30fc\u30c8\u3067\u4f5c\u696d\u3059\u308b\u30c1\u30fc\u30e0\u304c\u30bf\u30b9\u30af\u3084\u30a2\u30af\u30c6\u30a3\u30d3\u30c6\u30a3\u306b\u8cbb\u3084\u3057\u305f\u6642\u9593\u3092\u78ba\u8a8d\u3057\u3001\u30d7\u30ed\u30b8\u30a7\u30af\u30c8\u306b\u4e88\u7b97\u3092\u8a2d\u5b9a\u3059\u308b\u3053\u3068\u304c\u3067\u304d\u307e\u3059\u3002\u307e\u305f\u3001\u30bf\u30b9\u30af\u3084\u30af\u30e9\u30a4\u30a2\u30f3\u30c8\u3001\u30d7\u30ed\u30b8\u30a7\u30af\u30c8\u3084\u30e1\u30f3\u30d0\u30fc\u306b\u30ec\u30fc\u30c8\u3092\u3064\u3051\u305f\u308a\u3001\u30bf\u30a4\u30e0\u30e9\u30a4\u30f3\u4e0a\u3067\u52e4\u52d9\u65e5\u3092\u78ba\u8a8d\u3057\u305f\u308a\u3001\u6642\u9593\u3084\u4eba\u4ef6\u8cbb\u306b\u95a2\u3059\u308b\u8a73\u7d30\u306a\u30ec\u30dd\u30fc\u30c8\u3092\u53d6\u5f97\u3057\u305f\u308a\u3067\u304d\u307e\u3059\u3002\u3055\u3089\u306b\u3001TMetric\u306b\u306f50\u4ee5\u4e0a\u306e\u30b5\u30fc\u30d3\u30b9\u3068\u306e\u9023\u643a\u304c\u7528\u610f\u3055\u308c\u3066\u3044\u307e\u3059\u3002API\u3092\u5229\u7528\u3059\u308c\u3070\u72ec\u81ea\u306e\u30a4\u30f3\u30c6\u30b0\u30ec\u30fc\u30b7\u30e7\u30f3\u3092\u5b9f\u73fe\u3059\u308b\u3053\u3068\u3082\u53ef\u80fd\u3067\u3059\u3002TMetric\u306f\u3059\u3079\u3066\u306e\u30d7\u30e9\u30c3\u30c8\u30d5\u30a9\u30fc\u30e0\u3067\u5229\u7528\u53ef\u80fd\u3067\u3059\u3002\u8a73\u3057\u304f\u306fWeb\u30b5\u30a4\u30c8\u3092\u3054\u89a7\u304f\u3060\u3055\u3044:&nbsp;<a href=\"https:\/\/tmetric.com\/features\">https:\/\/tmetric.com\/features<\/a><\/p>\n<\/div>\n\n\n\n<div style=\"height:48px;--tablet-height:36px;--mobile-height:24px\" class=\"wp-block-lookeen-blocks-responsive-spacer\"><\/div>\n\n\n\n<div class=\"wp-block-group has-global-padding is-layout-constrained wp-block-group-is-layout-constrained\">\n<h3 class=\"wp-block-heading display-h2\">TMetric\u3068Zenkit\u3092\u9023\u643a\u3059\u308b\u306b\u306f<\/h3>\n\n\n\n<ol class=\"wp-block-list list__style__position-inside\">\n<li>Zapier\u306b\u30a2\u30af\u30bb\u30b9\u3057\u3001<a href=\"https:\/\/zapier.com\/sign-up\/\">\u30a2\u30ab\u30a6\u30f3\u30c8\u3092\u4f5c\u6210<\/a>&nbsp;\u3057\u307e\u3059\u3002<\/li>\n\n\n\n<li>TMetric\u306e<a href=\"https:\/\/id.tmetric.com\/core\/register?signin=54eca4fa18ccdac75107000b7a78785b#_ga=2.119755848.1119230110.1551685959-924661716.1502978625\">\u30a2\u30ab\u30a6\u30f3\u30c8\u3092\u4f5c\u6210<\/a>&nbsp;\u3057\u307e\u3059\u3002<\/li>\n\n\n\n<li>Zapier\u306b\u30ed\u30b0\u30a4\u30f3\u3057\u3001&nbsp;<a href=\"https:\/\/zapier.com\/apps\/zenkit\/integrations\/tmetric\">Zenkit + TMetric Zapbook&nbsp;<\/a>\u306eZap\u30c6\u30f3\u30d7\u30ec\u30fc\u30c8\u3092\u958b\u304d\u307e\u3059\u3002<\/li>\n\n\n\n<li>\u307e\u305f\u306fZap\u306e\u4f5c\u6210\u6642\u306bZenkit\u3068TMetric\u3092\u9078\u629e\u3057\u3001\u81ea\u5206\u3067\u9023\u643a\u3092\u8a2d\u5b9a\u3057\u307e\u3059\u3002<\/li>\n<\/ol>\n\n\n\n<script type=\"text\/javascript\" src=\"https:\/\/zapier.com\/apps\/embed\/widget.js?guided_zaps= 40661\"><\/script>\n<\/div>\n\n\n\n<div style=\"height:48px;--tablet-height:36px;--mobile-height:24px\" class=\"wp-block-lookeen-blocks-responsive-spacer\"><\/div>\n\n\n\n<div class=\"wp-block-group has-global-padding is-layout-constrained wp-block-group-is-layout-constrained\">\n<h3 class=\"wp-block-heading display-h2\">\u30b5\u30dd\u30fc\u30c8\u306b\u3064\u3044\u3066<\/h3>\n\n\n\n<p>\u3053\u306e\u30a4\u30f3\u30c6\u30b0\u30ec\u30fc\u30b7\u30e7\u30f3\u306fZapier\u306b\u3088\u308a\u30b5\u30dd\u30fc\u30c8\u3055\u308c\u3066\u3044\u307e\u3059\u3002\u554f\u984c\u304c\u767a\u751f\u3057\u305f\u969b\u306f\u3001&nbsp;<a href=\"https:\/\/zapier.com\/help\/contact-us\/\">Zapier\u306e\u30b5\u30dd\u30fc\u30c8<\/a>\u307e\u3067\u304a\u554f\u3044\u5408\u308f\u305b\u304f\u3060\u3055\u3044\u3002Zenkit\u306eZapier\u30a4\u30f3\u30c6\u30b0\u30ec\u30fc\u30b7\u30e7\u30f3\u306b\u3064\u3044\u3066\u306e\u8a73\u7d30\u306f\u3001&nbsp;<a href=\"https:\/\/zenkit.com\/documentation#\/lists\/HJQBQ1Hw\/sections\/SJYE55zA\/entries\/BJGOKQtA?_k=hyyynn\">\u30c9\u30ad\u30e5\u30e1\u30f3\u30c8<\/a>&nbsp;\u3092\u3054\u89a7\u304f\u3060\u3055\u3044\u3002<br><a href=\"mailto:support@tmetric.com\">TMetric\u306e\u30b5\u30dd\u30fc\u30c8\u306b\u9023\u7d61\u3059\u308b\u306b\u306f\u3053\u3061\u3089\u306b\u30e1\u30fc\u30eb\u3092\u304a\u9001\u308a\u304f\u3060\u3055\u3044\u3002<\/a><\/p>\n<\/div>\n<\/div>\n<\/div>\n<\/div>\n\n\n\n<div style=\"height:110px;--tablet-height:60px;--mobile-height:48px\" class=\"wp-block-lookeen-blocks-responsive-spacer\"><\/div>\n","protected":false},"excerpt":{"rendered":"<p>\u30bf\u30a4\u30e0\u30c8\u30e9\u30c3\u30ad\u30f3\u30b0\u306e\u7d71\u5408 TMetric\u3068\u306e\u30a4\u30f3\u30c6\u30b0\u30ec\u30fc\u30b7\u30e7\u30f3 TMetric\u3092Zenkit\u3068\u9023\u643a\u3057\u307e\u3057\u3087\u3046 TMetric\u3068\u9023\u643a\u3057\u3066Zenkit\u306e\u30bf\u30b9\u30af\u306b\u8cbb\u3084\u3057\u305f\u6642\u9593\u3092\u30c8\u30e9\u30c3\u30ad\u30f3\u30b0\u3057\u3001\u30c1\u30fc\u30e0\u306e\u751f\u7523\u6027\u3092\u500d\u5897\u3057\u307e\u3057\u3087\u3046\u3002  [&hellip;]<\/p>\n","protected":false},"author":15,"featured_media":0,"parent":144955,"menu_order":30,"comment_status":"closed","ping_status":"closed","template":"","meta":{"yasr_overall_rating":0,"yasr_post_is_review":"","yasr_auto_insert_disabled":"","yasr_review_type":"","footnotes":""},"class_list":["post-145036","page","type-page","status-publish","hentry"],"yoast_head":"<!-- This site is optimized with the Yoast SEO plugin v27.4 - https:\/\/yoast.com\/product\/yoast-seo-wordpress\/ -->\n<title>TMetric | Zenkit<\/title>\n<meta name=\"description\" content=\"Sie m\u00f6chten Ihre Daten von TMetric automatisch f\u00fcr weitere Aufgaben verwenden? Erfahren Sie jetzt mehr \u00fcber die Integration von TMetric und Zenkit Projects.\" \/>\n<meta name=\"robots\" content=\"index, follow, max-snippet:-1, max-image-preview:large, max-video-preview:-1\" \/>\n<link rel=\"canonical\" href=\"https:\/\/zenkit.com\/ja\/%e3%82%a4%e3%83%b3%e3%83%86%e3%82%b0%e3%83%ac%e3%83%bc%e3%82%b7%e3%83%a7%e3%83%b3\/tmetric\/\" \/>\n<meta property=\"og:locale\" content=\"ja_JP\" \/>\n<meta property=\"og:type\" content=\"article\" \/>\n<meta property=\"og:title\" content=\"TMetric | Zenkit\" \/>\n<meta property=\"og:description\" content=\"Sie m\u00f6chten Ihre Daten von TMetric automatisch f\u00fcr weitere Aufgaben verwenden? Erfahren Sie jetzt mehr \u00fcber die Integration von TMetric und Zenkit Projects.\" \/>\n<meta property=\"og:url\" content=\"https:\/\/zenkit.com\/ja\/%e3%82%a4%e3%83%b3%e3%83%86%e3%82%b0%e3%83%ac%e3%83%bc%e3%82%b7%e3%83%a7%e3%83%b3\/tmetric\/\" \/>\n<meta property=\"og:site_name\" content=\"Zenkit\" \/>\n<meta property=\"article:publisher\" content=\"https:\/\/www.facebook.com\/ZenkitHQ\" \/>\n<meta property=\"article:modified_time\" content=\"2025-11-04T05:53:18+00:00\" \/>\n<meta property=\"og:image\" content=\"https:\/\/zenkit.com\/wp-content\/uploads\/2025\/07\/unnamed.webp\" \/>\n<meta name=\"twitter:card\" content=\"summary_large_image\" \/>\n<meta name=\"twitter:site\" content=\"@ZenkitHQ\" \/>\n<script type=\"application\/ld+json\" class=\"yoast-schema-graph\">{\"@context\":\"https:\\\/\\\/schema.org\",\"@graph\":[{\"@type\":\"WebPage\",\"@id\":\"https:\\\/\\\/zenkit.com\\\/ja\\\/%e3%82%a4%e3%83%b3%e3%83%86%e3%82%b0%e3%83%ac%e3%83%bc%e3%82%b7%e3%83%a7%e3%83%b3\\\/tmetric\\\/\",\"url\":\"https:\\\/\\\/zenkit.com\\\/ja\\\/%e3%82%a4%e3%83%b3%e3%83%86%e3%82%b0%e3%83%ac%e3%83%bc%e3%82%b7%e3%83%a7%e3%83%b3\\\/tmetric\\\/\",\"name\":\"TMetric | Zenkit\",\"isPartOf\":{\"@id\":\"https:\\\/\\\/zenkit.com\\\/ja\\\/#website\"},\"primaryImageOfPage\":{\"@id\":\"https:\\\/\\\/zenkit.com\\\/ja\\\/%e3%82%a4%e3%83%b3%e3%83%86%e3%82%b0%e3%83%ac%e3%83%bc%e3%82%b7%e3%83%a7%e3%83%b3\\\/tmetric\\\/#primaryimage\"},\"image\":{\"@id\":\"https:\\\/\\\/zenkit.com\\\/ja\\\/%e3%82%a4%e3%83%b3%e3%83%86%e3%82%b0%e3%83%ac%e3%83%bc%e3%82%b7%e3%83%a7%e3%83%b3\\\/tmetric\\\/#primaryimage\"},\"thumbnailUrl\":\"https:\\\/\\\/zenkit.com\\\/wp-content\\\/uploads\\\/2025\\\/07\\\/unnamed.webp\",\"datePublished\":\"2021-12-03T16:08:27+00:00\",\"dateModified\":\"2025-11-04T05:53:18+00:00\",\"description\":\"Sie m\u00f6chten Ihre Daten von TMetric automatisch f\u00fcr weitere Aufgaben verwenden? Erfahren Sie jetzt mehr \u00fcber die Integration von TMetric und Zenkit Projects.\",\"breadcrumb\":{\"@id\":\"https:\\\/\\\/zenkit.com\\\/ja\\\/%e3%82%a4%e3%83%b3%e3%83%86%e3%82%b0%e3%83%ac%e3%83%bc%e3%82%b7%e3%83%a7%e3%83%b3\\\/tmetric\\\/#breadcrumb\"},\"inLanguage\":\"ja\",\"potentialAction\":[{\"@type\":\"ReadAction\",\"target\":[\"https:\\\/\\\/zenkit.com\\\/ja\\\/%e3%82%a4%e3%83%b3%e3%83%86%e3%82%b0%e3%83%ac%e3%83%bc%e3%82%b7%e3%83%a7%e3%83%b3\\\/tmetric\\\/\"]}]},{\"@type\":\"ImageObject\",\"inLanguage\":\"ja\",\"@id\":\"https:\\\/\\\/zenkit.com\\\/ja\\\/%e3%82%a4%e3%83%b3%e3%83%86%e3%82%b0%e3%83%ac%e3%83%bc%e3%82%b7%e3%83%a7%e3%83%b3\\\/tmetric\\\/#primaryimage\",\"url\":\"https:\\\/\\\/zenkit.com\\\/wp-content\\\/uploads\\\/2025\\\/07\\\/unnamed.webp\",\"contentUrl\":\"https:\\\/\\\/zenkit.com\\\/wp-content\\\/uploads\\\/2025\\\/07\\\/unnamed.webp\"},{\"@type\":\"BreadcrumbList\",\"@id\":\"https:\\\/\\\/zenkit.com\\\/ja\\\/%e3%82%a4%e3%83%b3%e3%83%86%e3%82%b0%e3%83%ac%e3%83%bc%e3%82%b7%e3%83%a7%e3%83%b3\\\/tmetric\\\/#breadcrumb\",\"itemListElement\":[{\"@type\":\"ListItem\",\"position\":1,\"name\":\"Home\",\"item\":\"https:\\\/\\\/zenkit.com\\\/ja\\\/\"},{\"@type\":\"ListItem\",\"position\":2,\"name\":\"\u30a4\u30f3\u30c6\u30b0\u30ec\u30fc\u30b7\u30e7\u30f3\",\"item\":\"https:\\\/\\\/zenkit.com\\\/ja\\\/%e3%82%a4%e3%83%b3%e3%83%86%e3%82%b0%e3%83%ac%e3%83%bc%e3%82%b7%e3%83%a7%e3%83%b3\\\/\"},{\"@type\":\"ListItem\",\"position\":3,\"name\":\"TMetric\"}]},{\"@type\":\"WebSite\",\"@id\":\"https:\\\/\\\/zenkit.com\\\/ja\\\/#website\",\"url\":\"https:\\\/\\\/zenkit.com\\\/ja\\\/\",\"name\":\"Zenkit\",\"description\":\"Zenkit Tagline\",\"potentialAction\":[{\"@type\":\"SearchAction\",\"target\":{\"@type\":\"EntryPoint\",\"urlTemplate\":\"https:\\\/\\\/zenkit.com\\\/ja\\\/?s={search_term_string}\"},\"query-input\":{\"@type\":\"PropertyValueSpecification\",\"valueRequired\":true,\"valueName\":\"search_term_string\"}}],\"inLanguage\":\"ja\"},false]}<\/script>\n<!-- \/ Yoast SEO plugin. -->","yoast_head_json":{"title":"TMetric | Zenkit","description":"Sie m\u00f6chten Ihre Daten von TMetric automatisch f\u00fcr weitere Aufgaben verwenden? Erfahren Sie jetzt mehr \u00fcber die Integration von TMetric und Zenkit Projects.","robots":{"index":"index","follow":"follow","max-snippet":"max-snippet:-1","max-image-preview":"max-image-preview:large","max-video-preview":"max-video-preview:-1"},"canonical":"https:\/\/zenkit.com\/ja\/%e3%82%a4%e3%83%b3%e3%83%86%e3%82%b0%e3%83%ac%e3%83%bc%e3%82%b7%e3%83%a7%e3%83%b3\/tmetric\/","og_locale":"ja_JP","og_type":"article","og_title":"TMetric | Zenkit","og_description":"Sie m\u00f6chten Ihre Daten von TMetric automatisch f\u00fcr weitere Aufgaben verwenden? Erfahren Sie jetzt mehr \u00fcber die Integration von TMetric und Zenkit Projects.","og_url":"https:\/\/zenkit.com\/ja\/%e3%82%a4%e3%83%b3%e3%83%86%e3%82%b0%e3%83%ac%e3%83%bc%e3%82%b7%e3%83%a7%e3%83%b3\/tmetric\/","og_site_name":"Zenkit","article_publisher":"https:\/\/www.facebook.com\/ZenkitHQ","article_modified_time":"2025-11-04T05:53:18+00:00","og_image":[{"url":"https:\/\/zenkit.com\/wp-content\/uploads\/2025\/07\/unnamed.webp","type":"","width":"","height":""}],"twitter_card":"summary_large_image","twitter_site":"@ZenkitHQ","schema":{"@context":"https:\/\/schema.org","@graph":[{"@type":"WebPage","@id":"https:\/\/zenkit.com\/ja\/%e3%82%a4%e3%83%b3%e3%83%86%e3%82%b0%e3%83%ac%e3%83%bc%e3%82%b7%e3%83%a7%e3%83%b3\/tmetric\/","url":"https:\/\/zenkit.com\/ja\/%e3%82%a4%e3%83%b3%e3%83%86%e3%82%b0%e3%83%ac%e3%83%bc%e3%82%b7%e3%83%a7%e3%83%b3\/tmetric\/","name":"TMetric | Zenkit","isPartOf":{"@id":"https:\/\/zenkit.com\/ja\/#website"},"primaryImageOfPage":{"@id":"https:\/\/zenkit.com\/ja\/%e3%82%a4%e3%83%b3%e3%83%86%e3%82%b0%e3%83%ac%e3%83%bc%e3%82%b7%e3%83%a7%e3%83%b3\/tmetric\/#primaryimage"},"image":{"@id":"https:\/\/zenkit.com\/ja\/%e3%82%a4%e3%83%b3%e3%83%86%e3%82%b0%e3%83%ac%e3%83%bc%e3%82%b7%e3%83%a7%e3%83%b3\/tmetric\/#primaryimage"},"thumbnailUrl":"https:\/\/zenkit.com\/wp-content\/uploads\/2025\/07\/unnamed.webp","datePublished":"2021-12-03T16:08:27+00:00","dateModified":"2025-11-04T05:53:18+00:00","description":"Sie m\u00f6chten Ihre Daten von TMetric automatisch f\u00fcr weitere Aufgaben verwenden? Erfahren Sie jetzt mehr \u00fcber die Integration von TMetric und Zenkit Projects.","breadcrumb":{"@id":"https:\/\/zenkit.com\/ja\/%e3%82%a4%e3%83%b3%e3%83%86%e3%82%b0%e3%83%ac%e3%83%bc%e3%82%b7%e3%83%a7%e3%83%b3\/tmetric\/#breadcrumb"},"inLanguage":"ja","potentialAction":[{"@type":"ReadAction","target":["https:\/\/zenkit.com\/ja\/%e3%82%a4%e3%83%b3%e3%83%86%e3%82%b0%e3%83%ac%e3%83%bc%e3%82%b7%e3%83%a7%e3%83%b3\/tmetric\/"]}]},{"@type":"ImageObject","inLanguage":"ja","@id":"https:\/\/zenkit.com\/ja\/%e3%82%a4%e3%83%b3%e3%83%86%e3%82%b0%e3%83%ac%e3%83%bc%e3%82%b7%e3%83%a7%e3%83%b3\/tmetric\/#primaryimage","url":"https:\/\/zenkit.com\/wp-content\/uploads\/2025\/07\/unnamed.webp","contentUrl":"https:\/\/zenkit.com\/wp-content\/uploads\/2025\/07\/unnamed.webp"},{"@type":"BreadcrumbList","@id":"https:\/\/zenkit.com\/ja\/%e3%82%a4%e3%83%b3%e3%83%86%e3%82%b0%e3%83%ac%e3%83%bc%e3%82%b7%e3%83%a7%e3%83%b3\/tmetric\/#breadcrumb","itemListElement":[{"@type":"ListItem","position":1,"name":"Home","item":"https:\/\/zenkit.com\/ja\/"},{"@type":"ListItem","position":2,"name":"\u30a4\u30f3\u30c6\u30b0\u30ec\u30fc\u30b7\u30e7\u30f3","item":"https:\/\/zenkit.com\/ja\/%e3%82%a4%e3%83%b3%e3%83%86%e3%82%b0%e3%83%ac%e3%83%bc%e3%82%b7%e3%83%a7%e3%83%b3\/"},{"@type":"ListItem","position":3,"name":"TMetric"}]},{"@type":"WebSite","@id":"https:\/\/zenkit.com\/ja\/#website","url":"https:\/\/zenkit.com\/ja\/","name":"Zenkit","description":"Zenkit Tagline","potentialAction":[{"@type":"SearchAction","target":{"@type":"EntryPoint","urlTemplate":"https:\/\/zenkit.com\/ja\/?s={search_term_string}"},"query-input":{"@type":"PropertyValueSpecification","valueRequired":true,"valueName":"search_term_string"}}],"inLanguage":"ja"},false]}},"yasr_visitor_votes":{"stars_attributes":{"read_only":false,"span_bottom":false},"number_of_votes":0,"sum_votes":0},"_links":{"self":[{"href":"https:\/\/zenkit.com\/ja\/wp-json\/wp\/v2\/pages\/145036","targetHints":{"allow":["GET"]}}],"collection":[{"href":"https:\/\/zenkit.com\/ja\/wp-json\/wp\/v2\/pages"}],"about":[{"href":"https:\/\/zenkit.com\/ja\/wp-json\/wp\/v2\/types\/page"}],"author":[{"embeddable":true,"href":"https:\/\/zenkit.com\/ja\/wp-json\/wp\/v2\/users\/15"}],"replies":[{"embeddable":true,"href":"https:\/\/zenkit.com\/ja\/wp-json\/wp\/v2\/comments?post=145036"}],"version-history":[{"count":3,"href":"https:\/\/zenkit.com\/ja\/wp-json\/wp\/v2\/pages\/145036\/revisions"}],"predecessor-version":[{"id":152714,"href":"https:\/\/zenkit.com\/ja\/wp-json\/wp\/v2\/pages\/145036\/revisions\/152714"}],"up":[{"embeddable":true,"href":"https:\/\/zenkit.com\/ja\/wp-json\/wp\/v2\/pages\/144955"}],"wp:attachment":[{"href":"https:\/\/zenkit.com\/ja\/wp-json\/wp\/v2\/media?parent=145036"}],"curies":[{"name":"wp","href":"https:\/\/api.w.org\/{rel}","templated":true}]}}