{"id":144971,"date":"2021-12-22T16:48:13","date_gmt":"2021-12-22T15:48:13","guid":{"rendered":"https:\/\/zenkit.com\/integrationen\/box\/"},"modified":"2025-11-04T06:53:18","modified_gmt":"2025-11-04T05:53:18","slug":"box","status":"publish","type":"page","link":"https:\/\/zenkit.com\/ko\/integrations\/box\/","title":{"rendered":"Box"},"content":{"rendered":"\n<div style=\"height:45px;--tablet-height:45px;--mobile-height:16px\" class=\"wp-block-lookeen-blocks-responsive-spacer\"><\/div>\n\n\n\n<div class=\"wp-block-group has-global-padding is-layout-constrained wp-block-group-is-layout-constrained\">\n<div class=\"wp-block-columns is-layout-flex wp-container-core-columns-is-layout-467d341d wp-block-columns-is-layout-flex\" id=\"main__integrations\" style=\"margin-top:0px;margin-bottom:0px\">\n<div class=\"wp-block-column side__bar__integrations is-layout-flow wp-block-column-is-layout-flow\" style=\"flex-basis:23%\">\n<h2 class=\"wp-block-heading has-da-blue-color-new has-text-color has-link-color wp-elements-13d5a74ca8eb170ed93b716ab81ce796\" style=\"margin-top:0px;margin-bottom:0px;font-size:16px;line-height:1.5\">File Sharing Integrationen<\/h2>\n\n\n<nav class=\"is-vertical integrations__menu wp-block-navigation is-layout-flex wp-container-core-navigation-is-layout-5f9f5280 wp-block-navigation-is-layout-flex\" aria-label=\"ko-integrations-file-sharing\"><ul class=\"wp-block-navigation__container  is-vertical integrations__menu wp-block-navigation\"><li class=\" wp-block-navigation-item wp-block-navigation-link\"><a class=\"wp-block-navigation-item__content\"  href=\"https:\/\/zenkit.com\/ko\/integrations\/box\/\"><span class=\"wp-block-navigation-item__label\">Box<\/span><\/a><\/li><li class=\" wp-block-navigation-item wp-block-navigation-link\"><a class=\"wp-block-navigation-item__content\"  href=\"https:\/\/zenkit.com\/ko\/integrations\/dropbox\/\"><span class=\"wp-block-navigation-item__label\">Dropbox<\/span><\/a><\/li><li class=\" wp-block-navigation-item wp-block-navigation-link\"><a class=\"wp-block-navigation-item__content\"  href=\"https:\/\/zenkit.com\/ko\/integrations\/googledrive\/\"><span class=\"wp-block-navigation-item__label\">Google Drive<\/span><\/a><\/li><\/ul><\/nav><\/div>\n\n\n\n<div class=\"wp-block-column content__integrations is-layout-flow wp-block-column-is-layout-flow\" style=\"flex-basis:77%\">\n<div class=\"wp-block-group title is-layout-flex wp-container-core-group-is-layout-ed4b00df wp-block-group-is-layout-flex\">\n<figure class=\"wp-block-image size-full is-resized\"><img loading=\"lazy\" decoding=\"async\" width=\"625\" height=\"625\" src=\"https:\/\/zenkit.com\/wp-content\/uploads\/2025\/07\/box-logo.webp\" alt=\"\" class=\"wp-image-118321\" style=\"width:auto;height:46px\" srcset=\"https:\/\/zenkit.com\/wp-content\/uploads\/2025\/07\/box-logo.webp 625w, https:\/\/zenkit.com\/wp-content\/uploads\/2025\/07\/box-logo-300x300.webp 300w, https:\/\/zenkit.com\/wp-content\/uploads\/2025\/07\/box-logo-150x150.webp 150w\" sizes=\"auto, (max-width: 625px) 100vw, 625px\" \/><\/figure>\n\n\n\n<h1 class=\"wp-block-heading\">\ubc15\uc2a4(Box) &amp; \uc820\ud0a4\ud2b8<\/h1>\n<\/div>\n\n\n\n<div class=\"wp-block-group has-global-padding is-layout-constrained wp-block-group-is-layout-constrained\">\n<p>\uc820\ud0a4\ud2b8\uc5d0\uc11c \uc9c1\uc811 Box \uacc4\uc815\uc5d0 \uc800\uc7a5\ub41c \ubb38\uc11c\uc5d0 \uc811\uc18d\ud558\uc5ec \ud30c\uc77c\ub4e4\uc744 \uc2e0\uc18d\ud558\uac8c item\uc5d0 \ucca8\ubd80\ud574\ubcf4\uc138\uc694.<\/p>\n<\/div>\n\n\n\n<div style=\"height:48px;--tablet-height:36px;--mobile-height:24px\" class=\"wp-block-lookeen-blocks-responsive-spacer\"><\/div>\n\n\n\n<div class=\"wp-block-group has-global-padding is-layout-constrained wp-container-core-group-is-layout-1026f38c wp-block-group-is-layout-constrained\">\n<figure class=\"wp-block-image size-full\" style=\"margin-top:0px;margin-bottom:0px\"><img loading=\"lazy\" decoding=\"async\" width=\"225\" height=\"360\" src=\"https:\/\/zenkit.com\/wp-content\/uploads\/2025\/07\/zenkit_press_screenshots.webp\" alt=\"\" class=\"wp-image-118333\" srcset=\"https:\/\/zenkit.com\/wp-content\/uploads\/2025\/07\/zenkit_press_screenshots.webp 225w, https:\/\/zenkit.com\/wp-content\/uploads\/2025\/07\/zenkit_press_screenshots-188x300.webp 188w\" sizes=\"auto, (max-width: 225px) 100vw, 225px\" \/><\/figure>\n\n\n\n<figure class=\"wp-block-image size-full\"><img loading=\"lazy\" decoding=\"async\" width=\"700\" height=\"505\" src=\"https:\/\/zenkit.com\/wp-content\/uploads\/2025\/07\/box_integration.webp\" alt=\"\" class=\"wp-image-118343\" srcset=\"https:\/\/zenkit.com\/wp-content\/uploads\/2025\/07\/box_integration.webp 700w, https:\/\/zenkit.com\/wp-content\/uploads\/2025\/07\/box_integration-300x216.webp 300w\" sizes=\"auto, (max-width: 700px) 100vw, 700px\" \/><\/figure>\n<\/div>\n\n\n\n<div style=\"height:48px;--tablet-height:36px;--mobile-height:24px\" class=\"wp-block-lookeen-blocks-responsive-spacer\"><\/div>\n\n\n\n<div class=\"wp-block-group has-global-padding is-layout-constrained wp-block-group-is-layout-constrained\">\n<h3 class=\"wp-block-heading display-h2\">\ubc15\uc2a4(Box)\uc640 \uc820\ud0a4\ud2b8 \uc5f0\uacb0\ud558\uae30<\/h3>\n\n\n\n<ol class=\"wp-block-list  list__style__position-inside\">\n<li>\ubc15\uc2a4\uc5d0&nbsp;<a href=\"https:\/\/www.box.com\/en-gb\/home\" target=\"_blank\" rel=\"noreferrer noopener\">\uac00\uc785\ud558\uc138\uc694<\/a>.<\/li>\n\n\n\n<li>\ud30c\uc77c\uc744 \ucd94\uac00\ud558\uace0 \uc2f6\uc740 \uc820\ud0a4\ud2b8 collection\uc5d0&nbsp;<a href=\"https:\/\/zenkit.com\/documentation#\/lists\/HJQBQ1Hw\/sections\/S1Kl95zA\/entries\/ryTBjcG0?_k=635o9x\" target=\"_blank\" rel=\"noreferrer noopener\">\ud30c\uc77c \ud544\ub4dc\ub97c \uc0dd\uc131<\/a>\ud558\uc138\uc694.<\/li>\n\n\n\n<li>\ucca8\ubd80\ud560 item\uc758 \uc138\ubd80 \uc815\ubcf4\uc5d0 \uc788\ub294 \u201c\ud30c\uc77c \ucd94\uac00\ud558\uae30\u2026\u201d\ub97c \uc120\ud0dd\ud558\uc138\uc694.<\/li>\n\n\n\n<li>\uc5c5\ub85c\ub4dc \ud31d\uc5c5\ucc3d\uc5d0 \uc788\ub294 \uc635\uc158 \ub9ac\uc2a4\ud2b8\uc5d0\uc11c \ubc15\uc2a4\ub97c \uc120\ud0dd\ud558\uc138\uc694.<\/li>\n\n\n\n<li>\ubc15\uc2a4\uc5d0 \uc788\ub294 \ud30c\uc77c\uc744 \uc120\ud0dd\ud558\uace0 \u2018\uc120\ud0dd\u2019\uc744 \ud074\ub9ad\ud558\uc138\uc694.<\/li>\n\n\n\n<li>\ubc15\uc2a4 \ud30c\uc77c\uc774 \ucca8\ubd80 \ud30c\uc77c \ubaa9\ub85d\uc5d0 \ub098\uc62c \uac83\uc785\ub2c8\ub2e4.<\/li>\n<\/ol>\n<\/div>\n\n\n\n<div style=\"height:48px;--tablet-height:36px;--mobile-height:24px\" class=\"wp-block-lookeen-blocks-responsive-spacer\"><\/div>\n\n\n\n<div class=\"wp-block-group has-global-padding is-layout-constrained wp-block-group-is-layout-constrained\">\n<h3 class=\"wp-block-heading display-h2\">\uace0\uac1d\uc9c0\uc6d0<\/h3>\n\n\n\n<p>\uc774 \ud1b5\ud569\uc740 \uc820\ud0a4\ud2b8\uc5d0\uc11c \uc9c0\uc6d0\ud569\ub2c8\ub2e4. \ubb38\uc81c\uac00 \uc788\uc73c\uc2dc\ub2e4\uba74\u00a0<a href=\"https:\/\/zenkit.com\/ko\/contact\/\" target=\"_blank\" rel=\"noreferrer noopener\">\ubb38\uc758<\/a>\ud558\uc2dc\uae30 \ubc14\ub78d\ub2c8\ub2e4.<\/p>\n<\/div>\n<\/div>\n<\/div>\n<\/div>\n\n\n\n<div style=\"height:110px;--tablet-height:60px;--mobile-height:48px\" class=\"wp-block-lookeen-blocks-responsive-spacer\"><\/div>\n","protected":false},"excerpt":{"rendered":"<p>File Sharing Integrationen \ubc15\uc2a4(Box) &amp; \uc820\ud0a4\ud2b8 \uc820\ud0a4\ud2b8\uc5d0\uc11c \uc9c1\uc811 Box \uacc4\uc815\uc5d0 \uc800\uc7a5\ub41c \ubb38\uc11c\uc5d0 \uc811\uc18d\ud558\uc5ec \ud30c\uc77c\ub4e4\uc744 \uc2e0\uc18d\ud558\uac8c item\uc5d0 \ucca8\ubd80\ud574\ubcf4\uc138\uc694. \ubc15\uc2a4(Box)\uc640 \uc820\ud0a4\ud2b8 \uc5f0\uacb0\ud558\uae30 \uace0\uac1d\uc9c0\uc6d0 \uc774 \ud1b5\ud569\uc740 \uc820\ud0a4\ud2b8\uc5d0\uc11c \uc9c0\uc6d0\ud569\ub2c8\ub2e4. \ubb38\uc81c\uac00 \uc788\uc73c\uc2dc\ub2e4\uba74\u00a0\ubb38\uc758\ud558\uc2dc\uae30 \ubc14\ub78d\ub2c8\ub2e4.<\/p>\n","protected":false},"author":15,"featured_media":0,"parent":144956,"menu_order":11,"comment_status":"closed","ping_status":"closed","template":"","meta":{"yasr_overall_rating":0,"yasr_post_is_review":"","yasr_auto_insert_disabled":"","yasr_review_type":"","footnotes":""},"class_list":["post-144971","page","type-page","status-publish","hentry"],"yoast_head":"<!-- This site is optimized with the Yoast SEO plugin v27.4 - https:\/\/yoast.com\/product\/yoast-seo-wordpress\/ -->\n<title>Box + Zenkit Projects: Dateien zu Aufgaben hinzuf\u00fcgen<\/title>\n<meta name=\"description\" content=\"Sie m\u00f6chten Ihre Daten von Box automatisch f\u00fcr weitere Aufgaben verwenden? Erfahren Sie jetzt mehr \u00fcber die Integration von Box und Zenkit Projects.\" \/>\n<meta name=\"robots\" content=\"index, follow, max-snippet:-1, max-image-preview:large, max-video-preview:-1\" \/>\n<link rel=\"canonical\" href=\"https:\/\/zenkit.com\/ko\/integrations\/box\/\" \/>\n<meta property=\"og:locale\" content=\"ko_KR\" \/>\n<meta property=\"og:type\" content=\"article\" \/>\n<meta property=\"og:title\" content=\"Box + Zenkit Projects: Dateien zu Aufgaben hinzuf\u00fcgen\" \/>\n<meta property=\"og:description\" content=\"Sie m\u00f6chten Ihre Daten von Box automatisch f\u00fcr weitere Aufgaben verwenden? Erfahren Sie jetzt mehr \u00fcber die Integration von Box und Zenkit Projects.\" \/>\n<meta property=\"og:url\" content=\"https:\/\/zenkit.com\/ko\/integrations\/box\/\" \/>\n<meta property=\"og:site_name\" content=\"Zenkit\" \/>\n<meta property=\"article:publisher\" content=\"https:\/\/www.facebook.com\/ZenkitHQ\" \/>\n<meta property=\"article:modified_time\" content=\"2025-11-04T05:53:18+00:00\" \/>\n<meta property=\"og:image\" content=\"https:\/\/zenkit.com\/wp-content\/uploads\/2025\/07\/box-logo.webp\" \/>\n\t<meta property=\"og:image:width\" content=\"625\" \/>\n\t<meta property=\"og:image:height\" content=\"625\" \/>\n\t<meta property=\"og:image:type\" content=\"image\/webp\" \/>\n<meta name=\"twitter:card\" content=\"summary_large_image\" \/>\n<meta name=\"twitter:site\" content=\"@ZenkitHQ\" \/>\n<meta name=\"twitter:label1\" content=\"\uc608\uc0c1 \ub418\ub294 \ud310\ub3c5 \uc2dc\uac04\" \/>\n\t<meta name=\"twitter:data1\" content=\"6\ubd84\" \/>\n<script type=\"application\/ld+json\" class=\"yoast-schema-graph\">{\"@context\":\"https:\\\/\\\/schema.org\",\"@graph\":[{\"@type\":\"WebPage\",\"@id\":\"https:\\\/\\\/zenkit.com\\\/ko\\\/integrations\\\/box\\\/\",\"url\":\"https:\\\/\\\/zenkit.com\\\/ko\\\/integrations\\\/box\\\/\",\"name\":\"Box + Zenkit Projects: Dateien zu Aufgaben hinzuf\u00fcgen\",\"isPartOf\":{\"@id\":\"https:\\\/\\\/zenkit.com\\\/ko\\\/#website\"},\"primaryImageOfPage\":{\"@id\":\"https:\\\/\\\/zenkit.com\\\/ko\\\/integrations\\\/box\\\/#primaryimage\"},\"image\":{\"@id\":\"https:\\\/\\\/zenkit.com\\\/ko\\\/integrations\\\/box\\\/#primaryimage\"},\"thumbnailUrl\":\"https:\\\/\\\/zenkit.com\\\/wp-content\\\/uploads\\\/2025\\\/07\\\/box-logo.webp\",\"datePublished\":\"2021-12-22T15:48:13+00:00\",\"dateModified\":\"2025-11-04T05:53:18+00:00\",\"description\":\"Sie m\u00f6chten Ihre Daten von Box automatisch f\u00fcr weitere Aufgaben verwenden? Erfahren Sie jetzt mehr \u00fcber die Integration von Box und Zenkit Projects.\",\"breadcrumb\":{\"@id\":\"https:\\\/\\\/zenkit.com\\\/ko\\\/integrations\\\/box\\\/#breadcrumb\"},\"inLanguage\":\"ko-KR\",\"potentialAction\":[{\"@type\":\"ReadAction\",\"target\":[\"https:\\\/\\\/zenkit.com\\\/ko\\\/integrations\\\/box\\\/\"]}]},{\"@type\":\"ImageObject\",\"inLanguage\":\"ko-KR\",\"@id\":\"https:\\\/\\\/zenkit.com\\\/ko\\\/integrations\\\/box\\\/#primaryimage\",\"url\":\"https:\\\/\\\/zenkit.com\\\/wp-content\\\/uploads\\\/2025\\\/07\\\/box-logo.webp\",\"contentUrl\":\"https:\\\/\\\/zenkit.com\\\/wp-content\\\/uploads\\\/2025\\\/07\\\/box-logo.webp\"},{\"@type\":\"BreadcrumbList\",\"@id\":\"https:\\\/\\\/zenkit.com\\\/ko\\\/integrations\\\/box\\\/#breadcrumb\",\"itemListElement\":[{\"@type\":\"ListItem\",\"position\":1,\"name\":\"Home\",\"item\":\"https:\\\/\\\/zenkit.com\\\/ko\\\/\"},{\"@type\":\"ListItem\",\"position\":2,\"name\":\"Integrationen\",\"item\":\"https:\\\/\\\/zenkit.com\\\/ko\\\/integrations\\\/\"},{\"@type\":\"ListItem\",\"position\":3,\"name\":\"Box\"}]},{\"@type\":\"WebSite\",\"@id\":\"https:\\\/\\\/zenkit.com\\\/ko\\\/#website\",\"url\":\"https:\\\/\\\/zenkit.com\\\/ko\\\/\",\"name\":\"Zenkit\",\"description\":\"Zenkit Tagline\",\"potentialAction\":[{\"@type\":\"SearchAction\",\"target\":{\"@type\":\"EntryPoint\",\"urlTemplate\":\"https:\\\/\\\/zenkit.com\\\/ko\\\/?s={search_term_string}\"},\"query-input\":{\"@type\":\"PropertyValueSpecification\",\"valueRequired\":true,\"valueName\":\"search_term_string\"}}],\"inLanguage\":\"ko-KR\"},false]}<\/script>\n<!-- \/ Yoast SEO plugin. -->","yoast_head_json":{"title":"Box + Zenkit Projects: Dateien zu Aufgaben hinzuf\u00fcgen","description":"Sie m\u00f6chten Ihre Daten von Box automatisch f\u00fcr weitere Aufgaben verwenden? Erfahren Sie jetzt mehr \u00fcber die Integration von Box und Zenkit Projects.","robots":{"index":"index","follow":"follow","max-snippet":"max-snippet:-1","max-image-preview":"max-image-preview:large","max-video-preview":"max-video-preview:-1"},"canonical":"https:\/\/zenkit.com\/ko\/integrations\/box\/","og_locale":"ko_KR","og_type":"article","og_title":"Box + Zenkit Projects: Dateien zu Aufgaben hinzuf\u00fcgen","og_description":"Sie m\u00f6chten Ihre Daten von Box automatisch f\u00fcr weitere Aufgaben verwenden? Erfahren Sie jetzt mehr \u00fcber die Integration von Box und Zenkit Projects.","og_url":"https:\/\/zenkit.com\/ko\/integrations\/box\/","og_site_name":"Zenkit","article_publisher":"https:\/\/www.facebook.com\/ZenkitHQ","article_modified_time":"2025-11-04T05:53:18+00:00","og_image":[{"width":625,"height":625,"url":"https:\/\/zenkit.com\/wp-content\/uploads\/2025\/07\/box-logo.webp","type":"image\/webp"}],"twitter_card":"summary_large_image","twitter_site":"@ZenkitHQ","twitter_misc":{"\uc608\uc0c1 \ub418\ub294 \ud310\ub3c5 \uc2dc\uac04":"6\ubd84"},"schema":{"@context":"https:\/\/schema.org","@graph":[{"@type":"WebPage","@id":"https:\/\/zenkit.com\/ko\/integrations\/box\/","url":"https:\/\/zenkit.com\/ko\/integrations\/box\/","name":"Box + Zenkit Projects: Dateien zu Aufgaben hinzuf\u00fcgen","isPartOf":{"@id":"https:\/\/zenkit.com\/ko\/#website"},"primaryImageOfPage":{"@id":"https:\/\/zenkit.com\/ko\/integrations\/box\/#primaryimage"},"image":{"@id":"https:\/\/zenkit.com\/ko\/integrations\/box\/#primaryimage"},"thumbnailUrl":"https:\/\/zenkit.com\/wp-content\/uploads\/2025\/07\/box-logo.webp","datePublished":"2021-12-22T15:48:13+00:00","dateModified":"2025-11-04T05:53:18+00:00","description":"Sie m\u00f6chten Ihre Daten von Box automatisch f\u00fcr weitere Aufgaben verwenden? Erfahren Sie jetzt mehr \u00fcber die Integration von Box und Zenkit Projects.","breadcrumb":{"@id":"https:\/\/zenkit.com\/ko\/integrations\/box\/#breadcrumb"},"inLanguage":"ko-KR","potentialAction":[{"@type":"ReadAction","target":["https:\/\/zenkit.com\/ko\/integrations\/box\/"]}]},{"@type":"ImageObject","inLanguage":"ko-KR","@id":"https:\/\/zenkit.com\/ko\/integrations\/box\/#primaryimage","url":"https:\/\/zenkit.com\/wp-content\/uploads\/2025\/07\/box-logo.webp","contentUrl":"https:\/\/zenkit.com\/wp-content\/uploads\/2025\/07\/box-logo.webp"},{"@type":"BreadcrumbList","@id":"https:\/\/zenkit.com\/ko\/integrations\/box\/#breadcrumb","itemListElement":[{"@type":"ListItem","position":1,"name":"Home","item":"https:\/\/zenkit.com\/ko\/"},{"@type":"ListItem","position":2,"name":"Integrationen","item":"https:\/\/zenkit.com\/ko\/integrations\/"},{"@type":"ListItem","position":3,"name":"Box"}]},{"@type":"WebSite","@id":"https:\/\/zenkit.com\/ko\/#website","url":"https:\/\/zenkit.com\/ko\/","name":"Zenkit","description":"Zenkit Tagline","potentialAction":[{"@type":"SearchAction","target":{"@type":"EntryPoint","urlTemplate":"https:\/\/zenkit.com\/ko\/?s={search_term_string}"},"query-input":{"@type":"PropertyValueSpecification","valueRequired":true,"valueName":"search_term_string"}}],"inLanguage":"ko-KR"},false]}},"yasr_visitor_votes":{"stars_attributes":{"read_only":false,"span_bottom":false},"number_of_votes":0,"sum_votes":0},"_links":{"self":[{"href":"https:\/\/zenkit.com\/ko\/wp-json\/wp\/v2\/pages\/144971","targetHints":{"allow":["GET"]}}],"collection":[{"href":"https:\/\/zenkit.com\/ko\/wp-json\/wp\/v2\/pages"}],"about":[{"href":"https:\/\/zenkit.com\/ko\/wp-json\/wp\/v2\/types\/page"}],"author":[{"embeddable":true,"href":"https:\/\/zenkit.com\/ko\/wp-json\/wp\/v2\/users\/15"}],"replies":[{"embeddable":true,"href":"https:\/\/zenkit.com\/ko\/wp-json\/wp\/v2\/comments?post=144971"}],"version-history":[{"count":4,"href":"https:\/\/zenkit.com\/ko\/wp-json\/wp\/v2\/pages\/144971\/revisions"}],"predecessor-version":[{"id":168351,"href":"https:\/\/zenkit.com\/ko\/wp-json\/wp\/v2\/pages\/144971\/revisions\/168351"}],"up":[{"embeddable":true,"href":"https:\/\/zenkit.com\/ko\/wp-json\/wp\/v2\/pages\/144956"}],"wp:attachment":[{"href":"https:\/\/zenkit.com\/ko\/wp-json\/wp\/v2\/media?parent=144971"}],"curies":[{"name":"wp","href":"https:\/\/api.w.org\/{rel}","templated":true}]}}