{"id":144999,"date":"2022-08-31T09:31:53","date_gmt":"2022-08-31T07:31:53","guid":{"rendered":"https:\/\/zenkit.com\/integrationen\/gmail\/"},"modified":"2025-11-04T06:53:18","modified_gmt":"2025-11-04T05:53:18","slug":"gmail","status":"publish","type":"page","link":"https:\/\/zenkit.com\/ko\/integrations\/gmail\/","title":{"rendered":"Gmail"},"content":{"rendered":"\n<div style=\"height:45px;--tablet-height:45px;--mobile-height:16px\" class=\"wp-block-lookeen-blocks-responsive-spacer\"><\/div>\n\n\n\n<div class=\"wp-block-group has-global-padding is-layout-constrained wp-block-group-is-layout-constrained\">\n<div class=\"wp-block-columns is-layout-flex wp-container-core-columns-is-layout-467d341d wp-block-columns-is-layout-flex\" id=\"main__integrations\" style=\"margin-top:0px;margin-bottom:0px\">\n<div class=\"wp-block-column side__bar__integrations is-layout-flow wp-block-column-is-layout-flow\" style=\"flex-basis:23%\">\n<h2 class=\"wp-block-heading has-da-blue-color-new has-text-color has-link-color wp-elements-c64623f592b33334a01c2c57425fade7\" style=\"margin-top:0px;margin-bottom:0px;font-size:16px;line-height:1.5\">Communication Integrations<\/h2>\n\n\n<nav class=\"is-vertical integrations__menu wp-block-navigation is-layout-flex wp-container-core-navigation-is-layout-5f9f5280 wp-block-navigation-is-layout-flex\" aria-label=\"ko-integrations-communication\"><ul class=\"wp-block-navigation__container  is-vertical integrations__menu wp-block-navigation\"><li class=\" wp-block-navigation-item wp-block-navigation-link\"><a class=\"wp-block-navigation-item__content\"  href=\"https:\/\/zenkit.com\/ko\/integrations\/gmail\/\"><span class=\"wp-block-navigation-item__label\">Gmail<\/span><\/a><\/li><li class=\" wp-block-navigation-item wp-block-navigation-link\"><a class=\"wp-block-navigation-item__content\"  href=\"https:\/\/zenkit.com\/ko\/integrations\/microsoft-teams\/\"><span class=\"wp-block-navigation-item__label\">Microsoft Teams<\/span><\/a><\/li><li class=\" wp-block-navigation-item wp-block-navigation-link\"><a class=\"wp-block-navigation-item__content\"  href=\"https:\/\/zenkit.com\/ko\/integrations\/slack\/\"><span class=\"wp-block-navigation-item__label\">Slack<\/span><\/a><\/li><\/ul><\/nav><\/div>\n\n\n\n<div class=\"wp-block-column content__integrations is-layout-flow wp-block-column-is-layout-flow\" style=\"flex-basis:77%\">\n<div class=\"wp-block-group has-global-padding is-layout-constrained wp-block-group-is-layout-constrained\">\n<div class=\"wp-block-group title is-layout-flex wp-container-core-group-is-layout-ed4b00df wp-block-group-is-layout-flex\">\n<figure class=\"wp-block-image size-full is-resized\"><img loading=\"lazy\" decoding=\"async\" width=\"512\" height=\"512\" src=\"https:\/\/zenkit.com\/wp-content\/uploads\/2025\/07\/Gmail-logo.webp\" alt=\"\" class=\"wp-image-118272\" style=\"width:auto;height:46px\" srcset=\"https:\/\/zenkit.com\/wp-content\/uploads\/2025\/07\/Gmail-logo.webp 512w, https:\/\/zenkit.com\/wp-content\/uploads\/2025\/07\/Gmail-logo-300x300.webp 300w, https:\/\/zenkit.com\/wp-content\/uploads\/2025\/07\/Gmail-logo-150x150.webp 150w\" sizes=\"auto, (max-width: 512px) 100vw, 512px\" \/><\/figure>\n\n\n\n<h1 class=\"wp-block-heading\">\uc9c0\uba54\uc77c(Gmail) &amp; Zenkit<\/h1>\n<\/div>\n\n\n\n<div class=\"wp-block-group has-global-padding is-layout-constrained wp-block-group-is-layout-constrained\">\n<p>\uc820\ud0a4\ud2b8\uc640 \uc9c0\uba54\uc77c \uacc4\uc815\uc744 \uc5f0\uacb0\ud558\uc5ec \uc820\ud0a4\ud2b8\uc5d0\uc11c \uc5ec\ub7ec\ubd84\uacfc \ub2e4\ub978 \uc0ac\ub78c\ub4e4\uc5d0\uac8c \uc5c5\ub370\uc774\ud2b8 \uc0ac\ud56d\uc744 \ubcf4\ub0b4\ubcf4\uc138\uc694.<\/p>\n<\/div>\n<\/div>\n\n\n\n<div style=\"height:48px;--tablet-height:36px;--mobile-height:24px\" class=\"wp-block-lookeen-blocks-responsive-spacer\"><\/div>\n\n\n\n<div class=\"wp-block-group has-global-padding is-layout-constrained wp-block-group-is-layout-constrained\">\n<h3 class=\"wp-block-heading display-h2\">\uc9c0\uba54\uc77c(Gmail) \ud1b5\ud569\uc5d0 \uad00\ud558\uc5ec<\/h3>\n\n\n\n<p>\uc774 \uc7ac\ud53c\uc5b4 \ud1b5\ud569\uc740 \uc9c0\uba54\uc77c\uacfc \uc820\ud0a4\ud2b8\ub97c \uc5f0\uacb0\ud558\uc5ec \uc5ec\ub7ec\ubd84\ub4e4\uc758 \uc774\uba54\uc77c, \uc54c\ub9bc, \ub0b4\uac8c \ubcf4\ub0b8 \uba54\uc77c \ub4f1\uc73c\ub85c \uc820\ud0a4\ud2b8 item&lt;\uc744 \uc790\ub3d9\uc73c\ub85c \uc0dd\uc131\ud560 \uc218 \uc788\uc2b5\ub2c8\ub2e4.<\/p>\n<\/div>\n\n\n\n<div style=\"height:48px;--tablet-height:36px;--mobile-height:24px\" class=\"wp-block-lookeen-blocks-responsive-spacer\"><\/div>\n\n\n\n<div class=\"wp-block-group has-global-padding is-layout-constrained wp-block-group-is-layout-constrained\">\n<h3 class=\"wp-block-heading display-h2\">\uc9c0\uba54\uc77c(Gmail)\uacfc \uc820\ud0a4\ud2b8 \uc5f0\uacb0\ud558\uae30<\/h3>\n\n\n\n<ol class=\"wp-block-list list__style__position-inside\">\n<li><a href=\"https:\/\/zapier.com\/sign-up\/\" target=\"_blank\" rel=\"noreferrer noopener\">\uc7ac\ud53c\uc5b4\uc5d0 \uac00\uc785<\/a>\ud558\uace0 \uc811\uc18d\ud558\uc138\uc694.<\/li>\n\n\n\n<li><a href=\"https:\/\/accounts.google.com\/signup\/v2\/webcreateaccount?hl=en&amp;flowName=GlifWebSignIn&amp;flowEntry=SignUp\" target=\"_blank\" rel=\"noreferrer noopener\">\uad6c\uae00\uc5d0 \uac00\uc785<\/a>\ud558\uace0 \uc9c0\uba54\uc77c\uc5d0 \uc811\uc18d\ud558\uc138\uc694.<\/li>\n\n\n\n<li>\uc7ac\ud53c\uc5b4\uc5d0 \ub85c\uadf8\uc778\ud558\uace0 &gt;<a href=\"https:\/\/zapier.com\/zapbook\/zenkit\/gmail\" target=\"_blank\" rel=\"noreferrer noopener\">\uc820\ud0a4\ud2b8 + \uc9c0\uba54\uc77c Zapbook<\/a>\uc5d0\uc11c Zap \ud15c\ud50c\ub9bf\uc744 \ucc3e\uc544\ubcf4\uc138\uc694.<\/li>\n\n\n\n<li>\ub610\ub294 Zap \uc0dd\uc131\ud558\uae30\ub97c \uc120\ud0dd\ud558\uc5ec \uc5ec\ub7ec\ubd84\ub9cc\uc758 \uc820\ud0a4\ud2b8\uc640 \uc9c0\uba54\uc77c \ud1b5\ud569\uc744 \ub9cc\ub4e4\uc5b4 \ubcf4\uc138\uc694.<\/li>\n<\/ol>\n<\/div>\n\n\n\n<div style=\"height:48px;--tablet-height:36px;--mobile-height:24px\" class=\"wp-block-lookeen-blocks-responsive-spacer\"><\/div>\n\n\n\n<div class=\"wp-block-group has-global-padding is-layout-constrained wp-block-group-is-layout-constrained\">\n<h3 class=\"wp-block-heading display-h2\">\ud1b5\ud569 \uc81c\uc548<\/h3>\n\n\n\n<script type=\"text\/javascript\" src=\"https:\/\/zapier.com\/zapbook\/embed\/widget.js?guided_zaps=15848\"><\/script>\n\n\n\n<div style=\"margin-top:0px;margin-bottom:0px;height:24px\" aria-hidden=\"true\" class=\"wp-block-spacer\"><\/div>\n\n\n\n<script type=\"text\/javascript\" src=\"https:\/\/zapier.com\/zapbook\/embed\/widget.js?guided_zaps=15714\"><\/script>\n<\/div>\n\n\n\n<div style=\"height:48px;--tablet-height:36px;--mobile-height:24px\" class=\"wp-block-lookeen-blocks-responsive-spacer\"><\/div>\n\n\n\n<div class=\"wp-block-group has-global-padding is-layout-constrained wp-block-group-is-layout-constrained\">\n<h3 class=\"wp-block-heading display-h2\">\uace0\uac1d\uc9c0\uc6d0<\/h3>\n\n\n\n<p>\uc774 \ud1b5\ud569\uc740 \uc7ac\ud53c\uc5b4\uc5d0\uc11c \uc9c0\uc6d0\ub429\ub2c8\ub2e4. \ub9cc\uc57d \ubb38\uc81c\uac00 \uc788\uc73c\uc2dc\ub2e4\uba74<a href=\"https:\/\/zapier.com\/app\/contact-us\" target=\"_blank\" rel=\"noreferrer noopener\">\uc7ac\ud53c\uc5b4 \uace0\uac1d\uc13c\ud130<\/a>\uc5d0 \ubb38\uc758\ud574\uc8fc\uc138\uc694. \uc7ac\ud53c\uc5b4\uc640 \uc820\ud0a4\ud2b8 \uc0ac\uc6a9\ubc95\uc5d0 \ub300\ud55c \ub354 \uc790\uc138\ud55c \uc815\ubcf4\uac00 \ud544\uc694\ud558\uc2dc\ub2e4\uba74 \uc774&nbsp;<a href=\"https:\/\/zenkit.com\/documentation#\/lists\/HJQBQ1Hw\/sections\/SJYE55zA\/entries\/BJGOKQtA?_k=hyyynn\" target=\"_blank\" rel=\"noreferrer noopener\">\ubb38\uc11c<\/a>\ub97c \uc77d\uc5b4\uc8fc\uc2dc\uae30 \ubc14\ub78d\ub2c8\ub2e4.<\/p>\n<\/div>\n<\/div>\n<\/div>\n<\/div>\n\n\n\n<div style=\"height:110px;--tablet-height:60px;--mobile-height:48px\" class=\"wp-block-lookeen-blocks-responsive-spacer\"><\/div>\n","protected":false},"excerpt":{"rendered":"<p>Communication Integrations \uc9c0\uba54\uc77c(Gmail) &amp; Zenkit \uc820\ud0a4\ud2b8\uc640 \uc9c0\uba54\uc77c \uacc4\uc815\uc744 \uc5f0\uacb0\ud558\uc5ec \uc820\ud0a4\ud2b8\uc5d0\uc11c \uc5ec\ub7ec\ubd84\uacfc \ub2e4\ub978 \uc0ac\ub78c\ub4e4\uc5d0\uac8c \uc5c5\ub370\uc774\ud2b8 \uc0ac\ud56d\uc744 \ubcf4\ub0b4\ubcf4\uc138\uc694. \uc9c0\uba54\uc77c(Gmail) \ud1b5\ud569\uc5d0 \uad00\ud558\uc5ec \uc774 \uc7ac\ud53c\uc5b4 \ud1b5\ud569\uc740 \uc9c0\uba54\uc77c\uacfc \uc820\ud0a4\ud2b8\ub97c \uc5f0\uacb0\ud558\uc5ec \uc5ec\ub7ec\ubd84\ub4e4\uc758 \uc774\uba54\uc77c, \uc54c\ub9bc, \ub0b4\uac8c \ubcf4\ub0b8 \uba54\uc77c \ub4f1\uc73c\ub85c \uc820\ud0a4\ud2b8 item&lt;\uc744 \uc790\ub3d9\uc73c\ub85c \uc0dd\uc131\ud560 \uc218 \uc788\uc2b5\ub2c8\ub2e4. \uc9c0\uba54\uc77c(Gmail)\uacfc \uc820\ud0a4\ud2b8 \uc5f0\uacb0\ud558\uae30 \ud1b5\ud569 \uc81c\uc548 \uace0\uac1d\uc9c0\uc6d0 \uc774 \ud1b5\ud569\uc740 \uc7ac\ud53c\uc5b4\uc5d0\uc11c \uc9c0\uc6d0\ub429\ub2c8\ub2e4. \ub9cc\uc57d \ubb38\uc81c\uac00 \uc788\uc73c\uc2dc\ub2e4\uba74\uc7ac\ud53c\uc5b4 \uace0\uac1d\uc13c\ud130\uc5d0 \ubb38\uc758\ud574\uc8fc\uc138\uc694. \uc7ac\ud53c\uc5b4\uc640 \uc820\ud0a4\ud2b8 [&hellip;]<\/p>\n","protected":false},"author":15,"featured_media":0,"parent":144956,"menu_order":13,"comment_status":"closed","ping_status":"closed","template":"","meta":{"yasr_overall_rating":0,"yasr_post_is_review":"","yasr_auto_insert_disabled":"","yasr_review_type":"","footnotes":""},"class_list":["post-144999","page","type-page","status-publish","hentry"],"yoast_head":"<!-- This site is optimized with the Yoast SEO plugin v27.3 - https:\/\/yoast.com\/product\/yoast-seo-wordpress\/ -->\n<title>Gmail | Zenkit<\/title>\n<meta name=\"description\" content=\"Sie m\u00f6chten \u00c4nderungen bez\u00fcglich Aufgaben direkt per E-mail an Ihre Teammitglieder senden? Erfahren Sie jetzt mehr \u00fcber die Zenkit und Gmail Integration.\" \/>\n<meta name=\"robots\" content=\"index, follow, max-snippet:-1, max-image-preview:large, max-video-preview:-1\" \/>\n<link rel=\"canonical\" href=\"https:\/\/zenkit.com\/ko\/integrations\/gmail\/\" \/>\n<meta property=\"og:locale\" content=\"ko_KR\" \/>\n<meta property=\"og:type\" content=\"article\" \/>\n<meta property=\"og:title\" content=\"Gmail | Zenkit\" \/>\n<meta property=\"og:description\" content=\"Sie m\u00f6chten \u00c4nderungen bez\u00fcglich Aufgaben direkt per E-mail an Ihre Teammitglieder senden? Erfahren Sie jetzt mehr \u00fcber die Zenkit und Gmail Integration.\" \/>\n<meta property=\"og:url\" content=\"https:\/\/zenkit.com\/ko\/integrations\/gmail\/\" \/>\n<meta property=\"og:site_name\" content=\"Zenkit\" \/>\n<meta property=\"article:publisher\" content=\"https:\/\/www.facebook.com\/ZenkitHQ\" \/>\n<meta property=\"article:modified_time\" content=\"2025-11-04T05:53:18+00:00\" \/>\n<meta property=\"og:image\" content=\"https:\/\/zenkit.com\/wp-content\/uploads\/2025\/07\/Gmail-logo.webp\" \/>\n\t<meta property=\"og:image:width\" content=\"512\" \/>\n\t<meta property=\"og:image:height\" content=\"512\" \/>\n\t<meta property=\"og:image:type\" content=\"image\/webp\" \/>\n<meta name=\"twitter:card\" content=\"summary_large_image\" \/>\n<meta name=\"twitter:site\" content=\"@ZenkitHQ\" \/>\n<meta name=\"twitter:label1\" content=\"\uc608\uc0c1 \ub418\ub294 \ud310\ub3c5 \uc2dc\uac04\" \/>\n\t<meta name=\"twitter:data1\" content=\"5\ubd84\" \/>\n<script type=\"application\/ld+json\" class=\"yoast-schema-graph\">{\"@context\":\"https:\\\/\\\/schema.org\",\"@graph\":[{\"@type\":\"WebPage\",\"@id\":\"https:\\\/\\\/zenkit.com\\\/ko\\\/integrations\\\/gmail\\\/\",\"url\":\"https:\\\/\\\/zenkit.com\\\/ko\\\/integrations\\\/gmail\\\/\",\"name\":\"Gmail | Zenkit\",\"isPartOf\":{\"@id\":\"https:\\\/\\\/zenkit.com\\\/ko\\\/#website\"},\"primaryImageOfPage\":{\"@id\":\"https:\\\/\\\/zenkit.com\\\/ko\\\/integrations\\\/gmail\\\/#primaryimage\"},\"image\":{\"@id\":\"https:\\\/\\\/zenkit.com\\\/ko\\\/integrations\\\/gmail\\\/#primaryimage\"},\"thumbnailUrl\":\"https:\\\/\\\/zenkit.com\\\/wp-content\\\/uploads\\\/2025\\\/07\\\/Gmail-logo.webp\",\"datePublished\":\"2022-08-31T07:31:53+00:00\",\"dateModified\":\"2025-11-04T05:53:18+00:00\",\"description\":\"Sie m\u00f6chten \u00c4nderungen bez\u00fcglich Aufgaben direkt per E-mail an Ihre Teammitglieder senden? Erfahren Sie jetzt mehr \u00fcber die Zenkit und Gmail Integration.\",\"breadcrumb\":{\"@id\":\"https:\\\/\\\/zenkit.com\\\/ko\\\/integrations\\\/gmail\\\/#breadcrumb\"},\"inLanguage\":\"ko-KR\",\"potentialAction\":[{\"@type\":\"ReadAction\",\"target\":[\"https:\\\/\\\/zenkit.com\\\/ko\\\/integrations\\\/gmail\\\/\"]}]},{\"@type\":\"ImageObject\",\"inLanguage\":\"ko-KR\",\"@id\":\"https:\\\/\\\/zenkit.com\\\/ko\\\/integrations\\\/gmail\\\/#primaryimage\",\"url\":\"https:\\\/\\\/zenkit.com\\\/wp-content\\\/uploads\\\/2025\\\/07\\\/Gmail-logo.webp\",\"contentUrl\":\"https:\\\/\\\/zenkit.com\\\/wp-content\\\/uploads\\\/2025\\\/07\\\/Gmail-logo.webp\"},{\"@type\":\"BreadcrumbList\",\"@id\":\"https:\\\/\\\/zenkit.com\\\/ko\\\/integrations\\\/gmail\\\/#breadcrumb\",\"itemListElement\":[{\"@type\":\"ListItem\",\"position\":1,\"name\":\"Home\",\"item\":\"https:\\\/\\\/zenkit.com\\\/ko\\\/\"},{\"@type\":\"ListItem\",\"position\":2,\"name\":\"Integrationen\",\"item\":\"https:\\\/\\\/zenkit.com\\\/ko\\\/integrations\\\/\"},{\"@type\":\"ListItem\",\"position\":3,\"name\":\"Gmail\"}]},{\"@type\":\"WebSite\",\"@id\":\"https:\\\/\\\/zenkit.com\\\/ko\\\/#website\",\"url\":\"https:\\\/\\\/zenkit.com\\\/ko\\\/\",\"name\":\"Zenkit\",\"description\":\"Zenkit Tagline\",\"potentialAction\":[{\"@type\":\"SearchAction\",\"target\":{\"@type\":\"EntryPoint\",\"urlTemplate\":\"https:\\\/\\\/zenkit.com\\\/ko\\\/?s={search_term_string}\"},\"query-input\":{\"@type\":\"PropertyValueSpecification\",\"valueRequired\":true,\"valueName\":\"search_term_string\"}}],\"inLanguage\":\"ko-KR\"},false]}<\/script>\n<!-- \/ Yoast SEO plugin. -->","yoast_head_json":{"title":"Gmail | Zenkit","description":"Sie m\u00f6chten \u00c4nderungen bez\u00fcglich Aufgaben direkt per E-mail an Ihre Teammitglieder senden? Erfahren Sie jetzt mehr \u00fcber die Zenkit und Gmail Integration.","robots":{"index":"index","follow":"follow","max-snippet":"max-snippet:-1","max-image-preview":"max-image-preview:large","max-video-preview":"max-video-preview:-1"},"canonical":"https:\/\/zenkit.com\/ko\/integrations\/gmail\/","og_locale":"ko_KR","og_type":"article","og_title":"Gmail | Zenkit","og_description":"Sie m\u00f6chten \u00c4nderungen bez\u00fcglich Aufgaben direkt per E-mail an Ihre Teammitglieder senden? Erfahren Sie jetzt mehr \u00fcber die Zenkit und Gmail Integration.","og_url":"https:\/\/zenkit.com\/ko\/integrations\/gmail\/","og_site_name":"Zenkit","article_publisher":"https:\/\/www.facebook.com\/ZenkitHQ","article_modified_time":"2025-11-04T05:53:18+00:00","og_image":[{"width":512,"height":512,"url":"https:\/\/zenkit.com\/wp-content\/uploads\/2025\/07\/Gmail-logo.webp","type":"image\/webp"}],"twitter_card":"summary_large_image","twitter_site":"@ZenkitHQ","twitter_misc":{"\uc608\uc0c1 \ub418\ub294 \ud310\ub3c5 \uc2dc\uac04":"5\ubd84"},"schema":{"@context":"https:\/\/schema.org","@graph":[{"@type":"WebPage","@id":"https:\/\/zenkit.com\/ko\/integrations\/gmail\/","url":"https:\/\/zenkit.com\/ko\/integrations\/gmail\/","name":"Gmail | Zenkit","isPartOf":{"@id":"https:\/\/zenkit.com\/ko\/#website"},"primaryImageOfPage":{"@id":"https:\/\/zenkit.com\/ko\/integrations\/gmail\/#primaryimage"},"image":{"@id":"https:\/\/zenkit.com\/ko\/integrations\/gmail\/#primaryimage"},"thumbnailUrl":"https:\/\/zenkit.com\/wp-content\/uploads\/2025\/07\/Gmail-logo.webp","datePublished":"2022-08-31T07:31:53+00:00","dateModified":"2025-11-04T05:53:18+00:00","description":"Sie m\u00f6chten \u00c4nderungen bez\u00fcglich Aufgaben direkt per E-mail an Ihre Teammitglieder senden? Erfahren Sie jetzt mehr \u00fcber die Zenkit und Gmail Integration.","breadcrumb":{"@id":"https:\/\/zenkit.com\/ko\/integrations\/gmail\/#breadcrumb"},"inLanguage":"ko-KR","potentialAction":[{"@type":"ReadAction","target":["https:\/\/zenkit.com\/ko\/integrations\/gmail\/"]}]},{"@type":"ImageObject","inLanguage":"ko-KR","@id":"https:\/\/zenkit.com\/ko\/integrations\/gmail\/#primaryimage","url":"https:\/\/zenkit.com\/wp-content\/uploads\/2025\/07\/Gmail-logo.webp","contentUrl":"https:\/\/zenkit.com\/wp-content\/uploads\/2025\/07\/Gmail-logo.webp"},{"@type":"BreadcrumbList","@id":"https:\/\/zenkit.com\/ko\/integrations\/gmail\/#breadcrumb","itemListElement":[{"@type":"ListItem","position":1,"name":"Home","item":"https:\/\/zenkit.com\/ko\/"},{"@type":"ListItem","position":2,"name":"Integrationen","item":"https:\/\/zenkit.com\/ko\/integrations\/"},{"@type":"ListItem","position":3,"name":"Gmail"}]},{"@type":"WebSite","@id":"https:\/\/zenkit.com\/ko\/#website","url":"https:\/\/zenkit.com\/ko\/","name":"Zenkit","description":"Zenkit Tagline","potentialAction":[{"@type":"SearchAction","target":{"@type":"EntryPoint","urlTemplate":"https:\/\/zenkit.com\/ko\/?s={search_term_string}"},"query-input":{"@type":"PropertyValueSpecification","valueRequired":true,"valueName":"search_term_string"}}],"inLanguage":"ko-KR"},false]}},"yasr_visitor_votes":{"stars_attributes":{"read_only":false,"span_bottom":false},"number_of_votes":0,"sum_votes":0},"_links":{"self":[{"href":"https:\/\/zenkit.com\/ko\/wp-json\/wp\/v2\/pages\/144999","targetHints":{"allow":["GET"]}}],"collection":[{"href":"https:\/\/zenkit.com\/ko\/wp-json\/wp\/v2\/pages"}],"about":[{"href":"https:\/\/zenkit.com\/ko\/wp-json\/wp\/v2\/types\/page"}],"author":[{"embeddable":true,"href":"https:\/\/zenkit.com\/ko\/wp-json\/wp\/v2\/users\/15"}],"replies":[{"embeddable":true,"href":"https:\/\/zenkit.com\/ko\/wp-json\/wp\/v2\/comments?post=144999"}],"version-history":[{"count":2,"href":"https:\/\/zenkit.com\/ko\/wp-json\/wp\/v2\/pages\/144999\/revisions"}],"predecessor-version":[{"id":152070,"href":"https:\/\/zenkit.com\/ko\/wp-json\/wp\/v2\/pages\/144999\/revisions\/152070"}],"up":[{"embeddable":true,"href":"https:\/\/zenkit.com\/ko\/wp-json\/wp\/v2\/pages\/144956"}],"wp:attachment":[{"href":"https:\/\/zenkit.com\/ko\/wp-json\/wp\/v2\/media?parent=144999"}],"curies":[{"name":"wp","href":"https:\/\/api.w.org\/{rel}","templated":true}]}}